{"id":2094,"date":"2024-02-21T09:14:56","date_gmt":"2024-02-21T08:14:56","guid":{"rendered":"https:\/\/ellados-shop.com\/einkaufswagen\/"},"modified":"2024-05-02T16:28:20","modified_gmt":"2024-05-02T14:28:20","slug":"einkaufswagen","status":"publish","type":"page","link":"https:\/\/ellados-shop.com\/de\/einkaufswagen\/","title":{"rendered":"Tasche"},"content":{"rendered":"\t\t<div data-elementor-type=\"wp-page\" data-elementor-id=\"2094\" class=\"elementor elementor-2094 elementor-879\" data-elementor-post-type=\"page\">\n\t\t\t\t<div class=\"elementor-element elementor-element-4b4b9f6 e-flex e-con-boxed e-con e-parent\" data-id=\"4b4b9f6\" data-element_type=\"container\">\n\t\t\t\t\t<div class=\"e-con-inner\">\n\t\t\t\t<div class=\"elementor-element elementor-element-68a28bd e-cart-layout-two-column elementor-widget elementor-widget-woocommerce-cart\" data-id=\"68a28bd\" data-element_type=\"widget\" data-widget_type=\"woocommerce-cart.default\">\n\t\t\t\t<div class=\"elementor-widget-container\">\n\t\t\t<div class=\"woocommerce\"><div class=\"woocommerce-notices-wrapper\"><\/div><div class=\"wc-empty-cart-message\">\n\t<div class=\"cart-empty woocommerce-info\" role=\"status\">\n\t\tDein Warenkorb ist gegenw\u00e4rtig leer.\t<\/div>\n<\/div>\t<p class=\"return-to-shop\">\n\t\t<a class=\"button wc-backward\" href=\"https:\/\/ellados-shop.com\/boutique\/\">\n\t\t\tZur\u00fcck zum Shop\t\t<\/a>\n\t<\/p>\n<\/div>\t\t<\/div>\n\t\t\t\t<\/div>\n\t\t\t\t\t<\/div>\n\t\t\t\t<\/div>\n\t\t\t\t<\/div>\n\t\t","protected":false},"excerpt":{"rendered":"<p>Supprimer l\u2019\u00e9l\u00e9ment Miniature Produit Prix Quantit\u00e9 Sous-total &times; Feuilles de Vignes Farcies 100 % Bio &#8222;Marianna&#8217;s&#8220; 6,35&nbsp;&euro; quantit\u00e9 de Feuilles de Vignes Farcies 100 % Bio &quot;Marianna&#039;s&quot;&nbsp; 6,35&nbsp;&euro; Tasche aktualisieren Promo-Code anwenden Summen Sous-total 6,35&nbsp;&euro; Exp\u00e9dition Mondial Relay: 7,00&nbsp;&euro; Chrono Relais express: 8,50&nbsp;&euro; Colissimo: 10,00&nbsp;&euro; Livraison \u00e0 fsdfqfvsdqevgefsv, 63100 CLERMONT FERRAND. Modifier l\u2019adresse Pays\/r\u00e9gion\u00a0: S\u00e9lectionner [&hellip;]<\/p>\n","protected":false},"author":50,"featured_media":0,"parent":0,"menu_order":0,"comment_status":"closed","ping_status":"closed","template":"","meta":{"footnotes":""},"class_list":["post-2094","page","type-page","status-publish","hentry"],"yoast_head":"<!-- This site is optimized with the Yoast SEO plugin v26.8 - https:\/\/yoast.com\/product\/yoast-seo-wordpress\/ -->\n<title>Tasche - Ellados<\/title>\n<meta name=\"robots\" content=\"index, follow, max-snippet:-1, max-image-preview:large, max-video-preview:-1\" \/>\n<link rel=\"canonical\" href=\"https:\/\/ellados-shop.com\/de\/einkaufswagen\/\" \/>\n<meta property=\"og:locale\" content=\"de_DE\" \/>\n<meta property=\"og:type\" content=\"article\" \/>\n<meta property=\"og:title\" content=\"Tasche - Ellados\" \/>\n<meta property=\"og:description\" content=\"Supprimer l\u2019\u00e9l\u00e9ment Miniature Produit Prix Quantit\u00e9 Sous-total &times; Feuilles de Vignes Farcies 100 % Bio &#8222;Marianna&#8217;s&#8220; 6,35&nbsp;&euro; quantit\u00e9 de Feuilles de Vignes Farcies 100 % Bio &quot;Marianna&#039;s&quot;&nbsp; 6,35&nbsp;&euro; Tasche aktualisieren Promo-Code anwenden Summen Sous-total 6,35&nbsp;&euro; Exp\u00e9dition Mondial Relay: 7,00&nbsp;&euro; Chrono Relais express: 8,50&nbsp;&euro; Colissimo: 10,00&nbsp;&euro; Livraison \u00e0 fsdfqfvsdqevgefsv, 63100 CLERMONT FERRAND. Modifier l\u2019adresse Pays\/r\u00e9gion\u00a0: S\u00e9lectionner [&hellip;]\" \/>\n<meta property=\"og:url\" content=\"https:\/\/ellados-shop.com\/de\/einkaufswagen\/\" \/>\n<meta property=\"og:site_name\" content=\"Ellados\" \/>\n<meta property=\"article:modified_time\" content=\"2024-05-02T14:28:20+00:00\" \/>\n<meta property=\"og:image\" content=\"https:\/\/ellados-shop.com\/wp-content\/uploads\/FEUILLES-DE-VIGNES-FARCIES-300x400.png\" \/>\n<meta name=\"twitter:card\" content=\"summary_large_image\" \/>\n<script type=\"application\/ld+json\" class=\"yoast-schema-graph\">{\"@context\":\"https:\/\/schema.org\",\"@graph\":[{\"@type\":\"WebPage\",\"@id\":\"https:\/\/ellados-shop.com\/de\/einkaufswagen\/\",\"url\":\"https:\/\/ellados-shop.com\/de\/einkaufswagen\/\",\"name\":\"Tasche - Ellados\",\"isPartOf\":{\"@id\":\"https:\/\/ellados-shop.com\/de\/#website\"},\"primaryImageOfPage\":{\"@id\":\"https:\/\/ellados-shop.com\/de\/einkaufswagen\/#primaryimage\"},\"image\":{\"@id\":\"https:\/\/ellados-shop.com\/de\/einkaufswagen\/#primaryimage\"},\"thumbnailUrl\":\"https:\/\/ellados-shop.com\/wp-content\/uploads\/FEUILLES-DE-VIGNES-FARCIES-300x400.png\",\"datePublished\":\"2024-02-21T08:14:56+00:00\",\"dateModified\":\"2024-05-02T14:28:20+00:00\",\"breadcrumb\":{\"@id\":\"https:\/\/ellados-shop.com\/de\/einkaufswagen\/#breadcrumb\"},\"inLanguage\":\"de\",\"potentialAction\":[{\"@type\":\"ReadAction\",\"target\":[\"https:\/\/ellados-shop.com\/de\/einkaufswagen\/\"]}]},{\"@type\":\"ImageObject\",\"inLanguage\":\"de\",\"@id\":\"https:\/\/ellados-shop.com\/de\/einkaufswagen\/#primaryimage\",\"url\":\"https:\/\/ellados-shop.com\/wp-content\/uploads\/FEUILLES-DE-VIGNES-FARCIES-300x400.png\",\"contentUrl\":\"https:\/\/ellados-shop.com\/wp-content\/uploads\/FEUILLES-DE-VIGNES-FARCIES-300x400.png\"},{\"@type\":\"BreadcrumbList\",\"@id\":\"https:\/\/ellados-shop.com\/de\/einkaufswagen\/#breadcrumb\",\"itemListElement\":[{\"@type\":\"ListItem\",\"position\":1,\"name\":\"Accueil\",\"item\":\"https:\/\/ellados-shop.com\/de\/accueil-v2\/\"},{\"@type\":\"ListItem\",\"position\":2,\"name\":\"Tasche\"}]},{\"@type\":\"WebSite\",\"@id\":\"https:\/\/ellados-shop.com\/de\/#website\",\"url\":\"https:\/\/ellados-shop.com\/de\/\",\"name\":\"Ellados\",\"description\":\"\",\"potentialAction\":[{\"@type\":\"SearchAction\",\"target\":{\"@type\":\"EntryPoint\",\"urlTemplate\":\"https:\/\/ellados-shop.com\/de\/?s={search_term_string}\"},\"query-input\":{\"@type\":\"PropertyValueSpecification\",\"valueRequired\":true,\"valueName\":\"search_term_string\"}}],\"inLanguage\":\"de\"}]}<\/script>\n<!-- \/ Yoast SEO plugin. -->","yoast_head_json":{"title":"Tasche - Ellados","robots":{"index":"index","follow":"follow","max-snippet":"max-snippet:-1","max-image-preview":"max-image-preview:large","max-video-preview":"max-video-preview:-1"},"canonical":"https:\/\/ellados-shop.com\/de\/einkaufswagen\/","og_locale":"de_DE","og_type":"article","og_title":"Tasche - Ellados","og_description":"Supprimer l\u2019\u00e9l\u00e9ment Miniature Produit Prix Quantit\u00e9 Sous-total &times; Feuilles de Vignes Farcies 100 % Bio &#8222;Marianna&#8217;s&#8220; 6,35&nbsp;&euro; quantit\u00e9 de Feuilles de Vignes Farcies 100 % Bio &quot;Marianna&#039;s&quot;&nbsp; 6,35&nbsp;&euro; Tasche aktualisieren Promo-Code anwenden Summen Sous-total 6,35&nbsp;&euro; Exp\u00e9dition Mondial Relay: 7,00&nbsp;&euro; Chrono Relais express: 8,50&nbsp;&euro; Colissimo: 10,00&nbsp;&euro; Livraison \u00e0 fsdfqfvsdqevgefsv, 63100 CLERMONT FERRAND. Modifier l\u2019adresse Pays\/r\u00e9gion\u00a0: S\u00e9lectionner [&hellip;]","og_url":"https:\/\/ellados-shop.com\/de\/einkaufswagen\/","og_site_name":"Ellados","article_modified_time":"2024-05-02T14:28:20+00:00","og_image":[{"url":"https:\/\/ellados-shop.com\/wp-content\/uploads\/FEUILLES-DE-VIGNES-FARCIES-300x400.png","type":"","width":"","height":""}],"twitter_card":"summary_large_image","schema":{"@context":"https:\/\/schema.org","@graph":[{"@type":"WebPage","@id":"https:\/\/ellados-shop.com\/de\/einkaufswagen\/","url":"https:\/\/ellados-shop.com\/de\/einkaufswagen\/","name":"Tasche - Ellados","isPartOf":{"@id":"https:\/\/ellados-shop.com\/de\/#website"},"primaryImageOfPage":{"@id":"https:\/\/ellados-shop.com\/de\/einkaufswagen\/#primaryimage"},"image":{"@id":"https:\/\/ellados-shop.com\/de\/einkaufswagen\/#primaryimage"},"thumbnailUrl":"https:\/\/ellados-shop.com\/wp-content\/uploads\/FEUILLES-DE-VIGNES-FARCIES-300x400.png","datePublished":"2024-02-21T08:14:56+00:00","dateModified":"2024-05-02T14:28:20+00:00","breadcrumb":{"@id":"https:\/\/ellados-shop.com\/de\/einkaufswagen\/#breadcrumb"},"inLanguage":"de","potentialAction":[{"@type":"ReadAction","target":["https:\/\/ellados-shop.com\/de\/einkaufswagen\/"]}]},{"@type":"ImageObject","inLanguage":"de","@id":"https:\/\/ellados-shop.com\/de\/einkaufswagen\/#primaryimage","url":"https:\/\/ellados-shop.com\/wp-content\/uploads\/FEUILLES-DE-VIGNES-FARCIES-300x400.png","contentUrl":"https:\/\/ellados-shop.com\/wp-content\/uploads\/FEUILLES-DE-VIGNES-FARCIES-300x400.png"},{"@type":"BreadcrumbList","@id":"https:\/\/ellados-shop.com\/de\/einkaufswagen\/#breadcrumb","itemListElement":[{"@type":"ListItem","position":1,"name":"Accueil","item":"https:\/\/ellados-shop.com\/de\/accueil-v2\/"},{"@type":"ListItem","position":2,"name":"Tasche"}]},{"@type":"WebSite","@id":"https:\/\/ellados-shop.com\/de\/#website","url":"https:\/\/ellados-shop.com\/de\/","name":"Ellados","description":"","potentialAction":[{"@type":"SearchAction","target":{"@type":"EntryPoint","urlTemplate":"https:\/\/ellados-shop.com\/de\/?s={search_term_string}"},"query-input":{"@type":"PropertyValueSpecification","valueRequired":true,"valueName":"search_term_string"}}],"inLanguage":"de"}]}},"_links":{"self":[{"href":"https:\/\/ellados-shop.com\/de\/wp-json\/wp\/v2\/pages\/2094","targetHints":{"allow":["GET"]}}],"collection":[{"href":"https:\/\/ellados-shop.com\/de\/wp-json\/wp\/v2\/pages"}],"about":[{"href":"https:\/\/ellados-shop.com\/de\/wp-json\/wp\/v2\/types\/page"}],"author":[{"embeddable":true,"href":"https:\/\/ellados-shop.com\/de\/wp-json\/wp\/v2\/users\/50"}],"replies":[{"embeddable":true,"href":"https:\/\/ellados-shop.com\/de\/wp-json\/wp\/v2\/comments?post=2094"}],"version-history":[{"count":0,"href":"https:\/\/ellados-shop.com\/de\/wp-json\/wp\/v2\/pages\/2094\/revisions"}],"wp:attachment":[{"href":"https:\/\/ellados-shop.com\/de\/wp-json\/wp\/v2\/media?parent=2094"}],"curies":[{"name":"wp","href":"https:\/\/api.w.org\/{rel}","templated":true}]}}