{"id":2096,"date":"2024-02-21T09:14:56","date_gmt":"2024-02-21T08:14:56","guid":{"rendered":"https:\/\/ellados-shop.com\/mein-account\/"},"modified":"2024-07-02T11:06:56","modified_gmt":"2024-07-02T09:06:56","slug":"mein-account","status":"publish","type":"page","link":"https:\/\/ellados-shop.com\/de\/mein-account\/","title":{"rendered":"Mein Konto"},"content":{"rendered":"\t\t<div data-elementor-type=\"wp-page\" data-elementor-id=\"2096\" class=\"elementor elementor-2096 elementor-881\" data-elementor-post-type=\"page\">\n\t\t\t\t<div class=\"elementor-element elementor-element-baadcaa e-flex e-con-boxed e-con e-parent\" data-id=\"baadcaa\" data-element_type=\"container\">\n\t\t\t\t\t<div class=\"e-con-inner\">\n\t\t\t\t<div class=\"elementor-element elementor-element-10951b6 e-my-account-tabs-vertical elementor-widget elementor-widget-woocommerce-my-account\" data-id=\"10951b6\" data-element_type=\"widget\" data-widget_type=\"woocommerce-my-account.default\">\n\t\t\t\t<div class=\"elementor-widget-container\">\n\t\t\t<div class=\"e-my-account-tab e-my-account-tab__ \">\t\t\t<div class=\"woocommerce\"><div class=\"woocommerce-notices-wrapper\"><\/div>\n\n<div class=\"u-columns col2-set\" id=\"customer_login\">\n\n\t<div class=\"u-column1 col-1\">\n\n\n\t\t<h2>Anmelden<\/h2>\n\n\t\t<form class=\"woocommerce-form woocommerce-form-login login\" method=\"post\" novalidate>\n\n\t\t\t\n\t\t\t<p class=\"woocommerce-form-row woocommerce-form-row--wide form-row form-row-wide\">\n\t\t\t\t<label for=\"username\">Benutzername oder E-Mail-Adresse&nbsp;<span class=\"required\" aria-hidden=\"true\">*<\/span><span class=\"screen-reader-text\">Erforderlich<\/span><\/label>\n\t\t\t\t<input type=\"text\" class=\"woocommerce-Input woocommerce-Input--text input-text\" name=\"username\" id=\"username\" autocomplete=\"username\" value=\"\" required aria-required=\"true\" \/>\t\t\t<\/p>\n\t\t\t<p class=\"woocommerce-form-row woocommerce-form-row--wide form-row form-row-wide\">\n\t\t\t\t<label for=\"password\">Passwort&nbsp;<span class=\"required\" aria-hidden=\"true\">*<\/span><span class=\"screen-reader-text\">Erforderlich<\/span><\/label>\n\t\t\t\t<input class=\"woocommerce-Input woocommerce-Input--text input-text\" type=\"password\" name=\"password\" id=\"password\" autocomplete=\"current-password\" required aria-required=\"true\" \/>\n\t\t\t<\/p>\n\n\t\t\t\n\t\t\t<p class=\"form-row\">\n\t\t\t\t<label class=\"woocommerce-form__label woocommerce-form__label-for-checkbox woocommerce-form-login__rememberme\">\n\t\t\t\t\t<input class=\"woocommerce-form__input woocommerce-form__input-checkbox\" name=\"rememberme\" type=\"checkbox\" id=\"rememberme\" value=\"forever\" \/> <span>Angemeldet bleiben<\/span>\n\t\t\t\t<\/label>\n\t\t\t\t<input type=\"hidden\" id=\"woocommerce-login-nonce\" name=\"woocommerce-login-nonce\" value=\"73941a1e18\" \/><input type=\"hidden\" name=\"_wp_http_referer\" value=\"\/de\/wp-json\/wp\/v2\/pages\/2096\" \/>\t\t\t\t<button type=\"submit\" class=\"woocommerce-button button woocommerce-form-login__submit\" name=\"login\" value=\"Anmelden\">Anmelden<\/button>\n\t\t\t<\/p>\n\t\t\t<p class=\"woocommerce-LostPassword lost_password\">\n\t\t\t\t<a href=\"https:\/\/ellados-shop.com\/de\/mein-account\/lost-password\/\">Passwort vergessen?<\/a>\n\t\t\t<\/p>\n\n\t\t\t\n\t\t<\/form>\n\n\n\t<\/div>\n\n\t<div class=\"u-column2 col-2\">\n\n\t\t<h2>Registrieren<\/h2>\n\n\t\t<form method=\"post\" class=\"woocommerce-form woocommerce-form-register register\"  >\n\n\t\t\t\n\t\t\t\n\t\t\t<p class=\"woocommerce-form-row woocommerce-form-row--wide form-row form-row-wide\">\n\t\t\t\t<label for=\"reg_email\">E-Mail-Adresse&nbsp;<span class=\"required\" aria-hidden=\"true\">*<\/span><span class=\"screen-reader-text\">Erforderlich<\/span><\/label>\n\t\t\t\t<input type=\"email\" class=\"woocommerce-Input woocommerce-Input--text input-text\" name=\"email\" id=\"reg_email\" autocomplete=\"email\" value=\"\" required aria-required=\"true\" \/>\t\t\t<\/p>\n\n\t\t\t\n\t\t\t\t<p class=\"woocommerce-form-row woocommerce-form-row--wide form-row form-row-wide\">\n\t\t\t\t\t<label for=\"reg_password\">Passwort&nbsp;<span class=\"required\" aria-hidden=\"true\">*<\/span><span class=\"screen-reader-text\">Erforderlich<\/span><\/label>\n\t\t\t\t\t<input type=\"password\" class=\"woocommerce-Input woocommerce-Input--text input-text\" name=\"password\" id=\"reg_password\" autocomplete=\"new-password\" required aria-required=\"true\" \/>\n\t\t\t\t<\/p>\n\n\t\t\t\n\t\t\t<wc-order-attribution-inputs><\/wc-order-attribution-inputs><div class=\"woocommerce-privacy-policy-text\"><p>Ihre personenbezogenen Daten werden verwendet, um Sie w\u00e4hrend Ihres Besuchs auf der Website zu unterst\u00fctzen, den Zugriff auf Ihr Konto zu verwalten und f\u00fcr andere in unserer Website beschriebene Zwecke <a href=\"https:\/\/ellados-shop.com\/mentions-legales\/\" class=\"woocommerce-privacy-policy-link\" target=\"_blank\">Datenschutzerkl\u00e4rung<\/a>.<\/p>\n<\/div>\n\t\t\t<p class=\"woocommerce-form-row form-row\">\n\t\t\t\t<input type=\"hidden\" id=\"woocommerce-register-nonce\" name=\"woocommerce-register-nonce\" value=\"6a01754f2d\" \/><input type=\"hidden\" name=\"_wp_http_referer\" value=\"\/de\/wp-json\/wp\/v2\/pages\/2096\" \/>\t\t\t\t<button type=\"submit\" class=\"woocommerce-Button woocommerce-button button woocommerce-form-register__submit\" name=\"register\" value=\"Registrieren\">Registrieren<\/button>\n\t\t\t<\/p>\n\n\t\t\t\n\t\t<\/form>\n\n\t<\/div>\n\n<\/div>\n\n<\/div>\t\t<\/div>\n\t\t\t\t<\/div>\n\t\t\t\t<\/div>\n\t\t\t\t\t<\/div>\n\t\t\t\t<\/div>\n\t\t\t\t<\/div>\n\t\t","protected":false},"excerpt":{"rendered":"<p>Armaturenbrett Auftr\u00e4ge Downloads Adressen Kontodetails Mes Coupons Trennen Bonjour goodigital (vous n\u2019\u00eates pas goodigital\u00a0? D\u00e9connexion) \u00c0 partir du tableau de bord de votre compte, vous pouvez visualiser vos commandes r\u00e9centes, g\u00e9rer vos adresses de livraison et de facturation ainsi que changer votre mot de passe et les d\u00e9tails de votre compte.<\/p>\n","protected":false},"author":50,"featured_media":0,"parent":0,"menu_order":0,"comment_status":"closed","ping_status":"closed","template":"","meta":{"footnotes":""},"class_list":["post-2096","page","type-page","status-publish","hentry"],"yoast_head":"<!-- This site is optimized with the Yoast SEO plugin v26.8 - https:\/\/yoast.com\/product\/yoast-seo-wordpress\/ -->\n<title>Mein Konto - Ellados<\/title>\n<meta name=\"robots\" content=\"index, follow, max-snippet:-1, max-image-preview:large, max-video-preview:-1\" \/>\n<link rel=\"canonical\" href=\"https:\/\/ellados-shop.com\/de\/mein-account\/\" \/>\n<meta property=\"og:locale\" content=\"de_DE\" \/>\n<meta property=\"og:type\" content=\"article\" \/>\n<meta property=\"og:title\" content=\"Mein Konto - Ellados\" \/>\n<meta property=\"og:description\" content=\"Armaturenbrett Auftr\u00e4ge Downloads Adressen Kontodetails Mes Coupons Trennen Bonjour goodigital (vous n\u2019\u00eates pas goodigital\u00a0? D\u00e9connexion) \u00c0 partir du tableau de bord de votre compte, vous pouvez visualiser vos commandes r\u00e9centes, g\u00e9rer vos adresses de livraison et de facturation ainsi que changer votre mot de passe et les d\u00e9tails de votre compte.\" \/>\n<meta property=\"og:url\" content=\"https:\/\/ellados-shop.com\/de\/mein-account\/\" \/>\n<meta property=\"og:site_name\" content=\"Ellados\" \/>\n<meta property=\"article:modified_time\" content=\"2024-07-02T09:06:56+00:00\" \/>\n<meta name=\"twitter:card\" content=\"summary_large_image\" \/>\n<script type=\"application\/ld+json\" class=\"yoast-schema-graph\">{\"@context\":\"https:\/\/schema.org\",\"@graph\":[{\"@type\":\"WebPage\",\"@id\":\"https:\/\/ellados-shop.com\/de\/mein-account\/\",\"url\":\"https:\/\/ellados-shop.com\/de\/mein-account\/\",\"name\":\"Mein Konto - Ellados\",\"isPartOf\":{\"@id\":\"https:\/\/ellados-shop.com\/de\/#website\"},\"datePublished\":\"2024-02-21T08:14:56+00:00\",\"dateModified\":\"2024-07-02T09:06:56+00:00\",\"breadcrumb\":{\"@id\":\"https:\/\/ellados-shop.com\/de\/mein-account\/#breadcrumb\"},\"inLanguage\":\"de\",\"potentialAction\":[{\"@type\":\"ReadAction\",\"target\":[\"https:\/\/ellados-shop.com\/de\/mein-account\/\"]}]},{\"@type\":\"BreadcrumbList\",\"@id\":\"https:\/\/ellados-shop.com\/de\/mein-account\/#breadcrumb\",\"itemListElement\":[{\"@type\":\"ListItem\",\"position\":1,\"name\":\"Accueil\",\"item\":\"https:\/\/ellados-shop.com\/de\/accueil-v2\/\"},{\"@type\":\"ListItem\",\"position\":2,\"name\":\"Mein Konto\"}]},{\"@type\":\"WebSite\",\"@id\":\"https:\/\/ellados-shop.com\/de\/#website\",\"url\":\"https:\/\/ellados-shop.com\/de\/\",\"name\":\"Ellados\",\"description\":\"\",\"potentialAction\":[{\"@type\":\"SearchAction\",\"target\":{\"@type\":\"EntryPoint\",\"urlTemplate\":\"https:\/\/ellados-shop.com\/de\/?s={search_term_string}\"},\"query-input\":{\"@type\":\"PropertyValueSpecification\",\"valueRequired\":true,\"valueName\":\"search_term_string\"}}],\"inLanguage\":\"de\"}]}<\/script>\n<!-- \/ Yoast SEO plugin. -->","yoast_head_json":{"title":"Mein Konto - Ellados","robots":{"index":"index","follow":"follow","max-snippet":"max-snippet:-1","max-image-preview":"max-image-preview:large","max-video-preview":"max-video-preview:-1"},"canonical":"https:\/\/ellados-shop.com\/de\/mein-account\/","og_locale":"de_DE","og_type":"article","og_title":"Mein Konto - Ellados","og_description":"Armaturenbrett Auftr\u00e4ge Downloads Adressen Kontodetails Mes Coupons Trennen Bonjour goodigital (vous n\u2019\u00eates pas goodigital\u00a0? D\u00e9connexion) \u00c0 partir du tableau de bord de votre compte, vous pouvez visualiser vos commandes r\u00e9centes, g\u00e9rer vos adresses de livraison et de facturation ainsi que changer votre mot de passe et les d\u00e9tails de votre compte.","og_url":"https:\/\/ellados-shop.com\/de\/mein-account\/","og_site_name":"Ellados","article_modified_time":"2024-07-02T09:06:56+00:00","twitter_card":"summary_large_image","schema":{"@context":"https:\/\/schema.org","@graph":[{"@type":"WebPage","@id":"https:\/\/ellados-shop.com\/de\/mein-account\/","url":"https:\/\/ellados-shop.com\/de\/mein-account\/","name":"Mein Konto - Ellados","isPartOf":{"@id":"https:\/\/ellados-shop.com\/de\/#website"},"datePublished":"2024-02-21T08:14:56+00:00","dateModified":"2024-07-02T09:06:56+00:00","breadcrumb":{"@id":"https:\/\/ellados-shop.com\/de\/mein-account\/#breadcrumb"},"inLanguage":"de","potentialAction":[{"@type":"ReadAction","target":["https:\/\/ellados-shop.com\/de\/mein-account\/"]}]},{"@type":"BreadcrumbList","@id":"https:\/\/ellados-shop.com\/de\/mein-account\/#breadcrumb","itemListElement":[{"@type":"ListItem","position":1,"name":"Accueil","item":"https:\/\/ellados-shop.com\/de\/accueil-v2\/"},{"@type":"ListItem","position":2,"name":"Mein Konto"}]},{"@type":"WebSite","@id":"https:\/\/ellados-shop.com\/de\/#website","url":"https:\/\/ellados-shop.com\/de\/","name":"Ellados","description":"","potentialAction":[{"@type":"SearchAction","target":{"@type":"EntryPoint","urlTemplate":"https:\/\/ellados-shop.com\/de\/?s={search_term_string}"},"query-input":{"@type":"PropertyValueSpecification","valueRequired":true,"valueName":"search_term_string"}}],"inLanguage":"de"}]}},"_links":{"self":[{"href":"https:\/\/ellados-shop.com\/de\/wp-json\/wp\/v2\/pages\/2096","targetHints":{"allow":["GET"]}}],"collection":[{"href":"https:\/\/ellados-shop.com\/de\/wp-json\/wp\/v2\/pages"}],"about":[{"href":"https:\/\/ellados-shop.com\/de\/wp-json\/wp\/v2\/types\/page"}],"author":[{"embeddable":true,"href":"https:\/\/ellados-shop.com\/de\/wp-json\/wp\/v2\/users\/50"}],"replies":[{"embeddable":true,"href":"https:\/\/ellados-shop.com\/de\/wp-json\/wp\/v2\/comments?post=2096"}],"version-history":[{"count":0,"href":"https:\/\/ellados-shop.com\/de\/wp-json\/wp\/v2\/pages\/2096\/revisions"}],"wp:attachment":[{"href":"https:\/\/ellados-shop.com\/de\/wp-json\/wp\/v2\/media?parent=2096"}],"curies":[{"name":"wp","href":"https:\/\/api.w.org\/{rel}","templated":true}]}}