{"id":2680,"date":"2024-02-16T13:29:14","date_gmt":"2024-02-16T12:29:14","guid":{"rendered":"https:\/\/ellados-shop.com\/ueber-uns\/"},"modified":"2024-04-10T18:42:04","modified_gmt":"2024-04-10T16:42:04","slug":"ueber-uns","status":"publish","type":"page","link":"https:\/\/ellados-shop.com\/de\/ueber-uns\/","title":{"rendered":"\u00dcber uns"},"content":{"rendered":"\t\t<div data-elementor-type=\"wp-page\" data-elementor-id=\"2680\" class=\"elementor elementor-2680 elementor-501\" data-elementor-post-type=\"page\">\n\t\t\t\t<div class=\"elementor-element elementor-element-23731b4 e-flex e-con-boxed e-con e-parent\" data-id=\"23731b4\" data-element_type=\"container\" data-settings=\"{&quot;background_background&quot;:&quot;classic&quot;}\">\n\t\t\t\t\t<div class=\"e-con-inner\">\n\t\t<div class=\"elementor-element elementor-element-4f29ac7 e-con-full e-flex e-con e-child\" data-id=\"4f29ac7\" data-element_type=\"container\">\n\t\t\t\t<div class=\"elementor-element elementor-element-73e9cc3 elementor-widget elementor-widget-counter\" data-id=\"73e9cc3\" data-element_type=\"widget\" data-widget_type=\"counter.default\">\n\t\t\t\t<div class=\"elementor-widget-container\">\n\t\t\t\t\t<div class=\"elementor-counter\">\n\t\t\t<div class=\"elementor-counter-title\">Jahre Erfahrung<\/div>\t\t\t<div class=\"elementor-counter-number-wrapper\">\n\t\t\t\t<span class=\"elementor-counter-number-prefix\"><\/span>\n\t\t\t\t<span class=\"elementor-counter-number\" data-duration=\"2000\" data-to-value=\"10\" data-from-value=\"0\" data-delimiter=\",\">0<\/span>\n\t\t\t\t<span class=\"elementor-counter-number-suffix\">+<\/span>\n\t\t\t<\/div>\n\t\t<\/div>\n\t\t\t\t<\/div>\n\t\t\t\t<\/div>\n\t\t\t\t<\/div>\n\t\t<div class=\"elementor-element elementor-element-bdc7030 e-con-full e-flex e-con e-child\" data-id=\"bdc7030\" data-element_type=\"container\">\n\t\t\t\t<div class=\"elementor-element elementor-element-568cb93 elementor-widget elementor-widget-heading\" data-id=\"568cb93\" data-element_type=\"widget\" data-widget_type=\"heading.default\">\n\t\t\t\t<div class=\"elementor-widget-container\">\n\t\t\t<span class=\"elementor-heading-title elementor-size-default\">Jahre der Erfahrung und Praxis, um Ihnen das Beste zu bieten.<\/span>\t\t<\/div>\n\t\t\t\t<\/div>\n\t\t\t\t<\/div>\n\t\t\t\t\t<\/div>\n\t\t\t\t<\/div>\n\t\t<div class=\"elementor-element elementor-element-c47651d e-flex e-con-boxed e-con e-parent\" data-id=\"c47651d\" data-element_type=\"container\" data-settings=\"{&quot;background_background&quot;:&quot;classic&quot;}\">\n\t\t\t\t\t<div class=\"e-con-inner\">\n\t\t<div class=\"elementor-element elementor-element-9eafd56 e-con-full e-flex e-con e-child\" data-id=\"9eafd56\" data-element_type=\"container\">\n\t\t\t\t<div class=\"elementor-element elementor-element-6bda086 elementor-widget elementor-widget-heading\" data-id=\"6bda086\" data-element_type=\"widget\" data-widget_type=\"heading.default\">\n\t\t\t\t<div class=\"elementor-widget-container\">\n\t\t\t<h2 class=\"elementor-heading-title elementor-size-default\">Geschichte und Werte<\/h2>\t\t<\/div>\n\t\t\t\t<\/div>\n\t\t\t\t<div class=\"elementor-element elementor-element-d6b3604 elementor-widget elementor-widget-text-editor\" data-id=\"d6b3604\" data-element_type=\"widget\" data-widget_type=\"text-editor.default\">\n\t\t\t\t<div class=\"elementor-widget-container\">\n\t\t\t\t\t\t\t<p>Die Griechenland ist in vielerlei Hinsicht ein faszinierendes Land, das wir gerne mit Ihnen teilen m\u00f6chten. Entdecken Sie die Geschichte unseres Unternehmens und was uns jeden Tag motiviert, Ihnen das Beste der griechischen Gastronomie zu bieten.<\/p>\n\t\t\t\t\t\t<\/div>\n\t\t\t\t<\/div>\n\t\t\t\t<div class=\"elementor-element elementor-element-0164acc elementor-tablet-align-center elementor-widget elementor-widget-button\" data-id=\"0164acc\" data-element_type=\"widget\" data-widget_type=\"button.default\">\n\t\t\t\t<div class=\"elementor-widget-container\">\n\t\t\t\t\t\t\t<div class=\"elementor-button-wrapper\">\n\t\t\t\t\t<a class=\"elementor-button elementor-button-link elementor-size-sm\" href=\"#\">\n\t\t\t\t\t\t<span class=\"elementor-button-content-wrapper\">\n\t\t\t\t\t\t\t\t\t<span class=\"elementor-button-text\">Unsere Artikel<\/span>\n\t\t\t\t\t<\/span>\n\t\t\t\t\t<\/a>\n\t\t\t\t<\/div>\n\t\t\t\t\t\t<\/div>\n\t\t\t\t<\/div>\n\t\t\t\t<\/div>\n\t\t<div class=\"elementor-element elementor-element-2471a06 e-con-full elementor-hidden-tablet elementor-hidden-mobile e-flex e-con e-child\" data-id=\"2471a06\" data-element_type=\"container\">\n\t\t\t\t<div class=\"elementor-element elementor-element-9ed6426 elementor-widget elementor-widget-image\" data-id=\"9ed6426\" data-element_type=\"widget\" data-widget_type=\"image.default\">\n\t\t\t\t<div class=\"elementor-widget-container\">\n\t\t\t\t\t\t\t\t\t\t\t\t\t<img fetchpriority=\"high\" decoding=\"async\" width=\"1707\" height=\"2560\" src=\"https:\/\/ellados-shop.com\/wp-content\/uploads\/olive-humain-scaled.jpg\" class=\"attachment-full size-full wp-image-2156\" alt=\"\" srcset=\"https:\/\/ellados-shop.com\/wp-content\/uploads\/olive-humain-scaled.jpg 1707w, https:\/\/ellados-shop.com\/wp-content\/uploads\/olive-humain-scaled-600x900.jpg 600w, https:\/\/ellados-shop.com\/wp-content\/uploads\/olive-humain-200x300.jpg 200w, https:\/\/ellados-shop.com\/wp-content\/uploads\/olive-humain-683x1024.jpg 683w, https:\/\/ellados-shop.com\/wp-content\/uploads\/olive-humain-768x1152.jpg 768w, https:\/\/ellados-shop.com\/wp-content\/uploads\/olive-humain-1024x1536.jpg 1024w, https:\/\/ellados-shop.com\/wp-content\/uploads\/olive-humain-1365x2048.jpg 1365w\" sizes=\"(max-width: 1707px) 100vw, 1707px\" \/>\t\t\t\t\t\t\t\t\t\t\t\t\t<\/div>\n\t\t\t\t<\/div>\n\t\t<div class=\"elementor-element elementor-element-2e01592 e-con-full e-flex e-con e-child\" data-id=\"2e01592\" data-element_type=\"container\">\n\t\t<div class=\"elementor-element elementor-element-5056e9c e-con-full e-flex e-con e-child\" data-id=\"5056e9c\" data-element_type=\"container\" data-settings=\"{&quot;background_background&quot;:&quot;classic&quot;}\">\n\t\t\t\t<div class=\"elementor-element elementor-element-a1fb6bb elementor-widget elementor-widget-text-editor\" data-id=\"a1fb6bb\" data-element_type=\"widget\" data-widget_type=\"text-editor.default\">\n\t\t\t\t<div class=\"elementor-widget-container\">\n\t\t\t\t\t\t\t<p>Die K\u00fcche ist eine Geschichte von Liebe, Leidenschaft und Teilen.<\/p>\n\t\t\t\t\t\t<\/div>\n\t\t\t\t<\/div>\n\t\t\t\t<\/div>\n\t\t\t\t<\/div>\n\t\t\t\t<\/div>\n\t\t\t\t\t<\/div>\n\t\t\t\t<\/div>\n\t\t<div class=\"elementor-element elementor-element-83f9c09 e-flex e-con-boxed e-con e-parent\" data-id=\"83f9c09\" data-element_type=\"container\" data-settings=\"{&quot;background_background&quot;:&quot;classic&quot;}\">\n\t\t\t\t\t<div class=\"e-con-inner\">\n\t\t<div class=\"elementor-element elementor-element-243dad7 e-con-full e-flex e-con e-child\" data-id=\"243dad7\" data-element_type=\"container\">\n\t\t\t\t<div class=\"elementor-element elementor-element-a6bdfa0 elementor-widget elementor-widget-heading\" data-id=\"a6bdfa0\" data-element_type=\"widget\" data-widget_type=\"heading.default\">\n\t\t\t\t<div class=\"elementor-widget-container\">\n\t\t\t<h2 class=\"elementor-heading-title elementor-size-default\">Unser Mehrwert<\/h2>\t\t<\/div>\n\t\t\t\t<\/div>\n\t\t\t\t<div class=\"elementor-element elementor-element-63a805c elementor-widget__width-inherit elementor-widget elementor-widget-text-editor\" data-id=\"63a805c\" data-element_type=\"widget\" data-widget_type=\"text-editor.default\">\n\t\t\t\t<div class=\"elementor-widget-container\">\n\t\t\t\t\t\t\t<p>Unser Mehrwert liegt in unserem unersch\u00fctterlichen Engagement f\u00fcr Exzellenz und Authentizit\u00e4t. Aus diesem Grund bieten wir Ihnen Produkte direkt von unseren Partnerproduzenten an. Als Liebhaber der Gastronomie bem\u00fchen wir uns, Ihnen weit mehr als nur qualitativ hochwertige Produkte anzubieten: Wir bieten Ihnen ein echtes kulinarisches Erlebnis, das von der Seele und den Traditionen Griechenlands gepr\u00e4gt ist. Unsere sorgf\u00e4ltige Auswahl handwerklicher Produkte, die mit Liebe und Respekt f\u00fcr die Terroirs angebaut werden, garantiert unseren Kunden authentische Aromen und unvergleichliche Geschmacksrichtungen. Dar\u00fcber hinaus steht Ihnen unser engagierter Kundenservice jederzeit zur Verf\u00fcgung, um Sie bei der Erkundung der griechischen K\u00f6stlichkeiten zu beraten und zu unterst\u00fctzen. Ellados Shop und sein Team setzen alles daran, um sicherzustellen, dass. Sie auf eine Reise ins Herz Griechenlands zu entf\u00fchren, mit jedem Bissen, jedem Schluck.<\/p>\n\t\t\t\t\t\t<\/div>\n\t\t\t\t<\/div>\n\t\t\t\t<\/div>\n\t\t\t\t\t<\/div>\n\t\t\t\t<\/div>\n\t\t<div class=\"elementor-element elementor-element-f304ccd e-flex e-con-boxed e-con e-parent\" data-id=\"f304ccd\" data-element_type=\"container\" data-settings=\"{&quot;background_background&quot;:&quot;classic&quot;}\">\n\t\t\t\t\t<div class=\"e-con-inner\">\n\t\t<div class=\"elementor-element elementor-element-3c02805 e-con-full e-flex e-con e-child\" data-id=\"3c02805\" data-element_type=\"container\">\n\t\t\t\t<div class=\"elementor-element elementor-element-5322153 elementor-widget elementor-widget-heading\" data-id=\"5322153\" data-element_type=\"widget\" data-widget_type=\"heading.default\">\n\t\t\t\t<div class=\"elementor-widget-container\">\n\t\t\t<h2 class=\"elementor-heading-title elementor-size-default\">Die Werte und Verpflichtungen von Ellados<\/h2>\t\t<\/div>\n\t\t\t\t<\/div>\n\t\t\t\t<div class=\"elementor-element elementor-element-4f5d484 elementor-widget elementor-widget-text-editor\" data-id=\"4f5d484\" data-element_type=\"widget\" data-widget_type=\"text-editor.default\">\n\t\t\t\t<div class=\"elementor-widget-container\">\n\t\t\t\t\t\t\t<p>Wir glauben an die Bedeutung grundlegender Werte wie Authentizit\u00e4t, Qualit\u00e4t und Respekt vor den Menschen und der Umwelt. Wir verpflichten uns, mit all unseren Partnern gesunde Produkte aus nachhaltiger und vern\u00fcnftiger biologischer Landwirtschaft zu f\u00f6rdern. Weil wir ihre Arbeit respektieren, verpflichten wir uns, Partnerschaften aufzubauen und zu entwickeln, die auf Dialog, Transparenz und Respekt f\u00fcr unsere Partner basieren.<\/p>\n\t\t\t\t\t\t<\/div>\n\t\t\t\t<\/div>\n\t\t\t\t<div class=\"elementor-element elementor-element-e3c63bf elementor-hidden-tablet elementor-hidden-mobile elementor-widget elementor-widget-image\" data-id=\"e3c63bf\" data-element_type=\"widget\" data-widget_type=\"image.default\">\n\t\t\t\t<div class=\"elementor-widget-container\">\n\t\t\t\t\t\t\t\t\t\t\t\t\t<img decoding=\"async\" width=\"420\" height=\"600\" src=\"https:\/\/ellados-shop.com\/wp-content\/uploads\/epicerie-grecque-hellados.jpg\" class=\"attachment-full size-full wp-image-2600\" alt=\"\" srcset=\"https:\/\/ellados-shop.com\/wp-content\/uploads\/epicerie-grecque-hellados.jpg 420w, https:\/\/ellados-shop.com\/wp-content\/uploads\/epicerie-grecque-hellados-210x300.jpg 210w\" sizes=\"(max-width: 420px) 100vw, 420px\" \/>\t\t\t\t\t\t\t\t\t\t\t\t\t<\/div>\n\t\t\t\t<\/div>\n\t\t\t\t<\/div>\n\t\t<div class=\"elementor-element elementor-element-a809120 e-con-full e-flex e-con e-child\" data-id=\"a809120\" data-element_type=\"container\">\n\t\t\t\t<div class=\"elementor-element elementor-element-b8d03fe elementor-hidden-tablet elementor-hidden-mobile elementor-widget elementor-widget-image\" data-id=\"b8d03fe\" data-element_type=\"widget\" data-widget_type=\"image.default\">\n\t\t\t\t<div class=\"elementor-widget-container\">\n\t\t\t\t\t\t\t\t\t\t\t\t\t<img decoding=\"async\" width=\"1280\" height=\"853\" src=\"https:\/\/ellados-shop.com\/wp-content\/uploads\/recolte-manuelle-grece.jpg\" class=\"attachment-full size-full wp-image-2602\" alt=\"production d&#039;huile d&#039;olive Extra vierge bio\" srcset=\"https:\/\/ellados-shop.com\/wp-content\/uploads\/recolte-manuelle-grece.jpg 1280w, https:\/\/ellados-shop.com\/wp-content\/uploads\/recolte-manuelle-grece-300x200.jpg 300w, https:\/\/ellados-shop.com\/wp-content\/uploads\/recolte-manuelle-grece-1024x682.jpg 1024w, https:\/\/ellados-shop.com\/wp-content\/uploads\/recolte-manuelle-grece-768x512.jpg 768w, https:\/\/ellados-shop.com\/wp-content\/uploads\/recolte-manuelle-grece-600x400.jpg 600w\" sizes=\"(max-width: 1280px) 100vw, 1280px\" \/>\t\t\t\t\t\t\t\t\t\t\t\t\t<\/div>\n\t\t\t\t<\/div>\n\t\t\t\t<div class=\"elementor-element elementor-element-80efcd2 elementor-widget elementor-widget-text-editor\" data-id=\"80efcd2\" data-element_type=\"widget\" data-widget_type=\"text-editor.default\">\n\t\t\t\t<div class=\"elementor-widget-container\">\n\t\t\t\t\t\t\t<p>Wir sind entschlossen, die lokalen Landwirte zu unterst\u00fctzen und zu begleiten, um zu ihrer nachhaltigen Entwicklung beizutragen. Ellados Shop ist aktiv an lokalen Vereinen beteiligt, die sich f\u00fcr den Schutz der \u00d6kosysteme und Meeresgebiete Griechenlands einsetzen. Wir spenden zu diesem Zweck einen Teil unserer Handelsspannen. Ellados ist weit mehr als ein Unternehmen, es m\u00f6chte ein Botschafter der griechischen Kultur sein, der die K\u00f6stlichkeiten und Sch\u00e4tze dieses Landes teilt.<\/p>\n\t\t\t\t\t\t<\/div>\n\t\t\t\t<\/div>\n\t\t\t\t<\/div>\n\t\t\t\t\t<\/div>\n\t\t\t\t<\/div>\n\t\t\t\t<\/div>\n\t\t","protected":false},"excerpt":{"rendered":"<p>0 + Jahre Erfahrung Jahre der Erfahrung und Praxis, um Ihnen das Beste zu bieten. Geschichte und Werte Die Griechenland ist in vielerlei Hinsicht ein faszinierendes Land, das wir gerne mit Ihnen teilen m\u00f6chten. Entdecken Sie die Geschichte unseres Unternehmens und was uns jeden Tag motiviert, Ihnen das Beste der griechischen Gastronomie zu bieten. Unsere [&hellip;]<\/p>\n","protected":false},"author":50,"featured_media":0,"parent":0,"menu_order":0,"comment_status":"closed","ping_status":"closed","template":"elementor_header_footer","meta":{"footnotes":""},"class_list":["post-2680","page","type-page","status-publish","hentry"],"yoast_head":"<!-- This site is optimized with the Yoast SEO plugin v26.8 - https:\/\/yoast.com\/product\/yoast-seo-wordpress\/ -->\n<title>\u00dcber uns - Ellados<\/title>\n<meta name=\"robots\" content=\"index, follow, max-snippet:-1, max-image-preview:large, max-video-preview:-1\" \/>\n<link rel=\"canonical\" href=\"https:\/\/ellados-shop.com\/de\/ueber-uns\/\" \/>\n<meta property=\"og:locale\" content=\"de_DE\" \/>\n<meta property=\"og:type\" content=\"article\" \/>\n<meta property=\"og:title\" content=\"\u00dcber uns - Ellados\" \/>\n<meta property=\"og:description\" content=\"0 + Jahre Erfahrung Jahre der Erfahrung und Praxis, um Ihnen das Beste zu bieten. Geschichte und Werte Die Griechenland ist in vielerlei Hinsicht ein faszinierendes Land, das wir gerne mit Ihnen teilen m\u00f6chten. Entdecken Sie die Geschichte unseres Unternehmens und was uns jeden Tag motiviert, Ihnen das Beste der griechischen Gastronomie zu bieten. Unsere [&hellip;]\" \/>\n<meta property=\"og:url\" content=\"https:\/\/ellados-shop.com\/de\/ueber-uns\/\" \/>\n<meta property=\"og:site_name\" content=\"Ellados\" \/>\n<meta property=\"article:modified_time\" content=\"2024-04-10T16:42:04+00:00\" \/>\n<meta property=\"og:image\" content=\"https:\/\/ellados-shop.com\/wp-content\/uploads\/olive-humain-scaled.jpg\" \/>\n<meta name=\"twitter:card\" content=\"summary_large_image\" \/>\n<meta name=\"twitter:label1\" content=\"Gesch\u00e4tzte Lesezeit\" \/>\n\t<meta name=\"twitter:data1\" content=\"2\u00a0Minuten\" \/>\n<script type=\"application\/ld+json\" class=\"yoast-schema-graph\">{\"@context\":\"https:\/\/schema.org\",\"@graph\":[{\"@type\":\"WebPage\",\"@id\":\"https:\/\/ellados-shop.com\/de\/ueber-uns\/\",\"url\":\"https:\/\/ellados-shop.com\/de\/ueber-uns\/\",\"name\":\"\u00dcber uns - Ellados\",\"isPartOf\":{\"@id\":\"https:\/\/ellados-shop.com\/de\/#website\"},\"primaryImageOfPage\":{\"@id\":\"https:\/\/ellados-shop.com\/de\/ueber-uns\/#primaryimage\"},\"image\":{\"@id\":\"https:\/\/ellados-shop.com\/de\/ueber-uns\/#primaryimage\"},\"thumbnailUrl\":\"https:\/\/ellados-shop.com\/wp-content\/uploads\/olive-humain-scaled.jpg\",\"datePublished\":\"2024-02-16T12:29:14+00:00\",\"dateModified\":\"2024-04-10T16:42:04+00:00\",\"breadcrumb\":{\"@id\":\"https:\/\/ellados-shop.com\/de\/ueber-uns\/#breadcrumb\"},\"inLanguage\":\"de\",\"potentialAction\":[{\"@type\":\"ReadAction\",\"target\":[\"https:\/\/ellados-shop.com\/de\/ueber-uns\/\"]}]},{\"@type\":\"ImageObject\",\"inLanguage\":\"de\",\"@id\":\"https:\/\/ellados-shop.com\/de\/ueber-uns\/#primaryimage\",\"url\":\"https:\/\/ellados-shop.com\/wp-content\/uploads\/olive-humain-scaled.jpg\",\"contentUrl\":\"https:\/\/ellados-shop.com\/wp-content\/uploads\/olive-humain-scaled.jpg\"},{\"@type\":\"BreadcrumbList\",\"@id\":\"https:\/\/ellados-shop.com\/de\/ueber-uns\/#breadcrumb\",\"itemListElement\":[{\"@type\":\"ListItem\",\"position\":1,\"name\":\"Accueil\",\"item\":\"https:\/\/ellados-shop.com\/de\/accueil-v2\/\"},{\"@type\":\"ListItem\",\"position\":2,\"name\":\"\u00dcber uns\"}]},{\"@type\":\"WebSite\",\"@id\":\"https:\/\/ellados-shop.com\/de\/#website\",\"url\":\"https:\/\/ellados-shop.com\/de\/\",\"name\":\"Ellados\",\"description\":\"\",\"potentialAction\":[{\"@type\":\"SearchAction\",\"target\":{\"@type\":\"EntryPoint\",\"urlTemplate\":\"https:\/\/ellados-shop.com\/de\/?s={search_term_string}\"},\"query-input\":{\"@type\":\"PropertyValueSpecification\",\"valueRequired\":true,\"valueName\":\"search_term_string\"}}],\"inLanguage\":\"de\"}]}<\/script>\n<!-- \/ Yoast SEO plugin. -->","yoast_head_json":{"title":"\u00dcber uns - Ellados","robots":{"index":"index","follow":"follow","max-snippet":"max-snippet:-1","max-image-preview":"max-image-preview:large","max-video-preview":"max-video-preview:-1"},"canonical":"https:\/\/ellados-shop.com\/de\/ueber-uns\/","og_locale":"de_DE","og_type":"article","og_title":"\u00dcber uns - Ellados","og_description":"0 + Jahre Erfahrung Jahre der Erfahrung und Praxis, um Ihnen das Beste zu bieten. Geschichte und Werte Die Griechenland ist in vielerlei Hinsicht ein faszinierendes Land, das wir gerne mit Ihnen teilen m\u00f6chten. Entdecken Sie die Geschichte unseres Unternehmens und was uns jeden Tag motiviert, Ihnen das Beste der griechischen Gastronomie zu bieten. Unsere [&hellip;]","og_url":"https:\/\/ellados-shop.com\/de\/ueber-uns\/","og_site_name":"Ellados","article_modified_time":"2024-04-10T16:42:04+00:00","og_image":[{"url":"https:\/\/ellados-shop.com\/wp-content\/uploads\/olive-humain-scaled.jpg","type":"","width":"","height":""}],"twitter_card":"summary_large_image","twitter_misc":{"Gesch\u00e4tzte Lesezeit":"2\u00a0Minuten"},"schema":{"@context":"https:\/\/schema.org","@graph":[{"@type":"WebPage","@id":"https:\/\/ellados-shop.com\/de\/ueber-uns\/","url":"https:\/\/ellados-shop.com\/de\/ueber-uns\/","name":"\u00dcber uns - Ellados","isPartOf":{"@id":"https:\/\/ellados-shop.com\/de\/#website"},"primaryImageOfPage":{"@id":"https:\/\/ellados-shop.com\/de\/ueber-uns\/#primaryimage"},"image":{"@id":"https:\/\/ellados-shop.com\/de\/ueber-uns\/#primaryimage"},"thumbnailUrl":"https:\/\/ellados-shop.com\/wp-content\/uploads\/olive-humain-scaled.jpg","datePublished":"2024-02-16T12:29:14+00:00","dateModified":"2024-04-10T16:42:04+00:00","breadcrumb":{"@id":"https:\/\/ellados-shop.com\/de\/ueber-uns\/#breadcrumb"},"inLanguage":"de","potentialAction":[{"@type":"ReadAction","target":["https:\/\/ellados-shop.com\/de\/ueber-uns\/"]}]},{"@type":"ImageObject","inLanguage":"de","@id":"https:\/\/ellados-shop.com\/de\/ueber-uns\/#primaryimage","url":"https:\/\/ellados-shop.com\/wp-content\/uploads\/olive-humain-scaled.jpg","contentUrl":"https:\/\/ellados-shop.com\/wp-content\/uploads\/olive-humain-scaled.jpg"},{"@type":"BreadcrumbList","@id":"https:\/\/ellados-shop.com\/de\/ueber-uns\/#breadcrumb","itemListElement":[{"@type":"ListItem","position":1,"name":"Accueil","item":"https:\/\/ellados-shop.com\/de\/accueil-v2\/"},{"@type":"ListItem","position":2,"name":"\u00dcber uns"}]},{"@type":"WebSite","@id":"https:\/\/ellados-shop.com\/de\/#website","url":"https:\/\/ellados-shop.com\/de\/","name":"Ellados","description":"","potentialAction":[{"@type":"SearchAction","target":{"@type":"EntryPoint","urlTemplate":"https:\/\/ellados-shop.com\/de\/?s={search_term_string}"},"query-input":{"@type":"PropertyValueSpecification","valueRequired":true,"valueName":"search_term_string"}}],"inLanguage":"de"}]}},"_links":{"self":[{"href":"https:\/\/ellados-shop.com\/de\/wp-json\/wp\/v2\/pages\/2680","targetHints":{"allow":["GET"]}}],"collection":[{"href":"https:\/\/ellados-shop.com\/de\/wp-json\/wp\/v2\/pages"}],"about":[{"href":"https:\/\/ellados-shop.com\/de\/wp-json\/wp\/v2\/types\/page"}],"author":[{"embeddable":true,"href":"https:\/\/ellados-shop.com\/de\/wp-json\/wp\/v2\/users\/50"}],"replies":[{"embeddable":true,"href":"https:\/\/ellados-shop.com\/de\/wp-json\/wp\/v2\/comments?post=2680"}],"version-history":[{"count":0,"href":"https:\/\/ellados-shop.com\/de\/wp-json\/wp\/v2\/pages\/2680\/revisions"}],"wp:attachment":[{"href":"https:\/\/ellados-shop.com\/de\/wp-json\/wp\/v2\/media?parent=2680"}],"curies":[{"name":"wp","href":"https:\/\/api.w.org\/{rel}","templated":true}]}}