{"id":2728,"date":"2023-02-22T09:00:16","date_gmt":"2023-02-22T08:00:16","guid":{"rendered":"https:\/\/ellados-shop.com\/rechtliche-hinweise\/"},"modified":"2024-04-12T19:45:10","modified_gmt":"2024-04-12T17:45:10","slug":"rechtliche-hinweise","status":"publish","type":"page","link":"https:\/\/ellados-shop.com\/de\/rechtliche-hinweise\/","title":{"rendered":"Rechtliche Hinweise"},"content":{"rendered":"\t\t<div data-elementor-type=\"wp-page\" data-elementor-id=\"2728\" class=\"elementor elementor-2728 elementor-49\" data-elementor-post-type=\"page\">\n\t\t\t\t\t\t<section class=\"elementor-section elementor-top-section elementor-element elementor-element-fb89bf7 elementor-section-boxed elementor-section-height-default elementor-section-height-default\" data-id=\"fb89bf7\" data-element_type=\"section\" data-settings=\"{&quot;background_background&quot;:&quot;classic&quot;}\">\n\t\t\t\t\t\t<div class=\"elementor-container elementor-column-gap-default\">\n\t\t\t\t\t<div class=\"elementor-column elementor-col-100 elementor-top-column elementor-element elementor-element-2b9deaa\" data-id=\"2b9deaa\" data-element_type=\"column\">\n\t\t\t<div class=\"elementor-widget-wrap elementor-element-populated\">\n\t\t\t\t\t\t<div class=\"elementor-element elementor-element-579f20e elementor-widget elementor-widget-heading\" data-id=\"579f20e\" data-element_type=\"widget\" data-widget_type=\"heading.default\">\n\t\t\t\t<div class=\"elementor-widget-container\">\n\t\t\t<h1 class=\"elementor-heading-title elementor-size-default\">Rechtliche Hinweise<\/h1>\t\t<\/div>\n\t\t\t\t<\/div>\n\t\t\t\t<div class=\"elementor-element elementor-element-2eb600f elementor-align-center elementor-widget elementor-widget-breadcrumbs\" data-id=\"2eb600f\" data-element_type=\"widget\" data-widget_type=\"breadcrumbs.default\">\n\t\t\t\t<div class=\"elementor-widget-container\">\n\t\t\t<p id=\"breadcrumbs\"><span><span><a href=\"https:\/\/ellados-shop.com\/de\/accueil-v2\/\">Accueil<\/a><\/span><\/span><\/p>\t\t<\/div>\n\t\t\t\t<\/div>\n\t\t\t\t<div class=\"elementor-element elementor-element-b923771 elementor-widget elementor-widget-text-editor\" data-id=\"b923771\" data-element_type=\"widget\" data-widget_type=\"text-editor.default\">\n\t\t\t\t<div class=\"elementor-widget-container\">\n\t\t\t\t\t\t\t<p>Das Unternehmen ELLADOS SHOP, das sich um die Rechte von Einzelpersonen, insbesondere im Hinblick auf automatisierte Verarbeitungen, k\u00fcmmert und in einem transparenten Umgang mit seinen Kunden bestrebt ist, hat eine Richtlinie eingef\u00fchrt, die alle diese Verarbeitungen, die von ihnen verfolgten Zwecke und die Mittel zur Verf\u00fcgung stellt, damit Einzelpersonen ihre Rechte bestm\u00f6glich aus\u00fcben k\u00f6nnen.<\/p>\n<p>F\u00fcr weitere Informationen zum Datenschutz laden wir Sie ein, die Website zu konsultieren: https:\/\/www.cnil.fr\/<\/p>\n<p>Die Fortsetzung der Navigation auf dieser Website gilt als uneingeschr\u00e4nkte Zustimmung zu den folgenden Bestimmungen und Nutzungsbedingungen. Sie akzeptieren die Verwendung von Cookies und anderen Trackern.<\/p>\n<p>Wenn Sie die Speicherung von Cookies in Ihrem Browser ablehnen, k\u00f6nnen Sie jedoch nicht mehr auf eine Reihe von Funktionen zugreifen, die dennoch erforderlich sind, um in bestimmten Bereichen der Website zu navigieren.<\/p>\n<p>In diesem Fall lehnt ELLADOS SHOP jede Verantwortung f\u00fcr die Folgen ab, die mit einer Beeintr\u00e4chtigung der Dienste aufgrund der Unm\u00f6glichkeit f\u00fcr ELLADOS SHOP, die f\u00fcr den Betrieb der Website erforderlichen Cookies zu speichern oder zu konsultieren, und die Sie abgelehnt oder gel\u00f6scht haben, verbunden sind.<\/p>\n<p>Um Ihnen zu erm\u00f6glichen, Cookies \u00fcber Ihren Browser zu verwalten, hier ist eine Liste von Links, abh\u00e4ngig von Ihrem Browser:<\/p>\n<p>Internet Explorer et Edge :G\u00e9rer Internet Explorer und Edge : &nbsp; <a href=\"https:\/\/support.microsoft.com\/fr-fr\/help\/17442\/windows-internet-explorer-delete-manage-cookies\">Verwaltung<\/a><\/p>\n<p>Google Chrome :&nbsp;<a href=\"https:\/\/support.google.com\/chrome\/answer\/95647?hl=fr&amp;hlrm=en\">Verwaltung<\/a><\/p>\n<p>Safari :G\u00e9rer Safari :&nbsp;<a href=\"https:\/\/support.apple.com\/kb\/ph21411?locale=fr_CA\">Verwalten<\/a><\/p>\n<p>Firefox :&nbsp;<a href=\"https:\/\/support.mozilla.org\/fr\/kb\/activer-desactiver-cookies-preferences?redirectlocale=fr&amp;redirectslug=Activer+et+d%C3%A9sactiver+les+cookies\">Verwalten<\/a><\/p>\n<p>Opera :&nbsp;<a href=\"http:\/\/help.opera.com\/Windows\/10.20\/fr\/cookies.html\">Verwalten<\/a><\/p>\n<p>Sie k\u00f6nnen auch den offiziellen Link der CNIL zur Behandlung von Cookies konsultieren :&nbsp;<a href=\"https:\/\/www.cnil.fr\/fr\/cookies-les-outils-pour-les-maitriser\">CNIL<\/a><\/p>\n<p>Die derzeitige Online-Version dieser Nutzungsbedingungen ist die einzige verbindliche Version w\u00e4hrend der gesamten Nutzungsdauer der Website und bis eine neue Version diese ersetzt.<\/p>\n<p><strong>ARTIKEL 1 &#8211; RECHTLICHE HINWEISE<\/strong><\/p>\n<p>1.1 Website (im Folgenden &#8222;die Website&#8220;): serviceclient@www.ellados-shop.com.fr<\/p>\n<p>1.2 Herausgeber (im Folgenden &#8222;der Herausgeber&#8220;) : ELLADOS SHOP mit eingetragenem Sitz in:&nbsp;<span style=\"text-align: var(--text-align); color: var( --e-global-color-3fc9ad2 ); font-size: 1em;\">135 AV DE ROYAT, 63400 CHAMALIERESspan, &nbsp;<\/span><span style=\"text-align: var(--text-align); color: var( --e-global-color-3fc9ad2 ); font-size: 1em;\">revertreten durch Frau Caroline PINET<\/span><\/p>\n<p>Eingetragen im Handelsregister von Clermont Ferrand am 23-11-2023,<\/p>\n<p>SIRET : 98185576000014<\/p>\n<p>Telefonnummer:&nbsp;04.73.39.79.58<\/p>\n<p>E-Mail-Adresse : serviceclient@www.ellados-shop.com.fr<\/p>\n<p>1.3 Hosting-Anbieter (im Folgenden &#8222;der Host&#8220;) :<\/p>\n<p>Die Website wird von INFOMANIAK NETWORK SA gehostet:<\/p>\n<p>SAS mit einem Kapital von 102.000 CHF<\/p>\n<p>Handelsregister-Nr : CHE-103.167.648<\/p>\n<p>Hauptsitz : Rue Eug\u00e8ne-Marziano 25 1227 Les Acacias<\/p>\n<p><strong>ARTIKEL 2 &#8211; ZUGRIFF AUF DIE WEBSITE<\/strong><\/p>\n<p>Der Zugang zur Website und deren Nutzung sind ausschlie\u00dflich f\u00fcr den pers\u00f6nlichen Gebrauch vorbehalten. Sie verpflichten sich, diese Website und die darin enthaltenen Informationen oder Daten nicht f\u00fcr kommerzielle, politische, werbliche Zwecke und jegliche Form von gesch\u00e4ftlicher Kontaktaufnahme zu nutzen, insbesondere f\u00fcr den Versand unerw\u00fcnschter E-Mails.<\/p>\n<p><strong>ARTIKEL 3 &#8211; INHALT DER WEBSITE<\/strong><\/p>\n<p>Alle Marken, Fotografien, Texte, Kommentare, Illustrationen, animierten oder nicht animierten Bilder, Videosequenzen, Sounds sowie alle Softwareanwendungen, die zur Nutzung dieser Website verwendet werden k\u00f6nnten, und im Allgemeinen alle auf der Website reproduzierten oder verwendeten Elemente sind durch geltende Gesetze zum Schutz des geistigen Eigentums gesch\u00fctzt.<\/p>\n<p>Sie sind das uneingeschr\u00e4nkte Eigentum des Herausgebers oder seiner Partner. Jegliche Vervielf\u00e4ltigung, Darstellung, Nutzung oder Anpassung, in welcher Form auch immer, von ganz oder teilweise diesen Elementen, einschlie\u00dflich der Softwareanwendungen, ohne die vorherige schriftliche Zustimmung des Herausgebers, sind strengstens untersagt. Die Tatsache, dass der Herausgeber keine rechtlichen Schritte einleitet, sobald er von solchen unbefugten Nutzungen erf\u00e4hrt, stellt keine Zustimmung zu diesen Nutzungen dar und verzichtet nicht auf rechtliche Schritte.<\/p>\n<p><strong>ARTIKEL 4 &#8211; VERWALTUNG DER WEBSITE<\/strong><\/p>\n<p>Zur ordnungsgem\u00e4\u00dfen Verwaltung der Website kann der Herausgeber jederzeit:<br>\u2013 Den Zugang zu der ganzen Website oder einem Teil davon aussetzen, unterbrechen oder beschr\u00e4nken, den Zugang zur Website oder zu bestimmten Teilen der Website einer bestimmten Kategorie von Internetnutzern vorbehalten;<\/p>\n<p>\u2013 Alle Informationen entfernen, die den reibungslosen Betrieb st\u00f6ren oder gegen nationale oder internationale Gesetze oder die Regeln der Netiquette versto\u00dfen k\u00f6nnten;<\/p>\n<p>\u2013 Die Website vor\u00fcbergehend aussetzen, um Aktualisierungen durchzuf\u00fchren.<\/p>\n<p><strong>ARTIKEL 5 &#8211; VERANTWORTLICHKEITEN<\/strong><\/p>\n<p>Die Verantwortung des Herausgebers kann nicht geltend gemacht werden im Falle eines Ausfalls, einer St\u00f6rung, Schwierigkeit oder Unterbrechung des Betriebs, die den Zugang zur Website oder einer ihrer Funktionen verhindert.<\/p>\n<p>Die Verbindungsausr\u00fcstung zur Website, die Sie verwenden, liegt in Ihrer alleinigen Verantwortung. Sie sollten alle geeigneten Ma\u00dfnahmen ergreifen, um Ihr Ger\u00e4t und Ihre eigenen Daten, insbesondere vor Internetvirenangriffen, zu sch\u00fctzen. Sie sind allein verantwortlich f\u00fcr die Websites und Daten, die Sie besuchen.<\/p>\n<p>Der Herausgeber kann nicht f\u00fcr rechtliche Schritte gegen Sie haftbar gemacht werden:<\/p>\n<p>\u2013 Aufgrund der Nutzung der Website oder eines \u00fcber das Internet zug\u00e4nglichen Dienstes;<\/p>\n<p>\u2013 Aufgrund Ihrer Nichteinhaltung dieser allgemeinen Gesch\u00e4ftsbedingungen.<\/p>\n<p>Der Herausgeber ist nicht verantwortlich f\u00fcr Sch\u00e4den, die Ihnen selbst, Dritten und\/oder Ihrer Ausr\u00fcstung durch Ihre Verbindung oder Nutzung der Website entstehen, und Sie verzichten daher auf jegliche Klage gegen ihn aus diesem Grund.<\/p>\n<p>Wenn der Herausgeber aufgrund Ihrer Nutzung der Website Gegenstand eines au\u00dfergerichtlichen oder gerichtlichen Verfahrens wird, kann er sich gegen Sie wenden, um die Entsch\u00e4digung aller Sch\u00e4den, Betr\u00e4ge, Verurteilungen und Kosten zu erhalten, die aus diesem Verfahren resultieren k\u00f6nnten.<\/p>\n<p><strong>ARTIKEL 6 &#8211; HYPERLINKS<\/strong><\/p>\n<p>Die Einrichtung von Hyperlinks durch die Benutzer zu Teilen oder zur gesamten Website ist vom Herausgeber gestattet. Jeder Link muss auf einfache Anfrage des Herausgebers entfernt werden.<\/p>\n<p>Alle \u00fcber einen Link zu anderen Websites zug\u00e4nglichen Informationen stehen nicht unter der Kontrolle des Herausgebers, der jede Verantwortung f\u00fcr deren Inhalt ablehnt. .<\/p>\n<p><strong>ARTIKEL 7 &#8211; DATENERHEBUNG<\/strong><\/p>\n<p>Ihre Daten werden von ELLADOS SHOP gesammelt<\/p>\n<p>Eine personenbezogene Daten bezeichnet alle Informationen \u00fcber eine identifizierte oder identifizierbare nat\u00fcrliche Person (betroffene Person); als identifizierbar gilt eine Person, die direkt oder indirekt identifiziert werden kann, insbesondere durch Bezugnahme auf einen Namen, eine Identifikationsnummer oder einen oder mehrere spezifische Aspekte, die charakteristisch f\u00fcr ihre physische, physiologische, genetische, psychische, wirtschaftliche, kulturelle oder soziale Identit\u00e4t sind.<\/p>\n<p>Die auf der Website gesammelten pers\u00f6nlichen Informationen werden haupts\u00e4chlich vom Herausgeber zur Verwaltung der Beziehungen mit Ihnen und gegebenenfalls zur Bearbeitung Ihrer Bestellungen verwendet.<\/p>\n<p><strong>ARTIKEL 8 &#8211; RECHT AUF ZUGANG, BERICHTIGUNG UND AUSLISTUNG IHRER DATEN<\/strong><\/p>\n<p>Jede Person hat das Recht auf Zugang, Berichtigung und Widerspruch zu ihren pers\u00f6nlichen Daten. Jede Person hat auch das Recht auf Einschr\u00e4nkung der Verarbeitung in Bezug auf ihre Person, das Recht auf Vergessenwerden und das Recht auf Daten\u00fcbertragbarkeit f\u00fcr die personenbezogenen Daten, die sie dem Verantwortlichen f\u00fcr die Datenverarbeitung \u00fcbermittelt hat.<\/p>\n<p>Sie k\u00f6nnen dieses Recht aus\u00fcben, indem Sie uns unter der folgenden Adresse kontaktieren: 135 AV DE ROYAT, 63400 CHAMALIERES<br>Oder per E-Mail, an die Adresse: serviceclient@www.ellados-shop.com.fr<\/p>\n<p>Jede Anfrage muss von einer Fotokopie eines g\u00fcltigen Ausweisdokuments begleitet sein, das unterschrieben ist, und die Adresse angeben, unter der der Herausgeber den Antragsteller kontaktieren kann. Die Antwort wird innerhalb eines Monats nach Erhalt der Anfrage verschickt. Diese Frist von einem Monat kann um zwei Monate verl\u00e4ngert werden, wenn die Komplexit\u00e4t der Anfrage und\/oder die Anzahl der Anfragen dies erfordern.<\/p>\n<p>Dar\u00fcber hinaus haben Personen seit dem Gesetz Nr. 2016-1321 vom 7. Oktober 2016 die M\u00f6glichkeit, das Schicksal ihrer Daten nach ihrem Tod zu regeln. F\u00fcr weitere Informationen zu diesem Thema k\u00f6nnen Sie die Website der CNIL unter https:\/\/www.cnil.fr\/ konsultieren.<\/p>\n<p><strong>ARTIKEL 9 &#8211; VERWENDUNG DER DATEN<\/strong><\/p>\n<p>Die gesammelten Informationen k\u00f6nnen gegebenenfalls an Dritte weitergegeben werden, die vertraglich mit dem Herausgeber verbunden sind, um Aufgaben im Rahmen von Unterauftr\u00e4gen zur Verwaltung Ihres Kontos durchzuf\u00fchren, ohne dass Sie Ihre Zustimmung geben m\u00fcssen.<\/p>\n<p>Im Falle eines Versto\u00dfes jeglicher Art, f\u00fcr den die Parteien verantwortlich gemacht werden, und f\u00fcr den die Justizbeh\u00f6rden Kenntnis der gesammelten Informationen ben\u00f6tigen, werden diese Informationen auf deren ausdr\u00fccklichen und begr\u00fcndeten Antrag hin zwangsl\u00e4ufig an diese Beh\u00f6rden weitergegeben und unterliegen nicht mehr den Bestimmungen zum Schutz personenbezogener Daten.<\/p>\n<p>Wenn bestimmte Informationen f\u00fcr den Zugriff auf spezifische Funktionen der Website erforderlich sind, wird der Herausgeber die obligatorische Natur dieser Informationen zum Zeitpunkt der Dateneingabe angeben.<\/p>\n<p><strong>ARTIKEL 10 &#8211; COOKIES<\/strong><\/p>\n<p>Was ist ein &#8222;Cookie&#8220;?<\/p>\n<p>Ein \u201eCookie\u201c oder Tracker ist eine elektronische Datei, die auf einem Endger\u00e4t (Computer, Tablet, Smartphone usw.) gespeichert und beispielsweise beim Besuch einer Website, beim Lesen einer E-Mail, bei der Installation oder Nutzung einer Software oder einer mobilen Anwendung gelesen wird, unabh\u00e4ngig vom verwendeten Ger\u00e4tetyp (Quelle: https:\/\/www.cnil.fr\/fr\/cookies-traceurs-que-dit-la-loi).<\/p>\n<p>Beim Surfen auf dieser Website k\u00f6nnen &#8222;Cookies&#8220; von der f\u00fcr die Website verantwortlichen Gesellschaft und\/oder von Drittanbieterunternehmen auf Ihrem Endger\u00e4t platziert werden.<\/p>\n<p>Bei der ersten Nutzung dieser Website wird ein erkl\u00e4rendes Banner zur Verwendung von &#8222;Cookies&#8220; angezeigt. Daraufhin wird der Kunde und\/oder Interessent, der die Navigation fortsetzt, als informiert und mit der Verwendung dieser &#8222;Cookies&#8220; einverstanden angesehen. Die erteilte Einwilligung ist f\u00fcr einen Zeitraum von dreizehn (13) Monaten g\u00fcltig.<\/p>\n<p>Alle gesammelten Informationen werden nur zur Verfolgung des Volumens, Typs und der Konfiguration des Verkehrs auf dieser Website verwendet, um das Design und die Anordnung zu entwickeln und zu verbessern sowie f\u00fcr andere administrative und Planungszwecke und im Allgemeinen zur Verbesserung des von uns angebotenen Dienstes.<\/p>\n<p>Die folgenden Cookies sind auf dieser Website vorhanden:<\/p>\n<p>PHPSESSID: PHP-Sitzungs-Tracking (Suchkriterien, Navigation)<\/p>\n<p>cookie-acceptance-module: Speicherung der Annahme von Cookies<\/p>\n<p>Ihre Lebensdauer betr\u00e4gt dreizehn Monate.<\/p>\n<p>F\u00fcr weitere Informationen zur Verwendung, Verwaltung und L\u00f6schung von &#8222;Cookies&#8220;, f\u00fcr alle Arten von Browsern, laden wir Sie ein, den folgenden Link zu konsultieren: https:\/\/www.cnil.fr\/fr\/cookies-les-outils-pour-les-maitriser.<\/p>\n<p>Im Falle eines Versto\u00dfes jeglicher Art, f\u00fcr den die Parteien verantwortlich gemacht werden, und f\u00fcr den die Justizbeh\u00f6rden Kenntnis der gesammelten Informationen ben\u00f6tigen, werden diese Informationen auf deren ausdr\u00fccklichen und begr\u00fcndeten Antrag hin zwangsl\u00e4ufig an diese Beh\u00f6rden weitergegeben und unterliegen nicht mehr den Bestimmungen zum Schutz personenbezogener Daten.<\/p>\n<p>Wenn bestimmte Informationen f\u00fcr den Zugriff auf spezifische Funktionen der Website erforderlich sind, wird der Herausgeber die obligatorische Natur dieser Informationen zum Zeitpunkt der Dateneingabe angeben.<\/p>\n<p><strong>ARTIKEL 11 &#8211; FOTOGRAFIEN UND DARSTELLUNG DER PRODUKTE<\/strong><br>Die Produktfotos, die ihre Beschreibung begleiten, sind nicht vertraglich bindend und verpflichten den Herausgeber nicht.<\/p>\n<p><strong>ARTIKEL 12 &#8211; ANWENDBARES GESETZE<\/strong><\/p>\n<p>Die vorliegenden Nutzungsbedingungen der Website unterliegen dem franz\u00f6sischen Recht und der Gerichtsbarkeit der Gerichte des Hauptsitzes des Herausgebers, vorbehaltlich einer besonderen Zust\u00e4ndigkeitszuweisung gem\u00e4\u00df einer speziellen gesetzlichen oder regulatorischen Bestimmung.<\/p>\n<p><strong>ARTIKEL 13 &#8211; KONTAKTAUFNAHME MIT UNS<\/strong><\/p>\n<p>F\u00fcr Fragen, Informationen zu den auf der Website pr\u00e4sentierten Produkten oder Informationen zur Website selbst k\u00f6nnen Sie eine Nachricht \u00fcber das Kontaktformular auf der Kontaktseite hinterlassen.<\/p>\t\t\t\t\t\t<\/div>\n\t\t\t\t<\/div>\n\t\t\t\t\t<\/div>\n\t\t<\/div>\n\t\t\t\t\t<\/div>\n\t\t<\/section>\n\t\t\t\t<\/div>\n\t\t","protected":false},"excerpt":{"rendered":"<p>Rechtliche Hinweise Das Unternehmen ELLADOS SHOP, das sich um die Rechte von Einzelpersonen, insbesondere im Hinblick auf automatisierte Verarbeitungen, k\u00fcmmert und in einem transparenten Umgang mit seinen Kunden bestrebt ist, hat eine Richtlinie eingef\u00fchrt, die alle diese Verarbeitungen, die von ihnen verfolgten Zwecke und die Mittel zur Verf\u00fcgung stellt, damit Einzelpersonen ihre Rechte bestm\u00f6glich aus\u00fcben [&hellip;]<\/p>\n","protected":false},"author":50,"featured_media":0,"parent":0,"menu_order":0,"comment_status":"closed","ping_status":"closed","template":"","meta":{"footnotes":""},"class_list":["post-2728","page","type-page","status-publish","hentry"],"yoast_head":"<!-- This site is optimized with the Yoast SEO plugin v26.8 - https:\/\/yoast.com\/product\/yoast-seo-wordpress\/ -->\n<title>Rechtliche Hinweise - Ellados<\/title>\n<meta name=\"robots\" content=\"index, follow, max-snippet:-1, max-image-preview:large, max-video-preview:-1\" \/>\n<link rel=\"canonical\" href=\"https:\/\/ellados-shop.com\/de\/rechtliche-hinweise\/\" \/>\n<meta property=\"og:locale\" content=\"de_DE\" \/>\n<meta property=\"og:type\" content=\"article\" \/>\n<meta property=\"og:title\" content=\"Rechtliche Hinweise - Ellados\" \/>\n<meta property=\"og:description\" content=\"Rechtliche Hinweise Das Unternehmen ELLADOS SHOP, das sich um die Rechte von Einzelpersonen, insbesondere im Hinblick auf automatisierte Verarbeitungen, k\u00fcmmert und in einem transparenten Umgang mit seinen Kunden bestrebt ist, hat eine Richtlinie eingef\u00fchrt, die alle diese Verarbeitungen, die von ihnen verfolgten Zwecke und die Mittel zur Verf\u00fcgung stellt, damit Einzelpersonen ihre Rechte bestm\u00f6glich aus\u00fcben [&hellip;]\" \/>\n<meta property=\"og:url\" content=\"https:\/\/ellados-shop.com\/de\/rechtliche-hinweise\/\" \/>\n<meta property=\"og:site_name\" content=\"Ellados\" \/>\n<meta property=\"article:modified_time\" content=\"2024-04-12T17:45:10+00:00\" \/>\n<meta name=\"twitter:card\" content=\"summary_large_image\" \/>\n<meta name=\"twitter:label1\" content=\"Gesch\u00e4tzte Lesezeit\" \/>\n\t<meta name=\"twitter:data1\" content=\"9\u00a0Minuten\" \/>\n<script type=\"application\/ld+json\" class=\"yoast-schema-graph\">{\"@context\":\"https:\/\/schema.org\",\"@graph\":[{\"@type\":\"WebPage\",\"@id\":\"https:\/\/ellados-shop.com\/de\/rechtliche-hinweise\/\",\"url\":\"https:\/\/ellados-shop.com\/de\/rechtliche-hinweise\/\",\"name\":\"Rechtliche Hinweise - Ellados\",\"isPartOf\":{\"@id\":\"https:\/\/ellados-shop.com\/de\/#website\"},\"datePublished\":\"2023-02-22T08:00:16+00:00\",\"dateModified\":\"2024-04-12T17:45:10+00:00\",\"breadcrumb\":{\"@id\":\"https:\/\/ellados-shop.com\/de\/rechtliche-hinweise\/#breadcrumb\"},\"inLanguage\":\"de\",\"potentialAction\":[{\"@type\":\"ReadAction\",\"target\":[\"https:\/\/ellados-shop.com\/de\/rechtliche-hinweise\/\"]}]},{\"@type\":\"BreadcrumbList\",\"@id\":\"https:\/\/ellados-shop.com\/de\/rechtliche-hinweise\/#breadcrumb\",\"itemListElement\":[{\"@type\":\"ListItem\",\"position\":1,\"name\":\"Accueil\",\"item\":\"https:\/\/ellados-shop.com\/de\/accueil-v2\/\"},{\"@type\":\"ListItem\",\"position\":2,\"name\":\"Rechtliche Hinweise\"}]},{\"@type\":\"WebSite\",\"@id\":\"https:\/\/ellados-shop.com\/de\/#website\",\"url\":\"https:\/\/ellados-shop.com\/de\/\",\"name\":\"Ellados\",\"description\":\"\",\"potentialAction\":[{\"@type\":\"SearchAction\",\"target\":{\"@type\":\"EntryPoint\",\"urlTemplate\":\"https:\/\/ellados-shop.com\/de\/?s={search_term_string}\"},\"query-input\":{\"@type\":\"PropertyValueSpecification\",\"valueRequired\":true,\"valueName\":\"search_term_string\"}}],\"inLanguage\":\"de\"}]}<\/script>\n<!-- \/ Yoast SEO plugin. -->","yoast_head_json":{"title":"Rechtliche Hinweise - Ellados","robots":{"index":"index","follow":"follow","max-snippet":"max-snippet:-1","max-image-preview":"max-image-preview:large","max-video-preview":"max-video-preview:-1"},"canonical":"https:\/\/ellados-shop.com\/de\/rechtliche-hinweise\/","og_locale":"de_DE","og_type":"article","og_title":"Rechtliche Hinweise - Ellados","og_description":"Rechtliche Hinweise Das Unternehmen ELLADOS SHOP, das sich um die Rechte von Einzelpersonen, insbesondere im Hinblick auf automatisierte Verarbeitungen, k\u00fcmmert und in einem transparenten Umgang mit seinen Kunden bestrebt ist, hat eine Richtlinie eingef\u00fchrt, die alle diese Verarbeitungen, die von ihnen verfolgten Zwecke und die Mittel zur Verf\u00fcgung stellt, damit Einzelpersonen ihre Rechte bestm\u00f6glich aus\u00fcben [&hellip;]","og_url":"https:\/\/ellados-shop.com\/de\/rechtliche-hinweise\/","og_site_name":"Ellados","article_modified_time":"2024-04-12T17:45:10+00:00","twitter_card":"summary_large_image","twitter_misc":{"Gesch\u00e4tzte Lesezeit":"9\u00a0Minuten"},"schema":{"@context":"https:\/\/schema.org","@graph":[{"@type":"WebPage","@id":"https:\/\/ellados-shop.com\/de\/rechtliche-hinweise\/","url":"https:\/\/ellados-shop.com\/de\/rechtliche-hinweise\/","name":"Rechtliche Hinweise - Ellados","isPartOf":{"@id":"https:\/\/ellados-shop.com\/de\/#website"},"datePublished":"2023-02-22T08:00:16+00:00","dateModified":"2024-04-12T17:45:10+00:00","breadcrumb":{"@id":"https:\/\/ellados-shop.com\/de\/rechtliche-hinweise\/#breadcrumb"},"inLanguage":"de","potentialAction":[{"@type":"ReadAction","target":["https:\/\/ellados-shop.com\/de\/rechtliche-hinweise\/"]}]},{"@type":"BreadcrumbList","@id":"https:\/\/ellados-shop.com\/de\/rechtliche-hinweise\/#breadcrumb","itemListElement":[{"@type":"ListItem","position":1,"name":"Accueil","item":"https:\/\/ellados-shop.com\/de\/accueil-v2\/"},{"@type":"ListItem","position":2,"name":"Rechtliche Hinweise"}]},{"@type":"WebSite","@id":"https:\/\/ellados-shop.com\/de\/#website","url":"https:\/\/ellados-shop.com\/de\/","name":"Ellados","description":"","potentialAction":[{"@type":"SearchAction","target":{"@type":"EntryPoint","urlTemplate":"https:\/\/ellados-shop.com\/de\/?s={search_term_string}"},"query-input":{"@type":"PropertyValueSpecification","valueRequired":true,"valueName":"search_term_string"}}],"inLanguage":"de"}]}},"_links":{"self":[{"href":"https:\/\/ellados-shop.com\/de\/wp-json\/wp\/v2\/pages\/2728","targetHints":{"allow":["GET"]}}],"collection":[{"href":"https:\/\/ellados-shop.com\/de\/wp-json\/wp\/v2\/pages"}],"about":[{"href":"https:\/\/ellados-shop.com\/de\/wp-json\/wp\/v2\/types\/page"}],"author":[{"embeddable":true,"href":"https:\/\/ellados-shop.com\/de\/wp-json\/wp\/v2\/users\/50"}],"replies":[{"embeddable":true,"href":"https:\/\/ellados-shop.com\/de\/wp-json\/wp\/v2\/comments?post=2728"}],"version-history":[{"count":0,"href":"https:\/\/ellados-shop.com\/de\/wp-json\/wp\/v2\/pages\/2728\/revisions"}],"wp:attachment":[{"href":"https:\/\/ellados-shop.com\/de\/wp-json\/wp\/v2\/media?parent=2728"}],"curies":[{"name":"wp","href":"https:\/\/api.w.org\/{rel}","templated":true}]}}