{"id":2615,"date":"2024-03-27T18:12:14","date_gmt":"2024-03-27T17:12:14","guid":{"rendered":"https:\/\/ellados-shop.com\/unkategorisiert\/rotwein-route-111-troupis-winery\/"},"modified":"2025-02-05T23:02:04","modified_gmt":"2025-02-05T22:02:04","slug":"rotwein-route-111-troupis-winery","status":"publish","type":"product","link":"https:\/\/ellados-shop.com\/de\/laden\/weine\/rotwein-route-111-troupis-winery\/","title":{"rendered":"Trockener griechischer Rotwein &#8222;Route 111&#8220; &#8211; Troupis Winery"},"content":{"rendered":"<p>Dieser au\u00dfergew\u00f6hnliche trockene Rotwein hat seinen Namen von der mythischen Route 111. Diese Route verbindet die Regionen Nemea und Aigialeia. Sie f\u00fchrt durch malerische Weinberge, die f\u00fcr diese Weinregion des Peloponnes typisch sind. Auf diesen B\u00f6den arbeiten die Winzer mit Leidenschaft und Hingabe. Die Familie Troupis hat diesen Ansatz gew\u00e4hlt, um Ihnen einen griechischen Rotwein, trocken und von starkem Charakter, anzubieten. Dieser Wein tr\u00e4gt das gesch\u00fctzte geografische Indikationslabel Peloponnes. Der trockene Rotwein &#8218;Route 111&#8216; ist ein griechischer Wein, der auf den ersten Blick mit seiner tiefroten Farbe fasziniert, die auf die Tiefe und Komplexit\u00e4t hinweist, die sich in jedem Schluck verbergen. Durch sein berauschendes Bouquet offenbart er eine exquisite Mischung aus reifen schwarzen Fr\u00fcchten, Cassis und Kirschen, durchzogen von feinen w\u00fcrzigen und holzigen Nuancen. Eine wahre Aromasymphonie, die die Sinne erweckt und ein unvergessliches Geschmackserlebnis verspricht. Am Gaumen fesselt dieser trockene Rotwein durch sein perfektes Gleichgewicht zwischen Kraft und Eleganz. Die Aromen reifer schwarzer Fr\u00fcchte sind wunderbar durch samtige Tannine und lebhafte S\u00e4ure strukturiert. Er wird Ihre roten Fleischgerichte, w\u00fcrzigen Suppen und cremigen Gerichte oder K\u00e4se-Spezialit\u00e4ten verzaubern. Get your kicks on Route 111!!! <em>(Nehmen Sie Ihren Fu\u00df auf die Route 111!!!)<\/em><\/p>\n<p>&nbsp;<\/p>\n<p>&nbsp;<\/p>\n","protected":false},"excerpt":{"rendered":"<p>Dieser au\u00dfergew\u00f6hnliche Rotwein wird Sie angenehm \u00fcberraschen. In der Nase bietet &#8218;Route 111&#8216; ein <strong>berauschendes Bouquet reifer schwarzer Fr\u00fcchte<\/strong>. Am Gaumen fesselt er durch sein perfektes <strong>Gleichgewicht<\/strong> zwischen <strong>Kraft und Eleganz.<\/strong>   <\/p>\n","protected":false},"featured_media":6164,"comment_status":"closed","ping_status":"closed","template":"","meta":[],"product_brand":[],"product_cat":[68,83,86],"product_tag":[],"class_list":{"0":"post-2615","1":"product","2":"type-product","3":"status-publish","4":"has-post-thumbnail","6":"product_cat-laden","7":"product_cat-weine","8":"product_cat-rotwein","10":"first","11":"outofstock","12":"taxable","13":"shipping-taxable","14":"purchasable","15":"product-type-simple"},"yoast_head":"<!-- This site is optimized with the Yoast SEO plugin v26.8 - https:\/\/yoast.com\/product\/yoast-seo-wordpress\/ -->\n<title>Trockener griechischer Rotwein Route 111 - Troupis Winery - Ellados<\/title>\n<meta name=\"description\" content=\"Der trockene Rotwein Route 111 ist ein fesselnder griechischer Wein, der durch sein perfektes Gleichgewicht zwischen Kraft und Eleganz besticht. Lassen Sie sich auf der &quot;Route 111&quot; f\u00fchren!\" \/>\n<meta name=\"robots\" content=\"index, follow, max-snippet:-1, max-image-preview:large, max-video-preview:-1\" \/>\n<link rel=\"canonical\" href=\"https:\/\/ellados-shop.com\/de\/laden\/weine\/rotwein-route-111-troupis-winery\/\" \/>\n<meta property=\"og:locale\" content=\"de_DE\" \/>\n<meta property=\"og:type\" content=\"article\" \/>\n<meta property=\"og:title\" content=\"Trockener griechischer Rotwein Route 111 - Troupis Winery - Ellados\" \/>\n<meta property=\"og:description\" content=\"Der trockene Rotwein Route 111 ist ein fesselnder griechischer Wein, der durch sein perfektes Gleichgewicht zwischen Kraft und Eleganz besticht. Lassen Sie sich auf der &quot;Route 111&quot; f\u00fchren!\" \/>\n<meta property=\"og:url\" content=\"https:\/\/ellados-shop.com\/de\/laden\/weine\/rotwein-route-111-troupis-winery\/\" \/>\n<meta property=\"og:site_name\" content=\"Ellados\" \/>\n<meta property=\"article:modified_time\" content=\"2025-02-05T22:02:04+00:00\" \/>\n<meta property=\"og:image\" content=\"https:\/\/ellados-shop.com\/wp-content\/uploads\/ROUTE-111-1.png\" \/>\n\t<meta property=\"og:image:width\" content=\"450\" \/>\n\t<meta property=\"og:image:height\" content=\"600\" \/>\n\t<meta property=\"og:image:type\" content=\"image\/png\" \/>\n<meta name=\"twitter:card\" content=\"summary_large_image\" \/>\n<meta name=\"twitter:label1\" content=\"Gesch\u00e4tzte Lesezeit\" \/>\n\t<meta name=\"twitter:data1\" content=\"2\u00a0Minuten\" \/>\n<script type=\"application\/ld+json\" class=\"yoast-schema-graph\">{\"@context\":\"https:\/\/schema.org\",\"@graph\":[{\"@type\":\"WebPage\",\"@id\":\"https:\/\/ellados-shop.com\/de\/laden\/weine\/rotwein-route-111-troupis-winery\/\",\"url\":\"https:\/\/ellados-shop.com\/de\/laden\/weine\/rotwein-route-111-troupis-winery\/\",\"name\":\"Trockener griechischer Rotwein Route 111 - Troupis Winery - Ellados\",\"isPartOf\":{\"@id\":\"https:\/\/ellados-shop.com\/de\/#website\"},\"primaryImageOfPage\":{\"@id\":\"https:\/\/ellados-shop.com\/de\/laden\/weine\/rotwein-route-111-troupis-winery\/#primaryimage\"},\"image\":{\"@id\":\"https:\/\/ellados-shop.com\/de\/laden\/weine\/rotwein-route-111-troupis-winery\/#primaryimage\"},\"thumbnailUrl\":\"https:\/\/ellados-shop.com\/wp-content\/uploads\/vin-rouge-grec-2.png\",\"datePublished\":\"2024-03-27T17:12:14+00:00\",\"dateModified\":\"2025-02-05T22:02:04+00:00\",\"description\":\"Der trockene Rotwein Route 111 ist ein fesselnder griechischer Wein, der durch sein perfektes Gleichgewicht zwischen Kraft und Eleganz besticht. Lassen Sie sich auf der \\\"Route 111\\\" f\u00fchren!\",\"breadcrumb\":{\"@id\":\"https:\/\/ellados-shop.com\/de\/laden\/weine\/rotwein-route-111-troupis-winery\/#breadcrumb\"},\"inLanguage\":\"de\",\"potentialAction\":[{\"@type\":\"ReadAction\",\"target\":[\"https:\/\/ellados-shop.com\/de\/laden\/weine\/rotwein-route-111-troupis-winery\/\"]}]},{\"@type\":\"ImageObject\",\"inLanguage\":\"de\",\"@id\":\"https:\/\/ellados-shop.com\/de\/laden\/weine\/rotwein-route-111-troupis-winery\/#primaryimage\",\"url\":\"https:\/\/ellados-shop.com\/wp-content\/uploads\/vin-rouge-grec-2.png\",\"contentUrl\":\"https:\/\/ellados-shop.com\/wp-content\/uploads\/vin-rouge-grec-2.png\",\"width\":450,\"height\":450,\"caption\":\"VIN ROUGE BIO\"},{\"@type\":\"BreadcrumbList\",\"@id\":\"https:\/\/ellados-shop.com\/de\/laden\/weine\/rotwein-route-111-troupis-winery\/#breadcrumb\",\"itemListElement\":[{\"@type\":\"ListItem\",\"position\":1,\"name\":\"Accueil\",\"item\":\"https:\/\/ellados-shop.com\/de\/accueil-v2\/\"},{\"@type\":\"ListItem\",\"position\":2,\"name\":\"Boutique\",\"item\":\"https:\/\/ellados-shop.com\/boutique\/\"},{\"@type\":\"ListItem\",\"position\":3,\"name\":\"Trockener griechischer Rotwein \u00ab\u00a0Route 111\u00a0\u00bb &#8211; Troupis Winery\"}]},{\"@type\":\"WebSite\",\"@id\":\"https:\/\/ellados-shop.com\/de\/#website\",\"url\":\"https:\/\/ellados-shop.com\/de\/\",\"name\":\"Ellados\",\"description\":\"\",\"potentialAction\":[{\"@type\":\"SearchAction\",\"target\":{\"@type\":\"EntryPoint\",\"urlTemplate\":\"https:\/\/ellados-shop.com\/de\/?s={search_term_string}\"},\"query-input\":{\"@type\":\"PropertyValueSpecification\",\"valueRequired\":true,\"valueName\":\"search_term_string\"}}],\"inLanguage\":\"de\"}]}<\/script>\n<!-- \/ Yoast SEO plugin. -->","yoast_head_json":{"title":"Trockener griechischer Rotwein Route 111 - Troupis Winery - Ellados","description":"Der trockene Rotwein Route 111 ist ein fesselnder griechischer Wein, der durch sein perfektes Gleichgewicht zwischen Kraft und Eleganz besticht. Lassen Sie sich auf der \"Route 111\" f\u00fchren!","robots":{"index":"index","follow":"follow","max-snippet":"max-snippet:-1","max-image-preview":"max-image-preview:large","max-video-preview":"max-video-preview:-1"},"canonical":"https:\/\/ellados-shop.com\/de\/laden\/weine\/rotwein-route-111-troupis-winery\/","og_locale":"de_DE","og_type":"article","og_title":"Trockener griechischer Rotwein Route 111 - Troupis Winery - Ellados","og_description":"Der trockene Rotwein Route 111 ist ein fesselnder griechischer Wein, der durch sein perfektes Gleichgewicht zwischen Kraft und Eleganz besticht. Lassen Sie sich auf der \"Route 111\" f\u00fchren!","og_url":"https:\/\/ellados-shop.com\/de\/laden\/weine\/rotwein-route-111-troupis-winery\/","og_site_name":"Ellados","article_modified_time":"2025-02-05T22:02:04+00:00","og_image":[{"width":450,"height":600,"url":"https:\/\/ellados-shop.com\/wp-content\/uploads\/ROUTE-111-1.png","type":"image\/png"}],"twitter_card":"summary_large_image","twitter_misc":{"Gesch\u00e4tzte Lesezeit":"2\u00a0Minuten"},"schema":{"@context":"https:\/\/schema.org","@graph":[{"@type":"WebPage","@id":"https:\/\/ellados-shop.com\/de\/laden\/weine\/rotwein-route-111-troupis-winery\/","url":"https:\/\/ellados-shop.com\/de\/laden\/weine\/rotwein-route-111-troupis-winery\/","name":"Trockener griechischer Rotwein Route 111 - Troupis Winery - Ellados","isPartOf":{"@id":"https:\/\/ellados-shop.com\/de\/#website"},"primaryImageOfPage":{"@id":"https:\/\/ellados-shop.com\/de\/laden\/weine\/rotwein-route-111-troupis-winery\/#primaryimage"},"image":{"@id":"https:\/\/ellados-shop.com\/de\/laden\/weine\/rotwein-route-111-troupis-winery\/#primaryimage"},"thumbnailUrl":"https:\/\/ellados-shop.com\/wp-content\/uploads\/vin-rouge-grec-2.png","datePublished":"2024-03-27T17:12:14+00:00","dateModified":"2025-02-05T22:02:04+00:00","description":"Der trockene Rotwein Route 111 ist ein fesselnder griechischer Wein, der durch sein perfektes Gleichgewicht zwischen Kraft und Eleganz besticht. Lassen Sie sich auf der \"Route 111\" f\u00fchren!","breadcrumb":{"@id":"https:\/\/ellados-shop.com\/de\/laden\/weine\/rotwein-route-111-troupis-winery\/#breadcrumb"},"inLanguage":"de","potentialAction":[{"@type":"ReadAction","target":["https:\/\/ellados-shop.com\/de\/laden\/weine\/rotwein-route-111-troupis-winery\/"]}]},{"@type":"ImageObject","inLanguage":"de","@id":"https:\/\/ellados-shop.com\/de\/laden\/weine\/rotwein-route-111-troupis-winery\/#primaryimage","url":"https:\/\/ellados-shop.com\/wp-content\/uploads\/vin-rouge-grec-2.png","contentUrl":"https:\/\/ellados-shop.com\/wp-content\/uploads\/vin-rouge-grec-2.png","width":450,"height":450,"caption":"VIN ROUGE BIO"},{"@type":"BreadcrumbList","@id":"https:\/\/ellados-shop.com\/de\/laden\/weine\/rotwein-route-111-troupis-winery\/#breadcrumb","itemListElement":[{"@type":"ListItem","position":1,"name":"Accueil","item":"https:\/\/ellados-shop.com\/de\/accueil-v2\/"},{"@type":"ListItem","position":2,"name":"Boutique","item":"https:\/\/ellados-shop.com\/boutique\/"},{"@type":"ListItem","position":3,"name":"Trockener griechischer Rotwein \u00ab\u00a0Route 111\u00a0\u00bb &#8211; Troupis Winery"}]},{"@type":"WebSite","@id":"https:\/\/ellados-shop.com\/de\/#website","url":"https:\/\/ellados-shop.com\/de\/","name":"Ellados","description":"","potentialAction":[{"@type":"SearchAction","target":{"@type":"EntryPoint","urlTemplate":"https:\/\/ellados-shop.com\/de\/?s={search_term_string}"},"query-input":{"@type":"PropertyValueSpecification","valueRequired":true,"valueName":"search_term_string"}}],"inLanguage":"de"}]}},"_links":{"self":[{"href":"https:\/\/ellados-shop.com\/de\/wp-json\/wp\/v2\/product\/2615","targetHints":{"allow":["GET"]}}],"collection":[{"href":"https:\/\/ellados-shop.com\/de\/wp-json\/wp\/v2\/product"}],"about":[{"href":"https:\/\/ellados-shop.com\/de\/wp-json\/wp\/v2\/types\/product"}],"replies":[{"embeddable":true,"href":"https:\/\/ellados-shop.com\/de\/wp-json\/wp\/v2\/comments?post=2615"}],"wp:featuredmedia":[{"embeddable":true,"href":"https:\/\/ellados-shop.com\/de\/wp-json\/wp\/v2\/media\/6164"}],"wp:attachment":[{"href":"https:\/\/ellados-shop.com\/de\/wp-json\/wp\/v2\/media?parent=2615"}],"wp:term":[{"taxonomy":"product_brand","embeddable":true,"href":"https:\/\/ellados-shop.com\/de\/wp-json\/wp\/v2\/product_brand?post=2615"},{"taxonomy":"product_cat","embeddable":true,"href":"https:\/\/ellados-shop.com\/de\/wp-json\/wp\/v2\/product_cat?post=2615"},{"taxonomy":"product_tag","embeddable":true,"href":"https:\/\/ellados-shop.com\/de\/wp-json\/wp\/v2\/product_tag?post=2615"}],"curies":[{"name":"wp","href":"https:\/\/api.w.org\/{rel}","templated":true}]}}