{"id":2616,"date":"2024-03-28T02:42:45","date_gmt":"2024-03-28T01:42:45","guid":{"rendered":"https:\/\/ellados-shop.com\/unkategorisiert\/wein-rose-igp-mati-fortuna-astir-x-weingut\/"},"modified":"2026-03-10T13:46:44","modified_gmt":"2026-03-10T12:46:44","slug":"wein-rose-igp-mati-fortuna-astir-x-weingut","status":"publish","type":"product","link":"https:\/\/ellados-shop.com\/de\/laden\/weine\/rosewein\/wein-rose-igp-mati-fortuna-astir-x-weingut\/","title":{"rendered":"Trockener Ros\u00e9wein Mati Fortuna &#8211; Astir X Winery"},"content":{"rendered":"<p>Tauchen Sie ein in die faszinierende Welt des trockenen Ros\u00e9weins Mati Fortuna. Dieser Wein ist eine wahre Hymne an den Sommer und die Geselligkeit, mit Leidenschaft und Hingabe entwickelt. Die Mati Fortuna Weinkollektion, aus den Weinbergen des Weinguts Astir X stammend, verbindet gekonnt griechische Rebsorten mit den renommiertesten internationalen Sorten. Dieses Familienunternehmen pflegt mit Stolz das \u00fcberlieferte Fachwissen seiner Vorfahren seit 1930 <a href=\"https:\/\/ellados-shop.com\/actualites\/decouvrez-les-vins-grecs-originaires-du-peloponnese\/\">auf den heiligen Boden des Peloponnes. <\/a> Mit einer unvergleichlichen Frische und Raffinesse offenbart dieser charaktervolle griechische Ros\u00e9wein eine F\u00fclle von Blumen- und roten Fruchtaromen bereits beim ersten Kontakt. Im Mund entfaltet der trockene Ros\u00e9wein IGP &#8211; Mati Fortuna seine ganze Pracht. Sie werden dieses einzigartige Geschmackserlebnis genie\u00dfen. Als Ergebnis einer subtilen Vereinigung zwischen den Rebsorten Agiorgitiko und Merlot bezaubert er mit seinem knackigen und erfrischenden Finish. Vielseitig und exquis passt dieser Ros\u00e9wein wunderbar zu einer unendlichen Vielfalt von Speisen. Er wird mit Eleganz und Finesse Ihre griechischen Salate und Ihre k\u00f6stlichsten mediterranen Gerichte veredeln. Dieser Wein wird k\u00f6stlich zu Ihren Sommergrills und Barbecues passen. Er wird perfekt zu den feinsten K\u00e4sesorten und Ihren Desserts zum Abschluss des Mahls passen. Lassen Sie sich mit dem trockenen Ros\u00e9wein IGP Mati Fortuna zu neuen Geschmackshorizonten entf\u00fchren, eine sensorische Erfahrung, die bei jedem Schluck Ihre Sinne verzaubern wird. &nbsp;<\/p>\n<p>&nbsp;<\/p>\n<p>&nbsp;<\/p>\n","protected":false},"excerpt":{"rendered":"<p>Trockener Ros\u00e9wein, hergestellt aus der Verbindung zweier Rebsorten, Agiorgitiko und Merlot. Frisch und raffiniert, bietet dieser Ros\u00e9 Aromen von Blumen und roten Fr\u00fcchten. Seine blassrosa Farbe und sein knackiger Abgang machen ihn zu einem ausgewogenen und strukturierten Wein.  <\/p>\n","protected":false},"featured_media":6155,"comment_status":"closed","ping_status":"closed","template":"","meta":[],"product_brand":[],"product_cat":[68,83,85],"product_tag":[],"class_list":{"0":"post-2616","1":"product","2":"type-product","3":"status-publish","4":"has-post-thumbnail","6":"product_cat-laden","7":"product_cat-weine","8":"product_cat-rosewein","10":"first","11":"outofstock","12":"taxable","13":"shipping-taxable","14":"purchasable","15":"product-type-simple"},"yoast_head":"<!-- This site is optimized with the Yoast SEO plugin v26.8 - https:\/\/yoast.com\/product\/yoast-seo-wordpress\/ -->\n<title>Trockener Ros\u00e9wein Mati Fortuna - Astir X Winery - Ellados<\/title>\n<meta name=\"description\" content=\"Dieser trockene Ros\u00e9wein Mati Fortuna ist perfekt f\u00fcr Ihre festlichen Anl\u00e4sse geeignet, wie zum Beispiel ein Picknick im Freien, ein Grillabend mit Freunden oder Familienabende.\" \/>\n<meta name=\"robots\" content=\"index, follow, max-snippet:-1, max-image-preview:large, max-video-preview:-1\" \/>\n<link rel=\"canonical\" href=\"https:\/\/ellados-shop.com\/de\/laden\/weine\/rosewein\/wein-rose-igp-mati-fortuna-astir-x-weingut\/\" \/>\n<meta property=\"og:locale\" content=\"de_DE\" \/>\n<meta property=\"og:type\" content=\"article\" \/>\n<meta property=\"og:title\" content=\"Trockener Ros\u00e9wein Mati Fortuna - Astir X Winery - Ellados\" \/>\n<meta property=\"og:description\" content=\"Dieser trockene Ros\u00e9wein Mati Fortuna ist perfekt f\u00fcr Ihre festlichen Anl\u00e4sse geeignet, wie zum Beispiel ein Picknick im Freien, ein Grillabend mit Freunden oder Familienabende.\" \/>\n<meta property=\"og:url\" content=\"https:\/\/ellados-shop.com\/de\/laden\/weine\/rosewein\/wein-rose-igp-mati-fortuna-astir-x-weingut\/\" \/>\n<meta property=\"og:site_name\" content=\"Ellados\" \/>\n<meta property=\"article:modified_time\" content=\"2026-03-10T12:46:44+00:00\" \/>\n<meta property=\"og:image\" content=\"https:\/\/ellados-shop.com\/wp-content\/uploads\/vin-rose-grec-5.png\" \/>\n\t<meta property=\"og:image:width\" content=\"450\" \/>\n\t<meta property=\"og:image:height\" content=\"450\" \/>\n\t<meta property=\"og:image:type\" content=\"image\/png\" \/>\n<meta name=\"twitter:card\" content=\"summary_large_image\" \/>\n<meta name=\"twitter:label1\" content=\"Gesch\u00e4tzte Lesezeit\" \/>\n\t<meta name=\"twitter:data1\" content=\"1\u00a0Minute\" \/>\n<script type=\"application\/ld+json\" class=\"yoast-schema-graph\">{\"@context\":\"https:\/\/schema.org\",\"@graph\":[{\"@type\":\"WebPage\",\"@id\":\"https:\/\/ellados-shop.com\/de\/laden\/weine\/rosewein\/wein-rose-igp-mati-fortuna-astir-x-weingut\/\",\"url\":\"https:\/\/ellados-shop.com\/de\/laden\/weine\/rosewein\/wein-rose-igp-mati-fortuna-astir-x-weingut\/\",\"name\":\"Trockener Ros\u00e9wein Mati Fortuna - Astir X Winery - Ellados\",\"isPartOf\":{\"@id\":\"https:\/\/ellados-shop.com\/de\/#website\"},\"primaryImageOfPage\":{\"@id\":\"https:\/\/ellados-shop.com\/de\/laden\/weine\/rosewein\/wein-rose-igp-mati-fortuna-astir-x-weingut\/#primaryimage\"},\"image\":{\"@id\":\"https:\/\/ellados-shop.com\/de\/laden\/weine\/rosewein\/wein-rose-igp-mati-fortuna-astir-x-weingut\/#primaryimage\"},\"thumbnailUrl\":\"https:\/\/ellados-shop.com\/wp-content\/uploads\/vin-rose-grec-5.png\",\"datePublished\":\"2024-03-28T01:42:45+00:00\",\"dateModified\":\"2026-03-10T12:46:44+00:00\",\"description\":\"Dieser trockene Ros\u00e9wein Mati Fortuna ist perfekt f\u00fcr Ihre festlichen Anl\u00e4sse geeignet, wie zum Beispiel ein Picknick im Freien, ein Grillabend mit Freunden oder Familienabende.\",\"breadcrumb\":{\"@id\":\"https:\/\/ellados-shop.com\/de\/laden\/weine\/rosewein\/wein-rose-igp-mati-fortuna-astir-x-weingut\/#breadcrumb\"},\"inLanguage\":\"de\",\"potentialAction\":[{\"@type\":\"ReadAction\",\"target\":[\"https:\/\/ellados-shop.com\/de\/laden\/weine\/rosewein\/wein-rose-igp-mati-fortuna-astir-x-weingut\/\"]}]},{\"@type\":\"ImageObject\",\"inLanguage\":\"de\",\"@id\":\"https:\/\/ellados-shop.com\/de\/laden\/weine\/rosewein\/wein-rose-igp-mati-fortuna-astir-x-weingut\/#primaryimage\",\"url\":\"https:\/\/ellados-shop.com\/wp-content\/uploads\/vin-rose-grec-5.png\",\"contentUrl\":\"https:\/\/ellados-shop.com\/wp-content\/uploads\/vin-rose-grec-5.png\",\"width\":450,\"height\":450,\"caption\":\"vin ros\u00e9 grec\"},{\"@type\":\"BreadcrumbList\",\"@id\":\"https:\/\/ellados-shop.com\/de\/laden\/weine\/rosewein\/wein-rose-igp-mati-fortuna-astir-x-weingut\/#breadcrumb\",\"itemListElement\":[{\"@type\":\"ListItem\",\"position\":1,\"name\":\"Accueil\",\"item\":\"https:\/\/ellados-shop.com\/de\/accueil-v2\/\"},{\"@type\":\"ListItem\",\"position\":2,\"name\":\"Boutique\",\"item\":\"https:\/\/ellados-shop.com\/boutique\/\"},{\"@type\":\"ListItem\",\"position\":3,\"name\":\"Trockener Ros\u00e9wein Mati Fortuna &#8211; Astir X Winery\"}]},{\"@type\":\"WebSite\",\"@id\":\"https:\/\/ellados-shop.com\/de\/#website\",\"url\":\"https:\/\/ellados-shop.com\/de\/\",\"name\":\"Ellados\",\"description\":\"\",\"potentialAction\":[{\"@type\":\"SearchAction\",\"target\":{\"@type\":\"EntryPoint\",\"urlTemplate\":\"https:\/\/ellados-shop.com\/de\/?s={search_term_string}\"},\"query-input\":{\"@type\":\"PropertyValueSpecification\",\"valueRequired\":true,\"valueName\":\"search_term_string\"}}],\"inLanguage\":\"de\"}]}<\/script>\n<!-- \/ Yoast SEO plugin. -->","yoast_head_json":{"title":"Trockener Ros\u00e9wein Mati Fortuna - Astir X Winery - Ellados","description":"Dieser trockene Ros\u00e9wein Mati Fortuna ist perfekt f\u00fcr Ihre festlichen Anl\u00e4sse geeignet, wie zum Beispiel ein Picknick im Freien, ein Grillabend mit Freunden oder Familienabende.","robots":{"index":"index","follow":"follow","max-snippet":"max-snippet:-1","max-image-preview":"max-image-preview:large","max-video-preview":"max-video-preview:-1"},"canonical":"https:\/\/ellados-shop.com\/de\/laden\/weine\/rosewein\/wein-rose-igp-mati-fortuna-astir-x-weingut\/","og_locale":"de_DE","og_type":"article","og_title":"Trockener Ros\u00e9wein Mati Fortuna - Astir X Winery - Ellados","og_description":"Dieser trockene Ros\u00e9wein Mati Fortuna ist perfekt f\u00fcr Ihre festlichen Anl\u00e4sse geeignet, wie zum Beispiel ein Picknick im Freien, ein Grillabend mit Freunden oder Familienabende.","og_url":"https:\/\/ellados-shop.com\/de\/laden\/weine\/rosewein\/wein-rose-igp-mati-fortuna-astir-x-weingut\/","og_site_name":"Ellados","article_modified_time":"2026-03-10T12:46:44+00:00","og_image":[{"width":450,"height":450,"url":"https:\/\/ellados-shop.com\/wp-content\/uploads\/vin-rose-grec-5.png","type":"image\/png"}],"twitter_card":"summary_large_image","twitter_misc":{"Gesch\u00e4tzte Lesezeit":"1\u00a0Minute"},"schema":{"@context":"https:\/\/schema.org","@graph":[{"@type":"WebPage","@id":"https:\/\/ellados-shop.com\/de\/laden\/weine\/rosewein\/wein-rose-igp-mati-fortuna-astir-x-weingut\/","url":"https:\/\/ellados-shop.com\/de\/laden\/weine\/rosewein\/wein-rose-igp-mati-fortuna-astir-x-weingut\/","name":"Trockener Ros\u00e9wein Mati Fortuna - Astir X Winery - Ellados","isPartOf":{"@id":"https:\/\/ellados-shop.com\/de\/#website"},"primaryImageOfPage":{"@id":"https:\/\/ellados-shop.com\/de\/laden\/weine\/rosewein\/wein-rose-igp-mati-fortuna-astir-x-weingut\/#primaryimage"},"image":{"@id":"https:\/\/ellados-shop.com\/de\/laden\/weine\/rosewein\/wein-rose-igp-mati-fortuna-astir-x-weingut\/#primaryimage"},"thumbnailUrl":"https:\/\/ellados-shop.com\/wp-content\/uploads\/vin-rose-grec-5.png","datePublished":"2024-03-28T01:42:45+00:00","dateModified":"2026-03-10T12:46:44+00:00","description":"Dieser trockene Ros\u00e9wein Mati Fortuna ist perfekt f\u00fcr Ihre festlichen Anl\u00e4sse geeignet, wie zum Beispiel ein Picknick im Freien, ein Grillabend mit Freunden oder Familienabende.","breadcrumb":{"@id":"https:\/\/ellados-shop.com\/de\/laden\/weine\/rosewein\/wein-rose-igp-mati-fortuna-astir-x-weingut\/#breadcrumb"},"inLanguage":"de","potentialAction":[{"@type":"ReadAction","target":["https:\/\/ellados-shop.com\/de\/laden\/weine\/rosewein\/wein-rose-igp-mati-fortuna-astir-x-weingut\/"]}]},{"@type":"ImageObject","inLanguage":"de","@id":"https:\/\/ellados-shop.com\/de\/laden\/weine\/rosewein\/wein-rose-igp-mati-fortuna-astir-x-weingut\/#primaryimage","url":"https:\/\/ellados-shop.com\/wp-content\/uploads\/vin-rose-grec-5.png","contentUrl":"https:\/\/ellados-shop.com\/wp-content\/uploads\/vin-rose-grec-5.png","width":450,"height":450,"caption":"vin ros\u00e9 grec"},{"@type":"BreadcrumbList","@id":"https:\/\/ellados-shop.com\/de\/laden\/weine\/rosewein\/wein-rose-igp-mati-fortuna-astir-x-weingut\/#breadcrumb","itemListElement":[{"@type":"ListItem","position":1,"name":"Accueil","item":"https:\/\/ellados-shop.com\/de\/accueil-v2\/"},{"@type":"ListItem","position":2,"name":"Boutique","item":"https:\/\/ellados-shop.com\/boutique\/"},{"@type":"ListItem","position":3,"name":"Trockener Ros\u00e9wein Mati Fortuna &#8211; Astir X Winery"}]},{"@type":"WebSite","@id":"https:\/\/ellados-shop.com\/de\/#website","url":"https:\/\/ellados-shop.com\/de\/","name":"Ellados","description":"","potentialAction":[{"@type":"SearchAction","target":{"@type":"EntryPoint","urlTemplate":"https:\/\/ellados-shop.com\/de\/?s={search_term_string}"},"query-input":{"@type":"PropertyValueSpecification","valueRequired":true,"valueName":"search_term_string"}}],"inLanguage":"de"}]}},"_links":{"self":[{"href":"https:\/\/ellados-shop.com\/de\/wp-json\/wp\/v2\/product\/2616","targetHints":{"allow":["GET"]}}],"collection":[{"href":"https:\/\/ellados-shop.com\/de\/wp-json\/wp\/v2\/product"}],"about":[{"href":"https:\/\/ellados-shop.com\/de\/wp-json\/wp\/v2\/types\/product"}],"replies":[{"embeddable":true,"href":"https:\/\/ellados-shop.com\/de\/wp-json\/wp\/v2\/comments?post=2616"}],"wp:featuredmedia":[{"embeddable":true,"href":"https:\/\/ellados-shop.com\/de\/wp-json\/wp\/v2\/media\/6155"}],"wp:attachment":[{"href":"https:\/\/ellados-shop.com\/de\/wp-json\/wp\/v2\/media?parent=2616"}],"wp:term":[{"taxonomy":"product_brand","embeddable":true,"href":"https:\/\/ellados-shop.com\/de\/wp-json\/wp\/v2\/product_brand?post=2616"},{"taxonomy":"product_cat","embeddable":true,"href":"https:\/\/ellados-shop.com\/de\/wp-json\/wp\/v2\/product_cat?post=2616"},{"taxonomy":"product_tag","embeddable":true,"href":"https:\/\/ellados-shop.com\/de\/wp-json\/wp\/v2\/product_tag?post=2616"}],"curies":[{"name":"wp","href":"https:\/\/api.w.org\/{rel}","templated":true}]}}