{"id":2617,"date":"2024-03-29T13:54:42","date_gmt":"2024-03-29T12:54:42","guid":{"rendered":"https:\/\/ellados-shop.com\/unkategorisiert\/rotwein-bio-agiorgitiko-zacharias-winery\/"},"modified":"2024-10-16T00:02:30","modified_gmt":"2024-10-15T22:02:30","slug":"rotwein-bio-agiorgitiko-zacharias-winery","status":"publish","type":"product","link":"https:\/\/ellados-shop.com\/de\/laden\/weine\/rotwein\/rotwein-bio-agiorgitiko-zacharias-winery\/","title":{"rendered":"Rotwein &#8211; Bio &#8211; 2023 &#8211; Zacharias Winery"},"content":{"rendered":"<p>Dieser Bio-Rotwein Agiorgitiko von Zacharias Winery stammt aus der gleichnamigen Rebsorte. Er bietet ein reiches und ausgewogenes Geschmackserlebnis. <a href=\"https:\/\/ellados-shop.com\/actualites\/decouvrez-les-tresors-viticoles-du-peloponnese\/\">Das Weingut Zacharias <\/a> ist eines der \u00e4ltesten in der Appellation N\u00e9m\u00e9e (Nemea). Er ist au\u00dferdem von der AOP N\u00e9m\u00e9a zertifiziert. Das Weingut Zacharias erstreckt sich \u00fcber die Berge der Region in H\u00f6henlagen zwischen 200 und 850 Metern. Diese geografische Vielfalt erm\u00f6glicht es, Anbaufl\u00e4chen mit verschiedenen Mikroklimazonen zu haben. In der Tat unterscheidet sich die Reifung der Reben je nach Anbaugebiet. Das f\u00fchrt zu sehr unterschiedlichen Weinen. Nach mehr als 60 Jahren des Bestehens und der Erfahrung hat sich das Weingut heute auf <strong>biologischen Anbau<\/strong> umgestellt. Ein Teil dieser Parzellen ist nun f\u00fcr den \u00f6kologischen Anbau reserviert. Zun\u00e4chst zeichnet sich der Bio-Rotwein Agiorgitiko durch ein tiefes und intensives Rubinrot aus, das seine Konzentration und Reife widerspiegelt. Im Mund entfaltet er komplexe Aromen von reichen Fr\u00fcchten: Herzkirsche, Steinobst, saure Pflaumen und Erdbeeren. Dieser Rotwein eignet sich auch hervorragend, um ein Barbecue, eine Feuerstelle oder eine Plancha mit Freunden oder Kollegen zu genie\u00dfen. Laden Sie diesen Wein mit reichen und schmeichelhaften Aromen zu Ihren festlichen Tischen ein. Dieser 100% Bio-Rotwein passt perfekt zu gegrilltem Schweinefleisch, Lamm oder Rindfleisch in Saucen, gegrillt oder gebraten. Er harmoniert auch mit w\u00fcrzigen Gerichten oder kr\u00e4ftigen K\u00e4sesorten. Genie\u00dfen Sie ihn bei geselligen Anl\u00e4ssen und lassen Sie sich von der Reichhaltigkeit und Komplexit\u00e4t dieses au\u00dfergew\u00f6hnlichen Weins verzaubern. &nbsp;<\/p>\n","protected":false},"excerpt":{"rendered":"<p>Bio-Rotwein, 100 % Agiorgitiko-Traube. In der Nase erleben Sie Aromen von saftigen Kirschen und s\u00fc\u00dfen Erdbeeren. Am Gaumen entdecken Sie zarte Fruchtaromen, verfeinert mit einem subtilen Vanillehauch. Bei Zimmertemperatur servieren.    &nbsp;<\/p>\n","protected":false},"featured_media":6167,"comment_status":"closed","ping_status":"closed","template":"","meta":[],"product_brand":[],"product_cat":[68,83,86],"product_tag":[],"class_list":{"0":"post-2617","1":"product","2":"type-product","3":"status-publish","4":"has-post-thumbnail","6":"product_cat-laden","7":"product_cat-weine","8":"product_cat-rotwein","10":"first","11":"outofstock","12":"taxable","13":"shipping-taxable","14":"purchasable","15":"product-type-simple"},"yoast_head":"<!-- This site is optimized with the Yoast SEO plugin v26.8 - https:\/\/yoast.com\/product\/yoast-seo-wordpress\/ -->\n<title>Rotwein Agiorgitiko Bio - Zacharias Winery - Ellados<\/title>\n<meta name=\"description\" content=\"Dieser Bio-Rotwein Agiorgitiko mit Aromen von Kirsche und roten Fr\u00fcchten passt wunderbar zu all Ihren w\u00fcrzigen Gerichten oder zu Platten zum Teilen mit Freunden.\" \/>\n<meta name=\"robots\" content=\"index, follow, max-snippet:-1, max-image-preview:large, max-video-preview:-1\" \/>\n<link rel=\"canonical\" href=\"https:\/\/ellados-shop.com\/de\/laden\/weine\/rotwein\/rotwein-bio-agiorgitiko-zacharias-winery\/\" \/>\n<meta property=\"og:locale\" content=\"de_DE\" \/>\n<meta property=\"og:type\" content=\"article\" \/>\n<meta property=\"og:title\" content=\"Rotwein Agiorgitiko Bio - Zacharias Winery - Ellados\" \/>\n<meta property=\"og:description\" content=\"Dieser Bio-Rotwein Agiorgitiko mit Aromen von Kirsche und roten Fr\u00fcchten passt wunderbar zu all Ihren w\u00fcrzigen Gerichten oder zu Platten zum Teilen mit Freunden.\" \/>\n<meta property=\"og:url\" content=\"https:\/\/ellados-shop.com\/de\/laden\/weine\/rotwein\/rotwein-bio-agiorgitiko-zacharias-winery\/\" \/>\n<meta property=\"og:site_name\" content=\"Ellados\" \/>\n<meta property=\"article:modified_time\" content=\"2024-10-15T22:02:30+00:00\" \/>\n<meta property=\"og:image\" content=\"https:\/\/ellados-shop.com\/wp-content\/uploads\/AGIORGITIKO-ROUGE-BIO-ZACHARIAS-.png\" \/>\n\t<meta property=\"og:image:width\" content=\"450\" \/>\n\t<meta property=\"og:image:height\" content=\"600\" \/>\n\t<meta property=\"og:image:type\" content=\"image\/png\" \/>\n<meta name=\"twitter:card\" content=\"summary_large_image\" \/>\n<meta name=\"twitter:label1\" content=\"Gesch\u00e4tzte Lesezeit\" \/>\n\t<meta name=\"twitter:data1\" content=\"1\u00a0Minute\" \/>\n<script type=\"application\/ld+json\" class=\"yoast-schema-graph\">{\"@context\":\"https:\/\/schema.org\",\"@graph\":[{\"@type\":\"WebPage\",\"@id\":\"https:\/\/ellados-shop.com\/de\/laden\/weine\/rotwein\/rotwein-bio-agiorgitiko-zacharias-winery\/\",\"url\":\"https:\/\/ellados-shop.com\/de\/laden\/weine\/rotwein\/rotwein-bio-agiorgitiko-zacharias-winery\/\",\"name\":\"Rotwein Agiorgitiko Bio - Zacharias Winery - Ellados\",\"isPartOf\":{\"@id\":\"https:\/\/ellados-shop.com\/de\/#website\"},\"primaryImageOfPage\":{\"@id\":\"https:\/\/ellados-shop.com\/de\/laden\/weine\/rotwein\/rotwein-bio-agiorgitiko-zacharias-winery\/#primaryimage\"},\"image\":{\"@id\":\"https:\/\/ellados-shop.com\/de\/laden\/weine\/rotwein\/rotwein-bio-agiorgitiko-zacharias-winery\/#primaryimage\"},\"thumbnailUrl\":\"https:\/\/ellados-shop.com\/wp-content\/uploads\/vin-rouge-grec-3.png\",\"datePublished\":\"2024-03-29T12:54:42+00:00\",\"dateModified\":\"2024-10-15T22:02:30+00:00\",\"description\":\"Dieser Bio-Rotwein Agiorgitiko mit Aromen von Kirsche und roten Fr\u00fcchten passt wunderbar zu all Ihren w\u00fcrzigen Gerichten oder zu Platten zum Teilen mit Freunden.\",\"breadcrumb\":{\"@id\":\"https:\/\/ellados-shop.com\/de\/laden\/weine\/rotwein\/rotwein-bio-agiorgitiko-zacharias-winery\/#breadcrumb\"},\"inLanguage\":\"de\",\"potentialAction\":[{\"@type\":\"ReadAction\",\"target\":[\"https:\/\/ellados-shop.com\/de\/laden\/weine\/rotwein\/rotwein-bio-agiorgitiko-zacharias-winery\/\"]}]},{\"@type\":\"ImageObject\",\"inLanguage\":\"de\",\"@id\":\"https:\/\/ellados-shop.com\/de\/laden\/weine\/rotwein\/rotwein-bio-agiorgitiko-zacharias-winery\/#primaryimage\",\"url\":\"https:\/\/ellados-shop.com\/wp-content\/uploads\/vin-rouge-grec-3.png\",\"contentUrl\":\"https:\/\/ellados-shop.com\/wp-content\/uploads\/vin-rouge-grec-3.png\",\"width\":450,\"height\":450,\"caption\":\"vin rouge bio\"},{\"@type\":\"BreadcrumbList\",\"@id\":\"https:\/\/ellados-shop.com\/de\/laden\/weine\/rotwein\/rotwein-bio-agiorgitiko-zacharias-winery\/#breadcrumb\",\"itemListElement\":[{\"@type\":\"ListItem\",\"position\":1,\"name\":\"Accueil\",\"item\":\"https:\/\/ellados-shop.com\/de\/accueil-v2\/\"},{\"@type\":\"ListItem\",\"position\":2,\"name\":\"Boutique\",\"item\":\"https:\/\/ellados-shop.com\/boutique\/\"},{\"@type\":\"ListItem\",\"position\":3,\"name\":\"Rotwein &#8211; Bio &#8211; 2023 &#8211; Zacharias Winery\"}]},{\"@type\":\"WebSite\",\"@id\":\"https:\/\/ellados-shop.com\/de\/#website\",\"url\":\"https:\/\/ellados-shop.com\/de\/\",\"name\":\"Ellados\",\"description\":\"\",\"potentialAction\":[{\"@type\":\"SearchAction\",\"target\":{\"@type\":\"EntryPoint\",\"urlTemplate\":\"https:\/\/ellados-shop.com\/de\/?s={search_term_string}\"},\"query-input\":{\"@type\":\"PropertyValueSpecification\",\"valueRequired\":true,\"valueName\":\"search_term_string\"}}],\"inLanguage\":\"de\"}]}<\/script>\n<!-- \/ Yoast SEO plugin. -->","yoast_head_json":{"title":"Rotwein Agiorgitiko Bio - Zacharias Winery - Ellados","description":"Dieser Bio-Rotwein Agiorgitiko mit Aromen von Kirsche und roten Fr\u00fcchten passt wunderbar zu all Ihren w\u00fcrzigen Gerichten oder zu Platten zum Teilen mit Freunden.","robots":{"index":"index","follow":"follow","max-snippet":"max-snippet:-1","max-image-preview":"max-image-preview:large","max-video-preview":"max-video-preview:-1"},"canonical":"https:\/\/ellados-shop.com\/de\/laden\/weine\/rotwein\/rotwein-bio-agiorgitiko-zacharias-winery\/","og_locale":"de_DE","og_type":"article","og_title":"Rotwein Agiorgitiko Bio - Zacharias Winery - Ellados","og_description":"Dieser Bio-Rotwein Agiorgitiko mit Aromen von Kirsche und roten Fr\u00fcchten passt wunderbar zu all Ihren w\u00fcrzigen Gerichten oder zu Platten zum Teilen mit Freunden.","og_url":"https:\/\/ellados-shop.com\/de\/laden\/weine\/rotwein\/rotwein-bio-agiorgitiko-zacharias-winery\/","og_site_name":"Ellados","article_modified_time":"2024-10-15T22:02:30+00:00","og_image":[{"width":450,"height":600,"url":"https:\/\/ellados-shop.com\/wp-content\/uploads\/AGIORGITIKO-ROUGE-BIO-ZACHARIAS-.png","type":"image\/png"}],"twitter_card":"summary_large_image","twitter_misc":{"Gesch\u00e4tzte Lesezeit":"1\u00a0Minute"},"schema":{"@context":"https:\/\/schema.org","@graph":[{"@type":"WebPage","@id":"https:\/\/ellados-shop.com\/de\/laden\/weine\/rotwein\/rotwein-bio-agiorgitiko-zacharias-winery\/","url":"https:\/\/ellados-shop.com\/de\/laden\/weine\/rotwein\/rotwein-bio-agiorgitiko-zacharias-winery\/","name":"Rotwein Agiorgitiko Bio - Zacharias Winery - Ellados","isPartOf":{"@id":"https:\/\/ellados-shop.com\/de\/#website"},"primaryImageOfPage":{"@id":"https:\/\/ellados-shop.com\/de\/laden\/weine\/rotwein\/rotwein-bio-agiorgitiko-zacharias-winery\/#primaryimage"},"image":{"@id":"https:\/\/ellados-shop.com\/de\/laden\/weine\/rotwein\/rotwein-bio-agiorgitiko-zacharias-winery\/#primaryimage"},"thumbnailUrl":"https:\/\/ellados-shop.com\/wp-content\/uploads\/vin-rouge-grec-3.png","datePublished":"2024-03-29T12:54:42+00:00","dateModified":"2024-10-15T22:02:30+00:00","description":"Dieser Bio-Rotwein Agiorgitiko mit Aromen von Kirsche und roten Fr\u00fcchten passt wunderbar zu all Ihren w\u00fcrzigen Gerichten oder zu Platten zum Teilen mit Freunden.","breadcrumb":{"@id":"https:\/\/ellados-shop.com\/de\/laden\/weine\/rotwein\/rotwein-bio-agiorgitiko-zacharias-winery\/#breadcrumb"},"inLanguage":"de","potentialAction":[{"@type":"ReadAction","target":["https:\/\/ellados-shop.com\/de\/laden\/weine\/rotwein\/rotwein-bio-agiorgitiko-zacharias-winery\/"]}]},{"@type":"ImageObject","inLanguage":"de","@id":"https:\/\/ellados-shop.com\/de\/laden\/weine\/rotwein\/rotwein-bio-agiorgitiko-zacharias-winery\/#primaryimage","url":"https:\/\/ellados-shop.com\/wp-content\/uploads\/vin-rouge-grec-3.png","contentUrl":"https:\/\/ellados-shop.com\/wp-content\/uploads\/vin-rouge-grec-3.png","width":450,"height":450,"caption":"vin rouge bio"},{"@type":"BreadcrumbList","@id":"https:\/\/ellados-shop.com\/de\/laden\/weine\/rotwein\/rotwein-bio-agiorgitiko-zacharias-winery\/#breadcrumb","itemListElement":[{"@type":"ListItem","position":1,"name":"Accueil","item":"https:\/\/ellados-shop.com\/de\/accueil-v2\/"},{"@type":"ListItem","position":2,"name":"Boutique","item":"https:\/\/ellados-shop.com\/boutique\/"},{"@type":"ListItem","position":3,"name":"Rotwein &#8211; Bio &#8211; 2023 &#8211; Zacharias Winery"}]},{"@type":"WebSite","@id":"https:\/\/ellados-shop.com\/de\/#website","url":"https:\/\/ellados-shop.com\/de\/","name":"Ellados","description":"","potentialAction":[{"@type":"SearchAction","target":{"@type":"EntryPoint","urlTemplate":"https:\/\/ellados-shop.com\/de\/?s={search_term_string}"},"query-input":{"@type":"PropertyValueSpecification","valueRequired":true,"valueName":"search_term_string"}}],"inLanguage":"de"}]}},"_links":{"self":[{"href":"https:\/\/ellados-shop.com\/de\/wp-json\/wp\/v2\/product\/2617","targetHints":{"allow":["GET"]}}],"collection":[{"href":"https:\/\/ellados-shop.com\/de\/wp-json\/wp\/v2\/product"}],"about":[{"href":"https:\/\/ellados-shop.com\/de\/wp-json\/wp\/v2\/types\/product"}],"replies":[{"embeddable":true,"href":"https:\/\/ellados-shop.com\/de\/wp-json\/wp\/v2\/comments?post=2617"}],"wp:featuredmedia":[{"embeddable":true,"href":"https:\/\/ellados-shop.com\/de\/wp-json\/wp\/v2\/media\/6167"}],"wp:attachment":[{"href":"https:\/\/ellados-shop.com\/de\/wp-json\/wp\/v2\/media?parent=2617"}],"wp:term":[{"taxonomy":"product_brand","embeddable":true,"href":"https:\/\/ellados-shop.com\/de\/wp-json\/wp\/v2\/product_brand?post=2617"},{"taxonomy":"product_cat","embeddable":true,"href":"https:\/\/ellados-shop.com\/de\/wp-json\/wp\/v2\/product_cat?post=2617"},{"taxonomy":"product_tag","embeddable":true,"href":"https:\/\/ellados-shop.com\/de\/wp-json\/wp\/v2\/product_tag?post=2617"}],"curies":[{"name":"wp","href":"https:\/\/api.w.org\/{rel}","templated":true}]}}