{"id":2646,"date":"2024-02-21T09:19:33","date_gmt":"2024-02-21T08:19:33","guid":{"rendered":"https:\/\/ellados-shop.com\/unkategorisiert\/mani-bio-olivenoel-250-ml\/"},"modified":"2024-09-02T17:39:31","modified_gmt":"2024-09-02T15:39:31","slug":"mani-bio-olivenoel-250-ml","status":"publish","type":"product","link":"https:\/\/ellados-shop.com\/de\/laden\/griechische-olivenole\/mani-bio-olivenoel-250-ml\/","title":{"rendered":"Bio-Oliven\u00f6l Mani Bl\u00e4uel &#8211; 250 ml"},"content":{"rendered":"<p>Das Bio-Oliven\u00f6l Mani Bl\u00e4uel ist ein extra natives Oliven\u00f6l, das von <em>Naturland<\/em> zertifiziert ist. Das <em>Naturland<\/em>-Label ist eine weltweit anerkannte Zertifizierung. Es garantiert Produkte aus \u00f6kologischem Anbau, die strengen Standards entsprechen. Es ist ein Landwirt, der sich f\u00fcr Nachhaltigkeit, Qualit\u00e4t und soziale Verantwortung engagiert. Die Familie Mani Bl\u00e4uel gr\u00fcndete das Unternehmen im Jahr 1979. Es k\u00f6nnte einer der Pioniere in Sachen biologischer Landwirtschaft in dieser Region Griechenlands sein. Sie arbeiten eng mit all ihren Olivenproduzenten zusammen. Mani Bl\u00e4uel verwendet f\u00fcr die Herstellung dieses \u00d6ls von Hand geerntete Oliven aus den Olivenhainen entlang der S\u00fcdostk\u00fcste des Peloponnes, nur wenige Kilometer von der Stadt <a href=\"https:\/\/ellados-shop.com\/actualites\/carnet-de-voyage-a-la-decouverte-du-peloponnese\/\">Kardamili<\/a> entfernt. <\/p>\n<h5>Ein sehr reichhaltiges \u00d6l<\/h5>\n<p> Dieses Bio-Oliven\u00f6l wird kaltgepresst. Damit bewahrt sie alle charakteristischen subtilen Aromen ihres Terroirs. Reich an Antioxidantien, essentiellen Fetts\u00e4uren und Vitaminen tr\u00e4gt das extra native Bio-Oliven\u00f6l zur Verbesserung der Verdauung und zur St\u00e4rkung des Immunsystems bei. Dar\u00fcber hinaus bevorzugt auch die <a href=\"https:\/\/ellados-shop.com\/actualites\/decouvrez-les-bienfaits-de-lhuile-dolive-extra-vierge-grecque-pour-votre-corps\/\">Kosmetikindustrie<\/a> dieses \u00d6l. Es dient insbesondere als Basis f\u00fcr die Herstellung von Make-up-Entfernern und anderen Sch\u00f6nheitsprodukten. Sie werden von seiner Sanftheit und seinen Aromen von Kr\u00e4utern und wilden Blumen, leicht w\u00fcrzig, verf\u00fchrt werden. Das Mani Bl\u00e4uel Oliven\u00f6l passt perfekt zu allen Ihren frischen Gem\u00fcsesalaten und verleiht Ihren Grillgerichten nach dem Kochen einen herrlichen Duft.<\/p>\n","protected":false},"excerpt":{"rendered":"<p>Das 100 % Bio Extra Vergine Oliven\u00f6l von Mani Bl\u00e4uel ist <em><a href=\"https:\/\/www.naturland.de\/fr\/\">Naturland-zertifiziert.<\/a><\/em> Von au\u00dfergew\u00f6hnlicher Qualit\u00e4t, bietet es einen <strong>authentischen Geschmack<\/strong> mit <strong>leicht w\u00fcrzigen Aromen<\/strong> von Kr\u00e4utern und Wildblumen. &nbsp;<\/p>\n","protected":false},"featured_media":5586,"comment_status":"closed","ping_status":"closed","template":"","meta":[],"product_brand":[],"product_cat":[68,88],"product_tag":[],"class_list":{"0":"post-2646","1":"product","2":"type-product","3":"status-publish","4":"has-post-thumbnail","6":"product_cat-laden","7":"product_cat-griechische-olivenole","9":"first","10":"outofstock","11":"taxable","12":"shipping-taxable","13":"purchasable","14":"product-type-simple"},"yoast_head":"<!-- This site is optimized with the Yoast SEO plugin v26.8 - https:\/\/yoast.com\/product\/yoast-seo-wordpress\/ -->\n<title>Oliven\u00f6l Mani Bl\u00e4uel 100 % Bio- Ellados<\/title>\n<meta name=\"description\" content=\"Entdecken Sie einen Schatz der mediterranen Gastronomie mit dem Bio-Oliven\u00f6l Mani Bl\u00e4uel (250 ml), das aus nachhaltiger biologischer Landwirtschaft stammt.\" \/>\n<meta name=\"robots\" content=\"index, follow, max-snippet:-1, max-image-preview:large, max-video-preview:-1\" \/>\n<link rel=\"canonical\" href=\"https:\/\/ellados-shop.com\/de\/laden\/griechische-olivenole\/mani-bio-olivenoel-250-ml\/\" \/>\n<meta property=\"og:locale\" content=\"de_DE\" \/>\n<meta property=\"og:type\" content=\"article\" \/>\n<meta property=\"og:title\" content=\"Oliven\u00f6l Mani Bl\u00e4uel 100 % Bio- Ellados\" \/>\n<meta property=\"og:description\" content=\"Entdecken Sie einen Schatz der mediterranen Gastronomie mit dem Bio-Oliven\u00f6l Mani Bl\u00e4uel (250 ml), das aus nachhaltiger biologischer Landwirtschaft stammt.\" \/>\n<meta property=\"og:url\" content=\"https:\/\/ellados-shop.com\/de\/laden\/griechische-olivenole\/mani-bio-olivenoel-250-ml\/\" \/>\n<meta property=\"og:site_name\" content=\"Ellados\" \/>\n<meta property=\"article:modified_time\" content=\"2024-09-02T15:39:31+00:00\" \/>\n<meta property=\"og:image\" content=\"https:\/\/ellados-shop.com\/wp-content\/uploads\/HUILE-OLIVE-BIO-MANI-BLAUEL-1.png\" \/>\n\t<meta property=\"og:image:width\" content=\"450\" \/>\n\t<meta property=\"og:image:height\" content=\"600\" \/>\n\t<meta property=\"og:image:type\" content=\"image\/png\" \/>\n<meta name=\"twitter:card\" content=\"summary_large_image\" \/>\n<meta name=\"twitter:label1\" content=\"Gesch\u00e4tzte Lesezeit\" \/>\n\t<meta name=\"twitter:data1\" content=\"1\u00a0Minute\" \/>\n<script type=\"application\/ld+json\" class=\"yoast-schema-graph\">{\"@context\":\"https:\/\/schema.org\",\"@graph\":[{\"@type\":\"WebPage\",\"@id\":\"https:\/\/ellados-shop.com\/de\/laden\/griechische-olivenole\/mani-bio-olivenoel-250-ml\/\",\"url\":\"https:\/\/ellados-shop.com\/de\/laden\/griechische-olivenole\/mani-bio-olivenoel-250-ml\/\",\"name\":\"Oliven\u00f6l Mani Bl\u00e4uel 100 % Bio- Ellados\",\"isPartOf\":{\"@id\":\"https:\/\/ellados-shop.com\/de\/#website\"},\"primaryImageOfPage\":{\"@id\":\"https:\/\/ellados-shop.com\/de\/laden\/griechische-olivenole\/mani-bio-olivenoel-250-ml\/#primaryimage\"},\"image\":{\"@id\":\"https:\/\/ellados-shop.com\/de\/laden\/griechische-olivenole\/mani-bio-olivenoel-250-ml\/#primaryimage\"},\"thumbnailUrl\":\"https:\/\/ellados-shop.com\/wp-content\/uploads\/Huile-Olive-Mani-blauel.png\",\"datePublished\":\"2024-02-21T08:19:33+00:00\",\"dateModified\":\"2024-09-02T15:39:31+00:00\",\"description\":\"Entdecken Sie einen Schatz der mediterranen Gastronomie mit dem Bio-Oliven\u00f6l Mani Bl\u00e4uel (250 ml), das aus nachhaltiger biologischer Landwirtschaft stammt.\",\"breadcrumb\":{\"@id\":\"https:\/\/ellados-shop.com\/de\/laden\/griechische-olivenole\/mani-bio-olivenoel-250-ml\/#breadcrumb\"},\"inLanguage\":\"de\",\"potentialAction\":[{\"@type\":\"ReadAction\",\"target\":[\"https:\/\/ellados-shop.com\/de\/laden\/griechische-olivenole\/mani-bio-olivenoel-250-ml\/\"]}]},{\"@type\":\"ImageObject\",\"inLanguage\":\"de\",\"@id\":\"https:\/\/ellados-shop.com\/de\/laden\/griechische-olivenole\/mani-bio-olivenoel-250-ml\/#primaryimage\",\"url\":\"https:\/\/ellados-shop.com\/wp-content\/uploads\/Huile-Olive-Mani-blauel.png\",\"contentUrl\":\"https:\/\/ellados-shop.com\/wp-content\/uploads\/Huile-Olive-Mani-blauel.png\",\"width\":450,\"height\":450,\"caption\":\"HUILE OLIVE BIO\"},{\"@type\":\"BreadcrumbList\",\"@id\":\"https:\/\/ellados-shop.com\/de\/laden\/griechische-olivenole\/mani-bio-olivenoel-250-ml\/#breadcrumb\",\"itemListElement\":[{\"@type\":\"ListItem\",\"position\":1,\"name\":\"Accueil\",\"item\":\"https:\/\/ellados-shop.com\/de\/accueil-v2\/\"},{\"@type\":\"ListItem\",\"position\":2,\"name\":\"Boutique\",\"item\":\"https:\/\/ellados-shop.com\/boutique\/\"},{\"@type\":\"ListItem\",\"position\":3,\"name\":\"Bio-Oliven\u00f6l Mani Bl\u00e4uel &#8211; 250 ml\"}]},{\"@type\":\"WebSite\",\"@id\":\"https:\/\/ellados-shop.com\/de\/#website\",\"url\":\"https:\/\/ellados-shop.com\/de\/\",\"name\":\"Ellados\",\"description\":\"\",\"potentialAction\":[{\"@type\":\"SearchAction\",\"target\":{\"@type\":\"EntryPoint\",\"urlTemplate\":\"https:\/\/ellados-shop.com\/de\/?s={search_term_string}\"},\"query-input\":{\"@type\":\"PropertyValueSpecification\",\"valueRequired\":true,\"valueName\":\"search_term_string\"}}],\"inLanguage\":\"de\"}]}<\/script>\n<!-- \/ Yoast SEO plugin. -->","yoast_head_json":{"title":"Oliven\u00f6l Mani Bl\u00e4uel 100 % Bio- Ellados","description":"Entdecken Sie einen Schatz der mediterranen Gastronomie mit dem Bio-Oliven\u00f6l Mani Bl\u00e4uel (250 ml), das aus nachhaltiger biologischer Landwirtschaft stammt.","robots":{"index":"index","follow":"follow","max-snippet":"max-snippet:-1","max-image-preview":"max-image-preview:large","max-video-preview":"max-video-preview:-1"},"canonical":"https:\/\/ellados-shop.com\/de\/laden\/griechische-olivenole\/mani-bio-olivenoel-250-ml\/","og_locale":"de_DE","og_type":"article","og_title":"Oliven\u00f6l Mani Bl\u00e4uel 100 % Bio- Ellados","og_description":"Entdecken Sie einen Schatz der mediterranen Gastronomie mit dem Bio-Oliven\u00f6l Mani Bl\u00e4uel (250 ml), das aus nachhaltiger biologischer Landwirtschaft stammt.","og_url":"https:\/\/ellados-shop.com\/de\/laden\/griechische-olivenole\/mani-bio-olivenoel-250-ml\/","og_site_name":"Ellados","article_modified_time":"2024-09-02T15:39:31+00:00","og_image":[{"width":450,"height":600,"url":"https:\/\/ellados-shop.com\/wp-content\/uploads\/HUILE-OLIVE-BIO-MANI-BLAUEL-1.png","type":"image\/png"}],"twitter_card":"summary_large_image","twitter_misc":{"Gesch\u00e4tzte Lesezeit":"1\u00a0Minute"},"schema":{"@context":"https:\/\/schema.org","@graph":[{"@type":"WebPage","@id":"https:\/\/ellados-shop.com\/de\/laden\/griechische-olivenole\/mani-bio-olivenoel-250-ml\/","url":"https:\/\/ellados-shop.com\/de\/laden\/griechische-olivenole\/mani-bio-olivenoel-250-ml\/","name":"Oliven\u00f6l Mani Bl\u00e4uel 100 % Bio- Ellados","isPartOf":{"@id":"https:\/\/ellados-shop.com\/de\/#website"},"primaryImageOfPage":{"@id":"https:\/\/ellados-shop.com\/de\/laden\/griechische-olivenole\/mani-bio-olivenoel-250-ml\/#primaryimage"},"image":{"@id":"https:\/\/ellados-shop.com\/de\/laden\/griechische-olivenole\/mani-bio-olivenoel-250-ml\/#primaryimage"},"thumbnailUrl":"https:\/\/ellados-shop.com\/wp-content\/uploads\/Huile-Olive-Mani-blauel.png","datePublished":"2024-02-21T08:19:33+00:00","dateModified":"2024-09-02T15:39:31+00:00","description":"Entdecken Sie einen Schatz der mediterranen Gastronomie mit dem Bio-Oliven\u00f6l Mani Bl\u00e4uel (250 ml), das aus nachhaltiger biologischer Landwirtschaft stammt.","breadcrumb":{"@id":"https:\/\/ellados-shop.com\/de\/laden\/griechische-olivenole\/mani-bio-olivenoel-250-ml\/#breadcrumb"},"inLanguage":"de","potentialAction":[{"@type":"ReadAction","target":["https:\/\/ellados-shop.com\/de\/laden\/griechische-olivenole\/mani-bio-olivenoel-250-ml\/"]}]},{"@type":"ImageObject","inLanguage":"de","@id":"https:\/\/ellados-shop.com\/de\/laden\/griechische-olivenole\/mani-bio-olivenoel-250-ml\/#primaryimage","url":"https:\/\/ellados-shop.com\/wp-content\/uploads\/Huile-Olive-Mani-blauel.png","contentUrl":"https:\/\/ellados-shop.com\/wp-content\/uploads\/Huile-Olive-Mani-blauel.png","width":450,"height":450,"caption":"HUILE OLIVE BIO"},{"@type":"BreadcrumbList","@id":"https:\/\/ellados-shop.com\/de\/laden\/griechische-olivenole\/mani-bio-olivenoel-250-ml\/#breadcrumb","itemListElement":[{"@type":"ListItem","position":1,"name":"Accueil","item":"https:\/\/ellados-shop.com\/de\/accueil-v2\/"},{"@type":"ListItem","position":2,"name":"Boutique","item":"https:\/\/ellados-shop.com\/boutique\/"},{"@type":"ListItem","position":3,"name":"Bio-Oliven\u00f6l Mani Bl\u00e4uel &#8211; 250 ml"}]},{"@type":"WebSite","@id":"https:\/\/ellados-shop.com\/de\/#website","url":"https:\/\/ellados-shop.com\/de\/","name":"Ellados","description":"","potentialAction":[{"@type":"SearchAction","target":{"@type":"EntryPoint","urlTemplate":"https:\/\/ellados-shop.com\/de\/?s={search_term_string}"},"query-input":{"@type":"PropertyValueSpecification","valueRequired":true,"valueName":"search_term_string"}}],"inLanguage":"de"}]}},"_links":{"self":[{"href":"https:\/\/ellados-shop.com\/de\/wp-json\/wp\/v2\/product\/2646","targetHints":{"allow":["GET"]}}],"collection":[{"href":"https:\/\/ellados-shop.com\/de\/wp-json\/wp\/v2\/product"}],"about":[{"href":"https:\/\/ellados-shop.com\/de\/wp-json\/wp\/v2\/types\/product"}],"replies":[{"embeddable":true,"href":"https:\/\/ellados-shop.com\/de\/wp-json\/wp\/v2\/comments?post=2646"}],"wp:featuredmedia":[{"embeddable":true,"href":"https:\/\/ellados-shop.com\/de\/wp-json\/wp\/v2\/media\/5586"}],"wp:attachment":[{"href":"https:\/\/ellados-shop.com\/de\/wp-json\/wp\/v2\/media?parent=2646"}],"wp:term":[{"taxonomy":"product_brand","embeddable":true,"href":"https:\/\/ellados-shop.com\/de\/wp-json\/wp\/v2\/product_brand?post=2646"},{"taxonomy":"product_cat","embeddable":true,"href":"https:\/\/ellados-shop.com\/de\/wp-json\/wp\/v2\/product_cat?post=2646"},{"taxonomy":"product_tag","embeddable":true,"href":"https:\/\/ellados-shop.com\/de\/wp-json\/wp\/v2\/product_tag?post=2646"}],"curies":[{"name":"wp","href":"https:\/\/api.w.org\/{rel}","templated":true}]}}