{"id":2647,"date":"2024-02-21T11:37:45","date_gmt":"2024-02-21T10:37:45","guid":{"rendered":"https:\/\/ellados-shop.com\/unkategorisiert\/bio-natives-olivenoel-extra-omega-by-ellados-500-ml\/"},"modified":"2025-09-01T00:18:37","modified_gmt":"2025-08-31T22:18:37","slug":"bio-natives-olivenoel-extra-omega-by-ellados-500-ml","status":"publish","type":"product","link":"https:\/\/ellados-shop.com\/de\/laden\/griechische-olivenole\/bio-natives-olivenoel-extra-omega-by-ellados-500-ml\/","title":{"rendered":"Natives Bio-Oliven\u00f6l extra &#8222;OMEGA&#8220; &#8211; 500 ml"},"content":{"rendered":"<p>Omega&#8220; ist ein biozertifiziertes, monovarietales extra natives Oliven\u00f6l. Wir haben eng mit der M\u00fchle von Karambotsos zusammengearbeitet, um &#8218;Om\u00e9ga&#8216; bio zu kreieren. Dieses Bio-extra-natives Oliven\u00f6l wird aus nur einer Sorte Olive hergestellt, der Mavrolia. Die Mavrolia ist die \u00e4lteste bekannte Olivensorte aus der Region Messenien. Es handelt sich um eine kleine Olive mit einer schwarzen Schale und gro\u00dfz\u00fcgig gerundeter Form. Die Bauern der Region, die sich auf den Anbau dieser Olivenhaine spezialisiert haben, geben von Generation zu Generation die Geheimnisse weiter, um eine umweltfreundliche Landwirtschaft zu bewahren. Dar\u00fcber hinaus modernisiert die M\u00fchle von Karambotsos regelm\u00e4\u00dfig ihre Produktionsanlagen, um ihre Auswirkungen auf die lokale Umwelt zu begrenzen.<\/p>\n<p>&#8222;Omega&#8220; wird nach einem sehr einfachen Produktionsverfahren hergestellt: Die Oliven werden von Hand bei perfekter Reife geerntet. Dann werden sie sorgf\u00e4ltig von der Karambotsos-M\u00fchle kalt gepresst, ohne Filtration. Dieser sorgf\u00e4ltige Prozess erm\u00f6glicht es, alle Aromen und nat\u00fcrlichen Vorz\u00fcge der Olive zu bewahren. Nach dieser Pressung erhalten Sie ein biozertifiziertes extra natives Oliven\u00f6l von hellgr\u00fcner und goldener Farbe. Diese Farbe ist charakteristisch f\u00fcr die Mavrolia-Sorte. Im Mund ist es leicht w\u00fcrzig, mit intensiven Aromen von Tomate, reifen Fr\u00fcchten und Mandeln. Im Hintergrund finden Sie subtile Noten von frisch geschnittenen Kr\u00e4utern, Kamille und tropischen Fr\u00fcchten.<\/p>\n<p>Unser biozertifiziertes extra natives Oliven\u00f6l &#8222;Omega&#8220; wird ohne jegliche Pestizide oder chemische Produkte hergestellt, was die Fruchtbarkeit des Bodens und die Gesundheit unserer Verbraucher bewahrt.<\/p>\n<p>Lassen Sie sich von einem au\u00dfergew\u00f6hnlichen Geschmack f\u00fcr ein seltenes \u00d6l verzaubern und \u00fcberraschen ! Dieses Oliven\u00f6l passt perfekt zu allen gegrillten oder ger\u00f6steten Fleischgerichten und, glauben Sie uns, es wird alle Ihre Desserts veredeln ! Ohne M\u00e4\u00dfigung zu konsumieren !<\/p>\n","protected":false},"excerpt":{"rendered":"<p>Lassen Sie sich von diesem biologischen Extra Nativem Oliven\u00f6l mit einzigartigen Aromen und <strong>intensiver Farbe<\/strong> verf\u00fchren. \u201eOmega\u201c ist die geheime Zutat, die <strong>all Ihren Desserts diesen unverwechselbaren Geschmack<\/strong> verleiht.<\/p>\n","protected":false},"featured_media":6182,"comment_status":"closed","ping_status":"closed","template":"","meta":[],"product_brand":[],"product_cat":[68,88],"product_tag":[],"class_list":{"0":"post-2647","1":"product","2":"type-product","3":"status-publish","4":"has-post-thumbnail","6":"product_cat-laden","7":"product_cat-griechische-olivenole","9":"first","10":"outofstock","11":"taxable","12":"shipping-taxable","13":"purchasable","14":"product-type-simple"},"yoast_head":"<!-- This site is optimized with the Yoast SEO plugin v26.8 - https:\/\/yoast.com\/product\/yoast-seo-wordpress\/ -->\n<title>Natives Bio-Oliven\u00f6l extra &quot;OMEGA&quot; - 500 ml - Ellados<\/title>\n<meta name=\"description\" content=\"Ellados Omega&quot; ist ein extra natives Oliven\u00f6l, monovarietaler 100% Bio-Qualit\u00e4t. Lassen Sie sich von seinem au\u00dfergew\u00f6hnlichen Geschmack \u00fcberraschen.\" \/>\n<meta name=\"robots\" content=\"index, follow, max-snippet:-1, max-image-preview:large, max-video-preview:-1\" \/>\n<link rel=\"canonical\" href=\"https:\/\/ellados-shop.com\/de\/laden\/griechische-olivenole\/bio-natives-olivenoel-extra-omega-by-ellados-500-ml\/\" \/>\n<meta property=\"og:locale\" content=\"de_DE\" \/>\n<meta property=\"og:type\" content=\"article\" \/>\n<meta property=\"og:title\" content=\"Natives Bio-Oliven\u00f6l extra &quot;OMEGA&quot; - 500 ml - Ellados\" \/>\n<meta property=\"og:description\" content=\"Ellados Omega&quot; ist ein extra natives Oliven\u00f6l, monovarietaler 100% Bio-Qualit\u00e4t. Lassen Sie sich von seinem au\u00dfergew\u00f6hnlichen Geschmack \u00fcberraschen.\" \/>\n<meta property=\"og:url\" content=\"https:\/\/ellados-shop.com\/de\/laden\/griechische-olivenole\/bio-natives-olivenoel-extra-omega-by-ellados-500-ml\/\" \/>\n<meta property=\"og:site_name\" content=\"Ellados\" \/>\n<meta property=\"article:modified_time\" content=\"2025-08-31T22:18:37+00:00\" \/>\n<meta property=\"og:image\" content=\"https:\/\/ellados-shop.com\/wp-content\/uploads\/ellados-omega-2.png\" \/>\n\t<meta property=\"og:image:width\" content=\"450\" \/>\n\t<meta property=\"og:image:height\" content=\"600\" \/>\n\t<meta property=\"og:image:type\" content=\"image\/png\" \/>\n<meta name=\"twitter:card\" content=\"summary_large_image\" \/>\n<meta name=\"twitter:label1\" content=\"Gesch\u00e4tzte Lesezeit\" \/>\n\t<meta name=\"twitter:data1\" content=\"1\u00a0Minute\" \/>\n<script type=\"application\/ld+json\" class=\"yoast-schema-graph\">{\"@context\":\"https:\/\/schema.org\",\"@graph\":[{\"@type\":\"WebPage\",\"@id\":\"https:\/\/ellados-shop.com\/de\/laden\/griechische-olivenole\/bio-natives-olivenoel-extra-omega-by-ellados-500-ml\/\",\"url\":\"https:\/\/ellados-shop.com\/de\/laden\/griechische-olivenole\/bio-natives-olivenoel-extra-omega-by-ellados-500-ml\/\",\"name\":\"Natives Bio-Oliven\u00f6l extra \\\"OMEGA\\\" - 500 ml - Ellados\",\"isPartOf\":{\"@id\":\"https:\/\/ellados-shop.com\/de\/#website\"},\"primaryImageOfPage\":{\"@id\":\"https:\/\/ellados-shop.com\/de\/laden\/griechische-olivenole\/bio-natives-olivenoel-extra-omega-by-ellados-500-ml\/#primaryimage\"},\"image\":{\"@id\":\"https:\/\/ellados-shop.com\/de\/laden\/griechische-olivenole\/bio-natives-olivenoel-extra-omega-by-ellados-500-ml\/#primaryimage\"},\"thumbnailUrl\":\"https:\/\/ellados-shop.com\/wp-content\/uploads\/Huile-olive-omega-bio.png\",\"datePublished\":\"2024-02-21T10:37:45+00:00\",\"dateModified\":\"2025-08-31T22:18:37+00:00\",\"description\":\"Ellados Omega\\\" ist ein extra natives Oliven\u00f6l, monovarietaler 100% Bio-Qualit\u00e4t. Lassen Sie sich von seinem au\u00dfergew\u00f6hnlichen Geschmack \u00fcberraschen.\",\"breadcrumb\":{\"@id\":\"https:\/\/ellados-shop.com\/de\/laden\/griechische-olivenole\/bio-natives-olivenoel-extra-omega-by-ellados-500-ml\/#breadcrumb\"},\"inLanguage\":\"de\",\"potentialAction\":[{\"@type\":\"ReadAction\",\"target\":[\"https:\/\/ellados-shop.com\/de\/laden\/griechische-olivenole\/bio-natives-olivenoel-extra-omega-by-ellados-500-ml\/\"]}]},{\"@type\":\"ImageObject\",\"inLanguage\":\"de\",\"@id\":\"https:\/\/ellados-shop.com\/de\/laden\/griechische-olivenole\/bio-natives-olivenoel-extra-omega-by-ellados-500-ml\/#primaryimage\",\"url\":\"https:\/\/ellados-shop.com\/wp-content\/uploads\/Huile-olive-omega-bio.png\",\"contentUrl\":\"https:\/\/ellados-shop.com\/wp-content\/uploads\/Huile-olive-omega-bio.png\",\"width\":450,\"height\":450,\"caption\":\"Huile olive bio\"},{\"@type\":\"BreadcrumbList\",\"@id\":\"https:\/\/ellados-shop.com\/de\/laden\/griechische-olivenole\/bio-natives-olivenoel-extra-omega-by-ellados-500-ml\/#breadcrumb\",\"itemListElement\":[{\"@type\":\"ListItem\",\"position\":1,\"name\":\"Accueil\",\"item\":\"https:\/\/ellados-shop.com\/de\/accueil-v2\/\"},{\"@type\":\"ListItem\",\"position\":2,\"name\":\"Boutique\",\"item\":\"https:\/\/ellados-shop.com\/boutique\/\"},{\"@type\":\"ListItem\",\"position\":3,\"name\":\"Natives Bio-Oliven\u00f6l extra \u00ab\u00a0OMEGA\u00a0\u00bb &#8211; 500 ml\"}]},{\"@type\":\"WebSite\",\"@id\":\"https:\/\/ellados-shop.com\/de\/#website\",\"url\":\"https:\/\/ellados-shop.com\/de\/\",\"name\":\"Ellados\",\"description\":\"\",\"potentialAction\":[{\"@type\":\"SearchAction\",\"target\":{\"@type\":\"EntryPoint\",\"urlTemplate\":\"https:\/\/ellados-shop.com\/de\/?s={search_term_string}\"},\"query-input\":{\"@type\":\"PropertyValueSpecification\",\"valueRequired\":true,\"valueName\":\"search_term_string\"}}],\"inLanguage\":\"de\"}]}<\/script>\n<!-- \/ Yoast SEO plugin. -->","yoast_head_json":{"title":"Natives Bio-Oliven\u00f6l extra \"OMEGA\" - 500 ml - Ellados","description":"Ellados Omega\" ist ein extra natives Oliven\u00f6l, monovarietaler 100% Bio-Qualit\u00e4t. Lassen Sie sich von seinem au\u00dfergew\u00f6hnlichen Geschmack \u00fcberraschen.","robots":{"index":"index","follow":"follow","max-snippet":"max-snippet:-1","max-image-preview":"max-image-preview:large","max-video-preview":"max-video-preview:-1"},"canonical":"https:\/\/ellados-shop.com\/de\/laden\/griechische-olivenole\/bio-natives-olivenoel-extra-omega-by-ellados-500-ml\/","og_locale":"de_DE","og_type":"article","og_title":"Natives Bio-Oliven\u00f6l extra \"OMEGA\" - 500 ml - Ellados","og_description":"Ellados Omega\" ist ein extra natives Oliven\u00f6l, monovarietaler 100% Bio-Qualit\u00e4t. Lassen Sie sich von seinem au\u00dfergew\u00f6hnlichen Geschmack \u00fcberraschen.","og_url":"https:\/\/ellados-shop.com\/de\/laden\/griechische-olivenole\/bio-natives-olivenoel-extra-omega-by-ellados-500-ml\/","og_site_name":"Ellados","article_modified_time":"2025-08-31T22:18:37+00:00","og_image":[{"width":450,"height":600,"url":"https:\/\/ellados-shop.com\/wp-content\/uploads\/ellados-omega-2.png","type":"image\/png"}],"twitter_card":"summary_large_image","twitter_misc":{"Gesch\u00e4tzte Lesezeit":"1\u00a0Minute"},"schema":{"@context":"https:\/\/schema.org","@graph":[{"@type":"WebPage","@id":"https:\/\/ellados-shop.com\/de\/laden\/griechische-olivenole\/bio-natives-olivenoel-extra-omega-by-ellados-500-ml\/","url":"https:\/\/ellados-shop.com\/de\/laden\/griechische-olivenole\/bio-natives-olivenoel-extra-omega-by-ellados-500-ml\/","name":"Natives Bio-Oliven\u00f6l extra \"OMEGA\" - 500 ml - Ellados","isPartOf":{"@id":"https:\/\/ellados-shop.com\/de\/#website"},"primaryImageOfPage":{"@id":"https:\/\/ellados-shop.com\/de\/laden\/griechische-olivenole\/bio-natives-olivenoel-extra-omega-by-ellados-500-ml\/#primaryimage"},"image":{"@id":"https:\/\/ellados-shop.com\/de\/laden\/griechische-olivenole\/bio-natives-olivenoel-extra-omega-by-ellados-500-ml\/#primaryimage"},"thumbnailUrl":"https:\/\/ellados-shop.com\/wp-content\/uploads\/Huile-olive-omega-bio.png","datePublished":"2024-02-21T10:37:45+00:00","dateModified":"2025-08-31T22:18:37+00:00","description":"Ellados Omega\" ist ein extra natives Oliven\u00f6l, monovarietaler 100% Bio-Qualit\u00e4t. Lassen Sie sich von seinem au\u00dfergew\u00f6hnlichen Geschmack \u00fcberraschen.","breadcrumb":{"@id":"https:\/\/ellados-shop.com\/de\/laden\/griechische-olivenole\/bio-natives-olivenoel-extra-omega-by-ellados-500-ml\/#breadcrumb"},"inLanguage":"de","potentialAction":[{"@type":"ReadAction","target":["https:\/\/ellados-shop.com\/de\/laden\/griechische-olivenole\/bio-natives-olivenoel-extra-omega-by-ellados-500-ml\/"]}]},{"@type":"ImageObject","inLanguage":"de","@id":"https:\/\/ellados-shop.com\/de\/laden\/griechische-olivenole\/bio-natives-olivenoel-extra-omega-by-ellados-500-ml\/#primaryimage","url":"https:\/\/ellados-shop.com\/wp-content\/uploads\/Huile-olive-omega-bio.png","contentUrl":"https:\/\/ellados-shop.com\/wp-content\/uploads\/Huile-olive-omega-bio.png","width":450,"height":450,"caption":"Huile olive bio"},{"@type":"BreadcrumbList","@id":"https:\/\/ellados-shop.com\/de\/laden\/griechische-olivenole\/bio-natives-olivenoel-extra-omega-by-ellados-500-ml\/#breadcrumb","itemListElement":[{"@type":"ListItem","position":1,"name":"Accueil","item":"https:\/\/ellados-shop.com\/de\/accueil-v2\/"},{"@type":"ListItem","position":2,"name":"Boutique","item":"https:\/\/ellados-shop.com\/boutique\/"},{"@type":"ListItem","position":3,"name":"Natives Bio-Oliven\u00f6l extra \u00ab\u00a0OMEGA\u00a0\u00bb &#8211; 500 ml"}]},{"@type":"WebSite","@id":"https:\/\/ellados-shop.com\/de\/#website","url":"https:\/\/ellados-shop.com\/de\/","name":"Ellados","description":"","potentialAction":[{"@type":"SearchAction","target":{"@type":"EntryPoint","urlTemplate":"https:\/\/ellados-shop.com\/de\/?s={search_term_string}"},"query-input":{"@type":"PropertyValueSpecification","valueRequired":true,"valueName":"search_term_string"}}],"inLanguage":"de"}]}},"_links":{"self":[{"href":"https:\/\/ellados-shop.com\/de\/wp-json\/wp\/v2\/product\/2647","targetHints":{"allow":["GET"]}}],"collection":[{"href":"https:\/\/ellados-shop.com\/de\/wp-json\/wp\/v2\/product"}],"about":[{"href":"https:\/\/ellados-shop.com\/de\/wp-json\/wp\/v2\/types\/product"}],"replies":[{"embeddable":true,"href":"https:\/\/ellados-shop.com\/de\/wp-json\/wp\/v2\/comments?post=2647"}],"wp:featuredmedia":[{"embeddable":true,"href":"https:\/\/ellados-shop.com\/de\/wp-json\/wp\/v2\/media\/6182"}],"wp:attachment":[{"href":"https:\/\/ellados-shop.com\/de\/wp-json\/wp\/v2\/media?parent=2647"}],"wp:term":[{"taxonomy":"product_brand","embeddable":true,"href":"https:\/\/ellados-shop.com\/de\/wp-json\/wp\/v2\/product_brand?post=2647"},{"taxonomy":"product_cat","embeddable":true,"href":"https:\/\/ellados-shop.com\/de\/wp-json\/wp\/v2\/product_cat?post=2647"},{"taxonomy":"product_tag","embeddable":true,"href":"https:\/\/ellados-shop.com\/de\/wp-json\/wp\/v2\/product_tag?post=2647"}],"curies":[{"name":"wp","href":"https:\/\/api.w.org\/{rel}","templated":true}]}}