{"id":2648,"date":"2024-02-21T11:38:03","date_gmt":"2024-02-21T10:38:03","guid":{"rendered":"https:\/\/ellados-shop.com\/unkategorisiert\/bio-olivenoel-extra-vergine-beta-by-ellados-500-ml\/"},"modified":"2025-02-05T23:02:04","modified_gmt":"2025-02-05T22:02:04","slug":"bio-olivenoel-extra-vergine-beta-by-ellados-500-ml","status":"publish","type":"product","link":"https:\/\/ellados-shop.com\/de\/laden\/griechische-olivenole\/bio-olivenoel-extra-vergine-beta-by-ellados-500-ml\/","title":{"rendered":"Natives Oliven\u00f6l Extra \u201eBETA\u201c &#8211; 500 ml"},"content":{"rendered":"<p>Unser Ellados Shop vertreibt exklusiv das Native Oliven\u00f6l Extra \u201eBETA\u201c.<\/p>\n<p>Das Oliven\u00f6l &#8222;Beta&#8220; ist das Ergebnis einer engen Zusammenarbeit mit unserem Partner, der Karambotsos-M\u00fchle. Dieses Extra Virgin Oliven\u00f6l ist tats\u00e4chlich das Ergebnis einer sehr subtilen Mischung der Koroneki- und Mavrolia-Oliven. Die Koroneki und die Mavrolia geh\u00f6ren zu den \u00e4ltesten und bekanntesten Sorten der Region Peloponnes. Zun\u00e4chst ernten die Bauern die Oliven von Hand, wenn sie perfekt reif sind. Dann beginnt unser Partner Anastasis und sein Team sorgf\u00e4ltig mit der Pressung der Oliven, um das Beste daraus zu gewinnen. Diese Familienm\u00fchle bewahrt seit drei Generationen ihr handwerkliches Know-how. Au\u00dferdem haben wir uns f\u00fcr einen Herstellungsprozess durch Kaltpressung entschieden. Diese Herstellungsmethode erm\u00f6glicht es zudem, alle wichtigen \u00f6ligen Eigenschaften zu bewahren, die f\u00fcr eine gute Haltbarkeit des Produkts unerl\u00e4sslich sind. Indem wir jede Nuance und jeden N\u00e4hrstoff sorgf\u00e4ltig bewahren, tragen wir dazu bei, die Vorteile f\u00fcr Ihre Gesundheit zu erhalten.<\/p>\n<p>Unser Engagement f\u00fcr Authentizit\u00e4t und Umweltschutz spiegelt sich in jeder Flasche wider. Unsere Extra Virgin Olive Oil ist biologisch zertifiziert. Das bedeutet, dass die Karambotsos-M\u00fchle unser \u00d6l ohne jegliche Pestizide oder Chemikalien produziert, um die Fruchtbarkeit des Bodens und Ihre Gesundheit zu erhalten. Lassen Sie sich zun\u00e4chst von dem bet\u00f6renden Aroma und dann von dem einzigartigen Geschmack dieses extra nativen Bio-Oliven\u00f6ls &#8222;Beta&#8220; verf\u00fchren. Entdecken Sie den fruchtigen Geschmack mit Noten von gr\u00fcnen \u00c4pfeln und Tomatenbl\u00e4ttern, der von der Koroneki stammt, sowie die \u00fcberraschenden Aromen der Mavrolia-Sorte, die an Minze, Pfeffer und die S\u00fc\u00dfe der Kamille erinnern.<\/p>\n<p>Genie\u00dfen Sie dieses extra native Oliven\u00f6l &#8222;ELLADOS BETA&#8220; mit seinem einzigartigen Charakter, das Ihrer K\u00fcche eine raffinierte Note verleiht. Sie verleiht allen Ihren gegarten Gem\u00fcsesorten, Fleisch- und Fischgerichten den unverwechselbaren Geschmack des Mittelmeers. Ohne M\u00e4\u00dfigung zu konsumieren!<\/p>\n","protected":false},"excerpt":{"rendered":"<p>Das extra native Oliven\u00f6l &#8218;BETA&#8216; ist eine <strong>Exklusivit\u00e4t<\/strong> unseres Gesch\u00e4fts. Es ist das Ergebnis einer <strong>Mischung<\/strong> aus zwei Olivensorten: der Koroneiki und der Mavrolia. Es stammt aus erster Kaltpressung und bietet Ihnen einen <strong>einzigartigen, fruchtigen und ausgewogenen<\/strong> Geschmack.  <\/p>\n","protected":false},"featured_media":5604,"comment_status":"closed","ping_status":"closed","template":"","meta":[],"product_brand":[],"product_cat":[68,88],"product_tag":[],"class_list":{"0":"post-2648","1":"product","2":"type-product","3":"status-publish","4":"has-post-thumbnail","6":"product_cat-laden","7":"product_cat-griechische-olivenole","9":"first","10":"instock","11":"featured","12":"taxable","13":"shipping-taxable","14":"purchasable","15":"product-type-simple"},"yoast_head":"<!-- This site is optimized with the Yoast SEO plugin v26.8 - https:\/\/yoast.com\/product\/yoast-seo-wordpress\/ -->\n<title>Natives Oliven\u00f6l Extra \u201eBETA\u201c - 500 ml - Ellados<\/title>\n<meta name=\"description\" content=\"&quot;ELLADOS BETA&quot; ist ein extra natives Bio-Oliven\u00f6l, das das Ergebnis der feinen Mischung griechischer Olivensorten ist und ihm einen einzigartigen Geschmack verleiht.\" \/>\n<meta name=\"robots\" content=\"index, follow, max-snippet:-1, max-image-preview:large, max-video-preview:-1\" \/>\n<link rel=\"canonical\" href=\"https:\/\/ellados-shop.com\/de\/laden\/griechische-olivenole\/bio-olivenoel-extra-vergine-beta-by-ellados-500-ml\/\" \/>\n<meta property=\"og:locale\" content=\"de_DE\" \/>\n<meta property=\"og:type\" content=\"article\" \/>\n<meta property=\"og:title\" content=\"Natives Oliven\u00f6l Extra \u201eBETA\u201c - 500 ml - Ellados\" \/>\n<meta property=\"og:description\" content=\"&quot;ELLADOS BETA&quot; ist ein extra natives Bio-Oliven\u00f6l, das das Ergebnis der feinen Mischung griechischer Olivensorten ist und ihm einen einzigartigen Geschmack verleiht.\" \/>\n<meta property=\"og:url\" content=\"https:\/\/ellados-shop.com\/de\/laden\/griechische-olivenole\/bio-olivenoel-extra-vergine-beta-by-ellados-500-ml\/\" \/>\n<meta property=\"og:site_name\" content=\"Ellados\" \/>\n<meta property=\"article:modified_time\" content=\"2025-02-05T22:02:04+00:00\" \/>\n<meta property=\"og:image\" content=\"https:\/\/ellados-shop.com\/wp-content\/uploads\/ellados-beta-1.png\" \/>\n\t<meta property=\"og:image:width\" content=\"450\" \/>\n\t<meta property=\"og:image:height\" content=\"600\" \/>\n\t<meta property=\"og:image:type\" content=\"image\/png\" \/>\n<meta name=\"twitter:card\" content=\"summary_large_image\" \/>\n<meta name=\"twitter:label1\" content=\"Gesch\u00e4tzte Lesezeit\" \/>\n\t<meta name=\"twitter:data1\" content=\"2\u00a0Minuten\" \/>\n<script type=\"application\/ld+json\" class=\"yoast-schema-graph\">{\"@context\":\"https:\/\/schema.org\",\"@graph\":[{\"@type\":\"WebPage\",\"@id\":\"https:\/\/ellados-shop.com\/de\/laden\/griechische-olivenole\/bio-olivenoel-extra-vergine-beta-by-ellados-500-ml\/\",\"url\":\"https:\/\/ellados-shop.com\/de\/laden\/griechische-olivenole\/bio-olivenoel-extra-vergine-beta-by-ellados-500-ml\/\",\"name\":\"Natives Oliven\u00f6l Extra \u201eBETA\u201c - 500 ml - Ellados\",\"isPartOf\":{\"@id\":\"https:\/\/ellados-shop.com\/de\/#website\"},\"primaryImageOfPage\":{\"@id\":\"https:\/\/ellados-shop.com\/de\/laden\/griechische-olivenole\/bio-olivenoel-extra-vergine-beta-by-ellados-500-ml\/#primaryimage\"},\"image\":{\"@id\":\"https:\/\/ellados-shop.com\/de\/laden\/griechische-olivenole\/bio-olivenoel-extra-vergine-beta-by-ellados-500-ml\/#primaryimage\"},\"thumbnailUrl\":\"https:\/\/ellados-shop.com\/wp-content\/uploads\/Huile-olive-bio-beta.png\",\"datePublished\":\"2024-02-21T10:38:03+00:00\",\"dateModified\":\"2025-02-05T22:02:04+00:00\",\"description\":\"\\\"ELLADOS BETA\\\" ist ein extra natives Bio-Oliven\u00f6l, das das Ergebnis der feinen Mischung griechischer Olivensorten ist und ihm einen einzigartigen Geschmack verleiht.\",\"breadcrumb\":{\"@id\":\"https:\/\/ellados-shop.com\/de\/laden\/griechische-olivenole\/bio-olivenoel-extra-vergine-beta-by-ellados-500-ml\/#breadcrumb\"},\"inLanguage\":\"de\",\"potentialAction\":[{\"@type\":\"ReadAction\",\"target\":[\"https:\/\/ellados-shop.com\/de\/laden\/griechische-olivenole\/bio-olivenoel-extra-vergine-beta-by-ellados-500-ml\/\"]}]},{\"@type\":\"ImageObject\",\"inLanguage\":\"de\",\"@id\":\"https:\/\/ellados-shop.com\/de\/laden\/griechische-olivenole\/bio-olivenoel-extra-vergine-beta-by-ellados-500-ml\/#primaryimage\",\"url\":\"https:\/\/ellados-shop.com\/wp-content\/uploads\/Huile-olive-bio-beta.png\",\"contentUrl\":\"https:\/\/ellados-shop.com\/wp-content\/uploads\/Huile-olive-bio-beta.png\",\"width\":450,\"height\":450,\"caption\":\"HUILE OLIVE GRECQUE BIO\"},{\"@type\":\"BreadcrumbList\",\"@id\":\"https:\/\/ellados-shop.com\/de\/laden\/griechische-olivenole\/bio-olivenoel-extra-vergine-beta-by-ellados-500-ml\/#breadcrumb\",\"itemListElement\":[{\"@type\":\"ListItem\",\"position\":1,\"name\":\"Accueil\",\"item\":\"https:\/\/ellados-shop.com\/de\/accueil-v2\/\"},{\"@type\":\"ListItem\",\"position\":2,\"name\":\"Boutique\",\"item\":\"https:\/\/ellados-shop.com\/boutique\/\"},{\"@type\":\"ListItem\",\"position\":3,\"name\":\"Natives Oliven\u00f6l Extra \u201eBETA\u201c &#8211; 500 ml\"}]},{\"@type\":\"WebSite\",\"@id\":\"https:\/\/ellados-shop.com\/de\/#website\",\"url\":\"https:\/\/ellados-shop.com\/de\/\",\"name\":\"Ellados\",\"description\":\"\",\"potentialAction\":[{\"@type\":\"SearchAction\",\"target\":{\"@type\":\"EntryPoint\",\"urlTemplate\":\"https:\/\/ellados-shop.com\/de\/?s={search_term_string}\"},\"query-input\":{\"@type\":\"PropertyValueSpecification\",\"valueRequired\":true,\"valueName\":\"search_term_string\"}}],\"inLanguage\":\"de\"}]}<\/script>\n<!-- \/ Yoast SEO plugin. -->","yoast_head_json":{"title":"Natives Oliven\u00f6l Extra \u201eBETA\u201c - 500 ml - Ellados","description":"\"ELLADOS BETA\" ist ein extra natives Bio-Oliven\u00f6l, das das Ergebnis der feinen Mischung griechischer Olivensorten ist und ihm einen einzigartigen Geschmack verleiht.","robots":{"index":"index","follow":"follow","max-snippet":"max-snippet:-1","max-image-preview":"max-image-preview:large","max-video-preview":"max-video-preview:-1"},"canonical":"https:\/\/ellados-shop.com\/de\/laden\/griechische-olivenole\/bio-olivenoel-extra-vergine-beta-by-ellados-500-ml\/","og_locale":"de_DE","og_type":"article","og_title":"Natives Oliven\u00f6l Extra \u201eBETA\u201c - 500 ml - Ellados","og_description":"\"ELLADOS BETA\" ist ein extra natives Bio-Oliven\u00f6l, das das Ergebnis der feinen Mischung griechischer Olivensorten ist und ihm einen einzigartigen Geschmack verleiht.","og_url":"https:\/\/ellados-shop.com\/de\/laden\/griechische-olivenole\/bio-olivenoel-extra-vergine-beta-by-ellados-500-ml\/","og_site_name":"Ellados","article_modified_time":"2025-02-05T22:02:04+00:00","og_image":[{"width":450,"height":600,"url":"https:\/\/ellados-shop.com\/wp-content\/uploads\/ellados-beta-1.png","type":"image\/png"}],"twitter_card":"summary_large_image","twitter_misc":{"Gesch\u00e4tzte Lesezeit":"2\u00a0Minuten"},"schema":{"@context":"https:\/\/schema.org","@graph":[{"@type":"WebPage","@id":"https:\/\/ellados-shop.com\/de\/laden\/griechische-olivenole\/bio-olivenoel-extra-vergine-beta-by-ellados-500-ml\/","url":"https:\/\/ellados-shop.com\/de\/laden\/griechische-olivenole\/bio-olivenoel-extra-vergine-beta-by-ellados-500-ml\/","name":"Natives Oliven\u00f6l Extra \u201eBETA\u201c - 500 ml - Ellados","isPartOf":{"@id":"https:\/\/ellados-shop.com\/de\/#website"},"primaryImageOfPage":{"@id":"https:\/\/ellados-shop.com\/de\/laden\/griechische-olivenole\/bio-olivenoel-extra-vergine-beta-by-ellados-500-ml\/#primaryimage"},"image":{"@id":"https:\/\/ellados-shop.com\/de\/laden\/griechische-olivenole\/bio-olivenoel-extra-vergine-beta-by-ellados-500-ml\/#primaryimage"},"thumbnailUrl":"https:\/\/ellados-shop.com\/wp-content\/uploads\/Huile-olive-bio-beta.png","datePublished":"2024-02-21T10:38:03+00:00","dateModified":"2025-02-05T22:02:04+00:00","description":"\"ELLADOS BETA\" ist ein extra natives Bio-Oliven\u00f6l, das das Ergebnis der feinen Mischung griechischer Olivensorten ist und ihm einen einzigartigen Geschmack verleiht.","breadcrumb":{"@id":"https:\/\/ellados-shop.com\/de\/laden\/griechische-olivenole\/bio-olivenoel-extra-vergine-beta-by-ellados-500-ml\/#breadcrumb"},"inLanguage":"de","potentialAction":[{"@type":"ReadAction","target":["https:\/\/ellados-shop.com\/de\/laden\/griechische-olivenole\/bio-olivenoel-extra-vergine-beta-by-ellados-500-ml\/"]}]},{"@type":"ImageObject","inLanguage":"de","@id":"https:\/\/ellados-shop.com\/de\/laden\/griechische-olivenole\/bio-olivenoel-extra-vergine-beta-by-ellados-500-ml\/#primaryimage","url":"https:\/\/ellados-shop.com\/wp-content\/uploads\/Huile-olive-bio-beta.png","contentUrl":"https:\/\/ellados-shop.com\/wp-content\/uploads\/Huile-olive-bio-beta.png","width":450,"height":450,"caption":"HUILE OLIVE GRECQUE BIO"},{"@type":"BreadcrumbList","@id":"https:\/\/ellados-shop.com\/de\/laden\/griechische-olivenole\/bio-olivenoel-extra-vergine-beta-by-ellados-500-ml\/#breadcrumb","itemListElement":[{"@type":"ListItem","position":1,"name":"Accueil","item":"https:\/\/ellados-shop.com\/de\/accueil-v2\/"},{"@type":"ListItem","position":2,"name":"Boutique","item":"https:\/\/ellados-shop.com\/boutique\/"},{"@type":"ListItem","position":3,"name":"Natives Oliven\u00f6l Extra \u201eBETA\u201c &#8211; 500 ml"}]},{"@type":"WebSite","@id":"https:\/\/ellados-shop.com\/de\/#website","url":"https:\/\/ellados-shop.com\/de\/","name":"Ellados","description":"","potentialAction":[{"@type":"SearchAction","target":{"@type":"EntryPoint","urlTemplate":"https:\/\/ellados-shop.com\/de\/?s={search_term_string}"},"query-input":{"@type":"PropertyValueSpecification","valueRequired":true,"valueName":"search_term_string"}}],"inLanguage":"de"}]}},"_links":{"self":[{"href":"https:\/\/ellados-shop.com\/de\/wp-json\/wp\/v2\/product\/2648","targetHints":{"allow":["GET"]}}],"collection":[{"href":"https:\/\/ellados-shop.com\/de\/wp-json\/wp\/v2\/product"}],"about":[{"href":"https:\/\/ellados-shop.com\/de\/wp-json\/wp\/v2\/types\/product"}],"replies":[{"embeddable":true,"href":"https:\/\/ellados-shop.com\/de\/wp-json\/wp\/v2\/comments?post=2648"}],"wp:featuredmedia":[{"embeddable":true,"href":"https:\/\/ellados-shop.com\/de\/wp-json\/wp\/v2\/media\/5604"}],"wp:attachment":[{"href":"https:\/\/ellados-shop.com\/de\/wp-json\/wp\/v2\/media?parent=2648"}],"wp:term":[{"taxonomy":"product_brand","embeddable":true,"href":"https:\/\/ellados-shop.com\/de\/wp-json\/wp\/v2\/product_brand?post=2648"},{"taxonomy":"product_cat","embeddable":true,"href":"https:\/\/ellados-shop.com\/de\/wp-json\/wp\/v2\/product_cat?post=2648"},{"taxonomy":"product_tag","embeddable":true,"href":"https:\/\/ellados-shop.com\/de\/wp-json\/wp\/v2\/product_tag?post=2648"}],"curies":[{"name":"wp","href":"https:\/\/api.w.org\/{rel}","templated":true}]}}