{"id":2651,"date":"2024-03-10T18:38:16","date_gmt":"2024-03-10T17:38:16","guid":{"rendered":"https:\/\/ellados-shop.com\/unkategorisiert\/la-ptite-olive-olivenoel-bio-kanakis-250-ml\/"},"modified":"2024-11-01T23:01:41","modified_gmt":"2024-11-01T22:01:41","slug":"la-ptite-olive-olivenoel-bio-kanakis-250-ml","status":"publish","type":"product","link":"https:\/\/ellados-shop.com\/de\/laden\/griechische-olivenole\/la-ptite-olive-olivenoel-bio-kanakis-250-ml\/","title":{"rendered":"Bio-Oliven\u00f6l Kanakis &#8222;La P&#8217;tite Olive&#8220; &#8211; 250 ml"},"content":{"rendered":"<p>Entdecken Sie das Bio-Oliven\u00f6l Kanakis &#8222;La P&#8217;tite Olive&#8220;. Sie ist ein wahres Juwel aus der Region Messenien im Herzen des Peloponnes auf dem griechischen Festland. &#8222;La P&#8217;tite Olive&#8220; tr\u00e4gt die gesch\u00fctzte Ursprungsbezeichnung &#8211; g.U. &#8211; Kalamata. Das Bio-Oliven\u00f6l &#8222;La P&#8217;tite Olive&#8220; sch\u00f6pft seine Reichhaltigkeit und Authentizit\u00e4t aus den fruchtbaren B\u00f6den und dem sonnigen Klima der mediterranen Region. Ebenso sind die Kanakis-Oliven eine besondere Olivensorte mit exquisitem Geschmack und fleischiger Textur. Neben diesen geschmacklichen Qualit\u00e4ten ist die Kanakis-Olive sehr reich an Antioxidantien, einfach unges\u00e4ttigten Fetts\u00e4uren sowie Vitamin E und K. Aus diesem Grund tr\u00e4gt das Oliven\u00f6l &#8222;La P&#8217;tite Olive&#8220; durch die Bereitstellung dieser Elemente zur St\u00e4rkung Ihres Immunsystems bei und f\u00f6rdert die Knochengesundheit Ihrer Kleinen. Dar\u00fcber hinaus werden die Oliven, die zur Herstellung dieses \u00d6ls verwendet werden, auf traditionelle Weise angebaut. Sie werden dann in ihrem gr\u00fcnen Zustand von Hand geerntet und anschlie\u00dfend kaltgepresst, ohne Filtration. Diese sanfte Pressmethode extrahiert das \u00d6l aus den Fr\u00fcchten, ohne es hohen Temperaturen auszusetzen. Auf diese Weise bleiben die aktiven biologischen Bestandteile besser erhalten. Dar\u00fcber hinaus f\u00fchrt dieser sorgf\u00e4ltige Herstellungsprozess zu einem milden und fruchtigen \u00d6l von intensiv gr\u00fcner Farbe. &#8222;Das Oliven\u00f6l La P&#8217;tite Olive&#8220; zeichnet sich durch sein ausgewogenes sensorisches Profil aus, das delikate und fruchtige Aromen offenbart. Ihr einzigartiger Geschmack wird Kinder begeistern, w\u00e4hrend ihre ern\u00e4hrungsphysiologischen Werte Eltern beruhigen werden, die darauf bedacht sind, ihren Liebsten nur das Beste zu geben. Ihre cremige Textur und ihre goldene Farbe zeugen von ihrer hervorragenden Qualit\u00e4t, w\u00e4hrend ihr raffinierter Geschmack sie zu einer bevorzugten Zutat macht, um sowohl einfache als auch anspruchsvolle Gerichte zu veredeln. Daher ist das Bio-Oliven\u00f6l Kanakis &#8222;La P&#8217;tite Olive&#8220; der ideale Begleiter f\u00fcr alle Kochliebhaber, die nach einem qualitativ hochwertigen, vielseitigen und geschmacksintensiven Oliven\u00f6l suchen.<\/p>\n","protected":false},"excerpt":{"rendered":"<p>Entdecken Sie &#8222;La P&#8217;tite Olive&#8220;, ein hochwertiges <strong>extra natives<\/strong> <strong>Bio-<\/strong>Oliven\u00f6l mit reichem und authentischem Geschmack. Es wird sowohl die Kleinen als auch die Gro\u00dfen erfreuen.<\/p>\n","protected":false},"featured_media":4380,"comment_status":"closed","ping_status":"closed","template":"","meta":[],"product_brand":[],"product_cat":[68,88],"product_tag":[],"class_list":{"0":"post-2651","1":"product","2":"type-product","3":"status-publish","4":"has-post-thumbnail","6":"product_cat-laden","7":"product_cat-griechische-olivenole","9":"first","10":"outofstock","11":"taxable","12":"shipping-taxable","13":"purchasable","14":"product-type-simple"},"yoast_head":"<!-- This site is optimized with the Yoast SEO plugin v26.8 - https:\/\/yoast.com\/product\/yoast-seo-wordpress\/ -->\n<title>Bio-Oliven\u00f6l Kanakis &quot;La P&#039;tite Olive&quot; - Ellados<\/title>\n<meta name=\"description\" content=\"&quot;La P&#039;tite Olive&quot; ist ein hochwertiges Bio-Oliven\u00f6l von Kanakis, das Eltern und Kinder gleicherma\u00dfen mit seiner Sanftheit und seinem leichten Geschmack begeistern wird.\" \/>\n<meta name=\"robots\" content=\"index, follow, max-snippet:-1, max-image-preview:large, max-video-preview:-1\" \/>\n<link rel=\"canonical\" href=\"https:\/\/ellados-shop.com\/de\/laden\/griechische-olivenole\/la-ptite-olive-olivenoel-bio-kanakis-250-ml\/\" \/>\n<meta property=\"og:locale\" content=\"de_DE\" \/>\n<meta property=\"og:type\" content=\"article\" \/>\n<meta property=\"og:title\" content=\"Bio-Oliven\u00f6l Kanakis &quot;La P&#039;tite Olive&quot; - Ellados\" \/>\n<meta property=\"og:description\" content=\"&quot;La P&#039;tite Olive&quot; ist ein hochwertiges Bio-Oliven\u00f6l von Kanakis, das Eltern und Kinder gleicherma\u00dfen mit seiner Sanftheit und seinem leichten Geschmack begeistern wird.\" \/>\n<meta property=\"og:url\" content=\"https:\/\/ellados-shop.com\/de\/laden\/griechische-olivenole\/la-ptite-olive-olivenoel-bio-kanakis-250-ml\/\" \/>\n<meta property=\"og:site_name\" content=\"Ellados\" \/>\n<meta property=\"article:modified_time\" content=\"2024-11-01T22:01:41+00:00\" \/>\n<meta property=\"og:image\" content=\"https:\/\/ellados-shop.com\/wp-content\/uploads\/huile-olive-la-ptite-olive-2.png\" \/>\n\t<meta property=\"og:image:width\" content=\"450\" \/>\n\t<meta property=\"og:image:height\" content=\"600\" \/>\n\t<meta property=\"og:image:type\" content=\"image\/png\" \/>\n<meta name=\"twitter:card\" content=\"summary_large_image\" \/>\n<meta name=\"twitter:label1\" content=\"Gesch\u00e4tzte Lesezeit\" \/>\n\t<meta name=\"twitter:data1\" content=\"2\u00a0Minuten\" \/>\n<script type=\"application\/ld+json\" class=\"yoast-schema-graph\">{\"@context\":\"https:\/\/schema.org\",\"@graph\":[{\"@type\":\"WebPage\",\"@id\":\"https:\/\/ellados-shop.com\/de\/laden\/griechische-olivenole\/la-ptite-olive-olivenoel-bio-kanakis-250-ml\/\",\"url\":\"https:\/\/ellados-shop.com\/de\/laden\/griechische-olivenole\/la-ptite-olive-olivenoel-bio-kanakis-250-ml\/\",\"name\":\"Bio-Oliven\u00f6l Kanakis \\\"La P'tite Olive\\\" - Ellados\",\"isPartOf\":{\"@id\":\"https:\/\/ellados-shop.com\/de\/#website\"},\"primaryImageOfPage\":{\"@id\":\"https:\/\/ellados-shop.com\/de\/laden\/griechische-olivenole\/la-ptite-olive-olivenoel-bio-kanakis-250-ml\/#primaryimage\"},\"image\":{\"@id\":\"https:\/\/ellados-shop.com\/de\/laden\/griechische-olivenole\/la-ptite-olive-olivenoel-bio-kanakis-250-ml\/#primaryimage\"},\"thumbnailUrl\":\"https:\/\/ellados-shop.com\/wp-content\/uploads\/huile-olive-la-ptite-olive-2.png\",\"datePublished\":\"2024-03-10T17:38:16+00:00\",\"dateModified\":\"2024-11-01T22:01:41+00:00\",\"description\":\"\\\"La P'tite Olive\\\" ist ein hochwertiges Bio-Oliven\u00f6l von Kanakis, das Eltern und Kinder gleicherma\u00dfen mit seiner Sanftheit und seinem leichten Geschmack begeistern wird.\",\"breadcrumb\":{\"@id\":\"https:\/\/ellados-shop.com\/de\/laden\/griechische-olivenole\/la-ptite-olive-olivenoel-bio-kanakis-250-ml\/#breadcrumb\"},\"inLanguage\":\"de\",\"potentialAction\":[{\"@type\":\"ReadAction\",\"target\":[\"https:\/\/ellados-shop.com\/de\/laden\/griechische-olivenole\/la-ptite-olive-olivenoel-bio-kanakis-250-ml\/\"]}]},{\"@type\":\"ImageObject\",\"inLanguage\":\"de\",\"@id\":\"https:\/\/ellados-shop.com\/de\/laden\/griechische-olivenole\/la-ptite-olive-olivenoel-bio-kanakis-250-ml\/#primaryimage\",\"url\":\"https:\/\/ellados-shop.com\/wp-content\/uploads\/huile-olive-la-ptite-olive-2.png\",\"contentUrl\":\"https:\/\/ellados-shop.com\/wp-content\/uploads\/huile-olive-la-ptite-olive-2.png\",\"width\":450,\"height\":600,\"caption\":\"la p'tite olive huile extra vierge\"},{\"@type\":\"BreadcrumbList\",\"@id\":\"https:\/\/ellados-shop.com\/de\/laden\/griechische-olivenole\/la-ptite-olive-olivenoel-bio-kanakis-250-ml\/#breadcrumb\",\"itemListElement\":[{\"@type\":\"ListItem\",\"position\":1,\"name\":\"Accueil\",\"item\":\"https:\/\/ellados-shop.com\/de\/accueil-v2\/\"},{\"@type\":\"ListItem\",\"position\":2,\"name\":\"Boutique\",\"item\":\"https:\/\/ellados-shop.com\/boutique\/\"},{\"@type\":\"ListItem\",\"position\":3,\"name\":\"Bio-Oliven\u00f6l Kanakis \u00ab\u00a0La P&rsquo;tite Olive\u00a0\u00bb &#8211; 250 ml\"}]},{\"@type\":\"WebSite\",\"@id\":\"https:\/\/ellados-shop.com\/de\/#website\",\"url\":\"https:\/\/ellados-shop.com\/de\/\",\"name\":\"Ellados\",\"description\":\"\",\"potentialAction\":[{\"@type\":\"SearchAction\",\"target\":{\"@type\":\"EntryPoint\",\"urlTemplate\":\"https:\/\/ellados-shop.com\/de\/?s={search_term_string}\"},\"query-input\":{\"@type\":\"PropertyValueSpecification\",\"valueRequired\":true,\"valueName\":\"search_term_string\"}}],\"inLanguage\":\"de\"}]}<\/script>\n<!-- \/ Yoast SEO plugin. -->","yoast_head_json":{"title":"Bio-Oliven\u00f6l Kanakis \"La P'tite Olive\" - Ellados","description":"\"La P'tite Olive\" ist ein hochwertiges Bio-Oliven\u00f6l von Kanakis, das Eltern und Kinder gleicherma\u00dfen mit seiner Sanftheit und seinem leichten Geschmack begeistern wird.","robots":{"index":"index","follow":"follow","max-snippet":"max-snippet:-1","max-image-preview":"max-image-preview:large","max-video-preview":"max-video-preview:-1"},"canonical":"https:\/\/ellados-shop.com\/de\/laden\/griechische-olivenole\/la-ptite-olive-olivenoel-bio-kanakis-250-ml\/","og_locale":"de_DE","og_type":"article","og_title":"Bio-Oliven\u00f6l Kanakis \"La P'tite Olive\" - Ellados","og_description":"\"La P'tite Olive\" ist ein hochwertiges Bio-Oliven\u00f6l von Kanakis, das Eltern und Kinder gleicherma\u00dfen mit seiner Sanftheit und seinem leichten Geschmack begeistern wird.","og_url":"https:\/\/ellados-shop.com\/de\/laden\/griechische-olivenole\/la-ptite-olive-olivenoel-bio-kanakis-250-ml\/","og_site_name":"Ellados","article_modified_time":"2024-11-01T22:01:41+00:00","og_image":[{"width":450,"height":600,"url":"https:\/\/ellados-shop.com\/wp-content\/uploads\/huile-olive-la-ptite-olive-2.png","type":"image\/png"}],"twitter_card":"summary_large_image","twitter_misc":{"Gesch\u00e4tzte Lesezeit":"2\u00a0Minuten"},"schema":{"@context":"https:\/\/schema.org","@graph":[{"@type":"WebPage","@id":"https:\/\/ellados-shop.com\/de\/laden\/griechische-olivenole\/la-ptite-olive-olivenoel-bio-kanakis-250-ml\/","url":"https:\/\/ellados-shop.com\/de\/laden\/griechische-olivenole\/la-ptite-olive-olivenoel-bio-kanakis-250-ml\/","name":"Bio-Oliven\u00f6l Kanakis \"La P'tite Olive\" - Ellados","isPartOf":{"@id":"https:\/\/ellados-shop.com\/de\/#website"},"primaryImageOfPage":{"@id":"https:\/\/ellados-shop.com\/de\/laden\/griechische-olivenole\/la-ptite-olive-olivenoel-bio-kanakis-250-ml\/#primaryimage"},"image":{"@id":"https:\/\/ellados-shop.com\/de\/laden\/griechische-olivenole\/la-ptite-olive-olivenoel-bio-kanakis-250-ml\/#primaryimage"},"thumbnailUrl":"https:\/\/ellados-shop.com\/wp-content\/uploads\/huile-olive-la-ptite-olive-2.png","datePublished":"2024-03-10T17:38:16+00:00","dateModified":"2024-11-01T22:01:41+00:00","description":"\"La P'tite Olive\" ist ein hochwertiges Bio-Oliven\u00f6l von Kanakis, das Eltern und Kinder gleicherma\u00dfen mit seiner Sanftheit und seinem leichten Geschmack begeistern wird.","breadcrumb":{"@id":"https:\/\/ellados-shop.com\/de\/laden\/griechische-olivenole\/la-ptite-olive-olivenoel-bio-kanakis-250-ml\/#breadcrumb"},"inLanguage":"de","potentialAction":[{"@type":"ReadAction","target":["https:\/\/ellados-shop.com\/de\/laden\/griechische-olivenole\/la-ptite-olive-olivenoel-bio-kanakis-250-ml\/"]}]},{"@type":"ImageObject","inLanguage":"de","@id":"https:\/\/ellados-shop.com\/de\/laden\/griechische-olivenole\/la-ptite-olive-olivenoel-bio-kanakis-250-ml\/#primaryimage","url":"https:\/\/ellados-shop.com\/wp-content\/uploads\/huile-olive-la-ptite-olive-2.png","contentUrl":"https:\/\/ellados-shop.com\/wp-content\/uploads\/huile-olive-la-ptite-olive-2.png","width":450,"height":600,"caption":"la p'tite olive huile extra vierge"},{"@type":"BreadcrumbList","@id":"https:\/\/ellados-shop.com\/de\/laden\/griechische-olivenole\/la-ptite-olive-olivenoel-bio-kanakis-250-ml\/#breadcrumb","itemListElement":[{"@type":"ListItem","position":1,"name":"Accueil","item":"https:\/\/ellados-shop.com\/de\/accueil-v2\/"},{"@type":"ListItem","position":2,"name":"Boutique","item":"https:\/\/ellados-shop.com\/boutique\/"},{"@type":"ListItem","position":3,"name":"Bio-Oliven\u00f6l Kanakis \u00ab\u00a0La P&rsquo;tite Olive\u00a0\u00bb &#8211; 250 ml"}]},{"@type":"WebSite","@id":"https:\/\/ellados-shop.com\/de\/#website","url":"https:\/\/ellados-shop.com\/de\/","name":"Ellados","description":"","potentialAction":[{"@type":"SearchAction","target":{"@type":"EntryPoint","urlTemplate":"https:\/\/ellados-shop.com\/de\/?s={search_term_string}"},"query-input":{"@type":"PropertyValueSpecification","valueRequired":true,"valueName":"search_term_string"}}],"inLanguage":"de"}]}},"_links":{"self":[{"href":"https:\/\/ellados-shop.com\/de\/wp-json\/wp\/v2\/product\/2651","targetHints":{"allow":["GET"]}}],"collection":[{"href":"https:\/\/ellados-shop.com\/de\/wp-json\/wp\/v2\/product"}],"about":[{"href":"https:\/\/ellados-shop.com\/de\/wp-json\/wp\/v2\/types\/product"}],"replies":[{"embeddable":true,"href":"https:\/\/ellados-shop.com\/de\/wp-json\/wp\/v2\/comments?post=2651"}],"wp:featuredmedia":[{"embeddable":true,"href":"https:\/\/ellados-shop.com\/de\/wp-json\/wp\/v2\/media\/4380"}],"wp:attachment":[{"href":"https:\/\/ellados-shop.com\/de\/wp-json\/wp\/v2\/media?parent=2651"}],"wp:term":[{"taxonomy":"product_brand","embeddable":true,"href":"https:\/\/ellados-shop.com\/de\/wp-json\/wp\/v2\/product_brand?post=2651"},{"taxonomy":"product_cat","embeddable":true,"href":"https:\/\/ellados-shop.com\/de\/wp-json\/wp\/v2\/product_cat?post=2651"},{"taxonomy":"product_tag","embeddable":true,"href":"https:\/\/ellados-shop.com\/de\/wp-json\/wp\/v2\/product_tag?post=2651"}],"curies":[{"name":"wp","href":"https:\/\/api.w.org\/{rel}","templated":true}]}}