{"id":2652,"date":"2024-03-10T19:09:10","date_gmt":"2024-03-10T18:09:10","guid":{"rendered":"https:\/\/ellados-shop.com\/unkategorisiert\/gefuellte-weinblaetter-100-bio-mariannas\/"},"modified":"2024-12-10T18:14:25","modified_gmt":"2024-12-10T17:14:25","slug":"gefuellte-weinblaetter-100-bio-mariannas","status":"publish","type":"product","link":"https:\/\/ellados-shop.com\/de\/laden\/lebensmittelgeschaft\/gesalzen\/gefuellte-weinblaetter-100-bio-mariannas\/","title":{"rendered":"Gef\u00fcllte Weinbl\u00e4tter 100 % Bio &#8222;Marianna&#8217;s&#8220;"},"content":{"rendered":"<div class=\"flex flex-grow flex-col max-w-full\">\n<div class=\"min-h-[20px] text-message flex flex-col items-start gap-3 whitespace-pre-wrap break-words [.text-message+&amp;]:mt-5 overflow-x-auto\" dir=\"auto\" data-message-author-role=\"assistant\" data-message-id=\"912ae1ff-78c8-423a-a960-7f475a78392a\">\n<div class=\"markdown prose w-full break-words dark:prose-invert light\"> Entdecken Sie unsere Bio-Gef\u00fcllten Weinbl\u00e4tter, ein gro\u00dfartiger Klassiker der griechischen K\u00fcche. Die Bio-Gef\u00fcllten Weinbl\u00e4tter von Marianna&#8217;s sind eine k\u00f6stliche Fusion aus authentischen mediterranen Aromen und hochwertigen Zutaten. Sie werden sorgf\u00e4ltig nach traditionellen Methoden zubereitet, um die Geschmacksknospen mit ihrem reichen Geschmack und ihrer zarten Textur zu begeistern. Unsere Partner w\u00e4hlen sorgf\u00e4ltig die Weinbl\u00e4tter aus, um Ihnen perfekte Frische und hohe Qualit\u00e4t zu garantieren. Auf diese Weise stellen sie jede Portion nach einem traditionellen Rezept und Verfahren her. Die Bl\u00e4tter umh\u00fcllen dann eine k\u00f6stliche Mischung aus Reis, Zwiebeln, Tomaten, mediterranen Kr\u00e4utern und Gew\u00fcrzen. Auf diese Weise bietet jede Bissen eine Explosion von Aromen, die Ihre Sinne direkt nach Griechenland entf\u00fchren. Sie k\u00f6nnen unsere Bio-Gef\u00fcllten Weinbl\u00e4tter mit einer Joghurtsauce und einer Zitronenzeste genie\u00dfen. Aber Sie k\u00f6nnen sie auch als Mezze bei einem griechischen Aperitif servieren. In diesem Fall servieren Sie die gef\u00fcllten Weinbl\u00e4tter zusammen mit anderen Gerichten. Zum Beispiel Hummus, Oliven, Tzatziki oder auch Pita-Brot. Oder Sie k\u00f6nnen die gef\u00fcllten Weinbl\u00e4tter als Hauptgericht servieren, begleitet von gegrilltem Fisch oder H\u00fchnchensouvlaki. Das schafft eine ausgewogene und reichhaltige Mahlzeit sowie ein abwechslungsreiches und geselliges kulinarisches Erlebnis. Neben ihrem exquisiten Geschmack bieten diese gef\u00fcllten Weinbl\u00e4tter auch bemerkenswerte ern\u00e4hrungsphysiologische Vorteile. Sie sind reich an Ballaststoffen, Vitaminen und lebenswichtigen Mineralien, was dieses Gericht zu einer gesunden und ausgewogenen Wahl f\u00fcr die ganze Familie macht. Ob als Vorspeise, Beilage oder sogar als Hauptgericht, die gef\u00fcllten Weinbl\u00e4tter von Marianna&#8217;s sind eine vielseitige Option. Sie sind perfekt, um Ihre G\u00e4ste bei jeder Mahlzeit zu begeistern. Mit ihrer Authentizit\u00e4t, ihrer Bio-Qualit\u00e4t und ihrem unwiderstehlichen Geschmack werden sie sicherlich zu einem unverzichtbaren Bestandteil Ihrer mediterranen K\u00fcche werden. <\/div>\n<\/div>\n<\/div>\n<div class=\"mt-1 flex gap-3 empty:hidden\">\n<div class=\"text-gray-400 flex self-end lg:self-center items-center justify-center lg:justify-start mt-0 -ml-1 h-7 gap-[2px] visible\"><\/div>\n<\/div>\n<div class=\"flex\"><\/div>\n","protected":false},"excerpt":{"rendered":"<p><strong>Fertig zum Genie\u00dfen <\/strong>und <strong>einfach zuzubereiten<\/strong>, sind diese gef\u00fcllten Weinbl\u00e4tter perfekt f\u00fcr besondere Anl\u00e4sse oder allt\u00e4gliche Mahlzeiten. Genie\u00dfen Sie ein Familienrezept mit <strong>handwerklicher Herstellung.<\/strong> <\/p>\n","protected":false},"featured_media":5646,"comment_status":"closed","ping_status":"closed","template":"","meta":[],"product_brand":[],"product_cat":[68,92,106],"product_tag":[],"class_list":{"0":"post-2652","1":"product","2":"type-product","3":"status-publish","4":"has-post-thumbnail","6":"product_cat-laden","7":"product_cat-lebensmittelgeschaft","8":"product_cat-gesalzen","10":"first","11":"outofstock","12":"taxable","13":"shipping-taxable","14":"purchasable","15":"product-type-simple"},"yoast_head":"<!-- This site is optimized with the Yoast SEO plugin v26.8 - https:\/\/yoast.com\/product\/yoast-seo-wordpress\/ -->\n<title>Gef\u00fcllte Weinbl\u00e4tter- 100 % BIO - Ellados<\/title>\n<meta name=\"description\" content=\"Diese gef\u00fcllten Weinbl\u00e4tter laden zu einer Reise ein und sind ein 100 % biologisches Produkt. Ein Muss f\u00fcr Ihren griechischen Aperitif !\" \/>\n<meta name=\"robots\" content=\"index, follow, max-snippet:-1, max-image-preview:large, max-video-preview:-1\" \/>\n<link rel=\"canonical\" href=\"https:\/\/ellados-shop.com\/de\/laden\/lebensmittelgeschaft\/gesalzen\/gefuellte-weinblaetter-100-bio-mariannas\/\" \/>\n<meta property=\"og:locale\" content=\"de_DE\" \/>\n<meta property=\"og:type\" content=\"article\" \/>\n<meta property=\"og:title\" content=\"Gef\u00fcllte Weinbl\u00e4tter- 100 % BIO - Ellados\" \/>\n<meta property=\"og:description\" content=\"Diese gef\u00fcllten Weinbl\u00e4tter laden zu einer Reise ein und sind ein 100 % biologisches Produkt. Ein Muss f\u00fcr Ihren griechischen Aperitif !\" \/>\n<meta property=\"og:url\" content=\"https:\/\/ellados-shop.com\/de\/laden\/lebensmittelgeschaft\/gesalzen\/gefuellte-weinblaetter-100-bio-mariannas\/\" \/>\n<meta property=\"og:site_name\" content=\"Ellados\" \/>\n<meta property=\"article:modified_time\" content=\"2024-12-10T17:14:25+00:00\" \/>\n<meta property=\"og:image\" content=\"https:\/\/ellados-shop.com\/wp-content\/uploads\/FEUILLES-DE-VIGNES-MARIANNAS.png\" \/>\n\t<meta property=\"og:image:width\" content=\"450\" \/>\n\t<meta property=\"og:image:height\" content=\"600\" \/>\n\t<meta property=\"og:image:type\" content=\"image\/png\" \/>\n<meta name=\"twitter:card\" content=\"summary_large_image\" \/>\n<meta name=\"twitter:label1\" content=\"Gesch\u00e4tzte Lesezeit\" \/>\n\t<meta name=\"twitter:data1\" content=\"2\u00a0Minuten\" \/>\n<script type=\"application\/ld+json\" class=\"yoast-schema-graph\">{\"@context\":\"https:\/\/schema.org\",\"@graph\":[{\"@type\":\"WebPage\",\"@id\":\"https:\/\/ellados-shop.com\/de\/laden\/lebensmittelgeschaft\/gesalzen\/gefuellte-weinblaetter-100-bio-mariannas\/\",\"url\":\"https:\/\/ellados-shop.com\/de\/laden\/lebensmittelgeschaft\/gesalzen\/gefuellte-weinblaetter-100-bio-mariannas\/\",\"name\":\"Gef\u00fcllte Weinbl\u00e4tter- 100 % BIO - Ellados\",\"isPartOf\":{\"@id\":\"https:\/\/ellados-shop.com\/de\/#website\"},\"primaryImageOfPage\":{\"@id\":\"https:\/\/ellados-shop.com\/de\/laden\/lebensmittelgeschaft\/gesalzen\/gefuellte-weinblaetter-100-bio-mariannas\/#primaryimage\"},\"image\":{\"@id\":\"https:\/\/ellados-shop.com\/de\/laden\/lebensmittelgeschaft\/gesalzen\/gefuellte-weinblaetter-100-bio-mariannas\/#primaryimage\"},\"thumbnailUrl\":\"https:\/\/ellados-shop.com\/wp-content\/uploads\/Feuilles-de-vignes.png\",\"datePublished\":\"2024-03-10T18:09:10+00:00\",\"dateModified\":\"2024-12-10T17:14:25+00:00\",\"description\":\"Diese gef\u00fcllten Weinbl\u00e4tter laden zu einer Reise ein und sind ein 100 % biologisches Produkt. Ein Muss f\u00fcr Ihren griechischen Aperitif !\",\"breadcrumb\":{\"@id\":\"https:\/\/ellados-shop.com\/de\/laden\/lebensmittelgeschaft\/gesalzen\/gefuellte-weinblaetter-100-bio-mariannas\/#breadcrumb\"},\"inLanguage\":\"de\",\"potentialAction\":[{\"@type\":\"ReadAction\",\"target\":[\"https:\/\/ellados-shop.com\/de\/laden\/lebensmittelgeschaft\/gesalzen\/gefuellte-weinblaetter-100-bio-mariannas\/\"]}]},{\"@type\":\"ImageObject\",\"inLanguage\":\"de\",\"@id\":\"https:\/\/ellados-shop.com\/de\/laden\/lebensmittelgeschaft\/gesalzen\/gefuellte-weinblaetter-100-bio-mariannas\/#primaryimage\",\"url\":\"https:\/\/ellados-shop.com\/wp-content\/uploads\/Feuilles-de-vignes.png\",\"contentUrl\":\"https:\/\/ellados-shop.com\/wp-content\/uploads\/Feuilles-de-vignes.png\",\"width\":450,\"height\":450,\"caption\":\"feuilles de vignes\"},{\"@type\":\"BreadcrumbList\",\"@id\":\"https:\/\/ellados-shop.com\/de\/laden\/lebensmittelgeschaft\/gesalzen\/gefuellte-weinblaetter-100-bio-mariannas\/#breadcrumb\",\"itemListElement\":[{\"@type\":\"ListItem\",\"position\":1,\"name\":\"Accueil\",\"item\":\"https:\/\/ellados-shop.com\/de\/accueil-v2\/\"},{\"@type\":\"ListItem\",\"position\":2,\"name\":\"Boutique\",\"item\":\"https:\/\/ellados-shop.com\/boutique\/\"},{\"@type\":\"ListItem\",\"position\":3,\"name\":\"Gef\u00fcllte Weinbl\u00e4tter 100 % Bio \u00ab\u00a0Marianna&rsquo;s\u00a0\u00bb\"}]},{\"@type\":\"WebSite\",\"@id\":\"https:\/\/ellados-shop.com\/de\/#website\",\"url\":\"https:\/\/ellados-shop.com\/de\/\",\"name\":\"Ellados\",\"description\":\"\",\"potentialAction\":[{\"@type\":\"SearchAction\",\"target\":{\"@type\":\"EntryPoint\",\"urlTemplate\":\"https:\/\/ellados-shop.com\/de\/?s={search_term_string}\"},\"query-input\":{\"@type\":\"PropertyValueSpecification\",\"valueRequired\":true,\"valueName\":\"search_term_string\"}}],\"inLanguage\":\"de\"}]}<\/script>\n<!-- \/ Yoast SEO plugin. -->","yoast_head_json":{"title":"Gef\u00fcllte Weinbl\u00e4tter- 100 % BIO - Ellados","description":"Diese gef\u00fcllten Weinbl\u00e4tter laden zu einer Reise ein und sind ein 100 % biologisches Produkt. Ein Muss f\u00fcr Ihren griechischen Aperitif !","robots":{"index":"index","follow":"follow","max-snippet":"max-snippet:-1","max-image-preview":"max-image-preview:large","max-video-preview":"max-video-preview:-1"},"canonical":"https:\/\/ellados-shop.com\/de\/laden\/lebensmittelgeschaft\/gesalzen\/gefuellte-weinblaetter-100-bio-mariannas\/","og_locale":"de_DE","og_type":"article","og_title":"Gef\u00fcllte Weinbl\u00e4tter- 100 % BIO - Ellados","og_description":"Diese gef\u00fcllten Weinbl\u00e4tter laden zu einer Reise ein und sind ein 100 % biologisches Produkt. Ein Muss f\u00fcr Ihren griechischen Aperitif !","og_url":"https:\/\/ellados-shop.com\/de\/laden\/lebensmittelgeschaft\/gesalzen\/gefuellte-weinblaetter-100-bio-mariannas\/","og_site_name":"Ellados","article_modified_time":"2024-12-10T17:14:25+00:00","og_image":[{"width":450,"height":600,"url":"https:\/\/ellados-shop.com\/wp-content\/uploads\/FEUILLES-DE-VIGNES-MARIANNAS.png","type":"image\/png"}],"twitter_card":"summary_large_image","twitter_misc":{"Gesch\u00e4tzte Lesezeit":"2\u00a0Minuten"},"schema":{"@context":"https:\/\/schema.org","@graph":[{"@type":"WebPage","@id":"https:\/\/ellados-shop.com\/de\/laden\/lebensmittelgeschaft\/gesalzen\/gefuellte-weinblaetter-100-bio-mariannas\/","url":"https:\/\/ellados-shop.com\/de\/laden\/lebensmittelgeschaft\/gesalzen\/gefuellte-weinblaetter-100-bio-mariannas\/","name":"Gef\u00fcllte Weinbl\u00e4tter- 100 % BIO - Ellados","isPartOf":{"@id":"https:\/\/ellados-shop.com\/de\/#website"},"primaryImageOfPage":{"@id":"https:\/\/ellados-shop.com\/de\/laden\/lebensmittelgeschaft\/gesalzen\/gefuellte-weinblaetter-100-bio-mariannas\/#primaryimage"},"image":{"@id":"https:\/\/ellados-shop.com\/de\/laden\/lebensmittelgeschaft\/gesalzen\/gefuellte-weinblaetter-100-bio-mariannas\/#primaryimage"},"thumbnailUrl":"https:\/\/ellados-shop.com\/wp-content\/uploads\/Feuilles-de-vignes.png","datePublished":"2024-03-10T18:09:10+00:00","dateModified":"2024-12-10T17:14:25+00:00","description":"Diese gef\u00fcllten Weinbl\u00e4tter laden zu einer Reise ein und sind ein 100 % biologisches Produkt. Ein Muss f\u00fcr Ihren griechischen Aperitif !","breadcrumb":{"@id":"https:\/\/ellados-shop.com\/de\/laden\/lebensmittelgeschaft\/gesalzen\/gefuellte-weinblaetter-100-bio-mariannas\/#breadcrumb"},"inLanguage":"de","potentialAction":[{"@type":"ReadAction","target":["https:\/\/ellados-shop.com\/de\/laden\/lebensmittelgeschaft\/gesalzen\/gefuellte-weinblaetter-100-bio-mariannas\/"]}]},{"@type":"ImageObject","inLanguage":"de","@id":"https:\/\/ellados-shop.com\/de\/laden\/lebensmittelgeschaft\/gesalzen\/gefuellte-weinblaetter-100-bio-mariannas\/#primaryimage","url":"https:\/\/ellados-shop.com\/wp-content\/uploads\/Feuilles-de-vignes.png","contentUrl":"https:\/\/ellados-shop.com\/wp-content\/uploads\/Feuilles-de-vignes.png","width":450,"height":450,"caption":"feuilles de vignes"},{"@type":"BreadcrumbList","@id":"https:\/\/ellados-shop.com\/de\/laden\/lebensmittelgeschaft\/gesalzen\/gefuellte-weinblaetter-100-bio-mariannas\/#breadcrumb","itemListElement":[{"@type":"ListItem","position":1,"name":"Accueil","item":"https:\/\/ellados-shop.com\/de\/accueil-v2\/"},{"@type":"ListItem","position":2,"name":"Boutique","item":"https:\/\/ellados-shop.com\/boutique\/"},{"@type":"ListItem","position":3,"name":"Gef\u00fcllte Weinbl\u00e4tter 100 % Bio \u00ab\u00a0Marianna&rsquo;s\u00a0\u00bb"}]},{"@type":"WebSite","@id":"https:\/\/ellados-shop.com\/de\/#website","url":"https:\/\/ellados-shop.com\/de\/","name":"Ellados","description":"","potentialAction":[{"@type":"SearchAction","target":{"@type":"EntryPoint","urlTemplate":"https:\/\/ellados-shop.com\/de\/?s={search_term_string}"},"query-input":{"@type":"PropertyValueSpecification","valueRequired":true,"valueName":"search_term_string"}}],"inLanguage":"de"}]}},"_links":{"self":[{"href":"https:\/\/ellados-shop.com\/de\/wp-json\/wp\/v2\/product\/2652","targetHints":{"allow":["GET"]}}],"collection":[{"href":"https:\/\/ellados-shop.com\/de\/wp-json\/wp\/v2\/product"}],"about":[{"href":"https:\/\/ellados-shop.com\/de\/wp-json\/wp\/v2\/types\/product"}],"replies":[{"embeddable":true,"href":"https:\/\/ellados-shop.com\/de\/wp-json\/wp\/v2\/comments?post=2652"}],"wp:featuredmedia":[{"embeddable":true,"href":"https:\/\/ellados-shop.com\/de\/wp-json\/wp\/v2\/media\/5646"}],"wp:attachment":[{"href":"https:\/\/ellados-shop.com\/de\/wp-json\/wp\/v2\/media?parent=2652"}],"wp:term":[{"taxonomy":"product_brand","embeddable":true,"href":"https:\/\/ellados-shop.com\/de\/wp-json\/wp\/v2\/product_brand?post=2652"},{"taxonomy":"product_cat","embeddable":true,"href":"https:\/\/ellados-shop.com\/de\/wp-json\/wp\/v2\/product_cat?post=2652"},{"taxonomy":"product_tag","embeddable":true,"href":"https:\/\/ellados-shop.com\/de\/wp-json\/wp\/v2\/product_tag?post=2652"}],"curies":[{"name":"wp","href":"https:\/\/api.w.org\/{rel}","templated":true}]}}