{"id":2653,"date":"2024-03-13T16:44:54","date_gmt":"2024-03-13T15:44:54","guid":{"rendered":"https:\/\/ellados-shop.com\/unkategorisiert\/bio-oliven-aus-kalamata-280-g\/"},"modified":"2024-11-02T09:27:16","modified_gmt":"2024-11-02T08:27:16","slug":"bio-oliven-aus-kalamata-280-g","status":"publish","type":"product","link":"https:\/\/ellados-shop.com\/de\/laden\/lebensmittelgeschaft\/gesalzen\/bio-oliven-aus-kalamata-280-g\/","title":{"rendered":"Bio-Oliven aus Kalamata &#8211; 280 g"},"content":{"rendered":"<p>Die Bio-Kalamata-Olive ist ein Muss f\u00fcr Ihre griechischen Vorspeisen. Sie stammen aus der Region Kalamata im S\u00fcden des Peloponnes in Griechenland. Diese Oliven sind ber\u00fchmt f\u00fcr ihre tiefviolette Farbe, ihre fleischige Textur und ihren einzigartigen Geschmack. Der Ruf der Bio-Kalamata-Olive ist unbestritten ! Sie ist von au\u00dfergew\u00f6hnlicher Qualit\u00e4t. Wir haben f\u00fcr Sie einen Produzenten ausgew\u00e4hlt, dessen Erfahrung und Engagement f\u00fcr \u00f6kologische Landwirtschaft unbestritten sind. Das Unternehmen Mani Bla\u00fcel ist ein leidenschaftlicher Familienbetrieb, der seit Ende der 1970er Jahre in Griechenland ans\u00e4ssig ist. Dank einer unternehmerischen Vision und dem Respekt gegen\u00fcber den Menschen und der kulturellen Landschaft dieser Region ist es dem Unternehmen gelungen, die Landwirte um die Philosophie der biologischen Landwirtschaft zu vereinen. So konnten ihre Bem\u00fchungen und ihre Begeisterung im Laufe der Zeit immer mehr Landwirte \u00fcberzeugen. Die Kalamata-Olive w\u00e4chst und reift in den fruchtbaren, von der Sonne durchfluteten B\u00f6den der Region Mani, die an das Mittelmeer grenzt. Sie wird jedes Jahr zum optimalen Reifezeitpunkt von Hand geerntet, um eine au\u00dfergew\u00f6hnliche Qualit\u00e4t zu gew\u00e4hrleisten. Dann trocknen die Oliven nat\u00fcrlich sechs Monate lang in den Trocknern des Unternehmens Mani Bla\u00fcel. Nach dieser Produktionsphase werden die Oliven in extra nativem Oliven\u00f6l aufbewahrt. Die traditionelle Methode der Olivenernte und -verarbeitung, kombiniert mit jahrhundertealten Konservierungstechniken, bewahrt ihre Frische und Authentizit\u00e4t f\u00fcr Ihr gr\u00f6\u00dftes Vergn\u00fcgen. Neben ihrem k\u00f6stlichen Geschmack sind die Bio-Kalamata-Oliven auch reich an lebenswichtigen N\u00e4hrstoffen. Sie sind au\u00dferdem eine nat\u00fcrliche Quelle f\u00fcr gesunde Fetts\u00e4uren, Antioxidantien und Vitamine. Deshalb tragen sie zu Ihrem Wohlbefinden bei und sind eine gesunde und ausgewogene Wahl, um Ihre Mahlzeiten oder Ihre gemeinsame Zeit mit Freunden zu bereichern. &nbsp;<\/p>\n<p>&nbsp;<\/p>\n<p>&nbsp; Genie\u00dfen Sie sie in Ma\u00dfen, als Aperitif, im Salat oder sogar allein.<\/p>\n","protected":false},"excerpt":{"rendered":"<p>Verl\u00e4ngern Sie die Sommeraromen mit diesen biologischen Kalamata-Oliven. Ihr <strong>intensiver Geschmack <\/strong>und ihr <strong>fester Fleisch<\/strong> sind ein <strong>einzigartiges Vergn\u00fcgen<\/strong> bei jedem Bissen. Ob pur genossen oder in der K\u00fcche verwendet, diese Oliven werden Sie durch ihre Exzellenz begeistern.  <\/p>\n","protected":false},"featured_media":5655,"comment_status":"open","ping_status":"closed","template":"","meta":[],"product_brand":[],"product_cat":[68,92,106],"product_tag":[],"class_list":{"0":"post-2653","1":"product","2":"type-product","3":"status-publish","4":"has-post-thumbnail","6":"product_cat-laden","7":"product_cat-lebensmittelgeschaft","8":"product_cat-gesalzen","10":"first","11":"outofstock","12":"taxable","13":"shipping-taxable","14":"purchasable","15":"product-type-simple"},"yoast_head":"<!-- This site is optimized with the Yoast SEO plugin v26.8 - https:\/\/yoast.com\/product\/yoast-seo-wordpress\/ -->\n<title>BIO-KALAMATA-OLIVEN - Ellados<\/title>\n<meta name=\"description\" content=\"Das Bio-Kalamata-Oliven\u00f6l ist eine vielseitige und unverzichtbare Zutat, die Ihren vegetarischen Gerichten einen Hauch mediterranen Aromas verleiht.\" \/>\n<meta name=\"robots\" content=\"index, follow, max-snippet:-1, max-image-preview:large, max-video-preview:-1\" \/>\n<link rel=\"canonical\" href=\"https:\/\/ellados-shop.com\/de\/laden\/lebensmittelgeschaft\/gesalzen\/bio-oliven-aus-kalamata-280-g\/\" \/>\n<meta property=\"og:locale\" content=\"de_DE\" \/>\n<meta property=\"og:type\" content=\"article\" \/>\n<meta property=\"og:title\" content=\"BIO-KALAMATA-OLIVEN - Ellados\" \/>\n<meta property=\"og:description\" content=\"Das Bio-Kalamata-Oliven\u00f6l ist eine vielseitige und unverzichtbare Zutat, die Ihren vegetarischen Gerichten einen Hauch mediterranen Aromas verleiht.\" \/>\n<meta property=\"og:url\" content=\"https:\/\/ellados-shop.com\/de\/laden\/lebensmittelgeschaft\/gesalzen\/bio-oliven-aus-kalamata-280-g\/\" \/>\n<meta property=\"og:site_name\" content=\"Ellados\" \/>\n<meta property=\"article:modified_time\" content=\"2024-11-02T08:27:16+00:00\" \/>\n<meta property=\"og:image\" content=\"https:\/\/ellados-shop.com\/wp-content\/uploads\/OLIVES-NOIRES-KALAMATA.png\" \/>\n\t<meta property=\"og:image:width\" content=\"450\" \/>\n\t<meta property=\"og:image:height\" content=\"600\" \/>\n\t<meta property=\"og:image:type\" content=\"image\/png\" \/>\n<meta name=\"twitter:card\" content=\"summary_large_image\" \/>\n<meta name=\"twitter:label1\" content=\"Gesch\u00e4tzte Lesezeit\" \/>\n\t<meta name=\"twitter:data1\" content=\"2\u00a0Minuten\" \/>\n<script type=\"application\/ld+json\" class=\"yoast-schema-graph\">{\"@context\":\"https:\/\/schema.org\",\"@graph\":[{\"@type\":\"WebPage\",\"@id\":\"https:\/\/ellados-shop.com\/de\/laden\/lebensmittelgeschaft\/gesalzen\/bio-oliven-aus-kalamata-280-g\/\",\"url\":\"https:\/\/ellados-shop.com\/de\/laden\/lebensmittelgeschaft\/gesalzen\/bio-oliven-aus-kalamata-280-g\/\",\"name\":\"BIO-KALAMATA-OLIVEN - Ellados\",\"isPartOf\":{\"@id\":\"https:\/\/ellados-shop.com\/de\/#website\"},\"primaryImageOfPage\":{\"@id\":\"https:\/\/ellados-shop.com\/de\/laden\/lebensmittelgeschaft\/gesalzen\/bio-oliven-aus-kalamata-280-g\/#primaryimage\"},\"image\":{\"@id\":\"https:\/\/ellados-shop.com\/de\/laden\/lebensmittelgeschaft\/gesalzen\/bio-oliven-aus-kalamata-280-g\/#primaryimage\"},\"thumbnailUrl\":\"https:\/\/ellados-shop.com\/wp-content\/uploads\/olives-noires-bio.png\",\"datePublished\":\"2024-03-13T15:44:54+00:00\",\"dateModified\":\"2024-11-02T08:27:16+00:00\",\"description\":\"Das Bio-Kalamata-Oliven\u00f6l ist eine vielseitige und unverzichtbare Zutat, die Ihren vegetarischen Gerichten einen Hauch mediterranen Aromas verleiht.\",\"breadcrumb\":{\"@id\":\"https:\/\/ellados-shop.com\/de\/laden\/lebensmittelgeschaft\/gesalzen\/bio-oliven-aus-kalamata-280-g\/#breadcrumb\"},\"inLanguage\":\"de\",\"potentialAction\":[{\"@type\":\"ReadAction\",\"target\":[\"https:\/\/ellados-shop.com\/de\/laden\/lebensmittelgeschaft\/gesalzen\/bio-oliven-aus-kalamata-280-g\/\"]}]},{\"@type\":\"ImageObject\",\"inLanguage\":\"de\",\"@id\":\"https:\/\/ellados-shop.com\/de\/laden\/lebensmittelgeschaft\/gesalzen\/bio-oliven-aus-kalamata-280-g\/#primaryimage\",\"url\":\"https:\/\/ellados-shop.com\/wp-content\/uploads\/olives-noires-bio.png\",\"contentUrl\":\"https:\/\/ellados-shop.com\/wp-content\/uploads\/olives-noires-bio.png\",\"width\":450,\"height\":450,\"caption\":\"Olives noires kalamata\"},{\"@type\":\"BreadcrumbList\",\"@id\":\"https:\/\/ellados-shop.com\/de\/laden\/lebensmittelgeschaft\/gesalzen\/bio-oliven-aus-kalamata-280-g\/#breadcrumb\",\"itemListElement\":[{\"@type\":\"ListItem\",\"position\":1,\"name\":\"Accueil\",\"item\":\"https:\/\/ellados-shop.com\/de\/accueil-v2\/\"},{\"@type\":\"ListItem\",\"position\":2,\"name\":\"Boutique\",\"item\":\"https:\/\/ellados-shop.com\/boutique\/\"},{\"@type\":\"ListItem\",\"position\":3,\"name\":\"Bio-Oliven aus Kalamata &#8211; 280 g\"}]},{\"@type\":\"WebSite\",\"@id\":\"https:\/\/ellados-shop.com\/de\/#website\",\"url\":\"https:\/\/ellados-shop.com\/de\/\",\"name\":\"Ellados\",\"description\":\"\",\"potentialAction\":[{\"@type\":\"SearchAction\",\"target\":{\"@type\":\"EntryPoint\",\"urlTemplate\":\"https:\/\/ellados-shop.com\/de\/?s={search_term_string}\"},\"query-input\":{\"@type\":\"PropertyValueSpecification\",\"valueRequired\":true,\"valueName\":\"search_term_string\"}}],\"inLanguage\":\"de\"}]}<\/script>\n<!-- \/ Yoast SEO plugin. -->","yoast_head_json":{"title":"BIO-KALAMATA-OLIVEN - Ellados","description":"Das Bio-Kalamata-Oliven\u00f6l ist eine vielseitige und unverzichtbare Zutat, die Ihren vegetarischen Gerichten einen Hauch mediterranen Aromas verleiht.","robots":{"index":"index","follow":"follow","max-snippet":"max-snippet:-1","max-image-preview":"max-image-preview:large","max-video-preview":"max-video-preview:-1"},"canonical":"https:\/\/ellados-shop.com\/de\/laden\/lebensmittelgeschaft\/gesalzen\/bio-oliven-aus-kalamata-280-g\/","og_locale":"de_DE","og_type":"article","og_title":"BIO-KALAMATA-OLIVEN - Ellados","og_description":"Das Bio-Kalamata-Oliven\u00f6l ist eine vielseitige und unverzichtbare Zutat, die Ihren vegetarischen Gerichten einen Hauch mediterranen Aromas verleiht.","og_url":"https:\/\/ellados-shop.com\/de\/laden\/lebensmittelgeschaft\/gesalzen\/bio-oliven-aus-kalamata-280-g\/","og_site_name":"Ellados","article_modified_time":"2024-11-02T08:27:16+00:00","og_image":[{"width":450,"height":600,"url":"https:\/\/ellados-shop.com\/wp-content\/uploads\/OLIVES-NOIRES-KALAMATA.png","type":"image\/png"}],"twitter_card":"summary_large_image","twitter_misc":{"Gesch\u00e4tzte Lesezeit":"2\u00a0Minuten"},"schema":{"@context":"https:\/\/schema.org","@graph":[{"@type":"WebPage","@id":"https:\/\/ellados-shop.com\/de\/laden\/lebensmittelgeschaft\/gesalzen\/bio-oliven-aus-kalamata-280-g\/","url":"https:\/\/ellados-shop.com\/de\/laden\/lebensmittelgeschaft\/gesalzen\/bio-oliven-aus-kalamata-280-g\/","name":"BIO-KALAMATA-OLIVEN - Ellados","isPartOf":{"@id":"https:\/\/ellados-shop.com\/de\/#website"},"primaryImageOfPage":{"@id":"https:\/\/ellados-shop.com\/de\/laden\/lebensmittelgeschaft\/gesalzen\/bio-oliven-aus-kalamata-280-g\/#primaryimage"},"image":{"@id":"https:\/\/ellados-shop.com\/de\/laden\/lebensmittelgeschaft\/gesalzen\/bio-oliven-aus-kalamata-280-g\/#primaryimage"},"thumbnailUrl":"https:\/\/ellados-shop.com\/wp-content\/uploads\/olives-noires-bio.png","datePublished":"2024-03-13T15:44:54+00:00","dateModified":"2024-11-02T08:27:16+00:00","description":"Das Bio-Kalamata-Oliven\u00f6l ist eine vielseitige und unverzichtbare Zutat, die Ihren vegetarischen Gerichten einen Hauch mediterranen Aromas verleiht.","breadcrumb":{"@id":"https:\/\/ellados-shop.com\/de\/laden\/lebensmittelgeschaft\/gesalzen\/bio-oliven-aus-kalamata-280-g\/#breadcrumb"},"inLanguage":"de","potentialAction":[{"@type":"ReadAction","target":["https:\/\/ellados-shop.com\/de\/laden\/lebensmittelgeschaft\/gesalzen\/bio-oliven-aus-kalamata-280-g\/"]}]},{"@type":"ImageObject","inLanguage":"de","@id":"https:\/\/ellados-shop.com\/de\/laden\/lebensmittelgeschaft\/gesalzen\/bio-oliven-aus-kalamata-280-g\/#primaryimage","url":"https:\/\/ellados-shop.com\/wp-content\/uploads\/olives-noires-bio.png","contentUrl":"https:\/\/ellados-shop.com\/wp-content\/uploads\/olives-noires-bio.png","width":450,"height":450,"caption":"Olives noires kalamata"},{"@type":"BreadcrumbList","@id":"https:\/\/ellados-shop.com\/de\/laden\/lebensmittelgeschaft\/gesalzen\/bio-oliven-aus-kalamata-280-g\/#breadcrumb","itemListElement":[{"@type":"ListItem","position":1,"name":"Accueil","item":"https:\/\/ellados-shop.com\/de\/accueil-v2\/"},{"@type":"ListItem","position":2,"name":"Boutique","item":"https:\/\/ellados-shop.com\/boutique\/"},{"@type":"ListItem","position":3,"name":"Bio-Oliven aus Kalamata &#8211; 280 g"}]},{"@type":"WebSite","@id":"https:\/\/ellados-shop.com\/de\/#website","url":"https:\/\/ellados-shop.com\/de\/","name":"Ellados","description":"","potentialAction":[{"@type":"SearchAction","target":{"@type":"EntryPoint","urlTemplate":"https:\/\/ellados-shop.com\/de\/?s={search_term_string}"},"query-input":{"@type":"PropertyValueSpecification","valueRequired":true,"valueName":"search_term_string"}}],"inLanguage":"de"}]}},"_links":{"self":[{"href":"https:\/\/ellados-shop.com\/de\/wp-json\/wp\/v2\/product\/2653","targetHints":{"allow":["GET"]}}],"collection":[{"href":"https:\/\/ellados-shop.com\/de\/wp-json\/wp\/v2\/product"}],"about":[{"href":"https:\/\/ellados-shop.com\/de\/wp-json\/wp\/v2\/types\/product"}],"replies":[{"embeddable":true,"href":"https:\/\/ellados-shop.com\/de\/wp-json\/wp\/v2\/comments?post=2653"}],"wp:featuredmedia":[{"embeddable":true,"href":"https:\/\/ellados-shop.com\/de\/wp-json\/wp\/v2\/media\/5655"}],"wp:attachment":[{"href":"https:\/\/ellados-shop.com\/de\/wp-json\/wp\/v2\/media?parent=2653"}],"wp:term":[{"taxonomy":"product_brand","embeddable":true,"href":"https:\/\/ellados-shop.com\/de\/wp-json\/wp\/v2\/product_brand?post=2653"},{"taxonomy":"product_cat","embeddable":true,"href":"https:\/\/ellados-shop.com\/de\/wp-json\/wp\/v2\/product_cat?post=2653"},{"taxonomy":"product_tag","embeddable":true,"href":"https:\/\/ellados-shop.com\/de\/wp-json\/wp\/v2\/product_tag?post=2653"}],"curies":[{"name":"wp","href":"https:\/\/api.w.org\/{rel}","templated":true}]}}