{"id":2654,"date":"2024-03-13T17:37:46","date_gmt":"2024-03-13T16:37:46","guid":{"rendered":"https:\/\/ellados-shop.com\/unkategorisiert\/getrocknete-tomatenpueree-vegan-180g\/"},"modified":"2025-03-22T19:03:36","modified_gmt":"2025-03-22T18:03:36","slug":"getrocknete-tomatenpueree-vegan-180g","status":"publish","type":"product","link":"https:\/\/ellados-shop.com\/de\/laden\/lebensmittelgeschaft\/gesalzen\/getrocknete-tomatenpueree-vegan-180g\/","title":{"rendered":"P\u00fcree aus getrockneten Tomaten Vegan Mani Bl\u00e4uel- 180g"},"content":{"rendered":"<p>Mediterraner Genuss, diese vegane getrocknete Tomatenp\u00fcree vereint <strong>die S\u00fc\u00dfe der Tomaten und den Geschmack von Basilikum.<\/strong> IEs muss gesagt werden, dass das Unternehmen Mani Bl\u00e4uel all seine Produkte sorgf\u00e4ltig herstellt, insbesondere diejenigen aus der veganen Produktlinie. Das Unternehmen Mani Bl\u00e4uel hat sich Ende der 70er Jahre in Griechenland etabliert. Die Gr\u00fcnder haben immer eine verantwortungsbewusste, \u00f6kologische und respektvolle Herangehensweise an die Landwirtschaft bevorzugt. Daher hat das Unternehmen logischerweise <em>Bio-Produktreihen<\/em> bevorzugt und vegane Produkte entwickelt.&#8220; Die Tomaten werden in der Region Mani im S\u00fcden der Peloponnes angebaut und anschlie\u00dfend an der Sonne getrocknet, um all ihre Aromen und essentiellen N\u00e4hrstoffe zu bewahren. Danach werden sie nach einem traditionellen Rezept, das von der Familie Mani Bl\u00e4uel streng geh\u00fctet wird, rehydriert und zubereitet. Die vegane getrocknete Tomatenp\u00fcree von Mani Bl\u00e4uel ist <strong>frei von Farbstoffen, k\u00fcnstlichen Aromen und Konservierungsstoffen.<\/strong> Sie ist eine wahre Explosion mediterraner Aromen in jedem L\u00f6ffel. Die getrocknete Tomatenp\u00fcree von Mani Bl\u00e4uel bietet eine ausgewogene Kombination aus S\u00fc\u00dfe und Geschmacksf\u00fclle. Sie werden tiefe Noten von sonnengereiften Tomaten wiederfinden. Perfekt, um Ihre Lieblingsgerichte aufzuwerten, wird sie Ihren vegetarischen und veganen Rezepten eine Note von Raffinesse verleihen. Die getrocknete Tomatenp\u00fcree eignet sich hervorragend als Basis f\u00fcr Saucen, Pizzen oder gekochte Nudelgerichte. Sie kann auch als Aperitif genossen werden, auf Bruschetta mit etwas Feta und frischem Oregano. Als griechisches Mezze von Natur aus wird sie Ihre Platten bei Ihren griechischen Aperitifs erg\u00e4nzen und versch\u00f6nern. Genie\u00dfen Sie ein au\u00dfergew\u00f6hnliches kulinarisches Erlebnis mit der veganen getrockneten Tomatenp\u00fcree von Mani Bl\u00e4uel. Entdecken Sie den authentischen Geschmack des Mittelmeers, der mit Liebe und Respekt f\u00fcr die Umwelt angebaut wird. <\/p>\n<div class=\"mt-1 flex gap-3 empty:hidden\">\n<div class=\"text-gray-400 flex self-end lg:self-center items-center justify-center lg:justify-start mt-0 -ml-1 h-7 gap-[2px] visible\"><\/div>\n<\/div>\n<div class=\"flex\"><\/div>\n","protected":false},"excerpt":{"rendered":"<p>Verf\u00fchren Sie sich mit diesem getrockneten Tomatenp\u00fcree, das mit <strong>Basilikum verfeinert<\/strong> ist. Sie bietet eine glatte Textur und ein <strong>intensives Aroma<\/strong>, leicht s\u00fc\u00df und sauer. Der Sonnenschein vieler Ihrer Gerichte.<\/p>\n","protected":false},"featured_media":5850,"comment_status":"closed","ping_status":"closed","template":"","meta":[],"product_brand":[],"product_cat":[68,92,106],"product_tag":[],"class_list":{"0":"post-2654","1":"product","2":"type-product","3":"status-publish","4":"has-post-thumbnail","6":"product_cat-laden","7":"product_cat-lebensmittelgeschaft","8":"product_cat-gesalzen","10":"first","11":"outofstock","12":"taxable","13":"shipping-taxable","14":"purchasable","15":"product-type-simple"},"yoast_head":"<!-- This site is optimized with the Yoast SEO plugin v26.8 - https:\/\/yoast.com\/product\/yoast-seo-wordpress\/ -->\n<title>P\u00fcree aus getrockneten Tomaten - Vegan - Mani Bl\u00e4uel - Ellados<\/title>\n<meta name=\"description\" content=\"Ergeben Sie sich unserer veganen getrockneten Tomatenp\u00fcree ! Lecker und fruchtig, sie wird Ihre Pizzen, Ihre Pasta oder einfach Ihre Aperitif-Toastbrote verfeinern.\" \/>\n<meta name=\"robots\" content=\"index, follow, max-snippet:-1, max-image-preview:large, max-video-preview:-1\" \/>\n<link rel=\"canonical\" href=\"https:\/\/ellados-shop.com\/de\/laden\/lebensmittelgeschaft\/gesalzen\/getrocknete-tomatenpueree-vegan-180g\/\" \/>\n<meta property=\"og:locale\" content=\"de_DE\" \/>\n<meta property=\"og:type\" content=\"article\" \/>\n<meta property=\"og:title\" content=\"P\u00fcree aus getrockneten Tomaten - Vegan - Mani Bl\u00e4uel - Ellados\" \/>\n<meta property=\"og:description\" content=\"Ergeben Sie sich unserer veganen getrockneten Tomatenp\u00fcree ! Lecker und fruchtig, sie wird Ihre Pizzen, Ihre Pasta oder einfach Ihre Aperitif-Toastbrote verfeinern.\" \/>\n<meta property=\"og:url\" content=\"https:\/\/ellados-shop.com\/de\/laden\/lebensmittelgeschaft\/gesalzen\/getrocknete-tomatenpueree-vegan-180g\/\" \/>\n<meta property=\"og:site_name\" content=\"Ellados\" \/>\n<meta property=\"article:modified_time\" content=\"2025-03-22T18:03:36+00:00\" \/>\n<meta property=\"og:image\" content=\"https:\/\/ellados-shop.com\/wp-content\/uploads\/Tartinable-Tomates-sechees.png\" \/>\n\t<meta property=\"og:image:width\" content=\"450\" \/>\n\t<meta property=\"og:image:height\" content=\"450\" \/>\n\t<meta property=\"og:image:type\" content=\"image\/png\" \/>\n<meta name=\"twitter:card\" content=\"summary_large_image\" \/>\n<meta name=\"twitter:label1\" content=\"Gesch\u00e4tzte Lesezeit\" \/>\n\t<meta name=\"twitter:data1\" content=\"1\u00a0Minute\" \/>\n<script type=\"application\/ld+json\" class=\"yoast-schema-graph\">{\"@context\":\"https:\/\/schema.org\",\"@graph\":[{\"@type\":\"WebPage\",\"@id\":\"https:\/\/ellados-shop.com\/de\/laden\/lebensmittelgeschaft\/gesalzen\/getrocknete-tomatenpueree-vegan-180g\/\",\"url\":\"https:\/\/ellados-shop.com\/de\/laden\/lebensmittelgeschaft\/gesalzen\/getrocknete-tomatenpueree-vegan-180g\/\",\"name\":\"P\u00fcree aus getrockneten Tomaten - Vegan - Mani Bl\u00e4uel - Ellados\",\"isPartOf\":{\"@id\":\"https:\/\/ellados-shop.com\/de\/#website\"},\"primaryImageOfPage\":{\"@id\":\"https:\/\/ellados-shop.com\/de\/laden\/lebensmittelgeschaft\/gesalzen\/getrocknete-tomatenpueree-vegan-180g\/#primaryimage\"},\"image\":{\"@id\":\"https:\/\/ellados-shop.com\/de\/laden\/lebensmittelgeschaft\/gesalzen\/getrocknete-tomatenpueree-vegan-180g\/#primaryimage\"},\"thumbnailUrl\":\"https:\/\/ellados-shop.com\/wp-content\/uploads\/Tartinable-Tomates-sechees.png\",\"datePublished\":\"2024-03-13T16:37:46+00:00\",\"dateModified\":\"2025-03-22T18:03:36+00:00\",\"description\":\"Ergeben Sie sich unserer veganen getrockneten Tomatenp\u00fcree ! Lecker und fruchtig, sie wird Ihre Pizzen, Ihre Pasta oder einfach Ihre Aperitif-Toastbrote verfeinern.\",\"breadcrumb\":{\"@id\":\"https:\/\/ellados-shop.com\/de\/laden\/lebensmittelgeschaft\/gesalzen\/getrocknete-tomatenpueree-vegan-180g\/#breadcrumb\"},\"inLanguage\":\"de\",\"potentialAction\":[{\"@type\":\"ReadAction\",\"target\":[\"https:\/\/ellados-shop.com\/de\/laden\/lebensmittelgeschaft\/gesalzen\/getrocknete-tomatenpueree-vegan-180g\/\"]}]},{\"@type\":\"ImageObject\",\"inLanguage\":\"de\",\"@id\":\"https:\/\/ellados-shop.com\/de\/laden\/lebensmittelgeschaft\/gesalzen\/getrocknete-tomatenpueree-vegan-180g\/#primaryimage\",\"url\":\"https:\/\/ellados-shop.com\/wp-content\/uploads\/Tartinable-Tomates-sechees.png\",\"contentUrl\":\"https:\/\/ellados-shop.com\/wp-content\/uploads\/Tartinable-Tomates-sechees.png\",\"width\":450,\"height\":450,\"caption\":\"Pur\u00e9e tomates s\u00e9ch\u00e9es\"},{\"@type\":\"BreadcrumbList\",\"@id\":\"https:\/\/ellados-shop.com\/de\/laden\/lebensmittelgeschaft\/gesalzen\/getrocknete-tomatenpueree-vegan-180g\/#breadcrumb\",\"itemListElement\":[{\"@type\":\"ListItem\",\"position\":1,\"name\":\"Accueil\",\"item\":\"https:\/\/ellados-shop.com\/de\/accueil-v2\/\"},{\"@type\":\"ListItem\",\"position\":2,\"name\":\"Boutique\",\"item\":\"https:\/\/ellados-shop.com\/boutique\/\"},{\"@type\":\"ListItem\",\"position\":3,\"name\":\"P\u00fcree aus getrockneten Tomaten Vegan Mani Bl\u00e4uel- 180g\"}]},{\"@type\":\"WebSite\",\"@id\":\"https:\/\/ellados-shop.com\/de\/#website\",\"url\":\"https:\/\/ellados-shop.com\/de\/\",\"name\":\"Ellados\",\"description\":\"\",\"potentialAction\":[{\"@type\":\"SearchAction\",\"target\":{\"@type\":\"EntryPoint\",\"urlTemplate\":\"https:\/\/ellados-shop.com\/de\/?s={search_term_string}\"},\"query-input\":{\"@type\":\"PropertyValueSpecification\",\"valueRequired\":true,\"valueName\":\"search_term_string\"}}],\"inLanguage\":\"de\"}]}<\/script>\n<!-- \/ Yoast SEO plugin. -->","yoast_head_json":{"title":"P\u00fcree aus getrockneten Tomaten - Vegan - Mani Bl\u00e4uel - Ellados","description":"Ergeben Sie sich unserer veganen getrockneten Tomatenp\u00fcree ! Lecker und fruchtig, sie wird Ihre Pizzen, Ihre Pasta oder einfach Ihre Aperitif-Toastbrote verfeinern.","robots":{"index":"index","follow":"follow","max-snippet":"max-snippet:-1","max-image-preview":"max-image-preview:large","max-video-preview":"max-video-preview:-1"},"canonical":"https:\/\/ellados-shop.com\/de\/laden\/lebensmittelgeschaft\/gesalzen\/getrocknete-tomatenpueree-vegan-180g\/","og_locale":"de_DE","og_type":"article","og_title":"P\u00fcree aus getrockneten Tomaten - Vegan - Mani Bl\u00e4uel - Ellados","og_description":"Ergeben Sie sich unserer veganen getrockneten Tomatenp\u00fcree ! Lecker und fruchtig, sie wird Ihre Pizzen, Ihre Pasta oder einfach Ihre Aperitif-Toastbrote verfeinern.","og_url":"https:\/\/ellados-shop.com\/de\/laden\/lebensmittelgeschaft\/gesalzen\/getrocknete-tomatenpueree-vegan-180g\/","og_site_name":"Ellados","article_modified_time":"2025-03-22T18:03:36+00:00","og_image":[{"width":450,"height":450,"url":"https:\/\/ellados-shop.com\/wp-content\/uploads\/Tartinable-Tomates-sechees.png","type":"image\/png"}],"twitter_card":"summary_large_image","twitter_misc":{"Gesch\u00e4tzte Lesezeit":"1\u00a0Minute"},"schema":{"@context":"https:\/\/schema.org","@graph":[{"@type":"WebPage","@id":"https:\/\/ellados-shop.com\/de\/laden\/lebensmittelgeschaft\/gesalzen\/getrocknete-tomatenpueree-vegan-180g\/","url":"https:\/\/ellados-shop.com\/de\/laden\/lebensmittelgeschaft\/gesalzen\/getrocknete-tomatenpueree-vegan-180g\/","name":"P\u00fcree aus getrockneten Tomaten - Vegan - Mani Bl\u00e4uel - Ellados","isPartOf":{"@id":"https:\/\/ellados-shop.com\/de\/#website"},"primaryImageOfPage":{"@id":"https:\/\/ellados-shop.com\/de\/laden\/lebensmittelgeschaft\/gesalzen\/getrocknete-tomatenpueree-vegan-180g\/#primaryimage"},"image":{"@id":"https:\/\/ellados-shop.com\/de\/laden\/lebensmittelgeschaft\/gesalzen\/getrocknete-tomatenpueree-vegan-180g\/#primaryimage"},"thumbnailUrl":"https:\/\/ellados-shop.com\/wp-content\/uploads\/Tartinable-Tomates-sechees.png","datePublished":"2024-03-13T16:37:46+00:00","dateModified":"2025-03-22T18:03:36+00:00","description":"Ergeben Sie sich unserer veganen getrockneten Tomatenp\u00fcree ! Lecker und fruchtig, sie wird Ihre Pizzen, Ihre Pasta oder einfach Ihre Aperitif-Toastbrote verfeinern.","breadcrumb":{"@id":"https:\/\/ellados-shop.com\/de\/laden\/lebensmittelgeschaft\/gesalzen\/getrocknete-tomatenpueree-vegan-180g\/#breadcrumb"},"inLanguage":"de","potentialAction":[{"@type":"ReadAction","target":["https:\/\/ellados-shop.com\/de\/laden\/lebensmittelgeschaft\/gesalzen\/getrocknete-tomatenpueree-vegan-180g\/"]}]},{"@type":"ImageObject","inLanguage":"de","@id":"https:\/\/ellados-shop.com\/de\/laden\/lebensmittelgeschaft\/gesalzen\/getrocknete-tomatenpueree-vegan-180g\/#primaryimage","url":"https:\/\/ellados-shop.com\/wp-content\/uploads\/Tartinable-Tomates-sechees.png","contentUrl":"https:\/\/ellados-shop.com\/wp-content\/uploads\/Tartinable-Tomates-sechees.png","width":450,"height":450,"caption":"Pur\u00e9e tomates s\u00e9ch\u00e9es"},{"@type":"BreadcrumbList","@id":"https:\/\/ellados-shop.com\/de\/laden\/lebensmittelgeschaft\/gesalzen\/getrocknete-tomatenpueree-vegan-180g\/#breadcrumb","itemListElement":[{"@type":"ListItem","position":1,"name":"Accueil","item":"https:\/\/ellados-shop.com\/de\/accueil-v2\/"},{"@type":"ListItem","position":2,"name":"Boutique","item":"https:\/\/ellados-shop.com\/boutique\/"},{"@type":"ListItem","position":3,"name":"P\u00fcree aus getrockneten Tomaten Vegan Mani Bl\u00e4uel- 180g"}]},{"@type":"WebSite","@id":"https:\/\/ellados-shop.com\/de\/#website","url":"https:\/\/ellados-shop.com\/de\/","name":"Ellados","description":"","potentialAction":[{"@type":"SearchAction","target":{"@type":"EntryPoint","urlTemplate":"https:\/\/ellados-shop.com\/de\/?s={search_term_string}"},"query-input":{"@type":"PropertyValueSpecification","valueRequired":true,"valueName":"search_term_string"}}],"inLanguage":"de"}]}},"_links":{"self":[{"href":"https:\/\/ellados-shop.com\/de\/wp-json\/wp\/v2\/product\/2654","targetHints":{"allow":["GET"]}}],"collection":[{"href":"https:\/\/ellados-shop.com\/de\/wp-json\/wp\/v2\/product"}],"about":[{"href":"https:\/\/ellados-shop.com\/de\/wp-json\/wp\/v2\/types\/product"}],"replies":[{"embeddable":true,"href":"https:\/\/ellados-shop.com\/de\/wp-json\/wp\/v2\/comments?post=2654"}],"wp:featuredmedia":[{"embeddable":true,"href":"https:\/\/ellados-shop.com\/de\/wp-json\/wp\/v2\/media\/5850"}],"wp:attachment":[{"href":"https:\/\/ellados-shop.com\/de\/wp-json\/wp\/v2\/media?parent=2654"}],"wp:term":[{"taxonomy":"product_brand","embeddable":true,"href":"https:\/\/ellados-shop.com\/de\/wp-json\/wp\/v2\/product_brand?post=2654"},{"taxonomy":"product_cat","embeddable":true,"href":"https:\/\/ellados-shop.com\/de\/wp-json\/wp\/v2\/product_cat?post=2654"},{"taxonomy":"product_tag","embeddable":true,"href":"https:\/\/ellados-shop.com\/de\/wp-json\/wp\/v2\/product_tag?post=2654"}],"curies":[{"name":"wp","href":"https:\/\/api.w.org\/{rel}","templated":true}]}}