{"id":2655,"date":"2024-03-13T18:34:16","date_gmt":"2024-03-13T17:34:16","guid":{"rendered":"https:\/\/ellados-shop.com\/unkategorisiert\/gruene-bio-oliven-mani-blaeuel-205-g\/"},"modified":"2024-12-10T18:14:27","modified_gmt":"2024-12-10T17:14:27","slug":"gruene-bio-oliven-mani-blaeuel-205-g","status":"publish","type":"product","link":"https:\/\/ellados-shop.com\/de\/laden\/lebensmittelgeschaft\/gesalzen\/gruene-bio-oliven-mani-blaeuel-205-g\/","title":{"rendered":"Gr\u00fcne Bio-Oliven Mani Bl\u00e4uel- 205 g"},"content":{"rendered":"<p>Die gr\u00fcnen Mani Bl\u00e4uel Oliven sind ein wahrer Genuss, den man ohne Einschr\u00e4nkung genie\u00dfen kann. Sie werden mit Sorgfalt und Respekt f\u00fcr die Umwelt angebaut. Es freut mich zu h\u00f6ren, dass Sie mit der \u00dcbersetzung zufrieden sind! Wenn Sie weitere \u00dcbersetzungen oder Unterst\u00fctzung ben\u00f6tigen, stehe ich gerne zur Verf\u00fcgung. Tats\u00e4chlich hat Mani Bl\u00e4uel immer darauf geachtet, dass es wichtiger ist, im Einklang mit seinem Land, seiner Umwelt und den Menschen zu arbeiten. Gest\u00fctzt auf diese Geisteshaltung priorisiert das Unternehmen Mani Bl\u00e4uel eine vern\u00fcnftige und nachhaltige biologische Landwirtschaft mit seinen Landwirten. Die gr\u00fcnen Oliven von Mani Bl\u00e4uel stammen aus biologischen Plantagen in der sonnigen Region Mani, im S\u00fcden der Peloponnes-Halbinsel. Die Olivenernte erfolgt von Hand, wenn sie ihren optimalen Reifegrad erreicht haben. Dies verleiht ihnen eine au\u00dfergew\u00f6hnliche Qualit\u00e4t. Anschlie\u00dfend trocknen die Oliven direkt unter der Sonne, in der reinsten griechischen Tradition. Dann werden sie in extra nativem Oliven\u00f6l mit einer Prise Salz und Oregano konserviert. Dieses erstklassige Produkt ist biozertifiziert. Das bedeutet, dass es ohne den Einsatz von Pestiziden oder chemischen D\u00fcngemitteln hergestellt wird. Diese Herstellungsweise tr\u00e4gt au\u00dferdem zur Erhaltung des lokalen \u00d6kosystems und Ihrer Gesundheit bei. Diese k\u00f6stlichen gr\u00fcnen Tafeloliven mit ihrer festen und knackigen Textur haben einen leicht w\u00fcrzigen Geschmack. Sie k\u00f6nnen roh als Aperitif oder in Salaten genossen werden oder auch gekocht, um Ihre Saucen und Pasta-Gerichte zu verfeinern. <\/p>\n<div class=\"flex flex-grow flex-col max-w-full\">\n<div class=\"min-h-[20px] text-message flex flex-col items-start gap-3 whitespace-pre-wrap break-words [.text-message+&amp;]:mt-5 overflow-x-auto\" dir=\"auto\" data-message-author-role=\"assistant\" data-message-id=\"843894ce-7f06-401d-b7c8-f1cfc701acd7\">\n<div class=\"markdown prose w-full break-words dark:prose-invert light\"> Indem Sie sich f\u00fcr die biologischen gr\u00fcnen Oliven von Mani Bl\u00e4uel entscheiden, w\u00e4hlen Sie ein au\u00dfergew\u00f6hnliches Geschmackserlebnis, das Sie mit Freunden teilen k\u00f6nnen. Dar\u00fcber hinaus unterst\u00fctzen Sie eine umweltfreundliche Landwirtschaft und lokale Traditionen. G\u00f6nnen Sie sich das Beste des Mittelmeers mit diesen k\u00f6stlichen Bio-Oliven, die von einer leidenschaftlichen Familie seit Generationen mit Liebe und Hingabe angebaut werden. <\/div>\n<\/div>\n<\/div>\n","protected":false},"excerpt":{"rendered":"<p>Genie\u00dfen Sie diese gr\u00fcnen Tafeloliven mit einer<strong> festen<\/strong> und <strong>knackigen<\/strong><strong> Textur<\/strong> und einem leicht w\u00fcrzigen Geschmack. Sie sind <strong>als &#8222;biologisch&#8220; zertifiziert<\/strong> und haben einen unvergleichlichen Geschmack.<\/p>\n","protected":false},"featured_media":5838,"comment_status":"closed","ping_status":"closed","template":"","meta":[],"product_brand":[],"product_cat":[68,92,106],"product_tag":[],"class_list":{"0":"post-2655","1":"product","2":"type-product","3":"status-publish","4":"has-post-thumbnail","6":"product_cat-laden","7":"product_cat-lebensmittelgeschaft","8":"product_cat-gesalzen","10":"first","11":"outofstock","12":"taxable","13":"shipping-taxable","14":"purchasable","15":"product-type-simple"},"yoast_head":"<!-- This site is optimized with the Yoast SEO plugin v26.8 - https:\/\/yoast.com\/product\/yoast-seo-wordpress\/ -->\n<title>Gr\u00fcne Bio-Oliven Mani Bl\u00e4uel - Ellados<\/title>\n<meta name=\"description\" content=\"Genie\u00dfen Sie die Gr\u00fcnen Oliven Mani Bl\u00e4uel mit festem Fleisch und intensivem Geschmack. Diese Oliven helfen Ihnen dabei, Ihre traditionellen und veganen Gerichte neu zu interpretieren.\" \/>\n<meta name=\"robots\" content=\"index, follow, max-snippet:-1, max-image-preview:large, max-video-preview:-1\" \/>\n<link rel=\"canonical\" href=\"https:\/\/ellados-shop.com\/de\/laden\/lebensmittelgeschaft\/gesalzen\/gruene-bio-oliven-mani-blaeuel-205-g\/\" \/>\n<meta property=\"og:locale\" content=\"de_DE\" \/>\n<meta property=\"og:type\" content=\"article\" \/>\n<meta property=\"og:title\" content=\"Gr\u00fcne Bio-Oliven Mani Bl\u00e4uel - Ellados\" \/>\n<meta property=\"og:description\" content=\"Genie\u00dfen Sie die Gr\u00fcnen Oliven Mani Bl\u00e4uel mit festem Fleisch und intensivem Geschmack. Diese Oliven helfen Ihnen dabei, Ihre traditionellen und veganen Gerichte neu zu interpretieren.\" \/>\n<meta property=\"og:url\" content=\"https:\/\/ellados-shop.com\/de\/laden\/lebensmittelgeschaft\/gesalzen\/gruene-bio-oliven-mani-blaeuel-205-g\/\" \/>\n<meta property=\"og:site_name\" content=\"Ellados\" \/>\n<meta property=\"article:modified_time\" content=\"2024-12-10T17:14:27+00:00\" \/>\n<meta property=\"og:image\" content=\"https:\/\/ellados-shop.com\/wp-content\/uploads\/OLIVES-VERTES-MANI-BLAUEL.png\" \/>\n\t<meta property=\"og:image:width\" content=\"450\" \/>\n\t<meta property=\"og:image:height\" content=\"600\" \/>\n\t<meta property=\"og:image:type\" content=\"image\/png\" \/>\n<meta name=\"twitter:card\" content=\"summary_large_image\" \/>\n<meta name=\"twitter:label1\" content=\"Gesch\u00e4tzte Lesezeit\" \/>\n\t<meta name=\"twitter:data1\" content=\"2\u00a0Minuten\" \/>\n<script type=\"application\/ld+json\" class=\"yoast-schema-graph\">{\"@context\":\"https:\/\/schema.org\",\"@graph\":[{\"@type\":\"WebPage\",\"@id\":\"https:\/\/ellados-shop.com\/de\/laden\/lebensmittelgeschaft\/gesalzen\/gruene-bio-oliven-mani-blaeuel-205-g\/\",\"url\":\"https:\/\/ellados-shop.com\/de\/laden\/lebensmittelgeschaft\/gesalzen\/gruene-bio-oliven-mani-blaeuel-205-g\/\",\"name\":\"Gr\u00fcne Bio-Oliven Mani Bl\u00e4uel - Ellados\",\"isPartOf\":{\"@id\":\"https:\/\/ellados-shop.com\/de\/#website\"},\"primaryImageOfPage\":{\"@id\":\"https:\/\/ellados-shop.com\/de\/laden\/lebensmittelgeschaft\/gesalzen\/gruene-bio-oliven-mani-blaeuel-205-g\/#primaryimage\"},\"image\":{\"@id\":\"https:\/\/ellados-shop.com\/de\/laden\/lebensmittelgeschaft\/gesalzen\/gruene-bio-oliven-mani-blaeuel-205-g\/#primaryimage\"},\"thumbnailUrl\":\"https:\/\/ellados-shop.com\/wp-content\/uploads\/Olives-Vertes-1.png\",\"datePublished\":\"2024-03-13T17:34:16+00:00\",\"dateModified\":\"2024-12-10T17:14:27+00:00\",\"description\":\"Genie\u00dfen Sie die Gr\u00fcnen Oliven Mani Bl\u00e4uel mit festem Fleisch und intensivem Geschmack. Diese Oliven helfen Ihnen dabei, Ihre traditionellen und veganen Gerichte neu zu interpretieren.\",\"breadcrumb\":{\"@id\":\"https:\/\/ellados-shop.com\/de\/laden\/lebensmittelgeschaft\/gesalzen\/gruene-bio-oliven-mani-blaeuel-205-g\/#breadcrumb\"},\"inLanguage\":\"de\",\"potentialAction\":[{\"@type\":\"ReadAction\",\"target\":[\"https:\/\/ellados-shop.com\/de\/laden\/lebensmittelgeschaft\/gesalzen\/gruene-bio-oliven-mani-blaeuel-205-g\/\"]}]},{\"@type\":\"ImageObject\",\"inLanguage\":\"de\",\"@id\":\"https:\/\/ellados-shop.com\/de\/laden\/lebensmittelgeschaft\/gesalzen\/gruene-bio-oliven-mani-blaeuel-205-g\/#primaryimage\",\"url\":\"https:\/\/ellados-shop.com\/wp-content\/uploads\/Olives-Vertes-1.png\",\"contentUrl\":\"https:\/\/ellados-shop.com\/wp-content\/uploads\/Olives-Vertes-1.png\",\"width\":450,\"height\":450,\"caption\":\"olives vertes\"},{\"@type\":\"BreadcrumbList\",\"@id\":\"https:\/\/ellados-shop.com\/de\/laden\/lebensmittelgeschaft\/gesalzen\/gruene-bio-oliven-mani-blaeuel-205-g\/#breadcrumb\",\"itemListElement\":[{\"@type\":\"ListItem\",\"position\":1,\"name\":\"Accueil\",\"item\":\"https:\/\/ellados-shop.com\/de\/accueil-v2\/\"},{\"@type\":\"ListItem\",\"position\":2,\"name\":\"Boutique\",\"item\":\"https:\/\/ellados-shop.com\/boutique\/\"},{\"@type\":\"ListItem\",\"position\":3,\"name\":\"Gr\u00fcne Bio-Oliven Mani Bl\u00e4uel- 205 g\"}]},{\"@type\":\"WebSite\",\"@id\":\"https:\/\/ellados-shop.com\/de\/#website\",\"url\":\"https:\/\/ellados-shop.com\/de\/\",\"name\":\"Ellados\",\"description\":\"\",\"potentialAction\":[{\"@type\":\"SearchAction\",\"target\":{\"@type\":\"EntryPoint\",\"urlTemplate\":\"https:\/\/ellados-shop.com\/de\/?s={search_term_string}\"},\"query-input\":{\"@type\":\"PropertyValueSpecification\",\"valueRequired\":true,\"valueName\":\"search_term_string\"}}],\"inLanguage\":\"de\"}]}<\/script>\n<!-- \/ Yoast SEO plugin. -->","yoast_head_json":{"title":"Gr\u00fcne Bio-Oliven Mani Bl\u00e4uel - Ellados","description":"Genie\u00dfen Sie die Gr\u00fcnen Oliven Mani Bl\u00e4uel mit festem Fleisch und intensivem Geschmack. Diese Oliven helfen Ihnen dabei, Ihre traditionellen und veganen Gerichte neu zu interpretieren.","robots":{"index":"index","follow":"follow","max-snippet":"max-snippet:-1","max-image-preview":"max-image-preview:large","max-video-preview":"max-video-preview:-1"},"canonical":"https:\/\/ellados-shop.com\/de\/laden\/lebensmittelgeschaft\/gesalzen\/gruene-bio-oliven-mani-blaeuel-205-g\/","og_locale":"de_DE","og_type":"article","og_title":"Gr\u00fcne Bio-Oliven Mani Bl\u00e4uel - Ellados","og_description":"Genie\u00dfen Sie die Gr\u00fcnen Oliven Mani Bl\u00e4uel mit festem Fleisch und intensivem Geschmack. Diese Oliven helfen Ihnen dabei, Ihre traditionellen und veganen Gerichte neu zu interpretieren.","og_url":"https:\/\/ellados-shop.com\/de\/laden\/lebensmittelgeschaft\/gesalzen\/gruene-bio-oliven-mani-blaeuel-205-g\/","og_site_name":"Ellados","article_modified_time":"2024-12-10T17:14:27+00:00","og_image":[{"width":450,"height":600,"url":"https:\/\/ellados-shop.com\/wp-content\/uploads\/OLIVES-VERTES-MANI-BLAUEL.png","type":"image\/png"}],"twitter_card":"summary_large_image","twitter_misc":{"Gesch\u00e4tzte Lesezeit":"2\u00a0Minuten"},"schema":{"@context":"https:\/\/schema.org","@graph":[{"@type":"WebPage","@id":"https:\/\/ellados-shop.com\/de\/laden\/lebensmittelgeschaft\/gesalzen\/gruene-bio-oliven-mani-blaeuel-205-g\/","url":"https:\/\/ellados-shop.com\/de\/laden\/lebensmittelgeschaft\/gesalzen\/gruene-bio-oliven-mani-blaeuel-205-g\/","name":"Gr\u00fcne Bio-Oliven Mani Bl\u00e4uel - Ellados","isPartOf":{"@id":"https:\/\/ellados-shop.com\/de\/#website"},"primaryImageOfPage":{"@id":"https:\/\/ellados-shop.com\/de\/laden\/lebensmittelgeschaft\/gesalzen\/gruene-bio-oliven-mani-blaeuel-205-g\/#primaryimage"},"image":{"@id":"https:\/\/ellados-shop.com\/de\/laden\/lebensmittelgeschaft\/gesalzen\/gruene-bio-oliven-mani-blaeuel-205-g\/#primaryimage"},"thumbnailUrl":"https:\/\/ellados-shop.com\/wp-content\/uploads\/Olives-Vertes-1.png","datePublished":"2024-03-13T17:34:16+00:00","dateModified":"2024-12-10T17:14:27+00:00","description":"Genie\u00dfen Sie die Gr\u00fcnen Oliven Mani Bl\u00e4uel mit festem Fleisch und intensivem Geschmack. Diese Oliven helfen Ihnen dabei, Ihre traditionellen und veganen Gerichte neu zu interpretieren.","breadcrumb":{"@id":"https:\/\/ellados-shop.com\/de\/laden\/lebensmittelgeschaft\/gesalzen\/gruene-bio-oliven-mani-blaeuel-205-g\/#breadcrumb"},"inLanguage":"de","potentialAction":[{"@type":"ReadAction","target":["https:\/\/ellados-shop.com\/de\/laden\/lebensmittelgeschaft\/gesalzen\/gruene-bio-oliven-mani-blaeuel-205-g\/"]}]},{"@type":"ImageObject","inLanguage":"de","@id":"https:\/\/ellados-shop.com\/de\/laden\/lebensmittelgeschaft\/gesalzen\/gruene-bio-oliven-mani-blaeuel-205-g\/#primaryimage","url":"https:\/\/ellados-shop.com\/wp-content\/uploads\/Olives-Vertes-1.png","contentUrl":"https:\/\/ellados-shop.com\/wp-content\/uploads\/Olives-Vertes-1.png","width":450,"height":450,"caption":"olives vertes"},{"@type":"BreadcrumbList","@id":"https:\/\/ellados-shop.com\/de\/laden\/lebensmittelgeschaft\/gesalzen\/gruene-bio-oliven-mani-blaeuel-205-g\/#breadcrumb","itemListElement":[{"@type":"ListItem","position":1,"name":"Accueil","item":"https:\/\/ellados-shop.com\/de\/accueil-v2\/"},{"@type":"ListItem","position":2,"name":"Boutique","item":"https:\/\/ellados-shop.com\/boutique\/"},{"@type":"ListItem","position":3,"name":"Gr\u00fcne Bio-Oliven Mani Bl\u00e4uel- 205 g"}]},{"@type":"WebSite","@id":"https:\/\/ellados-shop.com\/de\/#website","url":"https:\/\/ellados-shop.com\/de\/","name":"Ellados","description":"","potentialAction":[{"@type":"SearchAction","target":{"@type":"EntryPoint","urlTemplate":"https:\/\/ellados-shop.com\/de\/?s={search_term_string}"},"query-input":{"@type":"PropertyValueSpecification","valueRequired":true,"valueName":"search_term_string"}}],"inLanguage":"de"}]}},"_links":{"self":[{"href":"https:\/\/ellados-shop.com\/de\/wp-json\/wp\/v2\/product\/2655","targetHints":{"allow":["GET"]}}],"collection":[{"href":"https:\/\/ellados-shop.com\/de\/wp-json\/wp\/v2\/product"}],"about":[{"href":"https:\/\/ellados-shop.com\/de\/wp-json\/wp\/v2\/types\/product"}],"replies":[{"embeddable":true,"href":"https:\/\/ellados-shop.com\/de\/wp-json\/wp\/v2\/comments?post=2655"}],"wp:featuredmedia":[{"embeddable":true,"href":"https:\/\/ellados-shop.com\/de\/wp-json\/wp\/v2\/media\/5838"}],"wp:attachment":[{"href":"https:\/\/ellados-shop.com\/de\/wp-json\/wp\/v2\/media?parent=2655"}],"wp:term":[{"taxonomy":"product_brand","embeddable":true,"href":"https:\/\/ellados-shop.com\/de\/wp-json\/wp\/v2\/product_brand?post=2655"},{"taxonomy":"product_cat","embeddable":true,"href":"https:\/\/ellados-shop.com\/de\/wp-json\/wp\/v2\/product_cat?post=2655"},{"taxonomy":"product_tag","embeddable":true,"href":"https:\/\/ellados-shop.com\/de\/wp-json\/wp\/v2\/product_tag?post=2655"}],"curies":[{"name":"wp","href":"https:\/\/api.w.org\/{rel}","templated":true}]}}