{"id":2656,"date":"2024-03-18T15:28:16","date_gmt":"2024-03-18T14:28:16","guid":{"rendered":"https:\/\/ellados-shop.com\/unkategorisiert\/tzatziki-griechisch-90-g\/"},"modified":"2024-10-18T10:12:08","modified_gmt":"2024-10-18T08:12:08","slug":"tzatziki-griechisch-90-g","status":"publish","type":"product","link":"https:\/\/ellados-shop.com\/de\/laden\/lebensmittelgeschaft\/gesalzen\/tzatziki-griechisch-90-g\/","title":{"rendered":"Tzatziki Griechisch &#8211; 90 g"},"content":{"rendered":"<div class=\"flex flex-grow flex-col max-w-full\">\n<div class=\"min-h-[20px] text-message flex flex-col items-start gap-3 whitespace-pre-wrap break-words [.text-message+&amp;]:mt-5 overflow-x-auto\" data-message-author-role=\"assistant\" data-message-id=\"284360db-53be-47dd-9294-fbec052ffac2\">\n<div class=\"markdown prose w-full break-words dark:prose-invert light\"> Das <strong>griechische Tzatziki<\/strong> ist eine <em>traditionelle Zubereitung<\/em>, die f\u00fcr ihre Frische und ihren einzigartigen Geschmack bekannt ist. Die Einheimischen bewahren sein Rezept sorgf\u00e4ltig auf. In der Tat bereiten sie es unter Beachtung der Tradition aus verschiedenen Zutaten zu. Haupts\u00e4chlich findet man dickfl\u00fcssigen Joghurt, geriebene Gurken, fein gehackten Knoblauch und extra natives Oliven\u00f6l. Der letzte Schliff besteht darin, Minze oder Dill sowie Zitronensaft hinzuzuf\u00fcgen, um den Geschmack zu verfeinern. Diese Sauce bietet eine harmonische Kombination aus erfrischenden Texturen und Geschm\u00e4ckern. Sie k\u00f6nnen Tzatziki auf vielf\u00e4ltige Weise verwenden. En Griechenland wird es oft als Beilage zu traditionellen Gerichten wie Souvlaki, Gyros oder Keftedes serviert. Seine <strong>Cremigkeit<\/strong>, kombiniert mit der Frische der Gurken und der Lebendigkeit von Knoblauch und Kr\u00e4utern, macht es zu <strong>einer k\u00f6stlich perfekten Beilage <\/strong> f\u00fcr eine Vielzahl von mediterranen Gerichten. Das griechische Tzatziki verleiht allen Ihren Mahlzeiten eine authentische und k\u00f6stliche Note. Es passt perfekt zu warmem Pita-Brot, knackigem Gem\u00fcse oder als Beilage zu gegrilltem Fleisch. <\/div>\n<\/div>\n<\/div>\n<div class=\"mt-1 flex justify-start gap-3 empty:hidden\">\n<div class=\"text-gray-400 flex self-end lg:self-center items-center justify-center lg:justify-start mt-0 -ml-1 h-7 gap-[2px] visible\">\n<div class=\"flex flex-grow flex-col max-w-full\">\n<div class=\"min-h-[20px] text-message flex flex-col items-start gap-3 whitespace-pre-wrap break-words [.text-message+&amp;]:mt-5 overflow-x-auto\" dir=\"auto\" data-message-author-role=\"assistant\" data-message-id=\"44d61dad-ee67-48a5-8f3b-402eab9c98e2\">\n<div class=\"markdown prose w-full break-words dark:prose-invert light\"> \u00dcber seine traditionelle Verwendung hinaus k\u00f6nnen Sie Tzatziki auch als Sauce f\u00fcr Ihre Sandwiches, Wraps oder Burger verwenden. Diese Geschmackskombination verleiht Ihren Lieblings- und schnellen Gerichten einen mediterranen Touch. Es kann sogar als Dip f\u00fcr Chips oder Nachos verwendet werden und verleiht Ihren Snacks eine exotische Note. Zusammenfassend ist Tzatziki weit mehr als nur eine einfache Sauce. Es ist ein unverzichtbarer Bestandteil der mediterranen K\u00fcche, der <strong>Frische, Geschmack und Authentizit\u00e4t<\/strong> in eine Vielzahl von Gerichten bringt, die man mit Freunden genie\u00dfen kann. <\/div>\n<\/div>\n<\/div>\n<\/div>\n<\/div>\n","protected":false},"excerpt":{"rendered":"<p>Tzatziki wird f\u00fcr seine <strong>Frische<\/strong> gesch\u00e4tzt. In diesem Rezept finden Sie das <strong>perfekte Gleichgewicht<\/strong> zwischen allen Zutaten: griechischem Joghurt, einer Mischung aus geriebenen Gurken, frischem Knoblauch und extra-nativem Oliven\u00f6l.  Ohne M\u00e4\u00dfigung zu konsumieren!<\/p>\n","protected":false},"featured_media":4592,"comment_status":"closed","ping_status":"closed","template":"","meta":[],"product_brand":[],"product_cat":[68,92,106],"product_tag":[],"class_list":{"0":"post-2656","1":"product","2":"type-product","3":"status-publish","4":"has-post-thumbnail","6":"product_cat-laden","7":"product_cat-lebensmittelgeschaft","8":"product_cat-gesalzen","10":"first","11":"outofstock","12":"taxable","13":"shipping-taxable","14":"purchasable","15":"product-type-simple"},"yoast_head":"<!-- This site is optimized with the Yoast SEO plugin v26.8 - https:\/\/yoast.com\/product\/yoast-seo-wordpress\/ -->\n<title>Griechisches Tzatziki - Ellados<\/title>\n<meta name=\"description\" content=\"Das Tzatziki ist eine traditionelle griechische Sauce mit den Aromen von Minze oder Dill. Es wird die perfekte Beilage f\u00fcr Ihre Grillgerichte oder rohes Gem\u00fcse sein.\" \/>\n<meta name=\"robots\" content=\"index, follow, max-snippet:-1, max-image-preview:large, max-video-preview:-1\" \/>\n<link rel=\"canonical\" href=\"https:\/\/ellados-shop.com\/de\/laden\/lebensmittelgeschaft\/gesalzen\/tzatziki-griechisch-90-g\/\" \/>\n<meta property=\"og:locale\" content=\"de_DE\" \/>\n<meta property=\"og:type\" content=\"article\" \/>\n<meta property=\"og:title\" content=\"Griechisches Tzatziki - Ellados\" \/>\n<meta property=\"og:description\" content=\"Das Tzatziki ist eine traditionelle griechische Sauce mit den Aromen von Minze oder Dill. Es wird die perfekte Beilage f\u00fcr Ihre Grillgerichte oder rohes Gem\u00fcse sein.\" \/>\n<meta property=\"og:url\" content=\"https:\/\/ellados-shop.com\/de\/laden\/lebensmittelgeschaft\/gesalzen\/tzatziki-griechisch-90-g\/\" \/>\n<meta property=\"og:site_name\" content=\"Ellados\" \/>\n<meta property=\"article:modified_time\" content=\"2024-10-18T08:12:08+00:00\" \/>\n<meta property=\"og:image\" content=\"https:\/\/ellados-shop.com\/wp-content\/uploads\/TZATZIKI-1-3.png\" \/>\n\t<meta property=\"og:image:width\" content=\"450\" \/>\n\t<meta property=\"og:image:height\" content=\"600\" \/>\n\t<meta property=\"og:image:type\" content=\"image\/png\" \/>\n<meta name=\"twitter:card\" content=\"summary_large_image\" \/>\n<meta name=\"twitter:label1\" content=\"Gesch\u00e4tzte Lesezeit\" \/>\n\t<meta name=\"twitter:data1\" content=\"1\u00a0Minute\" \/>\n<script type=\"application\/ld+json\" class=\"yoast-schema-graph\">{\"@context\":\"https:\/\/schema.org\",\"@graph\":[{\"@type\":\"WebPage\",\"@id\":\"https:\/\/ellados-shop.com\/de\/laden\/lebensmittelgeschaft\/gesalzen\/tzatziki-griechisch-90-g\/\",\"url\":\"https:\/\/ellados-shop.com\/de\/laden\/lebensmittelgeschaft\/gesalzen\/tzatziki-griechisch-90-g\/\",\"name\":\"Griechisches Tzatziki - Ellados\",\"isPartOf\":{\"@id\":\"https:\/\/ellados-shop.com\/de\/#website\"},\"primaryImageOfPage\":{\"@id\":\"https:\/\/ellados-shop.com\/de\/laden\/lebensmittelgeschaft\/gesalzen\/tzatziki-griechisch-90-g\/#primaryimage\"},\"image\":{\"@id\":\"https:\/\/ellados-shop.com\/de\/laden\/lebensmittelgeschaft\/gesalzen\/tzatziki-griechisch-90-g\/#primaryimage\"},\"thumbnailUrl\":\"https:\/\/ellados-shop.com\/wp-content\/uploads\/TZATZIKI-1-3.png\",\"datePublished\":\"2024-03-18T14:28:16+00:00\",\"dateModified\":\"2024-10-18T08:12:08+00:00\",\"description\":\"Das Tzatziki ist eine traditionelle griechische Sauce mit den Aromen von Minze oder Dill. Es wird die perfekte Beilage f\u00fcr Ihre Grillgerichte oder rohes Gem\u00fcse sein.\",\"breadcrumb\":{\"@id\":\"https:\/\/ellados-shop.com\/de\/laden\/lebensmittelgeschaft\/gesalzen\/tzatziki-griechisch-90-g\/#breadcrumb\"},\"inLanguage\":\"de\",\"potentialAction\":[{\"@type\":\"ReadAction\",\"target\":[\"https:\/\/ellados-shop.com\/de\/laden\/lebensmittelgeschaft\/gesalzen\/tzatziki-griechisch-90-g\/\"]}]},{\"@type\":\"ImageObject\",\"inLanguage\":\"de\",\"@id\":\"https:\/\/ellados-shop.com\/de\/laden\/lebensmittelgeschaft\/gesalzen\/tzatziki-griechisch-90-g\/#primaryimage\",\"url\":\"https:\/\/ellados-shop.com\/wp-content\/uploads\/TZATZIKI-1-3.png\",\"contentUrl\":\"https:\/\/ellados-shop.com\/wp-content\/uploads\/TZATZIKI-1-3.png\",\"width\":450,\"height\":600,\"caption\":\"TZATZIKI MEZZES\"},{\"@type\":\"BreadcrumbList\",\"@id\":\"https:\/\/ellados-shop.com\/de\/laden\/lebensmittelgeschaft\/gesalzen\/tzatziki-griechisch-90-g\/#breadcrumb\",\"itemListElement\":[{\"@type\":\"ListItem\",\"position\":1,\"name\":\"Accueil\",\"item\":\"https:\/\/ellados-shop.com\/de\/accueil-v2\/\"},{\"@type\":\"ListItem\",\"position\":2,\"name\":\"Boutique\",\"item\":\"https:\/\/ellados-shop.com\/boutique\/\"},{\"@type\":\"ListItem\",\"position\":3,\"name\":\"Tzatziki Griechisch &#8211; 90 g\"}]},{\"@type\":\"WebSite\",\"@id\":\"https:\/\/ellados-shop.com\/de\/#website\",\"url\":\"https:\/\/ellados-shop.com\/de\/\",\"name\":\"Ellados\",\"description\":\"\",\"potentialAction\":[{\"@type\":\"SearchAction\",\"target\":{\"@type\":\"EntryPoint\",\"urlTemplate\":\"https:\/\/ellados-shop.com\/de\/?s={search_term_string}\"},\"query-input\":{\"@type\":\"PropertyValueSpecification\",\"valueRequired\":true,\"valueName\":\"search_term_string\"}}],\"inLanguage\":\"de\"}]}<\/script>\n<!-- \/ Yoast SEO plugin. -->","yoast_head_json":{"title":"Griechisches Tzatziki - Ellados","description":"Das Tzatziki ist eine traditionelle griechische Sauce mit den Aromen von Minze oder Dill. Es wird die perfekte Beilage f\u00fcr Ihre Grillgerichte oder rohes Gem\u00fcse sein.","robots":{"index":"index","follow":"follow","max-snippet":"max-snippet:-1","max-image-preview":"max-image-preview:large","max-video-preview":"max-video-preview:-1"},"canonical":"https:\/\/ellados-shop.com\/de\/laden\/lebensmittelgeschaft\/gesalzen\/tzatziki-griechisch-90-g\/","og_locale":"de_DE","og_type":"article","og_title":"Griechisches Tzatziki - Ellados","og_description":"Das Tzatziki ist eine traditionelle griechische Sauce mit den Aromen von Minze oder Dill. Es wird die perfekte Beilage f\u00fcr Ihre Grillgerichte oder rohes Gem\u00fcse sein.","og_url":"https:\/\/ellados-shop.com\/de\/laden\/lebensmittelgeschaft\/gesalzen\/tzatziki-griechisch-90-g\/","og_site_name":"Ellados","article_modified_time":"2024-10-18T08:12:08+00:00","og_image":[{"width":450,"height":600,"url":"https:\/\/ellados-shop.com\/wp-content\/uploads\/TZATZIKI-1-3.png","type":"image\/png"}],"twitter_card":"summary_large_image","twitter_misc":{"Gesch\u00e4tzte Lesezeit":"1\u00a0Minute"},"schema":{"@context":"https:\/\/schema.org","@graph":[{"@type":"WebPage","@id":"https:\/\/ellados-shop.com\/de\/laden\/lebensmittelgeschaft\/gesalzen\/tzatziki-griechisch-90-g\/","url":"https:\/\/ellados-shop.com\/de\/laden\/lebensmittelgeschaft\/gesalzen\/tzatziki-griechisch-90-g\/","name":"Griechisches Tzatziki - Ellados","isPartOf":{"@id":"https:\/\/ellados-shop.com\/de\/#website"},"primaryImageOfPage":{"@id":"https:\/\/ellados-shop.com\/de\/laden\/lebensmittelgeschaft\/gesalzen\/tzatziki-griechisch-90-g\/#primaryimage"},"image":{"@id":"https:\/\/ellados-shop.com\/de\/laden\/lebensmittelgeschaft\/gesalzen\/tzatziki-griechisch-90-g\/#primaryimage"},"thumbnailUrl":"https:\/\/ellados-shop.com\/wp-content\/uploads\/TZATZIKI-1-3.png","datePublished":"2024-03-18T14:28:16+00:00","dateModified":"2024-10-18T08:12:08+00:00","description":"Das Tzatziki ist eine traditionelle griechische Sauce mit den Aromen von Minze oder Dill. Es wird die perfekte Beilage f\u00fcr Ihre Grillgerichte oder rohes Gem\u00fcse sein.","breadcrumb":{"@id":"https:\/\/ellados-shop.com\/de\/laden\/lebensmittelgeschaft\/gesalzen\/tzatziki-griechisch-90-g\/#breadcrumb"},"inLanguage":"de","potentialAction":[{"@type":"ReadAction","target":["https:\/\/ellados-shop.com\/de\/laden\/lebensmittelgeschaft\/gesalzen\/tzatziki-griechisch-90-g\/"]}]},{"@type":"ImageObject","inLanguage":"de","@id":"https:\/\/ellados-shop.com\/de\/laden\/lebensmittelgeschaft\/gesalzen\/tzatziki-griechisch-90-g\/#primaryimage","url":"https:\/\/ellados-shop.com\/wp-content\/uploads\/TZATZIKI-1-3.png","contentUrl":"https:\/\/ellados-shop.com\/wp-content\/uploads\/TZATZIKI-1-3.png","width":450,"height":600,"caption":"TZATZIKI MEZZES"},{"@type":"BreadcrumbList","@id":"https:\/\/ellados-shop.com\/de\/laden\/lebensmittelgeschaft\/gesalzen\/tzatziki-griechisch-90-g\/#breadcrumb","itemListElement":[{"@type":"ListItem","position":1,"name":"Accueil","item":"https:\/\/ellados-shop.com\/de\/accueil-v2\/"},{"@type":"ListItem","position":2,"name":"Boutique","item":"https:\/\/ellados-shop.com\/boutique\/"},{"@type":"ListItem","position":3,"name":"Tzatziki Griechisch &#8211; 90 g"}]},{"@type":"WebSite","@id":"https:\/\/ellados-shop.com\/de\/#website","url":"https:\/\/ellados-shop.com\/de\/","name":"Ellados","description":"","potentialAction":[{"@type":"SearchAction","target":{"@type":"EntryPoint","urlTemplate":"https:\/\/ellados-shop.com\/de\/?s={search_term_string}"},"query-input":{"@type":"PropertyValueSpecification","valueRequired":true,"valueName":"search_term_string"}}],"inLanguage":"de"}]}},"_links":{"self":[{"href":"https:\/\/ellados-shop.com\/de\/wp-json\/wp\/v2\/product\/2656","targetHints":{"allow":["GET"]}}],"collection":[{"href":"https:\/\/ellados-shop.com\/de\/wp-json\/wp\/v2\/product"}],"about":[{"href":"https:\/\/ellados-shop.com\/de\/wp-json\/wp\/v2\/types\/product"}],"replies":[{"embeddable":true,"href":"https:\/\/ellados-shop.com\/de\/wp-json\/wp\/v2\/comments?post=2656"}],"wp:featuredmedia":[{"embeddable":true,"href":"https:\/\/ellados-shop.com\/de\/wp-json\/wp\/v2\/media\/4592"}],"wp:attachment":[{"href":"https:\/\/ellados-shop.com\/de\/wp-json\/wp\/v2\/media?parent=2656"}],"wp:term":[{"taxonomy":"product_brand","embeddable":true,"href":"https:\/\/ellados-shop.com\/de\/wp-json\/wp\/v2\/product_brand?post=2656"},{"taxonomy":"product_cat","embeddable":true,"href":"https:\/\/ellados-shop.com\/de\/wp-json\/wp\/v2\/product_cat?post=2656"},{"taxonomy":"product_tag","embeddable":true,"href":"https:\/\/ellados-shop.com\/de\/wp-json\/wp\/v2\/product_tag?post=2656"}],"curies":[{"name":"wp","href":"https:\/\/api.w.org\/{rel}","templated":true}]}}