{"id":2657,"date":"2024-03-18T15:40:48","date_gmt":"2024-03-18T14:40:48","guid":{"rendered":"https:\/\/ellados-shop.com\/unkategorisiert\/hummus-90-g\/"},"modified":"2024-12-18T11:33:18","modified_gmt":"2024-12-18T10:33:18","slug":"hummus-90-g","status":"publish","type":"product","link":"https:\/\/ellados-shop.com\/de\/laden\/lebensmittelgeschaft\/gesalzen\/hummus-90-g\/","title":{"rendered":"Griechischer Hummus &#8211; 90 g"},"content":{"rendered":"<p>Entdecken Sie die Feinheit des griechischen Houmous, eine unverzichtbare mediterrane Spezialit\u00e4t. Unser Houmous wird aus cremigen Kichererbsen, extra nativem Oliven\u00f6l, Tahini und exquisiten Gew\u00fcrzen zubereitet. Dieses traditionelle Rezept bietet ein neues Geschmackserlebnis. Seine Qualit\u00e4t liegt in der Einfachheit und Frische seiner Zutaten. Die Kombination dieser Zutaten erzeugt eine cremige Textur und einen reichen, befriedigenden Geschmack. Die Vorteile von Houmous gehen \u00fcber seinen exquisiten Geschmack hinaus. Als Quelle f\u00fcr pflanzliche Proteine, Ballaststoffe und gesunde Fette ist es eine nahrhafte Wahl f\u00fcr eine ausgewogene Ern\u00e4hrung. Zus\u00e4tzlich verleiht sein hoher Gehalt an Eisen und Vitaminen ihm gesundheitliche Vorteile, die zum allgemeinen Wohlbefinden beitragen. Seine vielseitige Verwendung macht es zu einem unverzichtbaren Element in jeder gut ausgestatteten K\u00fcche. Der griechische Houmous ist die perfekte Beilage als Dip f\u00fcr knackiges Gem\u00fcse oder als Topping f\u00fcr Ihre Lieblingsgerichte. Sie k\u00f6nnen es auch in Ihre griechischen Vorspeisen-Mezze integrieren. Entweder als Aufstrich auf ger\u00f6stetem Brot, in Ihren Wraps oder als Beilage zu Ihren Hauptgerichten. Seine einfache Zubereitung und lange Haltbarkeit machen ihn auch zu einem praktischen Verb\u00fcndeten f\u00fcr Last-Minute-Mahlzeiten oder spontane Snacks. Dar\u00fcber hinaus kann er sich mit einer Vielzahl von Gew\u00fcrzen und Kr\u00e4utern verm\u00e4hlen, um seinen Geschmack je nach individuellen Vorlieben anzupassen. So bietet der Houmous bei jedem Genuss ein einzigartiges kulinarisches Erlebnis. Lassen Sie sich von der raffinierten Einfachheit des Houmous verf\u00fchren. Tauchen Sie ein in ein authentisches kulinarisches Erlebnis, das die Essenz der mediterranen K\u00fcche einf\u00e4ngt. <\/p>\n<div class=\"flex flex-grow flex-col max-w-full\">\n<div class=\"min-h-[20px] text-message flex flex-col items-start gap-3 whitespace-pre-wrap break-words [.text-message+&amp;]:mt-5 overflow-x-auto\" dir=\"auto\" data-message-author-role=\"assistant\" data-message-id=\"5bf64e2d-7af3-4943-bc6c-075fdb489020\">\n<div class=\"markdown prose w-full break-words dark:prose-invert light\">\n<p>&nbsp;<\/p>\n<p>&nbsp;<\/p>\n<\/div>\n<\/div>\n<\/div>\n","protected":false},"excerpt":{"rendered":"<p><strong>Genie\u00dfen<\/strong> Sie diesen Hummus, der mit Kichererbsen, extra nativem Oliven\u00f6l, Tahini und exquisiten Gew\u00fcrzen zubereitet wird. Dieses <strong>traditionelle Rezept<\/strong> bringt einen mediterranen Touch in Ihre K\u00fcche.  Ohne M\u00e4\u00dfigung zu konsumieren!<\/p>\n","protected":false},"featured_media":4441,"comment_status":"closed","ping_status":"closed","template":"","meta":[],"product_brand":[],"product_cat":[68,92,106],"product_tag":[],"class_list":{"0":"post-2657","1":"product","2":"type-product","3":"status-publish","4":"has-post-thumbnail","6":"product_cat-laden","7":"product_cat-lebensmittelgeschaft","8":"product_cat-gesalzen","10":"first","11":"outofstock","12":"taxable","13":"shipping-taxable","14":"purchasable","15":"product-type-simple"},"yoast_head":"<!-- This site is optimized with the Yoast SEO plugin v26.8 - https:\/\/yoast.com\/product\/yoast-seo-wordpress\/ -->\n<title>Griechischer Hummus - Ellados<\/title>\n<meta name=\"description\" content=\"Der griechische Houmous ist ein unverzichtbarer Bestandteil des Aperitifs. Lassen Sie sich von seinem cremigen Geschmack und seinen Gew\u00fcrzen verf\u00fchren, f\u00fcr ein reichhaltiges Geschmackserlebnis.\" \/>\n<meta name=\"robots\" content=\"index, follow, max-snippet:-1, max-image-preview:large, max-video-preview:-1\" \/>\n<link rel=\"canonical\" href=\"https:\/\/ellados-shop.com\/de\/laden\/lebensmittelgeschaft\/gesalzen\/hummus-90-g\/\" \/>\n<meta property=\"og:locale\" content=\"de_DE\" \/>\n<meta property=\"og:type\" content=\"article\" \/>\n<meta property=\"og:title\" content=\"Griechischer Hummus - Ellados\" \/>\n<meta property=\"og:description\" content=\"Der griechische Houmous ist ein unverzichtbarer Bestandteil des Aperitifs. Lassen Sie sich von seinem cremigen Geschmack und seinen Gew\u00fcrzen verf\u00fchren, f\u00fcr ein reichhaltiges Geschmackserlebnis.\" \/>\n<meta property=\"og:url\" content=\"https:\/\/ellados-shop.com\/de\/laden\/lebensmittelgeschaft\/gesalzen\/hummus-90-g\/\" \/>\n<meta property=\"og:site_name\" content=\"Ellados\" \/>\n<meta property=\"article:modified_time\" content=\"2024-12-18T10:33:18+00:00\" \/>\n<meta property=\"og:image\" content=\"https:\/\/ellados-shop.com\/wp-content\/uploads\/HOUMOUS-DIP.png\" \/>\n\t<meta property=\"og:image:width\" content=\"450\" \/>\n\t<meta property=\"og:image:height\" content=\"600\" \/>\n\t<meta property=\"og:image:type\" content=\"image\/png\" \/>\n<meta name=\"twitter:card\" content=\"summary_large_image\" \/>\n<meta name=\"twitter:label1\" content=\"Gesch\u00e4tzte Lesezeit\" \/>\n\t<meta name=\"twitter:data1\" content=\"1\u00a0Minute\" \/>\n<script type=\"application\/ld+json\" class=\"yoast-schema-graph\">{\"@context\":\"https:\/\/schema.org\",\"@graph\":[{\"@type\":\"WebPage\",\"@id\":\"https:\/\/ellados-shop.com\/de\/laden\/lebensmittelgeschaft\/gesalzen\/hummus-90-g\/\",\"url\":\"https:\/\/ellados-shop.com\/de\/laden\/lebensmittelgeschaft\/gesalzen\/hummus-90-g\/\",\"name\":\"Griechischer Hummus - Ellados\",\"isPartOf\":{\"@id\":\"https:\/\/ellados-shop.com\/de\/#website\"},\"primaryImageOfPage\":{\"@id\":\"https:\/\/ellados-shop.com\/de\/laden\/lebensmittelgeschaft\/gesalzen\/hummus-90-g\/#primaryimage\"},\"image\":{\"@id\":\"https:\/\/ellados-shop.com\/de\/laden\/lebensmittelgeschaft\/gesalzen\/hummus-90-g\/#primaryimage\"},\"thumbnailUrl\":\"https:\/\/ellados-shop.com\/wp-content\/uploads\/HOUMOUS-DIP.png\",\"datePublished\":\"2024-03-18T14:40:48+00:00\",\"dateModified\":\"2024-12-18T10:33:18+00:00\",\"description\":\"Der griechische Houmous ist ein unverzichtbarer Bestandteil des Aperitifs. Lassen Sie sich von seinem cremigen Geschmack und seinen Gew\u00fcrzen verf\u00fchren, f\u00fcr ein reichhaltiges Geschmackserlebnis.\",\"breadcrumb\":{\"@id\":\"https:\/\/ellados-shop.com\/de\/laden\/lebensmittelgeschaft\/gesalzen\/hummus-90-g\/#breadcrumb\"},\"inLanguage\":\"de\",\"potentialAction\":[{\"@type\":\"ReadAction\",\"target\":[\"https:\/\/ellados-shop.com\/de\/laden\/lebensmittelgeschaft\/gesalzen\/hummus-90-g\/\"]}]},{\"@type\":\"ImageObject\",\"inLanguage\":\"de\",\"@id\":\"https:\/\/ellados-shop.com\/de\/laden\/lebensmittelgeschaft\/gesalzen\/hummus-90-g\/#primaryimage\",\"url\":\"https:\/\/ellados-shop.com\/wp-content\/uploads\/HOUMOUS-DIP.png\",\"contentUrl\":\"https:\/\/ellados-shop.com\/wp-content\/uploads\/HOUMOUS-DIP.png\",\"width\":450,\"height\":600,\"caption\":\"HOUMOUS\"},{\"@type\":\"BreadcrumbList\",\"@id\":\"https:\/\/ellados-shop.com\/de\/laden\/lebensmittelgeschaft\/gesalzen\/hummus-90-g\/#breadcrumb\",\"itemListElement\":[{\"@type\":\"ListItem\",\"position\":1,\"name\":\"Accueil\",\"item\":\"https:\/\/ellados-shop.com\/de\/accueil-v2\/\"},{\"@type\":\"ListItem\",\"position\":2,\"name\":\"Boutique\",\"item\":\"https:\/\/ellados-shop.com\/boutique\/\"},{\"@type\":\"ListItem\",\"position\":3,\"name\":\"Griechischer Hummus &#8211; 90 g\"}]},{\"@type\":\"WebSite\",\"@id\":\"https:\/\/ellados-shop.com\/de\/#website\",\"url\":\"https:\/\/ellados-shop.com\/de\/\",\"name\":\"Ellados\",\"description\":\"\",\"potentialAction\":[{\"@type\":\"SearchAction\",\"target\":{\"@type\":\"EntryPoint\",\"urlTemplate\":\"https:\/\/ellados-shop.com\/de\/?s={search_term_string}\"},\"query-input\":{\"@type\":\"PropertyValueSpecification\",\"valueRequired\":true,\"valueName\":\"search_term_string\"}}],\"inLanguage\":\"de\"}]}<\/script>\n<!-- \/ Yoast SEO plugin. -->","yoast_head_json":{"title":"Griechischer Hummus - Ellados","description":"Der griechische Houmous ist ein unverzichtbarer Bestandteil des Aperitifs. Lassen Sie sich von seinem cremigen Geschmack und seinen Gew\u00fcrzen verf\u00fchren, f\u00fcr ein reichhaltiges Geschmackserlebnis.","robots":{"index":"index","follow":"follow","max-snippet":"max-snippet:-1","max-image-preview":"max-image-preview:large","max-video-preview":"max-video-preview:-1"},"canonical":"https:\/\/ellados-shop.com\/de\/laden\/lebensmittelgeschaft\/gesalzen\/hummus-90-g\/","og_locale":"de_DE","og_type":"article","og_title":"Griechischer Hummus - Ellados","og_description":"Der griechische Houmous ist ein unverzichtbarer Bestandteil des Aperitifs. Lassen Sie sich von seinem cremigen Geschmack und seinen Gew\u00fcrzen verf\u00fchren, f\u00fcr ein reichhaltiges Geschmackserlebnis.","og_url":"https:\/\/ellados-shop.com\/de\/laden\/lebensmittelgeschaft\/gesalzen\/hummus-90-g\/","og_site_name":"Ellados","article_modified_time":"2024-12-18T10:33:18+00:00","og_image":[{"width":450,"height":600,"url":"https:\/\/ellados-shop.com\/wp-content\/uploads\/HOUMOUS-DIP.png","type":"image\/png"}],"twitter_card":"summary_large_image","twitter_misc":{"Gesch\u00e4tzte Lesezeit":"1\u00a0Minute"},"schema":{"@context":"https:\/\/schema.org","@graph":[{"@type":"WebPage","@id":"https:\/\/ellados-shop.com\/de\/laden\/lebensmittelgeschaft\/gesalzen\/hummus-90-g\/","url":"https:\/\/ellados-shop.com\/de\/laden\/lebensmittelgeschaft\/gesalzen\/hummus-90-g\/","name":"Griechischer Hummus - Ellados","isPartOf":{"@id":"https:\/\/ellados-shop.com\/de\/#website"},"primaryImageOfPage":{"@id":"https:\/\/ellados-shop.com\/de\/laden\/lebensmittelgeschaft\/gesalzen\/hummus-90-g\/#primaryimage"},"image":{"@id":"https:\/\/ellados-shop.com\/de\/laden\/lebensmittelgeschaft\/gesalzen\/hummus-90-g\/#primaryimage"},"thumbnailUrl":"https:\/\/ellados-shop.com\/wp-content\/uploads\/HOUMOUS-DIP.png","datePublished":"2024-03-18T14:40:48+00:00","dateModified":"2024-12-18T10:33:18+00:00","description":"Der griechische Houmous ist ein unverzichtbarer Bestandteil des Aperitifs. Lassen Sie sich von seinem cremigen Geschmack und seinen Gew\u00fcrzen verf\u00fchren, f\u00fcr ein reichhaltiges Geschmackserlebnis.","breadcrumb":{"@id":"https:\/\/ellados-shop.com\/de\/laden\/lebensmittelgeschaft\/gesalzen\/hummus-90-g\/#breadcrumb"},"inLanguage":"de","potentialAction":[{"@type":"ReadAction","target":["https:\/\/ellados-shop.com\/de\/laden\/lebensmittelgeschaft\/gesalzen\/hummus-90-g\/"]}]},{"@type":"ImageObject","inLanguage":"de","@id":"https:\/\/ellados-shop.com\/de\/laden\/lebensmittelgeschaft\/gesalzen\/hummus-90-g\/#primaryimage","url":"https:\/\/ellados-shop.com\/wp-content\/uploads\/HOUMOUS-DIP.png","contentUrl":"https:\/\/ellados-shop.com\/wp-content\/uploads\/HOUMOUS-DIP.png","width":450,"height":600,"caption":"HOUMOUS"},{"@type":"BreadcrumbList","@id":"https:\/\/ellados-shop.com\/de\/laden\/lebensmittelgeschaft\/gesalzen\/hummus-90-g\/#breadcrumb","itemListElement":[{"@type":"ListItem","position":1,"name":"Accueil","item":"https:\/\/ellados-shop.com\/de\/accueil-v2\/"},{"@type":"ListItem","position":2,"name":"Boutique","item":"https:\/\/ellados-shop.com\/boutique\/"},{"@type":"ListItem","position":3,"name":"Griechischer Hummus &#8211; 90 g"}]},{"@type":"WebSite","@id":"https:\/\/ellados-shop.com\/de\/#website","url":"https:\/\/ellados-shop.com\/de\/","name":"Ellados","description":"","potentialAction":[{"@type":"SearchAction","target":{"@type":"EntryPoint","urlTemplate":"https:\/\/ellados-shop.com\/de\/?s={search_term_string}"},"query-input":{"@type":"PropertyValueSpecification","valueRequired":true,"valueName":"search_term_string"}}],"inLanguage":"de"}]}},"_links":{"self":[{"href":"https:\/\/ellados-shop.com\/de\/wp-json\/wp\/v2\/product\/2657","targetHints":{"allow":["GET"]}}],"collection":[{"href":"https:\/\/ellados-shop.com\/de\/wp-json\/wp\/v2\/product"}],"about":[{"href":"https:\/\/ellados-shop.com\/de\/wp-json\/wp\/v2\/types\/product"}],"replies":[{"embeddable":true,"href":"https:\/\/ellados-shop.com\/de\/wp-json\/wp\/v2\/comments?post=2657"}],"wp:featuredmedia":[{"embeddable":true,"href":"https:\/\/ellados-shop.com\/de\/wp-json\/wp\/v2\/media\/4441"}],"wp:attachment":[{"href":"https:\/\/ellados-shop.com\/de\/wp-json\/wp\/v2\/media?parent=2657"}],"wp:term":[{"taxonomy":"product_brand","embeddable":true,"href":"https:\/\/ellados-shop.com\/de\/wp-json\/wp\/v2\/product_brand?post=2657"},{"taxonomy":"product_cat","embeddable":true,"href":"https:\/\/ellados-shop.com\/de\/wp-json\/wp\/v2\/product_cat?post=2657"},{"taxonomy":"product_tag","embeddable":true,"href":"https:\/\/ellados-shop.com\/de\/wp-json\/wp\/v2\/product_tag?post=2657"}],"curies":[{"name":"wp","href":"https:\/\/api.w.org\/{rel}","templated":true}]}}