{"id":2658,"date":"2024-03-18T15:53:32","date_gmt":"2024-03-18T14:53:32","guid":{"rendered":"https:\/\/ellados-shop.com\/unkategorisiert\/gefuellte-paprika-mit-griechischem-kaese-180-g\/"},"modified":"2024-11-02T09:27:17","modified_gmt":"2024-11-02T08:27:17","slug":"gefuellte-paprika-mit-griechischem-kaese-180-g","status":"publish","type":"product","link":"https:\/\/ellados-shop.com\/de\/laden\/lebensmittelgeschaft\/gesalzen\/gefuellte-paprika-mit-griechischem-kaese-180-g\/","title":{"rendered":"Gef\u00fcllte Paprika mit griechischem K\u00e4se &#8211; 260 g"},"content":{"rendered":"<p>Gef\u00fcllte Paprika mit griechischem K\u00e4se bieten ein exquisites kulinarisches Erlebnis. In der Tat vereinen sie die Frische der Paprika mit der cremigen Reichhaltigkeit des griechischen K\u00e4ses. Eine perfekte Verbindung, die auch die anspruchsvollsten Gaumen verf\u00fchren wird ! Lassen Sie sich verf\u00fchren und erliegen Sie dieser Explosion mediterraner Aromen. Der Geschmack dieser gef\u00fcllten Paprika spiegelt die gegens\u00e4tzlichen Empfindungen zweier Elemente wider. Auf der einen Seite erleben Sie die Sanftheit und Robustheit des K\u00e4ses. Auf der anderen Seite werden Sie von der St\u00e4rke der Pfeffer in einem zweiten Biss \u00fcberrascht sein. Diese bringen eine gewisse Sch\u00e4rfe mit, die perfekt mit dem salzigen Geschmack des K\u00e4ses harmoniert. Jeder Bissen ist eine Symphonie von Empfindungen, in der die Sch\u00e4rfe des Paprikas auf die cremige F\u00fclle des griechischen K\u00e4ses trifft. Die Produzenten w\u00e4hlen sorgf\u00e4ltig die Paprika aus und f\u00fcllen sie behutsam mit einer exklusiven Mischung aus pasteurisiertem griechischem K\u00e4se. Authentische Kr\u00e4uter und Gew\u00fcrze verleihen der W\u00fcrze zus\u00e4tzliche Aromen. Dank unserem handwerklichen Zubereitungsprozess ist jede Paprika ein kulinarisches Meisterwerk, bereit, Ihre Geschmacksknospen mit der perfekten Balance zwischen Sch\u00e4rfe und Cremigkeit zu erfreuen. <\/p>\n<div class=\"flex flex-grow flex-col max-w-full\">\n<div class=\"min-h-[20px] text-message flex flex-col items-start gap-3 whitespace-pre-wrap break-words [.text-message+&amp;]:mt-5 overflow-x-auto\" dir=\"auto\" data-message-author-role=\"assistant\" data-message-id=\"34ccb790-a4f1-44fb-9828-9542aabc2b58\">\n<div class=\"markdown prose w-full break-words dark:prose-invert light\"> Sie k\u00f6nnen diese Paprikaschoten zu besonderen Anl\u00e4ssen genie\u00dfen oder um Ihren t\u00e4glichen Mahlzeiten eine Note von Raffinesse hinzuzuf\u00fcgen. Ideal als raffinierter Aperitif bei Empf\u00e4ngen oder Abendessen mit Freunden werden die Paprikaschoten Ihre G\u00e4ste durch ihre Originalit\u00e4t und Zartheit begeistern. Sie werden die gef\u00fcllten Paprikaschoten mit griechischem K\u00e4se auch als Hauptgericht genie\u00dfen. Dazu empfehlen wir Ihnen, sie mit einem frischen Salat und knusprigem Brot zu servieren, f\u00fcr eine leichte und befriedigende Mahlzeit. Sie werden auch auf Buffets oder Sonntagsbrunchs ihren Platz finden, wo sie je nach Vorliebe der G\u00e4ste warm oder kalt serviert werden k\u00f6nnen. En conclusion, die gef\u00fcllten Paprikaschoten sind eine k\u00f6stliche Fusion aus Aromen und Texturen. Sie bieten bei jedem Genuss ein unvergessliches Geschmackserlebnis. Ob f\u00fcr einen besonderen Abend oder ein ungezwungenes Essen, sie werden sicherlich die Geschmacksknospen fesseln und jedem Anlass eine Note von Raffinesse verleihen. <\/div>\n<\/div>\n<\/div>\n<div class=\"mt-1 flex gap-3 empty:hidden\">\n<div class=\"text-gray-400 flex self-end lg:self-center items-center justify-center lg:justify-start mt-0 -ml-1 h-7 gap-[2px] visible\"><\/div>\n<\/div>\n<div class=\"flex\"><\/div>\n","protected":false},"excerpt":{"rendered":"<p>Diese sorgf\u00e4ltig ausgew\u00e4hlten Paprika sind zart mit einer exklusiven Mischung aus pasteurisiertem griechischem K\u00e4se gef\u00fcllt. <strong>Leicht w\u00fcrzig<\/strong>, sind sie ein <strong>Muss<\/strong> f\u00fcr Ihre geselligen Abende mit Freunden.<\/p>\n","protected":false},"featured_media":5676,"comment_status":"closed","ping_status":"closed","template":"","meta":[],"product_brand":[],"product_cat":[68,92,106],"product_tag":[],"class_list":{"0":"post-2658","1":"product","2":"type-product","3":"status-publish","4":"has-post-thumbnail","6":"product_cat-laden","7":"product_cat-lebensmittelgeschaft","8":"product_cat-gesalzen","10":"first","11":"outofstock","12":"taxable","13":"shipping-taxable","14":"purchasable","15":"product-type-simple"},"yoast_head":"<!-- This site is optimized with the Yoast SEO plugin v26.8 - https:\/\/yoast.com\/product\/yoast-seo-wordpress\/ -->\n<title>Gef\u00fcllte Paprika mit griechischem K\u00e4se - Ellados<\/title>\n<meta name=\"description\" content=\"Ergeben Sie sich den handgefertigten, griechischen K\u00e4se gef\u00fcllten Paprika, die die kr\u00e4ftigen Aromen der Paprika mit der Cremigkeit des K\u00e4ses vereinen. Eine Delikatesse !\" \/>\n<meta name=\"robots\" content=\"index, follow, max-snippet:-1, max-image-preview:large, max-video-preview:-1\" \/>\n<link rel=\"canonical\" href=\"https:\/\/ellados-shop.com\/de\/laden\/lebensmittelgeschaft\/gesalzen\/gefuellte-paprika-mit-griechischem-kaese-180-g\/\" \/>\n<meta property=\"og:locale\" content=\"de_DE\" \/>\n<meta property=\"og:type\" content=\"article\" \/>\n<meta property=\"og:title\" content=\"Gef\u00fcllte Paprika mit griechischem K\u00e4se - Ellados\" \/>\n<meta property=\"og:description\" content=\"Ergeben Sie sich den handgefertigten, griechischen K\u00e4se gef\u00fcllten Paprika, die die kr\u00e4ftigen Aromen der Paprika mit der Cremigkeit des K\u00e4ses vereinen. Eine Delikatesse !\" \/>\n<meta property=\"og:url\" content=\"https:\/\/ellados-shop.com\/de\/laden\/lebensmittelgeschaft\/gesalzen\/gefuellte-paprika-mit-griechischem-kaese-180-g\/\" \/>\n<meta property=\"og:site_name\" content=\"Ellados\" \/>\n<meta property=\"article:modified_time\" content=\"2024-11-02T08:27:17+00:00\" \/>\n<meta property=\"og:image\" content=\"https:\/\/ellados-shop.com\/wp-content\/uploads\/PIMENT-FARCI-AU-FROMAGE.png\" \/>\n\t<meta property=\"og:image:width\" content=\"450\" \/>\n\t<meta property=\"og:image:height\" content=\"600\" \/>\n\t<meta property=\"og:image:type\" content=\"image\/png\" \/>\n<meta name=\"twitter:card\" content=\"summary_large_image\" \/>\n<meta name=\"twitter:label1\" content=\"Gesch\u00e4tzte Lesezeit\" \/>\n\t<meta name=\"twitter:data1\" content=\"2\u00a0Minuten\" \/>\n<script type=\"application\/ld+json\" class=\"yoast-schema-graph\">{\"@context\":\"https:\/\/schema.org\",\"@graph\":[{\"@type\":\"WebPage\",\"@id\":\"https:\/\/ellados-shop.com\/de\/laden\/lebensmittelgeschaft\/gesalzen\/gefuellte-paprika-mit-griechischem-kaese-180-g\/\",\"url\":\"https:\/\/ellados-shop.com\/de\/laden\/lebensmittelgeschaft\/gesalzen\/gefuellte-paprika-mit-griechischem-kaese-180-g\/\",\"name\":\"Gef\u00fcllte Paprika mit griechischem K\u00e4se - Ellados\",\"isPartOf\":{\"@id\":\"https:\/\/ellados-shop.com\/de\/#website\"},\"primaryImageOfPage\":{\"@id\":\"https:\/\/ellados-shop.com\/de\/laden\/lebensmittelgeschaft\/gesalzen\/gefuellte-paprika-mit-griechischem-kaese-180-g\/#primaryimage\"},\"image\":{\"@id\":\"https:\/\/ellados-shop.com\/de\/laden\/lebensmittelgeschaft\/gesalzen\/gefuellte-paprika-mit-griechischem-kaese-180-g\/#primaryimage\"},\"thumbnailUrl\":\"https:\/\/ellados-shop.com\/wp-content\/uploads\/Piments-farcis.png\",\"datePublished\":\"2024-03-18T14:53:32+00:00\",\"dateModified\":\"2024-11-02T08:27:17+00:00\",\"description\":\"Ergeben Sie sich den handgefertigten, griechischen K\u00e4se gef\u00fcllten Paprika, die die kr\u00e4ftigen Aromen der Paprika mit der Cremigkeit des K\u00e4ses vereinen. Eine Delikatesse !\",\"breadcrumb\":{\"@id\":\"https:\/\/ellados-shop.com\/de\/laden\/lebensmittelgeschaft\/gesalzen\/gefuellte-paprika-mit-griechischem-kaese-180-g\/#breadcrumb\"},\"inLanguage\":\"de\",\"potentialAction\":[{\"@type\":\"ReadAction\",\"target\":[\"https:\/\/ellados-shop.com\/de\/laden\/lebensmittelgeschaft\/gesalzen\/gefuellte-paprika-mit-griechischem-kaese-180-g\/\"]}]},{\"@type\":\"ImageObject\",\"inLanguage\":\"de\",\"@id\":\"https:\/\/ellados-shop.com\/de\/laden\/lebensmittelgeschaft\/gesalzen\/gefuellte-paprika-mit-griechischem-kaese-180-g\/#primaryimage\",\"url\":\"https:\/\/ellados-shop.com\/wp-content\/uploads\/Piments-farcis.png\",\"contentUrl\":\"https:\/\/ellados-shop.com\/wp-content\/uploads\/Piments-farcis.png\",\"width\":450,\"height\":450,\"caption\":\"piment farcis fromage\"},{\"@type\":\"BreadcrumbList\",\"@id\":\"https:\/\/ellados-shop.com\/de\/laden\/lebensmittelgeschaft\/gesalzen\/gefuellte-paprika-mit-griechischem-kaese-180-g\/#breadcrumb\",\"itemListElement\":[{\"@type\":\"ListItem\",\"position\":1,\"name\":\"Accueil\",\"item\":\"https:\/\/ellados-shop.com\/de\/accueil-v2\/\"},{\"@type\":\"ListItem\",\"position\":2,\"name\":\"Boutique\",\"item\":\"https:\/\/ellados-shop.com\/boutique\/\"},{\"@type\":\"ListItem\",\"position\":3,\"name\":\"Gef\u00fcllte Paprika mit griechischem K\u00e4se &#8211; 260 g\"}]},{\"@type\":\"WebSite\",\"@id\":\"https:\/\/ellados-shop.com\/de\/#website\",\"url\":\"https:\/\/ellados-shop.com\/de\/\",\"name\":\"Ellados\",\"description\":\"\",\"potentialAction\":[{\"@type\":\"SearchAction\",\"target\":{\"@type\":\"EntryPoint\",\"urlTemplate\":\"https:\/\/ellados-shop.com\/de\/?s={search_term_string}\"},\"query-input\":{\"@type\":\"PropertyValueSpecification\",\"valueRequired\":true,\"valueName\":\"search_term_string\"}}],\"inLanguage\":\"de\"}]}<\/script>\n<!-- \/ Yoast SEO plugin. -->","yoast_head_json":{"title":"Gef\u00fcllte Paprika mit griechischem K\u00e4se - Ellados","description":"Ergeben Sie sich den handgefertigten, griechischen K\u00e4se gef\u00fcllten Paprika, die die kr\u00e4ftigen Aromen der Paprika mit der Cremigkeit des K\u00e4ses vereinen. Eine Delikatesse !","robots":{"index":"index","follow":"follow","max-snippet":"max-snippet:-1","max-image-preview":"max-image-preview:large","max-video-preview":"max-video-preview:-1"},"canonical":"https:\/\/ellados-shop.com\/de\/laden\/lebensmittelgeschaft\/gesalzen\/gefuellte-paprika-mit-griechischem-kaese-180-g\/","og_locale":"de_DE","og_type":"article","og_title":"Gef\u00fcllte Paprika mit griechischem K\u00e4se - Ellados","og_description":"Ergeben Sie sich den handgefertigten, griechischen K\u00e4se gef\u00fcllten Paprika, die die kr\u00e4ftigen Aromen der Paprika mit der Cremigkeit des K\u00e4ses vereinen. Eine Delikatesse !","og_url":"https:\/\/ellados-shop.com\/de\/laden\/lebensmittelgeschaft\/gesalzen\/gefuellte-paprika-mit-griechischem-kaese-180-g\/","og_site_name":"Ellados","article_modified_time":"2024-11-02T08:27:17+00:00","og_image":[{"width":450,"height":600,"url":"https:\/\/ellados-shop.com\/wp-content\/uploads\/PIMENT-FARCI-AU-FROMAGE.png","type":"image\/png"}],"twitter_card":"summary_large_image","twitter_misc":{"Gesch\u00e4tzte Lesezeit":"2\u00a0Minuten"},"schema":{"@context":"https:\/\/schema.org","@graph":[{"@type":"WebPage","@id":"https:\/\/ellados-shop.com\/de\/laden\/lebensmittelgeschaft\/gesalzen\/gefuellte-paprika-mit-griechischem-kaese-180-g\/","url":"https:\/\/ellados-shop.com\/de\/laden\/lebensmittelgeschaft\/gesalzen\/gefuellte-paprika-mit-griechischem-kaese-180-g\/","name":"Gef\u00fcllte Paprika mit griechischem K\u00e4se - Ellados","isPartOf":{"@id":"https:\/\/ellados-shop.com\/de\/#website"},"primaryImageOfPage":{"@id":"https:\/\/ellados-shop.com\/de\/laden\/lebensmittelgeschaft\/gesalzen\/gefuellte-paprika-mit-griechischem-kaese-180-g\/#primaryimage"},"image":{"@id":"https:\/\/ellados-shop.com\/de\/laden\/lebensmittelgeschaft\/gesalzen\/gefuellte-paprika-mit-griechischem-kaese-180-g\/#primaryimage"},"thumbnailUrl":"https:\/\/ellados-shop.com\/wp-content\/uploads\/Piments-farcis.png","datePublished":"2024-03-18T14:53:32+00:00","dateModified":"2024-11-02T08:27:17+00:00","description":"Ergeben Sie sich den handgefertigten, griechischen K\u00e4se gef\u00fcllten Paprika, die die kr\u00e4ftigen Aromen der Paprika mit der Cremigkeit des K\u00e4ses vereinen. Eine Delikatesse !","breadcrumb":{"@id":"https:\/\/ellados-shop.com\/de\/laden\/lebensmittelgeschaft\/gesalzen\/gefuellte-paprika-mit-griechischem-kaese-180-g\/#breadcrumb"},"inLanguage":"de","potentialAction":[{"@type":"ReadAction","target":["https:\/\/ellados-shop.com\/de\/laden\/lebensmittelgeschaft\/gesalzen\/gefuellte-paprika-mit-griechischem-kaese-180-g\/"]}]},{"@type":"ImageObject","inLanguage":"de","@id":"https:\/\/ellados-shop.com\/de\/laden\/lebensmittelgeschaft\/gesalzen\/gefuellte-paprika-mit-griechischem-kaese-180-g\/#primaryimage","url":"https:\/\/ellados-shop.com\/wp-content\/uploads\/Piments-farcis.png","contentUrl":"https:\/\/ellados-shop.com\/wp-content\/uploads\/Piments-farcis.png","width":450,"height":450,"caption":"piment farcis fromage"},{"@type":"BreadcrumbList","@id":"https:\/\/ellados-shop.com\/de\/laden\/lebensmittelgeschaft\/gesalzen\/gefuellte-paprika-mit-griechischem-kaese-180-g\/#breadcrumb","itemListElement":[{"@type":"ListItem","position":1,"name":"Accueil","item":"https:\/\/ellados-shop.com\/de\/accueil-v2\/"},{"@type":"ListItem","position":2,"name":"Boutique","item":"https:\/\/ellados-shop.com\/boutique\/"},{"@type":"ListItem","position":3,"name":"Gef\u00fcllte Paprika mit griechischem K\u00e4se &#8211; 260 g"}]},{"@type":"WebSite","@id":"https:\/\/ellados-shop.com\/de\/#website","url":"https:\/\/ellados-shop.com\/de\/","name":"Ellados","description":"","potentialAction":[{"@type":"SearchAction","target":{"@type":"EntryPoint","urlTemplate":"https:\/\/ellados-shop.com\/de\/?s={search_term_string}"},"query-input":{"@type":"PropertyValueSpecification","valueRequired":true,"valueName":"search_term_string"}}],"inLanguage":"de"}]}},"_links":{"self":[{"href":"https:\/\/ellados-shop.com\/de\/wp-json\/wp\/v2\/product\/2658","targetHints":{"allow":["GET"]}}],"collection":[{"href":"https:\/\/ellados-shop.com\/de\/wp-json\/wp\/v2\/product"}],"about":[{"href":"https:\/\/ellados-shop.com\/de\/wp-json\/wp\/v2\/types\/product"}],"replies":[{"embeddable":true,"href":"https:\/\/ellados-shop.com\/de\/wp-json\/wp\/v2\/comments?post=2658"}],"wp:featuredmedia":[{"embeddable":true,"href":"https:\/\/ellados-shop.com\/de\/wp-json\/wp\/v2\/media\/5676"}],"wp:attachment":[{"href":"https:\/\/ellados-shop.com\/de\/wp-json\/wp\/v2\/media?parent=2658"}],"wp:term":[{"taxonomy":"product_brand","embeddable":true,"href":"https:\/\/ellados-shop.com\/de\/wp-json\/wp\/v2\/product_brand?post=2658"},{"taxonomy":"product_cat","embeddable":true,"href":"https:\/\/ellados-shop.com\/de\/wp-json\/wp\/v2\/product_cat?post=2658"},{"taxonomy":"product_tag","embeddable":true,"href":"https:\/\/ellados-shop.com\/de\/wp-json\/wp\/v2\/product_tag?post=2658"}],"curies":[{"name":"wp","href":"https:\/\/api.w.org\/{rel}","templated":true}]}}