{"id":2659,"date":"2024-03-20T13:50:23","date_gmt":"2024-03-20T12:50:23","guid":{"rendered":"https:\/\/ellados-shop.com\/unkategorisiert\/safran-bio-krokos-kozanis-1-g\/"},"modified":"2024-12-10T18:14:26","modified_gmt":"2024-12-10T17:14:26","slug":"safran-bio-krokos-kozanis-1-g","status":"publish","type":"product","link":"https:\/\/ellados-shop.com\/de\/laden\/lebensmittelgeschaft\/gesalzen\/safran-bio-krokos-kozanis-1-g\/","title":{"rendered":"Bio-Safran Krokos Kozanis &#8211; 1 g"},"content":{"rendered":"<p>.Der Bio-Safran Krokos Kozanis ist eine <strong>au\u00dfergew\u00f6hnliche Safranvariante<\/strong>, die als einer der besten Bio-Safrans der Welt anerkannt ist. Er genie\u00dft den gesch\u00fctzten Ursprungsnamen. Dieser Safran ist eine kostbare und exquisite Gew\u00fcrz, das ausschlie\u00dflich aus den fruchtbaren Feldern von Kozani stammt. Die Verwendung von Safran reicht Jahrtausende zur\u00fcck. Sch\u00e4tzungsweise vor 1600 v. Chr. bekannt f\u00fcr seine au\u00dfergew\u00f6hnliche Qualit\u00e4t, wird dieser g.U.-Safran <strong>biologisch<\/strong> angebaut, was seine Reinheit und seinen<strong> authentischen Geschmack<\/strong> garantiert. Die Partnerproduzenten ernten ihn zwischen Mitte Oktober und Mitte November. Dann legen sie die Krokusbl\u00fcten vorsichtig auf einen speziellen Tisch. Die Narben werden dann von der Blume gel\u00f6st, indem Luft aus einem Ventilator zugef\u00fchrt wird. Schlie\u00dflich beginnt der letzte Produktionsschritt: das Trocknen. Es erfordert viel Erfahrung und gro\u00dfe Sorgfalt, um alle charakteristischen Eigenschaften des Gew\u00fcrzes zu bewahren. Die Z\u00fcchter legen dann die Stempel auf quadratische Seidensiebe f\u00fcr einen Zeitraum von 20 bis 60 Tagen. Kenner und Insider sch\u00e4tzen den Bio-Safran Krokos Kazanis f\u00fcr seine Frische, seinen intensiven Geschmack, seine leuchtend rote Farbe und seinen exquisiten Duft. Sein intensives Aroma eignet sich f\u00fcr kulinarische Zubereitungen, um beispielsweise Reis oder Fisch zu w\u00fcrzen. Die K\u00f6che verwenden ihn insbesondere f\u00fcr Risottos, Saucen, Suppen oder Desserts. Eine kleine Menge Safran kann ein gew\u00f6hnliches Gericht in ein au\u00dfergew\u00f6hnliches kulinarisches Erlebnis verwandeln. Wagen Sie es, Ihrer K\u00fcche einen Hauch von Luxus und Raffinesse zu verleihen. Ein paar F\u00e4den dieser Stempel werden jedem Ihrer Gerichte eine einzigartige und subtile Geschmacksnote verleihen. Der Bio-Safran Krokos Kozanis verk\u00f6rpert die <strong>Exzellenz<\/strong> und Authentizit\u00e4t der griechischen Safrantradition. Aufgrund seiner Seltenheit und seines anspruchsvollen Herstellungsprozesses ist der Bio-Safran Krokos Kozanis ein <em>hochwertiges <\/em> Produkt, das von Kennern und K\u00f6chen auf der ganzen Welt gesch\u00e4tzt wird. Zum Abschluss laden wir Sie zur Exzellenz ein; Entdecken Sie die reine Essenz des Bio-Safrans Krokos Kozanis und lassen Sie sich von seinem bet\u00f6renden Charme verf\u00fchren.<\/p>\n","protected":false},"excerpt":{"rendered":"<p>Dieser biologische Safran geh\u00f6rt zu den <strong>besten Safranen der Welt.<\/strong> Seine g.U. Krokos Kozanis garantiert Ihnen ein Produkt von <strong>au\u00dfergew\u00f6hnlicher Qualit\u00e4t.<\/strong> Er verleiht sowohl Ihren Gerichten als auch Ihren hei\u00dfen Getr\u00e4nken ein einzigartiges Aroma.  <\/p>\n","protected":false},"featured_media":5682,"comment_status":"closed","ping_status":"closed","template":"","meta":[],"product_brand":[],"product_cat":[68,92,106,88],"product_tag":[],"class_list":{"0":"post-2659","1":"product","2":"type-product","3":"status-publish","4":"has-post-thumbnail","6":"product_cat-laden","7":"product_cat-lebensmittelgeschaft","8":"product_cat-gesalzen","9":"product_cat-griechische-olivenole","11":"first","12":"instock","13":"taxable","14":"shipping-taxable","15":"purchasable","16":"product-type-simple"},"yoast_head":"<!-- This site is optimized with the Yoast SEO plugin v26.8 - https:\/\/yoast.com\/product\/yoast-seo-wordpress\/ -->\n<title>Safran Bio Krokos Kozanis - Ellados<\/title>\n<meta name=\"description\" content=\"Hier ist das Bio-Safran Krokos Kozanis, einer der besten Bio-Safrans der Welt. Er wird mit Leidenschaft angebaut und geerntet, um Ihnen das Beste zu bieten.\" \/>\n<meta name=\"robots\" content=\"index, follow, max-snippet:-1, max-image-preview:large, max-video-preview:-1\" \/>\n<link rel=\"canonical\" href=\"https:\/\/ellados-shop.com\/de\/laden\/lebensmittelgeschaft\/gesalzen\/safran-bio-krokos-kozanis-1-g\/\" \/>\n<meta property=\"og:locale\" content=\"de_DE\" \/>\n<meta property=\"og:type\" content=\"article\" \/>\n<meta property=\"og:title\" content=\"Safran Bio Krokos Kozanis - Ellados\" \/>\n<meta property=\"og:description\" content=\"Hier ist das Bio-Safran Krokos Kozanis, einer der besten Bio-Safrans der Welt. Er wird mit Leidenschaft angebaut und geerntet, um Ihnen das Beste zu bieten.\" \/>\n<meta property=\"og:url\" content=\"https:\/\/ellados-shop.com\/de\/laden\/lebensmittelgeschaft\/gesalzen\/safran-bio-krokos-kozanis-1-g\/\" \/>\n<meta property=\"og:site_name\" content=\"Ellados\" \/>\n<meta property=\"article:modified_time\" content=\"2024-12-10T17:14:26+00:00\" \/>\n<meta property=\"og:image\" content=\"https:\/\/ellados-shop.com\/wp-content\/uploads\/safran-bio.png\" \/>\n\t<meta property=\"og:image:width\" content=\"450\" \/>\n\t<meta property=\"og:image:height\" content=\"450\" \/>\n\t<meta property=\"og:image:type\" content=\"image\/png\" \/>\n<meta name=\"twitter:card\" content=\"summary_large_image\" \/>\n<meta name=\"twitter:label1\" content=\"Gesch\u00e4tzte Lesezeit\" \/>\n\t<meta name=\"twitter:data1\" content=\"2\u00a0Minuten\" \/>\n<script type=\"application\/ld+json\" class=\"yoast-schema-graph\">{\"@context\":\"https:\/\/schema.org\",\"@graph\":[{\"@type\":\"WebPage\",\"@id\":\"https:\/\/ellados-shop.com\/de\/laden\/lebensmittelgeschaft\/gesalzen\/safran-bio-krokos-kozanis-1-g\/\",\"url\":\"https:\/\/ellados-shop.com\/de\/laden\/lebensmittelgeschaft\/gesalzen\/safran-bio-krokos-kozanis-1-g\/\",\"name\":\"Safran Bio Krokos Kozanis - Ellados\",\"isPartOf\":{\"@id\":\"https:\/\/ellados-shop.com\/de\/#website\"},\"primaryImageOfPage\":{\"@id\":\"https:\/\/ellados-shop.com\/de\/laden\/lebensmittelgeschaft\/gesalzen\/safran-bio-krokos-kozanis-1-g\/#primaryimage\"},\"image\":{\"@id\":\"https:\/\/ellados-shop.com\/de\/laden\/lebensmittelgeschaft\/gesalzen\/safran-bio-krokos-kozanis-1-g\/#primaryimage\"},\"thumbnailUrl\":\"https:\/\/ellados-shop.com\/wp-content\/uploads\/safran-bio.png\",\"datePublished\":\"2024-03-20T12:50:23+00:00\",\"dateModified\":\"2024-12-10T17:14:26+00:00\",\"description\":\"Hier ist das Bio-Safran Krokos Kozanis, einer der besten Bio-Safrans der Welt. Er wird mit Leidenschaft angebaut und geerntet, um Ihnen das Beste zu bieten.\",\"breadcrumb\":{\"@id\":\"https:\/\/ellados-shop.com\/de\/laden\/lebensmittelgeschaft\/gesalzen\/safran-bio-krokos-kozanis-1-g\/#breadcrumb\"},\"inLanguage\":\"de\",\"potentialAction\":[{\"@type\":\"ReadAction\",\"target\":[\"https:\/\/ellados-shop.com\/de\/laden\/lebensmittelgeschaft\/gesalzen\/safran-bio-krokos-kozanis-1-g\/\"]}]},{\"@type\":\"ImageObject\",\"inLanguage\":\"de\",\"@id\":\"https:\/\/ellados-shop.com\/de\/laden\/lebensmittelgeschaft\/gesalzen\/safran-bio-krokos-kozanis-1-g\/#primaryimage\",\"url\":\"https:\/\/ellados-shop.com\/wp-content\/uploads\/safran-bio.png\",\"contentUrl\":\"https:\/\/ellados-shop.com\/wp-content\/uploads\/safran-bio.png\",\"width\":450,\"height\":450,\"caption\":\"Safran bio\"},{\"@type\":\"BreadcrumbList\",\"@id\":\"https:\/\/ellados-shop.com\/de\/laden\/lebensmittelgeschaft\/gesalzen\/safran-bio-krokos-kozanis-1-g\/#breadcrumb\",\"itemListElement\":[{\"@type\":\"ListItem\",\"position\":1,\"name\":\"Accueil\",\"item\":\"https:\/\/ellados-shop.com\/de\/accueil-v2\/\"},{\"@type\":\"ListItem\",\"position\":2,\"name\":\"Boutique\",\"item\":\"https:\/\/ellados-shop.com\/boutique\/\"},{\"@type\":\"ListItem\",\"position\":3,\"name\":\"Bio-Safran Krokos Kozanis &#8211; 1 g\"}]},{\"@type\":\"WebSite\",\"@id\":\"https:\/\/ellados-shop.com\/de\/#website\",\"url\":\"https:\/\/ellados-shop.com\/de\/\",\"name\":\"Ellados\",\"description\":\"\",\"potentialAction\":[{\"@type\":\"SearchAction\",\"target\":{\"@type\":\"EntryPoint\",\"urlTemplate\":\"https:\/\/ellados-shop.com\/de\/?s={search_term_string}\"},\"query-input\":{\"@type\":\"PropertyValueSpecification\",\"valueRequired\":true,\"valueName\":\"search_term_string\"}}],\"inLanguage\":\"de\"}]}<\/script>\n<!-- \/ Yoast SEO plugin. -->","yoast_head_json":{"title":"Safran Bio Krokos Kozanis - Ellados","description":"Hier ist das Bio-Safran Krokos Kozanis, einer der besten Bio-Safrans der Welt. Er wird mit Leidenschaft angebaut und geerntet, um Ihnen das Beste zu bieten.","robots":{"index":"index","follow":"follow","max-snippet":"max-snippet:-1","max-image-preview":"max-image-preview:large","max-video-preview":"max-video-preview:-1"},"canonical":"https:\/\/ellados-shop.com\/de\/laden\/lebensmittelgeschaft\/gesalzen\/safran-bio-krokos-kozanis-1-g\/","og_locale":"de_DE","og_type":"article","og_title":"Safran Bio Krokos Kozanis - Ellados","og_description":"Hier ist das Bio-Safran Krokos Kozanis, einer der besten Bio-Safrans der Welt. Er wird mit Leidenschaft angebaut und geerntet, um Ihnen das Beste zu bieten.","og_url":"https:\/\/ellados-shop.com\/de\/laden\/lebensmittelgeschaft\/gesalzen\/safran-bio-krokos-kozanis-1-g\/","og_site_name":"Ellados","article_modified_time":"2024-12-10T17:14:26+00:00","og_image":[{"width":450,"height":450,"url":"https:\/\/ellados-shop.com\/wp-content\/uploads\/safran-bio.png","type":"image\/png"}],"twitter_card":"summary_large_image","twitter_misc":{"Gesch\u00e4tzte Lesezeit":"2\u00a0Minuten"},"schema":{"@context":"https:\/\/schema.org","@graph":[{"@type":"WebPage","@id":"https:\/\/ellados-shop.com\/de\/laden\/lebensmittelgeschaft\/gesalzen\/safran-bio-krokos-kozanis-1-g\/","url":"https:\/\/ellados-shop.com\/de\/laden\/lebensmittelgeschaft\/gesalzen\/safran-bio-krokos-kozanis-1-g\/","name":"Safran Bio Krokos Kozanis - Ellados","isPartOf":{"@id":"https:\/\/ellados-shop.com\/de\/#website"},"primaryImageOfPage":{"@id":"https:\/\/ellados-shop.com\/de\/laden\/lebensmittelgeschaft\/gesalzen\/safran-bio-krokos-kozanis-1-g\/#primaryimage"},"image":{"@id":"https:\/\/ellados-shop.com\/de\/laden\/lebensmittelgeschaft\/gesalzen\/safran-bio-krokos-kozanis-1-g\/#primaryimage"},"thumbnailUrl":"https:\/\/ellados-shop.com\/wp-content\/uploads\/safran-bio.png","datePublished":"2024-03-20T12:50:23+00:00","dateModified":"2024-12-10T17:14:26+00:00","description":"Hier ist das Bio-Safran Krokos Kozanis, einer der besten Bio-Safrans der Welt. Er wird mit Leidenschaft angebaut und geerntet, um Ihnen das Beste zu bieten.","breadcrumb":{"@id":"https:\/\/ellados-shop.com\/de\/laden\/lebensmittelgeschaft\/gesalzen\/safran-bio-krokos-kozanis-1-g\/#breadcrumb"},"inLanguage":"de","potentialAction":[{"@type":"ReadAction","target":["https:\/\/ellados-shop.com\/de\/laden\/lebensmittelgeschaft\/gesalzen\/safran-bio-krokos-kozanis-1-g\/"]}]},{"@type":"ImageObject","inLanguage":"de","@id":"https:\/\/ellados-shop.com\/de\/laden\/lebensmittelgeschaft\/gesalzen\/safran-bio-krokos-kozanis-1-g\/#primaryimage","url":"https:\/\/ellados-shop.com\/wp-content\/uploads\/safran-bio.png","contentUrl":"https:\/\/ellados-shop.com\/wp-content\/uploads\/safran-bio.png","width":450,"height":450,"caption":"Safran bio"},{"@type":"BreadcrumbList","@id":"https:\/\/ellados-shop.com\/de\/laden\/lebensmittelgeschaft\/gesalzen\/safran-bio-krokos-kozanis-1-g\/#breadcrumb","itemListElement":[{"@type":"ListItem","position":1,"name":"Accueil","item":"https:\/\/ellados-shop.com\/de\/accueil-v2\/"},{"@type":"ListItem","position":2,"name":"Boutique","item":"https:\/\/ellados-shop.com\/boutique\/"},{"@type":"ListItem","position":3,"name":"Bio-Safran Krokos Kozanis &#8211; 1 g"}]},{"@type":"WebSite","@id":"https:\/\/ellados-shop.com\/de\/#website","url":"https:\/\/ellados-shop.com\/de\/","name":"Ellados","description":"","potentialAction":[{"@type":"SearchAction","target":{"@type":"EntryPoint","urlTemplate":"https:\/\/ellados-shop.com\/de\/?s={search_term_string}"},"query-input":{"@type":"PropertyValueSpecification","valueRequired":true,"valueName":"search_term_string"}}],"inLanguage":"de"}]}},"_links":{"self":[{"href":"https:\/\/ellados-shop.com\/de\/wp-json\/wp\/v2\/product\/2659","targetHints":{"allow":["GET"]}}],"collection":[{"href":"https:\/\/ellados-shop.com\/de\/wp-json\/wp\/v2\/product"}],"about":[{"href":"https:\/\/ellados-shop.com\/de\/wp-json\/wp\/v2\/types\/product"}],"replies":[{"embeddable":true,"href":"https:\/\/ellados-shop.com\/de\/wp-json\/wp\/v2\/comments?post=2659"}],"wp:featuredmedia":[{"embeddable":true,"href":"https:\/\/ellados-shop.com\/de\/wp-json\/wp\/v2\/media\/5682"}],"wp:attachment":[{"href":"https:\/\/ellados-shop.com\/de\/wp-json\/wp\/v2\/media?parent=2659"}],"wp:term":[{"taxonomy":"product_brand","embeddable":true,"href":"https:\/\/ellados-shop.com\/de\/wp-json\/wp\/v2\/product_brand?post=2659"},{"taxonomy":"product_cat","embeddable":true,"href":"https:\/\/ellados-shop.com\/de\/wp-json\/wp\/v2\/product_cat?post=2659"},{"taxonomy":"product_tag","embeddable":true,"href":"https:\/\/ellados-shop.com\/de\/wp-json\/wp\/v2\/product_tag?post=2659"}],"curies":[{"name":"wp","href":"https:\/\/api.w.org\/{rel}","templated":true}]}}