{"id":2663,"date":"2024-03-29T01:05:03","date_gmt":"2024-03-29T00:05:03","guid":{"rendered":"https:\/\/ellados-shop.com\/unkategorisiert\/weisswein-lexis-kidonitsa-zacharias-winery\/"},"modified":"2024-07-17T15:15:30","modified_gmt":"2024-07-17T13:15:30","slug":"weisswein-lexis-kidonitsa-zacharias-winery","status":"publish","type":"product","link":"https:\/\/ellados-shop.com\/de\/laden\/weine\/weisswein-lexis-kidonitsa-zacharias-winery\/","title":{"rendered":"Trockener Wei\u00dfwein Lexis Kidonitsa &#8211; Weingut Zacharias"},"content":{"rendered":"<p>Entdecken Sie die Eleganz und Finesse des Wei\u00dfweins Lexis Kidonitsa von der Zacharias Winery, ein wahrer Schatz der griechischen Weinbaukunst. Das <a href=\"https:\/\/ellados-shop.com\/actualites\/decouvrez-les-tresors-viticoles-du-peloponnese\/\">Weingut Zacharias<\/a> gilt als eines der \u00e4ltesten in der Nemea-Appellation.&#8220; Es befindet sich in der N\u00e4he von Korinth und Nafplion. Seine Weinberge erstrecken sich \u00fcber 40 Hektar. L&#8217;agriculture biologique occupe une part importante du vignoble. Die Kunst der Weinherstellung ist f\u00fcr das Weingut Zacharias mehr als nur eine Leidenschaft. Ilias Zacharias, Agronom, arbeitet an der Entwicklung seines Weinguts durch ein integriertes Umweltmanagementsystem. Er bevorzugt niedrigere Ertr\u00e4ge pro Parzelle, um die Qualit\u00e4t seiner Weine zu maximieren.<\/p>\n<p>Die Kidonitsa-Traube ist eine der seltensten einheimischen Rebsorten des Peloponnes. In Barriques ausgebaut, verleiht ihm diese Vinifikationsmethode ein goldgelbes Aussehen mit gl\u00e4nzenden Reflexen. In der Nase enth\u00fcllt er subtile Aromen von Quitte, Birne und Bergamotte. Im Mund enth\u00fcllt der Wei\u00dfwein Lexis Kidonitsa seine gesamte Komplexit\u00e4t und Balance, mit einer sch\u00f6nen Lebendigkeit und einem erfrischenden Abgang. Ein sch\u00f6ne S\u00e4ure mit charakteristischen Zitrusnoten begleitet die Verkostung dieses Weins.<\/p>\n<p>Dieser Wein begleitet perfekt Ihre festlichen Momente und Feierlichkeiten zu jeder Jahreszeit. Im Herbst oder Winter wird er Ihre Pastagerichte wie Tagliatelle und Penne wunderbar begleiten. Dank seiner subtilen Aromen veredelt er Ihre besten Gefl\u00fcgelrezepte. Im Sommer passt er wunderbar zu Meeresfr\u00fcchteplatten und Krustentieren.<\/p>\n<div class=\"flex-1 overflow-hidden\">\n<div class=\"react-scroll-to-bottom--css-ixkpt-79elbk h-full\">\n<div class=\"react-scroll-to-bottom--css-ixkpt-1n7m0yu\">\n<div class=\"flex flex-col text-sm pb-9\">\n<div class=\"w-full text-token-text-primary\" data-testid=\"conversation-turn-69\">\n<div class=\"px-4 py-2 justify-center text-base md:gap-6 m-auto\">\n<div class=\"flex flex-1 text-base mx-auto gap-3 md:px-5 lg:px-1 xl:px-5 md:max-w-3xl lg:max-w-[40rem] xl:max-w-[48rem] group final-completion\">\n<div class=\"relative flex w-full flex-col agent-turn\">\n<div class=\"flex-col gap-1 md:gap-3\">\n<div class=\"flex flex-grow flex-col max-w-full\">\n<div class=\"min-h-[20px] text-message flex flex-col items-start gap-3 whitespace-pre-wrap break-words [.text-message+&amp;]:mt-5 overflow-x-auto\" data-message-author-role=\"assistant\" data-message-id=\"b6924a21-6563-43b4-b29c-133c1832ab06\">\n<div class=\"markdown prose w-full break-words dark:prose-invert light\"><\/div>\n<\/div>\n<\/div>\n<div class=\"mt-1 flex justify-start gap-3 empty:hidden\">\n<div class=\"text-gray-400 flex self-end lg:self-center items-center justify-center lg:justify-start mt-0 -ml-1 h-7 gap-[2px] visible\">\n<div class=\"flex\"><\/div>\n<\/div>\n<\/div>\n<div class=\"pr-2 lg:pr-0\"><\/div>\n<\/div>\n<div class=\"absolute\">\n<div class=\"flex w-full gap-2 items-center justify-center\"><\/div>\n<\/div>\n<\/div>\n<\/div>\n<\/div>\n<\/div>\n<\/div>\n<\/div>\n<\/div>\n<\/div>\n<div class=\"w-full pt-2 md:pt-0 dark:border-white\/20 md:border-transparent md:dark:border-transparent md:w-[calc(100%-.5rem)]\">\n<div class=\"relative flex h-full flex-1 flex-col\">\n<div class=\"absolute bottom-full left-0 right-0\"><\/div>\n<div class=\"flex w-full items-center\"><\/div>\n<\/div>\n<\/div>\n","protected":false},"excerpt":{"rendered":"<p>Mit seinem goldenen Kleid und seinen gl\u00e4nzenden Reflexen wird Sie der Wei\u00dfwein Lexis Kidonitsa auf den ersten Blick verf\u00fchren. In der Nase enth\u00fcllt er subtile Aromen von Quitte, Birne und Bergamotte. Im Mund enth\u00fcllt dieser Wein, der aus der seltenen Rebsorte &#8222;Kidonitsa&#8220; hergestellt wird, seine ganze Komplexit\u00e4t und Balance. Perfekt als Begleitung zu Meeresfr\u00fcchten, mediterranen Gerichten, Gefl\u00fcgel oder einfach nur gut gek\u00fchlt als Aperitif zu genie\u00dfen, ist der Lexis Kidonitsa ein wahrer Schatz, den es zu entdecken und zu genie\u00dfen gilt.<\/p>\n<p>&nbsp;<\/p>\n","protected":false},"featured_media":4555,"comment_status":"closed","ping_status":"closed","template":"","meta":[],"product_brand":[],"product_cat":[68,83,84],"product_tag":[],"class_list":{"0":"post-2663","1":"product","2":"type-product","3":"status-publish","4":"has-post-thumbnail","6":"product_cat-laden","7":"product_cat-weine","8":"product_cat-weiswein","10":"first","11":"outofstock","12":"taxable","13":"shipping-taxable","14":"purchasable","15":"product-type-simple"},"yoast_head":"<!-- This site is optimized with the Yoast SEO plugin v26.8 - https:\/\/yoast.com\/product\/yoast-seo-wordpress\/ -->\n<title>Trockener Wei\u00dfwein Lexis Kidonitsa - Weingut Zacharias - Ellados<\/title>\n<meta name=\"description\" content=\"In hellem Gelb gekleidet, wird Sie der Wei\u00dfwein Lexis Kidonitsa mit seinen subtilen Aromen von Quitte, Birne und Zitrusfr\u00fcchten verf\u00fchren. Eine Einladung zur Reise.\" \/>\n<meta name=\"robots\" content=\"index, follow, max-snippet:-1, max-image-preview:large, max-video-preview:-1\" \/>\n<link rel=\"canonical\" href=\"https:\/\/ellados-shop.com\/de\/laden\/weine\/weisswein-lexis-kidonitsa-zacharias-winery\/\" \/>\n<meta property=\"og:locale\" content=\"de_DE\" \/>\n<meta property=\"og:type\" content=\"article\" \/>\n<meta property=\"og:title\" content=\"Trockener Wei\u00dfwein Lexis Kidonitsa - Weingut Zacharias - Ellados\" \/>\n<meta property=\"og:description\" content=\"In hellem Gelb gekleidet, wird Sie der Wei\u00dfwein Lexis Kidonitsa mit seinen subtilen Aromen von Quitte, Birne und Zitrusfr\u00fcchten verf\u00fchren. Eine Einladung zur Reise.\" \/>\n<meta property=\"og:url\" content=\"https:\/\/ellados-shop.com\/de\/laden\/weine\/weisswein-lexis-kidonitsa-zacharias-winery\/\" \/>\n<meta property=\"og:site_name\" content=\"Ellados\" \/>\n<meta property=\"article:modified_time\" content=\"2024-07-17T13:15:30+00:00\" \/>\n<meta property=\"og:image\" content=\"https:\/\/ellados-shop.com\/wp-content\/uploads\/LEXIS-KIDONITSA.png\" \/>\n\t<meta property=\"og:image:width\" content=\"450\" \/>\n\t<meta property=\"og:image:height\" content=\"600\" \/>\n\t<meta property=\"og:image:type\" content=\"image\/png\" \/>\n<meta name=\"twitter:card\" content=\"summary_large_image\" \/>\n<meta name=\"twitter:label1\" content=\"Gesch\u00e4tzte Lesezeit\" \/>\n\t<meta name=\"twitter:data1\" content=\"2\u00a0Minuten\" \/>\n<script type=\"application\/ld+json\" class=\"yoast-schema-graph\">{\"@context\":\"https:\/\/schema.org\",\"@graph\":[{\"@type\":\"WebPage\",\"@id\":\"https:\/\/ellados-shop.com\/de\/laden\/weine\/weisswein-lexis-kidonitsa-zacharias-winery\/\",\"url\":\"https:\/\/ellados-shop.com\/de\/laden\/weine\/weisswein-lexis-kidonitsa-zacharias-winery\/\",\"name\":\"Trockener Wei\u00dfwein Lexis Kidonitsa - Weingut Zacharias - Ellados\",\"isPartOf\":{\"@id\":\"https:\/\/ellados-shop.com\/de\/#website\"},\"primaryImageOfPage\":{\"@id\":\"https:\/\/ellados-shop.com\/de\/laden\/weine\/weisswein-lexis-kidonitsa-zacharias-winery\/#primaryimage\"},\"image\":{\"@id\":\"https:\/\/ellados-shop.com\/de\/laden\/weine\/weisswein-lexis-kidonitsa-zacharias-winery\/#primaryimage\"},\"thumbnailUrl\":\"https:\/\/ellados-shop.com\/wp-content\/uploads\/LEXIS-KIDONITSA.png\",\"datePublished\":\"2024-03-29T00:05:03+00:00\",\"dateModified\":\"2024-07-17T13:15:30+00:00\",\"description\":\"In hellem Gelb gekleidet, wird Sie der Wei\u00dfwein Lexis Kidonitsa mit seinen subtilen Aromen von Quitte, Birne und Zitrusfr\u00fcchten verf\u00fchren. Eine Einladung zur Reise.\",\"breadcrumb\":{\"@id\":\"https:\/\/ellados-shop.com\/de\/laden\/weine\/weisswein-lexis-kidonitsa-zacharias-winery\/#breadcrumb\"},\"inLanguage\":\"de\",\"potentialAction\":[{\"@type\":\"ReadAction\",\"target\":[\"https:\/\/ellados-shop.com\/de\/laden\/weine\/weisswein-lexis-kidonitsa-zacharias-winery\/\"]}]},{\"@type\":\"ImageObject\",\"inLanguage\":\"de\",\"@id\":\"https:\/\/ellados-shop.com\/de\/laden\/weine\/weisswein-lexis-kidonitsa-zacharias-winery\/#primaryimage\",\"url\":\"https:\/\/ellados-shop.com\/wp-content\/uploads\/LEXIS-KIDONITSA.png\",\"contentUrl\":\"https:\/\/ellados-shop.com\/wp-content\/uploads\/LEXIS-KIDONITSA.png\",\"width\":450,\"height\":600,\"caption\":\"vin blanc grec\"},{\"@type\":\"BreadcrumbList\",\"@id\":\"https:\/\/ellados-shop.com\/de\/laden\/weine\/weisswein-lexis-kidonitsa-zacharias-winery\/#breadcrumb\",\"itemListElement\":[{\"@type\":\"ListItem\",\"position\":1,\"name\":\"Accueil\",\"item\":\"https:\/\/ellados-shop.com\/de\/accueil-v2\/\"},{\"@type\":\"ListItem\",\"position\":2,\"name\":\"Boutique\",\"item\":\"https:\/\/ellados-shop.com\/boutique\/\"},{\"@type\":\"ListItem\",\"position\":3,\"name\":\"Trockener Wei\u00dfwein Lexis Kidonitsa &#8211; Weingut Zacharias\"}]},{\"@type\":\"WebSite\",\"@id\":\"https:\/\/ellados-shop.com\/de\/#website\",\"url\":\"https:\/\/ellados-shop.com\/de\/\",\"name\":\"Ellados\",\"description\":\"\",\"potentialAction\":[{\"@type\":\"SearchAction\",\"target\":{\"@type\":\"EntryPoint\",\"urlTemplate\":\"https:\/\/ellados-shop.com\/de\/?s={search_term_string}\"},\"query-input\":{\"@type\":\"PropertyValueSpecification\",\"valueRequired\":true,\"valueName\":\"search_term_string\"}}],\"inLanguage\":\"de\"}]}<\/script>\n<!-- \/ Yoast SEO plugin. -->","yoast_head_json":{"title":"Trockener Wei\u00dfwein Lexis Kidonitsa - Weingut Zacharias - Ellados","description":"In hellem Gelb gekleidet, wird Sie der Wei\u00dfwein Lexis Kidonitsa mit seinen subtilen Aromen von Quitte, Birne und Zitrusfr\u00fcchten verf\u00fchren. Eine Einladung zur Reise.","robots":{"index":"index","follow":"follow","max-snippet":"max-snippet:-1","max-image-preview":"max-image-preview:large","max-video-preview":"max-video-preview:-1"},"canonical":"https:\/\/ellados-shop.com\/de\/laden\/weine\/weisswein-lexis-kidonitsa-zacharias-winery\/","og_locale":"de_DE","og_type":"article","og_title":"Trockener Wei\u00dfwein Lexis Kidonitsa - Weingut Zacharias - Ellados","og_description":"In hellem Gelb gekleidet, wird Sie der Wei\u00dfwein Lexis Kidonitsa mit seinen subtilen Aromen von Quitte, Birne und Zitrusfr\u00fcchten verf\u00fchren. Eine Einladung zur Reise.","og_url":"https:\/\/ellados-shop.com\/de\/laden\/weine\/weisswein-lexis-kidonitsa-zacharias-winery\/","og_site_name":"Ellados","article_modified_time":"2024-07-17T13:15:30+00:00","og_image":[{"width":450,"height":600,"url":"https:\/\/ellados-shop.com\/wp-content\/uploads\/LEXIS-KIDONITSA.png","type":"image\/png"}],"twitter_card":"summary_large_image","twitter_misc":{"Gesch\u00e4tzte Lesezeit":"2\u00a0Minuten"},"schema":{"@context":"https:\/\/schema.org","@graph":[{"@type":"WebPage","@id":"https:\/\/ellados-shop.com\/de\/laden\/weine\/weisswein-lexis-kidonitsa-zacharias-winery\/","url":"https:\/\/ellados-shop.com\/de\/laden\/weine\/weisswein-lexis-kidonitsa-zacharias-winery\/","name":"Trockener Wei\u00dfwein Lexis Kidonitsa - Weingut Zacharias - Ellados","isPartOf":{"@id":"https:\/\/ellados-shop.com\/de\/#website"},"primaryImageOfPage":{"@id":"https:\/\/ellados-shop.com\/de\/laden\/weine\/weisswein-lexis-kidonitsa-zacharias-winery\/#primaryimage"},"image":{"@id":"https:\/\/ellados-shop.com\/de\/laden\/weine\/weisswein-lexis-kidonitsa-zacharias-winery\/#primaryimage"},"thumbnailUrl":"https:\/\/ellados-shop.com\/wp-content\/uploads\/LEXIS-KIDONITSA.png","datePublished":"2024-03-29T00:05:03+00:00","dateModified":"2024-07-17T13:15:30+00:00","description":"In hellem Gelb gekleidet, wird Sie der Wei\u00dfwein Lexis Kidonitsa mit seinen subtilen Aromen von Quitte, Birne und Zitrusfr\u00fcchten verf\u00fchren. Eine Einladung zur Reise.","breadcrumb":{"@id":"https:\/\/ellados-shop.com\/de\/laden\/weine\/weisswein-lexis-kidonitsa-zacharias-winery\/#breadcrumb"},"inLanguage":"de","potentialAction":[{"@type":"ReadAction","target":["https:\/\/ellados-shop.com\/de\/laden\/weine\/weisswein-lexis-kidonitsa-zacharias-winery\/"]}]},{"@type":"ImageObject","inLanguage":"de","@id":"https:\/\/ellados-shop.com\/de\/laden\/weine\/weisswein-lexis-kidonitsa-zacharias-winery\/#primaryimage","url":"https:\/\/ellados-shop.com\/wp-content\/uploads\/LEXIS-KIDONITSA.png","contentUrl":"https:\/\/ellados-shop.com\/wp-content\/uploads\/LEXIS-KIDONITSA.png","width":450,"height":600,"caption":"vin blanc grec"},{"@type":"BreadcrumbList","@id":"https:\/\/ellados-shop.com\/de\/laden\/weine\/weisswein-lexis-kidonitsa-zacharias-winery\/#breadcrumb","itemListElement":[{"@type":"ListItem","position":1,"name":"Accueil","item":"https:\/\/ellados-shop.com\/de\/accueil-v2\/"},{"@type":"ListItem","position":2,"name":"Boutique","item":"https:\/\/ellados-shop.com\/boutique\/"},{"@type":"ListItem","position":3,"name":"Trockener Wei\u00dfwein Lexis Kidonitsa &#8211; Weingut Zacharias"}]},{"@type":"WebSite","@id":"https:\/\/ellados-shop.com\/de\/#website","url":"https:\/\/ellados-shop.com\/de\/","name":"Ellados","description":"","potentialAction":[{"@type":"SearchAction","target":{"@type":"EntryPoint","urlTemplate":"https:\/\/ellados-shop.com\/de\/?s={search_term_string}"},"query-input":{"@type":"PropertyValueSpecification","valueRequired":true,"valueName":"search_term_string"}}],"inLanguage":"de"}]}},"_links":{"self":[{"href":"https:\/\/ellados-shop.com\/de\/wp-json\/wp\/v2\/product\/2663","targetHints":{"allow":["GET"]}}],"collection":[{"href":"https:\/\/ellados-shop.com\/de\/wp-json\/wp\/v2\/product"}],"about":[{"href":"https:\/\/ellados-shop.com\/de\/wp-json\/wp\/v2\/types\/product"}],"replies":[{"embeddable":true,"href":"https:\/\/ellados-shop.com\/de\/wp-json\/wp\/v2\/comments?post=2663"}],"wp:featuredmedia":[{"embeddable":true,"href":"https:\/\/ellados-shop.com\/de\/wp-json\/wp\/v2\/media\/4555"}],"wp:attachment":[{"href":"https:\/\/ellados-shop.com\/de\/wp-json\/wp\/v2\/media?parent=2663"}],"wp:term":[{"taxonomy":"product_brand","embeddable":true,"href":"https:\/\/ellados-shop.com\/de\/wp-json\/wp\/v2\/product_brand?post=2663"},{"taxonomy":"product_cat","embeddable":true,"href":"https:\/\/ellados-shop.com\/de\/wp-json\/wp\/v2\/product_cat?post=2663"},{"taxonomy":"product_tag","embeddable":true,"href":"https:\/\/ellados-shop.com\/de\/wp-json\/wp\/v2\/product_tag?post=2663"}],"curies":[{"name":"wp","href":"https:\/\/api.w.org\/{rel}","templated":true}]}}