{"id":2664,"date":"2024-03-28T11:29:14","date_gmt":"2024-03-28T10:29:14","guid":{"rendered":"https:\/\/ellados-shop.com\/unkategorisiert\/weisswein-igp-mati-fortuna-astir-x-winery\/"},"modified":"2024-12-28T19:23:45","modified_gmt":"2024-12-28T18:23:45","slug":"weisswein-igp-mati-fortuna-astir-x-winery","status":"publish","type":"product","link":"https:\/\/ellados-shop.com\/de\/laden\/weisswein-igp-mati-fortuna-astir-x-winery\/","title":{"rendered":"Trockener Wei\u00dfwein &#8211; Mati Fortuna &#8211; 2023 &#8211; Astir X Winery"},"content":{"rendered":"<p>Tauchen Sie ein in ein exquisites sensorisches Erlebnis mit dem trockenen Wei\u00dfwein IGP &#8211; Mati Fortuna. Eine aufregende Kreation des renommierten Astir X Winery. Vangelis, Stathis, Stelios und Vangelis \u00fcbertragen den Charakter ihrer Weine auf die griechischen Rebsorten, die seit 1930 auf den <a href=\"https:\/\/ellados-shop.com\/actualites\/decouvrez-les-vins-grecs-originaires-du-peloponnese\/\">heiligen B\u00f6den des Peloponnes <\/a> von ihren Vorfahren angebaut werden. Die Weinkollektion Mati Fortuna, w\u00f6rtlich &#8222;Das segnende Auge&#8220;, repr\u00e4sentiert die Vereinigung einheimischer Rebsorten Griechenlands mit Rebsorten aus der ganzen Welt. In der Tat ist dieser Wei\u00dfwein das Ergebnis jahrhundertealter Handwerkskunst und des Fachwissens des renommierten Hauses Astir, bekannt f\u00fcr seine Qualit\u00e4t und sein Engagement f\u00fcr Exzellenz. Der Mati Fortuna Wei\u00dfwein ist ein intensiv aromatischer Wein. Er zeichnet sich durch Noten von Zitrusfr\u00fcchten und Melone, Rose und Zitronenbl\u00fcte aus. Er erm\u00f6glicht es Ihnen, die Verschmelzung der Rebsorten Moschofilero und Chardonnay zu genie\u00dfen. Seine S\u00e4ure ist gut ausbalanciert, und der Wein wird Ihnen ein Gef\u00fchl von Frische im Nachgeschmack verleihen. Der trockene Wei\u00dfwein Mati Fortuna ist der ideale Begleiter f\u00fcr Ihre besonderen Momente. Er wird Ihre G\u00e4ste begeistern, sei es bei einem Aperitif mit Freunden, einem romantischen Abendessen zu zweit oder einem Abend unter den Sternen. Der Mati Fortuna Blanc passt hervorragend zu Pasta-Gerichten mit Meeresfr\u00fcchten, karamellisierten Gem\u00fcsen oder wei\u00dfem Fleisch. W\u00e4hrend der w\u00e4rmeren Perioden servieren Sie diesen angenehmen Wein am besten mit einer Vielzahl von k\u00f6stlichen Meeresfr\u00fcchten. Seine subtilen Aromen werden Ihre leichten und sonnigen Salate mit zarter Raffinesse bereichern. Er wird perfekt zu einer Auswahl an K\u00e4sesorten oder einem Obstsala\u021b passen, um das Essen abzurunden. &nbsp;<\/p>\n<p>&nbsp;<\/p>\n","protected":false},"excerpt":{"rendered":"<p>Trockener Wei\u00dfwein, Ergebnis der perfekten Vereinigung der Rebsorten Moschofilero und Chardonnay. Dieser Wein ist als <strong>IGP Peloponnes<\/strong> klassifiziert. Lassen Sie sich von seinem intensiven Bouquet aus <strong>Zitrusfr\u00fcchten,<\/strong> <strong>Melone<\/strong>, Rose und <strong>Zitronenbl\u00fcte<\/strong> \u00fcberraschen. Gut gek\u00fchlt servieren.   <\/p>\n","protected":false},"featured_media":6137,"comment_status":"closed","ping_status":"closed","template":"","meta":[],"product_brand":[],"product_cat":[68,83,84],"product_tag":[],"class_list":{"0":"post-2664","1":"product","2":"type-product","3":"status-publish","4":"has-post-thumbnail","6":"product_cat-laden","7":"product_cat-weine","8":"product_cat-weiswein","10":"first","11":"outofstock","12":"taxable","13":"shipping-taxable","14":"purchasable","15":"product-type-simple"},"yoast_head":"<!-- This site is optimized with the Yoast SEO plugin v26.8 - https:\/\/yoast.com\/product\/yoast-seo-wordpress\/ -->\n<title>Wei\u00dfwein IGP Mati Fortuna - Astir X Winery - Ellados<\/title>\n<meta name=\"description\" content=\"Dieser trockene Wei\u00dfwein Mati Fortuna ist der ideale Begleiter f\u00fcr Ihre Aperitifs mit Freunden, ein romantisches Abendessen zu zweit oder einen Abend unter den Sternen.\" \/>\n<meta name=\"robots\" content=\"index, follow, max-snippet:-1, max-image-preview:large, max-video-preview:-1\" \/>\n<link rel=\"canonical\" href=\"https:\/\/ellados-shop.com\/de\/laden\/weisswein-igp-mati-fortuna-astir-x-winery\/\" \/>\n<meta property=\"og:locale\" content=\"de_DE\" \/>\n<meta property=\"og:type\" content=\"article\" \/>\n<meta property=\"og:title\" content=\"Wei\u00dfwein IGP Mati Fortuna - Astir X Winery - Ellados\" \/>\n<meta property=\"og:description\" content=\"Dieser trockene Wei\u00dfwein Mati Fortuna ist der ideale Begleiter f\u00fcr Ihre Aperitifs mit Freunden, ein romantisches Abendessen zu zweit oder einen Abend unter den Sternen.\" \/>\n<meta property=\"og:url\" content=\"https:\/\/ellados-shop.com\/de\/laden\/weisswein-igp-mati-fortuna-astir-x-winery\/\" \/>\n<meta property=\"og:site_name\" content=\"Ellados\" \/>\n<meta property=\"article:modified_time\" content=\"2024-12-28T18:23:45+00:00\" \/>\n<meta property=\"og:image\" content=\"https:\/\/ellados-shop.com\/wp-content\/uploads\/MATI-FORTUNA-BLANC-1.png\" \/>\n\t<meta property=\"og:image:width\" content=\"450\" \/>\n\t<meta property=\"og:image:height\" content=\"600\" \/>\n\t<meta property=\"og:image:type\" content=\"image\/png\" \/>\n<meta name=\"twitter:card\" content=\"summary_large_image\" \/>\n<meta name=\"twitter:label1\" content=\"Gesch\u00e4tzte Lesezeit\" \/>\n\t<meta name=\"twitter:data1\" content=\"2\u00a0Minuten\" \/>\n<script type=\"application\/ld+json\" class=\"yoast-schema-graph\">{\"@context\":\"https:\/\/schema.org\",\"@graph\":[{\"@type\":\"WebPage\",\"@id\":\"https:\/\/ellados-shop.com\/de\/laden\/weisswein-igp-mati-fortuna-astir-x-winery\/\",\"url\":\"https:\/\/ellados-shop.com\/de\/laden\/weisswein-igp-mati-fortuna-astir-x-winery\/\",\"name\":\"Wei\u00dfwein IGP Mati Fortuna - Astir X Winery - Ellados\",\"isPartOf\":{\"@id\":\"https:\/\/ellados-shop.com\/de\/#website\"},\"primaryImageOfPage\":{\"@id\":\"https:\/\/ellados-shop.com\/de\/laden\/weisswein-igp-mati-fortuna-astir-x-winery\/#primaryimage\"},\"image\":{\"@id\":\"https:\/\/ellados-shop.com\/de\/laden\/weisswein-igp-mati-fortuna-astir-x-winery\/#primaryimage\"},\"thumbnailUrl\":\"https:\/\/ellados-shop.com\/wp-content\/uploads\/vin-blanc-grec-7.png\",\"datePublished\":\"2024-03-28T10:29:14+00:00\",\"dateModified\":\"2024-12-28T18:23:45+00:00\",\"description\":\"Dieser trockene Wei\u00dfwein Mati Fortuna ist der ideale Begleiter f\u00fcr Ihre Aperitifs mit Freunden, ein romantisches Abendessen zu zweit oder einen Abend unter den Sternen.\",\"breadcrumb\":{\"@id\":\"https:\/\/ellados-shop.com\/de\/laden\/weisswein-igp-mati-fortuna-astir-x-winery\/#breadcrumb\"},\"inLanguage\":\"de\",\"potentialAction\":[{\"@type\":\"ReadAction\",\"target\":[\"https:\/\/ellados-shop.com\/de\/laden\/weisswein-igp-mati-fortuna-astir-x-winery\/\"]}]},{\"@type\":\"ImageObject\",\"inLanguage\":\"de\",\"@id\":\"https:\/\/ellados-shop.com\/de\/laden\/weisswein-igp-mati-fortuna-astir-x-winery\/#primaryimage\",\"url\":\"https:\/\/ellados-shop.com\/wp-content\/uploads\/vin-blanc-grec-7.png\",\"contentUrl\":\"https:\/\/ellados-shop.com\/wp-content\/uploads\/vin-blanc-grec-7.png\",\"width\":450,\"height\":450,\"caption\":\"vin blanc grec\"},{\"@type\":\"BreadcrumbList\",\"@id\":\"https:\/\/ellados-shop.com\/de\/laden\/weisswein-igp-mati-fortuna-astir-x-winery\/#breadcrumb\",\"itemListElement\":[{\"@type\":\"ListItem\",\"position\":1,\"name\":\"Accueil\",\"item\":\"https:\/\/ellados-shop.com\/de\/accueil-v2\/\"},{\"@type\":\"ListItem\",\"position\":2,\"name\":\"Boutique\",\"item\":\"https:\/\/ellados-shop.com\/boutique\/\"},{\"@type\":\"ListItem\",\"position\":3,\"name\":\"Trockener Wei\u00dfwein &#8211; Mati Fortuna &#8211; 2023 &#8211; Astir X Winery\"}]},{\"@type\":\"WebSite\",\"@id\":\"https:\/\/ellados-shop.com\/de\/#website\",\"url\":\"https:\/\/ellados-shop.com\/de\/\",\"name\":\"Ellados\",\"description\":\"\",\"potentialAction\":[{\"@type\":\"SearchAction\",\"target\":{\"@type\":\"EntryPoint\",\"urlTemplate\":\"https:\/\/ellados-shop.com\/de\/?s={search_term_string}\"},\"query-input\":{\"@type\":\"PropertyValueSpecification\",\"valueRequired\":true,\"valueName\":\"search_term_string\"}}],\"inLanguage\":\"de\"}]}<\/script>\n<!-- \/ Yoast SEO plugin. -->","yoast_head_json":{"title":"Wei\u00dfwein IGP Mati Fortuna - Astir X Winery - Ellados","description":"Dieser trockene Wei\u00dfwein Mati Fortuna ist der ideale Begleiter f\u00fcr Ihre Aperitifs mit Freunden, ein romantisches Abendessen zu zweit oder einen Abend unter den Sternen.","robots":{"index":"index","follow":"follow","max-snippet":"max-snippet:-1","max-image-preview":"max-image-preview:large","max-video-preview":"max-video-preview:-1"},"canonical":"https:\/\/ellados-shop.com\/de\/laden\/weisswein-igp-mati-fortuna-astir-x-winery\/","og_locale":"de_DE","og_type":"article","og_title":"Wei\u00dfwein IGP Mati Fortuna - Astir X Winery - Ellados","og_description":"Dieser trockene Wei\u00dfwein Mati Fortuna ist der ideale Begleiter f\u00fcr Ihre Aperitifs mit Freunden, ein romantisches Abendessen zu zweit oder einen Abend unter den Sternen.","og_url":"https:\/\/ellados-shop.com\/de\/laden\/weisswein-igp-mati-fortuna-astir-x-winery\/","og_site_name":"Ellados","article_modified_time":"2024-12-28T18:23:45+00:00","og_image":[{"width":450,"height":600,"url":"https:\/\/ellados-shop.com\/wp-content\/uploads\/MATI-FORTUNA-BLANC-1.png","type":"image\/png"}],"twitter_card":"summary_large_image","twitter_misc":{"Gesch\u00e4tzte Lesezeit":"2\u00a0Minuten"},"schema":{"@context":"https:\/\/schema.org","@graph":[{"@type":"WebPage","@id":"https:\/\/ellados-shop.com\/de\/laden\/weisswein-igp-mati-fortuna-astir-x-winery\/","url":"https:\/\/ellados-shop.com\/de\/laden\/weisswein-igp-mati-fortuna-astir-x-winery\/","name":"Wei\u00dfwein IGP Mati Fortuna - Astir X Winery - Ellados","isPartOf":{"@id":"https:\/\/ellados-shop.com\/de\/#website"},"primaryImageOfPage":{"@id":"https:\/\/ellados-shop.com\/de\/laden\/weisswein-igp-mati-fortuna-astir-x-winery\/#primaryimage"},"image":{"@id":"https:\/\/ellados-shop.com\/de\/laden\/weisswein-igp-mati-fortuna-astir-x-winery\/#primaryimage"},"thumbnailUrl":"https:\/\/ellados-shop.com\/wp-content\/uploads\/vin-blanc-grec-7.png","datePublished":"2024-03-28T10:29:14+00:00","dateModified":"2024-12-28T18:23:45+00:00","description":"Dieser trockene Wei\u00dfwein Mati Fortuna ist der ideale Begleiter f\u00fcr Ihre Aperitifs mit Freunden, ein romantisches Abendessen zu zweit oder einen Abend unter den Sternen.","breadcrumb":{"@id":"https:\/\/ellados-shop.com\/de\/laden\/weisswein-igp-mati-fortuna-astir-x-winery\/#breadcrumb"},"inLanguage":"de","potentialAction":[{"@type":"ReadAction","target":["https:\/\/ellados-shop.com\/de\/laden\/weisswein-igp-mati-fortuna-astir-x-winery\/"]}]},{"@type":"ImageObject","inLanguage":"de","@id":"https:\/\/ellados-shop.com\/de\/laden\/weisswein-igp-mati-fortuna-astir-x-winery\/#primaryimage","url":"https:\/\/ellados-shop.com\/wp-content\/uploads\/vin-blanc-grec-7.png","contentUrl":"https:\/\/ellados-shop.com\/wp-content\/uploads\/vin-blanc-grec-7.png","width":450,"height":450,"caption":"vin blanc grec"},{"@type":"BreadcrumbList","@id":"https:\/\/ellados-shop.com\/de\/laden\/weisswein-igp-mati-fortuna-astir-x-winery\/#breadcrumb","itemListElement":[{"@type":"ListItem","position":1,"name":"Accueil","item":"https:\/\/ellados-shop.com\/de\/accueil-v2\/"},{"@type":"ListItem","position":2,"name":"Boutique","item":"https:\/\/ellados-shop.com\/boutique\/"},{"@type":"ListItem","position":3,"name":"Trockener Wei\u00dfwein &#8211; Mati Fortuna &#8211; 2023 &#8211; Astir X Winery"}]},{"@type":"WebSite","@id":"https:\/\/ellados-shop.com\/de\/#website","url":"https:\/\/ellados-shop.com\/de\/","name":"Ellados","description":"","potentialAction":[{"@type":"SearchAction","target":{"@type":"EntryPoint","urlTemplate":"https:\/\/ellados-shop.com\/de\/?s={search_term_string}"},"query-input":{"@type":"PropertyValueSpecification","valueRequired":true,"valueName":"search_term_string"}}],"inLanguage":"de"}]}},"_links":{"self":[{"href":"https:\/\/ellados-shop.com\/de\/wp-json\/wp\/v2\/product\/2664","targetHints":{"allow":["GET"]}}],"collection":[{"href":"https:\/\/ellados-shop.com\/de\/wp-json\/wp\/v2\/product"}],"about":[{"href":"https:\/\/ellados-shop.com\/de\/wp-json\/wp\/v2\/types\/product"}],"replies":[{"embeddable":true,"href":"https:\/\/ellados-shop.com\/de\/wp-json\/wp\/v2\/comments?post=2664"}],"wp:featuredmedia":[{"embeddable":true,"href":"https:\/\/ellados-shop.com\/de\/wp-json\/wp\/v2\/media\/6137"}],"wp:attachment":[{"href":"https:\/\/ellados-shop.com\/de\/wp-json\/wp\/v2\/media?parent=2664"}],"wp:term":[{"taxonomy":"product_brand","embeddable":true,"href":"https:\/\/ellados-shop.com\/de\/wp-json\/wp\/v2\/product_brand?post=2664"},{"taxonomy":"product_cat","embeddable":true,"href":"https:\/\/ellados-shop.com\/de\/wp-json\/wp\/v2\/product_cat?post=2664"},{"taxonomy":"product_tag","embeddable":true,"href":"https:\/\/ellados-shop.com\/de\/wp-json\/wp\/v2\/product_tag?post=2664"}],"curies":[{"name":"wp","href":"https:\/\/api.w.org\/{rel}","templated":true}]}}