{"id":2684,"date":"2024-03-29T02:47:14","date_gmt":"2024-03-29T01:47:14","guid":{"rendered":"https:\/\/ellados-shop.com\/unkategorisiert\/rosewein-lexis-gris-sur-lie-zacharias-winery\/"},"modified":"2026-04-07T10:02:20","modified_gmt":"2026-04-07T08:02:20","slug":"rosewein-lexis-gris-sur-lie-zacharias-winery","status":"publish","type":"product","link":"https:\/\/ellados-shop.com\/de\/laden\/weine\/rosewein\/rosewein-lexis-gris-sur-lie-zacharias-winery\/","title":{"rendered":"Ros\u00e9wein &#8211; Lexis Gris \u201esur Lie\u201c &#8211; 2022 &#8211; Zacharias Winery"},"content":{"rendered":"<p>Entdecken Sie den erfrischenden Charme des Ros\u00e9weins Lexis Gris von Zacharias Winery, eine wahre Ode an Finesse und Eleganz. Das <a href=\"https:\/\/ellados-shop.com\/actualites\/decouvrez-les-tresors-viticoles-du-peloponnese\/\">Weingut Zacharias<\/a> gilt als eines der \u00e4ltesten in der Nemea-Appellation.&#8220; Es befindet sich in der N\u00e4he von Korinth und Nafplion. Seine Weinberge erstrecken sich \u00fcber 40 Hektar. L&#8217;agriculture biologique occupe une part importante du vignoble. Die Kunst der Weinherstellung ist f\u00fcr das Weingut Zacharias mehr als nur eine Leidenschaft. Der Ros\u00e9wein Lexis Gris &#8222;Sur Lie&#8220; besteht aus der Rebsorte Moschofilero. Die explosiven und k\u00f6stlichen Aromen von Erdbeere, Rose, Orangenbl\u00fcte und wei\u00dfer Kirsche pr\u00e4gen das Geschmacksprofil dieses Weins. Im Nachgeschmack entdecken Sie Noten von Mandarine und einen Hauch von Pfirsichzeste. LLexis Gris &#8222;Sur Lie&#8220; ist von einer erfrischenden S\u00fc\u00dfe. Dieser Wein eignet sich ideal f\u00fcr einen sch\u00f6nen Sommerabend mit Freunden, einen mediterranen Aperitif-Dinner, eine Feier mit Kollegen oder ein sonnt\u00e4gliches Grillen mit der Familie. Er passt herrlich zu Mezzes, Krustentiersalaten, zarten Fischgerichten, griechischen Salaten, Taboul\u00e9s und sonnigen Aromen. Dennoch sollten Sie diesen Wein nicht ausschlie\u00dflich f\u00fcr den Sommer reservieren. Denken Sie daran, ihn bei Ihren gem\u00fctlichen Abendessen anzubieten, um Risottos und Nudelgerichte mit Sauce zu begleiten. Reservieren Sie diesen Wein nicht ausschlie\u00dflich f\u00fcr Sommermomente, er passt auch perfekt im Herbst zu Risottos, frischen Salaten oder delikatem Fisch. Und um Ihre Freunde zu \u00fcberraschen, seien Sie kreativ und verleihen Sie Ihren Cocktails und Granitas eine Prise Lexis Gris &#8222;Sur Lie&#8220;. So wird dieser Wein Ihre s\u00fc\u00dfen Momente den ganzen Sommer \u00fcber erfrischen.<\/p>\n","protected":false},"excerpt":{"rendered":"<div class=\"w-full text-token-text-primary\" data-testid=\"conversation-turn-45\">\n<div class=\"px-4 py-2 justify-center text-base md:gap-6 m-auto\">\n<div class=\"flex flex-1 text-base mx-auto gap-3 md:px-5 lg:px-1 xl:px-5 md:max-w-3xl lg:max-w-[40rem] xl:max-w-[48rem] group\">\n<div class=\"relative flex w-full flex-col agent-turn\">\n<div class=\"flex-col gap-1 md:gap-3\">\n<div class=\"flex flex-grow flex-col max-w-full\">\n<div class=\"min-h-[20px] text-message flex flex-col items-start gap-3 whitespace-pre-wrap break-words [.text-message+&amp;]:mt-5 overflow-x-auto\" data-message-author-role=\"assistant\" data-message-id=\"ab0ee864-5424-454c-8c41-a7fefe1f03ad\">\n<div class=\"markdown prose w-full break-words dark:prose-invert light\"> Dieser Ros\u00e9wein ist perfekt <strong>ausgewogen<\/strong> und <strong>erfrischend<\/strong>. Entdecken Sie seine subtilen Aromen von roten Fr\u00fcchten, <strong>Grapefruit<\/strong> und <strong>Fr\u00fchlingsblumen.<\/strong> Er passt hervorragend zu Ihren Risottos, leichten Fischgerichten oder Salaten und kann auch die ideale Zutat f\u00fcr Ihre <strong>Granit\u00e9s<\/strong> oder <strong>Cocktails<\/strong> sein. <\/p>\n<\/div>\n<\/div>\n<\/div>\n<\/div>\n<div class=\"absolute\">\n<div class=\"flex w-full gap-2 items-center justify-center\"><\/div>\n<\/div>\n<\/div>\n<\/div>\n<\/div>\n<\/div>\n<div class=\"w-full text-token-text-primary\" data-testid=\"conversation-turn-46\">\n<div class=\"px-4 py-2 justify-center text-base md:gap-6 m-auto\">\n<div class=\"flex flex-1 text-base mx-auto gap-3 md:px-5 lg:px-1 xl:px-5 md:max-w-3xl lg:max-w-[40rem] xl:max-w-[48rem] group\">\n<div class=\"flex-shrink-0 flex flex-col relative items-end\">\n<div>\n<div class=\"pt-0.5\">\n<div class=\"gizmo-shadow-stroke flex h-6 w-6 items-center justify-center overflow-hidden rounded-full\"><\/div>\n<\/div>\n<\/div>\n<\/div>\n<\/div>\n<\/div>\n<\/div>\n<p>&nbsp;<\/p>\n<p>&nbsp;<\/p>\n","protected":false},"featured_media":6149,"comment_status":"closed","ping_status":"closed","template":"","meta":[],"product_brand":[],"product_cat":[68,83,85],"product_tag":[],"class_list":{"0":"post-2684","1":"product","2":"type-product","3":"status-publish","4":"has-post-thumbnail","6":"product_cat-laden","7":"product_cat-weine","8":"product_cat-rosewein","10":"first","11":"instock","12":"taxable","13":"shipping-taxable","14":"purchasable","15":"product-type-simple"},"yoast_head":"<!-- This site is optimized with the Yoast SEO plugin v26.8 - https:\/\/yoast.com\/product\/yoast-seo-wordpress\/ -->\n<title>Rosewein - Lexis Gris &quot;Sur Lie&quot; - Zacharias Weingut - Ellados<\/title>\n<meta name=\"description\" content=\"Lexis Gris &quot;Sur Lie&quot; ist ein frischer, eleganter Ros\u00e9wein mit k\u00f6stlichen Aromen von Sommerfr\u00fcchten und einigen floralen Noten. Mit Freunden genie\u00dfen !\" \/>\n<meta name=\"robots\" content=\"index, follow, max-snippet:-1, max-image-preview:large, max-video-preview:-1\" \/>\n<link rel=\"canonical\" href=\"https:\/\/ellados-shop.com\/de\/laden\/weine\/rosewein\/rosewein-lexis-gris-sur-lie-zacharias-winery\/\" \/>\n<meta property=\"og:locale\" content=\"de_DE\" \/>\n<meta property=\"og:type\" content=\"article\" \/>\n<meta property=\"og:title\" content=\"Rosewein - Lexis Gris &quot;Sur Lie&quot; - Zacharias Weingut - Ellados\" \/>\n<meta property=\"og:description\" content=\"Lexis Gris &quot;Sur Lie&quot; ist ein frischer, eleganter Ros\u00e9wein mit k\u00f6stlichen Aromen von Sommerfr\u00fcchten und einigen floralen Noten. Mit Freunden genie\u00dfen !\" \/>\n<meta property=\"og:url\" content=\"https:\/\/ellados-shop.com\/de\/laden\/weine\/rosewein\/rosewein-lexis-gris-sur-lie-zacharias-winery\/\" \/>\n<meta property=\"og:site_name\" content=\"Ellados\" \/>\n<meta property=\"article:modified_time\" content=\"2026-04-07T08:02:20+00:00\" \/>\n<meta property=\"og:image\" content=\"https:\/\/ellados-shop.com\/wp-content\/uploads\/vin-rose-grec-3.png\" \/>\n\t<meta property=\"og:image:width\" content=\"450\" \/>\n\t<meta property=\"og:image:height\" content=\"450\" \/>\n\t<meta property=\"og:image:type\" content=\"image\/png\" \/>\n<meta name=\"twitter:card\" content=\"summary_large_image\" \/>\n<meta name=\"twitter:label1\" content=\"Gesch\u00e4tzte Lesezeit\" \/>\n\t<meta name=\"twitter:data1\" content=\"2\u00a0Minuten\" \/>\n<script type=\"application\/ld+json\" class=\"yoast-schema-graph\">{\"@context\":\"https:\/\/schema.org\",\"@graph\":[{\"@type\":\"WebPage\",\"@id\":\"https:\/\/ellados-shop.com\/de\/laden\/weine\/rosewein\/rosewein-lexis-gris-sur-lie-zacharias-winery\/\",\"url\":\"https:\/\/ellados-shop.com\/de\/laden\/weine\/rosewein\/rosewein-lexis-gris-sur-lie-zacharias-winery\/\",\"name\":\"Rosewein - Lexis Gris \\\"Sur Lie\\\" - Zacharias Weingut - Ellados\",\"isPartOf\":{\"@id\":\"https:\/\/ellados-shop.com\/de\/#website\"},\"primaryImageOfPage\":{\"@id\":\"https:\/\/ellados-shop.com\/de\/laden\/weine\/rosewein\/rosewein-lexis-gris-sur-lie-zacharias-winery\/#primaryimage\"},\"image\":{\"@id\":\"https:\/\/ellados-shop.com\/de\/laden\/weine\/rosewein\/rosewein-lexis-gris-sur-lie-zacharias-winery\/#primaryimage\"},\"thumbnailUrl\":\"https:\/\/ellados-shop.com\/wp-content\/uploads\/vin-rose-grec-3.png\",\"datePublished\":\"2024-03-29T01:47:14+00:00\",\"dateModified\":\"2026-04-07T08:02:20+00:00\",\"description\":\"Lexis Gris \\\"Sur Lie\\\" ist ein frischer, eleganter Ros\u00e9wein mit k\u00f6stlichen Aromen von Sommerfr\u00fcchten und einigen floralen Noten. Mit Freunden genie\u00dfen !\",\"breadcrumb\":{\"@id\":\"https:\/\/ellados-shop.com\/de\/laden\/weine\/rosewein\/rosewein-lexis-gris-sur-lie-zacharias-winery\/#breadcrumb\"},\"inLanguage\":\"de\",\"potentialAction\":[{\"@type\":\"ReadAction\",\"target\":[\"https:\/\/ellados-shop.com\/de\/laden\/weine\/rosewein\/rosewein-lexis-gris-sur-lie-zacharias-winery\/\"]}]},{\"@type\":\"ImageObject\",\"inLanguage\":\"de\",\"@id\":\"https:\/\/ellados-shop.com\/de\/laden\/weine\/rosewein\/rosewein-lexis-gris-sur-lie-zacharias-winery\/#primaryimage\",\"url\":\"https:\/\/ellados-shop.com\/wp-content\/uploads\/vin-rose-grec-3.png\",\"contentUrl\":\"https:\/\/ellados-shop.com\/wp-content\/uploads\/vin-rose-grec-3.png\",\"width\":450,\"height\":450,\"caption\":\"vin rose grec\"},{\"@type\":\"BreadcrumbList\",\"@id\":\"https:\/\/ellados-shop.com\/de\/laden\/weine\/rosewein\/rosewein-lexis-gris-sur-lie-zacharias-winery\/#breadcrumb\",\"itemListElement\":[{\"@type\":\"ListItem\",\"position\":1,\"name\":\"Accueil\",\"item\":\"https:\/\/ellados-shop.com\/de\/accueil-v2\/\"},{\"@type\":\"ListItem\",\"position\":2,\"name\":\"Boutique\",\"item\":\"https:\/\/ellados-shop.com\/boutique\/\"},{\"@type\":\"ListItem\",\"position\":3,\"name\":\"Ros\u00e9wein &#8211; Lexis Gris \u201esur Lie\u201c &#8211; 2022 &#8211; Zacharias Winery\"}]},{\"@type\":\"WebSite\",\"@id\":\"https:\/\/ellados-shop.com\/de\/#website\",\"url\":\"https:\/\/ellados-shop.com\/de\/\",\"name\":\"Ellados\",\"description\":\"\",\"potentialAction\":[{\"@type\":\"SearchAction\",\"target\":{\"@type\":\"EntryPoint\",\"urlTemplate\":\"https:\/\/ellados-shop.com\/de\/?s={search_term_string}\"},\"query-input\":{\"@type\":\"PropertyValueSpecification\",\"valueRequired\":true,\"valueName\":\"search_term_string\"}}],\"inLanguage\":\"de\"}]}<\/script>\n<!-- \/ Yoast SEO plugin. -->","yoast_head_json":{"title":"Rosewein - Lexis Gris \"Sur Lie\" - Zacharias Weingut - Ellados","description":"Lexis Gris \"Sur Lie\" ist ein frischer, eleganter Ros\u00e9wein mit k\u00f6stlichen Aromen von Sommerfr\u00fcchten und einigen floralen Noten. Mit Freunden genie\u00dfen !","robots":{"index":"index","follow":"follow","max-snippet":"max-snippet:-1","max-image-preview":"max-image-preview:large","max-video-preview":"max-video-preview:-1"},"canonical":"https:\/\/ellados-shop.com\/de\/laden\/weine\/rosewein\/rosewein-lexis-gris-sur-lie-zacharias-winery\/","og_locale":"de_DE","og_type":"article","og_title":"Rosewein - Lexis Gris \"Sur Lie\" - Zacharias Weingut - Ellados","og_description":"Lexis Gris \"Sur Lie\" ist ein frischer, eleganter Ros\u00e9wein mit k\u00f6stlichen Aromen von Sommerfr\u00fcchten und einigen floralen Noten. Mit Freunden genie\u00dfen !","og_url":"https:\/\/ellados-shop.com\/de\/laden\/weine\/rosewein\/rosewein-lexis-gris-sur-lie-zacharias-winery\/","og_site_name":"Ellados","article_modified_time":"2026-04-07T08:02:20+00:00","og_image":[{"width":450,"height":450,"url":"https:\/\/ellados-shop.com\/wp-content\/uploads\/vin-rose-grec-3.png","type":"image\/png"}],"twitter_card":"summary_large_image","twitter_misc":{"Gesch\u00e4tzte Lesezeit":"2\u00a0Minuten"},"schema":{"@context":"https:\/\/schema.org","@graph":[{"@type":"WebPage","@id":"https:\/\/ellados-shop.com\/de\/laden\/weine\/rosewein\/rosewein-lexis-gris-sur-lie-zacharias-winery\/","url":"https:\/\/ellados-shop.com\/de\/laden\/weine\/rosewein\/rosewein-lexis-gris-sur-lie-zacharias-winery\/","name":"Rosewein - Lexis Gris \"Sur Lie\" - Zacharias Weingut - Ellados","isPartOf":{"@id":"https:\/\/ellados-shop.com\/de\/#website"},"primaryImageOfPage":{"@id":"https:\/\/ellados-shop.com\/de\/laden\/weine\/rosewein\/rosewein-lexis-gris-sur-lie-zacharias-winery\/#primaryimage"},"image":{"@id":"https:\/\/ellados-shop.com\/de\/laden\/weine\/rosewein\/rosewein-lexis-gris-sur-lie-zacharias-winery\/#primaryimage"},"thumbnailUrl":"https:\/\/ellados-shop.com\/wp-content\/uploads\/vin-rose-grec-3.png","datePublished":"2024-03-29T01:47:14+00:00","dateModified":"2026-04-07T08:02:20+00:00","description":"Lexis Gris \"Sur Lie\" ist ein frischer, eleganter Ros\u00e9wein mit k\u00f6stlichen Aromen von Sommerfr\u00fcchten und einigen floralen Noten. Mit Freunden genie\u00dfen !","breadcrumb":{"@id":"https:\/\/ellados-shop.com\/de\/laden\/weine\/rosewein\/rosewein-lexis-gris-sur-lie-zacharias-winery\/#breadcrumb"},"inLanguage":"de","potentialAction":[{"@type":"ReadAction","target":["https:\/\/ellados-shop.com\/de\/laden\/weine\/rosewein\/rosewein-lexis-gris-sur-lie-zacharias-winery\/"]}]},{"@type":"ImageObject","inLanguage":"de","@id":"https:\/\/ellados-shop.com\/de\/laden\/weine\/rosewein\/rosewein-lexis-gris-sur-lie-zacharias-winery\/#primaryimage","url":"https:\/\/ellados-shop.com\/wp-content\/uploads\/vin-rose-grec-3.png","contentUrl":"https:\/\/ellados-shop.com\/wp-content\/uploads\/vin-rose-grec-3.png","width":450,"height":450,"caption":"vin rose grec"},{"@type":"BreadcrumbList","@id":"https:\/\/ellados-shop.com\/de\/laden\/weine\/rosewein\/rosewein-lexis-gris-sur-lie-zacharias-winery\/#breadcrumb","itemListElement":[{"@type":"ListItem","position":1,"name":"Accueil","item":"https:\/\/ellados-shop.com\/de\/accueil-v2\/"},{"@type":"ListItem","position":2,"name":"Boutique","item":"https:\/\/ellados-shop.com\/boutique\/"},{"@type":"ListItem","position":3,"name":"Ros\u00e9wein &#8211; Lexis Gris \u201esur Lie\u201c &#8211; 2022 &#8211; Zacharias Winery"}]},{"@type":"WebSite","@id":"https:\/\/ellados-shop.com\/de\/#website","url":"https:\/\/ellados-shop.com\/de\/","name":"Ellados","description":"","potentialAction":[{"@type":"SearchAction","target":{"@type":"EntryPoint","urlTemplate":"https:\/\/ellados-shop.com\/de\/?s={search_term_string}"},"query-input":{"@type":"PropertyValueSpecification","valueRequired":true,"valueName":"search_term_string"}}],"inLanguage":"de"}]}},"_links":{"self":[{"href":"https:\/\/ellados-shop.com\/de\/wp-json\/wp\/v2\/product\/2684","targetHints":{"allow":["GET"]}}],"collection":[{"href":"https:\/\/ellados-shop.com\/de\/wp-json\/wp\/v2\/product"}],"about":[{"href":"https:\/\/ellados-shop.com\/de\/wp-json\/wp\/v2\/types\/product"}],"replies":[{"embeddable":true,"href":"https:\/\/ellados-shop.com\/de\/wp-json\/wp\/v2\/comments?post=2684"}],"wp:featuredmedia":[{"embeddable":true,"href":"https:\/\/ellados-shop.com\/de\/wp-json\/wp\/v2\/media\/6149"}],"wp:attachment":[{"href":"https:\/\/ellados-shop.com\/de\/wp-json\/wp\/v2\/media?parent=2684"}],"wp:term":[{"taxonomy":"product_brand","embeddable":true,"href":"https:\/\/ellados-shop.com\/de\/wp-json\/wp\/v2\/product_brand?post=2684"},{"taxonomy":"product_cat","embeddable":true,"href":"https:\/\/ellados-shop.com\/de\/wp-json\/wp\/v2\/product_cat?post=2684"},{"taxonomy":"product_tag","embeddable":true,"href":"https:\/\/ellados-shop.com\/de\/wp-json\/wp\/v2\/product_tag?post=2684"}],"curies":[{"name":"wp","href":"https:\/\/api.w.org\/{rel}","templated":true}]}}