{"id":2724,"date":"2024-03-27T17:20:06","date_gmt":"2024-03-27T16:20:06","guid":{"rendered":"https:\/\/ellados-shop.com\/unkategorisiert\/suesser-weisswein-troupis-winery\/"},"modified":"2024-07-17T15:17:24","modified_gmt":"2024-07-17T13:17:24","slug":"suesser-weisswein-troupis-winery","status":"publish","type":"product","link":"https:\/\/ellados-shop.com\/de\/laden\/weine\/suesser-weisswein-troupis-winery\/","title":{"rendered":"S\u00fc\u00dfer Wei\u00dfwein &#8211; Sweet route &#8211; 2023 &#8211; Troupis Winery"},"content":{"rendered":"<p>Aus den <a href=\"https:\/\/ellados-shop.com\/actualites\/decouvrez-les-vins-grecs-originaires-du-peloponnese\/\">fruchtbaren Weinanbaugebieten Griechenlands<\/a> stammend, verk\u00f6rpert dieser s\u00fc\u00dfe Wei\u00dfwein die Essenz des griechischen Weinhandwerks, verbunden mit einer zeitgen\u00f6ssischen Leidenschaft f\u00fcr Exzellenz, wie sie von der Familie Troupis gepflegt wird.<\/p>\n<p>Bereits auf den ersten Blick verf\u00fchrt der griechische s\u00fc\u00dfe Wei\u00dfwein &#8222;Sweet Route&#8220; mit seinem schillernden goldenen Farbton, der von faszinierenden orangefarbenen Reflexen beleuchtet wird. Eine visuelle Einladung zur Flucht aus dem Alltag.<\/p>\n<p>In der Nase entfaltet sich eine wahre olfaktorische Symphonie, die die bet\u00f6renden D\u00fcfte von Jasminbl\u00fcten, Rosmarin und Aprikosen harmonisch vereint. Ein exquisites Bouquet, das die Sinne weckt und ein einzigartiges Geschmackserlebnis verspricht.<\/p>\n<p>Im Mund enth\u00fcllt dieser s\u00fc\u00dfe Wei\u00dfwein seine ganze Pracht mit einer samtigen Textur, die den Gaumen sanft umschmeichelt. Seine zarten Aromen von Zitrusfruchtschalen verbinden sich subtil mit einer sanften Note von Honig und schaffen eine perfekte Harmonie zwischen Frische und S\u00fc\u00dfe. Eine raffinierte Verkostung, die die Geschmacksnerven auf eine unvergessliche sensorische Reise entf\u00fchrt.<\/p>\n<p>Begleiten Sie diese exquisite Verkostung mit einer sorgf\u00e4ltig ausgew\u00e4hlten Auswahl an K\u00e4sesorten. Warum nicht diesen Wein mit einem delikaten und cremigen Frischk\u00e4se oder einem schmelzenden Brie kombinieren? Die kr\u00e4ftigeren Blauschimmelk\u00e4se aus Auvergne oder gereifte Camemberts werden sich mit diesem Wein zu einem \u00fcberraschenden Erlebnis verbinden.<\/p>\n<p>Um dieses kulinarische Erlebnis abzurunden, lassen Sie sich von einer Auswahl exquisiter Desserts verf\u00fchren. Verbinden Sie diesen Dessertwein mit einer leicht s\u00e4uerlichen Zitronentarte oder einer cremigen Panna Cotta. Sie werden augenblicklich in einen mediterranen Garten versetzt.<\/p>\n<p>Der Wein \u201eSweet Route\u201c ist eine Einladung zu einer exquisiten Geschmacksreise. Jeder Schluck weckt die Sinne und entf\u00fchrt Sie in die sonnigen und genussvollen Horizonte der Mantiniae-Berge.<\/p>\n","protected":false},"excerpt":{"rendered":"<p>Der Wei\u00dfwein &#8222;Sweet Route&#8220; wird Sie mit seinem goldenen Kleid und orangefarbenen Reflexen verf\u00fchren. Er wird Sie mit einer Vielzahl von D\u00fcften \u00fcberraschen, darunter Jasminbl\u00fcten, Rosmarin und Aprikose. Im Abgang wird der Honig das Aroma mit \u00fcberwiegendem Zitrusfruchtgeschmack verst\u00e4rken. Diese mediterranen Aromen werden harmonisch zu einer Auswahl von K\u00e4sesorten passen, von mild bis kr\u00e4ftig, und Ihnen erm\u00f6glichen, die ganze Feinheit Ihrer Zitronentarte, Orangenkuchen oder cremigen Panna Cotta zu entdecken. Eine sch\u00f6ne Einladung zu einer Geschmacksreise in die genussvollen und sonnigen Horizonte der Mantiniae-Berge.<\/p>\n<p>&nbsp;<\/p>\n","protected":false},"featured_media":4522,"comment_status":"closed","ping_status":"closed","template":"","meta":[],"product_brand":[],"product_cat":[68,83,84],"product_tag":[],"class_list":{"0":"post-2724","1":"product","2":"type-product","3":"status-publish","4":"has-post-thumbnail","6":"product_cat-laden","7":"product_cat-weine","8":"product_cat-weiswein","10":"first","11":"outofstock","12":"taxable","13":"shipping-taxable","14":"purchasable","15":"product-type-simple"},"yoast_head":"<!-- This site is optimized with the Yoast SEO plugin v26.8 - https:\/\/yoast.com\/product\/yoast-seo-wordpress\/ -->\n<title>Griechischer s\u00fc\u00dfer Wei\u00dfwein - \u201eSweet Route\u201c - Troupis Winery - Ellados<\/title>\n<meta name=\"description\" content=\"Dieser s\u00fc\u00dfe Wei\u00dfwein &quot;Sweet Route&quot; verk\u00f6rpert die Essenz des traditionellen griechischen Weinhandwerks und die von der Familie Troupis gepflegte Exzellenz.\" \/>\n<meta name=\"robots\" content=\"index, follow, max-snippet:-1, max-image-preview:large, max-video-preview:-1\" \/>\n<link rel=\"canonical\" href=\"https:\/\/ellados-shop.com\/de\/laden\/weine\/suesser-weisswein-troupis-winery\/\" \/>\n<meta property=\"og:locale\" content=\"de_DE\" \/>\n<meta property=\"og:type\" content=\"article\" \/>\n<meta property=\"og:title\" content=\"Griechischer s\u00fc\u00dfer Wei\u00dfwein - \u201eSweet Route\u201c - Troupis Winery - Ellados\" \/>\n<meta property=\"og:description\" content=\"Dieser s\u00fc\u00dfe Wei\u00dfwein &quot;Sweet Route&quot; verk\u00f6rpert die Essenz des traditionellen griechischen Weinhandwerks und die von der Familie Troupis gepflegte Exzellenz.\" \/>\n<meta property=\"og:url\" content=\"https:\/\/ellados-shop.com\/de\/laden\/weine\/suesser-weisswein-troupis-winery\/\" \/>\n<meta property=\"og:site_name\" content=\"Ellados\" \/>\n<meta property=\"article:modified_time\" content=\"2024-07-17T13:17:24+00:00\" \/>\n<meta property=\"og:image\" content=\"https:\/\/ellados-shop.com\/wp-content\/uploads\/SWEET-ROUTE-2.png\" \/>\n\t<meta property=\"og:image:width\" content=\"450\" \/>\n\t<meta property=\"og:image:height\" content=\"600\" \/>\n\t<meta property=\"og:image:type\" content=\"image\/png\" \/>\n<meta name=\"twitter:card\" content=\"summary_large_image\" \/>\n<meta name=\"twitter:label1\" content=\"Gesch\u00e4tzte Lesezeit\" \/>\n\t<meta name=\"twitter:data1\" content=\"2\u00a0Minuten\" \/>\n<script type=\"application\/ld+json\" class=\"yoast-schema-graph\">{\"@context\":\"https:\/\/schema.org\",\"@graph\":[{\"@type\":\"WebPage\",\"@id\":\"https:\/\/ellados-shop.com\/de\/laden\/weine\/suesser-weisswein-troupis-winery\/\",\"url\":\"https:\/\/ellados-shop.com\/de\/laden\/weine\/suesser-weisswein-troupis-winery\/\",\"name\":\"Griechischer s\u00fc\u00dfer Wei\u00dfwein - \u201eSweet Route\u201c - Troupis Winery - Ellados\",\"isPartOf\":{\"@id\":\"https:\/\/ellados-shop.com\/de\/#website\"},\"primaryImageOfPage\":{\"@id\":\"https:\/\/ellados-shop.com\/de\/laden\/weine\/suesser-weisswein-troupis-winery\/#primaryimage\"},\"image\":{\"@id\":\"https:\/\/ellados-shop.com\/de\/laden\/weine\/suesser-weisswein-troupis-winery\/#primaryimage\"},\"thumbnailUrl\":\"https:\/\/ellados-shop.com\/wp-content\/uploads\/SWEET-ROUTE-2.png\",\"datePublished\":\"2024-03-27T16:20:06+00:00\",\"dateModified\":\"2024-07-17T13:17:24+00:00\",\"description\":\"Dieser s\u00fc\u00dfe Wei\u00dfwein \\\"Sweet Route\\\" verk\u00f6rpert die Essenz des traditionellen griechischen Weinhandwerks und die von der Familie Troupis gepflegte Exzellenz.\",\"breadcrumb\":{\"@id\":\"https:\/\/ellados-shop.com\/de\/laden\/weine\/suesser-weisswein-troupis-winery\/#breadcrumb\"},\"inLanguage\":\"de\",\"potentialAction\":[{\"@type\":\"ReadAction\",\"target\":[\"https:\/\/ellados-shop.com\/de\/laden\/weine\/suesser-weisswein-troupis-winery\/\"]}]},{\"@type\":\"ImageObject\",\"inLanguage\":\"de\",\"@id\":\"https:\/\/ellados-shop.com\/de\/laden\/weine\/suesser-weisswein-troupis-winery\/#primaryimage\",\"url\":\"https:\/\/ellados-shop.com\/wp-content\/uploads\/SWEET-ROUTE-2.png\",\"contentUrl\":\"https:\/\/ellados-shop.com\/wp-content\/uploads\/SWEET-ROUTE-2.png\",\"width\":450,\"height\":600,\"caption\":\"VIN BLANC\"},{\"@type\":\"BreadcrumbList\",\"@id\":\"https:\/\/ellados-shop.com\/de\/laden\/weine\/suesser-weisswein-troupis-winery\/#breadcrumb\",\"itemListElement\":[{\"@type\":\"ListItem\",\"position\":1,\"name\":\"Accueil\",\"item\":\"https:\/\/ellados-shop.com\/de\/accueil-v2\/\"},{\"@type\":\"ListItem\",\"position\":2,\"name\":\"Boutique\",\"item\":\"https:\/\/ellados-shop.com\/boutique\/\"},{\"@type\":\"ListItem\",\"position\":3,\"name\":\"S\u00fc\u00dfer Wei\u00dfwein &#8211; Sweet route &#8211; 2023 &#8211; Troupis Winery\"}]},{\"@type\":\"WebSite\",\"@id\":\"https:\/\/ellados-shop.com\/de\/#website\",\"url\":\"https:\/\/ellados-shop.com\/de\/\",\"name\":\"Ellados\",\"description\":\"\",\"potentialAction\":[{\"@type\":\"SearchAction\",\"target\":{\"@type\":\"EntryPoint\",\"urlTemplate\":\"https:\/\/ellados-shop.com\/de\/?s={search_term_string}\"},\"query-input\":{\"@type\":\"PropertyValueSpecification\",\"valueRequired\":true,\"valueName\":\"search_term_string\"}}],\"inLanguage\":\"de\"}]}<\/script>\n<!-- \/ Yoast SEO plugin. -->","yoast_head_json":{"title":"Griechischer s\u00fc\u00dfer Wei\u00dfwein - \u201eSweet Route\u201c - Troupis Winery - Ellados","description":"Dieser s\u00fc\u00dfe Wei\u00dfwein \"Sweet Route\" verk\u00f6rpert die Essenz des traditionellen griechischen Weinhandwerks und die von der Familie Troupis gepflegte Exzellenz.","robots":{"index":"index","follow":"follow","max-snippet":"max-snippet:-1","max-image-preview":"max-image-preview:large","max-video-preview":"max-video-preview:-1"},"canonical":"https:\/\/ellados-shop.com\/de\/laden\/weine\/suesser-weisswein-troupis-winery\/","og_locale":"de_DE","og_type":"article","og_title":"Griechischer s\u00fc\u00dfer Wei\u00dfwein - \u201eSweet Route\u201c - Troupis Winery - Ellados","og_description":"Dieser s\u00fc\u00dfe Wei\u00dfwein \"Sweet Route\" verk\u00f6rpert die Essenz des traditionellen griechischen Weinhandwerks und die von der Familie Troupis gepflegte Exzellenz.","og_url":"https:\/\/ellados-shop.com\/de\/laden\/weine\/suesser-weisswein-troupis-winery\/","og_site_name":"Ellados","article_modified_time":"2024-07-17T13:17:24+00:00","og_image":[{"width":450,"height":600,"url":"https:\/\/ellados-shop.com\/wp-content\/uploads\/SWEET-ROUTE-2.png","type":"image\/png"}],"twitter_card":"summary_large_image","twitter_misc":{"Gesch\u00e4tzte Lesezeit":"2\u00a0Minuten"},"schema":{"@context":"https:\/\/schema.org","@graph":[{"@type":"WebPage","@id":"https:\/\/ellados-shop.com\/de\/laden\/weine\/suesser-weisswein-troupis-winery\/","url":"https:\/\/ellados-shop.com\/de\/laden\/weine\/suesser-weisswein-troupis-winery\/","name":"Griechischer s\u00fc\u00dfer Wei\u00dfwein - \u201eSweet Route\u201c - Troupis Winery - Ellados","isPartOf":{"@id":"https:\/\/ellados-shop.com\/de\/#website"},"primaryImageOfPage":{"@id":"https:\/\/ellados-shop.com\/de\/laden\/weine\/suesser-weisswein-troupis-winery\/#primaryimage"},"image":{"@id":"https:\/\/ellados-shop.com\/de\/laden\/weine\/suesser-weisswein-troupis-winery\/#primaryimage"},"thumbnailUrl":"https:\/\/ellados-shop.com\/wp-content\/uploads\/SWEET-ROUTE-2.png","datePublished":"2024-03-27T16:20:06+00:00","dateModified":"2024-07-17T13:17:24+00:00","description":"Dieser s\u00fc\u00dfe Wei\u00dfwein \"Sweet Route\" verk\u00f6rpert die Essenz des traditionellen griechischen Weinhandwerks und die von der Familie Troupis gepflegte Exzellenz.","breadcrumb":{"@id":"https:\/\/ellados-shop.com\/de\/laden\/weine\/suesser-weisswein-troupis-winery\/#breadcrumb"},"inLanguage":"de","potentialAction":[{"@type":"ReadAction","target":["https:\/\/ellados-shop.com\/de\/laden\/weine\/suesser-weisswein-troupis-winery\/"]}]},{"@type":"ImageObject","inLanguage":"de","@id":"https:\/\/ellados-shop.com\/de\/laden\/weine\/suesser-weisswein-troupis-winery\/#primaryimage","url":"https:\/\/ellados-shop.com\/wp-content\/uploads\/SWEET-ROUTE-2.png","contentUrl":"https:\/\/ellados-shop.com\/wp-content\/uploads\/SWEET-ROUTE-2.png","width":450,"height":600,"caption":"VIN BLANC"},{"@type":"BreadcrumbList","@id":"https:\/\/ellados-shop.com\/de\/laden\/weine\/suesser-weisswein-troupis-winery\/#breadcrumb","itemListElement":[{"@type":"ListItem","position":1,"name":"Accueil","item":"https:\/\/ellados-shop.com\/de\/accueil-v2\/"},{"@type":"ListItem","position":2,"name":"Boutique","item":"https:\/\/ellados-shop.com\/boutique\/"},{"@type":"ListItem","position":3,"name":"S\u00fc\u00dfer Wei\u00dfwein &#8211; Sweet route &#8211; 2023 &#8211; Troupis Winery"}]},{"@type":"WebSite","@id":"https:\/\/ellados-shop.com\/de\/#website","url":"https:\/\/ellados-shop.com\/de\/","name":"Ellados","description":"","potentialAction":[{"@type":"SearchAction","target":{"@type":"EntryPoint","urlTemplate":"https:\/\/ellados-shop.com\/de\/?s={search_term_string}"},"query-input":{"@type":"PropertyValueSpecification","valueRequired":true,"valueName":"search_term_string"}}],"inLanguage":"de"}]}},"_links":{"self":[{"href":"https:\/\/ellados-shop.com\/de\/wp-json\/wp\/v2\/product\/2724","targetHints":{"allow":["GET"]}}],"collection":[{"href":"https:\/\/ellados-shop.com\/de\/wp-json\/wp\/v2\/product"}],"about":[{"href":"https:\/\/ellados-shop.com\/de\/wp-json\/wp\/v2\/types\/product"}],"replies":[{"embeddable":true,"href":"https:\/\/ellados-shop.com\/de\/wp-json\/wp\/v2\/comments?post=2724"}],"wp:featuredmedia":[{"embeddable":true,"href":"https:\/\/ellados-shop.com\/de\/wp-json\/wp\/v2\/media\/4522"}],"wp:attachment":[{"href":"https:\/\/ellados-shop.com\/de\/wp-json\/wp\/v2\/media?parent=2724"}],"wp:term":[{"taxonomy":"product_brand","embeddable":true,"href":"https:\/\/ellados-shop.com\/de\/wp-json\/wp\/v2\/product_brand?post=2724"},{"taxonomy":"product_cat","embeddable":true,"href":"https:\/\/ellados-shop.com\/de\/wp-json\/wp\/v2\/product_cat?post=2724"},{"taxonomy":"product_tag","embeddable":true,"href":"https:\/\/ellados-shop.com\/de\/wp-json\/wp\/v2\/product_tag?post=2724"}],"curies":[{"name":"wp","href":"https:\/\/api.w.org\/{rel}","templated":true}]}}