{"id":2725,"date":"2024-03-27T15:41:24","date_gmt":"2024-03-27T14:41:24","guid":{"rendered":"https:\/\/ellados-shop.com\/unkategorisiert\/trockener-weisswein-tomi-mantineia-2023-troupis-winery\/"},"modified":"2026-04-07T10:09:28","modified_gmt":"2026-04-07T08:09:28","slug":"trockener-weisswein-tomi-mantineia-2023-troupis-winery","status":"publish","type":"product","link":"https:\/\/ellados-shop.com\/de\/laden\/weine\/trockener-weisswein-tomi-mantineia-2023-troupis-winery\/","title":{"rendered":"Trockener Griechischer Wei\u00dfwein &#8211; Tomi Mantinia &#8211; 2023 &#8211; Troupis Winery"},"content":{"rendered":"<p>Der trockene griechische Wei\u00dfwein Tomi Mantinia enth\u00fcllt sich in seiner ganzen Pracht mit einem glitzernden goldenen Kleid und rosa Reflexen, das zu einer fesselnden sensorischen Reise einl\u00e4dt. Die Weinberge der Familie Troupis, die sich auf dem Plateau von Mantinia befinden, werden von der Sonne verw\u00f6hnt und von mediterranen Brisen gestreichelt. Sie bringen Trauben von seltener Qualit\u00e4t hervor, die charakteristisch f\u00fcr die au\u00dfergew\u00f6hnlichen Weinberge des Peloponnes sind. In der Nase offenbart dieser Wein zarte Noten. Der wei\u00dfe Pfirsich, frische Zitrusfr\u00fcchte und die Quitte erinnern an die bezaubernden Landschaften Griechenlands. Im Mund verf\u00fchrt Tomi Mantinia mit seiner seidigen Textur. Sein Gleichgewicht ist perfekt, zwischen Frische und F\u00fclle. Die fruchtigen und blumigen Aromen verschmelzen harmonisch miteinander. Feine mineralische Nuancen verleihen eine Note von Komplexit\u00e4t. Eine lebendige S\u00e4ure und ein eleganter Abgang verl\u00e4ngern das Erlebnis mit Nuancen von Bergamotte und Jasmin. Begleiten Sie diesen trockenen griechischen Wei\u00dfwein mit raffinierten Gerichten aus gegrilltem wei\u00dfem Fleisch mit Zitrusnoten. Erliegen Sie den Freuden von fettem Fisch. Die F\u00fclle ihrer Aromen verbindet sich wunderbar mit der Feinheit des &#8222;Tomi Mantinia&#8220;. Genie\u00dfen Sie diesen Wein mit Meeresfr\u00fcchten und Krustentieren an einem Sommerabend. Ob f\u00fcr ein romantisches Abendessen zu zweit oder einen Abend unter Freunden, der Wein &#8222;Tomi Mantinia&#8220; verspricht ein unvergessliches Geschmackserlebnis. Jeder Augenblick des Genusses ist eine Einladung zu einer exquisiten und bet\u00f6renden sensorischen Reise. &nbsp;<\/p>\n<p>&nbsp;<\/p>\n","protected":false},"excerpt":{"rendered":"<p>Der TOMH trockene Wei\u00dfwein tr\u00e4gt die <strong>AOP Mantineia<\/strong>. Er wird Sie mit seiner goldgelben Farbe mit rosa Reflexen verzaubern. Am Gaumen offenbart dieser Wein Aromen von <strong>wei\u00dfen Pfirsichen, Zitrone und Quitte<\/strong>, gefolgt im Abgang von <strong>floralen Noten<\/strong>.  <\/p>\n","protected":false},"featured_media":6122,"comment_status":"closed","ping_status":"closed","template":"","meta":[],"product_brand":[],"product_cat":[68,83,84],"product_tag":[],"class_list":{"0":"post-2725","1":"product","2":"type-product","3":"status-publish","4":"has-post-thumbnail","6":"product_cat-laden","7":"product_cat-weine","8":"product_cat-weiswein","10":"first","11":"instock","12":"taxable","13":"shipping-taxable","14":"purchasable","15":"product-type-simple"},"yoast_head":"<!-- This site is optimized with the Yoast SEO plugin v26.8 - https:\/\/yoast.com\/product\/yoast-seo-wordpress\/ -->\n<title>Trockener griechischer Wei\u00dfwein - Tomi Mantinia - Troupis Winery - Ellados<\/title>\n<meta name=\"description\" content=\"Entdecken Sie den exquisiten trockenen griechischen Wei\u00dfwein Tomi Mantinia, mit seinem glitzernden goldenen Farbton und seinem blumigen Duft. Dieser Wein verf\u00fchrt die Sinne bereits beim ersten Probieren.\" \/>\n<meta name=\"robots\" content=\"index, follow, max-snippet:-1, max-image-preview:large, max-video-preview:-1\" \/>\n<link rel=\"canonical\" href=\"https:\/\/ellados-shop.com\/de\/laden\/weine\/trockener-weisswein-tomi-mantineia-2023-troupis-winery\/\" \/>\n<meta property=\"og:locale\" content=\"de_DE\" \/>\n<meta property=\"og:type\" content=\"article\" \/>\n<meta property=\"og:title\" content=\"Trockener griechischer Wei\u00dfwein - Tomi Mantinia - Troupis Winery - Ellados\" \/>\n<meta property=\"og:description\" content=\"Entdecken Sie den exquisiten trockenen griechischen Wei\u00dfwein Tomi Mantinia, mit seinem glitzernden goldenen Farbton und seinem blumigen Duft. Dieser Wein verf\u00fchrt die Sinne bereits beim ersten Probieren.\" \/>\n<meta property=\"og:url\" content=\"https:\/\/ellados-shop.com\/de\/laden\/weine\/trockener-weisswein-tomi-mantineia-2023-troupis-winery\/\" \/>\n<meta property=\"og:site_name\" content=\"Ellados\" \/>\n<meta property=\"article:modified_time\" content=\"2026-04-07T08:09:28+00:00\" \/>\n<meta property=\"og:image\" content=\"https:\/\/ellados-shop.com\/wp-content\/uploads\/vin-blanc-grec-2.png\" \/>\n\t<meta property=\"og:image:width\" content=\"450\" \/>\n\t<meta property=\"og:image:height\" content=\"450\" \/>\n\t<meta property=\"og:image:type\" content=\"image\/png\" \/>\n<meta name=\"twitter:card\" content=\"summary_large_image\" \/>\n<meta name=\"twitter:label1\" content=\"Gesch\u00e4tzte Lesezeit\" \/>\n\t<meta name=\"twitter:data1\" content=\"2\u00a0Minuten\" \/>\n<script type=\"application\/ld+json\" class=\"yoast-schema-graph\">{\"@context\":\"https:\/\/schema.org\",\"@graph\":[{\"@type\":\"WebPage\",\"@id\":\"https:\/\/ellados-shop.com\/de\/laden\/weine\/trockener-weisswein-tomi-mantineia-2023-troupis-winery\/\",\"url\":\"https:\/\/ellados-shop.com\/de\/laden\/weine\/trockener-weisswein-tomi-mantineia-2023-troupis-winery\/\",\"name\":\"Trockener griechischer Wei\u00dfwein - Tomi Mantinia - Troupis Winery - Ellados\",\"isPartOf\":{\"@id\":\"https:\/\/ellados-shop.com\/de\/#website\"},\"primaryImageOfPage\":{\"@id\":\"https:\/\/ellados-shop.com\/de\/laden\/weine\/trockener-weisswein-tomi-mantineia-2023-troupis-winery\/#primaryimage\"},\"image\":{\"@id\":\"https:\/\/ellados-shop.com\/de\/laden\/weine\/trockener-weisswein-tomi-mantineia-2023-troupis-winery\/#primaryimage\"},\"thumbnailUrl\":\"https:\/\/ellados-shop.com\/wp-content\/uploads\/vin-blanc-grec-2.png\",\"datePublished\":\"2024-03-27T14:41:24+00:00\",\"dateModified\":\"2026-04-07T08:09:28+00:00\",\"description\":\"Entdecken Sie den exquisiten trockenen griechischen Wei\u00dfwein Tomi Mantinia, mit seinem glitzernden goldenen Farbton und seinem blumigen Duft. Dieser Wein verf\u00fchrt die Sinne bereits beim ersten Probieren.\",\"breadcrumb\":{\"@id\":\"https:\/\/ellados-shop.com\/de\/laden\/weine\/trockener-weisswein-tomi-mantineia-2023-troupis-winery\/#breadcrumb\"},\"inLanguage\":\"de\",\"potentialAction\":[{\"@type\":\"ReadAction\",\"target\":[\"https:\/\/ellados-shop.com\/de\/laden\/weine\/trockener-weisswein-tomi-mantineia-2023-troupis-winery\/\"]}]},{\"@type\":\"ImageObject\",\"inLanguage\":\"de\",\"@id\":\"https:\/\/ellados-shop.com\/de\/laden\/weine\/trockener-weisswein-tomi-mantineia-2023-troupis-winery\/#primaryimage\",\"url\":\"https:\/\/ellados-shop.com\/wp-content\/uploads\/vin-blanc-grec-2.png\",\"contentUrl\":\"https:\/\/ellados-shop.com\/wp-content\/uploads\/vin-blanc-grec-2.png\",\"width\":450,\"height\":450,\"caption\":\"vin blanc\"},{\"@type\":\"BreadcrumbList\",\"@id\":\"https:\/\/ellados-shop.com\/de\/laden\/weine\/trockener-weisswein-tomi-mantineia-2023-troupis-winery\/#breadcrumb\",\"itemListElement\":[{\"@type\":\"ListItem\",\"position\":1,\"name\":\"Accueil\",\"item\":\"https:\/\/ellados-shop.com\/de\/accueil-v2\/\"},{\"@type\":\"ListItem\",\"position\":2,\"name\":\"Boutique\",\"item\":\"https:\/\/ellados-shop.com\/boutique\/\"},{\"@type\":\"ListItem\",\"position\":3,\"name\":\"Trockener Griechischer Wei\u00dfwein &#8211; Tomi Mantinia &#8211; 2023 &#8211; Troupis Winery\"}]},{\"@type\":\"WebSite\",\"@id\":\"https:\/\/ellados-shop.com\/de\/#website\",\"url\":\"https:\/\/ellados-shop.com\/de\/\",\"name\":\"Ellados\",\"description\":\"\",\"potentialAction\":[{\"@type\":\"SearchAction\",\"target\":{\"@type\":\"EntryPoint\",\"urlTemplate\":\"https:\/\/ellados-shop.com\/de\/?s={search_term_string}\"},\"query-input\":{\"@type\":\"PropertyValueSpecification\",\"valueRequired\":true,\"valueName\":\"search_term_string\"}}],\"inLanguage\":\"de\"}]}<\/script>\n<!-- \/ Yoast SEO plugin. -->","yoast_head_json":{"title":"Trockener griechischer Wei\u00dfwein - Tomi Mantinia - Troupis Winery - Ellados","description":"Entdecken Sie den exquisiten trockenen griechischen Wei\u00dfwein Tomi Mantinia, mit seinem glitzernden goldenen Farbton und seinem blumigen Duft. Dieser Wein verf\u00fchrt die Sinne bereits beim ersten Probieren.","robots":{"index":"index","follow":"follow","max-snippet":"max-snippet:-1","max-image-preview":"max-image-preview:large","max-video-preview":"max-video-preview:-1"},"canonical":"https:\/\/ellados-shop.com\/de\/laden\/weine\/trockener-weisswein-tomi-mantineia-2023-troupis-winery\/","og_locale":"de_DE","og_type":"article","og_title":"Trockener griechischer Wei\u00dfwein - Tomi Mantinia - Troupis Winery - Ellados","og_description":"Entdecken Sie den exquisiten trockenen griechischen Wei\u00dfwein Tomi Mantinia, mit seinem glitzernden goldenen Farbton und seinem blumigen Duft. Dieser Wein verf\u00fchrt die Sinne bereits beim ersten Probieren.","og_url":"https:\/\/ellados-shop.com\/de\/laden\/weine\/trockener-weisswein-tomi-mantineia-2023-troupis-winery\/","og_site_name":"Ellados","article_modified_time":"2026-04-07T08:09:28+00:00","og_image":[{"width":450,"height":450,"url":"https:\/\/ellados-shop.com\/wp-content\/uploads\/vin-blanc-grec-2.png","type":"image\/png"}],"twitter_card":"summary_large_image","twitter_misc":{"Gesch\u00e4tzte Lesezeit":"2\u00a0Minuten"},"schema":{"@context":"https:\/\/schema.org","@graph":[{"@type":"WebPage","@id":"https:\/\/ellados-shop.com\/de\/laden\/weine\/trockener-weisswein-tomi-mantineia-2023-troupis-winery\/","url":"https:\/\/ellados-shop.com\/de\/laden\/weine\/trockener-weisswein-tomi-mantineia-2023-troupis-winery\/","name":"Trockener griechischer Wei\u00dfwein - Tomi Mantinia - Troupis Winery - Ellados","isPartOf":{"@id":"https:\/\/ellados-shop.com\/de\/#website"},"primaryImageOfPage":{"@id":"https:\/\/ellados-shop.com\/de\/laden\/weine\/trockener-weisswein-tomi-mantineia-2023-troupis-winery\/#primaryimage"},"image":{"@id":"https:\/\/ellados-shop.com\/de\/laden\/weine\/trockener-weisswein-tomi-mantineia-2023-troupis-winery\/#primaryimage"},"thumbnailUrl":"https:\/\/ellados-shop.com\/wp-content\/uploads\/vin-blanc-grec-2.png","datePublished":"2024-03-27T14:41:24+00:00","dateModified":"2026-04-07T08:09:28+00:00","description":"Entdecken Sie den exquisiten trockenen griechischen Wei\u00dfwein Tomi Mantinia, mit seinem glitzernden goldenen Farbton und seinem blumigen Duft. Dieser Wein verf\u00fchrt die Sinne bereits beim ersten Probieren.","breadcrumb":{"@id":"https:\/\/ellados-shop.com\/de\/laden\/weine\/trockener-weisswein-tomi-mantineia-2023-troupis-winery\/#breadcrumb"},"inLanguage":"de","potentialAction":[{"@type":"ReadAction","target":["https:\/\/ellados-shop.com\/de\/laden\/weine\/trockener-weisswein-tomi-mantineia-2023-troupis-winery\/"]}]},{"@type":"ImageObject","inLanguage":"de","@id":"https:\/\/ellados-shop.com\/de\/laden\/weine\/trockener-weisswein-tomi-mantineia-2023-troupis-winery\/#primaryimage","url":"https:\/\/ellados-shop.com\/wp-content\/uploads\/vin-blanc-grec-2.png","contentUrl":"https:\/\/ellados-shop.com\/wp-content\/uploads\/vin-blanc-grec-2.png","width":450,"height":450,"caption":"vin blanc"},{"@type":"BreadcrumbList","@id":"https:\/\/ellados-shop.com\/de\/laden\/weine\/trockener-weisswein-tomi-mantineia-2023-troupis-winery\/#breadcrumb","itemListElement":[{"@type":"ListItem","position":1,"name":"Accueil","item":"https:\/\/ellados-shop.com\/de\/accueil-v2\/"},{"@type":"ListItem","position":2,"name":"Boutique","item":"https:\/\/ellados-shop.com\/boutique\/"},{"@type":"ListItem","position":3,"name":"Trockener Griechischer Wei\u00dfwein &#8211; Tomi Mantinia &#8211; 2023 &#8211; Troupis Winery"}]},{"@type":"WebSite","@id":"https:\/\/ellados-shop.com\/de\/#website","url":"https:\/\/ellados-shop.com\/de\/","name":"Ellados","description":"","potentialAction":[{"@type":"SearchAction","target":{"@type":"EntryPoint","urlTemplate":"https:\/\/ellados-shop.com\/de\/?s={search_term_string}"},"query-input":{"@type":"PropertyValueSpecification","valueRequired":true,"valueName":"search_term_string"}}],"inLanguage":"de"}]}},"_links":{"self":[{"href":"https:\/\/ellados-shop.com\/de\/wp-json\/wp\/v2\/product\/2725","targetHints":{"allow":["GET"]}}],"collection":[{"href":"https:\/\/ellados-shop.com\/de\/wp-json\/wp\/v2\/product"}],"about":[{"href":"https:\/\/ellados-shop.com\/de\/wp-json\/wp\/v2\/types\/product"}],"replies":[{"embeddable":true,"href":"https:\/\/ellados-shop.com\/de\/wp-json\/wp\/v2\/comments?post=2725"}],"wp:featuredmedia":[{"embeddable":true,"href":"https:\/\/ellados-shop.com\/de\/wp-json\/wp\/v2\/media\/6122"}],"wp:attachment":[{"href":"https:\/\/ellados-shop.com\/de\/wp-json\/wp\/v2\/media?parent=2725"}],"wp:term":[{"taxonomy":"product_brand","embeddable":true,"href":"https:\/\/ellados-shop.com\/de\/wp-json\/wp\/v2\/product_brand?post=2725"},{"taxonomy":"product_cat","embeddable":true,"href":"https:\/\/ellados-shop.com\/de\/wp-json\/wp\/v2\/product_cat?post=2725"},{"taxonomy":"product_tag","embeddable":true,"href":"https:\/\/ellados-shop.com\/de\/wp-json\/wp\/v2\/product_tag?post=2725"}],"curies":[{"name":"wp","href":"https:\/\/api.w.org\/{rel}","templated":true}]}}