{"id":2726,"date":"2024-03-27T15:10:23","date_gmt":"2024-03-27T14:10:23","guid":{"rendered":"https:\/\/ellados-shop.com\/unkategorisiert\/bio-rotwein-kalos-argos-2017-kalogris-organic-winery\/"},"modified":"2025-02-05T23:02:04","modified_gmt":"2025-02-05T22:02:04","slug":"bio-rotwein-kalos-argos-2017-kalogris-organic-winery","status":"publish","type":"product","link":"https:\/\/ellados-shop.com\/de\/laden\/weine\/bio-rotwein-kalos-argos-2017-kalogris-organic-winery\/","title":{"rendered":"Bio Rotwein &#8211; Kalos Agros &#8211; 2017 &#8211; Kalogris Organic Winery"},"content":{"rendered":"<p>Kalos Agros ist eine exquisite Kreation des Kalogris Weinguts, eines renommierten Weinguts f\u00fcr seine nat\u00fcrlichen Weine. Dieser trockene Bio-Rotwein verk\u00f6rpert die Essenz von Eleganz und Qualit\u00e4t <a href=\"https:\/\/ellados-shop.com\/actualites\/decouvrez-les-vins-grecs-originaires-du-peloponnese\/\">der Weinproduktion im Peloponnes. <\/a> Dieser Nektar kombiniert zwei Rebsorten, den Cabernet Sauvignon und den Moschofilero. Er ist das Ergebnis eines jahrhundertealten handwerklichen K\u00f6nnens, das mit einer leidenschaftlichen Hingabe f\u00fcr die Kunst des Weinbaus verbunden ist. Dieser unfiltrierte Wein reift f\u00fcnf Jahre lang in Eichenf\u00e4ssern. Die malerischen Weinberge der Familie Kalogris profitieren von einem idealen Klima und einem reichen Boden. Sie bieten daher Trauben von unvergleichlicher Qualit\u00e4t. Jede Traube wird sorgf\u00e4ltig von Hand ausgew\u00e4hlt, um eine optimale Reifung und maximale Aromenkonzentration zu gew\u00e4hrleisten. Kalos Agros verf\u00fchrt bereits auf den ersten Blick mit seinem tiefen Rubinrot. In der Nase enth\u00fcllt er einen bet\u00f6renden Strau\u00df reifer roter Fr\u00fcchte, verfeinert mit subtilen w\u00fcrzigen und holzigen Noten. Im Mund zeichnet sich dieser trockene Bio-Rotwein durch seine samtige Textur und sein perfektes Gleichgewicht zwischen Frische und F\u00fclle aus. Die Aromen von roten Fr\u00fcchten wie Kirsche und Himbeere verbinden sich harmonisch mit subtilen Nuancen von Vanille und Zimt. Begleiten Sie diesen Rotwein mit k\u00f6stlichen Fleischgerichten wie Rindfleisch, Kalb, Lamm oder Wild in Sauce. Die F\u00fclle der Fleischaromen harmoniert wunderbar mit der Zartheit des Weins f\u00fcr eine perfekte Vereinigung von Geschmacks- und Texturerlebnissen. Ergeben Sie sich den Freuden gereifter Hartk\u00e4se wie Cantal oder Abondance, deren Robustheit und Geschmackskomplexit\u00e4t harmonisch mit der F\u00fclle und Subtilit\u00e4t des Weins verschmelzen. Kalos Agros ist viel mehr als nur ein Wein. Es ist eine Einladung zu einer unvergleichlichen sensorischen Reise, an die sich Ihre G\u00e4ste erinnern werden. &nbsp;<\/p>\n","protected":false},"excerpt":{"rendered":"<p>Kalos Agros ist ein <strong>100 % biologischer<\/strong> Wein. Er wird aus der Rebsorte Moschofilero hergestellt. Sie werden von seiner rubinroten Farbe, seinem <strong>fruchtigen Bouquet<\/strong> und seinem <strong>samtigen Gaumen<\/strong> mit Noten von reifen roten Fr\u00fcchten, die nur leicht w\u00fcrzig und holzig sind, begeistert sein.  <\/p>\n","protected":false},"featured_media":6173,"comment_status":"closed","ping_status":"closed","template":"","meta":[],"product_brand":[],"product_cat":[68,83,86],"product_tag":[],"class_list":{"0":"post-2726","1":"product","2":"type-product","3":"status-publish","4":"has-post-thumbnail","6":"product_cat-laden","7":"product_cat-weine","8":"product_cat-rotwein","10":"first","11":"outofstock","12":"taxable","13":"shipping-taxable","14":"purchasable","15":"product-type-simple"},"yoast_head":"<!-- This site is optimized with the Yoast SEO plugin v26.8 - https:\/\/yoast.com\/product\/yoast-seo-wordpress\/ -->\n<title>Bio-Rotwein Kalos Agros - Kalogris Winery - Ellados<\/title>\n<meta name=\"description\" content=\"&quot;Kalos Agros&quot; ist ein trockener Bio-Rotwein mit einzigartigen Geschmackseigenschaften. Nach f\u00fcnf Jahren Reifung in Eichenf\u00e4ssern wird Sie dieser Wein durch seine Zartheit \u00fcberraschen.\" \/>\n<meta name=\"robots\" content=\"index, follow, max-snippet:-1, max-image-preview:large, max-video-preview:-1\" \/>\n<link rel=\"canonical\" href=\"https:\/\/ellados-shop.com\/de\/laden\/weine\/bio-rotwein-kalos-argos-2017-kalogris-organic-winery\/\" \/>\n<meta property=\"og:locale\" content=\"de_DE\" \/>\n<meta property=\"og:type\" content=\"article\" \/>\n<meta property=\"og:title\" content=\"Bio-Rotwein Kalos Agros - Kalogris Winery - Ellados\" \/>\n<meta property=\"og:description\" content=\"&quot;Kalos Agros&quot; ist ein trockener Bio-Rotwein mit einzigartigen Geschmackseigenschaften. Nach f\u00fcnf Jahren Reifung in Eichenf\u00e4ssern wird Sie dieser Wein durch seine Zartheit \u00fcberraschen.\" \/>\n<meta property=\"og:url\" content=\"https:\/\/ellados-shop.com\/de\/laden\/weine\/bio-rotwein-kalos-argos-2017-kalogris-organic-winery\/\" \/>\n<meta property=\"og:site_name\" content=\"Ellados\" \/>\n<meta property=\"article:modified_time\" content=\"2025-02-05T22:02:04+00:00\" \/>\n<meta property=\"og:image\" content=\"https:\/\/ellados-shop.com\/wp-content\/uploads\/kalos-argos-kalogris-winery.png\" \/>\n\t<meta property=\"og:image:width\" content=\"450\" \/>\n\t<meta property=\"og:image:height\" content=\"600\" \/>\n\t<meta property=\"og:image:type\" content=\"image\/png\" \/>\n<meta name=\"twitter:card\" content=\"summary_large_image\" \/>\n<meta name=\"twitter:label1\" content=\"Gesch\u00e4tzte Lesezeit\" \/>\n\t<meta name=\"twitter:data1\" content=\"2\u00a0Minuten\" \/>\n<script type=\"application\/ld+json\" class=\"yoast-schema-graph\">{\"@context\":\"https:\/\/schema.org\",\"@graph\":[{\"@type\":\"WebPage\",\"@id\":\"https:\/\/ellados-shop.com\/de\/laden\/weine\/bio-rotwein-kalos-argos-2017-kalogris-organic-winery\/\",\"url\":\"https:\/\/ellados-shop.com\/de\/laden\/weine\/bio-rotwein-kalos-argos-2017-kalogris-organic-winery\/\",\"name\":\"Bio-Rotwein Kalos Agros - Kalogris Winery - Ellados\",\"isPartOf\":{\"@id\":\"https:\/\/ellados-shop.com\/de\/#website\"},\"primaryImageOfPage\":{\"@id\":\"https:\/\/ellados-shop.com\/de\/laden\/weine\/bio-rotwein-kalos-argos-2017-kalogris-organic-winery\/#primaryimage\"},\"image\":{\"@id\":\"https:\/\/ellados-shop.com\/de\/laden\/weine\/bio-rotwein-kalos-argos-2017-kalogris-organic-winery\/#primaryimage\"},\"thumbnailUrl\":\"https:\/\/ellados-shop.com\/wp-content\/uploads\/vin-rouge-grec-5.png\",\"datePublished\":\"2024-03-27T14:10:23+00:00\",\"dateModified\":\"2025-02-05T22:02:04+00:00\",\"description\":\"\\\"Kalos Agros\\\" ist ein trockener Bio-Rotwein mit einzigartigen Geschmackseigenschaften. Nach f\u00fcnf Jahren Reifung in Eichenf\u00e4ssern wird Sie dieser Wein durch seine Zartheit \u00fcberraschen.\",\"breadcrumb\":{\"@id\":\"https:\/\/ellados-shop.com\/de\/laden\/weine\/bio-rotwein-kalos-argos-2017-kalogris-organic-winery\/#breadcrumb\"},\"inLanguage\":\"de\",\"potentialAction\":[{\"@type\":\"ReadAction\",\"target\":[\"https:\/\/ellados-shop.com\/de\/laden\/weine\/bio-rotwein-kalos-argos-2017-kalogris-organic-winery\/\"]}]},{\"@type\":\"ImageObject\",\"inLanguage\":\"de\",\"@id\":\"https:\/\/ellados-shop.com\/de\/laden\/weine\/bio-rotwein-kalos-argos-2017-kalogris-organic-winery\/#primaryimage\",\"url\":\"https:\/\/ellados-shop.com\/wp-content\/uploads\/vin-rouge-grec-5.png\",\"contentUrl\":\"https:\/\/ellados-shop.com\/wp-content\/uploads\/vin-rouge-grec-5.png\",\"width\":450,\"height\":450,\"caption\":\"VIN ROUGE GREC\"},{\"@type\":\"BreadcrumbList\",\"@id\":\"https:\/\/ellados-shop.com\/de\/laden\/weine\/bio-rotwein-kalos-argos-2017-kalogris-organic-winery\/#breadcrumb\",\"itemListElement\":[{\"@type\":\"ListItem\",\"position\":1,\"name\":\"Accueil\",\"item\":\"https:\/\/ellados-shop.com\/de\/accueil-v2\/\"},{\"@type\":\"ListItem\",\"position\":2,\"name\":\"Boutique\",\"item\":\"https:\/\/ellados-shop.com\/boutique\/\"},{\"@type\":\"ListItem\",\"position\":3,\"name\":\"Bio Rotwein &#8211; Kalos Agros &#8211; 2017 &#8211; Kalogris Organic Winery\"}]},{\"@type\":\"WebSite\",\"@id\":\"https:\/\/ellados-shop.com\/de\/#website\",\"url\":\"https:\/\/ellados-shop.com\/de\/\",\"name\":\"Ellados\",\"description\":\"\",\"potentialAction\":[{\"@type\":\"SearchAction\",\"target\":{\"@type\":\"EntryPoint\",\"urlTemplate\":\"https:\/\/ellados-shop.com\/de\/?s={search_term_string}\"},\"query-input\":{\"@type\":\"PropertyValueSpecification\",\"valueRequired\":true,\"valueName\":\"search_term_string\"}}],\"inLanguage\":\"de\"}]}<\/script>\n<!-- \/ Yoast SEO plugin. -->","yoast_head_json":{"title":"Bio-Rotwein Kalos Agros - Kalogris Winery - Ellados","description":"\"Kalos Agros\" ist ein trockener Bio-Rotwein mit einzigartigen Geschmackseigenschaften. Nach f\u00fcnf Jahren Reifung in Eichenf\u00e4ssern wird Sie dieser Wein durch seine Zartheit \u00fcberraschen.","robots":{"index":"index","follow":"follow","max-snippet":"max-snippet:-1","max-image-preview":"max-image-preview:large","max-video-preview":"max-video-preview:-1"},"canonical":"https:\/\/ellados-shop.com\/de\/laden\/weine\/bio-rotwein-kalos-argos-2017-kalogris-organic-winery\/","og_locale":"de_DE","og_type":"article","og_title":"Bio-Rotwein Kalos Agros - Kalogris Winery - Ellados","og_description":"\"Kalos Agros\" ist ein trockener Bio-Rotwein mit einzigartigen Geschmackseigenschaften. Nach f\u00fcnf Jahren Reifung in Eichenf\u00e4ssern wird Sie dieser Wein durch seine Zartheit \u00fcberraschen.","og_url":"https:\/\/ellados-shop.com\/de\/laden\/weine\/bio-rotwein-kalos-argos-2017-kalogris-organic-winery\/","og_site_name":"Ellados","article_modified_time":"2025-02-05T22:02:04+00:00","og_image":[{"width":450,"height":600,"url":"https:\/\/ellados-shop.com\/wp-content\/uploads\/kalos-argos-kalogris-winery.png","type":"image\/png"}],"twitter_card":"summary_large_image","twitter_misc":{"Gesch\u00e4tzte Lesezeit":"2\u00a0Minuten"},"schema":{"@context":"https:\/\/schema.org","@graph":[{"@type":"WebPage","@id":"https:\/\/ellados-shop.com\/de\/laden\/weine\/bio-rotwein-kalos-argos-2017-kalogris-organic-winery\/","url":"https:\/\/ellados-shop.com\/de\/laden\/weine\/bio-rotwein-kalos-argos-2017-kalogris-organic-winery\/","name":"Bio-Rotwein Kalos Agros - Kalogris Winery - Ellados","isPartOf":{"@id":"https:\/\/ellados-shop.com\/de\/#website"},"primaryImageOfPage":{"@id":"https:\/\/ellados-shop.com\/de\/laden\/weine\/bio-rotwein-kalos-argos-2017-kalogris-organic-winery\/#primaryimage"},"image":{"@id":"https:\/\/ellados-shop.com\/de\/laden\/weine\/bio-rotwein-kalos-argos-2017-kalogris-organic-winery\/#primaryimage"},"thumbnailUrl":"https:\/\/ellados-shop.com\/wp-content\/uploads\/vin-rouge-grec-5.png","datePublished":"2024-03-27T14:10:23+00:00","dateModified":"2025-02-05T22:02:04+00:00","description":"\"Kalos Agros\" ist ein trockener Bio-Rotwein mit einzigartigen Geschmackseigenschaften. Nach f\u00fcnf Jahren Reifung in Eichenf\u00e4ssern wird Sie dieser Wein durch seine Zartheit \u00fcberraschen.","breadcrumb":{"@id":"https:\/\/ellados-shop.com\/de\/laden\/weine\/bio-rotwein-kalos-argos-2017-kalogris-organic-winery\/#breadcrumb"},"inLanguage":"de","potentialAction":[{"@type":"ReadAction","target":["https:\/\/ellados-shop.com\/de\/laden\/weine\/bio-rotwein-kalos-argos-2017-kalogris-organic-winery\/"]}]},{"@type":"ImageObject","inLanguage":"de","@id":"https:\/\/ellados-shop.com\/de\/laden\/weine\/bio-rotwein-kalos-argos-2017-kalogris-organic-winery\/#primaryimage","url":"https:\/\/ellados-shop.com\/wp-content\/uploads\/vin-rouge-grec-5.png","contentUrl":"https:\/\/ellados-shop.com\/wp-content\/uploads\/vin-rouge-grec-5.png","width":450,"height":450,"caption":"VIN ROUGE GREC"},{"@type":"BreadcrumbList","@id":"https:\/\/ellados-shop.com\/de\/laden\/weine\/bio-rotwein-kalos-argos-2017-kalogris-organic-winery\/#breadcrumb","itemListElement":[{"@type":"ListItem","position":1,"name":"Accueil","item":"https:\/\/ellados-shop.com\/de\/accueil-v2\/"},{"@type":"ListItem","position":2,"name":"Boutique","item":"https:\/\/ellados-shop.com\/boutique\/"},{"@type":"ListItem","position":3,"name":"Bio Rotwein &#8211; Kalos Agros &#8211; 2017 &#8211; Kalogris Organic Winery"}]},{"@type":"WebSite","@id":"https:\/\/ellados-shop.com\/de\/#website","url":"https:\/\/ellados-shop.com\/de\/","name":"Ellados","description":"","potentialAction":[{"@type":"SearchAction","target":{"@type":"EntryPoint","urlTemplate":"https:\/\/ellados-shop.com\/de\/?s={search_term_string}"},"query-input":{"@type":"PropertyValueSpecification","valueRequired":true,"valueName":"search_term_string"}}],"inLanguage":"de"}]}},"_links":{"self":[{"href":"https:\/\/ellados-shop.com\/de\/wp-json\/wp\/v2\/product\/2726","targetHints":{"allow":["GET"]}}],"collection":[{"href":"https:\/\/ellados-shop.com\/de\/wp-json\/wp\/v2\/product"}],"about":[{"href":"https:\/\/ellados-shop.com\/de\/wp-json\/wp\/v2\/types\/product"}],"replies":[{"embeddable":true,"href":"https:\/\/ellados-shop.com\/de\/wp-json\/wp\/v2\/comments?post=2726"}],"wp:featuredmedia":[{"embeddable":true,"href":"https:\/\/ellados-shop.com\/de\/wp-json\/wp\/v2\/media\/6173"}],"wp:attachment":[{"href":"https:\/\/ellados-shop.com\/de\/wp-json\/wp\/v2\/media?parent=2726"}],"wp:term":[{"taxonomy":"product_brand","embeddable":true,"href":"https:\/\/ellados-shop.com\/de\/wp-json\/wp\/v2\/product_brand?post=2726"},{"taxonomy":"product_cat","embeddable":true,"href":"https:\/\/ellados-shop.com\/de\/wp-json\/wp\/v2\/product_cat?post=2726"},{"taxonomy":"product_tag","embeddable":true,"href":"https:\/\/ellados-shop.com\/de\/wp-json\/wp\/v2\/product_tag?post=2726"}],"curies":[{"name":"wp","href":"https:\/\/api.w.org\/{rel}","templated":true}]}}