{"id":2727,"date":"2024-03-23T19:28:58","date_gmt":"2024-03-23T18:28:58","guid":{"rendered":"https:\/\/ellados-shop.com\/unkategorisiert\/vin-rouge-bio-kiriaki-2019-kalogris-organic-winerybio-rotwein-kiriaki-kalogris-winery\/"},"modified":"2024-10-16T00:02:31","modified_gmt":"2024-10-15T22:02:31","slug":"vin-rouge-bio-kiriaki-2019-kalogris-organic-winerybio-rotwein-kiriaki-kalogris-winery","status":"publish","type":"product","link":"https:\/\/ellados-shop.com\/de\/laden\/weine\/vin-rouge-bio-kiriaki-2019-kalogris-organic-winerybio-rotwein-kiriaki-kalogris-winery\/","title":{"rendered":"Vin Rouge Bio &#8211; Kiriaki &#8211; 2019 &#8211; Kalogris Organic WineryBio-Rotwein &#8222;Kiriaki&#8220; &#8211; Kalogris Winery"},"content":{"rendered":"<p>Der bio-rote Wein &#8218;Kiriaki&#8216;, 100 % Merlot, ist eine bemerkenswerte Kreation der Kalogris Organic Winery. Er f\u00e4ngt die Essenz der Weinbautradition des Peloponnes ein. Kiriaki&#8220; ist ein Wein, bei dem die gesamte Arbeit von Hand erledigt wird, &#8222;um die Reben nicht zu st\u00f6ren. Diese Anbaumethode erm\u00f6glicht es jedem einzelnen Traubenkorn, sich optimal zu entwickeln und sein Bestes zu geben. Die Sorgfalt und das Wohlwollen, das dem Anbau dieses Weins entgegengebracht wird, ist in jeder Flasche zu sp\u00fcren. Er reift und entwickelt sich \u00fcber 3 Jahre in franz\u00f6sischen Eichenf\u00e4ssern in den Kellern des Familienhauses. Dieser ungefilterte Wein weist einen minimalen Sulfitgehalt auf. Bei der Verkostung offenbart der Bio-Rotwein &#8222;Kiriaki&#8220; seine ganze F\u00fclle und Komplexit\u00e4t. Seine w\u00fcrzigen und holzigen Noten vermischen sich mit bet\u00f6renden Aromen von reifen roten Fr\u00fcchten, Johannisbeeren und Brombeeren. Diese subtile Geschmackskomposition bietet ein \u00e4u\u00dferst fesselndes olfaktorisches Erlebnis. Im Mund enth\u00fcllt dieser Rotwein eine elegante und ausgewogene Struktur mit samtigen Tanninen und einer seidigen Textur. Dieser Wein wird Liebhaber von Rindersteaks, Lammkoteletts oder Gourmet-Burgern verzaubern. Er passt perfekt zu geschmorten Gerichten und italienischen Spezialit\u00e4ten. Am Ende des Essens wird er Ihre gereiften K\u00e4sesorten veredeln und Ihnen einen Moment intensiven Genusses bescheren. Der Kiriaki ist der ideale Begleiter f\u00fcr Familienessen und gemeinsame Momente des Teilens. &nbsp;<\/p>\n","protected":false},"excerpt":{"rendered":"<p>Der <strong>halbtrockene Rotwein<\/strong> \u201aKiriaki\u2018 ist ein <strong>biologischer<\/strong> Wein, 100 % Merlot. Nach 3 Jahren Reifung in Eichenf\u00e4ssern offenbart er eine <strong>elegante und ausgewogene Struktur <\/strong>mit <strong>samtigen Tanninen<\/strong> und einer seidigen Textur. Eine weitere Entdeckung des Merlot.  <\/p>\n","protected":false},"featured_media":6170,"comment_status":"closed","ping_status":"closed","template":"","meta":[],"product_brand":[],"product_cat":[68,83,86],"product_tag":[],"class_list":{"0":"post-2727","1":"product","2":"type-product","3":"status-publish","4":"has-post-thumbnail","6":"product_cat-laden","7":"product_cat-weine","8":"product_cat-rotwein","10":"first","11":"instock","12":"taxable","13":"shipping-taxable","14":"purchasable","15":"product-type-simple"},"yoast_head":"<!-- This site is optimized with the Yoast SEO plugin v26.8 - https:\/\/yoast.com\/product\/yoast-seo-wordpress\/ -->\n<title>Bio-Rotwein &quot;Kiriaki&quot; - Kalogris Winery - IGP Arkadien - Ellados<\/title>\n<meta name=\"description\" content=\"Halbtrockener Bio-Rotwein &quot;Kiriaki&quot; aus 100 % Merlot mit eleganter und ausgewogener Struktur. Er wird gegrilltes Fleisch, mediterrane Gerichte und K\u00e4se begleiten.\" \/>\n<meta name=\"robots\" content=\"index, follow, max-snippet:-1, max-image-preview:large, max-video-preview:-1\" \/>\n<link rel=\"canonical\" href=\"https:\/\/ellados-shop.com\/de\/laden\/weine\/vin-rouge-bio-kiriaki-2019-kalogris-organic-winerybio-rotwein-kiriaki-kalogris-winery\/\" \/>\n<meta property=\"og:locale\" content=\"de_DE\" \/>\n<meta property=\"og:type\" content=\"article\" \/>\n<meta property=\"og:title\" content=\"Bio-Rotwein &quot;Kiriaki&quot; - Kalogris Winery - IGP Arkadien - Ellados\" \/>\n<meta property=\"og:description\" content=\"Halbtrockener Bio-Rotwein &quot;Kiriaki&quot; aus 100 % Merlot mit eleganter und ausgewogener Struktur. Er wird gegrilltes Fleisch, mediterrane Gerichte und K\u00e4se begleiten.\" \/>\n<meta property=\"og:url\" content=\"https:\/\/ellados-shop.com\/de\/laden\/weine\/vin-rouge-bio-kiriaki-2019-kalogris-organic-winerybio-rotwein-kiriaki-kalogris-winery\/\" \/>\n<meta property=\"og:site_name\" content=\"Ellados\" \/>\n<meta property=\"article:modified_time\" content=\"2024-10-15T22:02:31+00:00\" \/>\n<meta property=\"og:image\" content=\"https:\/\/ellados-shop.com\/wp-content\/uploads\/VIN-ROUGE-KIRIAKI-KALOS-ARGOS-1.png\" \/>\n\t<meta property=\"og:image:width\" content=\"450\" \/>\n\t<meta property=\"og:image:height\" content=\"600\" \/>\n\t<meta property=\"og:image:type\" content=\"image\/png\" \/>\n<meta name=\"twitter:card\" content=\"summary_large_image\" \/>\n<meta name=\"twitter:label1\" content=\"Gesch\u00e4tzte Lesezeit\" \/>\n\t<meta name=\"twitter:data1\" content=\"2\u00a0Minuten\" \/>\n<script type=\"application\/ld+json\" class=\"yoast-schema-graph\">{\"@context\":\"https:\/\/schema.org\",\"@graph\":[{\"@type\":\"WebPage\",\"@id\":\"https:\/\/ellados-shop.com\/de\/laden\/weine\/vin-rouge-bio-kiriaki-2019-kalogris-organic-winerybio-rotwein-kiriaki-kalogris-winery\/\",\"url\":\"https:\/\/ellados-shop.com\/de\/laden\/weine\/vin-rouge-bio-kiriaki-2019-kalogris-organic-winerybio-rotwein-kiriaki-kalogris-winery\/\",\"name\":\"Bio-Rotwein \\\"Kiriaki\\\" - Kalogris Winery - IGP Arkadien - Ellados\",\"isPartOf\":{\"@id\":\"https:\/\/ellados-shop.com\/de\/#website\"},\"primaryImageOfPage\":{\"@id\":\"https:\/\/ellados-shop.com\/de\/laden\/weine\/vin-rouge-bio-kiriaki-2019-kalogris-organic-winerybio-rotwein-kiriaki-kalogris-winery\/#primaryimage\"},\"image\":{\"@id\":\"https:\/\/ellados-shop.com\/de\/laden\/weine\/vin-rouge-bio-kiriaki-2019-kalogris-organic-winerybio-rotwein-kiriaki-kalogris-winery\/#primaryimage\"},\"thumbnailUrl\":\"https:\/\/ellados-shop.com\/wp-content\/uploads\/vin-rouge-grec-4.png\",\"datePublished\":\"2024-03-23T18:28:58+00:00\",\"dateModified\":\"2024-10-15T22:02:31+00:00\",\"description\":\"Halbtrockener Bio-Rotwein \\\"Kiriaki\\\" aus 100 % Merlot mit eleganter und ausgewogener Struktur. Er wird gegrilltes Fleisch, mediterrane Gerichte und K\u00e4se begleiten.\",\"breadcrumb\":{\"@id\":\"https:\/\/ellados-shop.com\/de\/laden\/weine\/vin-rouge-bio-kiriaki-2019-kalogris-organic-winerybio-rotwein-kiriaki-kalogris-winery\/#breadcrumb\"},\"inLanguage\":\"de\",\"potentialAction\":[{\"@type\":\"ReadAction\",\"target\":[\"https:\/\/ellados-shop.com\/de\/laden\/weine\/vin-rouge-bio-kiriaki-2019-kalogris-organic-winerybio-rotwein-kiriaki-kalogris-winery\/\"]}]},{\"@type\":\"ImageObject\",\"inLanguage\":\"de\",\"@id\":\"https:\/\/ellados-shop.com\/de\/laden\/weine\/vin-rouge-bio-kiriaki-2019-kalogris-organic-winerybio-rotwein-kiriaki-kalogris-winery\/#primaryimage\",\"url\":\"https:\/\/ellados-shop.com\/wp-content\/uploads\/vin-rouge-grec-4.png\",\"contentUrl\":\"https:\/\/ellados-shop.com\/wp-content\/uploads\/vin-rouge-grec-4.png\",\"width\":450,\"height\":450,\"caption\":\"VIN ROUGE BIO\"},{\"@type\":\"BreadcrumbList\",\"@id\":\"https:\/\/ellados-shop.com\/de\/laden\/weine\/vin-rouge-bio-kiriaki-2019-kalogris-organic-winerybio-rotwein-kiriaki-kalogris-winery\/#breadcrumb\",\"itemListElement\":[{\"@type\":\"ListItem\",\"position\":1,\"name\":\"Accueil\",\"item\":\"https:\/\/ellados-shop.com\/de\/accueil-v2\/\"},{\"@type\":\"ListItem\",\"position\":2,\"name\":\"Boutique\",\"item\":\"https:\/\/ellados-shop.com\/boutique\/\"},{\"@type\":\"ListItem\",\"position\":3,\"name\":\"Vin Rouge Bio &#8211; Kiriaki &#8211; 2019 &#8211; Kalogris Organic WineryBio-Rotwein \u00ab\u00a0Kiriaki\u00a0\u00bb &#8211; Kalogris Winery\"}]},{\"@type\":\"WebSite\",\"@id\":\"https:\/\/ellados-shop.com\/de\/#website\",\"url\":\"https:\/\/ellados-shop.com\/de\/\",\"name\":\"Ellados\",\"description\":\"\",\"potentialAction\":[{\"@type\":\"SearchAction\",\"target\":{\"@type\":\"EntryPoint\",\"urlTemplate\":\"https:\/\/ellados-shop.com\/de\/?s={search_term_string}\"},\"query-input\":{\"@type\":\"PropertyValueSpecification\",\"valueRequired\":true,\"valueName\":\"search_term_string\"}}],\"inLanguage\":\"de\"}]}<\/script>\n<!-- \/ Yoast SEO plugin. -->","yoast_head_json":{"title":"Bio-Rotwein \"Kiriaki\" - Kalogris Winery - IGP Arkadien - Ellados","description":"Halbtrockener Bio-Rotwein \"Kiriaki\" aus 100 % Merlot mit eleganter und ausgewogener Struktur. Er wird gegrilltes Fleisch, mediterrane Gerichte und K\u00e4se begleiten.","robots":{"index":"index","follow":"follow","max-snippet":"max-snippet:-1","max-image-preview":"max-image-preview:large","max-video-preview":"max-video-preview:-1"},"canonical":"https:\/\/ellados-shop.com\/de\/laden\/weine\/vin-rouge-bio-kiriaki-2019-kalogris-organic-winerybio-rotwein-kiriaki-kalogris-winery\/","og_locale":"de_DE","og_type":"article","og_title":"Bio-Rotwein \"Kiriaki\" - Kalogris Winery - IGP Arkadien - Ellados","og_description":"Halbtrockener Bio-Rotwein \"Kiriaki\" aus 100 % Merlot mit eleganter und ausgewogener Struktur. Er wird gegrilltes Fleisch, mediterrane Gerichte und K\u00e4se begleiten.","og_url":"https:\/\/ellados-shop.com\/de\/laden\/weine\/vin-rouge-bio-kiriaki-2019-kalogris-organic-winerybio-rotwein-kiriaki-kalogris-winery\/","og_site_name":"Ellados","article_modified_time":"2024-10-15T22:02:31+00:00","og_image":[{"width":450,"height":600,"url":"https:\/\/ellados-shop.com\/wp-content\/uploads\/VIN-ROUGE-KIRIAKI-KALOS-ARGOS-1.png","type":"image\/png"}],"twitter_card":"summary_large_image","twitter_misc":{"Gesch\u00e4tzte Lesezeit":"2\u00a0Minuten"},"schema":{"@context":"https:\/\/schema.org","@graph":[{"@type":"WebPage","@id":"https:\/\/ellados-shop.com\/de\/laden\/weine\/vin-rouge-bio-kiriaki-2019-kalogris-organic-winerybio-rotwein-kiriaki-kalogris-winery\/","url":"https:\/\/ellados-shop.com\/de\/laden\/weine\/vin-rouge-bio-kiriaki-2019-kalogris-organic-winerybio-rotwein-kiriaki-kalogris-winery\/","name":"Bio-Rotwein \"Kiriaki\" - Kalogris Winery - IGP Arkadien - Ellados","isPartOf":{"@id":"https:\/\/ellados-shop.com\/de\/#website"},"primaryImageOfPage":{"@id":"https:\/\/ellados-shop.com\/de\/laden\/weine\/vin-rouge-bio-kiriaki-2019-kalogris-organic-winerybio-rotwein-kiriaki-kalogris-winery\/#primaryimage"},"image":{"@id":"https:\/\/ellados-shop.com\/de\/laden\/weine\/vin-rouge-bio-kiriaki-2019-kalogris-organic-winerybio-rotwein-kiriaki-kalogris-winery\/#primaryimage"},"thumbnailUrl":"https:\/\/ellados-shop.com\/wp-content\/uploads\/vin-rouge-grec-4.png","datePublished":"2024-03-23T18:28:58+00:00","dateModified":"2024-10-15T22:02:31+00:00","description":"Halbtrockener Bio-Rotwein \"Kiriaki\" aus 100 % Merlot mit eleganter und ausgewogener Struktur. Er wird gegrilltes Fleisch, mediterrane Gerichte und K\u00e4se begleiten.","breadcrumb":{"@id":"https:\/\/ellados-shop.com\/de\/laden\/weine\/vin-rouge-bio-kiriaki-2019-kalogris-organic-winerybio-rotwein-kiriaki-kalogris-winery\/#breadcrumb"},"inLanguage":"de","potentialAction":[{"@type":"ReadAction","target":["https:\/\/ellados-shop.com\/de\/laden\/weine\/vin-rouge-bio-kiriaki-2019-kalogris-organic-winerybio-rotwein-kiriaki-kalogris-winery\/"]}]},{"@type":"ImageObject","inLanguage":"de","@id":"https:\/\/ellados-shop.com\/de\/laden\/weine\/vin-rouge-bio-kiriaki-2019-kalogris-organic-winerybio-rotwein-kiriaki-kalogris-winery\/#primaryimage","url":"https:\/\/ellados-shop.com\/wp-content\/uploads\/vin-rouge-grec-4.png","contentUrl":"https:\/\/ellados-shop.com\/wp-content\/uploads\/vin-rouge-grec-4.png","width":450,"height":450,"caption":"VIN ROUGE BIO"},{"@type":"BreadcrumbList","@id":"https:\/\/ellados-shop.com\/de\/laden\/weine\/vin-rouge-bio-kiriaki-2019-kalogris-organic-winerybio-rotwein-kiriaki-kalogris-winery\/#breadcrumb","itemListElement":[{"@type":"ListItem","position":1,"name":"Accueil","item":"https:\/\/ellados-shop.com\/de\/accueil-v2\/"},{"@type":"ListItem","position":2,"name":"Boutique","item":"https:\/\/ellados-shop.com\/boutique\/"},{"@type":"ListItem","position":3,"name":"Vin Rouge Bio &#8211; Kiriaki &#8211; 2019 &#8211; Kalogris Organic WineryBio-Rotwein \u00ab\u00a0Kiriaki\u00a0\u00bb &#8211; Kalogris Winery"}]},{"@type":"WebSite","@id":"https:\/\/ellados-shop.com\/de\/#website","url":"https:\/\/ellados-shop.com\/de\/","name":"Ellados","description":"","potentialAction":[{"@type":"SearchAction","target":{"@type":"EntryPoint","urlTemplate":"https:\/\/ellados-shop.com\/de\/?s={search_term_string}"},"query-input":{"@type":"PropertyValueSpecification","valueRequired":true,"valueName":"search_term_string"}}],"inLanguage":"de"}]}},"_links":{"self":[{"href":"https:\/\/ellados-shop.com\/de\/wp-json\/wp\/v2\/product\/2727","targetHints":{"allow":["GET"]}}],"collection":[{"href":"https:\/\/ellados-shop.com\/de\/wp-json\/wp\/v2\/product"}],"about":[{"href":"https:\/\/ellados-shop.com\/de\/wp-json\/wp\/v2\/types\/product"}],"replies":[{"embeddable":true,"href":"https:\/\/ellados-shop.com\/de\/wp-json\/wp\/v2\/comments?post=2727"}],"wp:featuredmedia":[{"embeddable":true,"href":"https:\/\/ellados-shop.com\/de\/wp-json\/wp\/v2\/media\/6170"}],"wp:attachment":[{"href":"https:\/\/ellados-shop.com\/de\/wp-json\/wp\/v2\/media?parent=2727"}],"wp:term":[{"taxonomy":"product_brand","embeddable":true,"href":"https:\/\/ellados-shop.com\/de\/wp-json\/wp\/v2\/product_brand?post=2727"},{"taxonomy":"product_cat","embeddable":true,"href":"https:\/\/ellados-shop.com\/de\/wp-json\/wp\/v2\/product_cat?post=2727"},{"taxonomy":"product_tag","embeddable":true,"href":"https:\/\/ellados-shop.com\/de\/wp-json\/wp\/v2\/product_tag?post=2727"}],"curies":[{"name":"wp","href":"https:\/\/api.w.org\/{rel}","templated":true}]}}