{"id":2733,"date":"2024-03-27T21:28:59","date_gmt":"2024-03-27T20:28:59","guid":{"rendered":"https:\/\/ellados-shop.com\/unkategorisiert\/trockener-weisswein-fare-rebels-astir-x-winery\/"},"modified":"2024-10-16T00:02:31","modified_gmt":"2024-10-15T22:02:31","slug":"trockener-weisswein-fare-rebels-astir-x-winery","status":"publish","type":"product","link":"https:\/\/ellados-shop.com\/de\/laden\/weine\/trockener-weisswein-fare-rebels-astir-x-winery\/","title":{"rendered":"Trockener Wei\u00dfwein &#8211; Far\u00e9 Rebels &#8211; 2023 &#8211; Astir X Winery"},"content":{"rendered":"<p>Die Far\u00e9 Rebels-Weinkollektion, hergestellt vom Weingut Astir X, erz\u00e4hlt, wie die Flamme der griechischen Revolution von 1821 in Kalamata w\u00e4hrend des Unabh\u00e4ngigkeitskrieges entfacht wurde. Entdecken Sie die K\u00fchnheit und Frische des trockenen Wei\u00dfweins Far\u00e9 Rebels, klassifiziert als IGP Peloponnes. Vangelis, Stathis, Stelios und Vangelis \u00fcbermitteln ihren Weinen den Charakter der von ihren Vorfahren seit 1930 angebauten griechischen Rebsorten. Ihre Weinberge erstrecken sich \u00fcber die <a href=\"https:\/\/ellados-shop.com\/actualites\/decouvrez-les-vins-grecs-originaires-du-peloponnese\/\">heiligen L\u00e4ndereien von Messenien und der Peloponnes. <\/a> Der Far\u00e9 Rebels ist ein trockener Wei\u00dfwein mit unvergleichlicher aromatischer Gro\u00dfz\u00fcgigkeit. Er enth\u00fcllt einen berauschenden Duftstrau\u00df, in dem sich harmonisch Noten von Blumen, frischem Obst und Zitrusfr\u00fcchten vermischen. Eine wahre olfaktorische Symphonie, die die Sinne weckt und ein unvergleichliches Geschmackserlebnis ank\u00fcndigt. Dieser Wein zeichnet sich durch seinen anspruchsvollen und kr\u00e4ftigen Charakter aus, der eine einzigartige Pers\u00f6nlichkeit offenbart, gepr\u00e4gt von einer markanten S\u00e4ure. Aus einer au\u00dfergew\u00f6hnlichen Rebsorte, dem Moschofilero, die in den Weinbergen im S\u00fcden der Peloponnes angebaut wird und von der IGP profitiert, verk\u00f6rpert er die Essenz des griechischen Terroirs. Die Moschofilero-Traube, das emblematische Traubensortiment des griechischen Festlands, verleiht dem Far\u00e9 Rebels eine Authentizit\u00e4t und Typizit\u00e4t, die ihn auf der internationalen Weinszene auszeichnen. Dieser Wein ist erfrischend. Er ist ein idealer Begleiter zu hellem Fleisch oder Nudelgerichten. Z\u00f6gern Sie nicht, ihn mit einer sorgf\u00e4ltig ausgew\u00e4hlten K\u00e4seplatte zu servieren. Er wird alle Ihre fruchtigen Desserts hervorheben. &nbsp;<\/p>\n<p>&nbsp;<\/p>\n<div class=\"flex-1 overflow-hidden\">\n<div class=\"react-scroll-to-bottom--css-edvpm-79elbk h-full\">\n<div class=\"react-scroll-to-bottom--css-edvpm-1n7m0yu\">\n<div>\n<div class=\"flex flex-col text-sm pb-9\">\n<div class=\"w-full text-token-text-primary\" dir=\"auto\" data-testid=\"conversation-turn-13\">\n<div class=\"px-4 py-2 justify-center text-base md:gap-6 m-auto\">\n<div class=\"flex flex-1 text-base mx-auto gap-3 juice:gap-4 juice:md:gap-6 md:px-5 lg:px-1 xl:px-5 md:max-w-3xl lg:max-w-[40rem] xl:max-w-[48rem] group final-completion\">\n<div class=\"relative flex w-full flex-col agent-turn\">\n<div class=\"flex-col gap-1 md:gap-3\">\n<div class=\"flex flex-grow flex-col max-w-full\">\n<div class=\"min-h-[20px] text-message flex flex-col items-start gap-3 whitespace-pre-wrap break-words [.text-message+&amp;]:mt-5 overflow-x-auto\" dir=\"auto\" data-message-author-role=\"assistant\" data-message-id=\"c8e14d45-d3de-42ef-bdb2-c7cec5626bfe\">\n<div class=\"markdown prose w-full break-words dark:prose-invert light\"><\/div>\n<\/div>\n<\/div>\n<div class=\"mt-1 flex gap-3 empty:hidden\">\n<div class=\"text-gray-400 flex self-end lg:self-center items-center justify-center lg:justify-start mt-0 -ml-1 h-7 gap-[2px] visible\">\n<div class=\"flex\"><\/div>\n<\/div>\n<\/div>\n<div class=\"pr-2 lg:pr-0\"><\/div>\n<\/div>\n<div class=\"absolute\">\n<div class=\"flex w-full gap-2 items-center justify-center\"><\/div>\n<\/div>\n<\/div>\n<\/div>\n<\/div>\n<\/div>\n<\/div>\n<\/div>\n<\/div>\n<\/div>\n<\/div>\n<div class=\"w-full pt-2 md:pt-0 dark:border-white\/20 md:border-transparent md:dark:border-transparent md:w-[calc(100%-.5rem)]\">\n<div class=\"relative flex h-full flex-1 flex-col\">\n<div class=\"absolute bottom-full left-0 right-0\"><\/div>\n<div class=\"flex w-full items-center\"><\/div>\n<\/div>\n<\/div>\n<p>&nbsp;<\/p>\n","protected":false},"excerpt":{"rendered":"<p>Far\u00e9 Rebels Blanc ist ein <strong>trockener Wei\u00dfwein,<\/strong> gro\u00dfz\u00fcgig aromatisch mit <strong>Noten von Blumen, frischen Fr\u00fcchten und Zitrusfr\u00fcchten.<\/strong> 100% Moschofilero. Dieser erfrischende Wein passt perfekt zu wei\u00dfem Fleisch, Pasta, einer herrlichen K\u00e4seplatte und allen Fruchtdesserts. &nbsp;<\/p>\n","protected":false},"featured_media":6134,"comment_status":"closed","ping_status":"closed","template":"","meta":[],"product_brand":[],"product_cat":[68,83,84],"product_tag":[],"class_list":{"0":"post-2733","1":"product","2":"type-product","3":"status-publish","4":"has-post-thumbnail","6":"product_cat-laden","7":"product_cat-weine","8":"product_cat-weiswein","10":"first","11":"instock","12":"taxable","13":"shipping-taxable","14":"purchasable","15":"product-type-simple"},"yoast_head":"<!-- This site is optimized with the Yoast SEO plugin v26.8 - https:\/\/yoast.com\/product\/yoast-seo-wordpress\/ -->\n<title>Trockener Wei\u00dfwein Far\u00e9 Rebels - Astir X Winery - Ellados<\/title>\n<meta name=\"description\" content=\"Far\u00e9 Rebels Blanc ist ein k\u00fchner, gro\u00dfz\u00fcgig aromatischer trockener Wei\u00dfwein mit Noten von Blumen, frischen Fr\u00fcchten und Zitrusfr\u00fcchten.\" \/>\n<meta name=\"robots\" content=\"index, follow, max-snippet:-1, max-image-preview:large, max-video-preview:-1\" \/>\n<link rel=\"canonical\" href=\"https:\/\/ellados-shop.com\/de\/laden\/weine\/trockener-weisswein-fare-rebels-astir-x-winery\/\" \/>\n<meta property=\"og:locale\" content=\"de_DE\" \/>\n<meta property=\"og:type\" content=\"article\" \/>\n<meta property=\"og:title\" content=\"Trockener Wei\u00dfwein Far\u00e9 Rebels - Astir X Winery - Ellados\" \/>\n<meta property=\"og:description\" content=\"Far\u00e9 Rebels Blanc ist ein k\u00fchner, gro\u00dfz\u00fcgig aromatischer trockener Wei\u00dfwein mit Noten von Blumen, frischen Fr\u00fcchten und Zitrusfr\u00fcchten.\" \/>\n<meta property=\"og:url\" content=\"https:\/\/ellados-shop.com\/de\/laden\/weine\/trockener-weisswein-fare-rebels-astir-x-winery\/\" \/>\n<meta property=\"og:site_name\" content=\"Ellados\" \/>\n<meta property=\"article:modified_time\" content=\"2024-10-15T22:02:31+00:00\" \/>\n<meta property=\"og:image\" content=\"https:\/\/ellados-shop.com\/wp-content\/uploads\/FARE-REBELS-VIN-BLANC-4.png\" \/>\n\t<meta property=\"og:image:width\" content=\"450\" \/>\n\t<meta property=\"og:image:height\" content=\"600\" \/>\n\t<meta property=\"og:image:type\" content=\"image\/png\" \/>\n<meta name=\"twitter:card\" content=\"summary_large_image\" \/>\n<meta name=\"twitter:label1\" content=\"Gesch\u00e4tzte Lesezeit\" \/>\n\t<meta name=\"twitter:data1\" content=\"2\u00a0Minuten\" \/>\n<script type=\"application\/ld+json\" class=\"yoast-schema-graph\">{\"@context\":\"https:\/\/schema.org\",\"@graph\":[{\"@type\":\"WebPage\",\"@id\":\"https:\/\/ellados-shop.com\/de\/laden\/weine\/trockener-weisswein-fare-rebels-astir-x-winery\/\",\"url\":\"https:\/\/ellados-shop.com\/de\/laden\/weine\/trockener-weisswein-fare-rebels-astir-x-winery\/\",\"name\":\"Trockener Wei\u00dfwein Far\u00e9 Rebels - Astir X Winery - Ellados\",\"isPartOf\":{\"@id\":\"https:\/\/ellados-shop.com\/de\/#website\"},\"primaryImageOfPage\":{\"@id\":\"https:\/\/ellados-shop.com\/de\/laden\/weine\/trockener-weisswein-fare-rebels-astir-x-winery\/#primaryimage\"},\"image\":{\"@id\":\"https:\/\/ellados-shop.com\/de\/laden\/weine\/trockener-weisswein-fare-rebels-astir-x-winery\/#primaryimage\"},\"thumbnailUrl\":\"https:\/\/ellados-shop.com\/wp-content\/uploads\/vin-blanc-grec-6.png\",\"datePublished\":\"2024-03-27T20:28:59+00:00\",\"dateModified\":\"2024-10-15T22:02:31+00:00\",\"description\":\"Far\u00e9 Rebels Blanc ist ein k\u00fchner, gro\u00dfz\u00fcgig aromatischer trockener Wei\u00dfwein mit Noten von Blumen, frischen Fr\u00fcchten und Zitrusfr\u00fcchten.\",\"breadcrumb\":{\"@id\":\"https:\/\/ellados-shop.com\/de\/laden\/weine\/trockener-weisswein-fare-rebels-astir-x-winery\/#breadcrumb\"},\"inLanguage\":\"de\",\"potentialAction\":[{\"@type\":\"ReadAction\",\"target\":[\"https:\/\/ellados-shop.com\/de\/laden\/weine\/trockener-weisswein-fare-rebels-astir-x-winery\/\"]}]},{\"@type\":\"ImageObject\",\"inLanguage\":\"de\",\"@id\":\"https:\/\/ellados-shop.com\/de\/laden\/weine\/trockener-weisswein-fare-rebels-astir-x-winery\/#primaryimage\",\"url\":\"https:\/\/ellados-shop.com\/wp-content\/uploads\/vin-blanc-grec-6.png\",\"contentUrl\":\"https:\/\/ellados-shop.com\/wp-content\/uploads\/vin-blanc-grec-6.png\",\"width\":450,\"height\":450,\"caption\":\"VIN BLANC\"},{\"@type\":\"BreadcrumbList\",\"@id\":\"https:\/\/ellados-shop.com\/de\/laden\/weine\/trockener-weisswein-fare-rebels-astir-x-winery\/#breadcrumb\",\"itemListElement\":[{\"@type\":\"ListItem\",\"position\":1,\"name\":\"Accueil\",\"item\":\"https:\/\/ellados-shop.com\/de\/accueil-v2\/\"},{\"@type\":\"ListItem\",\"position\":2,\"name\":\"Boutique\",\"item\":\"https:\/\/ellados-shop.com\/boutique\/\"},{\"@type\":\"ListItem\",\"position\":3,\"name\":\"Trockener Wei\u00dfwein &#8211; Far\u00e9 Rebels &#8211; 2023 &#8211; Astir X Winery\"}]},{\"@type\":\"WebSite\",\"@id\":\"https:\/\/ellados-shop.com\/de\/#website\",\"url\":\"https:\/\/ellados-shop.com\/de\/\",\"name\":\"Ellados\",\"description\":\"\",\"potentialAction\":[{\"@type\":\"SearchAction\",\"target\":{\"@type\":\"EntryPoint\",\"urlTemplate\":\"https:\/\/ellados-shop.com\/de\/?s={search_term_string}\"},\"query-input\":{\"@type\":\"PropertyValueSpecification\",\"valueRequired\":true,\"valueName\":\"search_term_string\"}}],\"inLanguage\":\"de\"}]}<\/script>\n<!-- \/ Yoast SEO plugin. -->","yoast_head_json":{"title":"Trockener Wei\u00dfwein Far\u00e9 Rebels - Astir X Winery - Ellados","description":"Far\u00e9 Rebels Blanc ist ein k\u00fchner, gro\u00dfz\u00fcgig aromatischer trockener Wei\u00dfwein mit Noten von Blumen, frischen Fr\u00fcchten und Zitrusfr\u00fcchten.","robots":{"index":"index","follow":"follow","max-snippet":"max-snippet:-1","max-image-preview":"max-image-preview:large","max-video-preview":"max-video-preview:-1"},"canonical":"https:\/\/ellados-shop.com\/de\/laden\/weine\/trockener-weisswein-fare-rebels-astir-x-winery\/","og_locale":"de_DE","og_type":"article","og_title":"Trockener Wei\u00dfwein Far\u00e9 Rebels - Astir X Winery - Ellados","og_description":"Far\u00e9 Rebels Blanc ist ein k\u00fchner, gro\u00dfz\u00fcgig aromatischer trockener Wei\u00dfwein mit Noten von Blumen, frischen Fr\u00fcchten und Zitrusfr\u00fcchten.","og_url":"https:\/\/ellados-shop.com\/de\/laden\/weine\/trockener-weisswein-fare-rebels-astir-x-winery\/","og_site_name":"Ellados","article_modified_time":"2024-10-15T22:02:31+00:00","og_image":[{"width":450,"height":600,"url":"https:\/\/ellados-shop.com\/wp-content\/uploads\/FARE-REBELS-VIN-BLANC-4.png","type":"image\/png"}],"twitter_card":"summary_large_image","twitter_misc":{"Gesch\u00e4tzte Lesezeit":"2\u00a0Minuten"},"schema":{"@context":"https:\/\/schema.org","@graph":[{"@type":"WebPage","@id":"https:\/\/ellados-shop.com\/de\/laden\/weine\/trockener-weisswein-fare-rebels-astir-x-winery\/","url":"https:\/\/ellados-shop.com\/de\/laden\/weine\/trockener-weisswein-fare-rebels-astir-x-winery\/","name":"Trockener Wei\u00dfwein Far\u00e9 Rebels - Astir X Winery - Ellados","isPartOf":{"@id":"https:\/\/ellados-shop.com\/de\/#website"},"primaryImageOfPage":{"@id":"https:\/\/ellados-shop.com\/de\/laden\/weine\/trockener-weisswein-fare-rebels-astir-x-winery\/#primaryimage"},"image":{"@id":"https:\/\/ellados-shop.com\/de\/laden\/weine\/trockener-weisswein-fare-rebels-astir-x-winery\/#primaryimage"},"thumbnailUrl":"https:\/\/ellados-shop.com\/wp-content\/uploads\/vin-blanc-grec-6.png","datePublished":"2024-03-27T20:28:59+00:00","dateModified":"2024-10-15T22:02:31+00:00","description":"Far\u00e9 Rebels Blanc ist ein k\u00fchner, gro\u00dfz\u00fcgig aromatischer trockener Wei\u00dfwein mit Noten von Blumen, frischen Fr\u00fcchten und Zitrusfr\u00fcchten.","breadcrumb":{"@id":"https:\/\/ellados-shop.com\/de\/laden\/weine\/trockener-weisswein-fare-rebels-astir-x-winery\/#breadcrumb"},"inLanguage":"de","potentialAction":[{"@type":"ReadAction","target":["https:\/\/ellados-shop.com\/de\/laden\/weine\/trockener-weisswein-fare-rebels-astir-x-winery\/"]}]},{"@type":"ImageObject","inLanguage":"de","@id":"https:\/\/ellados-shop.com\/de\/laden\/weine\/trockener-weisswein-fare-rebels-astir-x-winery\/#primaryimage","url":"https:\/\/ellados-shop.com\/wp-content\/uploads\/vin-blanc-grec-6.png","contentUrl":"https:\/\/ellados-shop.com\/wp-content\/uploads\/vin-blanc-grec-6.png","width":450,"height":450,"caption":"VIN BLANC"},{"@type":"BreadcrumbList","@id":"https:\/\/ellados-shop.com\/de\/laden\/weine\/trockener-weisswein-fare-rebels-astir-x-winery\/#breadcrumb","itemListElement":[{"@type":"ListItem","position":1,"name":"Accueil","item":"https:\/\/ellados-shop.com\/de\/accueil-v2\/"},{"@type":"ListItem","position":2,"name":"Boutique","item":"https:\/\/ellados-shop.com\/boutique\/"},{"@type":"ListItem","position":3,"name":"Trockener Wei\u00dfwein &#8211; Far\u00e9 Rebels &#8211; 2023 &#8211; Astir X Winery"}]},{"@type":"WebSite","@id":"https:\/\/ellados-shop.com\/de\/#website","url":"https:\/\/ellados-shop.com\/de\/","name":"Ellados","description":"","potentialAction":[{"@type":"SearchAction","target":{"@type":"EntryPoint","urlTemplate":"https:\/\/ellados-shop.com\/de\/?s={search_term_string}"},"query-input":{"@type":"PropertyValueSpecification","valueRequired":true,"valueName":"search_term_string"}}],"inLanguage":"de"}]}},"_links":{"self":[{"href":"https:\/\/ellados-shop.com\/de\/wp-json\/wp\/v2\/product\/2733","targetHints":{"allow":["GET"]}}],"collection":[{"href":"https:\/\/ellados-shop.com\/de\/wp-json\/wp\/v2\/product"}],"about":[{"href":"https:\/\/ellados-shop.com\/de\/wp-json\/wp\/v2\/types\/product"}],"replies":[{"embeddable":true,"href":"https:\/\/ellados-shop.com\/de\/wp-json\/wp\/v2\/comments?post=2733"}],"wp:featuredmedia":[{"embeddable":true,"href":"https:\/\/ellados-shop.com\/de\/wp-json\/wp\/v2\/media\/6134"}],"wp:attachment":[{"href":"https:\/\/ellados-shop.com\/de\/wp-json\/wp\/v2\/media?parent=2733"}],"wp:term":[{"taxonomy":"product_brand","embeddable":true,"href":"https:\/\/ellados-shop.com\/de\/wp-json\/wp\/v2\/product_brand?post=2733"},{"taxonomy":"product_cat","embeddable":true,"href":"https:\/\/ellados-shop.com\/de\/wp-json\/wp\/v2\/product_cat?post=2733"},{"taxonomy":"product_tag","embeddable":true,"href":"https:\/\/ellados-shop.com\/de\/wp-json\/wp\/v2\/product_tag?post=2733"}],"curies":[{"name":"wp","href":"https:\/\/api.w.org\/{rel}","templated":true}]}}