{"id":2734,"date":"2024-03-27T16:39:05","date_gmt":"2024-03-27T15:39:05","guid":{"rendered":"https:\/\/ellados-shop.com\/unkategorisiert\/rosewein-fteri-2023-troupis-winery\/"},"modified":"2024-10-16T00:02:31","modified_gmt":"2024-10-15T22:02:31","slug":"rosewein-fteri-2023-troupis-winery","status":"publish","type":"product","link":"https:\/\/ellados-shop.com\/de\/laden\/weine\/rosewein\/rosewein-fteri-2023-troupis-winery\/","title":{"rendered":"Trockener griechischer Ros\u00e9wein &#8211; \u201eFteri\u201c &#8211; 2023 &#8211; Troupis Winery"},"content":{"rendered":"<div class=\"flex-1 overflow-hidden\">\n<div class=\"react-scroll-to-bottom--css-hhzim-79elbk h-full\">\n<div class=\"react-scroll-to-bottom--css-hhzim-1n7m0yu\">\n<div class=\"flex flex-col text-sm pb-9\">\n<div class=\"w-full text-token-text-primary\" data-testid=\"conversation-turn-9\">\n<div class=\"px-4 py-2 justify-center text-base md:gap-6 m-auto\">\n<div class=\"flex flex-1 text-base mx-auto gap-3 md:px-5 lg:px-1 xl:px-5 md:max-w-3xl lg:max-w-[40rem] xl:max-w-[48rem] group final-completion\">\n<div class=\"relative flex w-full flex-col agent-turn\">\n<div class=\"flex-col gap-1 md:gap-3\">\n<div class=\"pr-2 lg:pr-0\">\n<div class=\"flex-1 overflow-hidden\">\n<div class=\"react-scroll-to-bottom--css-hhzim-79elbk h-full\">\n<div class=\"react-scroll-to-bottom--css-hhzim-1n7m0yu\">\n<div class=\"flex flex-col text-sm pb-9\">\n<div class=\"w-full text-token-text-primary\" data-testid=\"conversation-turn-11\">\n<div class=\"px-4 py-2 justify-center text-base md:gap-6 m-auto\">\n<div class=\"flex flex-1 text-base mx-auto gap-3 md:px-5 lg:px-1 xl:px-5 md:max-w-3xl lg:max-w-[40rem] xl:max-w-[48rem] group final-completion\">\n<div class=\"relative flex w-full flex-col agent-turn\">\n<div class=\"flex-col gap-1 md:gap-3\">\n<div class=\"flex flex-grow flex-col max-w-full\">\n<div class=\"min-h-[20px] text-message flex flex-col items-start gap-3 whitespace-pre-wrap break-words [.text-message+&amp;]:mt-5 overflow-x-auto\" data-message-author-role=\"assistant\" data-message-id=\"e65838ea-eca7-406e-987b-e937ed223307\">\n<div class=\"markdown prose w-full break-words dark:prose-invert light\"> Tauchen Sie ein in die raffinierte Eleganz des Fteri Ros\u00e9! Eine bezaubernde Kreation mit limitierter Produktion. Dieser griechische, trockene Ros\u00e9wein namens &#8222;Ft\u00e9ri&#8220;, oder &#8222;Fl\u00fcgel&#8220; auf Franz\u00f6sisch, dr\u00fcckt einen Flug zu Geschmackshorizonten aus. Die sorgf\u00e4ltige Auswahl und Verschmelzung von zwei emblematischen Rebsorten Griechenlands, Agiorgitiko und Moschofilero, machen einen harmonischen Ros\u00e9wein mit einer gewissen aromatischen Komplexit\u00e4t. Entdecken Sie den Fteri Ros\u00e9, ein wahrer Zauber f\u00fcr die Sinne! Sein blasses und leuchtendes Rosa zieht sofort die Aufmerksamkeit auf sich und verspricht ein au\u00dfergew\u00f6hnliches Geschmackserlebnis. Lassen Sie sich von seinem exquisiten Bouquet verf\u00fchren, das frische rote Fr\u00fcchte und fr\u00fchlingshafte florale Noten harmonisch vereint, f\u00fcr eine unvergessliche olfaktorische Reise. Im Mund enth\u00fcllt dieser trockene griechische Ros\u00e9wein seine ganze Finesse mit einer seidigen Textur, die den Gaumen sanft umschmeichelt. Sein perfektes Gleichgewicht zwischen lebendiger S\u00e4ure und zarter F\u00fclle wird Sie sofort verf\u00fchren. Lassen Sie sich von der Explosion der Aromen saftiger Erdbeeren, knackiger Kirschen und sauren Grapefruits \u00fcberraschen. Diese Aromen vereinen sich zu einer bet\u00f6renden Geschmackssymphonie f\u00fcr ein unvergleichliches Vergn\u00fcgen. Entdecken Sie den Fteri Ros\u00e9 und lassen Sie sich von diesem unvergleichlichen sensorischen Erlebnis mitrei\u00dfen. Ob Sie ein Liebhaber der italienischen K\u00fcche, frischer Meeresfr\u00fcchte oder exotischer Gerichte sind, dieser Ros\u00e9wein wird all Ihre W\u00fcnsche erf\u00fcllen. Dann lassen Sie sich von einem unvergesslichen kulinarischen Erlebnis mitrei\u00dfen. Genie\u00dfen Sie den Fteri Ros\u00e9 gut gek\u00fchlt und lassen Sie sich von seinem bezaubernden Charme verf\u00fchren. <\/div>\n<\/div>\n<\/div>\n<\/div>\n<\/div>\n<\/div>\n<\/div>\n<\/div>\n<\/div>\n<\/div>\n<\/div>\n<\/div>\n<div class=\"w-full pt-2 md:pt-0 dark:border-white\/20 md:border-transparent md:dark:border-transparent md:w-[calc(100%-.5rem)]\">\n<div class=\"relative flex h-full flex-1 flex-col\">\n<div class=\"absolute bottom-full left-0 right-0\"><\/div>\n<div class=\"flex w-full items-center\"><\/div>\n<\/div>\n<\/div>\n<\/div>\n<\/div>\n<div class=\"absolute\">\n<div class=\"flex w-full gap-2 items-center justify-center\"><\/div>\n<\/div>\n<\/div>\n<\/div>\n<\/div>\n<\/div>\n<\/div>\n<\/div>\n<\/div>\n<\/div>\n<div class=\"w-full pt-2 md:pt-0 dark:border-white\/20 md:border-transparent md:dark:border-transparent md:w-[calc(100%-.5rem)]\">\n<div class=\"relative flex h-full flex-1 flex-col\">\n<div class=\"absolute bottom-full left-0 right-0\"><\/div>\n<div class=\"flex w-full items-center\"><\/div>\n<\/div>\n<\/div>\n","protected":false},"excerpt":{"rendered":"<p>Der &#8218;Fteri Ros\u00e9&#8216; ist eine bezaubernde, <strong>limitierte Kreation<\/strong> der Troupis Winery. Es ist ein <strong>harmonischer Wein<\/strong> mit dominierenden Aromen von Rose, Kirsche und Erdbeere. <strong>Ein Wein, der unter Freundinnen geteilt wird!<\/strong> <\/p>\n","protected":false},"featured_media":6146,"comment_status":"closed","ping_status":"closed","template":"","meta":[],"product_brand":[],"product_cat":[68,83,85],"product_tag":[],"class_list":{"0":"post-2734","1":"product","2":"type-product","3":"status-publish","4":"has-post-thumbnail","6":"product_cat-laden","7":"product_cat-weine","8":"product_cat-rosewein","10":"first","11":"instock","12":"taxable","13":"shipping-taxable","14":"purchasable","15":"product-type-simple"},"yoast_head":"<!-- This site is optimized with the Yoast SEO plugin v26.8 - https:\/\/yoast.com\/product\/yoast-seo-wordpress\/ -->\n<title>Griechischer trockener Ros\u00e9wein - \u201eFteri\u201c- Troupis Winery - Ellados<\/title>\n<meta name=\"description\" content=\"Der trockene Ros\u00e9wein &quot;Fteri&quot; ist ein ziemlich seltener griechischer Wein, der in begrenzten Mengen aus der Verschmelzung von zwei griechischen Rebsorten hergestellt wird. Lassen Sie sich \u00fcberraschen...\" \/>\n<meta name=\"robots\" content=\"index, follow, max-snippet:-1, max-image-preview:large, max-video-preview:-1\" \/>\n<link rel=\"canonical\" href=\"https:\/\/ellados-shop.com\/de\/laden\/weine\/rosewein\/rosewein-fteri-2023-troupis-winery\/\" \/>\n<meta property=\"og:locale\" content=\"de_DE\" \/>\n<meta property=\"og:type\" content=\"article\" \/>\n<meta property=\"og:title\" content=\"Griechischer trockener Ros\u00e9wein - \u201eFteri\u201c- Troupis Winery - Ellados\" \/>\n<meta property=\"og:description\" content=\"Der trockene Ros\u00e9wein &quot;Fteri&quot; ist ein ziemlich seltener griechischer Wein, der in begrenzten Mengen aus der Verschmelzung von zwei griechischen Rebsorten hergestellt wird. Lassen Sie sich \u00fcberraschen...\" \/>\n<meta property=\"og:url\" content=\"https:\/\/ellados-shop.com\/de\/laden\/weine\/rosewein\/rosewein-fteri-2023-troupis-winery\/\" \/>\n<meta property=\"og:site_name\" content=\"Ellados\" \/>\n<meta property=\"article:modified_time\" content=\"2024-10-15T22:02:31+00:00\" \/>\n<meta property=\"og:image\" content=\"https:\/\/ellados-shop.com\/wp-content\/uploads\/FTERI-ROSE-1.png\" \/>\n\t<meta property=\"og:image:width\" content=\"450\" \/>\n\t<meta property=\"og:image:height\" content=\"600\" \/>\n\t<meta property=\"og:image:type\" content=\"image\/png\" \/>\n<meta name=\"twitter:card\" content=\"summary_large_image\" \/>\n<meta name=\"twitter:label1\" content=\"Gesch\u00e4tzte Lesezeit\" \/>\n\t<meta name=\"twitter:data1\" content=\"1\u00a0Minute\" \/>\n<script type=\"application\/ld+json\" class=\"yoast-schema-graph\">{\"@context\":\"https:\/\/schema.org\",\"@graph\":[{\"@type\":\"WebPage\",\"@id\":\"https:\/\/ellados-shop.com\/de\/laden\/weine\/rosewein\/rosewein-fteri-2023-troupis-winery\/\",\"url\":\"https:\/\/ellados-shop.com\/de\/laden\/weine\/rosewein\/rosewein-fteri-2023-troupis-winery\/\",\"name\":\"Griechischer trockener Ros\u00e9wein - \u201eFteri\u201c- Troupis Winery - Ellados\",\"isPartOf\":{\"@id\":\"https:\/\/ellados-shop.com\/de\/#website\"},\"primaryImageOfPage\":{\"@id\":\"https:\/\/ellados-shop.com\/de\/laden\/weine\/rosewein\/rosewein-fteri-2023-troupis-winery\/#primaryimage\"},\"image\":{\"@id\":\"https:\/\/ellados-shop.com\/de\/laden\/weine\/rosewein\/rosewein-fteri-2023-troupis-winery\/#primaryimage\"},\"thumbnailUrl\":\"https:\/\/ellados-shop.com\/wp-content\/uploads\/vin-rose-grec-2.png\",\"datePublished\":\"2024-03-27T15:39:05+00:00\",\"dateModified\":\"2024-10-15T22:02:31+00:00\",\"description\":\"Der trockene Ros\u00e9wein \\\"Fteri\\\" ist ein ziemlich seltener griechischer Wein, der in begrenzten Mengen aus der Verschmelzung von zwei griechischen Rebsorten hergestellt wird. Lassen Sie sich \u00fcberraschen...\",\"breadcrumb\":{\"@id\":\"https:\/\/ellados-shop.com\/de\/laden\/weine\/rosewein\/rosewein-fteri-2023-troupis-winery\/#breadcrumb\"},\"inLanguage\":\"de\",\"potentialAction\":[{\"@type\":\"ReadAction\",\"target\":[\"https:\/\/ellados-shop.com\/de\/laden\/weine\/rosewein\/rosewein-fteri-2023-troupis-winery\/\"]}]},{\"@type\":\"ImageObject\",\"inLanguage\":\"de\",\"@id\":\"https:\/\/ellados-shop.com\/de\/laden\/weine\/rosewein\/rosewein-fteri-2023-troupis-winery\/#primaryimage\",\"url\":\"https:\/\/ellados-shop.com\/wp-content\/uploads\/vin-rose-grec-2.png\",\"contentUrl\":\"https:\/\/ellados-shop.com\/wp-content\/uploads\/vin-rose-grec-2.png\",\"width\":450,\"height\":450,\"caption\":\"VIN ROSE GREC\"},{\"@type\":\"BreadcrumbList\",\"@id\":\"https:\/\/ellados-shop.com\/de\/laden\/weine\/rosewein\/rosewein-fteri-2023-troupis-winery\/#breadcrumb\",\"itemListElement\":[{\"@type\":\"ListItem\",\"position\":1,\"name\":\"Accueil\",\"item\":\"https:\/\/ellados-shop.com\/de\/accueil-v2\/\"},{\"@type\":\"ListItem\",\"position\":2,\"name\":\"Boutique\",\"item\":\"https:\/\/ellados-shop.com\/boutique\/\"},{\"@type\":\"ListItem\",\"position\":3,\"name\":\"Trockener griechischer Ros\u00e9wein &#8211; \u201eFteri\u201c &#8211; 2023 &#8211; Troupis Winery\"}]},{\"@type\":\"WebSite\",\"@id\":\"https:\/\/ellados-shop.com\/de\/#website\",\"url\":\"https:\/\/ellados-shop.com\/de\/\",\"name\":\"Ellados\",\"description\":\"\",\"potentialAction\":[{\"@type\":\"SearchAction\",\"target\":{\"@type\":\"EntryPoint\",\"urlTemplate\":\"https:\/\/ellados-shop.com\/de\/?s={search_term_string}\"},\"query-input\":{\"@type\":\"PropertyValueSpecification\",\"valueRequired\":true,\"valueName\":\"search_term_string\"}}],\"inLanguage\":\"de\"}]}<\/script>\n<!-- \/ Yoast SEO plugin. -->","yoast_head_json":{"title":"Griechischer trockener Ros\u00e9wein - \u201eFteri\u201c- Troupis Winery - Ellados","description":"Der trockene Ros\u00e9wein \"Fteri\" ist ein ziemlich seltener griechischer Wein, der in begrenzten Mengen aus der Verschmelzung von zwei griechischen Rebsorten hergestellt wird. Lassen Sie sich \u00fcberraschen...","robots":{"index":"index","follow":"follow","max-snippet":"max-snippet:-1","max-image-preview":"max-image-preview:large","max-video-preview":"max-video-preview:-1"},"canonical":"https:\/\/ellados-shop.com\/de\/laden\/weine\/rosewein\/rosewein-fteri-2023-troupis-winery\/","og_locale":"de_DE","og_type":"article","og_title":"Griechischer trockener Ros\u00e9wein - \u201eFteri\u201c- Troupis Winery - Ellados","og_description":"Der trockene Ros\u00e9wein \"Fteri\" ist ein ziemlich seltener griechischer Wein, der in begrenzten Mengen aus der Verschmelzung von zwei griechischen Rebsorten hergestellt wird. Lassen Sie sich \u00fcberraschen...","og_url":"https:\/\/ellados-shop.com\/de\/laden\/weine\/rosewein\/rosewein-fteri-2023-troupis-winery\/","og_site_name":"Ellados","article_modified_time":"2024-10-15T22:02:31+00:00","og_image":[{"width":450,"height":600,"url":"https:\/\/ellados-shop.com\/wp-content\/uploads\/FTERI-ROSE-1.png","type":"image\/png"}],"twitter_card":"summary_large_image","twitter_misc":{"Gesch\u00e4tzte Lesezeit":"1\u00a0Minute"},"schema":{"@context":"https:\/\/schema.org","@graph":[{"@type":"WebPage","@id":"https:\/\/ellados-shop.com\/de\/laden\/weine\/rosewein\/rosewein-fteri-2023-troupis-winery\/","url":"https:\/\/ellados-shop.com\/de\/laden\/weine\/rosewein\/rosewein-fteri-2023-troupis-winery\/","name":"Griechischer trockener Ros\u00e9wein - \u201eFteri\u201c- Troupis Winery - Ellados","isPartOf":{"@id":"https:\/\/ellados-shop.com\/de\/#website"},"primaryImageOfPage":{"@id":"https:\/\/ellados-shop.com\/de\/laden\/weine\/rosewein\/rosewein-fteri-2023-troupis-winery\/#primaryimage"},"image":{"@id":"https:\/\/ellados-shop.com\/de\/laden\/weine\/rosewein\/rosewein-fteri-2023-troupis-winery\/#primaryimage"},"thumbnailUrl":"https:\/\/ellados-shop.com\/wp-content\/uploads\/vin-rose-grec-2.png","datePublished":"2024-03-27T15:39:05+00:00","dateModified":"2024-10-15T22:02:31+00:00","description":"Der trockene Ros\u00e9wein \"Fteri\" ist ein ziemlich seltener griechischer Wein, der in begrenzten Mengen aus der Verschmelzung von zwei griechischen Rebsorten hergestellt wird. Lassen Sie sich \u00fcberraschen...","breadcrumb":{"@id":"https:\/\/ellados-shop.com\/de\/laden\/weine\/rosewein\/rosewein-fteri-2023-troupis-winery\/#breadcrumb"},"inLanguage":"de","potentialAction":[{"@type":"ReadAction","target":["https:\/\/ellados-shop.com\/de\/laden\/weine\/rosewein\/rosewein-fteri-2023-troupis-winery\/"]}]},{"@type":"ImageObject","inLanguage":"de","@id":"https:\/\/ellados-shop.com\/de\/laden\/weine\/rosewein\/rosewein-fteri-2023-troupis-winery\/#primaryimage","url":"https:\/\/ellados-shop.com\/wp-content\/uploads\/vin-rose-grec-2.png","contentUrl":"https:\/\/ellados-shop.com\/wp-content\/uploads\/vin-rose-grec-2.png","width":450,"height":450,"caption":"VIN ROSE GREC"},{"@type":"BreadcrumbList","@id":"https:\/\/ellados-shop.com\/de\/laden\/weine\/rosewein\/rosewein-fteri-2023-troupis-winery\/#breadcrumb","itemListElement":[{"@type":"ListItem","position":1,"name":"Accueil","item":"https:\/\/ellados-shop.com\/de\/accueil-v2\/"},{"@type":"ListItem","position":2,"name":"Boutique","item":"https:\/\/ellados-shop.com\/boutique\/"},{"@type":"ListItem","position":3,"name":"Trockener griechischer Ros\u00e9wein &#8211; \u201eFteri\u201c &#8211; 2023 &#8211; Troupis Winery"}]},{"@type":"WebSite","@id":"https:\/\/ellados-shop.com\/de\/#website","url":"https:\/\/ellados-shop.com\/de\/","name":"Ellados","description":"","potentialAction":[{"@type":"SearchAction","target":{"@type":"EntryPoint","urlTemplate":"https:\/\/ellados-shop.com\/de\/?s={search_term_string}"},"query-input":{"@type":"PropertyValueSpecification","valueRequired":true,"valueName":"search_term_string"}}],"inLanguage":"de"}]}},"_links":{"self":[{"href":"https:\/\/ellados-shop.com\/de\/wp-json\/wp\/v2\/product\/2734","targetHints":{"allow":["GET"]}}],"collection":[{"href":"https:\/\/ellados-shop.com\/de\/wp-json\/wp\/v2\/product"}],"about":[{"href":"https:\/\/ellados-shop.com\/de\/wp-json\/wp\/v2\/types\/product"}],"replies":[{"embeddable":true,"href":"https:\/\/ellados-shop.com\/de\/wp-json\/wp\/v2\/comments?post=2734"}],"wp:featuredmedia":[{"embeddable":true,"href":"https:\/\/ellados-shop.com\/de\/wp-json\/wp\/v2\/media\/6146"}],"wp:attachment":[{"href":"https:\/\/ellados-shop.com\/de\/wp-json\/wp\/v2\/media?parent=2734"}],"wp:term":[{"taxonomy":"product_brand","embeddable":true,"href":"https:\/\/ellados-shop.com\/de\/wp-json\/wp\/v2\/product_brand?post=2734"},{"taxonomy":"product_cat","embeddable":true,"href":"https:\/\/ellados-shop.com\/de\/wp-json\/wp\/v2\/product_cat?post=2734"},{"taxonomy":"product_tag","embeddable":true,"href":"https:\/\/ellados-shop.com\/de\/wp-json\/wp\/v2\/product_tag?post=2734"}],"curies":[{"name":"wp","href":"https:\/\/api.w.org\/{rel}","templated":true}]}}