{"id":2735,"date":"2024-03-27T16:07:08","date_gmt":"2024-03-27T15:07:08","guid":{"rendered":"https:\/\/ellados-shop.com\/unkategorisiert\/rosewein-tomi-mantinie-2023-troupis-winery\/"},"modified":"2024-10-03T00:02:26","modified_gmt":"2024-10-02T22:02:26","slug":"rosewein-tomi-mantinie-2023-troupis-winery","status":"publish","type":"product","link":"https:\/\/ellados-shop.com\/de\/laden\/weine\/rosewein\/rosewein-tomi-mantinie-2023-troupis-winery\/","title":{"rendered":"Trockener griechischer Ros\u00e9wein &#8211; Tomi &#8211; 2023 &#8211; Troupis Winery"},"content":{"rendered":"<p>Der trockene Ros\u00e9wein \u201eTomi\u201c ist ein au\u00dfergew\u00f6hnlicher griechischer Wein. Die Moschofilero-Trauben, die diesen Wein ausmachen, werden bei ihrer aromatischen Spitzenreife geerntet und stammen aus einem einzigen Weinberg. Die Kombination verschiedener Weinherstellungsmethoden erm\u00f6glicht die Herstellung eines Weins, der das volle aromatische und geschmackliche Potenzial des Moschofilero freisetzt. Wussten Sie, dass diese Rebsorte ein Muss in den<a href=\"https:\/\/ellados-shop.com\/actualites\/decouvrez-les-vins-grecs-originaires-du-peloponnese\/\"> Weinbergen des Peloponnes<\/a> ist? Lassen Sie sich von dem bet\u00f6renden Bouquet dieses Weins berauschen, in dem sich k\u00f6stliche Noten von Quitten, getrockneten Aprikosen und roten \u00c4pfeln vereinen. Im Mund erwartet Sie eine Explosion von Aromen. Zun\u00e4chst eine lebendige S\u00e4ure, die die Geschmacksknospen belebt. Danach ein subtiles Aroma von Zitrusschalen. All diese Empfindungen werden Sie sofort auf eine unvergleichliche Geschmacksreise mitnehmen. Tauchen Sie ein in ein unvergessliches sensorisches Erlebnis mit &#8222;Tomi&#8220;! Kombinieren Sie diesen trockenen Ros\u00e9wein mit der Authentizit\u00e4t der italienischen K\u00fcche. Daher werden Pasta-Gerichte mit Tomatensauce, Ossobuco und Auberginen Parmigiana seine feinen Nuancen hervorheben. Entscheiden Sie sich auch f\u00fcr gegrillten Fisch. Sie werden wunderbar zur Lebendigkeit des &#8222;Tomi&#8220; passen. F\u00fcr die Abenteuerlustigen, wagen Sie sich an Gerichte, die s\u00fc\u00df und salzig kombinieren und exotische Aromen bieten. Dieser au\u00dfergew\u00f6hnliche Wein wird zum Beispiel das Rindfleisch oder die Schweinefleischb\u00e4llchen in s\u00fc\u00df-saurer So\u00dfe hervorheben. Er wird sich subtil mit den w\u00fcrzigen Noten eines Madras-Curry-Huhns verbinden. Lassen Sie sich von der Frische und Feinheit dieses Ros\u00e9weins, Symbol f\u00fcr die griechische Lebensart, mitrei\u00dfen.<\/p>\n","protected":false},"excerpt":{"rendered":"<p>Der Tomh ist ein <strong>einzigartiger <\/strong>Ros\u00e9wein, da er aus Trauben eines einzigen Weinbergs hergestellt wird. Am Gaumen entfalten sich Aromen von <strong>Quitten, Aprikosen und roten \u00c4pfeln<\/strong>. Es handelt sich um einen leicht s\u00e4uerlichen Wein, der im Abgang Noten von Zitrusschalen offenbart. Am besten gut gek\u00fchlt genie\u00dfen.   <\/p>\n","protected":false},"featured_media":6949,"comment_status":"closed","ping_status":"closed","template":"","meta":[],"product_brand":[],"product_cat":[68,83,85],"product_tag":[],"class_list":{"0":"post-2735","1":"product","2":"type-product","3":"status-publish","4":"has-post-thumbnail","6":"product_cat-laden","7":"product_cat-weine","8":"product_cat-rosewein","10":"first","11":"instock","12":"taxable","13":"shipping-taxable","14":"purchasable","15":"product-type-simple"},"yoast_head":"<!-- This site is optimized with the Yoast SEO plugin v26.8 - https:\/\/yoast.com\/product\/yoast-seo-wordpress\/ -->\n<title>Trockener Griechischer Ros\u00e9wein - &quot;Tomi&quot; - Troupis Winery Ellados<\/title>\n<meta name=\"description\" content=\"Der trockene Ros\u00e9wein \u201eTomi\u201c ist ein griechischer Wein mit fruchtigem Geschmack. Die Trauben werden in einem einzigen Weinberg in der Region Fteri in Griechenland ausgew\u00e4hlt.\" \/>\n<meta name=\"robots\" content=\"index, follow, max-snippet:-1, max-image-preview:large, max-video-preview:-1\" \/>\n<link rel=\"canonical\" href=\"https:\/\/ellados-shop.com\/de\/laden\/weine\/rosewein\/rosewein-tomi-mantinie-2023-troupis-winery\/\" \/>\n<meta property=\"og:locale\" content=\"de_DE\" \/>\n<meta property=\"og:type\" content=\"article\" \/>\n<meta property=\"og:title\" content=\"Trockener Griechischer Ros\u00e9wein - &quot;Tomi&quot; - Troupis Winery Ellados\" \/>\n<meta property=\"og:description\" content=\"Der trockene Ros\u00e9wein \u201eTomi\u201c ist ein griechischer Wein mit fruchtigem Geschmack. Die Trauben werden in einem einzigen Weinberg in der Region Fteri in Griechenland ausgew\u00e4hlt.\" \/>\n<meta property=\"og:url\" content=\"https:\/\/ellados-shop.com\/de\/laden\/weine\/rosewein\/rosewein-tomi-mantinie-2023-troupis-winery\/\" \/>\n<meta property=\"og:site_name\" content=\"Ellados\" \/>\n<meta property=\"article:modified_time\" content=\"2024-10-02T22:02:26+00:00\" \/>\n<meta property=\"og:image\" content=\"https:\/\/ellados-shop.com\/wp-content\/uploads\/TOMH-ROSE-2.png\" \/>\n\t<meta property=\"og:image:width\" content=\"450\" \/>\n\t<meta property=\"og:image:height\" content=\"600\" \/>\n\t<meta property=\"og:image:type\" content=\"image\/png\" \/>\n<meta name=\"twitter:card\" content=\"summary_large_image\" \/>\n<meta name=\"twitter:label1\" content=\"Gesch\u00e4tzte Lesezeit\" \/>\n\t<meta name=\"twitter:data1\" content=\"1\u00a0Minute\" \/>\n<script type=\"application\/ld+json\" class=\"yoast-schema-graph\">{\"@context\":\"https:\/\/schema.org\",\"@graph\":[{\"@type\":\"WebPage\",\"@id\":\"https:\/\/ellados-shop.com\/de\/laden\/weine\/rosewein\/rosewein-tomi-mantinie-2023-troupis-winery\/\",\"url\":\"https:\/\/ellados-shop.com\/de\/laden\/weine\/rosewein\/rosewein-tomi-mantinie-2023-troupis-winery\/\",\"name\":\"Trockener Griechischer Ros\u00e9wein - \\\"Tomi\\\" - Troupis Winery Ellados\",\"isPartOf\":{\"@id\":\"https:\/\/ellados-shop.com\/de\/#website\"},\"primaryImageOfPage\":{\"@id\":\"https:\/\/ellados-shop.com\/de\/laden\/weine\/rosewein\/rosewein-tomi-mantinie-2023-troupis-winery\/#primaryimage\"},\"image\":{\"@id\":\"https:\/\/ellados-shop.com\/de\/laden\/weine\/rosewein\/rosewein-tomi-mantinie-2023-troupis-winery\/#primaryimage\"},\"thumbnailUrl\":\"https:\/\/ellados-shop.com\/wp-content\/uploads\/vin-rose-grec-1.png\",\"datePublished\":\"2024-03-27T15:07:08+00:00\",\"dateModified\":\"2024-10-02T22:02:26+00:00\",\"description\":\"Der trockene Ros\u00e9wein \u201eTomi\u201c ist ein griechischer Wein mit fruchtigem Geschmack. Die Trauben werden in einem einzigen Weinberg in der Region Fteri in Griechenland ausgew\u00e4hlt.\",\"breadcrumb\":{\"@id\":\"https:\/\/ellados-shop.com\/de\/laden\/weine\/rosewein\/rosewein-tomi-mantinie-2023-troupis-winery\/#breadcrumb\"},\"inLanguage\":\"de\",\"potentialAction\":[{\"@type\":\"ReadAction\",\"target\":[\"https:\/\/ellados-shop.com\/de\/laden\/weine\/rosewein\/rosewein-tomi-mantinie-2023-troupis-winery\/\"]}]},{\"@type\":\"ImageObject\",\"inLanguage\":\"de\",\"@id\":\"https:\/\/ellados-shop.com\/de\/laden\/weine\/rosewein\/rosewein-tomi-mantinie-2023-troupis-winery\/#primaryimage\",\"url\":\"https:\/\/ellados-shop.com\/wp-content\/uploads\/vin-rose-grec-1.png\",\"contentUrl\":\"https:\/\/ellados-shop.com\/wp-content\/uploads\/vin-rose-grec-1.png\",\"width\":450,\"height\":450,\"caption\":\"vin ros\u00e9 grec\"},{\"@type\":\"BreadcrumbList\",\"@id\":\"https:\/\/ellados-shop.com\/de\/laden\/weine\/rosewein\/rosewein-tomi-mantinie-2023-troupis-winery\/#breadcrumb\",\"itemListElement\":[{\"@type\":\"ListItem\",\"position\":1,\"name\":\"Accueil\",\"item\":\"https:\/\/ellados-shop.com\/de\/accueil-v2\/\"},{\"@type\":\"ListItem\",\"position\":2,\"name\":\"Boutique\",\"item\":\"https:\/\/ellados-shop.com\/boutique\/\"},{\"@type\":\"ListItem\",\"position\":3,\"name\":\"Trockener griechischer Ros\u00e9wein &#8211; Tomi &#8211; 2023 &#8211; Troupis Winery\"}]},{\"@type\":\"WebSite\",\"@id\":\"https:\/\/ellados-shop.com\/de\/#website\",\"url\":\"https:\/\/ellados-shop.com\/de\/\",\"name\":\"Ellados\",\"description\":\"\",\"potentialAction\":[{\"@type\":\"SearchAction\",\"target\":{\"@type\":\"EntryPoint\",\"urlTemplate\":\"https:\/\/ellados-shop.com\/de\/?s={search_term_string}\"},\"query-input\":{\"@type\":\"PropertyValueSpecification\",\"valueRequired\":true,\"valueName\":\"search_term_string\"}}],\"inLanguage\":\"de\"}]}<\/script>\n<!-- \/ Yoast SEO plugin. -->","yoast_head_json":{"title":"Trockener Griechischer Ros\u00e9wein - \"Tomi\" - Troupis Winery Ellados","description":"Der trockene Ros\u00e9wein \u201eTomi\u201c ist ein griechischer Wein mit fruchtigem Geschmack. Die Trauben werden in einem einzigen Weinberg in der Region Fteri in Griechenland ausgew\u00e4hlt.","robots":{"index":"index","follow":"follow","max-snippet":"max-snippet:-1","max-image-preview":"max-image-preview:large","max-video-preview":"max-video-preview:-1"},"canonical":"https:\/\/ellados-shop.com\/de\/laden\/weine\/rosewein\/rosewein-tomi-mantinie-2023-troupis-winery\/","og_locale":"de_DE","og_type":"article","og_title":"Trockener Griechischer Ros\u00e9wein - \"Tomi\" - Troupis Winery Ellados","og_description":"Der trockene Ros\u00e9wein \u201eTomi\u201c ist ein griechischer Wein mit fruchtigem Geschmack. Die Trauben werden in einem einzigen Weinberg in der Region Fteri in Griechenland ausgew\u00e4hlt.","og_url":"https:\/\/ellados-shop.com\/de\/laden\/weine\/rosewein\/rosewein-tomi-mantinie-2023-troupis-winery\/","og_site_name":"Ellados","article_modified_time":"2024-10-02T22:02:26+00:00","og_image":[{"width":450,"height":600,"url":"https:\/\/ellados-shop.com\/wp-content\/uploads\/TOMH-ROSE-2.png","type":"image\/png"}],"twitter_card":"summary_large_image","twitter_misc":{"Gesch\u00e4tzte Lesezeit":"1\u00a0Minute"},"schema":{"@context":"https:\/\/schema.org","@graph":[{"@type":"WebPage","@id":"https:\/\/ellados-shop.com\/de\/laden\/weine\/rosewein\/rosewein-tomi-mantinie-2023-troupis-winery\/","url":"https:\/\/ellados-shop.com\/de\/laden\/weine\/rosewein\/rosewein-tomi-mantinie-2023-troupis-winery\/","name":"Trockener Griechischer Ros\u00e9wein - \"Tomi\" - Troupis Winery Ellados","isPartOf":{"@id":"https:\/\/ellados-shop.com\/de\/#website"},"primaryImageOfPage":{"@id":"https:\/\/ellados-shop.com\/de\/laden\/weine\/rosewein\/rosewein-tomi-mantinie-2023-troupis-winery\/#primaryimage"},"image":{"@id":"https:\/\/ellados-shop.com\/de\/laden\/weine\/rosewein\/rosewein-tomi-mantinie-2023-troupis-winery\/#primaryimage"},"thumbnailUrl":"https:\/\/ellados-shop.com\/wp-content\/uploads\/vin-rose-grec-1.png","datePublished":"2024-03-27T15:07:08+00:00","dateModified":"2024-10-02T22:02:26+00:00","description":"Der trockene Ros\u00e9wein \u201eTomi\u201c ist ein griechischer Wein mit fruchtigem Geschmack. Die Trauben werden in einem einzigen Weinberg in der Region Fteri in Griechenland ausgew\u00e4hlt.","breadcrumb":{"@id":"https:\/\/ellados-shop.com\/de\/laden\/weine\/rosewein\/rosewein-tomi-mantinie-2023-troupis-winery\/#breadcrumb"},"inLanguage":"de","potentialAction":[{"@type":"ReadAction","target":["https:\/\/ellados-shop.com\/de\/laden\/weine\/rosewein\/rosewein-tomi-mantinie-2023-troupis-winery\/"]}]},{"@type":"ImageObject","inLanguage":"de","@id":"https:\/\/ellados-shop.com\/de\/laden\/weine\/rosewein\/rosewein-tomi-mantinie-2023-troupis-winery\/#primaryimage","url":"https:\/\/ellados-shop.com\/wp-content\/uploads\/vin-rose-grec-1.png","contentUrl":"https:\/\/ellados-shop.com\/wp-content\/uploads\/vin-rose-grec-1.png","width":450,"height":450,"caption":"vin ros\u00e9 grec"},{"@type":"BreadcrumbList","@id":"https:\/\/ellados-shop.com\/de\/laden\/weine\/rosewein\/rosewein-tomi-mantinie-2023-troupis-winery\/#breadcrumb","itemListElement":[{"@type":"ListItem","position":1,"name":"Accueil","item":"https:\/\/ellados-shop.com\/de\/accueil-v2\/"},{"@type":"ListItem","position":2,"name":"Boutique","item":"https:\/\/ellados-shop.com\/boutique\/"},{"@type":"ListItem","position":3,"name":"Trockener griechischer Ros\u00e9wein &#8211; Tomi &#8211; 2023 &#8211; Troupis Winery"}]},{"@type":"WebSite","@id":"https:\/\/ellados-shop.com\/de\/#website","url":"https:\/\/ellados-shop.com\/de\/","name":"Ellados","description":"","potentialAction":[{"@type":"SearchAction","target":{"@type":"EntryPoint","urlTemplate":"https:\/\/ellados-shop.com\/de\/?s={search_term_string}"},"query-input":{"@type":"PropertyValueSpecification","valueRequired":true,"valueName":"search_term_string"}}],"inLanguage":"de"}]}},"_links":{"self":[{"href":"https:\/\/ellados-shop.com\/de\/wp-json\/wp\/v2\/product\/2735","targetHints":{"allow":["GET"]}}],"collection":[{"href":"https:\/\/ellados-shop.com\/de\/wp-json\/wp\/v2\/product"}],"about":[{"href":"https:\/\/ellados-shop.com\/de\/wp-json\/wp\/v2\/types\/product"}],"replies":[{"embeddable":true,"href":"https:\/\/ellados-shop.com\/de\/wp-json\/wp\/v2\/comments?post=2735"}],"wp:featuredmedia":[{"embeddable":true,"href":"https:\/\/ellados-shop.com\/de\/wp-json\/wp\/v2\/media\/6949"}],"wp:attachment":[{"href":"https:\/\/ellados-shop.com\/de\/wp-json\/wp\/v2\/media?parent=2735"}],"wp:term":[{"taxonomy":"product_brand","embeddable":true,"href":"https:\/\/ellados-shop.com\/de\/wp-json\/wp\/v2\/product_brand?post=2735"},{"taxonomy":"product_cat","embeddable":true,"href":"https:\/\/ellados-shop.com\/de\/wp-json\/wp\/v2\/product_cat?post=2735"},{"taxonomy":"product_tag","embeddable":true,"href":"https:\/\/ellados-shop.com\/de\/wp-json\/wp\/v2\/product_tag?post=2735"}],"curies":[{"name":"wp","href":"https:\/\/api.w.org\/{rel}","templated":true}]}}