{"id":2757,"date":"2024-03-23T18:53:52","date_gmt":"2024-03-23T17:53:52","guid":{"rendered":"https:\/\/ellados-shop.com\/unkategorisiert\/rosewein-dialog-2021-kalogris-weingut\/"},"modified":"2025-04-05T14:07:59","modified_gmt":"2025-04-05T12:07:59","slug":"rosewein-dialog-2021-kalogris-weingut","status":"publish","type":"product","link":"https:\/\/ellados-shop.com\/de\/laden\/weine\/rosewein\/rosewein-dialog-2021-kalogris-weingut\/","title":{"rendered":"Rosewein Dialog 2021 \u2013 Kalogris Weingut"},"content":{"rendered":"<p>&#8222;Dialogues&#8220;, hergestellt von der Kalogris Organic Winery, ist ein nat\u00fcrlicher Bio-Orange-Wein. Er repr\u00e4sentiert den ersten Orange-Wein, der aus den Trauben des Moschofilero hergestellt wurde. Fermentiert mit wilden Hefen, enth\u00e4lt dieser Orangewein keine zugesetzten Sulfite. Zudem verleiht die 12-monatige Reifung in Eichenf\u00e4ssern ihm einen ganz besonderen Charakter. Der biologische Orangewein \u201aDialogues\u2018 \u00e4hnelt einem Wei\u00dfwein, der wie ein Rotwein vinifiziert wurde! Konkret wird der Saft wei\u00dfer Trauben mit ihrer Schale und manchmal sogar ihren Stielen mazeriert. Auf diese Weise diffundieren die in der Schale enthaltenen Tannine in den Saft und tragen zu dieser einzigartigen Farbe bei. Diese Art der Weinherstellung stammt aus der Antike. <a href=\"https:\/\/www.larvf.com\/,vins-orange-vinification-raisin-blanc-peau-rafles-tanins,4363533.asp\">Die Orange-Weine sind sehr angesagt und begeistern heute die Weinwelt<\/a>! F\u00fcr die Herstellung des Bio-Orange-Weins &#8222;Dialogues&#8220; werden die Moschofilero-Trauben 10 Tage lang mazeriert. EAnschlie\u00dfend erfolgt die G\u00e4rung in Tanks \u00fcber einen Zeitraum von 25 Tagen. In jedem Schluck von &#8222;Dialogues&#8220; findet man die Essenz des <a href=\"https:\/\/ellados-shop.com\/actualites\/decouvrez-les-vins-grecs-originaires-du-peloponnese\/\">Weinbaugebiets des Peloponnes<\/a> mit seinen reichen und bet\u00f6renden Aromen. Lassen Sie sich von dem unvergesslichen sensorischen Erlebnis dieses au\u00dfergew\u00f6hnlichen Weins verf\u00fchren. Seine zarten Noten von wei\u00dfen Pfirsichen und Aprikosen harmonieren perfekt mit einem subtilen blumigen Abgang. Er wird Ihnen ein unvergleichliches Geschmackserlebnis bieten. Mediterrane Gerichte wie gegrilltes Gem\u00fcse, provenzalische Gem\u00fcseaufl\u00e4ufe oder Gerichte mit Tomaten harmonieren hervorragend mit diesem einzigartigen Wein. Seine samtige Textur und fruchtigen Noten heben die Reichhaltigkeit und S\u00fc\u00dfe von milden, cremigen K\u00e4sen hervor. Ob Sie nun ein Essen mit Freunden begleiten, einen entspannten Moment allein genie\u00dfen oder einen M\u00e4delsabend verbringen m\u00f6chten, der Bio-Orange-Wein &#8222;Dialogues&#8220; wird die anspruchsvollsten Gaumen erfreuen und die Gespr\u00e4che anregen!<\/p>\n","protected":false},"excerpt":{"rendered":"<p>Der Ros\u00e9wein \u201aDialogues\u2018, auch als <strong>Orangewein<\/strong> bekannt, ist ein sehr <strong>bek\u00f6mmlicher<\/strong> und wenig <strong>s\u00e4urehaltiger<\/strong> Wein. Nach der Vinifikation wird der Ros\u00e9wein 12 Monate in Eichenf\u00e4ssern in den Kellern des Weinguts gereift. Er wird Sie durch seine <strong>Balance, Finesse und einzigartigen Aromen \u00fcberraschen.<\/strong><\/p>\n","protected":false},"featured_media":6143,"comment_status":"closed","ping_status":"closed","template":"","meta":[],"product_brand":[],"product_cat":[68,83,85],"product_tag":[],"class_list":{"0":"post-2757","1":"product","2":"type-product","3":"status-publish","4":"has-post-thumbnail","6":"product_cat-laden","7":"product_cat-weine","8":"product_cat-rosewein","10":"first","11":"instock","12":"taxable","13":"shipping-taxable","14":"purchasable","15":"product-type-simple"},"yoast_head":"<!-- This site is optimized with the Yoast SEO plugin v26.8 - https:\/\/yoast.com\/product\/yoast-seo-wordpress\/ -->\n<title>Rosewein Dialog 2021 \u2013 Kalogris Weingut - Ellados<\/title>\n<meta name=\"description\" content=\"&quot;Dialogues&quot; ist ein einzigartiger Bio-Orange-Wein, der durch Mazeration und nat\u00fcrliche G\u00e4rung der Moschofilero-Trauben hergestellt wird. Ein Wein, der entdeckt werden muss.\" \/>\n<meta name=\"robots\" content=\"index, follow, max-snippet:-1, max-image-preview:large, max-video-preview:-1\" \/>\n<link rel=\"canonical\" href=\"https:\/\/ellados-shop.com\/de\/laden\/weine\/rosewein\/rosewein-dialog-2021-kalogris-weingut\/\" \/>\n<meta property=\"og:locale\" content=\"de_DE\" \/>\n<meta property=\"og:type\" content=\"article\" \/>\n<meta property=\"og:title\" content=\"Rosewein Dialog 2021 \u2013 Kalogris Weingut - Ellados\" \/>\n<meta property=\"og:description\" content=\"&quot;Dialogues&quot; ist ein einzigartiger Bio-Orange-Wein, der durch Mazeration und nat\u00fcrliche G\u00e4rung der Moschofilero-Trauben hergestellt wird. Ein Wein, der entdeckt werden muss.\" \/>\n<meta property=\"og:url\" content=\"https:\/\/ellados-shop.com\/de\/laden\/weine\/rosewein\/rosewein-dialog-2021-kalogris-weingut\/\" \/>\n<meta property=\"og:site_name\" content=\"Ellados\" \/>\n<meta property=\"article:modified_time\" content=\"2025-04-05T12:07:59+00:00\" \/>\n<meta property=\"og:image\" content=\"https:\/\/ellados-shop.com\/wp-content\/uploads\/vin-orange-grec.png\" \/>\n\t<meta property=\"og:image:width\" content=\"450\" \/>\n\t<meta property=\"og:image:height\" content=\"450\" \/>\n\t<meta property=\"og:image:type\" content=\"image\/png\" \/>\n<meta name=\"twitter:card\" content=\"summary_large_image\" \/>\n<meta name=\"twitter:label1\" content=\"Gesch\u00e4tzte Lesezeit\" \/>\n\t<meta name=\"twitter:data1\" content=\"2\u00a0Minuten\" \/>\n<script type=\"application\/ld+json\" class=\"yoast-schema-graph\">{\"@context\":\"https:\/\/schema.org\",\"@graph\":[{\"@type\":\"WebPage\",\"@id\":\"https:\/\/ellados-shop.com\/de\/laden\/weine\/rosewein\/rosewein-dialog-2021-kalogris-weingut\/\",\"url\":\"https:\/\/ellados-shop.com\/de\/laden\/weine\/rosewein\/rosewein-dialog-2021-kalogris-weingut\/\",\"name\":\"Rosewein Dialog 2021 \u2013 Kalogris Weingut - Ellados\",\"isPartOf\":{\"@id\":\"https:\/\/ellados-shop.com\/de\/#website\"},\"primaryImageOfPage\":{\"@id\":\"https:\/\/ellados-shop.com\/de\/laden\/weine\/rosewein\/rosewein-dialog-2021-kalogris-weingut\/#primaryimage\"},\"image\":{\"@id\":\"https:\/\/ellados-shop.com\/de\/laden\/weine\/rosewein\/rosewein-dialog-2021-kalogris-weingut\/#primaryimage\"},\"thumbnailUrl\":\"https:\/\/ellados-shop.com\/wp-content\/uploads\/vin-orange-grec.png\",\"datePublished\":\"2024-03-23T17:53:52+00:00\",\"dateModified\":\"2025-04-05T12:07:59+00:00\",\"description\":\"\\\"Dialogues\\\" ist ein einzigartiger Bio-Orange-Wein, der durch Mazeration und nat\u00fcrliche G\u00e4rung der Moschofilero-Trauben hergestellt wird. Ein Wein, der entdeckt werden muss.\",\"breadcrumb\":{\"@id\":\"https:\/\/ellados-shop.com\/de\/laden\/weine\/rosewein\/rosewein-dialog-2021-kalogris-weingut\/#breadcrumb\"},\"inLanguage\":\"de\",\"potentialAction\":[{\"@type\":\"ReadAction\",\"target\":[\"https:\/\/ellados-shop.com\/de\/laden\/weine\/rosewein\/rosewein-dialog-2021-kalogris-weingut\/\"]}]},{\"@type\":\"ImageObject\",\"inLanguage\":\"de\",\"@id\":\"https:\/\/ellados-shop.com\/de\/laden\/weine\/rosewein\/rosewein-dialog-2021-kalogris-weingut\/#primaryimage\",\"url\":\"https:\/\/ellados-shop.com\/wp-content\/uploads\/vin-orange-grec.png\",\"contentUrl\":\"https:\/\/ellados-shop.com\/wp-content\/uploads\/vin-orange-grec.png\",\"width\":450,\"height\":450,\"caption\":\"VIN ORANGE BIO\"},{\"@type\":\"BreadcrumbList\",\"@id\":\"https:\/\/ellados-shop.com\/de\/laden\/weine\/rosewein\/rosewein-dialog-2021-kalogris-weingut\/#breadcrumb\",\"itemListElement\":[{\"@type\":\"ListItem\",\"position\":1,\"name\":\"Accueil\",\"item\":\"https:\/\/ellados-shop.com\/de\/accueil-v2\/\"},{\"@type\":\"ListItem\",\"position\":2,\"name\":\"Boutique\",\"item\":\"https:\/\/ellados-shop.com\/boutique\/\"},{\"@type\":\"ListItem\",\"position\":3,\"name\":\"Rosewein Dialog 2021 \u2013 Kalogris Weingut\"}]},{\"@type\":\"WebSite\",\"@id\":\"https:\/\/ellados-shop.com\/de\/#website\",\"url\":\"https:\/\/ellados-shop.com\/de\/\",\"name\":\"Ellados\",\"description\":\"\",\"potentialAction\":[{\"@type\":\"SearchAction\",\"target\":{\"@type\":\"EntryPoint\",\"urlTemplate\":\"https:\/\/ellados-shop.com\/de\/?s={search_term_string}\"},\"query-input\":{\"@type\":\"PropertyValueSpecification\",\"valueRequired\":true,\"valueName\":\"search_term_string\"}}],\"inLanguage\":\"de\"}]}<\/script>\n<!-- \/ Yoast SEO plugin. -->","yoast_head_json":{"title":"Rosewein Dialog 2021 \u2013 Kalogris Weingut - Ellados","description":"\"Dialogues\" ist ein einzigartiger Bio-Orange-Wein, der durch Mazeration und nat\u00fcrliche G\u00e4rung der Moschofilero-Trauben hergestellt wird. Ein Wein, der entdeckt werden muss.","robots":{"index":"index","follow":"follow","max-snippet":"max-snippet:-1","max-image-preview":"max-image-preview:large","max-video-preview":"max-video-preview:-1"},"canonical":"https:\/\/ellados-shop.com\/de\/laden\/weine\/rosewein\/rosewein-dialog-2021-kalogris-weingut\/","og_locale":"de_DE","og_type":"article","og_title":"Rosewein Dialog 2021 \u2013 Kalogris Weingut - Ellados","og_description":"\"Dialogues\" ist ein einzigartiger Bio-Orange-Wein, der durch Mazeration und nat\u00fcrliche G\u00e4rung der Moschofilero-Trauben hergestellt wird. Ein Wein, der entdeckt werden muss.","og_url":"https:\/\/ellados-shop.com\/de\/laden\/weine\/rosewein\/rosewein-dialog-2021-kalogris-weingut\/","og_site_name":"Ellados","article_modified_time":"2025-04-05T12:07:59+00:00","og_image":[{"width":450,"height":450,"url":"https:\/\/ellados-shop.com\/wp-content\/uploads\/vin-orange-grec.png","type":"image\/png"}],"twitter_card":"summary_large_image","twitter_misc":{"Gesch\u00e4tzte Lesezeit":"2\u00a0Minuten"},"schema":{"@context":"https:\/\/schema.org","@graph":[{"@type":"WebPage","@id":"https:\/\/ellados-shop.com\/de\/laden\/weine\/rosewein\/rosewein-dialog-2021-kalogris-weingut\/","url":"https:\/\/ellados-shop.com\/de\/laden\/weine\/rosewein\/rosewein-dialog-2021-kalogris-weingut\/","name":"Rosewein Dialog 2021 \u2013 Kalogris Weingut - Ellados","isPartOf":{"@id":"https:\/\/ellados-shop.com\/de\/#website"},"primaryImageOfPage":{"@id":"https:\/\/ellados-shop.com\/de\/laden\/weine\/rosewein\/rosewein-dialog-2021-kalogris-weingut\/#primaryimage"},"image":{"@id":"https:\/\/ellados-shop.com\/de\/laden\/weine\/rosewein\/rosewein-dialog-2021-kalogris-weingut\/#primaryimage"},"thumbnailUrl":"https:\/\/ellados-shop.com\/wp-content\/uploads\/vin-orange-grec.png","datePublished":"2024-03-23T17:53:52+00:00","dateModified":"2025-04-05T12:07:59+00:00","description":"\"Dialogues\" ist ein einzigartiger Bio-Orange-Wein, der durch Mazeration und nat\u00fcrliche G\u00e4rung der Moschofilero-Trauben hergestellt wird. Ein Wein, der entdeckt werden muss.","breadcrumb":{"@id":"https:\/\/ellados-shop.com\/de\/laden\/weine\/rosewein\/rosewein-dialog-2021-kalogris-weingut\/#breadcrumb"},"inLanguage":"de","potentialAction":[{"@type":"ReadAction","target":["https:\/\/ellados-shop.com\/de\/laden\/weine\/rosewein\/rosewein-dialog-2021-kalogris-weingut\/"]}]},{"@type":"ImageObject","inLanguage":"de","@id":"https:\/\/ellados-shop.com\/de\/laden\/weine\/rosewein\/rosewein-dialog-2021-kalogris-weingut\/#primaryimage","url":"https:\/\/ellados-shop.com\/wp-content\/uploads\/vin-orange-grec.png","contentUrl":"https:\/\/ellados-shop.com\/wp-content\/uploads\/vin-orange-grec.png","width":450,"height":450,"caption":"VIN ORANGE BIO"},{"@type":"BreadcrumbList","@id":"https:\/\/ellados-shop.com\/de\/laden\/weine\/rosewein\/rosewein-dialog-2021-kalogris-weingut\/#breadcrumb","itemListElement":[{"@type":"ListItem","position":1,"name":"Accueil","item":"https:\/\/ellados-shop.com\/de\/accueil-v2\/"},{"@type":"ListItem","position":2,"name":"Boutique","item":"https:\/\/ellados-shop.com\/boutique\/"},{"@type":"ListItem","position":3,"name":"Rosewein Dialog 2021 \u2013 Kalogris Weingut"}]},{"@type":"WebSite","@id":"https:\/\/ellados-shop.com\/de\/#website","url":"https:\/\/ellados-shop.com\/de\/","name":"Ellados","description":"","potentialAction":[{"@type":"SearchAction","target":{"@type":"EntryPoint","urlTemplate":"https:\/\/ellados-shop.com\/de\/?s={search_term_string}"},"query-input":{"@type":"PropertyValueSpecification","valueRequired":true,"valueName":"search_term_string"}}],"inLanguage":"de"}]}},"_links":{"self":[{"href":"https:\/\/ellados-shop.com\/de\/wp-json\/wp\/v2\/product\/2757","targetHints":{"allow":["GET"]}}],"collection":[{"href":"https:\/\/ellados-shop.com\/de\/wp-json\/wp\/v2\/product"}],"about":[{"href":"https:\/\/ellados-shop.com\/de\/wp-json\/wp\/v2\/types\/product"}],"replies":[{"embeddable":true,"href":"https:\/\/ellados-shop.com\/de\/wp-json\/wp\/v2\/comments?post=2757"}],"wp:featuredmedia":[{"embeddable":true,"href":"https:\/\/ellados-shop.com\/de\/wp-json\/wp\/v2\/media\/6143"}],"wp:attachment":[{"href":"https:\/\/ellados-shop.com\/de\/wp-json\/wp\/v2\/media?parent=2757"}],"wp:term":[{"taxonomy":"product_brand","embeddable":true,"href":"https:\/\/ellados-shop.com\/de\/wp-json\/wp\/v2\/product_brand?post=2757"},{"taxonomy":"product_cat","embeddable":true,"href":"https:\/\/ellados-shop.com\/de\/wp-json\/wp\/v2\/product_cat?post=2757"},{"taxonomy":"product_tag","embeddable":true,"href":"https:\/\/ellados-shop.com\/de\/wp-json\/wp\/v2\/product_tag?post=2757"}],"curies":[{"name":"wp","href":"https:\/\/api.w.org\/{rel}","templated":true}]}}