{"id":2758,"date":"2024-03-27T17:46:33","date_gmt":"2024-03-27T16:46:33","guid":{"rendered":"https:\/\/ellados-shop.com\/unkategorisiert\/rotwein-nemea-2021-griechenland\/"},"modified":"2026-04-07T09:59:45","modified_gmt":"2026-04-07T07:59:45","slug":"rotwein-nemea-2021-griechenland","status":"publish","type":"product","link":"https:\/\/ellados-shop.com\/de\/laden\/weine\/rotwein-nemea-2021-griechenland\/","title":{"rendered":"Trockener griechischer Rotwein &#8211; N\u00e9m\u00e9a &#8211; 2021 &#8211; Troupis Winery"},"content":{"rendered":"<p>Der trockene griechische Rotwein mit dem Namen \u201eNemea\u201c ist ein wahres geschmackliches Kunstwerk. Er feiert das Erbe und die Tradition, die von der Familie Troupis gepredigt werden. Sein Herstellungsprozess mit geringem Eingriff erm\u00f6glicht die Herstellung eines sehr nat\u00fcrlichen Weins. Das Weingut Troupis geh\u00f6rt zu den renommiertesten Weing\u00fctern auf der Peloponnes. Die auf hochgelegenen Parzellen mit kiesigem Boden angebauten Agiorgitiko-Trauben sind von h\u00f6chster Qualit\u00e4t. Die gro\u00dfen Unterschiede zwischen den t\u00e4glichen und n\u00e4chtlichen Temperaturen f\u00f6rdern die Konzentration der Trauben. Der trockene Rotwein &#8222;N\u00e9m\u00e9a&#8220; zieht sofort die Aufmerksamkeit auf sich mit seiner tiefen rubinroten Farbe, die die Intensit\u00e4t und F\u00fclle seines Charakters hervorruft. In der Nase offenbart er einen bet\u00f6renden Duft, in dem reife rote Fr\u00fcchte mit Nuancen von saftigen Kirschen und subtilen w\u00fcrzigen Noten verschmelzen. Eine unwiderstehliche olfaktorische Einladung, sich auf ein einzigartiges sensorisches Erlebnis einzulassen. Im Mund verf\u00fchrt dieser trockene griechische Rotwein durch seine samtige Textur, die den Gaumen streichelt. Sein perfektes Gleichgewicht zwischen Kraft und Eleganz verzaubert den Gaumen. Er ist der ideale Begleiter, um Ihre Gerichte mit rotem Fleisch, cremigen Risottos oder Orzottos sowie K\u00e4sespezialit\u00e4ten zu veredeln. Lassen Sie sich von der Magie des Rotweins &#8218;Nemea&#8216; verzaubern und veredeln Sie jeden Moment der Verkostung mit Eleganz. Der Wein &#8222;N\u00e9m\u00e9a&#8220; erz\u00e4hlt eine Liebesgeschichte zur Erde und zum Weinbau an den Ausl\u00e4ufern der Berge des Peloponnes.<\/p>\n","protected":false},"excerpt":{"rendered":"<p>Der Rotwein &#8218;N\u00e9m\u00e9a&#8216; ist ein echtes <strong>geschmackliches Kunstwerk<\/strong>. In der Nase entfaltet er ein Bouquet reifer <strong>roter Fr\u00fcchte<\/strong>, saftiger<strong> Kirschen<\/strong> und subtiler <strong>Gew\u00fcrznoten<\/strong>. Am Gaumen ist seine S\u00e4ure lebhaft, w\u00e4hrend die <strong>Tannine<\/strong> <strong>samtig<\/strong> bleiben. &#8218;N\u00e9m\u00e9a&#8216; hinterl\u00e4sst einen langen, angenehm fruchtigen Nachgeschmack.   <\/p>\n","protected":false},"featured_media":6179,"comment_status":"closed","ping_status":"closed","template":"","meta":[],"product_brand":[],"product_cat":[68,83,86],"product_tag":[],"class_list":{"0":"post-2758","1":"product","2":"type-product","3":"status-publish","4":"has-post-thumbnail","6":"product_cat-laden","7":"product_cat-weine","8":"product_cat-rotwein","10":"first","11":"instock","12":"taxable","13":"shipping-taxable","14":"purchasable","15":"product-type-simple"},"yoast_head":"<!-- This site is optimized with the Yoast SEO plugin v26.8 - https:\/\/yoast.com\/product\/yoast-seo-wordpress\/ -->\n<title>Trockener griechischer Rotwein - \u201eNemea\u201c - Troupis Winery- Ellados<\/title>\n<meta name=\"description\" content=\"Der trockene Rotwein &quot;N\u00e9m\u00e9a&quot; ist ein au\u00dfergew\u00f6hnlicher griechischer Wein, der mit minimalem menschlichem Eingriff hergestellt wird, um seine nat\u00fcrlichen Aromen und Vorteile zu bewahren.\" \/>\n<meta name=\"robots\" content=\"index, follow, max-snippet:-1, max-image-preview:large, max-video-preview:-1\" \/>\n<link rel=\"canonical\" href=\"https:\/\/ellados-shop.com\/de\/laden\/weine\/rotwein-nemea-2021-griechenland\/\" \/>\n<meta property=\"og:locale\" content=\"de_DE\" \/>\n<meta property=\"og:type\" content=\"article\" \/>\n<meta property=\"og:title\" content=\"Trockener griechischer Rotwein - \u201eNemea\u201c - Troupis Winery- Ellados\" \/>\n<meta property=\"og:description\" content=\"Der trockene Rotwein &quot;N\u00e9m\u00e9a&quot; ist ein au\u00dfergew\u00f6hnlicher griechischer Wein, der mit minimalem menschlichem Eingriff hergestellt wird, um seine nat\u00fcrlichen Aromen und Vorteile zu bewahren.\" \/>\n<meta property=\"og:url\" content=\"https:\/\/ellados-shop.com\/de\/laden\/weine\/rotwein-nemea-2021-griechenland\/\" \/>\n<meta property=\"og:site_name\" content=\"Ellados\" \/>\n<meta property=\"article:modified_time\" content=\"2026-04-07T07:59:45+00:00\" \/>\n<meta property=\"og:image\" content=\"https:\/\/ellados-shop.com\/wp-content\/uploads\/vin-rouge-grec-1.png\" \/>\n\t<meta property=\"og:image:width\" content=\"450\" \/>\n\t<meta property=\"og:image:height\" content=\"450\" \/>\n\t<meta property=\"og:image:type\" content=\"image\/png\" \/>\n<meta name=\"twitter:card\" content=\"summary_large_image\" \/>\n<meta name=\"twitter:label1\" content=\"Gesch\u00e4tzte Lesezeit\" \/>\n\t<meta name=\"twitter:data1\" content=\"2\u00a0Minuten\" \/>\n<script type=\"application\/ld+json\" class=\"yoast-schema-graph\">{\"@context\":\"https:\/\/schema.org\",\"@graph\":[{\"@type\":\"WebPage\",\"@id\":\"https:\/\/ellados-shop.com\/de\/laden\/weine\/rotwein-nemea-2021-griechenland\/\",\"url\":\"https:\/\/ellados-shop.com\/de\/laden\/weine\/rotwein-nemea-2021-griechenland\/\",\"name\":\"Trockener griechischer Rotwein - \u201eNemea\u201c - Troupis Winery- Ellados\",\"isPartOf\":{\"@id\":\"https:\/\/ellados-shop.com\/de\/#website\"},\"primaryImageOfPage\":{\"@id\":\"https:\/\/ellados-shop.com\/de\/laden\/weine\/rotwein-nemea-2021-griechenland\/#primaryimage\"},\"image\":{\"@id\":\"https:\/\/ellados-shop.com\/de\/laden\/weine\/rotwein-nemea-2021-griechenland\/#primaryimage\"},\"thumbnailUrl\":\"https:\/\/ellados-shop.com\/wp-content\/uploads\/vin-rouge-grec-1.png\",\"datePublished\":\"2024-03-27T16:46:33+00:00\",\"dateModified\":\"2026-04-07T07:59:45+00:00\",\"description\":\"Der trockene Rotwein \\\"N\u00e9m\u00e9a\\\" ist ein au\u00dfergew\u00f6hnlicher griechischer Wein, der mit minimalem menschlichem Eingriff hergestellt wird, um seine nat\u00fcrlichen Aromen und Vorteile zu bewahren.\",\"breadcrumb\":{\"@id\":\"https:\/\/ellados-shop.com\/de\/laden\/weine\/rotwein-nemea-2021-griechenland\/#breadcrumb\"},\"inLanguage\":\"de\",\"potentialAction\":[{\"@type\":\"ReadAction\",\"target\":[\"https:\/\/ellados-shop.com\/de\/laden\/weine\/rotwein-nemea-2021-griechenland\/\"]}]},{\"@type\":\"ImageObject\",\"inLanguage\":\"de\",\"@id\":\"https:\/\/ellados-shop.com\/de\/laden\/weine\/rotwein-nemea-2021-griechenland\/#primaryimage\",\"url\":\"https:\/\/ellados-shop.com\/wp-content\/uploads\/vin-rouge-grec-1.png\",\"contentUrl\":\"https:\/\/ellados-shop.com\/wp-content\/uploads\/vin-rouge-grec-1.png\",\"width\":450,\"height\":450,\"caption\":\"VIN ROUGE NEMEA\"},{\"@type\":\"BreadcrumbList\",\"@id\":\"https:\/\/ellados-shop.com\/de\/laden\/weine\/rotwein-nemea-2021-griechenland\/#breadcrumb\",\"itemListElement\":[{\"@type\":\"ListItem\",\"position\":1,\"name\":\"Accueil\",\"item\":\"https:\/\/ellados-shop.com\/de\/accueil-v2\/\"},{\"@type\":\"ListItem\",\"position\":2,\"name\":\"Boutique\",\"item\":\"https:\/\/ellados-shop.com\/boutique\/\"},{\"@type\":\"ListItem\",\"position\":3,\"name\":\"Trockener griechischer Rotwein &#8211; N\u00e9m\u00e9a &#8211; 2021 &#8211; Troupis Winery\"}]},{\"@type\":\"WebSite\",\"@id\":\"https:\/\/ellados-shop.com\/de\/#website\",\"url\":\"https:\/\/ellados-shop.com\/de\/\",\"name\":\"Ellados\",\"description\":\"\",\"potentialAction\":[{\"@type\":\"SearchAction\",\"target\":{\"@type\":\"EntryPoint\",\"urlTemplate\":\"https:\/\/ellados-shop.com\/de\/?s={search_term_string}\"},\"query-input\":{\"@type\":\"PropertyValueSpecification\",\"valueRequired\":true,\"valueName\":\"search_term_string\"}}],\"inLanguage\":\"de\"}]}<\/script>\n<!-- \/ Yoast SEO plugin. -->","yoast_head_json":{"title":"Trockener griechischer Rotwein - \u201eNemea\u201c - Troupis Winery- Ellados","description":"Der trockene Rotwein \"N\u00e9m\u00e9a\" ist ein au\u00dfergew\u00f6hnlicher griechischer Wein, der mit minimalem menschlichem Eingriff hergestellt wird, um seine nat\u00fcrlichen Aromen und Vorteile zu bewahren.","robots":{"index":"index","follow":"follow","max-snippet":"max-snippet:-1","max-image-preview":"max-image-preview:large","max-video-preview":"max-video-preview:-1"},"canonical":"https:\/\/ellados-shop.com\/de\/laden\/weine\/rotwein-nemea-2021-griechenland\/","og_locale":"de_DE","og_type":"article","og_title":"Trockener griechischer Rotwein - \u201eNemea\u201c - Troupis Winery- Ellados","og_description":"Der trockene Rotwein \"N\u00e9m\u00e9a\" ist ein au\u00dfergew\u00f6hnlicher griechischer Wein, der mit minimalem menschlichem Eingriff hergestellt wird, um seine nat\u00fcrlichen Aromen und Vorteile zu bewahren.","og_url":"https:\/\/ellados-shop.com\/de\/laden\/weine\/rotwein-nemea-2021-griechenland\/","og_site_name":"Ellados","article_modified_time":"2026-04-07T07:59:45+00:00","og_image":[{"width":450,"height":450,"url":"https:\/\/ellados-shop.com\/wp-content\/uploads\/vin-rouge-grec-1.png","type":"image\/png"}],"twitter_card":"summary_large_image","twitter_misc":{"Gesch\u00e4tzte Lesezeit":"2\u00a0Minuten"},"schema":{"@context":"https:\/\/schema.org","@graph":[{"@type":"WebPage","@id":"https:\/\/ellados-shop.com\/de\/laden\/weine\/rotwein-nemea-2021-griechenland\/","url":"https:\/\/ellados-shop.com\/de\/laden\/weine\/rotwein-nemea-2021-griechenland\/","name":"Trockener griechischer Rotwein - \u201eNemea\u201c - Troupis Winery- Ellados","isPartOf":{"@id":"https:\/\/ellados-shop.com\/de\/#website"},"primaryImageOfPage":{"@id":"https:\/\/ellados-shop.com\/de\/laden\/weine\/rotwein-nemea-2021-griechenland\/#primaryimage"},"image":{"@id":"https:\/\/ellados-shop.com\/de\/laden\/weine\/rotwein-nemea-2021-griechenland\/#primaryimage"},"thumbnailUrl":"https:\/\/ellados-shop.com\/wp-content\/uploads\/vin-rouge-grec-1.png","datePublished":"2024-03-27T16:46:33+00:00","dateModified":"2026-04-07T07:59:45+00:00","description":"Der trockene Rotwein \"N\u00e9m\u00e9a\" ist ein au\u00dfergew\u00f6hnlicher griechischer Wein, der mit minimalem menschlichem Eingriff hergestellt wird, um seine nat\u00fcrlichen Aromen und Vorteile zu bewahren.","breadcrumb":{"@id":"https:\/\/ellados-shop.com\/de\/laden\/weine\/rotwein-nemea-2021-griechenland\/#breadcrumb"},"inLanguage":"de","potentialAction":[{"@type":"ReadAction","target":["https:\/\/ellados-shop.com\/de\/laden\/weine\/rotwein-nemea-2021-griechenland\/"]}]},{"@type":"ImageObject","inLanguage":"de","@id":"https:\/\/ellados-shop.com\/de\/laden\/weine\/rotwein-nemea-2021-griechenland\/#primaryimage","url":"https:\/\/ellados-shop.com\/wp-content\/uploads\/vin-rouge-grec-1.png","contentUrl":"https:\/\/ellados-shop.com\/wp-content\/uploads\/vin-rouge-grec-1.png","width":450,"height":450,"caption":"VIN ROUGE NEMEA"},{"@type":"BreadcrumbList","@id":"https:\/\/ellados-shop.com\/de\/laden\/weine\/rotwein-nemea-2021-griechenland\/#breadcrumb","itemListElement":[{"@type":"ListItem","position":1,"name":"Accueil","item":"https:\/\/ellados-shop.com\/de\/accueil-v2\/"},{"@type":"ListItem","position":2,"name":"Boutique","item":"https:\/\/ellados-shop.com\/boutique\/"},{"@type":"ListItem","position":3,"name":"Trockener griechischer Rotwein &#8211; N\u00e9m\u00e9a &#8211; 2021 &#8211; Troupis Winery"}]},{"@type":"WebSite","@id":"https:\/\/ellados-shop.com\/de\/#website","url":"https:\/\/ellados-shop.com\/de\/","name":"Ellados","description":"","potentialAction":[{"@type":"SearchAction","target":{"@type":"EntryPoint","urlTemplate":"https:\/\/ellados-shop.com\/de\/?s={search_term_string}"},"query-input":{"@type":"PropertyValueSpecification","valueRequired":true,"valueName":"search_term_string"}}],"inLanguage":"de"}]}},"_links":{"self":[{"href":"https:\/\/ellados-shop.com\/de\/wp-json\/wp\/v2\/product\/2758","targetHints":{"allow":["GET"]}}],"collection":[{"href":"https:\/\/ellados-shop.com\/de\/wp-json\/wp\/v2\/product"}],"about":[{"href":"https:\/\/ellados-shop.com\/de\/wp-json\/wp\/v2\/types\/product"}],"replies":[{"embeddable":true,"href":"https:\/\/ellados-shop.com\/de\/wp-json\/wp\/v2\/comments?post=2758"}],"wp:featuredmedia":[{"embeddable":true,"href":"https:\/\/ellados-shop.com\/de\/wp-json\/wp\/v2\/media\/6179"}],"wp:attachment":[{"href":"https:\/\/ellados-shop.com\/de\/wp-json\/wp\/v2\/media?parent=2758"}],"wp:term":[{"taxonomy":"product_brand","embeddable":true,"href":"https:\/\/ellados-shop.com\/de\/wp-json\/wp\/v2\/product_brand?post=2758"},{"taxonomy":"product_cat","embeddable":true,"href":"https:\/\/ellados-shop.com\/de\/wp-json\/wp\/v2\/product_cat?post=2758"},{"taxonomy":"product_tag","embeddable":true,"href":"https:\/\/ellados-shop.com\/de\/wp-json\/wp\/v2\/product_tag?post=2758"}],"curies":[{"name":"wp","href":"https:\/\/api.w.org\/{rel}","templated":true}]}}