{"id":2759,"date":"2024-03-28T22:55:38","date_gmt":"2024-03-28T21:55:38","guid":{"rendered":"https:\/\/ellados-shop.com\/unkategorisiert\/trockener-weisswein-sklava-zacharias-weingut\/"},"modified":"2025-02-05T23:02:04","modified_gmt":"2025-02-05T22:02:04","slug":"trockener-weisswein-sklava-zacharias-weingut","status":"publish","type":"product","link":"https:\/\/ellados-shop.com\/de\/laden\/weine\/trockener-weisswein-sklava-zacharias-weingut\/","title":{"rendered":"Trockener Wei\u00dfwein &#8211; Sklava &#8211; 2023 &#8211; Zacharias Winery"},"content":{"rendered":"<p>Das <a href=\"https:\/\/ellados-shop.com\/actualites\/decouvrez-les-vins-grecs-originaires-du-peloponnese\/\">Weingut Zacharias<\/a> ist eines der \u00e4ltesten Weing\u00fcter in der Nemea-Region. Diese Bezeichnung gilt als die qualitativ hochwertigste der griechischen g.U. Ilias Zacharias und sein Team bauen fast 13 verschiedene Rebsorten an. Die Familie Zacharias baut <a href=\"https:\/\/ellados-shop.com\/actualites\/decouvrez-les-vins-grecs-originaires-du-peloponnese\/\">Le Sklava <\/a> auf einem einzigen, 6 Hektar gro\u00dfen Weinberg an (15 % des gesamten Weinguts). Somit stellt diese Rebsorte vielleicht eine der \u00e4ltesten einheimischen griechischen Sorten dar. Der trockene Wei\u00dfwein Sklava wird Ihnen ein unvergleichliches Geschmackserlebnis bieten. Er offenbart das gesamte K\u00f6nnen und die Leidenschaft f\u00fcr den griechischen Weinbau des Weinguts Zacharias. Diese Sorte produziert einen Wein mit einem expressiven Bouquet, mittlerer Intensit\u00e4t und absoluter aromatischer Reinheit. Die Noten von Zitrone, Aprikose und Pfirsich erinnern an die Viognier-Traube. Sie werden Nuancen von Jasmin bemerken, begleitet von Aromen von Birne, Apfel und Bergamotte auf einem botanischen Hintergrund, der an Bergtee erinnert. Die Geschmacksrichtungen von gr\u00fcnem Apfel, Birne, Bergamotte und Zitrusbl\u00fcten dieses trockenen Wei\u00dfweins Sklava werden Ihren Gaumen verzaubern. Ein angenehm rauchiger Geschmack ist am Ende der Verkostung wahrnehmbar. Dieser Wein passt perfekt zu Pasta-Gerichten, Fisch und Gefl\u00fcgel. Unabh\u00e4ngig von der Jahreszeit wird er Ihre Linguine- und Tagliatelle-Rezepte mit Venusmuscheln &#8218;alle vongole&#8216; veredeln. Diese subtilen Aromen von Fr\u00fcchten und Zitrusfr\u00fcchten harmonieren perfekt mit Fisch in Pergament oder Kr\u00e4uterkruste. <\/p>\n<div class=\"flex-1 overflow-hidden\">\n<div class=\"react-scroll-to-bottom--css-ixkpt-79elbk h-full\">\n<div class=\"react-scroll-to-bottom--css-ixkpt-1n7m0yu\">\n<div class=\"flex flex-col text-sm pb-9\">\n<div class=\"w-full text-token-text-primary\" data-testid=\"conversation-turn-79\">\n<div class=\"px-4 py-2 justify-center text-base md:gap-6 m-auto\">\n<div class=\"flex flex-1 text-base mx-auto gap-3 md:px-5 lg:px-1 xl:px-5 md:max-w-3xl lg:max-w-[40rem] xl:max-w-[48rem] group final-completion\">\n<div class=\"relative flex w-full flex-col agent-turn\">\n<div class=\"flex-col gap-1 md:gap-3\">\n<div class=\"mt-1 flex justify-start gap-3 empty:hidden\">\n<div class=\"text-gray-400 flex self-end lg:self-center items-center justify-center lg:justify-start mt-0 -ml-1 h-7 gap-[2px] visible\">\n<div class=\"flex\"><\/div>\n<\/div>\n<\/div>\n<div class=\"pr-2 lg:pr-0\"><\/div>\n<\/div>\n<div class=\"absolute\">\n<div class=\"flex w-full gap-2 items-center justify-center\"><\/div>\n<\/div>\n<\/div>\n<\/div>\n<\/div>\n<\/div>\n<\/div>\n<\/div>\n<\/div>\n<\/div>\n<div class=\"w-full pt-2 md:pt-0 dark:border-white\/20 md:border-transparent md:dark:border-transparent md:w-[calc(100%-.5rem)]\">\n<div class=\"relative flex h-full flex-1 flex-col\">\n<div class=\"absolute bottom-full left-0 right-0\"><\/div>\n<div class=\"flex w-full items-center\"><\/div>\n<\/div>\n<\/div>\n","protected":false},"excerpt":{"rendered":"<p>in seltener und au\u00dfergew\u00f6hnlicher<strong> Wein<\/strong>! Er wird aus einer 12 Jahrhunderte alten Rebsorte gewonnen, die von Herrn Elias Zacharias wiederbelebt wurde. Der Sklava bietet ein delikates aromatisches Bouquet (<strong>Pfirsich, Aprikose, Zitrone<\/strong>). <strong>Wenn er gut gek\u00fchlt serviert wird<\/strong>, entfaltet er seinen vollen Geschmack.    &nbsp;<\/p>\n","protected":false},"featured_media":6128,"comment_status":"closed","ping_status":"closed","template":"","meta":[],"product_brand":[],"product_cat":[68,83,84],"product_tag":[],"class_list":{"0":"post-2759","1":"product","2":"type-product","3":"status-publish","4":"has-post-thumbnail","6":"product_cat-laden","7":"product_cat-weine","8":"product_cat-weiswein","10":"first","11":"outofstock","12":"taxable","13":"shipping-taxable","14":"purchasable","15":"product-type-simple"},"yoast_head":"<!-- This site is optimized with the Yoast SEO plugin v26.8 - https:\/\/yoast.com\/product\/yoast-seo-wordpress\/ -->\n<title>Trockener Wei\u00dfwein &quot;Sklava&quot; - Zacharias Weingut - Ellados<\/title>\n<meta name=\"description\" content=\"Wei\u00dfwein Trocken Sklava, au\u00dfergew\u00f6hnlich, hergestellt aus einer der \u00e4ltesten Rebsorten Griechenlands. Lassen Sie sich von seiner reinen Nase und seinen fruchtigen Noten mitrei\u00dfen.\" \/>\n<meta name=\"robots\" content=\"index, follow, max-snippet:-1, max-image-preview:large, max-video-preview:-1\" \/>\n<link rel=\"canonical\" href=\"https:\/\/ellados-shop.com\/de\/laden\/weine\/trockener-weisswein-sklava-zacharias-weingut\/\" \/>\n<meta property=\"og:locale\" content=\"de_DE\" \/>\n<meta property=\"og:type\" content=\"article\" \/>\n<meta property=\"og:title\" content=\"Trockener Wei\u00dfwein &quot;Sklava&quot; - Zacharias Weingut - Ellados\" \/>\n<meta property=\"og:description\" content=\"Wei\u00dfwein Trocken Sklava, au\u00dfergew\u00f6hnlich, hergestellt aus einer der \u00e4ltesten Rebsorten Griechenlands. Lassen Sie sich von seiner reinen Nase und seinen fruchtigen Noten mitrei\u00dfen.\" \/>\n<meta property=\"og:url\" content=\"https:\/\/ellados-shop.com\/de\/laden\/weine\/trockener-weisswein-sklava-zacharias-weingut\/\" \/>\n<meta property=\"og:site_name\" content=\"Ellados\" \/>\n<meta property=\"article:modified_time\" content=\"2025-02-05T22:02:04+00:00\" \/>\n<meta property=\"og:image\" content=\"https:\/\/ellados-shop.com\/wp-content\/uploads\/Sklava_Sur-lie.png\" \/>\n\t<meta property=\"og:image:width\" content=\"450\" \/>\n\t<meta property=\"og:image:height\" content=\"600\" \/>\n\t<meta property=\"og:image:type\" content=\"image\/png\" \/>\n<meta name=\"twitter:card\" content=\"summary_large_image\" \/>\n<meta name=\"twitter:label1\" content=\"Gesch\u00e4tzte Lesezeit\" \/>\n\t<meta name=\"twitter:data1\" content=\"2\u00a0Minuten\" \/>\n<script type=\"application\/ld+json\" class=\"yoast-schema-graph\">{\"@context\":\"https:\/\/schema.org\",\"@graph\":[{\"@type\":\"WebPage\",\"@id\":\"https:\/\/ellados-shop.com\/de\/laden\/weine\/trockener-weisswein-sklava-zacharias-weingut\/\",\"url\":\"https:\/\/ellados-shop.com\/de\/laden\/weine\/trockener-weisswein-sklava-zacharias-weingut\/\",\"name\":\"Trockener Wei\u00dfwein \\\"Sklava\\\" - Zacharias Weingut - Ellados\",\"isPartOf\":{\"@id\":\"https:\/\/ellados-shop.com\/de\/#website\"},\"primaryImageOfPage\":{\"@id\":\"https:\/\/ellados-shop.com\/de\/laden\/weine\/trockener-weisswein-sklava-zacharias-weingut\/#primaryimage\"},\"image\":{\"@id\":\"https:\/\/ellados-shop.com\/de\/laden\/weine\/trockener-weisswein-sklava-zacharias-weingut\/#primaryimage\"},\"thumbnailUrl\":\"https:\/\/ellados-shop.com\/wp-content\/uploads\/vin-blanc-grec-4.png\",\"datePublished\":\"2024-03-28T21:55:38+00:00\",\"dateModified\":\"2025-02-05T22:02:04+00:00\",\"description\":\"Wei\u00dfwein Trocken Sklava, au\u00dfergew\u00f6hnlich, hergestellt aus einer der \u00e4ltesten Rebsorten Griechenlands. Lassen Sie sich von seiner reinen Nase und seinen fruchtigen Noten mitrei\u00dfen.\",\"breadcrumb\":{\"@id\":\"https:\/\/ellados-shop.com\/de\/laden\/weine\/trockener-weisswein-sklava-zacharias-weingut\/#breadcrumb\"},\"inLanguage\":\"de\",\"potentialAction\":[{\"@type\":\"ReadAction\",\"target\":[\"https:\/\/ellados-shop.com\/de\/laden\/weine\/trockener-weisswein-sklava-zacharias-weingut\/\"]}]},{\"@type\":\"ImageObject\",\"inLanguage\":\"de\",\"@id\":\"https:\/\/ellados-shop.com\/de\/laden\/weine\/trockener-weisswein-sklava-zacharias-weingut\/#primaryimage\",\"url\":\"https:\/\/ellados-shop.com\/wp-content\/uploads\/vin-blanc-grec-4.png\",\"contentUrl\":\"https:\/\/ellados-shop.com\/wp-content\/uploads\/vin-blanc-grec-4.png\",\"width\":450,\"height\":450,\"caption\":\"vin blanc\"},{\"@type\":\"BreadcrumbList\",\"@id\":\"https:\/\/ellados-shop.com\/de\/laden\/weine\/trockener-weisswein-sklava-zacharias-weingut\/#breadcrumb\",\"itemListElement\":[{\"@type\":\"ListItem\",\"position\":1,\"name\":\"Accueil\",\"item\":\"https:\/\/ellados-shop.com\/de\/accueil-v2\/\"},{\"@type\":\"ListItem\",\"position\":2,\"name\":\"Boutique\",\"item\":\"https:\/\/ellados-shop.com\/boutique\/\"},{\"@type\":\"ListItem\",\"position\":3,\"name\":\"Trockener Wei\u00dfwein &#8211; Sklava &#8211; 2023 &#8211; Zacharias Winery\"}]},{\"@type\":\"WebSite\",\"@id\":\"https:\/\/ellados-shop.com\/de\/#website\",\"url\":\"https:\/\/ellados-shop.com\/de\/\",\"name\":\"Ellados\",\"description\":\"\",\"potentialAction\":[{\"@type\":\"SearchAction\",\"target\":{\"@type\":\"EntryPoint\",\"urlTemplate\":\"https:\/\/ellados-shop.com\/de\/?s={search_term_string}\"},\"query-input\":{\"@type\":\"PropertyValueSpecification\",\"valueRequired\":true,\"valueName\":\"search_term_string\"}}],\"inLanguage\":\"de\"}]}<\/script>\n<!-- \/ Yoast SEO plugin. -->","yoast_head_json":{"title":"Trockener Wei\u00dfwein \"Sklava\" - Zacharias Weingut - Ellados","description":"Wei\u00dfwein Trocken Sklava, au\u00dfergew\u00f6hnlich, hergestellt aus einer der \u00e4ltesten Rebsorten Griechenlands. Lassen Sie sich von seiner reinen Nase und seinen fruchtigen Noten mitrei\u00dfen.","robots":{"index":"index","follow":"follow","max-snippet":"max-snippet:-1","max-image-preview":"max-image-preview:large","max-video-preview":"max-video-preview:-1"},"canonical":"https:\/\/ellados-shop.com\/de\/laden\/weine\/trockener-weisswein-sklava-zacharias-weingut\/","og_locale":"de_DE","og_type":"article","og_title":"Trockener Wei\u00dfwein \"Sklava\" - Zacharias Weingut - Ellados","og_description":"Wei\u00dfwein Trocken Sklava, au\u00dfergew\u00f6hnlich, hergestellt aus einer der \u00e4ltesten Rebsorten Griechenlands. Lassen Sie sich von seiner reinen Nase und seinen fruchtigen Noten mitrei\u00dfen.","og_url":"https:\/\/ellados-shop.com\/de\/laden\/weine\/trockener-weisswein-sklava-zacharias-weingut\/","og_site_name":"Ellados","article_modified_time":"2025-02-05T22:02:04+00:00","og_image":[{"width":450,"height":600,"url":"https:\/\/ellados-shop.com\/wp-content\/uploads\/Sklava_Sur-lie.png","type":"image\/png"}],"twitter_card":"summary_large_image","twitter_misc":{"Gesch\u00e4tzte Lesezeit":"2\u00a0Minuten"},"schema":{"@context":"https:\/\/schema.org","@graph":[{"@type":"WebPage","@id":"https:\/\/ellados-shop.com\/de\/laden\/weine\/trockener-weisswein-sklava-zacharias-weingut\/","url":"https:\/\/ellados-shop.com\/de\/laden\/weine\/trockener-weisswein-sklava-zacharias-weingut\/","name":"Trockener Wei\u00dfwein \"Sklava\" - Zacharias Weingut - Ellados","isPartOf":{"@id":"https:\/\/ellados-shop.com\/de\/#website"},"primaryImageOfPage":{"@id":"https:\/\/ellados-shop.com\/de\/laden\/weine\/trockener-weisswein-sklava-zacharias-weingut\/#primaryimage"},"image":{"@id":"https:\/\/ellados-shop.com\/de\/laden\/weine\/trockener-weisswein-sklava-zacharias-weingut\/#primaryimage"},"thumbnailUrl":"https:\/\/ellados-shop.com\/wp-content\/uploads\/vin-blanc-grec-4.png","datePublished":"2024-03-28T21:55:38+00:00","dateModified":"2025-02-05T22:02:04+00:00","description":"Wei\u00dfwein Trocken Sklava, au\u00dfergew\u00f6hnlich, hergestellt aus einer der \u00e4ltesten Rebsorten Griechenlands. Lassen Sie sich von seiner reinen Nase und seinen fruchtigen Noten mitrei\u00dfen.","breadcrumb":{"@id":"https:\/\/ellados-shop.com\/de\/laden\/weine\/trockener-weisswein-sklava-zacharias-weingut\/#breadcrumb"},"inLanguage":"de","potentialAction":[{"@type":"ReadAction","target":["https:\/\/ellados-shop.com\/de\/laden\/weine\/trockener-weisswein-sklava-zacharias-weingut\/"]}]},{"@type":"ImageObject","inLanguage":"de","@id":"https:\/\/ellados-shop.com\/de\/laden\/weine\/trockener-weisswein-sklava-zacharias-weingut\/#primaryimage","url":"https:\/\/ellados-shop.com\/wp-content\/uploads\/vin-blanc-grec-4.png","contentUrl":"https:\/\/ellados-shop.com\/wp-content\/uploads\/vin-blanc-grec-4.png","width":450,"height":450,"caption":"vin blanc"},{"@type":"BreadcrumbList","@id":"https:\/\/ellados-shop.com\/de\/laden\/weine\/trockener-weisswein-sklava-zacharias-weingut\/#breadcrumb","itemListElement":[{"@type":"ListItem","position":1,"name":"Accueil","item":"https:\/\/ellados-shop.com\/de\/accueil-v2\/"},{"@type":"ListItem","position":2,"name":"Boutique","item":"https:\/\/ellados-shop.com\/boutique\/"},{"@type":"ListItem","position":3,"name":"Trockener Wei\u00dfwein &#8211; Sklava &#8211; 2023 &#8211; Zacharias Winery"}]},{"@type":"WebSite","@id":"https:\/\/ellados-shop.com\/de\/#website","url":"https:\/\/ellados-shop.com\/de\/","name":"Ellados","description":"","potentialAction":[{"@type":"SearchAction","target":{"@type":"EntryPoint","urlTemplate":"https:\/\/ellados-shop.com\/de\/?s={search_term_string}"},"query-input":{"@type":"PropertyValueSpecification","valueRequired":true,"valueName":"search_term_string"}}],"inLanguage":"de"}]}},"_links":{"self":[{"href":"https:\/\/ellados-shop.com\/de\/wp-json\/wp\/v2\/product\/2759","targetHints":{"allow":["GET"]}}],"collection":[{"href":"https:\/\/ellados-shop.com\/de\/wp-json\/wp\/v2\/product"}],"about":[{"href":"https:\/\/ellados-shop.com\/de\/wp-json\/wp\/v2\/types\/product"}],"replies":[{"embeddable":true,"href":"https:\/\/ellados-shop.com\/de\/wp-json\/wp\/v2\/comments?post=2759"}],"wp:featuredmedia":[{"embeddable":true,"href":"https:\/\/ellados-shop.com\/de\/wp-json\/wp\/v2\/media\/6128"}],"wp:attachment":[{"href":"https:\/\/ellados-shop.com\/de\/wp-json\/wp\/v2\/media?parent=2759"}],"wp:term":[{"taxonomy":"product_brand","embeddable":true,"href":"https:\/\/ellados-shop.com\/de\/wp-json\/wp\/v2\/product_brand?post=2759"},{"taxonomy":"product_cat","embeddable":true,"href":"https:\/\/ellados-shop.com\/de\/wp-json\/wp\/v2\/product_cat?post=2759"},{"taxonomy":"product_tag","embeddable":true,"href":"https:\/\/ellados-shop.com\/de\/wp-json\/wp\/v2\/product_tag?post=2759"}],"curies":[{"name":"wp","href":"https:\/\/api.w.org\/{rel}","templated":true}]}}