{"id":2760,"date":"2024-03-23T17:52:23","date_gmt":"2024-03-23T16:52:23","guid":{"rendered":"https:\/\/ellados-shop.com\/unkategorisiert\/trockener-weisswein-bio-o-kirios-ilios-2022-kalogris-organic-weingut\/"},"modified":"2025-02-05T23:02:04","modified_gmt":"2025-02-05T22:02:04","slug":"trockener-weisswein-bio-o-kirios-ilios-2022-kalogris-organic-weingut","status":"publish","type":"product","link":"https:\/\/ellados-shop.com\/de\/laden\/weine\/trockener-weisswein-bio-o-kirios-ilios-2022-kalogris-organic-weingut\/","title":{"rendered":"Trockener Wei\u00dfwein Bio &#8222;O Kirios Ilios&#8220;- 2022 &#8211; Kalogris Organic Weingut"},"content":{"rendered":"<p>Der trockene Bio-Wei\u00dfwein &#8222;O Kirios Ilios&#8220; wird von der Winzerfamilie Kalogris auf dem ber\u00fchmten Plateau von Mantineia produziert. Er tr\u00e4gt das IGP-Arkadien-Label. Die Rebsorte Moschofilero bildet den 100%igen Bio-Wei\u00dfwein &#8222;O Kirios Ilios&#8220;. Der Moschofilero ist eine typische Rebsorte der griechischen Weinberge. Die Weinherstellung dieses Weins ist traditionell, mit spontaner G\u00e4rung und minimaler Intervention. &#8222;O Kirios Ilios&#8220; verk\u00f6rpert die Exzellenz und <a href=\"https:\/\/ellados-shop.com\/actualites\/decouvrez-les-vins-grecs-originaires-du-peloponnese\/\">Authentizit\u00e4t der Weine des Peloponnes.. <\/a> Entdecken Sie die unglaubliche Frische und Lebendigkeit dieses trockenen Bio-Wei\u00dfweins, ein wahres Juwel, das von den leidenschaftlichen Winzerinnen des Kalogris Weinguts hergestellt wurde. Sorgf\u00e4ltig ausgew\u00e4hlte Rebsorten bieten eine Explosion delikater Aromen von tropischen Fr\u00fcchten und Zitrusfr\u00fcchten und schaffen so ein berauschendes sensorisches Erlebnis. Lassen Sie sich von dieser perfekten Harmonie der Aromen verf\u00fchren, einer unwiderstehlichen Einladung, in eine Welt des kulinarischen Genusses einzutauchen. Im Mund entfaltet O Kirios Ilios seine ganze Komplexit\u00e4t und Finesse. Seine seidige Textur und seine erfrischende Lebendigkeit laden zu einem \u00e4u\u00dferst angenehmen Genusserlebnis ein. Die Noten von Limette, wei\u00dfem Pfirsich und wei\u00dfen Bl\u00fcten entfalten sich mit Eleganz. Seine subtile Mineralit\u00e4t verleiht diesem au\u00dfergew\u00f6hnlichen Wein eine einzigartige Note. Servieren Sie diesen Wein k\u00fchl f\u00fcr einen geselligen und gemeinsamen Moment mit Freunden. Begleiten Sie ihn mit Meeresfr\u00fcchten und gegrilltem Fisch. Ihre Frische und Leichtigkeit passen hervorragend zu der Lebendigkeit des &#8222;O Kirios Ilios&#8220;.  &nbsp;<\/p>\n","protected":false},"excerpt":{"rendered":"<p>Der trockene Wei\u00dfwein &#8222;O Kirios Ilios&#8220; (w\u00f6rtliche \u00dcbersetzung &#8222;Herr Sonne&#8220;) ist eine Hommage an den t\u00e4glichen Sonnenaufgang \u00fcber den Weinbergen von Arkadien &#8211; Griechenland. 100 % biologisch, dieser Wein wird aus der Rebsorte Moschofilero hergestellt, die typisch griechisch ist. Lassen Sie sich von seiner seidigen Textur und seiner erfrischenden Lebendigkeit \u00fcberraschen. Servieren Sie diesen Wein k\u00fchl f\u00fcr einen geselligen und gemeinsamen Moment mit Freunden. Begleiten Sie ihn mit Meeresfr\u00fcchten und gegrilltem Fisch. Ihre Frische und Leichtigkeit werden wunderbar zur Lebendigkeit des &#8222;O Kirios Ilios&#8220; passen.<\/p>\n","protected":false},"featured_media":6131,"comment_status":"closed","ping_status":"closed","template":"","meta":[],"product_brand":[],"product_cat":[68,83,84],"product_tag":[],"class_list":{"0":"post-2760","1":"product","2":"type-product","3":"status-publish","4":"has-post-thumbnail","6":"product_cat-laden","7":"product_cat-weine","8":"product_cat-weiswein","10":"first","11":"outofstock","12":"taxable","13":"shipping-taxable","14":"purchasable","15":"product-type-simple"},"yoast_head":"<!-- This site is optimized with the Yoast SEO plugin v26.8 - https:\/\/yoast.com\/product\/yoast-seo-wordpress\/ -->\n<title>Trockener Wei\u00dfwein \u201eO Kirios Ilios\u201c - 100 % BIO - IGP Arkadien - Ellados<\/title>\n<meta name=\"description\" content=\"&quot;O Kirios Ilios&quot; ist ein trockener Bio-Wei\u00dfwein aus einer einzigen Rebsorte, der Sie mit seiner seidigen Textur und seiner erfrischenden Lebendigkeit \u00fcberraschen wird.\" \/>\n<meta name=\"robots\" content=\"index, follow, max-snippet:-1, max-image-preview:large, max-video-preview:-1\" \/>\n<link rel=\"canonical\" href=\"https:\/\/ellados-shop.com\/de\/laden\/weine\/trockener-weisswein-bio-o-kirios-ilios-2022-kalogris-organic-weingut\/\" \/>\n<meta property=\"og:locale\" content=\"de_DE\" \/>\n<meta property=\"og:type\" content=\"article\" \/>\n<meta property=\"og:title\" content=\"Trockener Wei\u00dfwein \u201eO Kirios Ilios\u201c - 100 % BIO - IGP Arkadien - Ellados\" \/>\n<meta property=\"og:description\" content=\"&quot;O Kirios Ilios&quot; ist ein trockener Bio-Wei\u00dfwein aus einer einzigen Rebsorte, der Sie mit seiner seidigen Textur und seiner erfrischenden Lebendigkeit \u00fcberraschen wird.\" \/>\n<meta property=\"og:url\" content=\"https:\/\/ellados-shop.com\/de\/laden\/weine\/trockener-weisswein-bio-o-kirios-ilios-2022-kalogris-organic-weingut\/\" \/>\n<meta property=\"og:site_name\" content=\"Ellados\" \/>\n<meta property=\"article:modified_time\" content=\"2025-02-05T22:02:04+00:00\" \/>\n<meta property=\"og:image\" content=\"https:\/\/ellados-shop.com\/wp-content\/uploads\/O-KIRIOS-ILIOS-VINS-BLANC-GREC.png\" \/>\n\t<meta property=\"og:image:width\" content=\"450\" \/>\n\t<meta property=\"og:image:height\" content=\"600\" \/>\n\t<meta property=\"og:image:type\" content=\"image\/png\" \/>\n<meta name=\"twitter:card\" content=\"summary_large_image\" \/>\n<meta name=\"twitter:label1\" content=\"Gesch\u00e4tzte Lesezeit\" \/>\n\t<meta name=\"twitter:data1\" content=\"2\u00a0Minuten\" \/>\n<script type=\"application\/ld+json\" class=\"yoast-schema-graph\">{\"@context\":\"https:\/\/schema.org\",\"@graph\":[{\"@type\":\"WebPage\",\"@id\":\"https:\/\/ellados-shop.com\/de\/laden\/weine\/trockener-weisswein-bio-o-kirios-ilios-2022-kalogris-organic-weingut\/\",\"url\":\"https:\/\/ellados-shop.com\/de\/laden\/weine\/trockener-weisswein-bio-o-kirios-ilios-2022-kalogris-organic-weingut\/\",\"name\":\"Trockener Wei\u00dfwein \u201eO Kirios Ilios\u201c - 100 % BIO - IGP Arkadien - Ellados\",\"isPartOf\":{\"@id\":\"https:\/\/ellados-shop.com\/de\/#website\"},\"primaryImageOfPage\":{\"@id\":\"https:\/\/ellados-shop.com\/de\/laden\/weine\/trockener-weisswein-bio-o-kirios-ilios-2022-kalogris-organic-weingut\/#primaryimage\"},\"image\":{\"@id\":\"https:\/\/ellados-shop.com\/de\/laden\/weine\/trockener-weisswein-bio-o-kirios-ilios-2022-kalogris-organic-weingut\/#primaryimage\"},\"thumbnailUrl\":\"https:\/\/ellados-shop.com\/wp-content\/uploads\/vin-blanc-grec-5.png\",\"datePublished\":\"2024-03-23T16:52:23+00:00\",\"dateModified\":\"2025-02-05T22:02:04+00:00\",\"description\":\"\\\"O Kirios Ilios\\\" ist ein trockener Bio-Wei\u00dfwein aus einer einzigen Rebsorte, der Sie mit seiner seidigen Textur und seiner erfrischenden Lebendigkeit \u00fcberraschen wird.\",\"breadcrumb\":{\"@id\":\"https:\/\/ellados-shop.com\/de\/laden\/weine\/trockener-weisswein-bio-o-kirios-ilios-2022-kalogris-organic-weingut\/#breadcrumb\"},\"inLanguage\":\"de\",\"potentialAction\":[{\"@type\":\"ReadAction\",\"target\":[\"https:\/\/ellados-shop.com\/de\/laden\/weine\/trockener-weisswein-bio-o-kirios-ilios-2022-kalogris-organic-weingut\/\"]}]},{\"@type\":\"ImageObject\",\"inLanguage\":\"de\",\"@id\":\"https:\/\/ellados-shop.com\/de\/laden\/weine\/trockener-weisswein-bio-o-kirios-ilios-2022-kalogris-organic-weingut\/#primaryimage\",\"url\":\"https:\/\/ellados-shop.com\/wp-content\/uploads\/vin-blanc-grec-5.png\",\"contentUrl\":\"https:\/\/ellados-shop.com\/wp-content\/uploads\/vin-blanc-grec-5.png\",\"width\":450,\"height\":450,\"caption\":\"VIN BLANC BIO\"},{\"@type\":\"BreadcrumbList\",\"@id\":\"https:\/\/ellados-shop.com\/de\/laden\/weine\/trockener-weisswein-bio-o-kirios-ilios-2022-kalogris-organic-weingut\/#breadcrumb\",\"itemListElement\":[{\"@type\":\"ListItem\",\"position\":1,\"name\":\"Accueil\",\"item\":\"https:\/\/ellados-shop.com\/de\/accueil-v2\/\"},{\"@type\":\"ListItem\",\"position\":2,\"name\":\"Boutique\",\"item\":\"https:\/\/ellados-shop.com\/boutique\/\"},{\"@type\":\"ListItem\",\"position\":3,\"name\":\"Trockener Wei\u00dfwein Bio \u00ab\u00a0O Kirios Ilios\u00a0\u00bb- 2022 &#8211; Kalogris Organic Weingut\"}]},{\"@type\":\"WebSite\",\"@id\":\"https:\/\/ellados-shop.com\/de\/#website\",\"url\":\"https:\/\/ellados-shop.com\/de\/\",\"name\":\"Ellados\",\"description\":\"\",\"potentialAction\":[{\"@type\":\"SearchAction\",\"target\":{\"@type\":\"EntryPoint\",\"urlTemplate\":\"https:\/\/ellados-shop.com\/de\/?s={search_term_string}\"},\"query-input\":{\"@type\":\"PropertyValueSpecification\",\"valueRequired\":true,\"valueName\":\"search_term_string\"}}],\"inLanguage\":\"de\"}]}<\/script>\n<!-- \/ Yoast SEO plugin. -->","yoast_head_json":{"title":"Trockener Wei\u00dfwein \u201eO Kirios Ilios\u201c - 100 % BIO - IGP Arkadien - Ellados","description":"\"O Kirios Ilios\" ist ein trockener Bio-Wei\u00dfwein aus einer einzigen Rebsorte, der Sie mit seiner seidigen Textur und seiner erfrischenden Lebendigkeit \u00fcberraschen wird.","robots":{"index":"index","follow":"follow","max-snippet":"max-snippet:-1","max-image-preview":"max-image-preview:large","max-video-preview":"max-video-preview:-1"},"canonical":"https:\/\/ellados-shop.com\/de\/laden\/weine\/trockener-weisswein-bio-o-kirios-ilios-2022-kalogris-organic-weingut\/","og_locale":"de_DE","og_type":"article","og_title":"Trockener Wei\u00dfwein \u201eO Kirios Ilios\u201c - 100 % BIO - IGP Arkadien - Ellados","og_description":"\"O Kirios Ilios\" ist ein trockener Bio-Wei\u00dfwein aus einer einzigen Rebsorte, der Sie mit seiner seidigen Textur und seiner erfrischenden Lebendigkeit \u00fcberraschen wird.","og_url":"https:\/\/ellados-shop.com\/de\/laden\/weine\/trockener-weisswein-bio-o-kirios-ilios-2022-kalogris-organic-weingut\/","og_site_name":"Ellados","article_modified_time":"2025-02-05T22:02:04+00:00","og_image":[{"width":450,"height":600,"url":"https:\/\/ellados-shop.com\/wp-content\/uploads\/O-KIRIOS-ILIOS-VINS-BLANC-GREC.png","type":"image\/png"}],"twitter_card":"summary_large_image","twitter_misc":{"Gesch\u00e4tzte Lesezeit":"2\u00a0Minuten"},"schema":{"@context":"https:\/\/schema.org","@graph":[{"@type":"WebPage","@id":"https:\/\/ellados-shop.com\/de\/laden\/weine\/trockener-weisswein-bio-o-kirios-ilios-2022-kalogris-organic-weingut\/","url":"https:\/\/ellados-shop.com\/de\/laden\/weine\/trockener-weisswein-bio-o-kirios-ilios-2022-kalogris-organic-weingut\/","name":"Trockener Wei\u00dfwein \u201eO Kirios Ilios\u201c - 100 % BIO - IGP Arkadien - Ellados","isPartOf":{"@id":"https:\/\/ellados-shop.com\/de\/#website"},"primaryImageOfPage":{"@id":"https:\/\/ellados-shop.com\/de\/laden\/weine\/trockener-weisswein-bio-o-kirios-ilios-2022-kalogris-organic-weingut\/#primaryimage"},"image":{"@id":"https:\/\/ellados-shop.com\/de\/laden\/weine\/trockener-weisswein-bio-o-kirios-ilios-2022-kalogris-organic-weingut\/#primaryimage"},"thumbnailUrl":"https:\/\/ellados-shop.com\/wp-content\/uploads\/vin-blanc-grec-5.png","datePublished":"2024-03-23T16:52:23+00:00","dateModified":"2025-02-05T22:02:04+00:00","description":"\"O Kirios Ilios\" ist ein trockener Bio-Wei\u00dfwein aus einer einzigen Rebsorte, der Sie mit seiner seidigen Textur und seiner erfrischenden Lebendigkeit \u00fcberraschen wird.","breadcrumb":{"@id":"https:\/\/ellados-shop.com\/de\/laden\/weine\/trockener-weisswein-bio-o-kirios-ilios-2022-kalogris-organic-weingut\/#breadcrumb"},"inLanguage":"de","potentialAction":[{"@type":"ReadAction","target":["https:\/\/ellados-shop.com\/de\/laden\/weine\/trockener-weisswein-bio-o-kirios-ilios-2022-kalogris-organic-weingut\/"]}]},{"@type":"ImageObject","inLanguage":"de","@id":"https:\/\/ellados-shop.com\/de\/laden\/weine\/trockener-weisswein-bio-o-kirios-ilios-2022-kalogris-organic-weingut\/#primaryimage","url":"https:\/\/ellados-shop.com\/wp-content\/uploads\/vin-blanc-grec-5.png","contentUrl":"https:\/\/ellados-shop.com\/wp-content\/uploads\/vin-blanc-grec-5.png","width":450,"height":450,"caption":"VIN BLANC BIO"},{"@type":"BreadcrumbList","@id":"https:\/\/ellados-shop.com\/de\/laden\/weine\/trockener-weisswein-bio-o-kirios-ilios-2022-kalogris-organic-weingut\/#breadcrumb","itemListElement":[{"@type":"ListItem","position":1,"name":"Accueil","item":"https:\/\/ellados-shop.com\/de\/accueil-v2\/"},{"@type":"ListItem","position":2,"name":"Boutique","item":"https:\/\/ellados-shop.com\/boutique\/"},{"@type":"ListItem","position":3,"name":"Trockener Wei\u00dfwein Bio \u00ab\u00a0O Kirios Ilios\u00a0\u00bb- 2022 &#8211; Kalogris Organic Weingut"}]},{"@type":"WebSite","@id":"https:\/\/ellados-shop.com\/de\/#website","url":"https:\/\/ellados-shop.com\/de\/","name":"Ellados","description":"","potentialAction":[{"@type":"SearchAction","target":{"@type":"EntryPoint","urlTemplate":"https:\/\/ellados-shop.com\/de\/?s={search_term_string}"},"query-input":{"@type":"PropertyValueSpecification","valueRequired":true,"valueName":"search_term_string"}}],"inLanguage":"de"}]}},"_links":{"self":[{"href":"https:\/\/ellados-shop.com\/de\/wp-json\/wp\/v2\/product\/2760","targetHints":{"allow":["GET"]}}],"collection":[{"href":"https:\/\/ellados-shop.com\/de\/wp-json\/wp\/v2\/product"}],"about":[{"href":"https:\/\/ellados-shop.com\/de\/wp-json\/wp\/v2\/types\/product"}],"replies":[{"embeddable":true,"href":"https:\/\/ellados-shop.com\/de\/wp-json\/wp\/v2\/comments?post=2760"}],"wp:featuredmedia":[{"embeddable":true,"href":"https:\/\/ellados-shop.com\/de\/wp-json\/wp\/v2\/media\/6131"}],"wp:attachment":[{"href":"https:\/\/ellados-shop.com\/de\/wp-json\/wp\/v2\/media?parent=2760"}],"wp:term":[{"taxonomy":"product_brand","embeddable":true,"href":"https:\/\/ellados-shop.com\/de\/wp-json\/wp\/v2\/product_brand?post=2760"},{"taxonomy":"product_cat","embeddable":true,"href":"https:\/\/ellados-shop.com\/de\/wp-json\/wp\/v2\/product_cat?post=2760"},{"taxonomy":"product_tag","embeddable":true,"href":"https:\/\/ellados-shop.com\/de\/wp-json\/wp\/v2\/product_tag?post=2760"}],"curies":[{"name":"wp","href":"https:\/\/api.w.org\/{rel}","templated":true}]}}