{"id":2761,"date":"2024-03-27T23:36:32","date_gmt":"2024-03-27T22:36:32","guid":{"rendered":"https:\/\/ellados-shop.com\/unkategorisiert\/rosewein-fare-rebels-astir-x-weingut\/"},"modified":"2025-04-05T14:08:50","modified_gmt":"2025-04-05T12:08:50","slug":"rosewein-fare-rebels-astir-x-weingut","status":"publish","type":"product","link":"https:\/\/ellados-shop.com\/de\/laden\/weine\/rosewein\/rosewein-fare-rebels-astir-x-weingut\/","title":{"rendered":"Rosewein 2023 \u2013 Fare Rebels Astir X"},"content":{"rendered":"<p>Entdecken Sie die vibrierende Welt des Ros\u00e9weines IGP Peloponnes &#8211; Far\u00e9 Rebels. Eine k\u00fchne und fesselnde Kreation des Astir X Weinguts. Die Far\u00e9 Rebels Weinserie, hergestellt vom Weingut Astir X, erz\u00e4hlt, wie die Flamme der griechischen Revolution von 1821 in Kalamata entfacht wurde, der ersten gro\u00dfen griechischen Stadt, die w\u00e4hrend des Unabh\u00e4ngigkeitskrieges befreit wurde. Vangelis, Stathis, Stelios und Vangelis verleihen ihren Weinen den Charakter der griechischen Rebsorten, die ihre Vorfahren seit 1930 auf <a href=\"https:\/\/ellados-shop.com\/actualites\/decouvrez-les-vins-grecs-originaires-du-peloponnese\/\">ihrem heiligen Land in Messenien und auf der Peloponnes<\/a> kultivieren. Durch die Kreativit\u00e4t ihrer Etiketten vermitteln sie uns die wunderbare Geschichte ihres Landes. Auf den ersten Blick erinnert sein blasses, leuchtendes Rosa an das mediterrane Sonnenlicht. Sie k\u00fcndigt eine ebenso erfrischende wie inspirierende Verkostung an. Far\u00e9 Rebels Ros\u00e9 trocken kombiniert zwei Botschafter-Rebsorten aus Messenien, den Moschofilero und den Agiorgitiko. Diese beiden Rebsorten bringen ein fruchtiges Aroma mit einem Bouquet von &#8222;Rosengarten&#8220;, und verleihen diesem Ros\u00e9wein eine ausgewogene S\u00e4ure. Dieser Wein tr\u00e4gt das IGP-Siegel. Lebhaft und einzigartig, Far\u00e9 Rebels Ros\u00e9 ist ein ausgezeichneter Charakterwein. Dieser Ros\u00e9wein ist die perfekte Begleitung f\u00fcr alle festlichen und ungezwungenen Anl\u00e4sse. Er wird auch Ihre Aperitifs, Meeresfr\u00fcchte-Platten, gegrillten Fische oder auch milden K\u00e4sesorten begleiten. Seien Sie kreativ und verfeinern Sie Ihre Sommercocktails oder Granit\u00e9s mit diesem Ros\u00e9wein&#8230;<\/p>\n<div class=\"flex-1 overflow-hidden\">\n<div class=\"react-scroll-to-bottom--css-edvpm-79elbk h-full\">\n<div class=\"react-scroll-to-bottom--css-edvpm-1n7m0yu\">\n<div>\n<div class=\"flex flex-col text-sm pb-9\">\n<div class=\"w-full text-token-text-primary\" dir=\"auto\" data-testid=\"conversation-turn-11\">\n<div class=\"px-4 py-2 justify-center text-base md:gap-6 m-auto\">\n<div class=\"flex flex-1 text-base mx-auto gap-3 juice:gap-4 juice:md:gap-6 md:px-5 lg:px-1 xl:px-5 md:max-w-3xl lg:max-w-[40rem] xl:max-w-[48rem] group final-completion\">\n<div class=\"relative flex w-full flex-col agent-turn\">\n<div class=\"flex-col gap-1 md:gap-3\">\n<div class=\"flex flex-grow flex-col max-w-full\">\n<div class=\"min-h-[20px] text-message flex flex-col items-start gap-3 whitespace-pre-wrap break-words [.text-message+&amp;]:mt-5 overflow-x-auto\" dir=\"auto\" data-message-author-role=\"assistant\" data-message-id=\"435275ad-c5b2-45bb-9589-7f8e28a771b4\">\n<div class=\"markdown prose w-full break-words dark:prose-invert light\"><\/div>\n<\/div>\n<\/div>\n<div class=\"mt-1 flex gap-3 empty:hidden\">\n<div class=\"text-gray-400 flex self-end lg:self-center items-center justify-center lg:justify-start mt-0 -ml-1 h-7 gap-[2px] visible\">\n<div class=\"flex\"><\/div>\n<\/div>\n<\/div>\n<div class=\"pr-2 lg:pr-0\"><\/div>\n<\/div>\n<div class=\"absolute\">\n<div class=\"flex w-full gap-2 items-center justify-center\"><\/div>\n<\/div>\n<\/div>\n<\/div>\n<\/div>\n<\/div>\n<\/div>\n<\/div>\n<\/div>\n<\/div>\n<\/div>\n<div class=\"w-full pt-2 md:pt-0 dark:border-white\/20 md:border-transparent md:dark:border-transparent md:w-[calc(100%-.5rem)]\">\n<div class=\"relative flex h-full flex-1 flex-col\">\n<div class=\"absolute bottom-full left-0 right-0\"><\/div>\n<div class=\"flex w-full items-center\"><\/div>\n<\/div>\n<\/div>\n<p>&nbsp;<\/p>\n<p>&nbsp;<\/p>\n","protected":false},"excerpt":{"rendered":"<p>Ein Ros\u00e9wein, um <strong>Ihre Sommer-Cocktails<\/strong> oder Granit\u00e9 zu verfeinern! Dieser Ros\u00e9 vereint zwei Hauptrebsorten der Messinia, Moschofilero und Agiorgitiko. Diese Mischung verleiht ihm ein <strong>fruchtiges Aroma<\/strong> mit einem Bouquet von &#8218;Rosengarten&#8216; und einer ausgewogenen S\u00e4ure. <strong>Gut gek\u00fchlt servieren.<\/strong><\/p>\n","protected":false},"featured_media":6152,"comment_status":"closed","ping_status":"closed","template":"","meta":[],"product_brand":[],"product_cat":[68,83,85],"product_tag":[],"class_list":{"0":"post-2761","1":"product","2":"type-product","3":"status-publish","4":"has-post-thumbnail","6":"product_cat-laden","7":"product_cat-weine","8":"product_cat-rosewein","10":"first","11":"instock","12":"taxable","13":"shipping-taxable","14":"purchasable","15":"product-type-simple"},"yoast_head":"<!-- This site is optimized with the Yoast SEO plugin v26.8 - https:\/\/yoast.com\/product\/yoast-seo-wordpress\/ -->\n<title>Rosewein 2023 \u2013 Fare Rebels Astir X - Ellados<\/title>\n<meta name=\"description\" content=\"Lassen Sie sich von der Frische und Energie des Ros\u00e9weins FARE REBELS - IGP Peloponnes - verf\u00fchren. Die unverzichtbare Zutat f\u00fcr Ihre Sommercocktails und Granitas.\" \/>\n<meta name=\"robots\" content=\"index, follow, max-snippet:-1, max-image-preview:large, max-video-preview:-1\" \/>\n<link rel=\"canonical\" href=\"https:\/\/ellados-shop.com\/de\/laden\/weine\/rosewein\/rosewein-fare-rebels-astir-x-weingut\/\" \/>\n<meta property=\"og:locale\" content=\"de_DE\" \/>\n<meta property=\"og:type\" content=\"article\" \/>\n<meta property=\"og:title\" content=\"Rosewein 2023 \u2013 Fare Rebels Astir X - Ellados\" \/>\n<meta property=\"og:description\" content=\"Lassen Sie sich von der Frische und Energie des Ros\u00e9weins FARE REBELS - IGP Peloponnes - verf\u00fchren. Die unverzichtbare Zutat f\u00fcr Ihre Sommercocktails und Granitas.\" \/>\n<meta property=\"og:url\" content=\"https:\/\/ellados-shop.com\/de\/laden\/weine\/rosewein\/rosewein-fare-rebels-astir-x-weingut\/\" \/>\n<meta property=\"og:site_name\" content=\"Ellados\" \/>\n<meta property=\"article:modified_time\" content=\"2025-04-05T12:08:50+00:00\" \/>\n<meta property=\"og:image\" content=\"https:\/\/ellados-shop.com\/wp-content\/uploads\/vin-rose-grec-4.png\" \/>\n\t<meta property=\"og:image:width\" content=\"450\" \/>\n\t<meta property=\"og:image:height\" content=\"450\" \/>\n\t<meta property=\"og:image:type\" content=\"image\/png\" \/>\n<meta name=\"twitter:card\" content=\"summary_large_image\" \/>\n<meta name=\"twitter:label1\" content=\"Gesch\u00e4tzte Lesezeit\" \/>\n\t<meta name=\"twitter:data1\" content=\"2\u00a0Minuten\" \/>\n<script type=\"application\/ld+json\" class=\"yoast-schema-graph\">{\"@context\":\"https:\/\/schema.org\",\"@graph\":[{\"@type\":\"WebPage\",\"@id\":\"https:\/\/ellados-shop.com\/de\/laden\/weine\/rosewein\/rosewein-fare-rebels-astir-x-weingut\/\",\"url\":\"https:\/\/ellados-shop.com\/de\/laden\/weine\/rosewein\/rosewein-fare-rebels-astir-x-weingut\/\",\"name\":\"Rosewein 2023 \u2013 Fare Rebels Astir X - Ellados\",\"isPartOf\":{\"@id\":\"https:\/\/ellados-shop.com\/de\/#website\"},\"primaryImageOfPage\":{\"@id\":\"https:\/\/ellados-shop.com\/de\/laden\/weine\/rosewein\/rosewein-fare-rebels-astir-x-weingut\/#primaryimage\"},\"image\":{\"@id\":\"https:\/\/ellados-shop.com\/de\/laden\/weine\/rosewein\/rosewein-fare-rebels-astir-x-weingut\/#primaryimage\"},\"thumbnailUrl\":\"https:\/\/ellados-shop.com\/wp-content\/uploads\/vin-rose-grec-4.png\",\"datePublished\":\"2024-03-27T22:36:32+00:00\",\"dateModified\":\"2025-04-05T12:08:50+00:00\",\"description\":\"Lassen Sie sich von der Frische und Energie des Ros\u00e9weins FARE REBELS - IGP Peloponnes - verf\u00fchren. Die unverzichtbare Zutat f\u00fcr Ihre Sommercocktails und Granitas.\",\"breadcrumb\":{\"@id\":\"https:\/\/ellados-shop.com\/de\/laden\/weine\/rosewein\/rosewein-fare-rebels-astir-x-weingut\/#breadcrumb\"},\"inLanguage\":\"de\",\"potentialAction\":[{\"@type\":\"ReadAction\",\"target\":[\"https:\/\/ellados-shop.com\/de\/laden\/weine\/rosewein\/rosewein-fare-rebels-astir-x-weingut\/\"]}]},{\"@type\":\"ImageObject\",\"inLanguage\":\"de\",\"@id\":\"https:\/\/ellados-shop.com\/de\/laden\/weine\/rosewein\/rosewein-fare-rebels-astir-x-weingut\/#primaryimage\",\"url\":\"https:\/\/ellados-shop.com\/wp-content\/uploads\/vin-rose-grec-4.png\",\"contentUrl\":\"https:\/\/ellados-shop.com\/wp-content\/uploads\/vin-rose-grec-4.png\",\"width\":450,\"height\":450,\"caption\":\"VIN ROSE GREC\"},{\"@type\":\"BreadcrumbList\",\"@id\":\"https:\/\/ellados-shop.com\/de\/laden\/weine\/rosewein\/rosewein-fare-rebels-astir-x-weingut\/#breadcrumb\",\"itemListElement\":[{\"@type\":\"ListItem\",\"position\":1,\"name\":\"Accueil\",\"item\":\"https:\/\/ellados-shop.com\/de\/accueil-v2\/\"},{\"@type\":\"ListItem\",\"position\":2,\"name\":\"Boutique\",\"item\":\"https:\/\/ellados-shop.com\/boutique\/\"},{\"@type\":\"ListItem\",\"position\":3,\"name\":\"Rosewein 2023 \u2013 Fare Rebels Astir X\"}]},{\"@type\":\"WebSite\",\"@id\":\"https:\/\/ellados-shop.com\/de\/#website\",\"url\":\"https:\/\/ellados-shop.com\/de\/\",\"name\":\"Ellados\",\"description\":\"\",\"potentialAction\":[{\"@type\":\"SearchAction\",\"target\":{\"@type\":\"EntryPoint\",\"urlTemplate\":\"https:\/\/ellados-shop.com\/de\/?s={search_term_string}\"},\"query-input\":{\"@type\":\"PropertyValueSpecification\",\"valueRequired\":true,\"valueName\":\"search_term_string\"}}],\"inLanguage\":\"de\"}]}<\/script>\n<!-- \/ Yoast SEO plugin. -->","yoast_head_json":{"title":"Rosewein 2023 \u2013 Fare Rebels Astir X - Ellados","description":"Lassen Sie sich von der Frische und Energie des Ros\u00e9weins FARE REBELS - IGP Peloponnes - verf\u00fchren. Die unverzichtbare Zutat f\u00fcr Ihre Sommercocktails und Granitas.","robots":{"index":"index","follow":"follow","max-snippet":"max-snippet:-1","max-image-preview":"max-image-preview:large","max-video-preview":"max-video-preview:-1"},"canonical":"https:\/\/ellados-shop.com\/de\/laden\/weine\/rosewein\/rosewein-fare-rebels-astir-x-weingut\/","og_locale":"de_DE","og_type":"article","og_title":"Rosewein 2023 \u2013 Fare Rebels Astir X - Ellados","og_description":"Lassen Sie sich von der Frische und Energie des Ros\u00e9weins FARE REBELS - IGP Peloponnes - verf\u00fchren. Die unverzichtbare Zutat f\u00fcr Ihre Sommercocktails und Granitas.","og_url":"https:\/\/ellados-shop.com\/de\/laden\/weine\/rosewein\/rosewein-fare-rebels-astir-x-weingut\/","og_site_name":"Ellados","article_modified_time":"2025-04-05T12:08:50+00:00","og_image":[{"width":450,"height":450,"url":"https:\/\/ellados-shop.com\/wp-content\/uploads\/vin-rose-grec-4.png","type":"image\/png"}],"twitter_card":"summary_large_image","twitter_misc":{"Gesch\u00e4tzte Lesezeit":"2\u00a0Minuten"},"schema":{"@context":"https:\/\/schema.org","@graph":[{"@type":"WebPage","@id":"https:\/\/ellados-shop.com\/de\/laden\/weine\/rosewein\/rosewein-fare-rebels-astir-x-weingut\/","url":"https:\/\/ellados-shop.com\/de\/laden\/weine\/rosewein\/rosewein-fare-rebels-astir-x-weingut\/","name":"Rosewein 2023 \u2013 Fare Rebels Astir X - Ellados","isPartOf":{"@id":"https:\/\/ellados-shop.com\/de\/#website"},"primaryImageOfPage":{"@id":"https:\/\/ellados-shop.com\/de\/laden\/weine\/rosewein\/rosewein-fare-rebels-astir-x-weingut\/#primaryimage"},"image":{"@id":"https:\/\/ellados-shop.com\/de\/laden\/weine\/rosewein\/rosewein-fare-rebels-astir-x-weingut\/#primaryimage"},"thumbnailUrl":"https:\/\/ellados-shop.com\/wp-content\/uploads\/vin-rose-grec-4.png","datePublished":"2024-03-27T22:36:32+00:00","dateModified":"2025-04-05T12:08:50+00:00","description":"Lassen Sie sich von der Frische und Energie des Ros\u00e9weins FARE REBELS - IGP Peloponnes - verf\u00fchren. Die unverzichtbare Zutat f\u00fcr Ihre Sommercocktails und Granitas.","breadcrumb":{"@id":"https:\/\/ellados-shop.com\/de\/laden\/weine\/rosewein\/rosewein-fare-rebels-astir-x-weingut\/#breadcrumb"},"inLanguage":"de","potentialAction":[{"@type":"ReadAction","target":["https:\/\/ellados-shop.com\/de\/laden\/weine\/rosewein\/rosewein-fare-rebels-astir-x-weingut\/"]}]},{"@type":"ImageObject","inLanguage":"de","@id":"https:\/\/ellados-shop.com\/de\/laden\/weine\/rosewein\/rosewein-fare-rebels-astir-x-weingut\/#primaryimage","url":"https:\/\/ellados-shop.com\/wp-content\/uploads\/vin-rose-grec-4.png","contentUrl":"https:\/\/ellados-shop.com\/wp-content\/uploads\/vin-rose-grec-4.png","width":450,"height":450,"caption":"VIN ROSE GREC"},{"@type":"BreadcrumbList","@id":"https:\/\/ellados-shop.com\/de\/laden\/weine\/rosewein\/rosewein-fare-rebels-astir-x-weingut\/#breadcrumb","itemListElement":[{"@type":"ListItem","position":1,"name":"Accueil","item":"https:\/\/ellados-shop.com\/de\/accueil-v2\/"},{"@type":"ListItem","position":2,"name":"Boutique","item":"https:\/\/ellados-shop.com\/boutique\/"},{"@type":"ListItem","position":3,"name":"Rosewein 2023 \u2013 Fare Rebels Astir X"}]},{"@type":"WebSite","@id":"https:\/\/ellados-shop.com\/de\/#website","url":"https:\/\/ellados-shop.com\/de\/","name":"Ellados","description":"","potentialAction":[{"@type":"SearchAction","target":{"@type":"EntryPoint","urlTemplate":"https:\/\/ellados-shop.com\/de\/?s={search_term_string}"},"query-input":{"@type":"PropertyValueSpecification","valueRequired":true,"valueName":"search_term_string"}}],"inLanguage":"de"}]}},"_links":{"self":[{"href":"https:\/\/ellados-shop.com\/de\/wp-json\/wp\/v2\/product\/2761","targetHints":{"allow":["GET"]}}],"collection":[{"href":"https:\/\/ellados-shop.com\/de\/wp-json\/wp\/v2\/product"}],"about":[{"href":"https:\/\/ellados-shop.com\/de\/wp-json\/wp\/v2\/types\/product"}],"replies":[{"embeddable":true,"href":"https:\/\/ellados-shop.com\/de\/wp-json\/wp\/v2\/comments?post=2761"}],"wp:featuredmedia":[{"embeddable":true,"href":"https:\/\/ellados-shop.com\/de\/wp-json\/wp\/v2\/media\/6152"}],"wp:attachment":[{"href":"https:\/\/ellados-shop.com\/de\/wp-json\/wp\/v2\/media?parent=2761"}],"wp:term":[{"taxonomy":"product_brand","embeddable":true,"href":"https:\/\/ellados-shop.com\/de\/wp-json\/wp\/v2\/product_brand?post=2761"},{"taxonomy":"product_cat","embeddable":true,"href":"https:\/\/ellados-shop.com\/de\/wp-json\/wp\/v2\/product_cat?post=2761"},{"taxonomy":"product_tag","embeddable":true,"href":"https:\/\/ellados-shop.com\/de\/wp-json\/wp\/v2\/product_tag?post=2761"}],"curies":[{"name":"wp","href":"https:\/\/api.w.org\/{rel}","templated":true}]}}