{"id":2930,"date":"2024-04-20T07:33:02","date_gmt":"2024-04-20T05:33:02","guid":{"rendered":"https:\/\/ellados-shop.com\/?post_type=product&#038;p=2930"},"modified":"2025-04-02T17:00:26","modified_gmt":"2025-04-02T15:00:26","slug":"knusprige-pasteli-mit-mandeln-copie","status":"publish","type":"product","link":"https:\/\/ellados-shop.com\/de\/laden\/lebensmittelgeschaft\/sus\/knusprige-pasteli-mit-mandeln-copie\/","title":{"rendered":"Knusprige Karamellisierte Erdnuss-Box &#8211; 150 g"},"content":{"rendered":"<div class=\"flex flex-grow flex-col max-w-full\">\n<div class=\"min-h-[20px] text-message flex flex-col items-start gap-3 whitespace-pre-wrap break-words [.text-message+&amp;]:mt-5 overflow-x-auto\" dir=\"auto\" data-message-author-role=\"assistant\" data-message-id=\"b452a892-ffee-4f90-8c8c-770c48c20301\">\n<div class=\"markdown prose w-full break-words dark:prose-invert light\">\n<div class=\"flex flex-grow flex-col max-w-full\">\n<div class=\"min-h-[20px] text-message flex flex-col items-start gap-3 whitespace-pre-wrap break-words [.text-message+&amp;]:mt-5 overflow-x-auto\" dir=\"auto\" data-message-author-role=\"assistant\" data-message-id=\"9846f441-2776-4b9f-86b5-39b14ac9c3ad\">\n<div class=\"markdown prose w-full break-words dark:prose-invert light\"> Die Pasteli ist ein traditionelles griechisches Dessert, das urspr\u00fcnglich aus Sesam und Honig hergestellt wurde. Die Urspr\u00fcnge dieses Leckerbissens reichen bis in die Antike zur\u00fcck. Die Familienfirma Lampos hat neue Pasteli-Rezepte getestet und kreiert. Sie hat insbesondere N\u00fcsse oder rote Fr\u00fcchte hinzugef\u00fcgt, um einen anderen Geschmack zu erzielen. Entdecken Sie hier die karamellisierten Erdnuss-Pasteli, die stolz in Kalamata hergestellt werden und eine <strong>handwerkliche Spezialit\u00e4t <\/strong> des Hauses Lampos sind. In unserem Gesch\u00e4ft finden Sie Pasteli, die mit Hingabe nach traditionellen Rezepten hergestellt werden, die von Generation zu Generation weitergegeben wurden. Diese K\u00f6stlichkeiten sind das Ergebnis eines jahrhundertealten Know-hows, das von der Familie Lampos leidenschaftlich bewahrt wird. Die Kombination von Erdn\u00fcssen mit goldenem Honig, der aus lokalen Bienenst\u00f6cken geerntet wird, bietet eine harmonische Vereinigung von zarten und s\u00fc\u00dfen Aromen. Was die Pasteli von Lampos auszeichnet, ist ihr Engagement f\u00fcr Qualit\u00e4t und Reinheit der verwendeten Zutaten. In der Tat, ihr Herstellungsprozess folgt wichtigen Regeln und Schritten. Dies gew\u00e4hrleistet eine Produktion <strong>ohne Konservierungsstoffe oder k\u00fcnstliche Zusatzstoffe. <\/strong> Die Herstellung dieser K\u00f6stlichkeiten erfolgt mit Sorgfalt, um ein nat\u00fcrliches und authentisches Geschmackserlebnis zu bieten. Unser Handwerker erhitzt zun\u00e4chst den Honig und sch\u00e4umt ihn ab. Dann f\u00fcgt der Handwerker vorsichtig die Erdn\u00fcsse hinzu, w\u00e4hrend er eine rotierende Bewegung beibeh\u00e4lt, um zu verhindern, dass die Mischung klebt. Nach Abschluss dieses Vorgangs legt der Handwerker die Mischung auf Marmorplatten, die mit s\u00fc\u00dfem Wein bestrichen sind, um sie nat\u00fcrlich abk\u00fchlen zu lassen. Nachdem der Teig abgek\u00fchlt ist, formt der Handwerker ihn und schneidet ihn dann je nach gew\u00fcnschter Gr\u00f6\u00dfe zu. Der Handwerker widmet jeder einzelnen Etappe besondere Aufmerksamkeit und Sorgfalt. Hinter ihrer einfachen Erscheinung verbergen sich <strong>Sch\u00e4tze an Aromen<\/strong> und Texturen.. Die karamellisierten Erdnuss-Pasteli von Lampos bieten ein <strong>exquisites Genusserlebnis,<\/strong> dem wir Sie einladen zu erliegen. Perfekt als Begleitung zum Kaffee oder f\u00fcr eine genussvolle Pause eignen sich die karamellisierten Erdnuss-Pastelis auch hervorragend als Snack f\u00fcr Ausdauersportler. Diese K\u00f6stlichkeiten werden alle Gaumen erfreuen, vom j\u00fcngsten bis zum anspruchsvollsten Feinschmecker. <\/div>\n<\/div>\n<\/div>\n<\/div>\n<\/div>\n<\/div>\n","protected":false},"excerpt":{"rendered":"<p>Hier finden Sie Ihre <strong>karamellisierten Erdnuss-<\/strong>Past\u00e9is in einem Format, das sich ideal zum Teilen mit Freunden bei einem Kaffee oder Tee eignet. Sie sind garantiert <strong>ohne Konservierungsstoffe oder Zusatzstoffe<\/strong> und werden handwerklich in Kalamata hergestellt <\/p>\n","protected":false},"featured_media":5893,"comment_status":"closed","ping_status":"closed","template":"","meta":[],"product_brand":[],"product_cat":[68,92,110],"product_tag":[],"class_list":{"0":"post-2930","1":"product","2":"type-product","3":"status-publish","4":"has-post-thumbnail","6":"product_cat-laden","7":"product_cat-lebensmittelgeschaft","8":"product_cat-sus","10":"first","11":"outofstock","12":"taxable","13":"shipping-taxable","14":"purchasable","15":"product-type-simple"},"yoast_head":"<!-- This site is optimized with the Yoast SEO plugin v26.8 - https:\/\/yoast.com\/product\/yoast-seo-wordpress\/ -->\n<title>Pasteli Karamellisierte Erdn\u00fcsse - Ellados<\/title>\n<meta name=\"description\" content=\"Lust auf s\u00fc\u00dfe, energetische Freude ? Entdecken Sie unsere handgefertigten karamellisierten Erdnuss-Pasteli, garantiert ohne Konservierungsstoffe. Genuss in seiner reinsten Form !\" \/>\n<meta name=\"robots\" content=\"index, follow, max-snippet:-1, max-image-preview:large, max-video-preview:-1\" \/>\n<link rel=\"canonical\" href=\"https:\/\/ellados-shop.com\/de\/laden\/lebensmittelgeschaft\/sus\/knusprige-pasteli-mit-mandeln-copie\/\" \/>\n<meta property=\"og:locale\" content=\"de_DE\" \/>\n<meta property=\"og:type\" content=\"article\" \/>\n<meta property=\"og:title\" content=\"Pasteli Karamellisierte Erdn\u00fcsse - Ellados\" \/>\n<meta property=\"og:description\" content=\"Lust auf s\u00fc\u00dfe, energetische Freude ? Entdecken Sie unsere handgefertigten karamellisierten Erdnuss-Pasteli, garantiert ohne Konservierungsstoffe. Genuss in seiner reinsten Form !\" \/>\n<meta property=\"og:url\" content=\"https:\/\/ellados-shop.com\/de\/laden\/lebensmittelgeschaft\/sus\/knusprige-pasteli-mit-mandeln-copie\/\" \/>\n<meta property=\"og:site_name\" content=\"Ellados\" \/>\n<meta property=\"article:modified_time\" content=\"2025-04-02T15:00:26+00:00\" \/>\n<meta property=\"og:image\" content=\"https:\/\/ellados-shop.com\/wp-content\/uploads\/Croquant-cacahuetes-miel.png\" \/>\n\t<meta property=\"og:image:width\" content=\"450\" \/>\n\t<meta property=\"og:image:height\" content=\"450\" \/>\n\t<meta property=\"og:image:type\" content=\"image\/png\" \/>\n<meta name=\"twitter:card\" content=\"summary_large_image\" \/>\n<meta name=\"twitter:label1\" content=\"Gesch\u00e4tzte Lesezeit\" \/>\n\t<meta name=\"twitter:data1\" content=\"2\u00a0Minuten\" \/>\n<script type=\"application\/ld+json\" class=\"yoast-schema-graph\">{\"@context\":\"https:\/\/schema.org\",\"@graph\":[{\"@type\":\"WebPage\",\"@id\":\"https:\/\/ellados-shop.com\/de\/laden\/lebensmittelgeschaft\/sus\/knusprige-pasteli-mit-mandeln-copie\/\",\"url\":\"https:\/\/ellados-shop.com\/de\/laden\/lebensmittelgeschaft\/sus\/knusprige-pasteli-mit-mandeln-copie\/\",\"name\":\"Pasteli Karamellisierte Erdn\u00fcsse - Ellados\",\"isPartOf\":{\"@id\":\"https:\/\/ellados-shop.com\/de\/#website\"},\"primaryImageOfPage\":{\"@id\":\"https:\/\/ellados-shop.com\/de\/laden\/lebensmittelgeschaft\/sus\/knusprige-pasteli-mit-mandeln-copie\/#primaryimage\"},\"image\":{\"@id\":\"https:\/\/ellados-shop.com\/de\/laden\/lebensmittelgeschaft\/sus\/knusprige-pasteli-mit-mandeln-copie\/#primaryimage\"},\"thumbnailUrl\":\"https:\/\/ellados-shop.com\/wp-content\/uploads\/Croquant-cacahuetes-miel.png\",\"datePublished\":\"2024-04-20T05:33:02+00:00\",\"dateModified\":\"2025-04-02T15:00:26+00:00\",\"description\":\"Lust auf s\u00fc\u00dfe, energetische Freude ? Entdecken Sie unsere handgefertigten karamellisierten Erdnuss-Pasteli, garantiert ohne Konservierungsstoffe. Genuss in seiner reinsten Form !\",\"breadcrumb\":{\"@id\":\"https:\/\/ellados-shop.com\/de\/laden\/lebensmittelgeschaft\/sus\/knusprige-pasteli-mit-mandeln-copie\/#breadcrumb\"},\"inLanguage\":\"de\",\"potentialAction\":[{\"@type\":\"ReadAction\",\"target\":[\"https:\/\/ellados-shop.com\/de\/laden\/lebensmittelgeschaft\/sus\/knusprige-pasteli-mit-mandeln-copie\/\"]}]},{\"@type\":\"ImageObject\",\"inLanguage\":\"de\",\"@id\":\"https:\/\/ellados-shop.com\/de\/laden\/lebensmittelgeschaft\/sus\/knusprige-pasteli-mit-mandeln-copie\/#primaryimage\",\"url\":\"https:\/\/ellados-shop.com\/wp-content\/uploads\/Croquant-cacahuetes-miel.png\",\"contentUrl\":\"https:\/\/ellados-shop.com\/wp-content\/uploads\/Croquant-cacahuetes-miel.png\",\"width\":450,\"height\":450,\"caption\":\"boite cacahu\u00e8tes caramel\"},{\"@type\":\"BreadcrumbList\",\"@id\":\"https:\/\/ellados-shop.com\/de\/laden\/lebensmittelgeschaft\/sus\/knusprige-pasteli-mit-mandeln-copie\/#breadcrumb\",\"itemListElement\":[{\"@type\":\"ListItem\",\"position\":1,\"name\":\"Accueil\",\"item\":\"https:\/\/ellados-shop.com\/de\/accueil-v2\/\"},{\"@type\":\"ListItem\",\"position\":2,\"name\":\"Boutique\",\"item\":\"https:\/\/ellados-shop.com\/boutique\/\"},{\"@type\":\"ListItem\",\"position\":3,\"name\":\"Knusprige Karamellisierte Erdnuss-Box &#8211; 150 g\"}]},{\"@type\":\"WebSite\",\"@id\":\"https:\/\/ellados-shop.com\/de\/#website\",\"url\":\"https:\/\/ellados-shop.com\/de\/\",\"name\":\"Ellados\",\"description\":\"\",\"potentialAction\":[{\"@type\":\"SearchAction\",\"target\":{\"@type\":\"EntryPoint\",\"urlTemplate\":\"https:\/\/ellados-shop.com\/de\/?s={search_term_string}\"},\"query-input\":{\"@type\":\"PropertyValueSpecification\",\"valueRequired\":true,\"valueName\":\"search_term_string\"}}],\"inLanguage\":\"de\"}]}<\/script>\n<!-- \/ Yoast SEO plugin. -->","yoast_head_json":{"title":"Pasteli Karamellisierte Erdn\u00fcsse - Ellados","description":"Lust auf s\u00fc\u00dfe, energetische Freude ? Entdecken Sie unsere handgefertigten karamellisierten Erdnuss-Pasteli, garantiert ohne Konservierungsstoffe. Genuss in seiner reinsten Form !","robots":{"index":"index","follow":"follow","max-snippet":"max-snippet:-1","max-image-preview":"max-image-preview:large","max-video-preview":"max-video-preview:-1"},"canonical":"https:\/\/ellados-shop.com\/de\/laden\/lebensmittelgeschaft\/sus\/knusprige-pasteli-mit-mandeln-copie\/","og_locale":"de_DE","og_type":"article","og_title":"Pasteli Karamellisierte Erdn\u00fcsse - Ellados","og_description":"Lust auf s\u00fc\u00dfe, energetische Freude ? Entdecken Sie unsere handgefertigten karamellisierten Erdnuss-Pasteli, garantiert ohne Konservierungsstoffe. Genuss in seiner reinsten Form !","og_url":"https:\/\/ellados-shop.com\/de\/laden\/lebensmittelgeschaft\/sus\/knusprige-pasteli-mit-mandeln-copie\/","og_site_name":"Ellados","article_modified_time":"2025-04-02T15:00:26+00:00","og_image":[{"width":450,"height":450,"url":"https:\/\/ellados-shop.com\/wp-content\/uploads\/Croquant-cacahuetes-miel.png","type":"image\/png"}],"twitter_card":"summary_large_image","twitter_misc":{"Gesch\u00e4tzte Lesezeit":"2\u00a0Minuten"},"schema":{"@context":"https:\/\/schema.org","@graph":[{"@type":"WebPage","@id":"https:\/\/ellados-shop.com\/de\/laden\/lebensmittelgeschaft\/sus\/knusprige-pasteli-mit-mandeln-copie\/","url":"https:\/\/ellados-shop.com\/de\/laden\/lebensmittelgeschaft\/sus\/knusprige-pasteli-mit-mandeln-copie\/","name":"Pasteli Karamellisierte Erdn\u00fcsse - Ellados","isPartOf":{"@id":"https:\/\/ellados-shop.com\/de\/#website"},"primaryImageOfPage":{"@id":"https:\/\/ellados-shop.com\/de\/laden\/lebensmittelgeschaft\/sus\/knusprige-pasteli-mit-mandeln-copie\/#primaryimage"},"image":{"@id":"https:\/\/ellados-shop.com\/de\/laden\/lebensmittelgeschaft\/sus\/knusprige-pasteli-mit-mandeln-copie\/#primaryimage"},"thumbnailUrl":"https:\/\/ellados-shop.com\/wp-content\/uploads\/Croquant-cacahuetes-miel.png","datePublished":"2024-04-20T05:33:02+00:00","dateModified":"2025-04-02T15:00:26+00:00","description":"Lust auf s\u00fc\u00dfe, energetische Freude ? Entdecken Sie unsere handgefertigten karamellisierten Erdnuss-Pasteli, garantiert ohne Konservierungsstoffe. Genuss in seiner reinsten Form !","breadcrumb":{"@id":"https:\/\/ellados-shop.com\/de\/laden\/lebensmittelgeschaft\/sus\/knusprige-pasteli-mit-mandeln-copie\/#breadcrumb"},"inLanguage":"de","potentialAction":[{"@type":"ReadAction","target":["https:\/\/ellados-shop.com\/de\/laden\/lebensmittelgeschaft\/sus\/knusprige-pasteli-mit-mandeln-copie\/"]}]},{"@type":"ImageObject","inLanguage":"de","@id":"https:\/\/ellados-shop.com\/de\/laden\/lebensmittelgeschaft\/sus\/knusprige-pasteli-mit-mandeln-copie\/#primaryimage","url":"https:\/\/ellados-shop.com\/wp-content\/uploads\/Croquant-cacahuetes-miel.png","contentUrl":"https:\/\/ellados-shop.com\/wp-content\/uploads\/Croquant-cacahuetes-miel.png","width":450,"height":450,"caption":"boite cacahu\u00e8tes caramel"},{"@type":"BreadcrumbList","@id":"https:\/\/ellados-shop.com\/de\/laden\/lebensmittelgeschaft\/sus\/knusprige-pasteli-mit-mandeln-copie\/#breadcrumb","itemListElement":[{"@type":"ListItem","position":1,"name":"Accueil","item":"https:\/\/ellados-shop.com\/de\/accueil-v2\/"},{"@type":"ListItem","position":2,"name":"Boutique","item":"https:\/\/ellados-shop.com\/boutique\/"},{"@type":"ListItem","position":3,"name":"Knusprige Karamellisierte Erdnuss-Box &#8211; 150 g"}]},{"@type":"WebSite","@id":"https:\/\/ellados-shop.com\/de\/#website","url":"https:\/\/ellados-shop.com\/de\/","name":"Ellados","description":"","potentialAction":[{"@type":"SearchAction","target":{"@type":"EntryPoint","urlTemplate":"https:\/\/ellados-shop.com\/de\/?s={search_term_string}"},"query-input":{"@type":"PropertyValueSpecification","valueRequired":true,"valueName":"search_term_string"}}],"inLanguage":"de"}]}},"_links":{"self":[{"href":"https:\/\/ellados-shop.com\/de\/wp-json\/wp\/v2\/product\/2930","targetHints":{"allow":["GET"]}}],"collection":[{"href":"https:\/\/ellados-shop.com\/de\/wp-json\/wp\/v2\/product"}],"about":[{"href":"https:\/\/ellados-shop.com\/de\/wp-json\/wp\/v2\/types\/product"}],"replies":[{"embeddable":true,"href":"https:\/\/ellados-shop.com\/de\/wp-json\/wp\/v2\/comments?post=2930"}],"wp:featuredmedia":[{"embeddable":true,"href":"https:\/\/ellados-shop.com\/de\/wp-json\/wp\/v2\/media\/5893"}],"wp:attachment":[{"href":"https:\/\/ellados-shop.com\/de\/wp-json\/wp\/v2\/media?parent=2930"}],"wp:term":[{"taxonomy":"product_brand","embeddable":true,"href":"https:\/\/ellados-shop.com\/de\/wp-json\/wp\/v2\/product_brand?post=2930"},{"taxonomy":"product_cat","embeddable":true,"href":"https:\/\/ellados-shop.com\/de\/wp-json\/wp\/v2\/product_cat?post=2930"},{"taxonomy":"product_tag","embeddable":true,"href":"https:\/\/ellados-shop.com\/de\/wp-json\/wp\/v2\/product_tag?post=2930"}],"curies":[{"name":"wp","href":"https:\/\/api.w.org\/{rel}","templated":true}]}}