{"id":2937,"date":"2024-04-20T09:13:00","date_gmt":"2024-04-20T07:13:00","guid":{"rendered":"https:\/\/ellados-shop.com\/?post_type=product&#038;p=2937"},"modified":"2025-04-01T00:03:48","modified_gmt":"2025-03-31T22:03:48","slug":"knusprige-pasteli-mit-mandeln-copie-2","status":"publish","type":"product","link":"https:\/\/ellados-shop.com\/de\/laden\/lebensmittelgeschaft\/sus\/knusprige-pasteli-mit-mandeln-copie-2\/","title":{"rendered":"Riegel mit Sesam und Mandeln x 5 &#8211; 45 g"},"content":{"rendered":"<div class=\"flex flex-grow flex-col max-w-full\">\n<div class=\"min-h-[20px] text-message flex flex-col items-start gap-3 whitespace-pre-wrap break-words [.text-message+&amp;]:mt-5 overflow-x-auto\" dir=\"auto\" data-message-author-role=\"assistant\" data-message-id=\"b452a892-ffee-4f90-8c8c-770c48c20301\">\n<div class=\"markdown prose w-full break-words dark:prose-invert light\">\n<div class=\"flex flex-grow flex-col max-w-full\">\n<div class=\"min-h-[20px] text-message flex flex-col items-start gap-3 whitespace-pre-wrap break-words [.text-message+&amp;]:mt-5 overflow-x-auto\" dir=\"auto\" data-message-author-role=\"assistant\" data-message-id=\"9846f441-2776-4b9f-86b5-39b14ac9c3ad\">\n<div class=\"markdown prose w-full break-words dark:prose-invert light\"> Die knusprigen Sesam-Mandel-Pastelis sind der Stolz von Kalamata und <strong>eine handwerkliche Spezialit\u00e4t<\/strong> des Hauses Lampos. Die Pasteli ist ein traditionelles griechisches Dessert, das urspr\u00fcnglich aus Sesam und Honig hergestellt wurde. Die Urspr\u00fcnge dieses Leckerbissens reichen bis in die Antike zur\u00fcck. Die Familienfirma Lampos hat neue Pasteli-Rezepte getestet und kreiert. Sie hat insbesondere N\u00fcsse oder rote Fr\u00fcchte hinzugef\u00fcgt, um einen anderen Geschmack zu erzielen. In unserem Gesch\u00e4ft finden Sie Pasteli, die mit Hingabe nach traditionellen Rezepten hergestellt werden, die von Generation zu Generation \u00fcberliefert wurden. Diese K\u00f6stlichkeiten sind das Ergebnis eines jahrhundertealten Know-hows, das von der Familie Lampos leidenschaftlich bewahrt wird. Im Herzen eines jeden knusprigen Sesam-Mandel-Pasteli befindet sich eine sorgf\u00e4ltig ausgew\u00e4hlte Mandel, die f\u00fcr ihre Qualit\u00e4t und ihren authentischen Geschmack bekannt ist. In Kombination mit dem goldenen Honig, der aus lokalen Bienenst\u00f6cken geerntet wird, bietet sie eine harmonische Kombination aus zarten und s\u00fc\u00dfen Aromen. Was die Pasteli von Lampos auszeichnet, ist ihr Engagement f\u00fcr Qualit\u00e4t und Reinheit der verwendeten Zutaten. In der Tat, ihr Herstellungsprozess folgt wichtigen Regeln und Schritten. Dies gew\u00e4hrleistet eine Produktion <strong>ohne Konservierungsstoffe oder k\u00fcnstliche Zusatzstoffe. <\/strong> Die Herstellung dieser K\u00f6stlichkeiten erfolgt mit Sorgfalt, um ein nat\u00fcrliches und authentisches Geschmackserlebnis zu bieten. Unser Handwerker erhitzt zun\u00e4chst den Honig und sch\u00e4umt ihn ab. Dann f\u00fcgt der Handwerker vorsichtig die Mandeln hinzu, w\u00e4hrend er eine rotierende Bewegung beibeh\u00e4lt, um zu verhindern, dass die Mischung klebt. Nach Abschluss dieses Vorgangs legt der Handwerker die Mischung auf Marmorplatten, die mit s\u00fc\u00dfem Wein oder Mandel\u00f6l bestrichen sind, um sie nat\u00fcrlich abk\u00fchlen zu lassen. Nachdem der Teig abgek\u00fchlt ist, formt der Handwerker ihn und schneidet ihn dann je nach gew\u00fcnschter Gr\u00f6\u00dfe zu. Der Handwerker widmet jeder einzelnen Etappe besondere Aufmerksamkeit und Sorgfalt. Hinter ihrer einfachen Erscheinung verbergen sich <strong>Sch\u00e4tze an Aromen<\/strong> und Texturen.. Die knusprigen Sesam-Mandel-Pasteli von Lampos bieten ein <strong>exquisites Genusserlebnis<\/strong>, dem wir Sie einladen zu erliegen. Perfekt f\u00fcr eine genussvolle Pause oder einen sportlichen Snack &#8211; Sie k\u00f6nnen diese knusprigen Sesam-Mandel-Riegel \u00fcberallhin mitnehmen ! <\/div>\n<\/div>\n<\/div>\n<\/div>\n<\/div>\n<\/div>\n","protected":false},"excerpt":{"rendered":"<p>Der knusprige Pasteli mit Sesam und Mandel vereint Genuss und gesundheitliche Vorteile, mit der unverzichtbaren Mandel. Ihre Herstellung ist handwerklich und <strong>garantiert ohne Konservierungsstoffe oder Zusatzstoffe<\/strong>. Lassen Sie sich von ihrem Crunch verzaubern und nehmen Sie sie \u00fcberall mit! <\/p>\n","protected":false},"featured_media":5875,"comment_status":"closed","ping_status":"closed","template":"","meta":[],"product_brand":[],"product_cat":[68,92,110],"product_tag":[],"class_list":{"0":"post-2937","1":"product","2":"type-product","3":"status-publish","4":"has-post-thumbnail","6":"product_cat-laden","7":"product_cat-lebensmittelgeschaft","8":"product_cat-sus","10":"first","11":"outofstock","12":"taxable","13":"shipping-taxable","14":"purchasable","15":"product-type-simple"},"yoast_head":"<!-- This site is optimized with the Yoast SEO plugin v26.8 - https:\/\/yoast.com\/product\/yoast-seo-wordpress\/ -->\n<title>Knusprige Sesam-Mandel-Pastali - Ellados<\/title>\n<meta name=\"description\" content=\"Sich der Nascherei und der Zartheit dieser handgefertigten knusprigen Sesam-Mandel-Pasteli ergeben, garantiert glutenfrei. Eine Delikatesse !\" \/>\n<meta name=\"robots\" content=\"index, follow, max-snippet:-1, max-image-preview:large, max-video-preview:-1\" \/>\n<link rel=\"canonical\" href=\"https:\/\/ellados-shop.com\/de\/laden\/lebensmittelgeschaft\/sus\/knusprige-pasteli-mit-mandeln-copie-2\/\" \/>\n<meta property=\"og:locale\" content=\"de_DE\" \/>\n<meta property=\"og:type\" content=\"article\" \/>\n<meta property=\"og:title\" content=\"Knusprige Sesam-Mandel-Pastali - Ellados\" \/>\n<meta property=\"og:description\" content=\"Sich der Nascherei und der Zartheit dieser handgefertigten knusprigen Sesam-Mandel-Pasteli ergeben, garantiert glutenfrei. Eine Delikatesse !\" \/>\n<meta property=\"og:url\" content=\"https:\/\/ellados-shop.com\/de\/laden\/lebensmittelgeschaft\/sus\/knusprige-pasteli-mit-mandeln-copie-2\/\" \/>\n<meta property=\"og:site_name\" content=\"Ellados\" \/>\n<meta property=\"article:modified_time\" content=\"2025-03-31T22:03:48+00:00\" \/>\n<meta property=\"og:image\" content=\"https:\/\/ellados-shop.com\/wp-content\/uploads\/barre-croustillante-sesame-amande.png\" \/>\n\t<meta property=\"og:image:width\" content=\"450\" \/>\n\t<meta property=\"og:image:height\" content=\"600\" \/>\n\t<meta property=\"og:image:type\" content=\"image\/png\" \/>\n<meta name=\"twitter:card\" content=\"summary_large_image\" \/>\n<meta name=\"twitter:label1\" content=\"Gesch\u00e4tzte Lesezeit\" \/>\n\t<meta name=\"twitter:data1\" content=\"2\u00a0Minuten\" \/>\n<script type=\"application\/ld+json\" class=\"yoast-schema-graph\">{\"@context\":\"https:\/\/schema.org\",\"@graph\":[{\"@type\":\"WebPage\",\"@id\":\"https:\/\/ellados-shop.com\/de\/laden\/lebensmittelgeschaft\/sus\/knusprige-pasteli-mit-mandeln-copie-2\/\",\"url\":\"https:\/\/ellados-shop.com\/de\/laden\/lebensmittelgeschaft\/sus\/knusprige-pasteli-mit-mandeln-copie-2\/\",\"name\":\"Knusprige Sesam-Mandel-Pastali - Ellados\",\"isPartOf\":{\"@id\":\"https:\/\/ellados-shop.com\/de\/#website\"},\"primaryImageOfPage\":{\"@id\":\"https:\/\/ellados-shop.com\/de\/laden\/lebensmittelgeschaft\/sus\/knusprige-pasteli-mit-mandeln-copie-2\/#primaryimage\"},\"image\":{\"@id\":\"https:\/\/ellados-shop.com\/de\/laden\/lebensmittelgeschaft\/sus\/knusprige-pasteli-mit-mandeln-copie-2\/#primaryimage\"},\"thumbnailUrl\":\"https:\/\/ellados-shop.com\/wp-content\/uploads\/Barre-sesame-amande.png\",\"datePublished\":\"2024-04-20T07:13:00+00:00\",\"dateModified\":\"2025-03-31T22:03:48+00:00\",\"description\":\"Sich der Nascherei und der Zartheit dieser handgefertigten knusprigen Sesam-Mandel-Pasteli ergeben, garantiert glutenfrei. Eine Delikatesse !\",\"breadcrumb\":{\"@id\":\"https:\/\/ellados-shop.com\/de\/laden\/lebensmittelgeschaft\/sus\/knusprige-pasteli-mit-mandeln-copie-2\/#breadcrumb\"},\"inLanguage\":\"de\",\"potentialAction\":[{\"@type\":\"ReadAction\",\"target\":[\"https:\/\/ellados-shop.com\/de\/laden\/lebensmittelgeschaft\/sus\/knusprige-pasteli-mit-mandeln-copie-2\/\"]}]},{\"@type\":\"ImageObject\",\"inLanguage\":\"de\",\"@id\":\"https:\/\/ellados-shop.com\/de\/laden\/lebensmittelgeschaft\/sus\/knusprige-pasteli-mit-mandeln-copie-2\/#primaryimage\",\"url\":\"https:\/\/ellados-shop.com\/wp-content\/uploads\/Barre-sesame-amande.png\",\"contentUrl\":\"https:\/\/ellados-shop.com\/wp-content\/uploads\/Barre-sesame-amande.png\",\"width\":450,\"height\":450,\"caption\":\"s\u00e9same amande\"},{\"@type\":\"BreadcrumbList\",\"@id\":\"https:\/\/ellados-shop.com\/de\/laden\/lebensmittelgeschaft\/sus\/knusprige-pasteli-mit-mandeln-copie-2\/#breadcrumb\",\"itemListElement\":[{\"@type\":\"ListItem\",\"position\":1,\"name\":\"Accueil\",\"item\":\"https:\/\/ellados-shop.com\/de\/accueil-v2\/\"},{\"@type\":\"ListItem\",\"position\":2,\"name\":\"Boutique\",\"item\":\"https:\/\/ellados-shop.com\/boutique\/\"},{\"@type\":\"ListItem\",\"position\":3,\"name\":\"Riegel mit Sesam und Mandeln x 5 &#8211; 45 g\"}]},{\"@type\":\"WebSite\",\"@id\":\"https:\/\/ellados-shop.com\/de\/#website\",\"url\":\"https:\/\/ellados-shop.com\/de\/\",\"name\":\"Ellados\",\"description\":\"\",\"potentialAction\":[{\"@type\":\"SearchAction\",\"target\":{\"@type\":\"EntryPoint\",\"urlTemplate\":\"https:\/\/ellados-shop.com\/de\/?s={search_term_string}\"},\"query-input\":{\"@type\":\"PropertyValueSpecification\",\"valueRequired\":true,\"valueName\":\"search_term_string\"}}],\"inLanguage\":\"de\"}]}<\/script>\n<!-- \/ Yoast SEO plugin. -->","yoast_head_json":{"title":"Knusprige Sesam-Mandel-Pastali - Ellados","description":"Sich der Nascherei und der Zartheit dieser handgefertigten knusprigen Sesam-Mandel-Pasteli ergeben, garantiert glutenfrei. Eine Delikatesse !","robots":{"index":"index","follow":"follow","max-snippet":"max-snippet:-1","max-image-preview":"max-image-preview:large","max-video-preview":"max-video-preview:-1"},"canonical":"https:\/\/ellados-shop.com\/de\/laden\/lebensmittelgeschaft\/sus\/knusprige-pasteli-mit-mandeln-copie-2\/","og_locale":"de_DE","og_type":"article","og_title":"Knusprige Sesam-Mandel-Pastali - Ellados","og_description":"Sich der Nascherei und der Zartheit dieser handgefertigten knusprigen Sesam-Mandel-Pasteli ergeben, garantiert glutenfrei. Eine Delikatesse !","og_url":"https:\/\/ellados-shop.com\/de\/laden\/lebensmittelgeschaft\/sus\/knusprige-pasteli-mit-mandeln-copie-2\/","og_site_name":"Ellados","article_modified_time":"2025-03-31T22:03:48+00:00","og_image":[{"width":450,"height":600,"url":"https:\/\/ellados-shop.com\/wp-content\/uploads\/barre-croustillante-sesame-amande.png","type":"image\/png"}],"twitter_card":"summary_large_image","twitter_misc":{"Gesch\u00e4tzte Lesezeit":"2\u00a0Minuten"},"schema":{"@context":"https:\/\/schema.org","@graph":[{"@type":"WebPage","@id":"https:\/\/ellados-shop.com\/de\/laden\/lebensmittelgeschaft\/sus\/knusprige-pasteli-mit-mandeln-copie-2\/","url":"https:\/\/ellados-shop.com\/de\/laden\/lebensmittelgeschaft\/sus\/knusprige-pasteli-mit-mandeln-copie-2\/","name":"Knusprige Sesam-Mandel-Pastali - Ellados","isPartOf":{"@id":"https:\/\/ellados-shop.com\/de\/#website"},"primaryImageOfPage":{"@id":"https:\/\/ellados-shop.com\/de\/laden\/lebensmittelgeschaft\/sus\/knusprige-pasteli-mit-mandeln-copie-2\/#primaryimage"},"image":{"@id":"https:\/\/ellados-shop.com\/de\/laden\/lebensmittelgeschaft\/sus\/knusprige-pasteli-mit-mandeln-copie-2\/#primaryimage"},"thumbnailUrl":"https:\/\/ellados-shop.com\/wp-content\/uploads\/Barre-sesame-amande.png","datePublished":"2024-04-20T07:13:00+00:00","dateModified":"2025-03-31T22:03:48+00:00","description":"Sich der Nascherei und der Zartheit dieser handgefertigten knusprigen Sesam-Mandel-Pasteli ergeben, garantiert glutenfrei. Eine Delikatesse !","breadcrumb":{"@id":"https:\/\/ellados-shop.com\/de\/laden\/lebensmittelgeschaft\/sus\/knusprige-pasteli-mit-mandeln-copie-2\/#breadcrumb"},"inLanguage":"de","potentialAction":[{"@type":"ReadAction","target":["https:\/\/ellados-shop.com\/de\/laden\/lebensmittelgeschaft\/sus\/knusprige-pasteli-mit-mandeln-copie-2\/"]}]},{"@type":"ImageObject","inLanguage":"de","@id":"https:\/\/ellados-shop.com\/de\/laden\/lebensmittelgeschaft\/sus\/knusprige-pasteli-mit-mandeln-copie-2\/#primaryimage","url":"https:\/\/ellados-shop.com\/wp-content\/uploads\/Barre-sesame-amande.png","contentUrl":"https:\/\/ellados-shop.com\/wp-content\/uploads\/Barre-sesame-amande.png","width":450,"height":450,"caption":"s\u00e9same amande"},{"@type":"BreadcrumbList","@id":"https:\/\/ellados-shop.com\/de\/laden\/lebensmittelgeschaft\/sus\/knusprige-pasteli-mit-mandeln-copie-2\/#breadcrumb","itemListElement":[{"@type":"ListItem","position":1,"name":"Accueil","item":"https:\/\/ellados-shop.com\/de\/accueil-v2\/"},{"@type":"ListItem","position":2,"name":"Boutique","item":"https:\/\/ellados-shop.com\/boutique\/"},{"@type":"ListItem","position":3,"name":"Riegel mit Sesam und Mandeln x 5 &#8211; 45 g"}]},{"@type":"WebSite","@id":"https:\/\/ellados-shop.com\/de\/#website","url":"https:\/\/ellados-shop.com\/de\/","name":"Ellados","description":"","potentialAction":[{"@type":"SearchAction","target":{"@type":"EntryPoint","urlTemplate":"https:\/\/ellados-shop.com\/de\/?s={search_term_string}"},"query-input":{"@type":"PropertyValueSpecification","valueRequired":true,"valueName":"search_term_string"}}],"inLanguage":"de"}]}},"_links":{"self":[{"href":"https:\/\/ellados-shop.com\/de\/wp-json\/wp\/v2\/product\/2937","targetHints":{"allow":["GET"]}}],"collection":[{"href":"https:\/\/ellados-shop.com\/de\/wp-json\/wp\/v2\/product"}],"about":[{"href":"https:\/\/ellados-shop.com\/de\/wp-json\/wp\/v2\/types\/product"}],"replies":[{"embeddable":true,"href":"https:\/\/ellados-shop.com\/de\/wp-json\/wp\/v2\/comments?post=2937"}],"wp:featuredmedia":[{"embeddable":true,"href":"https:\/\/ellados-shop.com\/de\/wp-json\/wp\/v2\/media\/5875"}],"wp:attachment":[{"href":"https:\/\/ellados-shop.com\/de\/wp-json\/wp\/v2\/media?parent=2937"}],"wp:term":[{"taxonomy":"product_brand","embeddable":true,"href":"https:\/\/ellados-shop.com\/de\/wp-json\/wp\/v2\/product_brand?post=2937"},{"taxonomy":"product_cat","embeddable":true,"href":"https:\/\/ellados-shop.com\/de\/wp-json\/wp\/v2\/product_cat?post=2937"},{"taxonomy":"product_tag","embeddable":true,"href":"https:\/\/ellados-shop.com\/de\/wp-json\/wp\/v2\/product_tag?post=2937"}],"curies":[{"name":"wp","href":"https:\/\/api.w.org\/{rel}","templated":true}]}}