{"id":2948,"date":"2024-04-20T11:42:07","date_gmt":"2024-04-20T09:42:07","guid":{"rendered":"https:\/\/ellados-shop.com\/?post_type=product&#038;p=2948"},"modified":"2025-02-05T23:02:03","modified_gmt":"2025-02-05T22:02:03","slug":"knusprige-pasteli-aus-sesamkornern-barre-45-g-copie-copie","status":"publish","type":"product","link":"https:\/\/ellados-shop.com\/de\/laden\/lebensmittelgeschaft\/sus\/knusprige-pasteli-aus-sesamkornern-barre-45-g-copie-copie\/","title":{"rendered":"Sesamriegel mit Olivenpolyphenolen X 5 &#8211; 30 g"},"content":{"rendered":"<div class=\"flex flex-grow flex-col max-w-full\">\n<div class=\"min-h-[20px] text-message flex flex-col items-start gap-3 whitespace-pre-wrap break-words [.text-message+&amp;]:mt-5 overflow-x-auto\" dir=\"auto\" data-message-author-role=\"assistant\" data-message-id=\"b452a892-ffee-4f90-8c8c-770c48c20301\">\n<div class=\"markdown prose w-full break-words dark:prose-invert light\">\n<div class=\"flex flex-grow flex-col max-w-full\">\n<div class=\"min-h-[20px] text-message flex flex-col items-start gap-3 whitespace-pre-wrap break-words [.text-message+&amp;]:mt-5 overflow-x-auto\" dir=\"auto\" data-message-author-role=\"assistant\" data-message-id=\"9846f441-2776-4b9f-86b5-39b14ac9c3ad\">\n<div class=\"markdown prose w-full break-words dark:prose-invert light\">\n<p>Ein Pasteli, das nicht wie alle anderen ist. Genie\u00dfen Sie den Sesam-<strong>Olivenpolyphenol<\/strong>-Pasteli in Riegelform. Der Pasteli ist das traditionelle griechische Dessert par excellence ! Die Urspr\u00fcnge dieses Leckerbissens reichen bis in die Antike zur\u00fcck. Die Familienfirma Lampos hat neue Pasteli-Rezepte auf Basis dieser Grundlage getestet und kreiert. Sie haben insbesondere N\u00fcsse und rote Fr\u00fcchte integriert. Aber auch, wie hier, Olivenbestandteile, um einen anderen Geschmack zu kreieren. Entdecken Sie hier den Pasteli mit Sesam und Olivenpolyphenolen. Polyphenole sind eine Gruppe von chemischen Verbindungen, die nat\u00fcrlich in Oliven vorkommen. Im Allgemeinen haben Polyphenole <em>antioxidative und entz\u00fcndungshemmende<\/em> Wirkungen. So viele <strong><a href=\"https:\/\/ellados-shop.com\/actualites\/decouvrez-les-bienfaits-de-lhuile-dolive-extra-vierge-grecque-pour-votre-corps\/\">Vorteile f\u00fcr Ihre Gesundheit<\/a><\/strong>. Im Ellados.shop finden Sie Pasteli, die mit Hingabe nach traditionellen Rezepten hergestellt werden, die von Generation zu Generation weitergegeben wurden. Diese K\u00f6stlichkeiten sind das Ergebnis eines jahrhundertealten Know-hows, das von der Familie Lampos leidenschaftlich bewahrt wird. Die Kombination aus Sesamsamen, goldenem Honig, der aus lokalen Bienenst\u00f6cken geerntet wird, und den Polyphenolen von Oliven bietet eine harmonische Mischung aus zarten und s\u00fc\u00dfen Aromen.<\/p>\n<p>Was die Pasteli von Lampos auszeichnet, ist ihr Engagement f\u00fcr Qualit\u00e4t und Reinheit der verwendeten Zutaten. In der Tat, ihr Herstellungsprozess folgt wichtigen Regeln und Schritten. Dies gew\u00e4hrleistet eine <strong>konservierungsmittelfreie, nat\u00fcrliche<\/strong> Produktion. Die Herstellung dieser K\u00f6stlichkeiten erfolgt sorgf\u00e4ltig, um ein naturbelassenes und authentisches Geschmackserlebnis zu bieten.<\/p>\n<p>Hinter ihrem schlichten \u00c4u\u00dferen verbergen sich <strong>Sch\u00e4tze an Geschmack<\/strong>, Textur und gesundheitlichen Vorteilen. Das Pasteli Miel Sesam Polyphenole von Lampos bietet ein exquisites <strong>Gaumenerlebnis <\/strong> und tr\u00e4gt zur Erhaltung Ihrer Gesundheit bei.<\/p>\n<p>Perfekt f\u00fcr einen sportlichen Snack oder einfach eine genussvolle Pause &#8211; diese Pasteli k\u00f6nnen Sie \u00fcberallhin mitnehmen !<\/p>\n<\/div>\n<\/div>\n<\/div>\n<\/div>\n<\/div>\n<\/div>\n","protected":false},"excerpt":{"rendered":"<p>Ein Pasteli wie kein anderer, hergestellt mit Polyphenolen aus Oliven! Es ist <strong>garantiert glutenfrei.<\/strong> Polyphenole sind bekannt f\u00fcr ihre <em>antioxidativen und entz\u00fcndungshemmenden <\/em>Eigenschaften. So viele Vorteile f\u00fcr Ihre Gesundheit. <\/p>\n","protected":false},"featured_media":5872,"comment_status":"closed","ping_status":"closed","template":"","meta":[],"product_brand":[],"product_cat":[68,92,110],"product_tag":[],"class_list":{"0":"post-2948","1":"product","2":"type-product","3":"status-publish","4":"has-post-thumbnail","6":"product_cat-laden","7":"product_cat-lebensmittelgeschaft","8":"product_cat-sus","10":"first","11":"outofstock","12":"taxable","13":"shipping-taxable","14":"purchasable","15":"product-type-simple"},"yoast_head":"<!-- This site is optimized with the Yoast SEO plugin v26.8 - https:\/\/yoast.com\/product\/yoast-seo-wordpress\/ -->\n<title>Pasteli Sesam Oliven-Polyphenole - Ellados<\/title>\n<meta name=\"description\" content=\"Nehmen Sie die Honig-Sesam-Pasteli mit Olivenpolyphenolen an. Auf diese Weise tragen Sie zur Erhaltung Ihrer Gesundheit bei, w\u00e4hrend Sie sich ohne Bedenken vergn\u00fcgen.\" \/>\n<meta name=\"robots\" content=\"index, follow, max-snippet:-1, max-image-preview:large, max-video-preview:-1\" \/>\n<link rel=\"canonical\" href=\"https:\/\/ellados-shop.com\/de\/laden\/lebensmittelgeschaft\/sus\/knusprige-pasteli-aus-sesamkornern-barre-45-g-copie-copie\/\" \/>\n<meta property=\"og:locale\" content=\"de_DE\" \/>\n<meta property=\"og:type\" content=\"article\" \/>\n<meta property=\"og:title\" content=\"Pasteli Sesam Oliven-Polyphenole - Ellados\" \/>\n<meta property=\"og:description\" content=\"Nehmen Sie die Honig-Sesam-Pasteli mit Olivenpolyphenolen an. Auf diese Weise tragen Sie zur Erhaltung Ihrer Gesundheit bei, w\u00e4hrend Sie sich ohne Bedenken vergn\u00fcgen.\" \/>\n<meta property=\"og:url\" content=\"https:\/\/ellados-shop.com\/de\/laden\/lebensmittelgeschaft\/sus\/knusprige-pasteli-aus-sesamkornern-barre-45-g-copie-copie\/\" \/>\n<meta property=\"og:site_name\" content=\"Ellados\" \/>\n<meta property=\"article:modified_time\" content=\"2025-02-05T22:02:03+00:00\" \/>\n<meta property=\"og:image\" content=\"https:\/\/ellados-shop.com\/wp-content\/uploads\/Barre-sesame-polyphenols-dolive.png\" \/>\n\t<meta property=\"og:image:width\" content=\"450\" \/>\n\t<meta property=\"og:image:height\" content=\"600\" \/>\n\t<meta property=\"og:image:type\" content=\"image\/png\" \/>\n<meta name=\"twitter:card\" content=\"summary_large_image\" \/>\n<meta name=\"twitter:label1\" content=\"Gesch\u00e4tzte Lesezeit\" \/>\n\t<meta name=\"twitter:data1\" content=\"1\u00a0Minute\" \/>\n<script type=\"application\/ld+json\" class=\"yoast-schema-graph\">{\"@context\":\"https:\/\/schema.org\",\"@graph\":[{\"@type\":\"WebPage\",\"@id\":\"https:\/\/ellados-shop.com\/de\/laden\/lebensmittelgeschaft\/sus\/knusprige-pasteli-aus-sesamkornern-barre-45-g-copie-copie\/\",\"url\":\"https:\/\/ellados-shop.com\/de\/laden\/lebensmittelgeschaft\/sus\/knusprige-pasteli-aus-sesamkornern-barre-45-g-copie-copie\/\",\"name\":\"Pasteli Sesam Oliven-Polyphenole - Ellados\",\"isPartOf\":{\"@id\":\"https:\/\/ellados-shop.com\/de\/#website\"},\"primaryImageOfPage\":{\"@id\":\"https:\/\/ellados-shop.com\/de\/laden\/lebensmittelgeschaft\/sus\/knusprige-pasteli-aus-sesamkornern-barre-45-g-copie-copie\/#primaryimage\"},\"image\":{\"@id\":\"https:\/\/ellados-shop.com\/de\/laden\/lebensmittelgeschaft\/sus\/knusprige-pasteli-aus-sesamkornern-barre-45-g-copie-copie\/#primaryimage\"},\"thumbnailUrl\":\"https:\/\/ellados-shop.com\/wp-content\/uploads\/Barre-Polyphenols-olives.png\",\"datePublished\":\"2024-04-20T09:42:07+00:00\",\"dateModified\":\"2025-02-05T22:02:03+00:00\",\"description\":\"Nehmen Sie die Honig-Sesam-Pasteli mit Olivenpolyphenolen an. Auf diese Weise tragen Sie zur Erhaltung Ihrer Gesundheit bei, w\u00e4hrend Sie sich ohne Bedenken vergn\u00fcgen.\",\"breadcrumb\":{\"@id\":\"https:\/\/ellados-shop.com\/de\/laden\/lebensmittelgeschaft\/sus\/knusprige-pasteli-aus-sesamkornern-barre-45-g-copie-copie\/#breadcrumb\"},\"inLanguage\":\"de\",\"potentialAction\":[{\"@type\":\"ReadAction\",\"target\":[\"https:\/\/ellados-shop.com\/de\/laden\/lebensmittelgeschaft\/sus\/knusprige-pasteli-aus-sesamkornern-barre-45-g-copie-copie\/\"]}]},{\"@type\":\"ImageObject\",\"inLanguage\":\"de\",\"@id\":\"https:\/\/ellados-shop.com\/de\/laden\/lebensmittelgeschaft\/sus\/knusprige-pasteli-aus-sesamkornern-barre-45-g-copie-copie\/#primaryimage\",\"url\":\"https:\/\/ellados-shop.com\/wp-content\/uploads\/Barre-Polyphenols-olives.png\",\"contentUrl\":\"https:\/\/ellados-shop.com\/wp-content\/uploads\/Barre-Polyphenols-olives.png\",\"width\":450,\"height\":450,\"caption\":\"barre c\u00e9r\u00e9ales sport\"},{\"@type\":\"BreadcrumbList\",\"@id\":\"https:\/\/ellados-shop.com\/de\/laden\/lebensmittelgeschaft\/sus\/knusprige-pasteli-aus-sesamkornern-barre-45-g-copie-copie\/#breadcrumb\",\"itemListElement\":[{\"@type\":\"ListItem\",\"position\":1,\"name\":\"Accueil\",\"item\":\"https:\/\/ellados-shop.com\/de\/accueil-v2\/\"},{\"@type\":\"ListItem\",\"position\":2,\"name\":\"Boutique\",\"item\":\"https:\/\/ellados-shop.com\/boutique\/\"},{\"@type\":\"ListItem\",\"position\":3,\"name\":\"Sesamriegel mit Olivenpolyphenolen X 5 &#8211; 30 g\"}]},{\"@type\":\"WebSite\",\"@id\":\"https:\/\/ellados-shop.com\/de\/#website\",\"url\":\"https:\/\/ellados-shop.com\/de\/\",\"name\":\"Ellados\",\"description\":\"\",\"potentialAction\":[{\"@type\":\"SearchAction\",\"target\":{\"@type\":\"EntryPoint\",\"urlTemplate\":\"https:\/\/ellados-shop.com\/de\/?s={search_term_string}\"},\"query-input\":{\"@type\":\"PropertyValueSpecification\",\"valueRequired\":true,\"valueName\":\"search_term_string\"}}],\"inLanguage\":\"de\"}]}<\/script>\n<!-- \/ Yoast SEO plugin. -->","yoast_head_json":{"title":"Pasteli Sesam Oliven-Polyphenole - Ellados","description":"Nehmen Sie die Honig-Sesam-Pasteli mit Olivenpolyphenolen an. Auf diese Weise tragen Sie zur Erhaltung Ihrer Gesundheit bei, w\u00e4hrend Sie sich ohne Bedenken vergn\u00fcgen.","robots":{"index":"index","follow":"follow","max-snippet":"max-snippet:-1","max-image-preview":"max-image-preview:large","max-video-preview":"max-video-preview:-1"},"canonical":"https:\/\/ellados-shop.com\/de\/laden\/lebensmittelgeschaft\/sus\/knusprige-pasteli-aus-sesamkornern-barre-45-g-copie-copie\/","og_locale":"de_DE","og_type":"article","og_title":"Pasteli Sesam Oliven-Polyphenole - Ellados","og_description":"Nehmen Sie die Honig-Sesam-Pasteli mit Olivenpolyphenolen an. Auf diese Weise tragen Sie zur Erhaltung Ihrer Gesundheit bei, w\u00e4hrend Sie sich ohne Bedenken vergn\u00fcgen.","og_url":"https:\/\/ellados-shop.com\/de\/laden\/lebensmittelgeschaft\/sus\/knusprige-pasteli-aus-sesamkornern-barre-45-g-copie-copie\/","og_site_name":"Ellados","article_modified_time":"2025-02-05T22:02:03+00:00","og_image":[{"width":450,"height":600,"url":"https:\/\/ellados-shop.com\/wp-content\/uploads\/Barre-sesame-polyphenols-dolive.png","type":"image\/png"}],"twitter_card":"summary_large_image","twitter_misc":{"Gesch\u00e4tzte Lesezeit":"1\u00a0Minute"},"schema":{"@context":"https:\/\/schema.org","@graph":[{"@type":"WebPage","@id":"https:\/\/ellados-shop.com\/de\/laden\/lebensmittelgeschaft\/sus\/knusprige-pasteli-aus-sesamkornern-barre-45-g-copie-copie\/","url":"https:\/\/ellados-shop.com\/de\/laden\/lebensmittelgeschaft\/sus\/knusprige-pasteli-aus-sesamkornern-barre-45-g-copie-copie\/","name":"Pasteli Sesam Oliven-Polyphenole - Ellados","isPartOf":{"@id":"https:\/\/ellados-shop.com\/de\/#website"},"primaryImageOfPage":{"@id":"https:\/\/ellados-shop.com\/de\/laden\/lebensmittelgeschaft\/sus\/knusprige-pasteli-aus-sesamkornern-barre-45-g-copie-copie\/#primaryimage"},"image":{"@id":"https:\/\/ellados-shop.com\/de\/laden\/lebensmittelgeschaft\/sus\/knusprige-pasteli-aus-sesamkornern-barre-45-g-copie-copie\/#primaryimage"},"thumbnailUrl":"https:\/\/ellados-shop.com\/wp-content\/uploads\/Barre-Polyphenols-olives.png","datePublished":"2024-04-20T09:42:07+00:00","dateModified":"2025-02-05T22:02:03+00:00","description":"Nehmen Sie die Honig-Sesam-Pasteli mit Olivenpolyphenolen an. Auf diese Weise tragen Sie zur Erhaltung Ihrer Gesundheit bei, w\u00e4hrend Sie sich ohne Bedenken vergn\u00fcgen.","breadcrumb":{"@id":"https:\/\/ellados-shop.com\/de\/laden\/lebensmittelgeschaft\/sus\/knusprige-pasteli-aus-sesamkornern-barre-45-g-copie-copie\/#breadcrumb"},"inLanguage":"de","potentialAction":[{"@type":"ReadAction","target":["https:\/\/ellados-shop.com\/de\/laden\/lebensmittelgeschaft\/sus\/knusprige-pasteli-aus-sesamkornern-barre-45-g-copie-copie\/"]}]},{"@type":"ImageObject","inLanguage":"de","@id":"https:\/\/ellados-shop.com\/de\/laden\/lebensmittelgeschaft\/sus\/knusprige-pasteli-aus-sesamkornern-barre-45-g-copie-copie\/#primaryimage","url":"https:\/\/ellados-shop.com\/wp-content\/uploads\/Barre-Polyphenols-olives.png","contentUrl":"https:\/\/ellados-shop.com\/wp-content\/uploads\/Barre-Polyphenols-olives.png","width":450,"height":450,"caption":"barre c\u00e9r\u00e9ales sport"},{"@type":"BreadcrumbList","@id":"https:\/\/ellados-shop.com\/de\/laden\/lebensmittelgeschaft\/sus\/knusprige-pasteli-aus-sesamkornern-barre-45-g-copie-copie\/#breadcrumb","itemListElement":[{"@type":"ListItem","position":1,"name":"Accueil","item":"https:\/\/ellados-shop.com\/de\/accueil-v2\/"},{"@type":"ListItem","position":2,"name":"Boutique","item":"https:\/\/ellados-shop.com\/boutique\/"},{"@type":"ListItem","position":3,"name":"Sesamriegel mit Olivenpolyphenolen X 5 &#8211; 30 g"}]},{"@type":"WebSite","@id":"https:\/\/ellados-shop.com\/de\/#website","url":"https:\/\/ellados-shop.com\/de\/","name":"Ellados","description":"","potentialAction":[{"@type":"SearchAction","target":{"@type":"EntryPoint","urlTemplate":"https:\/\/ellados-shop.com\/de\/?s={search_term_string}"},"query-input":{"@type":"PropertyValueSpecification","valueRequired":true,"valueName":"search_term_string"}}],"inLanguage":"de"}]}},"_links":{"self":[{"href":"https:\/\/ellados-shop.com\/de\/wp-json\/wp\/v2\/product\/2948","targetHints":{"allow":["GET"]}}],"collection":[{"href":"https:\/\/ellados-shop.com\/de\/wp-json\/wp\/v2\/product"}],"about":[{"href":"https:\/\/ellados-shop.com\/de\/wp-json\/wp\/v2\/types\/product"}],"replies":[{"embeddable":true,"href":"https:\/\/ellados-shop.com\/de\/wp-json\/wp\/v2\/comments?post=2948"}],"wp:featuredmedia":[{"embeddable":true,"href":"https:\/\/ellados-shop.com\/de\/wp-json\/wp\/v2\/media\/5872"}],"wp:attachment":[{"href":"https:\/\/ellados-shop.com\/de\/wp-json\/wp\/v2\/media?parent=2948"}],"wp:term":[{"taxonomy":"product_brand","embeddable":true,"href":"https:\/\/ellados-shop.com\/de\/wp-json\/wp\/v2\/product_brand?post=2948"},{"taxonomy":"product_cat","embeddable":true,"href":"https:\/\/ellados-shop.com\/de\/wp-json\/wp\/v2\/product_cat?post=2948"},{"taxonomy":"product_tag","embeddable":true,"href":"https:\/\/ellados-shop.com\/de\/wp-json\/wp\/v2\/product_tag?post=2948"}],"curies":[{"name":"wp","href":"https:\/\/api.w.org\/{rel}","templated":true}]}}