{"id":2953,"date":"2024-04-20T12:49:18","date_gmt":"2024-04-20T10:49:18","guid":{"rendered":"https:\/\/ellados-shop.com\/?post_type=product&#038;p=2953"},"modified":"2025-05-01T00:02:17","modified_gmt":"2025-04-30T22:02:17","slug":"honig-sesam-pasteli-glutenfreier-riegel-30-g-copie-2","status":"publish","type":"product","link":"https:\/\/ellados-shop.com\/de\/laden\/lebensmittelgeschaft\/sus\/honig-sesam-pasteli-glutenfreier-riegel-30-g-copie-2\/","title":{"rendered":"Weiche Bio-Riegel mit Honig und Sesam x 5 &#8211; 40 g"},"content":{"rendered":"<div class=\"flex flex-grow flex-col max-w-full\">\n<div class=\"min-h-[20px] text-message flex flex-col items-start gap-3 whitespace-pre-wrap break-words [.text-message+&amp;]:mt-5 overflow-x-auto\" dir=\"auto\" data-message-author-role=\"assistant\" data-message-id=\"b452a892-ffee-4f90-8c8c-770c48c20301\">\n<div class=\"markdown prose w-full break-words dark:prose-invert light\">\n<div class=\"flex flex-grow flex-col max-w-full\">\n<div class=\"min-h-[20px] text-message flex flex-col items-start gap-3 whitespace-pre-wrap break-words [.text-message+&amp;]:mt-5 overflow-x-auto\" dir=\"auto\" data-message-author-role=\"assistant\" data-message-id=\"9846f441-2776-4b9f-86b5-39b14ac9c3ad\">\n<div class=\"markdown prose w-full break-words dark:prose-invert light\">\n<p>Der Honig-Sesam-Pasteli ist der traditionelle griechische Nachtisch par excellence ! Die Urspr\u00fcnge dieses Leckerbissens reichen bis in die Antike zur\u00fcck. Die Familienfirma Lampos hat neue Pasteli-Rezepte auf Basis dieser Grundlage getestet und kreiert. Lassen Sie uns hier auf die Urspr\u00fcnge zur\u00fcckkommen, mit dem zarten Bio-Pasteli aus Honig und Sesam. Die Pasteli sind der Stolz von Kalamata und eine <strong>handwerkliche Spezialit\u00e4t<\/strong> des Hauses Lampos. In unserem Gesch\u00e4ft finden Sie Pasteli, die mit Hingabe nach traditionellen Rezepten hergestellt werden, die von Generation zu Generation weitergegeben wurden. Diese K\u00f6stlichkeiten sind das Ergebnis eines jahrhundertealten Know-hows, das von der Familie Lampos leidenschaftlich bewahrt wird. Die Kombination aus Sesamsamen und goldenem Honig, der in den \u00f6rtlichen Bienenst\u00f6cken geerntet wird, bietet eine harmonische Mischung aus s\u00fc\u00dfen und milden Aromen. Eine M\u00f6glichkeit, sich mit <strong>wenigen Kalorien<\/strong> zu verw\u00f6hnen.<\/p>\n<p>Was die Pasteli von Lampos auszeichnet, ist ihr Engagement f\u00fcr Qualit\u00e4t und Reinheit der verwendeten Zutaten. In der Tat, ihr Herstellungsprozess folgt wichtigen Regeln und Schritten. Cela permet de garantir une production <strong>sans conservateur et bio.<\/strong> La confection de ces d\u00e9lices est faite avec soin pour offrir une exp\u00e9rience gustative naturelle et authentique. Unser Handwerker erhitzt zun\u00e4chst den Honig und sch\u00e4umt ihn ab. Dann f\u00fcgt der Handwerker vorsichtig die Sesamk\u00f6rner hinzu, w\u00e4hrend er eine rotierende Bewegung beibeh\u00e4lt, um zu verhindern, dass die Mischung klebt. Wenn dieser Vorgang abgeschlossen ist, legt der Handwerker die Mischung auf Marmorplatten, die mit s\u00fc\u00dfem Wein bestrichen sind, um sie nat\u00fcrlich abk\u00fchlen zu lassen. Nachdem der Teig abgek\u00fchlt ist, formt der Handwerker ihn und schneidet ihn dann je nach gew\u00fcnschter Gr\u00f6\u00dfe zu. Der Handwerker widmet jeder einzelnen Etappe besondere Aufmerksamkeit und Sorgfalt.<\/p>\n<p>Hinter ihrer schlichten Erscheinung verbergen sich <strong>Sch\u00e4tze an Geschmack<\/strong>, Textur und Inhaltsstoffen, die zu Ihrem Wohlbefinden beitragen. Der Honig-Sesam-Pasteli von Lampos bietet ein <strong>exquisites Genusserlebnis.<\/strong><\/p>\n<p>Perfekt f\u00fcr eine genussvolle, kalorienarme Pause oder als sportlicher Snack &#8211; diese zarten Bio-Pasteli mit Honig und Sesam k\u00f6nnen Sie \u00fcberall hin mitnehmen!<\/p>\n<\/div>\n<\/div>\n<\/div>\n<\/div>\n<\/div>\n<\/div>\n","protected":false},"excerpt":{"rendered":"<p>Das <strong>Pasteli mit Honig und Sesam<\/strong> ist eine traditionelle griechische S\u00fc\u00dfigkeit. Sie werden sorgf\u00e4ltig <strong>aus nat\u00fcrlichem Honig und Sesamk\u00f6rnern <\/strong>hergestellt. Ihre Produktion ist garantiert <strong>ohne Konservierungsstoffe<\/strong> und <strong>k\u00fcnstliche Aromen<\/strong>.<\/p>\n","protected":false},"featured_media":5884,"comment_status":"closed","ping_status":"closed","template":"","meta":[],"product_brand":[],"product_cat":[68,92,110],"product_tag":[],"class_list":{"0":"post-2953","1":"product","2":"type-product","3":"status-publish","4":"has-post-thumbnail","6":"product_cat-laden","7":"product_cat-lebensmittelgeschaft","8":"product_cat-sus","10":"first","11":"outofstock","12":"taxable","13":"shipping-taxable","14":"purchasable","15":"product-type-simple"},"yoast_head":"<!-- This site is optimized with the Yoast SEO plugin v26.8 - https:\/\/yoast.com\/product\/yoast-seo-wordpress\/ -->\n<title>Weiches Bio-Pasteli Honig Sesam - Ellados<\/title>\n<meta name=\"description\" content=\"Wenn die Genusssucht keine S\u00fcnde mehr ist. Schw\u00e4rmen Sie f\u00fcr diese handwerklich hergestellten Bio-Pasteli mit zartem Honig und Sesam, mit einem unvergleichlichen Geschmack.\" \/>\n<meta name=\"robots\" content=\"index, follow, max-snippet:-1, max-image-preview:large, max-video-preview:-1\" \/>\n<link rel=\"canonical\" href=\"https:\/\/ellados-shop.com\/de\/laden\/lebensmittelgeschaft\/sus\/honig-sesam-pasteli-glutenfreier-riegel-30-g-copie-2\/\" \/>\n<meta property=\"og:locale\" content=\"de_DE\" \/>\n<meta property=\"og:type\" content=\"article\" \/>\n<meta property=\"og:title\" content=\"Weiches Bio-Pasteli Honig Sesam - Ellados\" \/>\n<meta property=\"og:description\" content=\"Wenn die Genusssucht keine S\u00fcnde mehr ist. Schw\u00e4rmen Sie f\u00fcr diese handwerklich hergestellten Bio-Pasteli mit zartem Honig und Sesam, mit einem unvergleichlichen Geschmack.\" \/>\n<meta property=\"og:url\" content=\"https:\/\/ellados-shop.com\/de\/laden\/lebensmittelgeschaft\/sus\/honig-sesam-pasteli-glutenfreier-riegel-30-g-copie-2\/\" \/>\n<meta property=\"og:site_name\" content=\"Ellados\" \/>\n<meta property=\"article:modified_time\" content=\"2025-04-30T22:02:17+00:00\" \/>\n<meta property=\"og:image\" content=\"https:\/\/ellados-shop.com\/wp-content\/uploads\/barre-bio-tendre-miel.png\" \/>\n\t<meta property=\"og:image:width\" content=\"450\" \/>\n\t<meta property=\"og:image:height\" content=\"600\" \/>\n\t<meta property=\"og:image:type\" content=\"image\/png\" \/>\n<meta name=\"twitter:card\" content=\"summary_large_image\" \/>\n<meta name=\"twitter:label1\" content=\"Gesch\u00e4tzte Lesezeit\" \/>\n\t<meta name=\"twitter:data1\" content=\"2\u00a0Minuten\" \/>\n<script type=\"application\/ld+json\" class=\"yoast-schema-graph\">{\"@context\":\"https:\/\/schema.org\",\"@graph\":[{\"@type\":\"WebPage\",\"@id\":\"https:\/\/ellados-shop.com\/de\/laden\/lebensmittelgeschaft\/sus\/honig-sesam-pasteli-glutenfreier-riegel-30-g-copie-2\/\",\"url\":\"https:\/\/ellados-shop.com\/de\/laden\/lebensmittelgeschaft\/sus\/honig-sesam-pasteli-glutenfreier-riegel-30-g-copie-2\/\",\"name\":\"Weiches Bio-Pasteli Honig Sesam - Ellados\",\"isPartOf\":{\"@id\":\"https:\/\/ellados-shop.com\/de\/#website\"},\"primaryImageOfPage\":{\"@id\":\"https:\/\/ellados-shop.com\/de\/laden\/lebensmittelgeschaft\/sus\/honig-sesam-pasteli-glutenfreier-riegel-30-g-copie-2\/#primaryimage\"},\"image\":{\"@id\":\"https:\/\/ellados-shop.com\/de\/laden\/lebensmittelgeschaft\/sus\/honig-sesam-pasteli-glutenfreier-riegel-30-g-copie-2\/#primaryimage\"},\"thumbnailUrl\":\"https:\/\/ellados-shop.com\/wp-content\/uploads\/Barre-tendre-miel-sesame.png\",\"datePublished\":\"2024-04-20T10:49:18+00:00\",\"dateModified\":\"2025-04-30T22:02:17+00:00\",\"description\":\"Wenn die Genusssucht keine S\u00fcnde mehr ist. Schw\u00e4rmen Sie f\u00fcr diese handwerklich hergestellten Bio-Pasteli mit zartem Honig und Sesam, mit einem unvergleichlichen Geschmack.\",\"breadcrumb\":{\"@id\":\"https:\/\/ellados-shop.com\/de\/laden\/lebensmittelgeschaft\/sus\/honig-sesam-pasteli-glutenfreier-riegel-30-g-copie-2\/#breadcrumb\"},\"inLanguage\":\"de\",\"potentialAction\":[{\"@type\":\"ReadAction\",\"target\":[\"https:\/\/ellados-shop.com\/de\/laden\/lebensmittelgeschaft\/sus\/honig-sesam-pasteli-glutenfreier-riegel-30-g-copie-2\/\"]}]},{\"@type\":\"ImageObject\",\"inLanguage\":\"de\",\"@id\":\"https:\/\/ellados-shop.com\/de\/laden\/lebensmittelgeschaft\/sus\/honig-sesam-pasteli-glutenfreier-riegel-30-g-copie-2\/#primaryimage\",\"url\":\"https:\/\/ellados-shop.com\/wp-content\/uploads\/Barre-tendre-miel-sesame.png\",\"contentUrl\":\"https:\/\/ellados-shop.com\/wp-content\/uploads\/Barre-tendre-miel-sesame.png\",\"width\":450,\"height\":450,\"caption\":\"barre s\u00e9same tendre miel\"},{\"@type\":\"BreadcrumbList\",\"@id\":\"https:\/\/ellados-shop.com\/de\/laden\/lebensmittelgeschaft\/sus\/honig-sesam-pasteli-glutenfreier-riegel-30-g-copie-2\/#breadcrumb\",\"itemListElement\":[{\"@type\":\"ListItem\",\"position\":1,\"name\":\"Accueil\",\"item\":\"https:\/\/ellados-shop.com\/de\/accueil-v2\/\"},{\"@type\":\"ListItem\",\"position\":2,\"name\":\"Boutique\",\"item\":\"https:\/\/ellados-shop.com\/boutique\/\"},{\"@type\":\"ListItem\",\"position\":3,\"name\":\"Weiche Bio-Riegel mit Honig und Sesam x 5 &#8211; 40 g\"}]},{\"@type\":\"WebSite\",\"@id\":\"https:\/\/ellados-shop.com\/de\/#website\",\"url\":\"https:\/\/ellados-shop.com\/de\/\",\"name\":\"Ellados\",\"description\":\"\",\"potentialAction\":[{\"@type\":\"SearchAction\",\"target\":{\"@type\":\"EntryPoint\",\"urlTemplate\":\"https:\/\/ellados-shop.com\/de\/?s={search_term_string}\"},\"query-input\":{\"@type\":\"PropertyValueSpecification\",\"valueRequired\":true,\"valueName\":\"search_term_string\"}}],\"inLanguage\":\"de\"}]}<\/script>\n<!-- \/ Yoast SEO plugin. -->","yoast_head_json":{"title":"Weiches Bio-Pasteli Honig Sesam - Ellados","description":"Wenn die Genusssucht keine S\u00fcnde mehr ist. Schw\u00e4rmen Sie f\u00fcr diese handwerklich hergestellten Bio-Pasteli mit zartem Honig und Sesam, mit einem unvergleichlichen Geschmack.","robots":{"index":"index","follow":"follow","max-snippet":"max-snippet:-1","max-image-preview":"max-image-preview:large","max-video-preview":"max-video-preview:-1"},"canonical":"https:\/\/ellados-shop.com\/de\/laden\/lebensmittelgeschaft\/sus\/honig-sesam-pasteli-glutenfreier-riegel-30-g-copie-2\/","og_locale":"de_DE","og_type":"article","og_title":"Weiches Bio-Pasteli Honig Sesam - Ellados","og_description":"Wenn die Genusssucht keine S\u00fcnde mehr ist. Schw\u00e4rmen Sie f\u00fcr diese handwerklich hergestellten Bio-Pasteli mit zartem Honig und Sesam, mit einem unvergleichlichen Geschmack.","og_url":"https:\/\/ellados-shop.com\/de\/laden\/lebensmittelgeschaft\/sus\/honig-sesam-pasteli-glutenfreier-riegel-30-g-copie-2\/","og_site_name":"Ellados","article_modified_time":"2025-04-30T22:02:17+00:00","og_image":[{"width":450,"height":600,"url":"https:\/\/ellados-shop.com\/wp-content\/uploads\/barre-bio-tendre-miel.png","type":"image\/png"}],"twitter_card":"summary_large_image","twitter_misc":{"Gesch\u00e4tzte Lesezeit":"2\u00a0Minuten"},"schema":{"@context":"https:\/\/schema.org","@graph":[{"@type":"WebPage","@id":"https:\/\/ellados-shop.com\/de\/laden\/lebensmittelgeschaft\/sus\/honig-sesam-pasteli-glutenfreier-riegel-30-g-copie-2\/","url":"https:\/\/ellados-shop.com\/de\/laden\/lebensmittelgeschaft\/sus\/honig-sesam-pasteli-glutenfreier-riegel-30-g-copie-2\/","name":"Weiches Bio-Pasteli Honig Sesam - Ellados","isPartOf":{"@id":"https:\/\/ellados-shop.com\/de\/#website"},"primaryImageOfPage":{"@id":"https:\/\/ellados-shop.com\/de\/laden\/lebensmittelgeschaft\/sus\/honig-sesam-pasteli-glutenfreier-riegel-30-g-copie-2\/#primaryimage"},"image":{"@id":"https:\/\/ellados-shop.com\/de\/laden\/lebensmittelgeschaft\/sus\/honig-sesam-pasteli-glutenfreier-riegel-30-g-copie-2\/#primaryimage"},"thumbnailUrl":"https:\/\/ellados-shop.com\/wp-content\/uploads\/Barre-tendre-miel-sesame.png","datePublished":"2024-04-20T10:49:18+00:00","dateModified":"2025-04-30T22:02:17+00:00","description":"Wenn die Genusssucht keine S\u00fcnde mehr ist. Schw\u00e4rmen Sie f\u00fcr diese handwerklich hergestellten Bio-Pasteli mit zartem Honig und Sesam, mit einem unvergleichlichen Geschmack.","breadcrumb":{"@id":"https:\/\/ellados-shop.com\/de\/laden\/lebensmittelgeschaft\/sus\/honig-sesam-pasteli-glutenfreier-riegel-30-g-copie-2\/#breadcrumb"},"inLanguage":"de","potentialAction":[{"@type":"ReadAction","target":["https:\/\/ellados-shop.com\/de\/laden\/lebensmittelgeschaft\/sus\/honig-sesam-pasteli-glutenfreier-riegel-30-g-copie-2\/"]}]},{"@type":"ImageObject","inLanguage":"de","@id":"https:\/\/ellados-shop.com\/de\/laden\/lebensmittelgeschaft\/sus\/honig-sesam-pasteli-glutenfreier-riegel-30-g-copie-2\/#primaryimage","url":"https:\/\/ellados-shop.com\/wp-content\/uploads\/Barre-tendre-miel-sesame.png","contentUrl":"https:\/\/ellados-shop.com\/wp-content\/uploads\/Barre-tendre-miel-sesame.png","width":450,"height":450,"caption":"barre s\u00e9same tendre miel"},{"@type":"BreadcrumbList","@id":"https:\/\/ellados-shop.com\/de\/laden\/lebensmittelgeschaft\/sus\/honig-sesam-pasteli-glutenfreier-riegel-30-g-copie-2\/#breadcrumb","itemListElement":[{"@type":"ListItem","position":1,"name":"Accueil","item":"https:\/\/ellados-shop.com\/de\/accueil-v2\/"},{"@type":"ListItem","position":2,"name":"Boutique","item":"https:\/\/ellados-shop.com\/boutique\/"},{"@type":"ListItem","position":3,"name":"Weiche Bio-Riegel mit Honig und Sesam x 5 &#8211; 40 g"}]},{"@type":"WebSite","@id":"https:\/\/ellados-shop.com\/de\/#website","url":"https:\/\/ellados-shop.com\/de\/","name":"Ellados","description":"","potentialAction":[{"@type":"SearchAction","target":{"@type":"EntryPoint","urlTemplate":"https:\/\/ellados-shop.com\/de\/?s={search_term_string}"},"query-input":{"@type":"PropertyValueSpecification","valueRequired":true,"valueName":"search_term_string"}}],"inLanguage":"de"}]}},"_links":{"self":[{"href":"https:\/\/ellados-shop.com\/de\/wp-json\/wp\/v2\/product\/2953","targetHints":{"allow":["GET"]}}],"collection":[{"href":"https:\/\/ellados-shop.com\/de\/wp-json\/wp\/v2\/product"}],"about":[{"href":"https:\/\/ellados-shop.com\/de\/wp-json\/wp\/v2\/types\/product"}],"replies":[{"embeddable":true,"href":"https:\/\/ellados-shop.com\/de\/wp-json\/wp\/v2\/comments?post=2953"}],"wp:featuredmedia":[{"embeddable":true,"href":"https:\/\/ellados-shop.com\/de\/wp-json\/wp\/v2\/media\/5884"}],"wp:attachment":[{"href":"https:\/\/ellados-shop.com\/de\/wp-json\/wp\/v2\/media?parent=2953"}],"wp:term":[{"taxonomy":"product_brand","embeddable":true,"href":"https:\/\/ellados-shop.com\/de\/wp-json\/wp\/v2\/product_brand?post=2953"},{"taxonomy":"product_cat","embeddable":true,"href":"https:\/\/ellados-shop.com\/de\/wp-json\/wp\/v2\/product_cat?post=2953"},{"taxonomy":"product_tag","embeddable":true,"href":"https:\/\/ellados-shop.com\/de\/wp-json\/wp\/v2\/product_tag?post=2953"}],"curies":[{"name":"wp","href":"https:\/\/api.w.org\/{rel}","templated":true}]}}