{"id":3090,"date":"2024-04-21T13:15:53","date_gmt":"2024-04-21T11:15:53","guid":{"rendered":"https:\/\/ellados-shop.com\/?post_type=product&#038;p=3090"},"modified":"2024-11-19T14:09:28","modified_gmt":"2024-11-19T13:09:28","slug":"gefullte-weinblatter-100-bio-mariannas-copie","status":"publish","type":"product","link":"https:\/\/ellados-shop.com\/de\/laden\/griechische-olivenole\/gefullte-weinblatter-100-bio-mariannas-copie\/","title":{"rendered":"Getrockneter Bio-Oregano Auf Zweig &#8211; 40 g"},"content":{"rendered":"<div class=\"mt-1 flex gap-3 empty:hidden\">\n<div class=\"text-gray-400 flex self-end lg:self-center items-center justify-center lg:justify-start mt-0 -ml-1 h-7 gap-[2px] visible\">\n<p>Getrockneter Bio-Oregano ist die Lieblingsgew\u00fcrzmischung der griechischen K\u00fcche. Willkommen in der Welt der griechischen Authentizit\u00e4t, wo jeder Zweig Oregano das jahrhundertealte Erbe seiner fruchtbaren Erde tr\u00e4gt. In den sonnigen T\u00e4lern Thessaliens in Griechenland ernten unsere Partnerproduzenten den getrockneten Oregano von Hand. Tauchen Sie ein in ein unvergessliches Geschmackserlebnis. Und entdecken Sie die Wunder des Oreganos, der mit Liebe und Respekt f\u00fcr die Natur gem\u00e4\u00df <strong>den strengen Standards der europ\u00e4ischen Bio-Landwirtschaft<\/strong> verpackt ist.<\/p>\n<p><strong>Angebaut und zubereitet mit Passion :<\/strong><\/p>\n<p>Dieser getrocknete Bio-Oregano wird in den fruchtbaren B\u00f6den Thessaliens angebaut. Diese L\u00e4ndereien haben einen reichen Boden, der in Kombination mit einem idealen mediterranen Klima optimale Anbaubedingungen schafft. Unsere engagierten Landwirte k\u00fcmmern sich um jeden Schritt des Wachstumsprozesses unter Verwendung biologischer Anbaumethoden. Diese Praktiken erhalten die biologische Vielfalt und schonen die Umwelt. Zu Beginn ernten sie den Oregano per Hand, wenn er reif ist. Dann wird der Oregano schonend nach \u00fcberlieferten <strong>traditionellen Methoden<\/strong> <strong>getrocknet.<\/strong> Die Landwirte h\u00e4ngen die frisch gepfl\u00fcckten Zweige im Schatten auf, um sie langsam zu trocknen. Auf diese Weise bewahren sie ihren nat\u00fcrlichen Geschmack und ihre Aromen. Dieser sorgf\u00e4ltige Prozess erm\u00f6glicht es dem Oregano, seine Frische und Intensit\u00e4t vollst\u00e4ndig zu bewahren.<\/p>\n<p>Deshalb sind wir stolz darauf, Ihnen einen unvergleichlich reinen, branchegetrockneten <strong>Bio-Oregano anbieten<\/strong> zu k\u00f6nnen, der nach den strengen EU-Richtlinien f\u00fcr den \u00f6kologischen Landbau als biologisch zertifiziert ist. Unsere Verpflichtung zur Qualit\u00e4t und Authentizit\u00e4t bedeutet, dass Sie jeden Bissen mit Vertrauen genie\u00dfen k\u00f6nnen, in dem Wissen, dass unser Oregano frei von Pestiziden, chemischen D\u00fcngemitteln und anderen sch\u00e4dlichen Substanzen ist.<\/p>\n<\/div>\n<\/div>\n<div class=\"flex\"><\/div>\n","protected":false},"excerpt":{"rendered":"<p>Dieser <strong>getrocknete Bio-Oregan<\/strong>o am Zweig wird in der Region Thessalien angebaut und von <strong>Hand geerntet<\/strong>, um seinen vollen Geschmack und sein Aroma zu bewahren.<\/p>\n","protected":false},"featured_media":5661,"comment_status":"closed","ping_status":"closed","template":"","meta":[],"product_brand":[],"product_cat":[68,88],"product_tag":[],"class_list":{"0":"post-3090","1":"product","2":"type-product","3":"status-publish","4":"has-post-thumbnail","6":"product_cat-laden","7":"product_cat-griechische-olivenole","9":"first","10":"outofstock","11":"taxable","12":"shipping-taxable","13":"purchasable","14":"product-type-simple"},"yoast_head":"<!-- This site is optimized with the Yoast SEO plugin v26.8 - https:\/\/yoast.com\/product\/yoast-seo-wordpress\/ -->\n<title>Getrockneter Bio-Oregano - Ellados<\/title>\n<meta name=\"description\" content=\"Entdecken Sie unser getrocknetes Bio-Oregano auf Zweigen aus Griechenland. Es wird gem\u00e4\u00df den Standards der europ\u00e4ischen Bio-Landwirtschaft produziert und verpackt.\" \/>\n<meta name=\"robots\" content=\"index, follow, max-snippet:-1, max-image-preview:large, max-video-preview:-1\" \/>\n<link rel=\"canonical\" href=\"https:\/\/ellados-shop.com\/de\/laden\/griechische-olivenole\/gefullte-weinblatter-100-bio-mariannas-copie\/\" \/>\n<meta property=\"og:locale\" content=\"de_DE\" \/>\n<meta property=\"og:type\" content=\"article\" \/>\n<meta property=\"og:title\" content=\"Getrockneter Bio-Oregano - Ellados\" \/>\n<meta property=\"og:description\" content=\"Entdecken Sie unser getrocknetes Bio-Oregano auf Zweigen aus Griechenland. Es wird gem\u00e4\u00df den Standards der europ\u00e4ischen Bio-Landwirtschaft produziert und verpackt.\" \/>\n<meta property=\"og:url\" content=\"https:\/\/ellados-shop.com\/de\/laden\/griechische-olivenole\/gefullte-weinblatter-100-bio-mariannas-copie\/\" \/>\n<meta property=\"og:site_name\" content=\"Ellados\" \/>\n<meta property=\"article:modified_time\" content=\"2024-11-19T13:09:28+00:00\" \/>\n<meta property=\"og:image\" content=\"https:\/\/ellados-shop.com\/wp-content\/uploads\/origan-branche.png\" \/>\n\t<meta property=\"og:image:width\" content=\"450\" \/>\n\t<meta property=\"og:image:height\" content=\"450\" \/>\n\t<meta property=\"og:image:type\" content=\"image\/png\" \/>\n<meta name=\"twitter:card\" content=\"summary_large_image\" \/>\n<meta name=\"twitter:label1\" content=\"Gesch\u00e4tzte Lesezeit\" \/>\n\t<meta name=\"twitter:data1\" content=\"1\u00a0Minute\" \/>\n<script type=\"application\/ld+json\" class=\"yoast-schema-graph\">{\"@context\":\"https:\/\/schema.org\",\"@graph\":[{\"@type\":\"WebPage\",\"@id\":\"https:\/\/ellados-shop.com\/de\/laden\/griechische-olivenole\/gefullte-weinblatter-100-bio-mariannas-copie\/\",\"url\":\"https:\/\/ellados-shop.com\/de\/laden\/griechische-olivenole\/gefullte-weinblatter-100-bio-mariannas-copie\/\",\"name\":\"Getrockneter Bio-Oregano - Ellados\",\"isPartOf\":{\"@id\":\"https:\/\/ellados-shop.com\/de\/#website\"},\"primaryImageOfPage\":{\"@id\":\"https:\/\/ellados-shop.com\/de\/laden\/griechische-olivenole\/gefullte-weinblatter-100-bio-mariannas-copie\/#primaryimage\"},\"image\":{\"@id\":\"https:\/\/ellados-shop.com\/de\/laden\/griechische-olivenole\/gefullte-weinblatter-100-bio-mariannas-copie\/#primaryimage\"},\"thumbnailUrl\":\"https:\/\/ellados-shop.com\/wp-content\/uploads\/origan-branche.png\",\"datePublished\":\"2024-04-21T11:15:53+00:00\",\"dateModified\":\"2024-11-19T13:09:28+00:00\",\"description\":\"Entdecken Sie unser getrocknetes Bio-Oregano auf Zweigen aus Griechenland. Es wird gem\u00e4\u00df den Standards der europ\u00e4ischen Bio-Landwirtschaft produziert und verpackt.\",\"breadcrumb\":{\"@id\":\"https:\/\/ellados-shop.com\/de\/laden\/griechische-olivenole\/gefullte-weinblatter-100-bio-mariannas-copie\/#breadcrumb\"},\"inLanguage\":\"de\",\"potentialAction\":[{\"@type\":\"ReadAction\",\"target\":[\"https:\/\/ellados-shop.com\/de\/laden\/griechische-olivenole\/gefullte-weinblatter-100-bio-mariannas-copie\/\"]}]},{\"@type\":\"ImageObject\",\"inLanguage\":\"de\",\"@id\":\"https:\/\/ellados-shop.com\/de\/laden\/griechische-olivenole\/gefullte-weinblatter-100-bio-mariannas-copie\/#primaryimage\",\"url\":\"https:\/\/ellados-shop.com\/wp-content\/uploads\/origan-branche.png\",\"contentUrl\":\"https:\/\/ellados-shop.com\/wp-content\/uploads\/origan-branche.png\",\"width\":450,\"height\":450,\"caption\":\"origan s\u00e9ch\u00e9 branche\"},{\"@type\":\"BreadcrumbList\",\"@id\":\"https:\/\/ellados-shop.com\/de\/laden\/griechische-olivenole\/gefullte-weinblatter-100-bio-mariannas-copie\/#breadcrumb\",\"itemListElement\":[{\"@type\":\"ListItem\",\"position\":1,\"name\":\"Accueil\",\"item\":\"https:\/\/ellados-shop.com\/de\/accueil-v2\/\"},{\"@type\":\"ListItem\",\"position\":2,\"name\":\"Boutique\",\"item\":\"https:\/\/ellados-shop.com\/boutique\/\"},{\"@type\":\"ListItem\",\"position\":3,\"name\":\"Getrockneter Bio-Oregano Auf Zweig &#8211; 40 g\"}]},{\"@type\":\"WebSite\",\"@id\":\"https:\/\/ellados-shop.com\/de\/#website\",\"url\":\"https:\/\/ellados-shop.com\/de\/\",\"name\":\"Ellados\",\"description\":\"\",\"potentialAction\":[{\"@type\":\"SearchAction\",\"target\":{\"@type\":\"EntryPoint\",\"urlTemplate\":\"https:\/\/ellados-shop.com\/de\/?s={search_term_string}\"},\"query-input\":{\"@type\":\"PropertyValueSpecification\",\"valueRequired\":true,\"valueName\":\"search_term_string\"}}],\"inLanguage\":\"de\"}]}<\/script>\n<!-- \/ Yoast SEO plugin. -->","yoast_head_json":{"title":"Getrockneter Bio-Oregano - Ellados","description":"Entdecken Sie unser getrocknetes Bio-Oregano auf Zweigen aus Griechenland. Es wird gem\u00e4\u00df den Standards der europ\u00e4ischen Bio-Landwirtschaft produziert und verpackt.","robots":{"index":"index","follow":"follow","max-snippet":"max-snippet:-1","max-image-preview":"max-image-preview:large","max-video-preview":"max-video-preview:-1"},"canonical":"https:\/\/ellados-shop.com\/de\/laden\/griechische-olivenole\/gefullte-weinblatter-100-bio-mariannas-copie\/","og_locale":"de_DE","og_type":"article","og_title":"Getrockneter Bio-Oregano - Ellados","og_description":"Entdecken Sie unser getrocknetes Bio-Oregano auf Zweigen aus Griechenland. Es wird gem\u00e4\u00df den Standards der europ\u00e4ischen Bio-Landwirtschaft produziert und verpackt.","og_url":"https:\/\/ellados-shop.com\/de\/laden\/griechische-olivenole\/gefullte-weinblatter-100-bio-mariannas-copie\/","og_site_name":"Ellados","article_modified_time":"2024-11-19T13:09:28+00:00","og_image":[{"width":450,"height":450,"url":"https:\/\/ellados-shop.com\/wp-content\/uploads\/origan-branche.png","type":"image\/png"}],"twitter_card":"summary_large_image","twitter_misc":{"Gesch\u00e4tzte Lesezeit":"1\u00a0Minute"},"schema":{"@context":"https:\/\/schema.org","@graph":[{"@type":"WebPage","@id":"https:\/\/ellados-shop.com\/de\/laden\/griechische-olivenole\/gefullte-weinblatter-100-bio-mariannas-copie\/","url":"https:\/\/ellados-shop.com\/de\/laden\/griechische-olivenole\/gefullte-weinblatter-100-bio-mariannas-copie\/","name":"Getrockneter Bio-Oregano - Ellados","isPartOf":{"@id":"https:\/\/ellados-shop.com\/de\/#website"},"primaryImageOfPage":{"@id":"https:\/\/ellados-shop.com\/de\/laden\/griechische-olivenole\/gefullte-weinblatter-100-bio-mariannas-copie\/#primaryimage"},"image":{"@id":"https:\/\/ellados-shop.com\/de\/laden\/griechische-olivenole\/gefullte-weinblatter-100-bio-mariannas-copie\/#primaryimage"},"thumbnailUrl":"https:\/\/ellados-shop.com\/wp-content\/uploads\/origan-branche.png","datePublished":"2024-04-21T11:15:53+00:00","dateModified":"2024-11-19T13:09:28+00:00","description":"Entdecken Sie unser getrocknetes Bio-Oregano auf Zweigen aus Griechenland. Es wird gem\u00e4\u00df den Standards der europ\u00e4ischen Bio-Landwirtschaft produziert und verpackt.","breadcrumb":{"@id":"https:\/\/ellados-shop.com\/de\/laden\/griechische-olivenole\/gefullte-weinblatter-100-bio-mariannas-copie\/#breadcrumb"},"inLanguage":"de","potentialAction":[{"@type":"ReadAction","target":["https:\/\/ellados-shop.com\/de\/laden\/griechische-olivenole\/gefullte-weinblatter-100-bio-mariannas-copie\/"]}]},{"@type":"ImageObject","inLanguage":"de","@id":"https:\/\/ellados-shop.com\/de\/laden\/griechische-olivenole\/gefullte-weinblatter-100-bio-mariannas-copie\/#primaryimage","url":"https:\/\/ellados-shop.com\/wp-content\/uploads\/origan-branche.png","contentUrl":"https:\/\/ellados-shop.com\/wp-content\/uploads\/origan-branche.png","width":450,"height":450,"caption":"origan s\u00e9ch\u00e9 branche"},{"@type":"BreadcrumbList","@id":"https:\/\/ellados-shop.com\/de\/laden\/griechische-olivenole\/gefullte-weinblatter-100-bio-mariannas-copie\/#breadcrumb","itemListElement":[{"@type":"ListItem","position":1,"name":"Accueil","item":"https:\/\/ellados-shop.com\/de\/accueil-v2\/"},{"@type":"ListItem","position":2,"name":"Boutique","item":"https:\/\/ellados-shop.com\/boutique\/"},{"@type":"ListItem","position":3,"name":"Getrockneter Bio-Oregano Auf Zweig &#8211; 40 g"}]},{"@type":"WebSite","@id":"https:\/\/ellados-shop.com\/de\/#website","url":"https:\/\/ellados-shop.com\/de\/","name":"Ellados","description":"","potentialAction":[{"@type":"SearchAction","target":{"@type":"EntryPoint","urlTemplate":"https:\/\/ellados-shop.com\/de\/?s={search_term_string}"},"query-input":{"@type":"PropertyValueSpecification","valueRequired":true,"valueName":"search_term_string"}}],"inLanguage":"de"}]}},"_links":{"self":[{"href":"https:\/\/ellados-shop.com\/de\/wp-json\/wp\/v2\/product\/3090","targetHints":{"allow":["GET"]}}],"collection":[{"href":"https:\/\/ellados-shop.com\/de\/wp-json\/wp\/v2\/product"}],"about":[{"href":"https:\/\/ellados-shop.com\/de\/wp-json\/wp\/v2\/types\/product"}],"replies":[{"embeddable":true,"href":"https:\/\/ellados-shop.com\/de\/wp-json\/wp\/v2\/comments?post=3090"}],"wp:featuredmedia":[{"embeddable":true,"href":"https:\/\/ellados-shop.com\/de\/wp-json\/wp\/v2\/media\/5661"}],"wp:attachment":[{"href":"https:\/\/ellados-shop.com\/de\/wp-json\/wp\/v2\/media?parent=3090"}],"wp:term":[{"taxonomy":"product_brand","embeddable":true,"href":"https:\/\/ellados-shop.com\/de\/wp-json\/wp\/v2\/product_brand?post=3090"},{"taxonomy":"product_cat","embeddable":true,"href":"https:\/\/ellados-shop.com\/de\/wp-json\/wp\/v2\/product_cat?post=3090"},{"taxonomy":"product_tag","embeddable":true,"href":"https:\/\/ellados-shop.com\/de\/wp-json\/wp\/v2\/product_tag?post=3090"}],"curies":[{"name":"wp","href":"https:\/\/api.w.org\/{rel}","templated":true}]}}