{"id":3102,"date":"2024-04-21T14:36:49","date_gmt":"2024-04-21T12:36:49","guid":{"rendered":"https:\/\/ellados-shop.com\/?post_type=product&#038;p=3102"},"modified":"2024-11-19T14:13:46","modified_gmt":"2024-11-19T13:13:46","slug":"getrockneter-bio-oregano-40-g-copie","status":"publish","type":"product","link":"https:\/\/ellados-shop.com\/de\/laden\/griechische-olivenole\/getrockneter-bio-oregano-40-g-copie\/","title":{"rendered":"Getrockneter Oregano &#8211; 50 g"},"content":{"rendered":"<div class=\"mt-1 flex gap-3 empty:hidden\">\n<div class=\"text-gray-400 flex self-end lg:self-center items-center justify-center lg:justify-start mt-0 -ml-1 h-7 gap-[2px] visible\">\n<p>Getrockneter Oregano ist das Lieblingsgew\u00fcrz der griechischen K\u00fcche. Willkommen in der Welt der griechischen Authentizit\u00e4t, wo jeder Zweig Oregano das jahrhundertealte Erbe seiner fruchtbaren Erde tr\u00e4gt. Es sind die sonnigen T\u00e4ler des Peloponnes in Griechenland, in denen unsere Partnerproduzenten den getrockneten Oregano von Hand ernten. Tauchen Sie ein in ein unvergessliches Geschmackserlebnis. Und entdecken Sie die Wunder des Oreganos, der mit Liebe und Respekt f\u00fcr die Natur verpackt ist.<\/p>\n<p><strong>Angebaut und zubereitet mit Passion :<\/strong><\/p>\n<p>Dieser getrocknete Oregano wird in den fruchtbaren B\u00f6den des Peloponnes angebaut, genauer gesagt in der Region Messenien. Diese L\u00e4ndereien haben einen reichen Boden, der in Kombination mit einem idealen mediterranen Klima optimale Anbaubedingungen f\u00fcr hochwertigen Oregano schafft. Unsere engagierten Landwirte k\u00fcmmern sich um jeden Schritt seines Wachstums und verwenden dabei <strong>nachhaltige landwirtschaftliche Praktiken.<\/strong> Diese Praktiken <strong>erhalten die Artenvielfalt <\/strong> und respektieren die Umwelt so weit wie m\u00f6glich. Zu Beginn ernten sie den Oregano per Hand, wenn er reif ist. Dann wird der Oregano schonend nach \u00fcberlieferten traditionellen Methoden getrocknet. Die Landwirte h\u00e4ngen die frisch gepfl\u00fcckten Zweige im Schatten auf, um sie langsam zu trocknen. Auf diese Weise bewahren sie ihren nat\u00fcrlichen Geschmack und ihre Aromen. Abschlie\u00dfend werden die Zweige von ihren Zweigen getrennt, um Ihnen eine sofortige Verwendung Ihres Gew\u00fcrzes zu erm\u00f6glichen. Dieser sorgf\u00e4ltige Prozess erm\u00f6glicht es dem Oregano, seine Frische und Intensit\u00e4t vollst\u00e4ndig zu bewahren.<\/p>\n<p>Deshalb freuen wir uns, Ihnen einen getrockneten Oregano von unvergleichlicher Reinheit anbieten zu k\u00f6nnen. Unser Engagement f\u00fcr Qualit\u00e4t und Authentizit\u00e4t bedeutet, dass Sie jede Bissen mit Vertrauen genie\u00dfen k\u00f6nnen.<\/p>\n<\/div>\n<\/div>\n","protected":false},"excerpt":{"rendered":"<p>Mit diesem <strong>gebrauchsfertigen getrockneten Oregano<\/strong> erhalten Sie ein unverzichtbares Gew\u00fcrz der mediterranen K\u00fcche. Es wird verwendet, um Gerichte zu verfeinern, und verleiht Pizzen, Saucen und Gegrilltem <strong>eine aromatische Note<\/strong>. <\/p>\n","protected":false},"featured_media":5664,"comment_status":"closed","ping_status":"closed","template":"","meta":[],"product_brand":[],"product_cat":[68,88],"product_tag":[],"class_list":{"0":"post-3102","1":"product","2":"type-product","3":"status-publish","4":"has-post-thumbnail","6":"product_cat-laden","7":"product_cat-griechische-olivenole","9":"first","10":"outofstock","11":"taxable","12":"shipping-taxable","13":"purchasable","14":"product-type-simple"},"yoast_head":"<!-- This site is optimized with the Yoast SEO plugin v26.8 - https:\/\/yoast.com\/product\/yoast-seo-wordpress\/ -->\n<title>Getrockneter verzehrfertiger Oregano- Ellados<\/title>\n<meta name=\"description\" content=\"W\u00fcrzen Sie Ihre Gerichte mit diesem bereits fertigen getrockneten Oregano. Lassen Sie sich von seinem s\u00fcdlichen Duft und seinem au\u00dfergew\u00f6hnlichen Geschmack verf\u00fchren.\" \/>\n<meta name=\"robots\" content=\"index, follow, max-snippet:-1, max-image-preview:large, max-video-preview:-1\" \/>\n<link rel=\"canonical\" href=\"https:\/\/ellados-shop.com\/de\/laden\/griechische-olivenole\/getrockneter-bio-oregano-40-g-copie\/\" \/>\n<meta property=\"og:locale\" content=\"de_DE\" \/>\n<meta property=\"og:type\" content=\"article\" \/>\n<meta property=\"og:title\" content=\"Getrockneter verzehrfertiger Oregano- Ellados\" \/>\n<meta property=\"og:description\" content=\"W\u00fcrzen Sie Ihre Gerichte mit diesem bereits fertigen getrockneten Oregano. Lassen Sie sich von seinem s\u00fcdlichen Duft und seinem au\u00dfergew\u00f6hnlichen Geschmack verf\u00fchren.\" \/>\n<meta property=\"og:url\" content=\"https:\/\/ellados-shop.com\/de\/laden\/griechische-olivenole\/getrockneter-bio-oregano-40-g-copie\/\" \/>\n<meta property=\"og:site_name\" content=\"Ellados\" \/>\n<meta property=\"article:modified_time\" content=\"2024-11-19T13:13:46+00:00\" \/>\n<meta property=\"og:image\" content=\"https:\/\/ellados-shop.com\/wp-content\/uploads\/Origan-seche.png\" \/>\n\t<meta property=\"og:image:width\" content=\"450\" \/>\n\t<meta property=\"og:image:height\" content=\"450\" \/>\n\t<meta property=\"og:image:type\" content=\"image\/png\" \/>\n<meta name=\"twitter:card\" content=\"summary_large_image\" \/>\n<meta name=\"twitter:label1\" content=\"Gesch\u00e4tzte Lesezeit\" \/>\n\t<meta name=\"twitter:data1\" content=\"1\u00a0Minute\" \/>\n<script type=\"application\/ld+json\" class=\"yoast-schema-graph\">{\"@context\":\"https:\/\/schema.org\",\"@graph\":[{\"@type\":\"WebPage\",\"@id\":\"https:\/\/ellados-shop.com\/de\/laden\/griechische-olivenole\/getrockneter-bio-oregano-40-g-copie\/\",\"url\":\"https:\/\/ellados-shop.com\/de\/laden\/griechische-olivenole\/getrockneter-bio-oregano-40-g-copie\/\",\"name\":\"Getrockneter verzehrfertiger Oregano- Ellados\",\"isPartOf\":{\"@id\":\"https:\/\/ellados-shop.com\/de\/#website\"},\"primaryImageOfPage\":{\"@id\":\"https:\/\/ellados-shop.com\/de\/laden\/griechische-olivenole\/getrockneter-bio-oregano-40-g-copie\/#primaryimage\"},\"image\":{\"@id\":\"https:\/\/ellados-shop.com\/de\/laden\/griechische-olivenole\/getrockneter-bio-oregano-40-g-copie\/#primaryimage\"},\"thumbnailUrl\":\"https:\/\/ellados-shop.com\/wp-content\/uploads\/Origan-seche.png\",\"datePublished\":\"2024-04-21T12:36:49+00:00\",\"dateModified\":\"2024-11-19T13:13:46+00:00\",\"description\":\"W\u00fcrzen Sie Ihre Gerichte mit diesem bereits fertigen getrockneten Oregano. Lassen Sie sich von seinem s\u00fcdlichen Duft und seinem au\u00dfergew\u00f6hnlichen Geschmack verf\u00fchren.\",\"breadcrumb\":{\"@id\":\"https:\/\/ellados-shop.com\/de\/laden\/griechische-olivenole\/getrockneter-bio-oregano-40-g-copie\/#breadcrumb\"},\"inLanguage\":\"de\",\"potentialAction\":[{\"@type\":\"ReadAction\",\"target\":[\"https:\/\/ellados-shop.com\/de\/laden\/griechische-olivenole\/getrockneter-bio-oregano-40-g-copie\/\"]}]},{\"@type\":\"ImageObject\",\"inLanguage\":\"de\",\"@id\":\"https:\/\/ellados-shop.com\/de\/laden\/griechische-olivenole\/getrockneter-bio-oregano-40-g-copie\/#primaryimage\",\"url\":\"https:\/\/ellados-shop.com\/wp-content\/uploads\/Origan-seche.png\",\"contentUrl\":\"https:\/\/ellados-shop.com\/wp-content\/uploads\/Origan-seche.png\",\"width\":450,\"height\":450,\"caption\":\"Origan seche\"},{\"@type\":\"BreadcrumbList\",\"@id\":\"https:\/\/ellados-shop.com\/de\/laden\/griechische-olivenole\/getrockneter-bio-oregano-40-g-copie\/#breadcrumb\",\"itemListElement\":[{\"@type\":\"ListItem\",\"position\":1,\"name\":\"Accueil\",\"item\":\"https:\/\/ellados-shop.com\/de\/accueil-v2\/\"},{\"@type\":\"ListItem\",\"position\":2,\"name\":\"Boutique\",\"item\":\"https:\/\/ellados-shop.com\/boutique\/\"},{\"@type\":\"ListItem\",\"position\":3,\"name\":\"Getrockneter Oregano &#8211; 50 g\"}]},{\"@type\":\"WebSite\",\"@id\":\"https:\/\/ellados-shop.com\/de\/#website\",\"url\":\"https:\/\/ellados-shop.com\/de\/\",\"name\":\"Ellados\",\"description\":\"\",\"potentialAction\":[{\"@type\":\"SearchAction\",\"target\":{\"@type\":\"EntryPoint\",\"urlTemplate\":\"https:\/\/ellados-shop.com\/de\/?s={search_term_string}\"},\"query-input\":{\"@type\":\"PropertyValueSpecification\",\"valueRequired\":true,\"valueName\":\"search_term_string\"}}],\"inLanguage\":\"de\"}]}<\/script>\n<!-- \/ Yoast SEO plugin. -->","yoast_head_json":{"title":"Getrockneter verzehrfertiger Oregano- Ellados","description":"W\u00fcrzen Sie Ihre Gerichte mit diesem bereits fertigen getrockneten Oregano. Lassen Sie sich von seinem s\u00fcdlichen Duft und seinem au\u00dfergew\u00f6hnlichen Geschmack verf\u00fchren.","robots":{"index":"index","follow":"follow","max-snippet":"max-snippet:-1","max-image-preview":"max-image-preview:large","max-video-preview":"max-video-preview:-1"},"canonical":"https:\/\/ellados-shop.com\/de\/laden\/griechische-olivenole\/getrockneter-bio-oregano-40-g-copie\/","og_locale":"de_DE","og_type":"article","og_title":"Getrockneter verzehrfertiger Oregano- Ellados","og_description":"W\u00fcrzen Sie Ihre Gerichte mit diesem bereits fertigen getrockneten Oregano. Lassen Sie sich von seinem s\u00fcdlichen Duft und seinem au\u00dfergew\u00f6hnlichen Geschmack verf\u00fchren.","og_url":"https:\/\/ellados-shop.com\/de\/laden\/griechische-olivenole\/getrockneter-bio-oregano-40-g-copie\/","og_site_name":"Ellados","article_modified_time":"2024-11-19T13:13:46+00:00","og_image":[{"width":450,"height":450,"url":"https:\/\/ellados-shop.com\/wp-content\/uploads\/Origan-seche.png","type":"image\/png"}],"twitter_card":"summary_large_image","twitter_misc":{"Gesch\u00e4tzte Lesezeit":"1\u00a0Minute"},"schema":{"@context":"https:\/\/schema.org","@graph":[{"@type":"WebPage","@id":"https:\/\/ellados-shop.com\/de\/laden\/griechische-olivenole\/getrockneter-bio-oregano-40-g-copie\/","url":"https:\/\/ellados-shop.com\/de\/laden\/griechische-olivenole\/getrockneter-bio-oregano-40-g-copie\/","name":"Getrockneter verzehrfertiger Oregano- Ellados","isPartOf":{"@id":"https:\/\/ellados-shop.com\/de\/#website"},"primaryImageOfPage":{"@id":"https:\/\/ellados-shop.com\/de\/laden\/griechische-olivenole\/getrockneter-bio-oregano-40-g-copie\/#primaryimage"},"image":{"@id":"https:\/\/ellados-shop.com\/de\/laden\/griechische-olivenole\/getrockneter-bio-oregano-40-g-copie\/#primaryimage"},"thumbnailUrl":"https:\/\/ellados-shop.com\/wp-content\/uploads\/Origan-seche.png","datePublished":"2024-04-21T12:36:49+00:00","dateModified":"2024-11-19T13:13:46+00:00","description":"W\u00fcrzen Sie Ihre Gerichte mit diesem bereits fertigen getrockneten Oregano. Lassen Sie sich von seinem s\u00fcdlichen Duft und seinem au\u00dfergew\u00f6hnlichen Geschmack verf\u00fchren.","breadcrumb":{"@id":"https:\/\/ellados-shop.com\/de\/laden\/griechische-olivenole\/getrockneter-bio-oregano-40-g-copie\/#breadcrumb"},"inLanguage":"de","potentialAction":[{"@type":"ReadAction","target":["https:\/\/ellados-shop.com\/de\/laden\/griechische-olivenole\/getrockneter-bio-oregano-40-g-copie\/"]}]},{"@type":"ImageObject","inLanguage":"de","@id":"https:\/\/ellados-shop.com\/de\/laden\/griechische-olivenole\/getrockneter-bio-oregano-40-g-copie\/#primaryimage","url":"https:\/\/ellados-shop.com\/wp-content\/uploads\/Origan-seche.png","contentUrl":"https:\/\/ellados-shop.com\/wp-content\/uploads\/Origan-seche.png","width":450,"height":450,"caption":"Origan seche"},{"@type":"BreadcrumbList","@id":"https:\/\/ellados-shop.com\/de\/laden\/griechische-olivenole\/getrockneter-bio-oregano-40-g-copie\/#breadcrumb","itemListElement":[{"@type":"ListItem","position":1,"name":"Accueil","item":"https:\/\/ellados-shop.com\/de\/accueil-v2\/"},{"@type":"ListItem","position":2,"name":"Boutique","item":"https:\/\/ellados-shop.com\/boutique\/"},{"@type":"ListItem","position":3,"name":"Getrockneter Oregano &#8211; 50 g"}]},{"@type":"WebSite","@id":"https:\/\/ellados-shop.com\/de\/#website","url":"https:\/\/ellados-shop.com\/de\/","name":"Ellados","description":"","potentialAction":[{"@type":"SearchAction","target":{"@type":"EntryPoint","urlTemplate":"https:\/\/ellados-shop.com\/de\/?s={search_term_string}"},"query-input":{"@type":"PropertyValueSpecification","valueRequired":true,"valueName":"search_term_string"}}],"inLanguage":"de"}]}},"_links":{"self":[{"href":"https:\/\/ellados-shop.com\/de\/wp-json\/wp\/v2\/product\/3102","targetHints":{"allow":["GET"]}}],"collection":[{"href":"https:\/\/ellados-shop.com\/de\/wp-json\/wp\/v2\/product"}],"about":[{"href":"https:\/\/ellados-shop.com\/de\/wp-json\/wp\/v2\/types\/product"}],"replies":[{"embeddable":true,"href":"https:\/\/ellados-shop.com\/de\/wp-json\/wp\/v2\/comments?post=3102"}],"wp:featuredmedia":[{"embeddable":true,"href":"https:\/\/ellados-shop.com\/de\/wp-json\/wp\/v2\/media\/5664"}],"wp:attachment":[{"href":"https:\/\/ellados-shop.com\/de\/wp-json\/wp\/v2\/media?parent=3102"}],"wp:term":[{"taxonomy":"product_brand","embeddable":true,"href":"https:\/\/ellados-shop.com\/de\/wp-json\/wp\/v2\/product_brand?post=3102"},{"taxonomy":"product_cat","embeddable":true,"href":"https:\/\/ellados-shop.com\/de\/wp-json\/wp\/v2\/product_cat?post=3102"},{"taxonomy":"product_tag","embeddable":true,"href":"https:\/\/ellados-shop.com\/de\/wp-json\/wp\/v2\/product_tag?post=3102"}],"curies":[{"name":"wp","href":"https:\/\/api.w.org\/{rel}","templated":true}]}}