{"id":3125,"date":"2024-04-21T18:14:27","date_gmt":"2024-04-21T16:14:27","guid":{"rendered":"https:\/\/ellados-shop.com\/?post_type=product&#038;p=3125"},"modified":"2024-11-02T09:27:15","modified_gmt":"2024-11-02T08:27:15","slug":"knusprige-pasteli-sesam-honig-mandel-150-g-copie","status":"publish","type":"product","link":"https:\/\/ellados-shop.com\/de\/laden\/lebensmittelgeschaft\/sus\/knusprige-pasteli-sesam-honig-mandel-150-g-copie\/","title":{"rendered":"Griechischer Bergtee &#8211; 40 g"},"content":{"rendered":"<p>Entdecken Sie den exquisiten <strong>griechischen Bergtee<\/strong>, ein wahres Naturwunder aus den Gipfeln des Taygetos-Gebirges in der Region Peloponnes in Griechenland. Der Taygetos-Gebirgszug, mit seinen schneebedeckten Gipfeln und gr\u00fcnen T\u00e4lern, ist die Wiege unseres Bergtees. In der griechischen Mythologie war der Taygetos das Reich der Nymphen, der Naturgottheiten, die \u00fcber die Berge, W\u00e4lder und Wasserquellen wachten. Seit Jahrhunderten bewahren die Bewohner dieser Region die alten Traditionen des Anbaus und der Ernte von Tee. Auf diese Weise erhalten sie ein wertvolles Erbe, das mit Gesundheit und Wohlbefinden verbunden ist. Der Bergtee, auch bekannt als &#8222;Sideritis Clandestina&#8220;, ist reich an gesundheitlichen Vorteilen. Reich an Antioxidantien, hilft es unter anderem, das Immunsystem zu st\u00e4rken und Krankheiten vorzubeugen. Hinzu kommen <strong>schmerzlindernde<\/strong> und <strong>beruhigende Eigenschaften<\/strong>, die es zu einem <strong>sehr vielseitigen Gesundheitsverb\u00fcndeten<\/strong> machen. Dar\u00fcber hinaus tr\u00e4gt sein Gehalt an Polyphenolen dazu bei, Stress zu reduzieren und Entspannung zu f\u00f6rdern. Um Ihre Tasse griechischen Bergtees zuzubereiten, ist nichts einfacher ! Verwenden Sie frisches Wasser und bringen Sie es zum Kochen. F\u00fcgen Sie dann je nach gew\u00fcnschter Intensit\u00e4t ein bis zwei Teel\u00f6ffel Teebl\u00e4tter in Ihre Teekanne hinzu. Gie\u00dfen Sie dann das hei\u00dfe Wasser dar\u00fcber. Lassen Sie den Tee einige Minuten ziehen, dann filtern Sie ihn ab und genie\u00dfen Sie ihn. Eine Tasse griechischen Bergtees bietet Ihnen somit eine Pause in Ihrem Tag, wie eine willkommene Flucht aus dem Wirbel des modernen Lebens.<\/p>\n","protected":false},"excerpt":{"rendered":"<p>Entdecken Sie den exquisiten <strong>griechischen Bergtee<\/strong> und sein unverwechselbares Aroma. Tun Sie sich etwas Gutes mit jedem Schluck dieses Getr\u00e4nks, dessen gesundheitliche Vorteile bereits bewiesen sind. <\/p>\n","protected":false},"featured_media":5935,"comment_status":"closed","ping_status":"closed","template":"","meta":[],"product_brand":[],"product_cat":[68,92,110],"product_tag":[],"class_list":{"0":"post-3125","1":"product","2":"type-product","3":"status-publish","4":"has-post-thumbnail","6":"product_cat-laden","7":"product_cat-lebensmittelgeschaft","8":"product_cat-sus","10":"first","11":"outofstock","12":"taxable","13":"shipping-taxable","14":"purchasable","15":"product-type-simple"},"yoast_head":"<!-- This site is optimized with the Yoast SEO plugin v26.8 - https:\/\/yoast.com\/product\/yoast-seo-wordpress\/ -->\n<title>Griechischer Bergtee - Ellados<\/title>\n<meta name=\"description\" content=\"Genie\u00dfen Sie diesen sorgf\u00e4ltig f\u00fcr Sie ausgew\u00e4hlten griechischen Bergtee. Profitieren Sie von den gesundheitlichen Vorteilen und g\u00f6nnen Sie sich eine Pause.\" \/>\n<meta name=\"robots\" content=\"index, follow, max-snippet:-1, max-image-preview:large, max-video-preview:-1\" \/>\n<link rel=\"canonical\" href=\"https:\/\/ellados-shop.com\/de\/laden\/lebensmittelgeschaft\/sus\/knusprige-pasteli-sesam-honig-mandel-150-g-copie\/\" \/>\n<meta property=\"og:locale\" content=\"de_DE\" \/>\n<meta property=\"og:type\" content=\"article\" \/>\n<meta property=\"og:title\" content=\"Griechischer Bergtee - Ellados\" \/>\n<meta property=\"og:description\" content=\"Genie\u00dfen Sie diesen sorgf\u00e4ltig f\u00fcr Sie ausgew\u00e4hlten griechischen Bergtee. Profitieren Sie von den gesundheitlichen Vorteilen und g\u00f6nnen Sie sich eine Pause.\" \/>\n<meta property=\"og:url\" content=\"https:\/\/ellados-shop.com\/de\/laden\/lebensmittelgeschaft\/sus\/knusprige-pasteli-sesam-honig-mandel-150-g-copie\/\" \/>\n<meta property=\"og:site_name\" content=\"Ellados\" \/>\n<meta property=\"article:modified_time\" content=\"2024-11-02T08:27:15+00:00\" \/>\n<meta property=\"og:image\" content=\"https:\/\/ellados-shop.com\/wp-content\/uploads\/the-des-montagnes-1.png\" \/>\n\t<meta property=\"og:image:width\" content=\"450\" \/>\n\t<meta property=\"og:image:height\" content=\"600\" \/>\n\t<meta property=\"og:image:type\" content=\"image\/png\" \/>\n<meta name=\"twitter:card\" content=\"summary_large_image\" \/>\n<meta name=\"twitter:label1\" content=\"Gesch\u00e4tzte Lesezeit\" \/>\n\t<meta name=\"twitter:data1\" content=\"1\u00a0Minute\" \/>\n<script type=\"application\/ld+json\" class=\"yoast-schema-graph\">{\"@context\":\"https:\/\/schema.org\",\"@graph\":[{\"@type\":\"WebPage\",\"@id\":\"https:\/\/ellados-shop.com\/de\/laden\/lebensmittelgeschaft\/sus\/knusprige-pasteli-sesam-honig-mandel-150-g-copie\/\",\"url\":\"https:\/\/ellados-shop.com\/de\/laden\/lebensmittelgeschaft\/sus\/knusprige-pasteli-sesam-honig-mandel-150-g-copie\/\",\"name\":\"Griechischer Bergtee - Ellados\",\"isPartOf\":{\"@id\":\"https:\/\/ellados-shop.com\/de\/#website\"},\"primaryImageOfPage\":{\"@id\":\"https:\/\/ellados-shop.com\/de\/laden\/lebensmittelgeschaft\/sus\/knusprige-pasteli-sesam-honig-mandel-150-g-copie\/#primaryimage\"},\"image\":{\"@id\":\"https:\/\/ellados-shop.com\/de\/laden\/lebensmittelgeschaft\/sus\/knusprige-pasteli-sesam-honig-mandel-150-g-copie\/#primaryimage\"},\"thumbnailUrl\":\"https:\/\/ellados-shop.com\/wp-content\/uploads\/Infusion-des-montagnes-1.png\",\"datePublished\":\"2024-04-21T16:14:27+00:00\",\"dateModified\":\"2024-11-02T08:27:15+00:00\",\"description\":\"Genie\u00dfen Sie diesen sorgf\u00e4ltig f\u00fcr Sie ausgew\u00e4hlten griechischen Bergtee. Profitieren Sie von den gesundheitlichen Vorteilen und g\u00f6nnen Sie sich eine Pause.\",\"breadcrumb\":{\"@id\":\"https:\/\/ellados-shop.com\/de\/laden\/lebensmittelgeschaft\/sus\/knusprige-pasteli-sesam-honig-mandel-150-g-copie\/#breadcrumb\"},\"inLanguage\":\"de\",\"potentialAction\":[{\"@type\":\"ReadAction\",\"target\":[\"https:\/\/ellados-shop.com\/de\/laden\/lebensmittelgeschaft\/sus\/knusprige-pasteli-sesam-honig-mandel-150-g-copie\/\"]}]},{\"@type\":\"ImageObject\",\"inLanguage\":\"de\",\"@id\":\"https:\/\/ellados-shop.com\/de\/laden\/lebensmittelgeschaft\/sus\/knusprige-pasteli-sesam-honig-mandel-150-g-copie\/#primaryimage\",\"url\":\"https:\/\/ellados-shop.com\/wp-content\/uploads\/Infusion-des-montagnes-1.png\",\"contentUrl\":\"https:\/\/ellados-shop.com\/wp-content\/uploads\/Infusion-des-montagnes-1.png\",\"width\":450,\"height\":450,\"caption\":\"insufion des montagnes\"},{\"@type\":\"BreadcrumbList\",\"@id\":\"https:\/\/ellados-shop.com\/de\/laden\/lebensmittelgeschaft\/sus\/knusprige-pasteli-sesam-honig-mandel-150-g-copie\/#breadcrumb\",\"itemListElement\":[{\"@type\":\"ListItem\",\"position\":1,\"name\":\"Accueil\",\"item\":\"https:\/\/ellados-shop.com\/de\/accueil-v2\/\"},{\"@type\":\"ListItem\",\"position\":2,\"name\":\"Boutique\",\"item\":\"https:\/\/ellados-shop.com\/boutique\/\"},{\"@type\":\"ListItem\",\"position\":3,\"name\":\"Griechischer Bergtee &#8211; 40 g\"}]},{\"@type\":\"WebSite\",\"@id\":\"https:\/\/ellados-shop.com\/de\/#website\",\"url\":\"https:\/\/ellados-shop.com\/de\/\",\"name\":\"Ellados\",\"description\":\"\",\"potentialAction\":[{\"@type\":\"SearchAction\",\"target\":{\"@type\":\"EntryPoint\",\"urlTemplate\":\"https:\/\/ellados-shop.com\/de\/?s={search_term_string}\"},\"query-input\":{\"@type\":\"PropertyValueSpecification\",\"valueRequired\":true,\"valueName\":\"search_term_string\"}}],\"inLanguage\":\"de\"}]}<\/script>\n<!-- \/ Yoast SEO plugin. -->","yoast_head_json":{"title":"Griechischer Bergtee - Ellados","description":"Genie\u00dfen Sie diesen sorgf\u00e4ltig f\u00fcr Sie ausgew\u00e4hlten griechischen Bergtee. Profitieren Sie von den gesundheitlichen Vorteilen und g\u00f6nnen Sie sich eine Pause.","robots":{"index":"index","follow":"follow","max-snippet":"max-snippet:-1","max-image-preview":"max-image-preview:large","max-video-preview":"max-video-preview:-1"},"canonical":"https:\/\/ellados-shop.com\/de\/laden\/lebensmittelgeschaft\/sus\/knusprige-pasteli-sesam-honig-mandel-150-g-copie\/","og_locale":"de_DE","og_type":"article","og_title":"Griechischer Bergtee - Ellados","og_description":"Genie\u00dfen Sie diesen sorgf\u00e4ltig f\u00fcr Sie ausgew\u00e4hlten griechischen Bergtee. Profitieren Sie von den gesundheitlichen Vorteilen und g\u00f6nnen Sie sich eine Pause.","og_url":"https:\/\/ellados-shop.com\/de\/laden\/lebensmittelgeschaft\/sus\/knusprige-pasteli-sesam-honig-mandel-150-g-copie\/","og_site_name":"Ellados","article_modified_time":"2024-11-02T08:27:15+00:00","og_image":[{"width":450,"height":600,"url":"https:\/\/ellados-shop.com\/wp-content\/uploads\/the-des-montagnes-1.png","type":"image\/png"}],"twitter_card":"summary_large_image","twitter_misc":{"Gesch\u00e4tzte Lesezeit":"1\u00a0Minute"},"schema":{"@context":"https:\/\/schema.org","@graph":[{"@type":"WebPage","@id":"https:\/\/ellados-shop.com\/de\/laden\/lebensmittelgeschaft\/sus\/knusprige-pasteli-sesam-honig-mandel-150-g-copie\/","url":"https:\/\/ellados-shop.com\/de\/laden\/lebensmittelgeschaft\/sus\/knusprige-pasteli-sesam-honig-mandel-150-g-copie\/","name":"Griechischer Bergtee - Ellados","isPartOf":{"@id":"https:\/\/ellados-shop.com\/de\/#website"},"primaryImageOfPage":{"@id":"https:\/\/ellados-shop.com\/de\/laden\/lebensmittelgeschaft\/sus\/knusprige-pasteli-sesam-honig-mandel-150-g-copie\/#primaryimage"},"image":{"@id":"https:\/\/ellados-shop.com\/de\/laden\/lebensmittelgeschaft\/sus\/knusprige-pasteli-sesam-honig-mandel-150-g-copie\/#primaryimage"},"thumbnailUrl":"https:\/\/ellados-shop.com\/wp-content\/uploads\/Infusion-des-montagnes-1.png","datePublished":"2024-04-21T16:14:27+00:00","dateModified":"2024-11-02T08:27:15+00:00","description":"Genie\u00dfen Sie diesen sorgf\u00e4ltig f\u00fcr Sie ausgew\u00e4hlten griechischen Bergtee. Profitieren Sie von den gesundheitlichen Vorteilen und g\u00f6nnen Sie sich eine Pause.","breadcrumb":{"@id":"https:\/\/ellados-shop.com\/de\/laden\/lebensmittelgeschaft\/sus\/knusprige-pasteli-sesam-honig-mandel-150-g-copie\/#breadcrumb"},"inLanguage":"de","potentialAction":[{"@type":"ReadAction","target":["https:\/\/ellados-shop.com\/de\/laden\/lebensmittelgeschaft\/sus\/knusprige-pasteli-sesam-honig-mandel-150-g-copie\/"]}]},{"@type":"ImageObject","inLanguage":"de","@id":"https:\/\/ellados-shop.com\/de\/laden\/lebensmittelgeschaft\/sus\/knusprige-pasteli-sesam-honig-mandel-150-g-copie\/#primaryimage","url":"https:\/\/ellados-shop.com\/wp-content\/uploads\/Infusion-des-montagnes-1.png","contentUrl":"https:\/\/ellados-shop.com\/wp-content\/uploads\/Infusion-des-montagnes-1.png","width":450,"height":450,"caption":"insufion des montagnes"},{"@type":"BreadcrumbList","@id":"https:\/\/ellados-shop.com\/de\/laden\/lebensmittelgeschaft\/sus\/knusprige-pasteli-sesam-honig-mandel-150-g-copie\/#breadcrumb","itemListElement":[{"@type":"ListItem","position":1,"name":"Accueil","item":"https:\/\/ellados-shop.com\/de\/accueil-v2\/"},{"@type":"ListItem","position":2,"name":"Boutique","item":"https:\/\/ellados-shop.com\/boutique\/"},{"@type":"ListItem","position":3,"name":"Griechischer Bergtee &#8211; 40 g"}]},{"@type":"WebSite","@id":"https:\/\/ellados-shop.com\/de\/#website","url":"https:\/\/ellados-shop.com\/de\/","name":"Ellados","description":"","potentialAction":[{"@type":"SearchAction","target":{"@type":"EntryPoint","urlTemplate":"https:\/\/ellados-shop.com\/de\/?s={search_term_string}"},"query-input":{"@type":"PropertyValueSpecification","valueRequired":true,"valueName":"search_term_string"}}],"inLanguage":"de"}]}},"_links":{"self":[{"href":"https:\/\/ellados-shop.com\/de\/wp-json\/wp\/v2\/product\/3125","targetHints":{"allow":["GET"]}}],"collection":[{"href":"https:\/\/ellados-shop.com\/de\/wp-json\/wp\/v2\/product"}],"about":[{"href":"https:\/\/ellados-shop.com\/de\/wp-json\/wp\/v2\/types\/product"}],"replies":[{"embeddable":true,"href":"https:\/\/ellados-shop.com\/de\/wp-json\/wp\/v2\/comments?post=3125"}],"wp:featuredmedia":[{"embeddable":true,"href":"https:\/\/ellados-shop.com\/de\/wp-json\/wp\/v2\/media\/5935"}],"wp:attachment":[{"href":"https:\/\/ellados-shop.com\/de\/wp-json\/wp\/v2\/media?parent=3125"}],"wp:term":[{"taxonomy":"product_brand","embeddable":true,"href":"https:\/\/ellados-shop.com\/de\/wp-json\/wp\/v2\/product_brand?post=3125"},{"taxonomy":"product_cat","embeddable":true,"href":"https:\/\/ellados-shop.com\/de\/wp-json\/wp\/v2\/product_cat?post=3125"},{"taxonomy":"product_tag","embeddable":true,"href":"https:\/\/ellados-shop.com\/de\/wp-json\/wp\/v2\/product_tag?post=3125"}],"curies":[{"name":"wp","href":"https:\/\/api.w.org\/{rel}","templated":true}]}}