{"id":3375,"date":"2024-03-29T02:52:25","date_gmt":"2024-03-29T01:52:25","guid":{"rendered":"https:\/\/ellados-shop.com\/unkategorisiert\/rotwein-100-bio-lexis-m-weingut-zacharias\/"},"modified":"2026-04-07T10:03:33","modified_gmt":"2026-04-07T08:03:33","slug":"rotwein-100-bio-lexis-m-weingut-zacharias","status":"publish","type":"product","link":"https:\/\/ellados-shop.com\/de\/laden\/weine\/rotwein-100-bio-lexis-m-weingut-zacharias\/","title":{"rendered":"Rotwein 100 % Bio &#8211; Lexis M &#8211; Weingut Zacharias"},"content":{"rendered":"<p>Der Bio-Rotwein Lexis M von Zacharias Winery ist ein au\u00dfergew\u00f6hnlicher Wein, der Eleganz und Raffinesse verk\u00f6rpert. Das <a href=\"https:\/\/ellados-shop.com\/actualites\/decouvrez-les-vins-grecs-originaires-du-peloponnese\/\">Weingut Zacharias<\/a> ist eines der \u00e4ltesten in der Region Nemea. Diese Appellation gilt als die qualitativ hochwertigste unter den griechischen AOPs. Das Weinbaugebiet des Weinguts erstreckt sich \u00fcber die Berge der Region in H\u00f6henlagen zwischen 200 und 850 Metern. Diese Besonderheit erm\u00f6glicht es dem Weingut Zacharias, seine Weinberge auf unterschiedliche Weise zu bewirtschaften. Dadurch kann es einzigartige Weine mit eigenem Charakter produzieren. ANach \u00fcber 60 Jahren Bestehen hat Ilias Zacharias, ausgebildeter Agronom, beschlossen, allm\u00e4hlich eine neue Entwicklung auf dem Weingut voranzutreiben. In der Tat besteht sein Wunsch darin, das Weingut auf biologische Landwirtschaft umzustellen. Zu diesem Zweck hat er einen Teil des Anwesens f\u00fcr biologische Landwirtschaft reserviert. Die Familienweingut hat es geschafft, Moderne, Tradition und Leidenschaft zu vereinen. Der Bio-Rotwein Lexis M &#8218;Oak &amp; Cement&#8216; wird aus einer einzigen Rebsorte, dem Mavrodaphne, hergestellt. Mit seiner tiefroten Robe verbl\u00fcfft dieser Wein schon auf den ersten Blick. In der Nase sind dichte Noten von Lorbeer, Veilchen und Schokolade zu erkennen. Im Mund ist der Lexis M vollmundig und strukturiert, mit seidigen Tanninen und einer sch\u00f6nen S\u00e4ure. Deshalb ist dieser Wein der ideale Begleiter f\u00fcr Ihre anspruchsvollsten Mahlzeiten, von gegrilltem Fleisch \u00fcber Wildgerichte bis hin zu im Ofen ger\u00f6stetem Lamm oder gereiften K\u00e4sesorten. Genie\u00dfen Sie ihn daher bei besonderen Anl\u00e4ssen und lassen Sie sich von seinem zeitlosen Charme und seinem einzigartigen Charakter verf\u00fchren.<\/p>\n","protected":false},"excerpt":{"rendered":"<p>Hier finden Sie den <strong>Bio-Rotwein<\/strong> Lexis M &#8222;Oak Cement&#8220;. Dieser Wein hat eine <strong>tiefrote Farbe<\/strong> und beeindruckt mit Aromen von <strong>Kirsche und Pflaume<\/strong>, unterstrichen von Noten von Lorbeer, Thymian, <strong>Vanille und Lakritz<\/strong>. Er passt perfekt zu Ihren Schmorgerichten und Schokoladendesserts.  <\/p>\n","protected":false},"featured_media":6119,"comment_status":"closed","ping_status":"closed","template":"","meta":[],"product_brand":[],"product_cat":[68,83,86],"product_tag":[],"class_list":{"0":"post-3375","1":"product","2":"type-product","3":"status-publish","4":"has-post-thumbnail","6":"product_cat-laden","7":"product_cat-weine","8":"product_cat-rotwein","10":"first","11":"instock","12":"taxable","13":"shipping-taxable","14":"purchasable","15":"product-type-simple"},"yoast_head":"<!-- This site is optimized with the Yoast SEO plugin v26.8 - https:\/\/yoast.com\/product\/yoast-seo-wordpress\/ -->\n<title>Rotwein 100 % Bio - Lexis M - Weingut Zacharias - Ellados<\/title>\n<meta name=\"description\" content=\"Der Bio-Rotwein Lexis M stammt aus einer griechischen Rebsorte, dem Mavrodaphne. Seine seidigen Tannine und seine sch\u00f6ne S\u00e4ure verleihen ihm ein bemerkenswertes Gleichgewicht, das es zu entdecken gilt.\" \/>\n<meta name=\"robots\" content=\"index, follow, max-snippet:-1, max-image-preview:large, max-video-preview:-1\" \/>\n<link rel=\"canonical\" href=\"https:\/\/ellados-shop.com\/de\/laden\/weine\/rotwein-100-bio-lexis-m-weingut-zacharias\/\" \/>\n<meta property=\"og:locale\" content=\"de_DE\" \/>\n<meta property=\"og:type\" content=\"article\" \/>\n<meta property=\"og:title\" content=\"Rotwein 100 % Bio - Lexis M - Weingut Zacharias - Ellados\" \/>\n<meta property=\"og:description\" content=\"Der Bio-Rotwein Lexis M stammt aus einer griechischen Rebsorte, dem Mavrodaphne. Seine seidigen Tannine und seine sch\u00f6ne S\u00e4ure verleihen ihm ein bemerkenswertes Gleichgewicht, das es zu entdecken gilt.\" \/>\n<meta property=\"og:url\" content=\"https:\/\/ellados-shop.com\/de\/laden\/weine\/rotwein-100-bio-lexis-m-weingut-zacharias\/\" \/>\n<meta property=\"og:site_name\" content=\"Ellados\" \/>\n<meta property=\"article:modified_time\" content=\"2026-04-07T08:03:33+00:00\" \/>\n<meta property=\"og:image\" content=\"https:\/\/ellados-shop.com\/wp-content\/uploads\/vin-rougegrec.png\" \/>\n\t<meta property=\"og:image:width\" content=\"450\" \/>\n\t<meta property=\"og:image:height\" content=\"450\" \/>\n\t<meta property=\"og:image:type\" content=\"image\/png\" \/>\n<meta name=\"twitter:card\" content=\"summary_large_image\" \/>\n<meta name=\"twitter:label1\" content=\"Gesch\u00e4tzte Lesezeit\" \/>\n\t<meta name=\"twitter:data1\" content=\"2\u00a0Minuten\" \/>\n<script type=\"application\/ld+json\" class=\"yoast-schema-graph\">{\"@context\":\"https:\/\/schema.org\",\"@graph\":[{\"@type\":\"WebPage\",\"@id\":\"https:\/\/ellados-shop.com\/de\/laden\/weine\/rotwein-100-bio-lexis-m-weingut-zacharias\/\",\"url\":\"https:\/\/ellados-shop.com\/de\/laden\/weine\/rotwein-100-bio-lexis-m-weingut-zacharias\/\",\"name\":\"Rotwein 100 % Bio - Lexis M - Weingut Zacharias - Ellados\",\"isPartOf\":{\"@id\":\"https:\/\/ellados-shop.com\/de\/#website\"},\"primaryImageOfPage\":{\"@id\":\"https:\/\/ellados-shop.com\/de\/laden\/weine\/rotwein-100-bio-lexis-m-weingut-zacharias\/#primaryimage\"},\"image\":{\"@id\":\"https:\/\/ellados-shop.com\/de\/laden\/weine\/rotwein-100-bio-lexis-m-weingut-zacharias\/#primaryimage\"},\"thumbnailUrl\":\"https:\/\/ellados-shop.com\/wp-content\/uploads\/vin-rougegrec.png\",\"datePublished\":\"2024-03-29T01:52:25+00:00\",\"dateModified\":\"2026-04-07T08:03:33+00:00\",\"description\":\"Der Bio-Rotwein Lexis M stammt aus einer griechischen Rebsorte, dem Mavrodaphne. Seine seidigen Tannine und seine sch\u00f6ne S\u00e4ure verleihen ihm ein bemerkenswertes Gleichgewicht, das es zu entdecken gilt.\",\"breadcrumb\":{\"@id\":\"https:\/\/ellados-shop.com\/de\/laden\/weine\/rotwein-100-bio-lexis-m-weingut-zacharias\/#breadcrumb\"},\"inLanguage\":\"de\",\"potentialAction\":[{\"@type\":\"ReadAction\",\"target\":[\"https:\/\/ellados-shop.com\/de\/laden\/weine\/rotwein-100-bio-lexis-m-weingut-zacharias\/\"]}]},{\"@type\":\"ImageObject\",\"inLanguage\":\"de\",\"@id\":\"https:\/\/ellados-shop.com\/de\/laden\/weine\/rotwein-100-bio-lexis-m-weingut-zacharias\/#primaryimage\",\"url\":\"https:\/\/ellados-shop.com\/wp-content\/uploads\/vin-rougegrec.png\",\"contentUrl\":\"https:\/\/ellados-shop.com\/wp-content\/uploads\/vin-rougegrec.png\",\"width\":450,\"height\":450,\"caption\":\"vin rouge grec\"},{\"@type\":\"BreadcrumbList\",\"@id\":\"https:\/\/ellados-shop.com\/de\/laden\/weine\/rotwein-100-bio-lexis-m-weingut-zacharias\/#breadcrumb\",\"itemListElement\":[{\"@type\":\"ListItem\",\"position\":1,\"name\":\"Accueil\",\"item\":\"https:\/\/ellados-shop.com\/de\/accueil-v2\/\"},{\"@type\":\"ListItem\",\"position\":2,\"name\":\"Boutique\",\"item\":\"https:\/\/ellados-shop.com\/boutique\/\"},{\"@type\":\"ListItem\",\"position\":3,\"name\":\"Rotwein 100 % Bio &#8211; Lexis M &#8211; Weingut Zacharias\"}]},{\"@type\":\"WebSite\",\"@id\":\"https:\/\/ellados-shop.com\/de\/#website\",\"url\":\"https:\/\/ellados-shop.com\/de\/\",\"name\":\"Ellados\",\"description\":\"\",\"potentialAction\":[{\"@type\":\"SearchAction\",\"target\":{\"@type\":\"EntryPoint\",\"urlTemplate\":\"https:\/\/ellados-shop.com\/de\/?s={search_term_string}\"},\"query-input\":{\"@type\":\"PropertyValueSpecification\",\"valueRequired\":true,\"valueName\":\"search_term_string\"}}],\"inLanguage\":\"de\"}]}<\/script>\n<!-- \/ Yoast SEO plugin. -->","yoast_head_json":{"title":"Rotwein 100 % Bio - Lexis M - Weingut Zacharias - Ellados","description":"Der Bio-Rotwein Lexis M stammt aus einer griechischen Rebsorte, dem Mavrodaphne. Seine seidigen Tannine und seine sch\u00f6ne S\u00e4ure verleihen ihm ein bemerkenswertes Gleichgewicht, das es zu entdecken gilt.","robots":{"index":"index","follow":"follow","max-snippet":"max-snippet:-1","max-image-preview":"max-image-preview:large","max-video-preview":"max-video-preview:-1"},"canonical":"https:\/\/ellados-shop.com\/de\/laden\/weine\/rotwein-100-bio-lexis-m-weingut-zacharias\/","og_locale":"de_DE","og_type":"article","og_title":"Rotwein 100 % Bio - Lexis M - Weingut Zacharias - Ellados","og_description":"Der Bio-Rotwein Lexis M stammt aus einer griechischen Rebsorte, dem Mavrodaphne. Seine seidigen Tannine und seine sch\u00f6ne S\u00e4ure verleihen ihm ein bemerkenswertes Gleichgewicht, das es zu entdecken gilt.","og_url":"https:\/\/ellados-shop.com\/de\/laden\/weine\/rotwein-100-bio-lexis-m-weingut-zacharias\/","og_site_name":"Ellados","article_modified_time":"2026-04-07T08:03:33+00:00","og_image":[{"width":450,"height":450,"url":"https:\/\/ellados-shop.com\/wp-content\/uploads\/vin-rougegrec.png","type":"image\/png"}],"twitter_card":"summary_large_image","twitter_misc":{"Gesch\u00e4tzte Lesezeit":"2\u00a0Minuten"},"schema":{"@context":"https:\/\/schema.org","@graph":[{"@type":"WebPage","@id":"https:\/\/ellados-shop.com\/de\/laden\/weine\/rotwein-100-bio-lexis-m-weingut-zacharias\/","url":"https:\/\/ellados-shop.com\/de\/laden\/weine\/rotwein-100-bio-lexis-m-weingut-zacharias\/","name":"Rotwein 100 % Bio - Lexis M - Weingut Zacharias - Ellados","isPartOf":{"@id":"https:\/\/ellados-shop.com\/de\/#website"},"primaryImageOfPage":{"@id":"https:\/\/ellados-shop.com\/de\/laden\/weine\/rotwein-100-bio-lexis-m-weingut-zacharias\/#primaryimage"},"image":{"@id":"https:\/\/ellados-shop.com\/de\/laden\/weine\/rotwein-100-bio-lexis-m-weingut-zacharias\/#primaryimage"},"thumbnailUrl":"https:\/\/ellados-shop.com\/wp-content\/uploads\/vin-rougegrec.png","datePublished":"2024-03-29T01:52:25+00:00","dateModified":"2026-04-07T08:03:33+00:00","description":"Der Bio-Rotwein Lexis M stammt aus einer griechischen Rebsorte, dem Mavrodaphne. Seine seidigen Tannine und seine sch\u00f6ne S\u00e4ure verleihen ihm ein bemerkenswertes Gleichgewicht, das es zu entdecken gilt.","breadcrumb":{"@id":"https:\/\/ellados-shop.com\/de\/laden\/weine\/rotwein-100-bio-lexis-m-weingut-zacharias\/#breadcrumb"},"inLanguage":"de","potentialAction":[{"@type":"ReadAction","target":["https:\/\/ellados-shop.com\/de\/laden\/weine\/rotwein-100-bio-lexis-m-weingut-zacharias\/"]}]},{"@type":"ImageObject","inLanguage":"de","@id":"https:\/\/ellados-shop.com\/de\/laden\/weine\/rotwein-100-bio-lexis-m-weingut-zacharias\/#primaryimage","url":"https:\/\/ellados-shop.com\/wp-content\/uploads\/vin-rougegrec.png","contentUrl":"https:\/\/ellados-shop.com\/wp-content\/uploads\/vin-rougegrec.png","width":450,"height":450,"caption":"vin rouge grec"},{"@type":"BreadcrumbList","@id":"https:\/\/ellados-shop.com\/de\/laden\/weine\/rotwein-100-bio-lexis-m-weingut-zacharias\/#breadcrumb","itemListElement":[{"@type":"ListItem","position":1,"name":"Accueil","item":"https:\/\/ellados-shop.com\/de\/accueil-v2\/"},{"@type":"ListItem","position":2,"name":"Boutique","item":"https:\/\/ellados-shop.com\/boutique\/"},{"@type":"ListItem","position":3,"name":"Rotwein 100 % Bio &#8211; Lexis M &#8211; Weingut Zacharias"}]},{"@type":"WebSite","@id":"https:\/\/ellados-shop.com\/de\/#website","url":"https:\/\/ellados-shop.com\/de\/","name":"Ellados","description":"","potentialAction":[{"@type":"SearchAction","target":{"@type":"EntryPoint","urlTemplate":"https:\/\/ellados-shop.com\/de\/?s={search_term_string}"},"query-input":{"@type":"PropertyValueSpecification","valueRequired":true,"valueName":"search_term_string"}}],"inLanguage":"de"}]}},"_links":{"self":[{"href":"https:\/\/ellados-shop.com\/de\/wp-json\/wp\/v2\/product\/3375","targetHints":{"allow":["GET"]}}],"collection":[{"href":"https:\/\/ellados-shop.com\/de\/wp-json\/wp\/v2\/product"}],"about":[{"href":"https:\/\/ellados-shop.com\/de\/wp-json\/wp\/v2\/types\/product"}],"replies":[{"embeddable":true,"href":"https:\/\/ellados-shop.com\/de\/wp-json\/wp\/v2\/comments?post=3375"}],"wp:featuredmedia":[{"embeddable":true,"href":"https:\/\/ellados-shop.com\/de\/wp-json\/wp\/v2\/media\/6119"}],"wp:attachment":[{"href":"https:\/\/ellados-shop.com\/de\/wp-json\/wp\/v2\/media?parent=3375"}],"wp:term":[{"taxonomy":"product_brand","embeddable":true,"href":"https:\/\/ellados-shop.com\/de\/wp-json\/wp\/v2\/product_brand?post=3375"},{"taxonomy":"product_cat","embeddable":true,"href":"https:\/\/ellados-shop.com\/de\/wp-json\/wp\/v2\/product_cat?post=3375"},{"taxonomy":"product_tag","embeddable":true,"href":"https:\/\/ellados-shop.com\/de\/wp-json\/wp\/v2\/product_tag?post=3375"}],"curies":[{"name":"wp","href":"https:\/\/api.w.org\/{rel}","templated":true}]}}