{"id":3552,"date":"2024-04-01T15:40:05","date_gmt":"2024-04-01T13:40:05","guid":{"rendered":"https:\/\/ellados-shop.com\/unkategorisiert\/weisswein-trocken-bio-moschofilero-2023-zacharias-winery\/"},"modified":"2024-12-01T23:00:06","modified_gmt":"2024-12-01T22:00:06","slug":"weisswein-trocken-bio-moschofilero-2023-zacharias-winery","status":"publish","type":"product","link":"https:\/\/ellados-shop.com\/de\/laden\/weine\/weisswein-trocken-bio-moschofilero-2023-zacharias-winery\/","title":{"rendered":"Trockener Wei\u00dfwein &#8211; Bio &#8211; 2023 &#8211; Zacharias Winery"},"content":{"rendered":"<p>Der Bio-Wei\u00dfwein Moschofilero von Zacharias ist ein echter griechischer Schatz, zu 100 % bio. Er wird aus der ber\u00fchmten gleichnamigen Rebsorte des Peloponnes hergestellt. Das <a href=\"https:\/\/ellados-shop.com\/actualites\/decouvrez-les-tresors-viticoles-du-peloponnese\/\">Weingut Zacharias<\/a> ist eines der \u00e4ltesten in der Region Nemea. Diese Region liegt \u00f6stlich des Peloponnes, nicht weit von Korinth und Nafplio entfernt. Diese Appellation gilt als die qualitativ hochwertigste unter den griechischen AOPs. Man muss sagen, dass Ilias Zacharias, ein Agronom, der seit 60 Jahren den famili\u00e4ren Weinkeller auf moderne Grundlagen gestellt hat.&#8220; Seine Weinberge erstrecken sich \u00fcber 40 Hektar. Deshalb nimmt heute der \u00f6kologische Landbau einen wichtigen Platz im Betrieb ein. Dieser frische und knackige Wein stammt von biologisch angebauten Trauben aus ausgew\u00e4hlten Parzellen Somit profitiert der Bio-Wei\u00dfwein Moschofilero von der Gesch\u00fctzten Geografischen Angabe Peloponnes. Dieser zu <strong>100 % bio<\/strong> zertifizierte Wein aus dem Weingut Zacharias besticht durch seine blassgoldene Farbe und Frische.&#8220; Dar\u00fcber hinaus ist dieser Wein aufgrund seiner Rebsorte und seiner Vinifikationsmethode einzigartig. Er wird Sie mit seinen Aromen von wei\u00dfer Rose, Jasmin und Zitrusfr\u00fcchten verf\u00fchren. Dieser Wei\u00dfwein eignet sich ideal, um einen sch\u00f6nen Sommerabend mit Freunden zu verbringen, einen mediterranen Aperitif mit einem festlichen Dinner, eine Feier mit Kollegen oder ein Sonntagsessen mit der Familie zu genie\u00dfen. Er wird Ihre Tzatziki, griechischen Salate und alle w\u00fcrzigen Rezepte der asiatischen K\u00fcche begleiten. Wenn Sie die Aromen des Meeres bevorzugen, wird er Meeresfr\u00fcchteplatten oder Krustentierassortiments veredeln. Seine Zitrusnoten werden Ihre Fischgrills wunderbar erg\u00e4nzen. Der Moschofilero ist nicht nur ein Sommerwein. Im Winter wie im Herbst wird er wunderbar zu Weichk\u00e4sesorten wie Brie oder Camembert passen. Um Ihre G\u00e4ste zu \u00fcberraschen, z\u00f6gern Sie nicht, ihn zu Ihren Pasta-Rezepten mit wei\u00dfer Sauce, wie B\u00e9chamel, zu servieren.<\/p>\n","protected":false},"excerpt":{"rendered":"<p>Trockener <strong>Bio<\/strong>-Wei\u00dfwein, 100 % Moschofilero-Traube. Am Gaumen finden Sie Noten von Rosen und Jasmin sowie einen Hauch von Zitrusfr\u00fcchten. Gut gek\u00fchlt begleitet dieser Wein perfekt die asiatische K\u00fcche oder Meeresfr\u00fcchte.  <\/p>\n","protected":false},"featured_media":6125,"comment_status":"closed","ping_status":"closed","template":"","meta":[],"product_brand":[],"product_cat":[68,83,84],"product_tag":[],"class_list":{"0":"post-3552","1":"product","2":"type-product","3":"status-publish","4":"has-post-thumbnail","6":"product_cat-laden","7":"product_cat-weine","8":"product_cat-weiswein","10":"first","11":"outofstock","12":"taxable","13":"shipping-taxable","14":"purchasable","15":"product-type-simple"},"yoast_head":"<!-- This site is optimized with the Yoast SEO plugin v26.8 - https:\/\/yoast.com\/product\/yoast-seo-wordpress\/ -->\n<title>Trockener Wei\u00dfwein Moschofilero Bio - Weingut Zacharias - Ellados<\/title>\n<meta name=\"description\" content=\"Dieser 100% biologische Moschofilero Wei\u00dfwein, leicht und gekennzeichnet durch lebhafte Aromen von Blumen und Zitrusfr\u00fcchten, l\u00e4dt zu geselligen Momenten mit Freunden ein.\" \/>\n<meta name=\"robots\" content=\"index, follow, max-snippet:-1, max-image-preview:large, max-video-preview:-1\" \/>\n<link rel=\"canonical\" href=\"https:\/\/ellados-shop.com\/de\/laden\/weine\/weisswein-trocken-bio-moschofilero-2023-zacharias-winery\/\" \/>\n<meta property=\"og:locale\" content=\"de_DE\" \/>\n<meta property=\"og:type\" content=\"article\" \/>\n<meta property=\"og:title\" content=\"Trockener Wei\u00dfwein Moschofilero Bio - Weingut Zacharias - Ellados\" \/>\n<meta property=\"og:description\" content=\"Dieser 100% biologische Moschofilero Wei\u00dfwein, leicht und gekennzeichnet durch lebhafte Aromen von Blumen und Zitrusfr\u00fcchten, l\u00e4dt zu geselligen Momenten mit Freunden ein.\" \/>\n<meta property=\"og:url\" content=\"https:\/\/ellados-shop.com\/de\/laden\/weine\/weisswein-trocken-bio-moschofilero-2023-zacharias-winery\/\" \/>\n<meta property=\"og:site_name\" content=\"Ellados\" \/>\n<meta property=\"article:modified_time\" content=\"2024-12-01T22:00:06+00:00\" \/>\n<meta property=\"og:image\" content=\"https:\/\/ellados-shop.com\/wp-content\/uploads\/moschofilero-2023.jpg\" \/>\n\t<meta property=\"og:image:width\" content=\"450\" \/>\n\t<meta property=\"og:image:height\" content=\"600\" \/>\n\t<meta property=\"og:image:type\" content=\"image\/jpeg\" \/>\n<meta name=\"twitter:card\" content=\"summary_large_image\" \/>\n<meta name=\"twitter:label1\" content=\"Gesch\u00e4tzte Lesezeit\" \/>\n\t<meta name=\"twitter:data1\" content=\"2\u00a0Minuten\" \/>\n<script type=\"application\/ld+json\" class=\"yoast-schema-graph\">{\"@context\":\"https:\/\/schema.org\",\"@graph\":[{\"@type\":\"WebPage\",\"@id\":\"https:\/\/ellados-shop.com\/de\/laden\/weine\/weisswein-trocken-bio-moschofilero-2023-zacharias-winery\/\",\"url\":\"https:\/\/ellados-shop.com\/de\/laden\/weine\/weisswein-trocken-bio-moschofilero-2023-zacharias-winery\/\",\"name\":\"Trockener Wei\u00dfwein Moschofilero Bio - Weingut Zacharias - Ellados\",\"isPartOf\":{\"@id\":\"https:\/\/ellados-shop.com\/de\/#website\"},\"primaryImageOfPage\":{\"@id\":\"https:\/\/ellados-shop.com\/de\/laden\/weine\/weisswein-trocken-bio-moschofilero-2023-zacharias-winery\/#primaryimage\"},\"image\":{\"@id\":\"https:\/\/ellados-shop.com\/de\/laden\/weine\/weisswein-trocken-bio-moschofilero-2023-zacharias-winery\/#primaryimage\"},\"thumbnailUrl\":\"https:\/\/ellados-shop.com\/wp-content\/uploads\/vin-blanc-grec-3.png\",\"datePublished\":\"2024-04-01T13:40:05+00:00\",\"dateModified\":\"2024-12-01T22:00:06+00:00\",\"description\":\"Dieser 100% biologische Moschofilero Wei\u00dfwein, leicht und gekennzeichnet durch lebhafte Aromen von Blumen und Zitrusfr\u00fcchten, l\u00e4dt zu geselligen Momenten mit Freunden ein.\",\"breadcrumb\":{\"@id\":\"https:\/\/ellados-shop.com\/de\/laden\/weine\/weisswein-trocken-bio-moschofilero-2023-zacharias-winery\/#breadcrumb\"},\"inLanguage\":\"de\",\"potentialAction\":[{\"@type\":\"ReadAction\",\"target\":[\"https:\/\/ellados-shop.com\/de\/laden\/weine\/weisswein-trocken-bio-moschofilero-2023-zacharias-winery\/\"]}]},{\"@type\":\"ImageObject\",\"inLanguage\":\"de\",\"@id\":\"https:\/\/ellados-shop.com\/de\/laden\/weine\/weisswein-trocken-bio-moschofilero-2023-zacharias-winery\/#primaryimage\",\"url\":\"https:\/\/ellados-shop.com\/wp-content\/uploads\/vin-blanc-grec-3.png\",\"contentUrl\":\"https:\/\/ellados-shop.com\/wp-content\/uploads\/vin-blanc-grec-3.png\",\"width\":450,\"height\":450,\"caption\":\"vin blanc grec bio\"},{\"@type\":\"BreadcrumbList\",\"@id\":\"https:\/\/ellados-shop.com\/de\/laden\/weine\/weisswein-trocken-bio-moschofilero-2023-zacharias-winery\/#breadcrumb\",\"itemListElement\":[{\"@type\":\"ListItem\",\"position\":1,\"name\":\"Accueil\",\"item\":\"https:\/\/ellados-shop.com\/de\/accueil-v2\/\"},{\"@type\":\"ListItem\",\"position\":2,\"name\":\"Boutique\",\"item\":\"https:\/\/ellados-shop.com\/boutique\/\"},{\"@type\":\"ListItem\",\"position\":3,\"name\":\"Trockener Wei\u00dfwein &#8211; Bio &#8211; 2023 &#8211; Zacharias Winery\"}]},{\"@type\":\"WebSite\",\"@id\":\"https:\/\/ellados-shop.com\/de\/#website\",\"url\":\"https:\/\/ellados-shop.com\/de\/\",\"name\":\"Ellados\",\"description\":\"\",\"potentialAction\":[{\"@type\":\"SearchAction\",\"target\":{\"@type\":\"EntryPoint\",\"urlTemplate\":\"https:\/\/ellados-shop.com\/de\/?s={search_term_string}\"},\"query-input\":{\"@type\":\"PropertyValueSpecification\",\"valueRequired\":true,\"valueName\":\"search_term_string\"}}],\"inLanguage\":\"de\"}]}<\/script>\n<!-- \/ Yoast SEO plugin. -->","yoast_head_json":{"title":"Trockener Wei\u00dfwein Moschofilero Bio - Weingut Zacharias - Ellados","description":"Dieser 100% biologische Moschofilero Wei\u00dfwein, leicht und gekennzeichnet durch lebhafte Aromen von Blumen und Zitrusfr\u00fcchten, l\u00e4dt zu geselligen Momenten mit Freunden ein.","robots":{"index":"index","follow":"follow","max-snippet":"max-snippet:-1","max-image-preview":"max-image-preview:large","max-video-preview":"max-video-preview:-1"},"canonical":"https:\/\/ellados-shop.com\/de\/laden\/weine\/weisswein-trocken-bio-moschofilero-2023-zacharias-winery\/","og_locale":"de_DE","og_type":"article","og_title":"Trockener Wei\u00dfwein Moschofilero Bio - Weingut Zacharias - Ellados","og_description":"Dieser 100% biologische Moschofilero Wei\u00dfwein, leicht und gekennzeichnet durch lebhafte Aromen von Blumen und Zitrusfr\u00fcchten, l\u00e4dt zu geselligen Momenten mit Freunden ein.","og_url":"https:\/\/ellados-shop.com\/de\/laden\/weine\/weisswein-trocken-bio-moschofilero-2023-zacharias-winery\/","og_site_name":"Ellados","article_modified_time":"2024-12-01T22:00:06+00:00","og_image":[{"width":450,"height":600,"url":"https:\/\/ellados-shop.com\/wp-content\/uploads\/moschofilero-2023.jpg","type":"image\/jpeg"}],"twitter_card":"summary_large_image","twitter_misc":{"Gesch\u00e4tzte Lesezeit":"2\u00a0Minuten"},"schema":{"@context":"https:\/\/schema.org","@graph":[{"@type":"WebPage","@id":"https:\/\/ellados-shop.com\/de\/laden\/weine\/weisswein-trocken-bio-moschofilero-2023-zacharias-winery\/","url":"https:\/\/ellados-shop.com\/de\/laden\/weine\/weisswein-trocken-bio-moschofilero-2023-zacharias-winery\/","name":"Trockener Wei\u00dfwein Moschofilero Bio - Weingut Zacharias - Ellados","isPartOf":{"@id":"https:\/\/ellados-shop.com\/de\/#website"},"primaryImageOfPage":{"@id":"https:\/\/ellados-shop.com\/de\/laden\/weine\/weisswein-trocken-bio-moschofilero-2023-zacharias-winery\/#primaryimage"},"image":{"@id":"https:\/\/ellados-shop.com\/de\/laden\/weine\/weisswein-trocken-bio-moschofilero-2023-zacharias-winery\/#primaryimage"},"thumbnailUrl":"https:\/\/ellados-shop.com\/wp-content\/uploads\/vin-blanc-grec-3.png","datePublished":"2024-04-01T13:40:05+00:00","dateModified":"2024-12-01T22:00:06+00:00","description":"Dieser 100% biologische Moschofilero Wei\u00dfwein, leicht und gekennzeichnet durch lebhafte Aromen von Blumen und Zitrusfr\u00fcchten, l\u00e4dt zu geselligen Momenten mit Freunden ein.","breadcrumb":{"@id":"https:\/\/ellados-shop.com\/de\/laden\/weine\/weisswein-trocken-bio-moschofilero-2023-zacharias-winery\/#breadcrumb"},"inLanguage":"de","potentialAction":[{"@type":"ReadAction","target":["https:\/\/ellados-shop.com\/de\/laden\/weine\/weisswein-trocken-bio-moschofilero-2023-zacharias-winery\/"]}]},{"@type":"ImageObject","inLanguage":"de","@id":"https:\/\/ellados-shop.com\/de\/laden\/weine\/weisswein-trocken-bio-moschofilero-2023-zacharias-winery\/#primaryimage","url":"https:\/\/ellados-shop.com\/wp-content\/uploads\/vin-blanc-grec-3.png","contentUrl":"https:\/\/ellados-shop.com\/wp-content\/uploads\/vin-blanc-grec-3.png","width":450,"height":450,"caption":"vin blanc grec bio"},{"@type":"BreadcrumbList","@id":"https:\/\/ellados-shop.com\/de\/laden\/weine\/weisswein-trocken-bio-moschofilero-2023-zacharias-winery\/#breadcrumb","itemListElement":[{"@type":"ListItem","position":1,"name":"Accueil","item":"https:\/\/ellados-shop.com\/de\/accueil-v2\/"},{"@type":"ListItem","position":2,"name":"Boutique","item":"https:\/\/ellados-shop.com\/boutique\/"},{"@type":"ListItem","position":3,"name":"Trockener Wei\u00dfwein &#8211; Bio &#8211; 2023 &#8211; Zacharias Winery"}]},{"@type":"WebSite","@id":"https:\/\/ellados-shop.com\/de\/#website","url":"https:\/\/ellados-shop.com\/de\/","name":"Ellados","description":"","potentialAction":[{"@type":"SearchAction","target":{"@type":"EntryPoint","urlTemplate":"https:\/\/ellados-shop.com\/de\/?s={search_term_string}"},"query-input":{"@type":"PropertyValueSpecification","valueRequired":true,"valueName":"search_term_string"}}],"inLanguage":"de"}]}},"_links":{"self":[{"href":"https:\/\/ellados-shop.com\/de\/wp-json\/wp\/v2\/product\/3552","targetHints":{"allow":["GET"]}}],"collection":[{"href":"https:\/\/ellados-shop.com\/de\/wp-json\/wp\/v2\/product"}],"about":[{"href":"https:\/\/ellados-shop.com\/de\/wp-json\/wp\/v2\/types\/product"}],"replies":[{"embeddable":true,"href":"https:\/\/ellados-shop.com\/de\/wp-json\/wp\/v2\/comments?post=3552"}],"wp:featuredmedia":[{"embeddable":true,"href":"https:\/\/ellados-shop.com\/de\/wp-json\/wp\/v2\/media\/6125"}],"wp:attachment":[{"href":"https:\/\/ellados-shop.com\/de\/wp-json\/wp\/v2\/media?parent=3552"}],"wp:term":[{"taxonomy":"product_brand","embeddable":true,"href":"https:\/\/ellados-shop.com\/de\/wp-json\/wp\/v2\/product_brand?post=3552"},{"taxonomy":"product_cat","embeddable":true,"href":"https:\/\/ellados-shop.com\/de\/wp-json\/wp\/v2\/product_cat?post=3552"},{"taxonomy":"product_tag","embeddable":true,"href":"https:\/\/ellados-shop.com\/de\/wp-json\/wp\/v2\/product_tag?post=3552"}],"curies":[{"name":"wp","href":"https:\/\/api.w.org\/{rel}","templated":true}]}}