{"id":3708,"date":"2024-05-04T15:20:46","date_gmt":"2024-05-04T13:20:46","guid":{"rendered":"https:\/\/ellados-shop.com\/?post_type=product&#038;p=3708"},"modified":"2025-03-19T09:47:09","modified_gmt":"2025-03-19T08:47:09","slug":"puree-aus-getrockneten-tomaten-vegan-mani-blauel-180g-copie","status":"publish","type":"product","link":"https:\/\/ellados-shop.com\/de\/laden\/lebensmittelgeschaft\/gesalzen\/puree-aus-getrockneten-tomaten-vegan-mani-blauel-180g-copie\/","title":{"rendered":"Tapenade aus Kalamata Oliven &#8211; 180 g"},"content":{"rendered":"<p>Ein mediterranes Vergn\u00fcgen, diese Tapenade aus Kalamata-Oliven, ist <strong>zu 100 % bio und vegan. <\/strong> The Mani Bl\u00e4uel company carefully crafts all its products, especially those in the vegan range. Das Unternehmen Mani Bl\u00e4uel hat sich Ende der 70er Jahre in Griechenland etabliert. Die Gr\u00fcnder haben immer eine verantwortungsbewusste, \u00f6kologische und respektvolle Herangehensweise an die Landwirtschaft bevorzugt. Daher hat das Unternehmen logischerweise <em>Bio-Produktreihen<\/em> bevorzugt und vegane Produkte entwickelt.&#8220; Um diese Tapenade herzustellen, ernten die Partnerproduzenten von Mani Bl\u00e4uel die Oliven von Hand in ihren biologischen Obstg\u00e4rten. Die Kalamata Oliven Tapenade ist bio-zertifiziert und garantiert, dass nur die reinsten und nat\u00fcrlichen Zutaten in ihrer Zusammensetzung verwendet werden. Diese Tapenade wird Sie mit ihrem reichen und intensiven Geschmack \u00fcberraschen, charakteristisch f\u00fcr die hochwertigen Kalamata-Oliven. Ob als Dip f\u00fcr Ihre Aperitifs oder auf frischem Brot gestrichen, diese Tapenade wird jedem Bissen einen Hauch von Mittelmeer verleihen. Sie k\u00f6nnen es auch als W\u00fcrzmittel verwenden, um Ihre Pasta- oder Fischgerichte zu veredeln. Ob Sie ein begeisterter Koch sind oder einfach auf der Suche nach neuen authentischen Aromen, die Bio- und vegane Kalamata-Oliven-Tapenade von Mani Bl\u00e4uel ist ein Muss in Ihrer K\u00fcche. Lassen Sie sich von ihrem exquisiten Geschmack und ihrer au\u00dfergew\u00f6hnlichen Qualit\u00e4t verf\u00fchren und begeben Sie sich mit jedem Bissen auf eine kulinarische Reise ins Herz des Mittelmeers. <\/p>\n<div class=\"mt-1 flex gap-3 empty:hidden\">\n<div class=\"text-gray-400 flex self-end lg:self-center items-center justify-center lg:justify-start mt-0 -ml-1 h-7 gap-[2px] visible\"><\/div>\n<\/div>\n<div class=\"flex\"><\/div>\n","protected":false},"excerpt":{"rendered":"<p>Entdecken Sie diese <strong>Tapenade mit Schwarzen Oliven<\/strong> aus Kalamata. Zu <strong>100 % aus biologischem<\/strong> Anbau. Genie\u00dfen Sie sie auf Crackern oder ganz einfach auf leicht ger\u00f6stetem Brot. <\/p>\n","protected":false},"featured_media":4429,"comment_status":"closed","ping_status":"closed","template":"","meta":[],"product_brand":[],"product_cat":[68,92,106],"product_tag":[],"class_list":{"0":"post-3708","1":"product","2":"type-product","3":"status-publish","4":"has-post-thumbnail","6":"product_cat-laden","7":"product_cat-lebensmittelgeschaft","8":"product_cat-gesalzen","10":"first","11":"outofstock","12":"taxable","13":"shipping-taxable","14":"purchasable","15":"product-type-simple"},"yoast_head":"<!-- This site is optimized with the Yoast SEO plugin v26.8 - https:\/\/yoast.com\/product\/yoast-seo-wordpress\/ -->\n<title>Kalamata-Oliven-Tapenade - Ellados<\/title>\n<meta name=\"description\" content=\"100 % Bio und Vegan - genie\u00dfen Sie diese Kalamata-Oliven-Tapenade, sei es als Dip f\u00fcr Ihre Aperitifs oder auf frischem Brot gestrichen. &quot;Ein Genuss, den man teilen kann.\" \/>\n<meta name=\"robots\" content=\"index, follow, max-snippet:-1, max-image-preview:large, max-video-preview:-1\" \/>\n<link rel=\"canonical\" href=\"https:\/\/ellados-shop.com\/de\/laden\/lebensmittelgeschaft\/gesalzen\/puree-aus-getrockneten-tomaten-vegan-mani-blauel-180g-copie\/\" \/>\n<meta property=\"og:locale\" content=\"de_DE\" \/>\n<meta property=\"og:type\" content=\"article\" \/>\n<meta property=\"og:title\" content=\"Kalamata-Oliven-Tapenade - Ellados\" \/>\n<meta property=\"og:description\" content=\"100 % Bio und Vegan - genie\u00dfen Sie diese Kalamata-Oliven-Tapenade, sei es als Dip f\u00fcr Ihre Aperitifs oder auf frischem Brot gestrichen. &quot;Ein Genuss, den man teilen kann.\" \/>\n<meta property=\"og:url\" content=\"https:\/\/ellados-shop.com\/de\/laden\/lebensmittelgeschaft\/gesalzen\/puree-aus-getrockneten-tomaten-vegan-mani-blauel-180g-copie\/\" \/>\n<meta property=\"og:site_name\" content=\"Ellados\" \/>\n<meta property=\"article:modified_time\" content=\"2025-03-19T08:47:09+00:00\" \/>\n<meta property=\"og:image\" content=\"https:\/\/ellados-shop.com\/wp-content\/uploads\/TAPENADE-AUX-OLIVES-KALAMATA.png\" \/>\n\t<meta property=\"og:image:width\" content=\"450\" \/>\n\t<meta property=\"og:image:height\" content=\"600\" \/>\n\t<meta property=\"og:image:type\" content=\"image\/png\" \/>\n<meta name=\"twitter:card\" content=\"summary_large_image\" \/>\n<meta name=\"twitter:label1\" content=\"Gesch\u00e4tzte Lesezeit\" \/>\n\t<meta name=\"twitter:data1\" content=\"1\u00a0Minute\" \/>\n<script type=\"application\/ld+json\" class=\"yoast-schema-graph\">{\"@context\":\"https:\/\/schema.org\",\"@graph\":[{\"@type\":\"WebPage\",\"@id\":\"https:\/\/ellados-shop.com\/de\/laden\/lebensmittelgeschaft\/gesalzen\/puree-aus-getrockneten-tomaten-vegan-mani-blauel-180g-copie\/\",\"url\":\"https:\/\/ellados-shop.com\/de\/laden\/lebensmittelgeschaft\/gesalzen\/puree-aus-getrockneten-tomaten-vegan-mani-blauel-180g-copie\/\",\"name\":\"Kalamata-Oliven-Tapenade - Ellados\",\"isPartOf\":{\"@id\":\"https:\/\/ellados-shop.com\/de\/#website\"},\"primaryImageOfPage\":{\"@id\":\"https:\/\/ellados-shop.com\/de\/laden\/lebensmittelgeschaft\/gesalzen\/puree-aus-getrockneten-tomaten-vegan-mani-blauel-180g-copie\/#primaryimage\"},\"image\":{\"@id\":\"https:\/\/ellados-shop.com\/de\/laden\/lebensmittelgeschaft\/gesalzen\/puree-aus-getrockneten-tomaten-vegan-mani-blauel-180g-copie\/#primaryimage\"},\"thumbnailUrl\":\"https:\/\/ellados-shop.com\/wp-content\/uploads\/TAPENADE-AUX-OLIVES-KALAMATA.png\",\"datePublished\":\"2024-05-04T13:20:46+00:00\",\"dateModified\":\"2025-03-19T08:47:09+00:00\",\"description\":\"100 % Bio und Vegan - genie\u00dfen Sie diese Kalamata-Oliven-Tapenade, sei es als Dip f\u00fcr Ihre Aperitifs oder auf frischem Brot gestrichen. \\\"Ein Genuss, den man teilen kann.\",\"breadcrumb\":{\"@id\":\"https:\/\/ellados-shop.com\/de\/laden\/lebensmittelgeschaft\/gesalzen\/puree-aus-getrockneten-tomaten-vegan-mani-blauel-180g-copie\/#breadcrumb\"},\"inLanguage\":\"de\",\"potentialAction\":[{\"@type\":\"ReadAction\",\"target\":[\"https:\/\/ellados-shop.com\/de\/laden\/lebensmittelgeschaft\/gesalzen\/puree-aus-getrockneten-tomaten-vegan-mani-blauel-180g-copie\/\"]}]},{\"@type\":\"ImageObject\",\"inLanguage\":\"de\",\"@id\":\"https:\/\/ellados-shop.com\/de\/laden\/lebensmittelgeschaft\/gesalzen\/puree-aus-getrockneten-tomaten-vegan-mani-blauel-180g-copie\/#primaryimage\",\"url\":\"https:\/\/ellados-shop.com\/wp-content\/uploads\/TAPENADE-AUX-OLIVES-KALAMATA.png\",\"contentUrl\":\"https:\/\/ellados-shop.com\/wp-content\/uploads\/TAPENADE-AUX-OLIVES-KALAMATA.png\",\"width\":450,\"height\":600,\"caption\":\"TAPENADE AUX OLIVES\"},{\"@type\":\"BreadcrumbList\",\"@id\":\"https:\/\/ellados-shop.com\/de\/laden\/lebensmittelgeschaft\/gesalzen\/puree-aus-getrockneten-tomaten-vegan-mani-blauel-180g-copie\/#breadcrumb\",\"itemListElement\":[{\"@type\":\"ListItem\",\"position\":1,\"name\":\"Accueil\",\"item\":\"https:\/\/ellados-shop.com\/de\/accueil-v2\/\"},{\"@type\":\"ListItem\",\"position\":2,\"name\":\"Boutique\",\"item\":\"https:\/\/ellados-shop.com\/boutique\/\"},{\"@type\":\"ListItem\",\"position\":3,\"name\":\"Tapenade aus Kalamata Oliven &#8211; 180 g\"}]},{\"@type\":\"WebSite\",\"@id\":\"https:\/\/ellados-shop.com\/de\/#website\",\"url\":\"https:\/\/ellados-shop.com\/de\/\",\"name\":\"Ellados\",\"description\":\"\",\"potentialAction\":[{\"@type\":\"SearchAction\",\"target\":{\"@type\":\"EntryPoint\",\"urlTemplate\":\"https:\/\/ellados-shop.com\/de\/?s={search_term_string}\"},\"query-input\":{\"@type\":\"PropertyValueSpecification\",\"valueRequired\":true,\"valueName\":\"search_term_string\"}}],\"inLanguage\":\"de\"}]}<\/script>\n<!-- \/ Yoast SEO plugin. -->","yoast_head_json":{"title":"Kalamata-Oliven-Tapenade - Ellados","description":"100 % Bio und Vegan - genie\u00dfen Sie diese Kalamata-Oliven-Tapenade, sei es als Dip f\u00fcr Ihre Aperitifs oder auf frischem Brot gestrichen. \"Ein Genuss, den man teilen kann.","robots":{"index":"index","follow":"follow","max-snippet":"max-snippet:-1","max-image-preview":"max-image-preview:large","max-video-preview":"max-video-preview:-1"},"canonical":"https:\/\/ellados-shop.com\/de\/laden\/lebensmittelgeschaft\/gesalzen\/puree-aus-getrockneten-tomaten-vegan-mani-blauel-180g-copie\/","og_locale":"de_DE","og_type":"article","og_title":"Kalamata-Oliven-Tapenade - Ellados","og_description":"100 % Bio und Vegan - genie\u00dfen Sie diese Kalamata-Oliven-Tapenade, sei es als Dip f\u00fcr Ihre Aperitifs oder auf frischem Brot gestrichen. \"Ein Genuss, den man teilen kann.","og_url":"https:\/\/ellados-shop.com\/de\/laden\/lebensmittelgeschaft\/gesalzen\/puree-aus-getrockneten-tomaten-vegan-mani-blauel-180g-copie\/","og_site_name":"Ellados","article_modified_time":"2025-03-19T08:47:09+00:00","og_image":[{"width":450,"height":600,"url":"https:\/\/ellados-shop.com\/wp-content\/uploads\/TAPENADE-AUX-OLIVES-KALAMATA.png","type":"image\/png"}],"twitter_card":"summary_large_image","twitter_misc":{"Gesch\u00e4tzte Lesezeit":"1\u00a0Minute"},"schema":{"@context":"https:\/\/schema.org","@graph":[{"@type":"WebPage","@id":"https:\/\/ellados-shop.com\/de\/laden\/lebensmittelgeschaft\/gesalzen\/puree-aus-getrockneten-tomaten-vegan-mani-blauel-180g-copie\/","url":"https:\/\/ellados-shop.com\/de\/laden\/lebensmittelgeschaft\/gesalzen\/puree-aus-getrockneten-tomaten-vegan-mani-blauel-180g-copie\/","name":"Kalamata-Oliven-Tapenade - Ellados","isPartOf":{"@id":"https:\/\/ellados-shop.com\/de\/#website"},"primaryImageOfPage":{"@id":"https:\/\/ellados-shop.com\/de\/laden\/lebensmittelgeschaft\/gesalzen\/puree-aus-getrockneten-tomaten-vegan-mani-blauel-180g-copie\/#primaryimage"},"image":{"@id":"https:\/\/ellados-shop.com\/de\/laden\/lebensmittelgeschaft\/gesalzen\/puree-aus-getrockneten-tomaten-vegan-mani-blauel-180g-copie\/#primaryimage"},"thumbnailUrl":"https:\/\/ellados-shop.com\/wp-content\/uploads\/TAPENADE-AUX-OLIVES-KALAMATA.png","datePublished":"2024-05-04T13:20:46+00:00","dateModified":"2025-03-19T08:47:09+00:00","description":"100 % Bio und Vegan - genie\u00dfen Sie diese Kalamata-Oliven-Tapenade, sei es als Dip f\u00fcr Ihre Aperitifs oder auf frischem Brot gestrichen. \"Ein Genuss, den man teilen kann.","breadcrumb":{"@id":"https:\/\/ellados-shop.com\/de\/laden\/lebensmittelgeschaft\/gesalzen\/puree-aus-getrockneten-tomaten-vegan-mani-blauel-180g-copie\/#breadcrumb"},"inLanguage":"de","potentialAction":[{"@type":"ReadAction","target":["https:\/\/ellados-shop.com\/de\/laden\/lebensmittelgeschaft\/gesalzen\/puree-aus-getrockneten-tomaten-vegan-mani-blauel-180g-copie\/"]}]},{"@type":"ImageObject","inLanguage":"de","@id":"https:\/\/ellados-shop.com\/de\/laden\/lebensmittelgeschaft\/gesalzen\/puree-aus-getrockneten-tomaten-vegan-mani-blauel-180g-copie\/#primaryimage","url":"https:\/\/ellados-shop.com\/wp-content\/uploads\/TAPENADE-AUX-OLIVES-KALAMATA.png","contentUrl":"https:\/\/ellados-shop.com\/wp-content\/uploads\/TAPENADE-AUX-OLIVES-KALAMATA.png","width":450,"height":600,"caption":"TAPENADE AUX OLIVES"},{"@type":"BreadcrumbList","@id":"https:\/\/ellados-shop.com\/de\/laden\/lebensmittelgeschaft\/gesalzen\/puree-aus-getrockneten-tomaten-vegan-mani-blauel-180g-copie\/#breadcrumb","itemListElement":[{"@type":"ListItem","position":1,"name":"Accueil","item":"https:\/\/ellados-shop.com\/de\/accueil-v2\/"},{"@type":"ListItem","position":2,"name":"Boutique","item":"https:\/\/ellados-shop.com\/boutique\/"},{"@type":"ListItem","position":3,"name":"Tapenade aus Kalamata Oliven &#8211; 180 g"}]},{"@type":"WebSite","@id":"https:\/\/ellados-shop.com\/de\/#website","url":"https:\/\/ellados-shop.com\/de\/","name":"Ellados","description":"","potentialAction":[{"@type":"SearchAction","target":{"@type":"EntryPoint","urlTemplate":"https:\/\/ellados-shop.com\/de\/?s={search_term_string}"},"query-input":{"@type":"PropertyValueSpecification","valueRequired":true,"valueName":"search_term_string"}}],"inLanguage":"de"}]}},"_links":{"self":[{"href":"https:\/\/ellados-shop.com\/de\/wp-json\/wp\/v2\/product\/3708","targetHints":{"allow":["GET"]}}],"collection":[{"href":"https:\/\/ellados-shop.com\/de\/wp-json\/wp\/v2\/product"}],"about":[{"href":"https:\/\/ellados-shop.com\/de\/wp-json\/wp\/v2\/types\/product"}],"replies":[{"embeddable":true,"href":"https:\/\/ellados-shop.com\/de\/wp-json\/wp\/v2\/comments?post=3708"}],"wp:featuredmedia":[{"embeddable":true,"href":"https:\/\/ellados-shop.com\/de\/wp-json\/wp\/v2\/media\/4429"}],"wp:attachment":[{"href":"https:\/\/ellados-shop.com\/de\/wp-json\/wp\/v2\/media?parent=3708"}],"wp:term":[{"taxonomy":"product_brand","embeddable":true,"href":"https:\/\/ellados-shop.com\/de\/wp-json\/wp\/v2\/product_brand?post=3708"},{"taxonomy":"product_cat","embeddable":true,"href":"https:\/\/ellados-shop.com\/de\/wp-json\/wp\/v2\/product_cat?post=3708"},{"taxonomy":"product_tag","embeddable":true,"href":"https:\/\/ellados-shop.com\/de\/wp-json\/wp\/v2\/product_tag?post=3708"}],"curies":[{"name":"wp","href":"https:\/\/api.w.org\/{rel}","templated":true}]}}