{"id":3765,"date":"2024-05-15T15:13:01","date_gmt":"2024-05-15T13:13:01","guid":{"rendered":"https:\/\/ellados-shop.com\/?post_type=product&#038;p=3765"},"modified":"2025-02-05T23:02:03","modified_gmt":"2025-02-05T22:02:03","slug":"weiswein-trocken-bio-moschofilero-2023-zacharias-winery-copie","status":"publish","type":"product","link":"https:\/\/ellados-shop.com\/de\/laden\/weine\/weiswein-trocken-bio-moschofilero-2023-zacharias-winery-copie\/","title":{"rendered":"Trockener Wei\u00dfwein &#8211; Moschofilero &#8211; 2023 &#8211; 3 Birds"},"content":{"rendered":"<p>Der trockene Wei\u00dfwein Moschofilero &#8222;3 Birds&#8220; wird von der Familie Vangelis auf den L\u00e4ndereien ihres Familienbesitzes produziert. In den \u00fcppigen, sonnigen T\u00e4lern der malerischen Region Messenien in Griechenland pflegt die Familie Vangelis seit drei Generationen mit Leidenschaft ihre Weinberge. Ebenso verk\u00f6rpert dieser Wein das jahrhundertealte Erbe des Weinbaus in dieser von den G\u00f6ttern gesegneten Region, wo sich das einzigartige Terroir mit dem \u00fcberlieferten Fachwissen vereint. Die Rebsorte Moschofilero, Symbol des griechischen Weinbaus, wird sorgf\u00e4ltig auf den L\u00e4ndereien des Familienbetriebs angebaut. Dadurch profitiert er von einem idealen Mikroklima und mineralreichen B\u00f6den, die charakteristisch f\u00fcr die Region Messenien sind. Diese einzigartigen nat\u00fcrlichen Bedingungen verleihen dem Wein ein au\u00dfergew\u00f6hnliches Aromenspektrum und eine unvergleichliche Frische. Bereits auf den ersten Blick besticht dieser Wein durch sein kristallklares, leicht goldenes Glitzern. Er k\u00fcndigt eine sensorische Reise von h\u00f6chster Feinheit an. Dann, in der Nase, fesseln die zarten Aromen von wei\u00dfen Bl\u00fcten, Zitrone und Grapefruit die Sinne. Es ist eine Einladung zum Genuss des Verkostens. Schlie\u00dflich entfaltet der trockene Wei\u00dfwein Moschofilero &#8222;3 Birds&#8220; all seine Feinheit im Mund. Seine seidige Textur und seine erfrischende Lebendigkeit rufen die subtilen Aromen von wei\u00dfem Pfirsich und Zitrusfr\u00fcchten hervor. Hinzu kommen harmonisch ausbalancierte florale Noten, die ein unvergessliches Geschmackserlebnis bieten. Dieser Wein, mit Hingabe von der Familie Vangelis produziert, verk\u00f6rpert die Essenz der griechischen Lebenskunst. Er vereint Tradition und Innovation, um einen angenehmen Tropfen zu kreieren, der sich ideal f\u00fcr gemeinsame Momente mit Familie oder Freunden eignet. Stellen Sie sich vor, diesen Wein zu genie\u00dfen, w\u00e4hrend Sie gem\u00fctlich in einer \u00f6rtlichen Taverne am Meer sitzen. Schlie\u00dfen Sie die Augen, Sie sind da! &nbsp;<\/p>\n<p>&nbsp;<\/p>\n","protected":false},"excerpt":{"rendered":"<p>Entdecken Sie einen<strong> trockenen Wei\u00dfwein<\/strong> mit <strong>fruchtigem Geschmack<\/strong> und <strong>Zitrusnoten.<\/strong> &#8222;3 Birds&#8216; ist ein Wein, der auf einem Familienbetrieb produziert wird, dessen Fachwissen von Generation zu Generation weitergegeben wird.\u201c Zum Teilen mit Freunden! &nbsp;<\/p>\n<p>&nbsp;<\/p>\n","protected":false},"featured_media":6140,"comment_status":"closed","ping_status":"closed","template":"","meta":[],"product_brand":[],"product_cat":[68,83,84],"product_tag":[],"class_list":{"0":"post-3765","1":"product","2":"type-product","3":"status-publish","4":"has-post-thumbnail","6":"product_cat-laden","7":"product_cat-weine","8":"product_cat-weiswein","10":"first","11":"outofstock","12":"taxable","13":"shipping-taxable","14":"purchasable","15":"product-type-simple"},"yoast_head":"<!-- This site is optimized with the Yoast SEO plugin v26.8 - https:\/\/yoast.com\/product\/yoast-seo-wordpress\/ -->\n<title>Trockener Wei\u00dfwein - Moschofilero - 2023 - 3 Birds&quot;- Ellados<\/title>\n<meta name=\"description\" content=\"Dieser trockene Wei\u00dfwein Moschofilero, leicht und gekennzeichnet durch leichte Aromen von Blumen und Zitrusfr\u00fcchten, l\u00e4dt zu geselligen Momenten unter Freunden ein.\" \/>\n<meta name=\"robots\" content=\"index, follow, max-snippet:-1, max-image-preview:large, max-video-preview:-1\" \/>\n<link rel=\"canonical\" href=\"https:\/\/ellados-shop.com\/de\/laden\/weine\/weiswein-trocken-bio-moschofilero-2023-zacharias-winery-copie\/\" \/>\n<meta property=\"og:locale\" content=\"de_DE\" \/>\n<meta property=\"og:type\" content=\"article\" \/>\n<meta property=\"og:title\" content=\"Trockener Wei\u00dfwein - Moschofilero - 2023 - 3 Birds&quot;- Ellados\" \/>\n<meta property=\"og:description\" content=\"Dieser trockene Wei\u00dfwein Moschofilero, leicht und gekennzeichnet durch leichte Aromen von Blumen und Zitrusfr\u00fcchten, l\u00e4dt zu geselligen Momenten unter Freunden ein.\" \/>\n<meta property=\"og:url\" content=\"https:\/\/ellados-shop.com\/de\/laden\/weine\/weiswein-trocken-bio-moschofilero-2023-zacharias-winery-copie\/\" \/>\n<meta property=\"og:site_name\" content=\"Ellados\" \/>\n<meta property=\"article:modified_time\" content=\"2025-02-05T22:02:03+00:00\" \/>\n<meta property=\"og:image\" content=\"https:\/\/ellados-shop.com\/wp-content\/uploads\/vin-blanc-3-birds-moschofilero-4.png\" \/>\n\t<meta property=\"og:image:width\" content=\"450\" \/>\n\t<meta property=\"og:image:height\" content=\"600\" \/>\n\t<meta property=\"og:image:type\" content=\"image\/png\" \/>\n<meta name=\"twitter:card\" content=\"summary_large_image\" \/>\n<meta name=\"twitter:label1\" content=\"Gesch\u00e4tzte Lesezeit\" \/>\n\t<meta name=\"twitter:data1\" content=\"2\u00a0Minuten\" \/>\n<script type=\"application\/ld+json\" class=\"yoast-schema-graph\">{\"@context\":\"https:\/\/schema.org\",\"@graph\":[{\"@type\":\"WebPage\",\"@id\":\"https:\/\/ellados-shop.com\/de\/laden\/weine\/weiswein-trocken-bio-moschofilero-2023-zacharias-winery-copie\/\",\"url\":\"https:\/\/ellados-shop.com\/de\/laden\/weine\/weiswein-trocken-bio-moschofilero-2023-zacharias-winery-copie\/\",\"name\":\"Trockener Wei\u00dfwein - Moschofilero - 2023 - 3 Birds\\\"- Ellados\",\"isPartOf\":{\"@id\":\"https:\/\/ellados-shop.com\/de\/#website\"},\"primaryImageOfPage\":{\"@id\":\"https:\/\/ellados-shop.com\/de\/laden\/weine\/weiswein-trocken-bio-moschofilero-2023-zacharias-winery-copie\/#primaryimage\"},\"image\":{\"@id\":\"https:\/\/ellados-shop.com\/de\/laden\/weine\/weiswein-trocken-bio-moschofilero-2023-zacharias-winery-copie\/#primaryimage\"},\"thumbnailUrl\":\"https:\/\/ellados-shop.com\/wp-content\/uploads\/vin-blanc-grec.png\",\"datePublished\":\"2024-05-15T13:13:01+00:00\",\"dateModified\":\"2025-02-05T22:02:03+00:00\",\"description\":\"Dieser trockene Wei\u00dfwein Moschofilero, leicht und gekennzeichnet durch leichte Aromen von Blumen und Zitrusfr\u00fcchten, l\u00e4dt zu geselligen Momenten unter Freunden ein.\",\"breadcrumb\":{\"@id\":\"https:\/\/ellados-shop.com\/de\/laden\/weine\/weiswein-trocken-bio-moschofilero-2023-zacharias-winery-copie\/#breadcrumb\"},\"inLanguage\":\"de\",\"potentialAction\":[{\"@type\":\"ReadAction\",\"target\":[\"https:\/\/ellados-shop.com\/de\/laden\/weine\/weiswein-trocken-bio-moschofilero-2023-zacharias-winery-copie\/\"]}]},{\"@type\":\"ImageObject\",\"inLanguage\":\"de\",\"@id\":\"https:\/\/ellados-shop.com\/de\/laden\/weine\/weiswein-trocken-bio-moschofilero-2023-zacharias-winery-copie\/#primaryimage\",\"url\":\"https:\/\/ellados-shop.com\/wp-content\/uploads\/vin-blanc-grec.png\",\"contentUrl\":\"https:\/\/ellados-shop.com\/wp-content\/uploads\/vin-blanc-grec.png\",\"width\":450,\"height\":450,\"caption\":\"vin blanc grec\"},{\"@type\":\"BreadcrumbList\",\"@id\":\"https:\/\/ellados-shop.com\/de\/laden\/weine\/weiswein-trocken-bio-moschofilero-2023-zacharias-winery-copie\/#breadcrumb\",\"itemListElement\":[{\"@type\":\"ListItem\",\"position\":1,\"name\":\"Accueil\",\"item\":\"https:\/\/ellados-shop.com\/de\/accueil-v2\/\"},{\"@type\":\"ListItem\",\"position\":2,\"name\":\"Boutique\",\"item\":\"https:\/\/ellados-shop.com\/boutique\/\"},{\"@type\":\"ListItem\",\"position\":3,\"name\":\"Trockener Wei\u00dfwein &#8211; Moschofilero &#8211; 2023 &#8211; 3 Birds\"}]},{\"@type\":\"WebSite\",\"@id\":\"https:\/\/ellados-shop.com\/de\/#website\",\"url\":\"https:\/\/ellados-shop.com\/de\/\",\"name\":\"Ellados\",\"description\":\"\",\"potentialAction\":[{\"@type\":\"SearchAction\",\"target\":{\"@type\":\"EntryPoint\",\"urlTemplate\":\"https:\/\/ellados-shop.com\/de\/?s={search_term_string}\"},\"query-input\":{\"@type\":\"PropertyValueSpecification\",\"valueRequired\":true,\"valueName\":\"search_term_string\"}}],\"inLanguage\":\"de\"}]}<\/script>\n<!-- \/ Yoast SEO plugin. -->","yoast_head_json":{"title":"Trockener Wei\u00dfwein - Moschofilero - 2023 - 3 Birds\"- Ellados","description":"Dieser trockene Wei\u00dfwein Moschofilero, leicht und gekennzeichnet durch leichte Aromen von Blumen und Zitrusfr\u00fcchten, l\u00e4dt zu geselligen Momenten unter Freunden ein.","robots":{"index":"index","follow":"follow","max-snippet":"max-snippet:-1","max-image-preview":"max-image-preview:large","max-video-preview":"max-video-preview:-1"},"canonical":"https:\/\/ellados-shop.com\/de\/laden\/weine\/weiswein-trocken-bio-moschofilero-2023-zacharias-winery-copie\/","og_locale":"de_DE","og_type":"article","og_title":"Trockener Wei\u00dfwein - Moschofilero - 2023 - 3 Birds\"- Ellados","og_description":"Dieser trockene Wei\u00dfwein Moschofilero, leicht und gekennzeichnet durch leichte Aromen von Blumen und Zitrusfr\u00fcchten, l\u00e4dt zu geselligen Momenten unter Freunden ein.","og_url":"https:\/\/ellados-shop.com\/de\/laden\/weine\/weiswein-trocken-bio-moschofilero-2023-zacharias-winery-copie\/","og_site_name":"Ellados","article_modified_time":"2025-02-05T22:02:03+00:00","og_image":[{"width":450,"height":600,"url":"https:\/\/ellados-shop.com\/wp-content\/uploads\/vin-blanc-3-birds-moschofilero-4.png","type":"image\/png"}],"twitter_card":"summary_large_image","twitter_misc":{"Gesch\u00e4tzte Lesezeit":"2\u00a0Minuten"},"schema":{"@context":"https:\/\/schema.org","@graph":[{"@type":"WebPage","@id":"https:\/\/ellados-shop.com\/de\/laden\/weine\/weiswein-trocken-bio-moschofilero-2023-zacharias-winery-copie\/","url":"https:\/\/ellados-shop.com\/de\/laden\/weine\/weiswein-trocken-bio-moschofilero-2023-zacharias-winery-copie\/","name":"Trockener Wei\u00dfwein - Moschofilero - 2023 - 3 Birds\"- Ellados","isPartOf":{"@id":"https:\/\/ellados-shop.com\/de\/#website"},"primaryImageOfPage":{"@id":"https:\/\/ellados-shop.com\/de\/laden\/weine\/weiswein-trocken-bio-moschofilero-2023-zacharias-winery-copie\/#primaryimage"},"image":{"@id":"https:\/\/ellados-shop.com\/de\/laden\/weine\/weiswein-trocken-bio-moschofilero-2023-zacharias-winery-copie\/#primaryimage"},"thumbnailUrl":"https:\/\/ellados-shop.com\/wp-content\/uploads\/vin-blanc-grec.png","datePublished":"2024-05-15T13:13:01+00:00","dateModified":"2025-02-05T22:02:03+00:00","description":"Dieser trockene Wei\u00dfwein Moschofilero, leicht und gekennzeichnet durch leichte Aromen von Blumen und Zitrusfr\u00fcchten, l\u00e4dt zu geselligen Momenten unter Freunden ein.","breadcrumb":{"@id":"https:\/\/ellados-shop.com\/de\/laden\/weine\/weiswein-trocken-bio-moschofilero-2023-zacharias-winery-copie\/#breadcrumb"},"inLanguage":"de","potentialAction":[{"@type":"ReadAction","target":["https:\/\/ellados-shop.com\/de\/laden\/weine\/weiswein-trocken-bio-moschofilero-2023-zacharias-winery-copie\/"]}]},{"@type":"ImageObject","inLanguage":"de","@id":"https:\/\/ellados-shop.com\/de\/laden\/weine\/weiswein-trocken-bio-moschofilero-2023-zacharias-winery-copie\/#primaryimage","url":"https:\/\/ellados-shop.com\/wp-content\/uploads\/vin-blanc-grec.png","contentUrl":"https:\/\/ellados-shop.com\/wp-content\/uploads\/vin-blanc-grec.png","width":450,"height":450,"caption":"vin blanc grec"},{"@type":"BreadcrumbList","@id":"https:\/\/ellados-shop.com\/de\/laden\/weine\/weiswein-trocken-bio-moschofilero-2023-zacharias-winery-copie\/#breadcrumb","itemListElement":[{"@type":"ListItem","position":1,"name":"Accueil","item":"https:\/\/ellados-shop.com\/de\/accueil-v2\/"},{"@type":"ListItem","position":2,"name":"Boutique","item":"https:\/\/ellados-shop.com\/boutique\/"},{"@type":"ListItem","position":3,"name":"Trockener Wei\u00dfwein &#8211; Moschofilero &#8211; 2023 &#8211; 3 Birds"}]},{"@type":"WebSite","@id":"https:\/\/ellados-shop.com\/de\/#website","url":"https:\/\/ellados-shop.com\/de\/","name":"Ellados","description":"","potentialAction":[{"@type":"SearchAction","target":{"@type":"EntryPoint","urlTemplate":"https:\/\/ellados-shop.com\/de\/?s={search_term_string}"},"query-input":{"@type":"PropertyValueSpecification","valueRequired":true,"valueName":"search_term_string"}}],"inLanguage":"de"}]}},"_links":{"self":[{"href":"https:\/\/ellados-shop.com\/de\/wp-json\/wp\/v2\/product\/3765","targetHints":{"allow":["GET"]}}],"collection":[{"href":"https:\/\/ellados-shop.com\/de\/wp-json\/wp\/v2\/product"}],"about":[{"href":"https:\/\/ellados-shop.com\/de\/wp-json\/wp\/v2\/types\/product"}],"replies":[{"embeddable":true,"href":"https:\/\/ellados-shop.com\/de\/wp-json\/wp\/v2\/comments?post=3765"}],"wp:featuredmedia":[{"embeddable":true,"href":"https:\/\/ellados-shop.com\/de\/wp-json\/wp\/v2\/media\/6140"}],"wp:attachment":[{"href":"https:\/\/ellados-shop.com\/de\/wp-json\/wp\/v2\/media?parent=3765"}],"wp:term":[{"taxonomy":"product_brand","embeddable":true,"href":"https:\/\/ellados-shop.com\/de\/wp-json\/wp\/v2\/product_brand?post=3765"},{"taxonomy":"product_cat","embeddable":true,"href":"https:\/\/ellados-shop.com\/de\/wp-json\/wp\/v2\/product_cat?post=3765"},{"taxonomy":"product_tag","embeddable":true,"href":"https:\/\/ellados-shop.com\/de\/wp-json\/wp\/v2\/product_tag?post=3765"}],"curies":[{"name":"wp","href":"https:\/\/api.w.org\/{rel}","templated":true}]}}