{"id":4140,"date":"2024-05-25T16:22:24","date_gmt":"2024-05-25T14:22:24","guid":{"rendered":"https:\/\/ellados-shop.com\/?post_type=product&#038;p=4140"},"modified":"2025-04-19T18:40:16","modified_gmt":"2025-04-19T16:40:16","slug":"trockener-weiswein-bio-o-kirios-ilios-2022-kalogris-organic-weingut-copie","status":"publish","type":"product","link":"https:\/\/ellados-shop.com\/de\/geschenkboxen-de\/trockener-weiswein-bio-o-kirios-ilios-2022-kalogris-organic-weingut-copie\/","title":{"rendered":"&#8222;Natural Wines&#8220; &#8211; Verkostungsset &#8211;"},"content":{"rendered":"<p>Mit unserem exklusiven &#8222;Natural Wines&#8220; -Set von der Kalogris Winery k\u00f6nnen Sie die Eleganz und Raffinesse griechischer Bio-Weine entdecken. In diesem Paket haben wir drei Weinflaschen f\u00fcr Sie ausgew\u00e4hlt. Wei\u00df-, Rot- und Ros\u00e9wein, die den perfekten Ausdruck der griechischen Weinbaukunst darstellen. <\/p>\n<h5>Unsere Auswahl<\/h5>\n<p> So werden Sie die unglaubliche Frische und Lebendigkeit des trockenen <a href=\"https:\/\/ellados-shop.com\/boutique\/vins\/vin-blanc-sec-bio-75-cl\/\">Bio-Wei\u00dfweins \u201eO Kirios Ilios\u201c <\/a>(\u201eHerr Sonne\u201c) zu sch\u00e4tzen wissen. Dieser Wein entsteht aus einem Vinifikationsprozess mit spontaner G\u00e4rung und minimaler Intervention. Seine subtile Mineralit\u00e4t verleiht ihm eine einzigartige Note. Im Mund werden Sie Noten von Limette, Pfirsich und wei\u00dfen Bl\u00fcten wahrnehmen. Der <a href=\"https:\/\/ellados-shop.com\/boutique\/vins\/vin-rouge-bio-kiriaki-75-cl\/\">halbtrockene Rotwein Kyriaki 2019<\/a> (Sonntag) ist aus einer subtilen Mischung der Rebsorten Merlot und Moschofilero entstanden. Dar\u00fcber hinaus profitiert dieser Wein von einer dreij\u00e4hrigen Reifung in Eichenf\u00e4ssern in den Kellern des Familienweinguts. Schlie\u00dflich wird Sie <a href=\"https:\/\/ellados-shop.com\/boutique\/vins\/vin-rose\/vin-orange-bio-dialogue-75-cl\/\">&#8222;Dialogue&#8220;, unser Bio-Orangenwein<\/a>, mit seinem einzigartigen Geschmack \u00fcberraschen. Tats\u00e4chlich ist der Ros\u00e9wein \u201eDialogue\u201c ein Wein, der aus einem besonderen Know-how stammt: Er ist das Ergebnis einer Mazeration und Fermentation mit nat\u00fcrlichen Hefen&#8230;&#8230; und eines echten Dialogs zwischen seinem Winzer und seinem Wein. Nach 12 Monaten Reifung in Eichenf\u00e4ssern wird dieser Wein sich w\u00e4hrend Ihrer Verkostung nach und nach entfalten. Das renommierte Haus Kalogris, bekannt f\u00fcr sein traditionelles Handwerk und seinen Respekt vor der Natur, bietet Ihnen ein einzigartiges sensorisches Erlebnis, das selbst die anspruchsvollsten Gaumen verzaubern wird. Entdecken Sie anhand dieser Weine die gemeinschaftliche Arbeit einer ganzen Familie. &#8222;Natural Wines&#8220; ist eine Sammlung, die die Exzellenz und <a href=\"https:\/\/ellados-shop.com\/actualites\/decouvrez-les-vins-grecs-originaires-du-peloponnese\/\">Authentizit\u00e4t der Weine des Peloponnes <\/a> verk\u00f6rpert. Anl\u00e4sslich eines Geburtstags, Vater- oder Muttertags oder einfach nur, um Freude zu bereiten, schenken Sie sich selbst oder Ihren Lieben dieses au\u00dfergew\u00f6hnliche Geschenkset. Lassen Sie sich von der Magie und der Geschichte der Weine des Hauses Kalogris verzaubern. &nbsp;<\/p>\n","protected":false},"excerpt":{"rendered":"<p>Ein Set bestehend aus 3 Flaschen \u00e0 75 cl, alle <strong>100 %<\/strong><strong> biologisch<\/strong>. Der Wei\u00dfwein &#8218;O Mister Helios&#8216; (2022 &#8211; leicht prickelnd mit Zitrusaromen), der Ros\u00e9wein &#8218;Dialogue&#8216; (2021 &#8211; trocken, mit Noten von wei\u00dfen Pfirsichen und Aprikosen) und der Rotwein &#8218;Kiriaki&#8216; (2019 &#8211; mit samtigen Tanninen und Aromen von reifen roten Fr\u00fcchten). Jede Flasche hat ihre eigene Geschichte!   &nbsp;<\/p>\n<p>&nbsp;<\/p>\n","protected":false},"featured_media":5500,"comment_status":"closed","ping_status":"closed","template":"","meta":[],"product_brand":[],"product_cat":[68,83,169],"product_tag":[],"class_list":{"0":"post-4140","1":"product","2":"type-product","3":"status-publish","4":"has-post-thumbnail","6":"product_cat-laden","7":"product_cat-weine","8":"product_cat-geschenkboxen-de","10":"first","11":"outofstock","12":"sale","13":"taxable","14":"shipping-taxable","15":"purchasable","16":"product-type-simple"},"yoast_head":"<!-- This site is optimized with the Yoast SEO plugin v26.8 - https:\/\/yoast.com\/product\/yoast-seo-wordpress\/ -->\n<title>&quot;NATURAL WINES&quot; Verkostungsset- Ellados<\/title>\n<meta name=\"description\" content=\"&quot;Natural Wines&quot; Ihr Verkostungspaket mit 100% biologischen Weinen, hergestellt von der Kalogris Winery. Lassen Sie sich von diesen au\u00dfergew\u00f6hnlichen Weinen \u00fcberraschen!\" \/>\n<meta name=\"robots\" content=\"index, follow, max-snippet:-1, max-image-preview:large, max-video-preview:-1\" \/>\n<link rel=\"canonical\" href=\"https:\/\/ellados-shop.com\/de\/geschenkboxen-de\/trockener-weiswein-bio-o-kirios-ilios-2022-kalogris-organic-weingut-copie\/\" \/>\n<meta property=\"og:locale\" content=\"de_DE\" \/>\n<meta property=\"og:type\" content=\"article\" \/>\n<meta property=\"og:title\" content=\"&quot;NATURAL WINES&quot; Verkostungsset- Ellados\" \/>\n<meta property=\"og:description\" content=\"&quot;Natural Wines&quot; Ihr Verkostungspaket mit 100% biologischen Weinen, hergestellt von der Kalogris Winery. Lassen Sie sich von diesen au\u00dfergew\u00f6hnlichen Weinen \u00fcberraschen!\" \/>\n<meta property=\"og:url\" content=\"https:\/\/ellados-shop.com\/de\/geschenkboxen-de\/trockener-weiswein-bio-o-kirios-ilios-2022-kalogris-organic-weingut-copie\/\" \/>\n<meta property=\"og:site_name\" content=\"Ellados\" \/>\n<meta property=\"article:modified_time\" content=\"2025-04-19T16:40:16+00:00\" \/>\n<meta property=\"og:image\" content=\"https:\/\/ellados-shop.com\/wp-content\/uploads\/COFFRET-NATURAL-WINES-1.png\" \/>\n\t<meta property=\"og:image:width\" content=\"450\" \/>\n\t<meta property=\"og:image:height\" content=\"600\" \/>\n\t<meta property=\"og:image:type\" content=\"image\/png\" \/>\n<meta name=\"twitter:card\" content=\"summary_large_image\" \/>\n<meta name=\"twitter:label1\" content=\"Gesch\u00e4tzte Lesezeit\" \/>\n\t<meta name=\"twitter:data1\" content=\"2\u00a0Minuten\" \/>\n<script type=\"application\/ld+json\" class=\"yoast-schema-graph\">{\"@context\":\"https:\/\/schema.org\",\"@graph\":[{\"@type\":\"WebPage\",\"@id\":\"https:\/\/ellados-shop.com\/de\/geschenkboxen-de\/trockener-weiswein-bio-o-kirios-ilios-2022-kalogris-organic-weingut-copie\/\",\"url\":\"https:\/\/ellados-shop.com\/de\/geschenkboxen-de\/trockener-weiswein-bio-o-kirios-ilios-2022-kalogris-organic-weingut-copie\/\",\"name\":\"\\\"NATURAL WINES\\\" Verkostungsset- Ellados\",\"isPartOf\":{\"@id\":\"https:\/\/ellados-shop.com\/de\/#website\"},\"primaryImageOfPage\":{\"@id\":\"https:\/\/ellados-shop.com\/de\/geschenkboxen-de\/trockener-weiswein-bio-o-kirios-ilios-2022-kalogris-organic-weingut-copie\/#primaryimage\"},\"image\":{\"@id\":\"https:\/\/ellados-shop.com\/de\/geschenkboxen-de\/trockener-weiswein-bio-o-kirios-ilios-2022-kalogris-organic-weingut-copie\/#primaryimage\"},\"thumbnailUrl\":\"https:\/\/ellados-shop.com\/wp-content\/uploads\/COFFRET-NATURAL-WINES-1.png\",\"datePublished\":\"2024-05-25T14:22:24+00:00\",\"dateModified\":\"2025-04-19T16:40:16+00:00\",\"description\":\"\\\"Natural Wines\\\" Ihr Verkostungspaket mit 100% biologischen Weinen, hergestellt von der Kalogris Winery. Lassen Sie sich von diesen au\u00dfergew\u00f6hnlichen Weinen \u00fcberraschen!\",\"breadcrumb\":{\"@id\":\"https:\/\/ellados-shop.com\/de\/geschenkboxen-de\/trockener-weiswein-bio-o-kirios-ilios-2022-kalogris-organic-weingut-copie\/#breadcrumb\"},\"inLanguage\":\"de\",\"potentialAction\":[{\"@type\":\"ReadAction\",\"target\":[\"https:\/\/ellados-shop.com\/de\/geschenkboxen-de\/trockener-weiswein-bio-o-kirios-ilios-2022-kalogris-organic-weingut-copie\/\"]}]},{\"@type\":\"ImageObject\",\"inLanguage\":\"de\",\"@id\":\"https:\/\/ellados-shop.com\/de\/geschenkboxen-de\/trockener-weiswein-bio-o-kirios-ilios-2022-kalogris-organic-weingut-copie\/#primaryimage\",\"url\":\"https:\/\/ellados-shop.com\/wp-content\/uploads\/COFFRET-NATURAL-WINES-1.png\",\"contentUrl\":\"https:\/\/ellados-shop.com\/wp-content\/uploads\/COFFRET-NATURAL-WINES-1.png\",\"width\":450,\"height\":600,\"caption\":\"VINSBIO\"},{\"@type\":\"BreadcrumbList\",\"@id\":\"https:\/\/ellados-shop.com\/de\/geschenkboxen-de\/trockener-weiswein-bio-o-kirios-ilios-2022-kalogris-organic-weingut-copie\/#breadcrumb\",\"itemListElement\":[{\"@type\":\"ListItem\",\"position\":1,\"name\":\"Accueil\",\"item\":\"https:\/\/ellados-shop.com\/de\/accueil-v2\/\"},{\"@type\":\"ListItem\",\"position\":2,\"name\":\"Boutique\",\"item\":\"https:\/\/ellados-shop.com\/boutique\/\"},{\"@type\":\"ListItem\",\"position\":3,\"name\":\"\u00ab\u00a0Natural Wines\u00a0\u00bb &#8211; Verkostungsset &#8211;\"}]},{\"@type\":\"WebSite\",\"@id\":\"https:\/\/ellados-shop.com\/de\/#website\",\"url\":\"https:\/\/ellados-shop.com\/de\/\",\"name\":\"Ellados\",\"description\":\"\",\"potentialAction\":[{\"@type\":\"SearchAction\",\"target\":{\"@type\":\"EntryPoint\",\"urlTemplate\":\"https:\/\/ellados-shop.com\/de\/?s={search_term_string}\"},\"query-input\":{\"@type\":\"PropertyValueSpecification\",\"valueRequired\":true,\"valueName\":\"search_term_string\"}}],\"inLanguage\":\"de\"}]}<\/script>\n<!-- \/ Yoast SEO plugin. -->","yoast_head_json":{"title":"\"NATURAL WINES\" Verkostungsset- Ellados","description":"\"Natural Wines\" Ihr Verkostungspaket mit 100% biologischen Weinen, hergestellt von der Kalogris Winery. Lassen Sie sich von diesen au\u00dfergew\u00f6hnlichen Weinen \u00fcberraschen!","robots":{"index":"index","follow":"follow","max-snippet":"max-snippet:-1","max-image-preview":"max-image-preview:large","max-video-preview":"max-video-preview:-1"},"canonical":"https:\/\/ellados-shop.com\/de\/geschenkboxen-de\/trockener-weiswein-bio-o-kirios-ilios-2022-kalogris-organic-weingut-copie\/","og_locale":"de_DE","og_type":"article","og_title":"\"NATURAL WINES\" Verkostungsset- Ellados","og_description":"\"Natural Wines\" Ihr Verkostungspaket mit 100% biologischen Weinen, hergestellt von der Kalogris Winery. Lassen Sie sich von diesen au\u00dfergew\u00f6hnlichen Weinen \u00fcberraschen!","og_url":"https:\/\/ellados-shop.com\/de\/geschenkboxen-de\/trockener-weiswein-bio-o-kirios-ilios-2022-kalogris-organic-weingut-copie\/","og_site_name":"Ellados","article_modified_time":"2025-04-19T16:40:16+00:00","og_image":[{"width":450,"height":600,"url":"https:\/\/ellados-shop.com\/wp-content\/uploads\/COFFRET-NATURAL-WINES-1.png","type":"image\/png"}],"twitter_card":"summary_large_image","twitter_misc":{"Gesch\u00e4tzte Lesezeit":"2\u00a0Minuten"},"schema":{"@context":"https:\/\/schema.org","@graph":[{"@type":"WebPage","@id":"https:\/\/ellados-shop.com\/de\/geschenkboxen-de\/trockener-weiswein-bio-o-kirios-ilios-2022-kalogris-organic-weingut-copie\/","url":"https:\/\/ellados-shop.com\/de\/geschenkboxen-de\/trockener-weiswein-bio-o-kirios-ilios-2022-kalogris-organic-weingut-copie\/","name":"\"NATURAL WINES\" Verkostungsset- Ellados","isPartOf":{"@id":"https:\/\/ellados-shop.com\/de\/#website"},"primaryImageOfPage":{"@id":"https:\/\/ellados-shop.com\/de\/geschenkboxen-de\/trockener-weiswein-bio-o-kirios-ilios-2022-kalogris-organic-weingut-copie\/#primaryimage"},"image":{"@id":"https:\/\/ellados-shop.com\/de\/geschenkboxen-de\/trockener-weiswein-bio-o-kirios-ilios-2022-kalogris-organic-weingut-copie\/#primaryimage"},"thumbnailUrl":"https:\/\/ellados-shop.com\/wp-content\/uploads\/COFFRET-NATURAL-WINES-1.png","datePublished":"2024-05-25T14:22:24+00:00","dateModified":"2025-04-19T16:40:16+00:00","description":"\"Natural Wines\" Ihr Verkostungspaket mit 100% biologischen Weinen, hergestellt von der Kalogris Winery. Lassen Sie sich von diesen au\u00dfergew\u00f6hnlichen Weinen \u00fcberraschen!","breadcrumb":{"@id":"https:\/\/ellados-shop.com\/de\/geschenkboxen-de\/trockener-weiswein-bio-o-kirios-ilios-2022-kalogris-organic-weingut-copie\/#breadcrumb"},"inLanguage":"de","potentialAction":[{"@type":"ReadAction","target":["https:\/\/ellados-shop.com\/de\/geschenkboxen-de\/trockener-weiswein-bio-o-kirios-ilios-2022-kalogris-organic-weingut-copie\/"]}]},{"@type":"ImageObject","inLanguage":"de","@id":"https:\/\/ellados-shop.com\/de\/geschenkboxen-de\/trockener-weiswein-bio-o-kirios-ilios-2022-kalogris-organic-weingut-copie\/#primaryimage","url":"https:\/\/ellados-shop.com\/wp-content\/uploads\/COFFRET-NATURAL-WINES-1.png","contentUrl":"https:\/\/ellados-shop.com\/wp-content\/uploads\/COFFRET-NATURAL-WINES-1.png","width":450,"height":600,"caption":"VINSBIO"},{"@type":"BreadcrumbList","@id":"https:\/\/ellados-shop.com\/de\/geschenkboxen-de\/trockener-weiswein-bio-o-kirios-ilios-2022-kalogris-organic-weingut-copie\/#breadcrumb","itemListElement":[{"@type":"ListItem","position":1,"name":"Accueil","item":"https:\/\/ellados-shop.com\/de\/accueil-v2\/"},{"@type":"ListItem","position":2,"name":"Boutique","item":"https:\/\/ellados-shop.com\/boutique\/"},{"@type":"ListItem","position":3,"name":"\u00ab\u00a0Natural Wines\u00a0\u00bb &#8211; Verkostungsset &#8211;"}]},{"@type":"WebSite","@id":"https:\/\/ellados-shop.com\/de\/#website","url":"https:\/\/ellados-shop.com\/de\/","name":"Ellados","description":"","potentialAction":[{"@type":"SearchAction","target":{"@type":"EntryPoint","urlTemplate":"https:\/\/ellados-shop.com\/de\/?s={search_term_string}"},"query-input":{"@type":"PropertyValueSpecification","valueRequired":true,"valueName":"search_term_string"}}],"inLanguage":"de"}]}},"_links":{"self":[{"href":"https:\/\/ellados-shop.com\/de\/wp-json\/wp\/v2\/product\/4140","targetHints":{"allow":["GET"]}}],"collection":[{"href":"https:\/\/ellados-shop.com\/de\/wp-json\/wp\/v2\/product"}],"about":[{"href":"https:\/\/ellados-shop.com\/de\/wp-json\/wp\/v2\/types\/product"}],"replies":[{"embeddable":true,"href":"https:\/\/ellados-shop.com\/de\/wp-json\/wp\/v2\/comments?post=4140"}],"wp:featuredmedia":[{"embeddable":true,"href":"https:\/\/ellados-shop.com\/de\/wp-json\/wp\/v2\/media\/5500"}],"wp:attachment":[{"href":"https:\/\/ellados-shop.com\/de\/wp-json\/wp\/v2\/media?parent=4140"}],"wp:term":[{"taxonomy":"product_brand","embeddable":true,"href":"https:\/\/ellados-shop.com\/de\/wp-json\/wp\/v2\/product_brand?post=4140"},{"taxonomy":"product_cat","embeddable":true,"href":"https:\/\/ellados-shop.com\/de\/wp-json\/wp\/v2\/product_cat?post=4140"},{"taxonomy":"product_tag","embeddable":true,"href":"https:\/\/ellados-shop.com\/de\/wp-json\/wp\/v2\/product_tag?post=4140"}],"curies":[{"name":"wp","href":"https:\/\/api.w.org\/{rel}","templated":true}]}}