{"id":4167,"date":"2024-05-28T22:39:30","date_gmt":"2024-05-28T20:39:30","guid":{"rendered":"https:\/\/ellados-shop.com\/?post_type=product&#038;p=4167"},"modified":"2025-04-19T19:04:04","modified_gmt":"2025-04-19T17:04:04","slug":"natural-wines-verkostungsset-copie","status":"publish","type":"product","link":"https:\/\/ellados-shop.com\/de\/geschenkboxen-de\/natural-wines-verkostungsset-copie\/","title":{"rendered":"&#8222;On The Road&#8220; &#8211; Verkostungsbox &#8211;"},"content":{"rendered":"<p>Entdecken Sie die Aromen Griechenlands mit dieser exklusiven Verkostungsbox &#8222;<strong>On the road<\/strong>&#8222;. Begeben Sie sich auf die Route 111 f\u00fcr eine kulinarische Reise durch Griechenland mit diesem Verkostungsset, das speziell daf\u00fcr entwickelt wurde, Ihnen den ikonischen Wein des Weinguts Troupis n\u00e4her zu bringen. Perfekt f\u00fcr Feinschmecker und Weinliebhaber, kombiniert diese Box das Beste aus der griechischen Tradition. <\/p>\n<h4><strong>Dieses Set enth\u00e4lt:<\/strong><\/h4>\n<ul>\n<li><strong>1 Flasche <a href=\"https:\/\/ellados-shop.com\/boutique\/vins\/vin-rouge-route-111-75-cl\/\">Rotwein Troupis Route 111<\/a><\/strong>: Genie\u00dfen Sie die reichen und kr\u00e4ftigen Aromen dieses au\u00dfergew\u00f6hnlichen griechischen Weins. Dieser trockene Rotwein hat seinen Namen von der legend\u00e4ren Route 111. Diese Stra\u00dfe verbindet die Regionen Nemea und Aigialeia. Dieser von Domaine Troupis hergestellte Wein bietet eine perfekte Balance zwischen Fruchtigkeit und S\u00e4ure. Sein Geschmack offenbart eine exquisite Mischung aus reifen dunklen Fr\u00fcchten, Cassis und Kirschen, durchdrungen von zarten w\u00fcrzigen und holzigen Nuancen.<\/li>\n<li><strong>1 Mezz\u00e9 <a href=\"https:\/\/ellados-shop.com\/boutique\/epicerie\/salee\/tzatziki-grec\/\">Tzatziki Ergon Dip<\/a><\/strong>: Genie\u00dfen Sie die cremige Frische des authentisch griechischen Tzatziki. Zubereitet mit frischem Joghurt, Gurke und Knoblauch, wird Sie dieses klassische Mezz\u00e9 direkt nach Griechenland versetzen.<\/li>\n<li><strong>1 Mezz\u00e9 <a href=\"https:\/\/ellados-shop.com\/boutique\/epicerie\/salee\/houmous-grec\/\">Houmous Ergon Dip<\/a><\/strong>: Entdecken Sie den cremigen Geschmack des Houmous Ergon. Dieser Houmous wird aus hochwertigen Kichererbsen, Joghurt und Tahini hergestellt. Es ist ein Muss in jeder Auswahl f\u00fcr <a href=\"https:\/\/ellados-shop.com\/actualites\/un-aperitif-aux-saveurs-de-la-grece\/\">Ihren griechisch inspirierten Aperitif.<\/a><\/li>\n<li><strong>1 Glas <a href=\"https:\/\/ellados-shop.com\/boutique\/epicerie\/salee\/tapenade-aux-olives-kalamata-180-g\/\">Mani Bl\u00e4uel Tapenade<\/a>:<\/strong> Genie\u00dfen Sie den reichhaltigen und w\u00fcrzigen Geschmack dieser Oliventapenade von Mani Bl\u00e4uel. Hergestellt aus sonnenreifen Oliven, Knoblauch, Basilikum und Oregano, ist diese Tapenade perfekt auf ger\u00f6stetem Brot.<\/li>\n<\/ul>\n<p><strong>Bestellen Sie jetzt und genie\u00dfen Sie Griechenland!<\/strong> Verpassen Sie nicht die Gelegenheit, sich mit den echten Geschmacksrichtungen Griechenlands zu verw\u00f6hnen. Bestellen Sie noch heute Ihre Verkostungsbox und genie\u00dfen Sie ein gastronomisches Erlebnis, das nach mehr verlangen l\u00e4sst. \u201a<strong>On the Road\u2018<\/strong> ist eine Box, die die Exzellenz der griechischen Mezedes und <a href=\"https:\/\/ellados-shop.com\/actualites\/decouvrez-les-vins-grecs-originaires-du-peloponnese\/\">die Authentizit\u00e4t der Weine aus dem Peloponnes <\/a>verk\u00f6rpert. G\u00f6nnen Sie sich selbst oder Ihren Liebsten dieses au\u00dfergew\u00f6hnliche Set zu jedem Anlass: Geburtstage, Vatertag oder Muttertag, Dankesch\u00f6n&#8230; Genie\u00dfen Sie also ein geselliges Beisammensein, wie Sie es auf der Terrasse einer Taverne in Gythion oder an einem sch\u00f6nen Strand im Peloponnes erleben k\u00f6nnten.<\/p>\n","protected":false},"excerpt":{"rendered":"<p>Genie\u00dfen Sie den <strong>Rotwein &#8218;Route 111<\/strong>&#8218; (75 cl &#8211; 2022 &#8211; rund und ausgewogen, mit Noten von reifen roten Fr\u00fcchten) sowie diese 3 klassischen Meze: <strong>Tzatziki,<\/strong> <strong>Hummus<\/strong> und <strong>Bio-Schwarze Oliven-Tapenade.<\/strong> Ein perfektes Geschenk, um in jeder Gelegenheit Freude zu bereiten. Entdecken Sie in diesem &#8218;<strong>On the Road<\/strong>&#8218;-Geschenkset den Geist und die Aromen Griechenlands!  <\/p>\n","protected":false},"featured_media":7058,"comment_status":"closed","ping_status":"closed","template":"","meta":[],"product_brand":[],"product_cat":[68,169],"product_tag":[],"class_list":{"0":"post-4167","1":"product","2":"type-product","3":"status-publish","4":"has-post-thumbnail","6":"product_cat-laden","7":"product_cat-geschenkboxen-de","9":"first","10":"outofstock","11":"taxable","12":"shipping-taxable","13":"purchasable","14":"product-type-simple"},"yoast_head":"<!-- This site is optimized with the Yoast SEO plugin v26.8 - https:\/\/yoast.com\/product\/yoast-seo-wordpress\/ -->\n<title>&quot;ON THE ROAD&quot; Verkostungsbox - Ellados<\/title>\n<meta name=\"description\" content=\"&quot;On the road&quot; eine einzigartige Verkostungsbox, die den ikonischen Rotwein vom Weingut Troupis mit einer Auswahl an k\u00f6stlichen Mezzes kombiniert.\" \/>\n<meta name=\"robots\" content=\"index, follow, max-snippet:-1, max-image-preview:large, max-video-preview:-1\" \/>\n<link rel=\"canonical\" href=\"https:\/\/ellados-shop.com\/de\/geschenkboxen-de\/natural-wines-verkostungsset-copie\/\" \/>\n<meta property=\"og:locale\" content=\"de_DE\" \/>\n<meta property=\"og:type\" content=\"article\" \/>\n<meta property=\"og:title\" content=\"&quot;ON THE ROAD&quot; Verkostungsbox - Ellados\" \/>\n<meta property=\"og:description\" content=\"&quot;On the road&quot; eine einzigartige Verkostungsbox, die den ikonischen Rotwein vom Weingut Troupis mit einer Auswahl an k\u00f6stlichen Mezzes kombiniert.\" \/>\n<meta property=\"og:url\" content=\"https:\/\/ellados-shop.com\/de\/geschenkboxen-de\/natural-wines-verkostungsset-copie\/\" \/>\n<meta property=\"og:site_name\" content=\"Ellados\" \/>\n<meta property=\"article:modified_time\" content=\"2025-04-19T17:04:04+00:00\" \/>\n<meta property=\"og:image\" content=\"https:\/\/ellados-shop.com\/wp-content\/uploads\/coffret-On-the-road-1.png\" \/>\n\t<meta property=\"og:image:width\" content=\"450\" \/>\n\t<meta property=\"og:image:height\" content=\"450\" \/>\n\t<meta property=\"og:image:type\" content=\"image\/png\" \/>\n<meta name=\"twitter:card\" content=\"summary_large_image\" \/>\n<meta name=\"twitter:label1\" content=\"Gesch\u00e4tzte Lesezeit\" \/>\n\t<meta name=\"twitter:data1\" content=\"2\u00a0Minuten\" \/>\n<script type=\"application\/ld+json\" class=\"yoast-schema-graph\">{\"@context\":\"https:\/\/schema.org\",\"@graph\":[{\"@type\":\"WebPage\",\"@id\":\"https:\/\/ellados-shop.com\/de\/geschenkboxen-de\/natural-wines-verkostungsset-copie\/\",\"url\":\"https:\/\/ellados-shop.com\/de\/geschenkboxen-de\/natural-wines-verkostungsset-copie\/\",\"name\":\"\\\"ON THE ROAD\\\" Verkostungsbox - Ellados\",\"isPartOf\":{\"@id\":\"https:\/\/ellados-shop.com\/de\/#website\"},\"primaryImageOfPage\":{\"@id\":\"https:\/\/ellados-shop.com\/de\/geschenkboxen-de\/natural-wines-verkostungsset-copie\/#primaryimage\"},\"image\":{\"@id\":\"https:\/\/ellados-shop.com\/de\/geschenkboxen-de\/natural-wines-verkostungsset-copie\/#primaryimage\"},\"thumbnailUrl\":\"https:\/\/ellados-shop.com\/wp-content\/uploads\/coffret-On-the-road-1.png\",\"datePublished\":\"2024-05-28T20:39:30+00:00\",\"dateModified\":\"2025-04-19T17:04:04+00:00\",\"description\":\"\\\"On the road\\\" eine einzigartige Verkostungsbox, die den ikonischen Rotwein vom Weingut Troupis mit einer Auswahl an k\u00f6stlichen Mezzes kombiniert.\",\"breadcrumb\":{\"@id\":\"https:\/\/ellados-shop.com\/de\/geschenkboxen-de\/natural-wines-verkostungsset-copie\/#breadcrumb\"},\"inLanguage\":\"de\",\"potentialAction\":[{\"@type\":\"ReadAction\",\"target\":[\"https:\/\/ellados-shop.com\/de\/geschenkboxen-de\/natural-wines-verkostungsset-copie\/\"]}]},{\"@type\":\"ImageObject\",\"inLanguage\":\"de\",\"@id\":\"https:\/\/ellados-shop.com\/de\/geschenkboxen-de\/natural-wines-verkostungsset-copie\/#primaryimage\",\"url\":\"https:\/\/ellados-shop.com\/wp-content\/uploads\/coffret-On-the-road-1.png\",\"contentUrl\":\"https:\/\/ellados-shop.com\/wp-content\/uploads\/coffret-On-the-road-1.png\",\"width\":450,\"height\":450,\"caption\":\"coffret de viins\"},{\"@type\":\"BreadcrumbList\",\"@id\":\"https:\/\/ellados-shop.com\/de\/geschenkboxen-de\/natural-wines-verkostungsset-copie\/#breadcrumb\",\"itemListElement\":[{\"@type\":\"ListItem\",\"position\":1,\"name\":\"Accueil\",\"item\":\"https:\/\/ellados-shop.com\/de\/accueil-v2\/\"},{\"@type\":\"ListItem\",\"position\":2,\"name\":\"Boutique\",\"item\":\"https:\/\/ellados-shop.com\/boutique\/\"},{\"@type\":\"ListItem\",\"position\":3,\"name\":\"\u00ab\u00a0On The Road\u00a0\u00bb &#8211; Verkostungsbox &#8211;\"}]},{\"@type\":\"WebSite\",\"@id\":\"https:\/\/ellados-shop.com\/de\/#website\",\"url\":\"https:\/\/ellados-shop.com\/de\/\",\"name\":\"Ellados\",\"description\":\"\",\"potentialAction\":[{\"@type\":\"SearchAction\",\"target\":{\"@type\":\"EntryPoint\",\"urlTemplate\":\"https:\/\/ellados-shop.com\/de\/?s={search_term_string}\"},\"query-input\":{\"@type\":\"PropertyValueSpecification\",\"valueRequired\":true,\"valueName\":\"search_term_string\"}}],\"inLanguage\":\"de\"}]}<\/script>\n<!-- \/ Yoast SEO plugin. -->","yoast_head_json":{"title":"\"ON THE ROAD\" Verkostungsbox - Ellados","description":"\"On the road\" eine einzigartige Verkostungsbox, die den ikonischen Rotwein vom Weingut Troupis mit einer Auswahl an k\u00f6stlichen Mezzes kombiniert.","robots":{"index":"index","follow":"follow","max-snippet":"max-snippet:-1","max-image-preview":"max-image-preview:large","max-video-preview":"max-video-preview:-1"},"canonical":"https:\/\/ellados-shop.com\/de\/geschenkboxen-de\/natural-wines-verkostungsset-copie\/","og_locale":"de_DE","og_type":"article","og_title":"\"ON THE ROAD\" Verkostungsbox - Ellados","og_description":"\"On the road\" eine einzigartige Verkostungsbox, die den ikonischen Rotwein vom Weingut Troupis mit einer Auswahl an k\u00f6stlichen Mezzes kombiniert.","og_url":"https:\/\/ellados-shop.com\/de\/geschenkboxen-de\/natural-wines-verkostungsset-copie\/","og_site_name":"Ellados","article_modified_time":"2025-04-19T17:04:04+00:00","og_image":[{"width":450,"height":450,"url":"https:\/\/ellados-shop.com\/wp-content\/uploads\/coffret-On-the-road-1.png","type":"image\/png"}],"twitter_card":"summary_large_image","twitter_misc":{"Gesch\u00e4tzte Lesezeit":"2\u00a0Minuten"},"schema":{"@context":"https:\/\/schema.org","@graph":[{"@type":"WebPage","@id":"https:\/\/ellados-shop.com\/de\/geschenkboxen-de\/natural-wines-verkostungsset-copie\/","url":"https:\/\/ellados-shop.com\/de\/geschenkboxen-de\/natural-wines-verkostungsset-copie\/","name":"\"ON THE ROAD\" Verkostungsbox - Ellados","isPartOf":{"@id":"https:\/\/ellados-shop.com\/de\/#website"},"primaryImageOfPage":{"@id":"https:\/\/ellados-shop.com\/de\/geschenkboxen-de\/natural-wines-verkostungsset-copie\/#primaryimage"},"image":{"@id":"https:\/\/ellados-shop.com\/de\/geschenkboxen-de\/natural-wines-verkostungsset-copie\/#primaryimage"},"thumbnailUrl":"https:\/\/ellados-shop.com\/wp-content\/uploads\/coffret-On-the-road-1.png","datePublished":"2024-05-28T20:39:30+00:00","dateModified":"2025-04-19T17:04:04+00:00","description":"\"On the road\" eine einzigartige Verkostungsbox, die den ikonischen Rotwein vom Weingut Troupis mit einer Auswahl an k\u00f6stlichen Mezzes kombiniert.","breadcrumb":{"@id":"https:\/\/ellados-shop.com\/de\/geschenkboxen-de\/natural-wines-verkostungsset-copie\/#breadcrumb"},"inLanguage":"de","potentialAction":[{"@type":"ReadAction","target":["https:\/\/ellados-shop.com\/de\/geschenkboxen-de\/natural-wines-verkostungsset-copie\/"]}]},{"@type":"ImageObject","inLanguage":"de","@id":"https:\/\/ellados-shop.com\/de\/geschenkboxen-de\/natural-wines-verkostungsset-copie\/#primaryimage","url":"https:\/\/ellados-shop.com\/wp-content\/uploads\/coffret-On-the-road-1.png","contentUrl":"https:\/\/ellados-shop.com\/wp-content\/uploads\/coffret-On-the-road-1.png","width":450,"height":450,"caption":"coffret de viins"},{"@type":"BreadcrumbList","@id":"https:\/\/ellados-shop.com\/de\/geschenkboxen-de\/natural-wines-verkostungsset-copie\/#breadcrumb","itemListElement":[{"@type":"ListItem","position":1,"name":"Accueil","item":"https:\/\/ellados-shop.com\/de\/accueil-v2\/"},{"@type":"ListItem","position":2,"name":"Boutique","item":"https:\/\/ellados-shop.com\/boutique\/"},{"@type":"ListItem","position":3,"name":"\u00ab\u00a0On The Road\u00a0\u00bb &#8211; Verkostungsbox &#8211;"}]},{"@type":"WebSite","@id":"https:\/\/ellados-shop.com\/de\/#website","url":"https:\/\/ellados-shop.com\/de\/","name":"Ellados","description":"","potentialAction":[{"@type":"SearchAction","target":{"@type":"EntryPoint","urlTemplate":"https:\/\/ellados-shop.com\/de\/?s={search_term_string}"},"query-input":{"@type":"PropertyValueSpecification","valueRequired":true,"valueName":"search_term_string"}}],"inLanguage":"de"}]}},"_links":{"self":[{"href":"https:\/\/ellados-shop.com\/de\/wp-json\/wp\/v2\/product\/4167","targetHints":{"allow":["GET"]}}],"collection":[{"href":"https:\/\/ellados-shop.com\/de\/wp-json\/wp\/v2\/product"}],"about":[{"href":"https:\/\/ellados-shop.com\/de\/wp-json\/wp\/v2\/types\/product"}],"replies":[{"embeddable":true,"href":"https:\/\/ellados-shop.com\/de\/wp-json\/wp\/v2\/comments?post=4167"}],"wp:featuredmedia":[{"embeddable":true,"href":"https:\/\/ellados-shop.com\/de\/wp-json\/wp\/v2\/media\/7058"}],"wp:attachment":[{"href":"https:\/\/ellados-shop.com\/de\/wp-json\/wp\/v2\/media?parent=4167"}],"wp:term":[{"taxonomy":"product_brand","embeddable":true,"href":"https:\/\/ellados-shop.com\/de\/wp-json\/wp\/v2\/product_brand?post=4167"},{"taxonomy":"product_cat","embeddable":true,"href":"https:\/\/ellados-shop.com\/de\/wp-json\/wp\/v2\/product_cat?post=4167"},{"taxonomy":"product_tag","embeddable":true,"href":"https:\/\/ellados-shop.com\/de\/wp-json\/wp\/v2\/product_tag?post=4167"}],"curies":[{"name":"wp","href":"https:\/\/api.w.org\/{rel}","templated":true}]}}