{"id":4170,"date":"2024-05-29T00:12:32","date_gmt":"2024-05-28T22:12:32","guid":{"rendered":"https:\/\/ellados-shop.com\/?post_type=product&#038;p=4170"},"modified":"2025-04-19T17:33:37","modified_gmt":"2025-04-19T15:33:37","slug":"natural-wines-verkostungsset-copie-copie","status":"publish","type":"product","link":"https:\/\/ellados-shop.com\/de\/geschenkboxen-de\/natural-wines-verkostungsset-copie-copie\/","title":{"rendered":"&#8222;Kalamata Experience&#8220; &#8211; Verkostungsset &#8211;"},"content":{"rendered":"<p>Entdecken Sie die Aromen Griechenlands mit diesem Degustationsset &#8222;<strong>Kalamata<\/strong> <b>Experience<\/b>&#8222;. Eine Exklusivit\u00e4t Ihres Online-Shops. Kalamata, die ikonische Stadt des Peloponnes, hei\u00dft Sie herzlich willkommen! Dieses Verkostungsset wurde speziell zusammengestellt, um Ihnen den wundervollen Rotwein Mati Fortuna zu pr\u00e4sentieren, der vom Weingut Astir X hergestellt wird, das sich am Stadtrand befindet. <\/p>\n<h4><strong>Dieses Set enth\u00e4lt:<\/strong><\/h4>\n<ul>\n<li><strong>1 Flasche <a href=\"https:\/\/ellados-shop.com\/boutique\/vins\/vin-rouge-sec-igp-mati-fortuna-astir-x-winery-75-cl\/\"> Rotwein Mati Fortuna<\/a><\/strong>: Genie\u00dfen Sie zun\u00e4chst die reichen und kr\u00e4ftigen Aromen dieses au\u00dfergew\u00f6hnlichen Rotweins, der aus der Vereinigung der Rebsorten Agiorgitiko und Cabernet Sauvignon entsteht. Im Mund entf\u00fchren Sie die fruchtigen Aromen von Pflaume und Vanille auf eine unvergessliche Geschmacksreise. Die Mati Fortuna Weinserie, w\u00f6rtlich &#8222;Das segnende Auge&#8220;, ist ein Symbol f\u00fcr Gl\u00fcck und G\u00fcte in der griechischen Kultur. Das Auge des Gl\u00fccks wird Ihre G\u00e4ste und Ihre Familie lange Zeit liebevoll besch\u00fctzen.<\/li>\n<li><strong>1 Mezze Gef\u00fcllte <a href=\"https:\/\/ellados-shop.com\/boutique\/epicerie\/salee\/piment-farci-au-fromage-grec\/\"> Paprika<\/a><\/strong> <b>mit griechischem K\u00e4se<\/b>: Genie\u00dfen Sie dann diese Paprikaschoten, die delikat mit einer exklusiven Mischung aus pasteurisiertem griechischem K\u00e4se gef\u00fcllt sind. Eine Mischung aus aromatischen Kr\u00e4utern und authentischen Gew\u00fcrzen w\u00fcrzt diese Zubereitung. Jede Paprika wird Ihre Geschmacksknospen mit ihrer perfekten Balance zwischen Sch\u00e4rfe und Cremigkeit erfreuen.<\/li>\n<li><strong>Die <a href=\"https:\/\/ellados-shop.com\/boutique\/epicerie\/salee\/olive-bio-kalamata\/\"> Bio-Oliven aus Kalamata<\/a><\/strong>: Endlich erliegen Sie der Kalamata-Olive, die in der gleichnamigen Region angebaut wird. Ihre Reputation ist weltweit bekannt, und ihr Geschmack einzigartig. Diese biologisch zertifizierten Oliven entwickeln unter der mediterranen Sonne einen charakteristisch milden und fruchtigen Geschmack. Ihre biologische Produktion unterst\u00fctzt nachhaltige landwirtschaftliche Praktiken, die die Biodiversit\u00e4t und die Bodenfruchtbarkeit erhalten.<\/li>\n<\/ul>\n<p><strong>Bestellen Sie jetzt und genie\u00dfen Sie Griechenland!<\/strong> Verpassen Sie nicht diese Gelegenheit, sich mit den authentischen Aromen Griechenlands zu verw\u00f6hnen. Bestellen Sie noch heute Ihre Verkostungsbox und genie\u00dfen Sie eine kulinarische Erfahrung, die Sie immer wieder erleben m\u00f6chten. &#8222;Kalamata Experience&#8220; ist ein Paket, das die Exzellenz griechischer Mezze und <a href=\"https:\/\/ellados-shop.com\/actualites\/decouvrez-les-vins-grecs-originaires-du-peloponnese\/\">die Authentizit\u00e4t der Weine aus dem Peloponnes<\/a> verk\u00f6rpert. Bieten Sie es zu jeder Gelegenheit an! Geburtstag, Vatertag oder Muttertag \u2013 <a href=\"https:\/\/ellados-shop.com\/actualites\/un-aperitif-aux-saveurs-de-la-grece\/\">Genie\u00dfen Sie einen typisch griechischen Aperitif<\/a> und erleben Sie einen geselligen Moment, wie Sie ihn beim Sonnenuntergang in Kalamata erleben k\u00f6nnten.<\/p>\n","protected":false},"excerpt":{"rendered":"<p>Ihr Set besteht aus einer Flasche Mati Fortuna <strong>Rotwein<\/strong> 75 cl (2020 &#8211; Aromen von Pflaume und Vanille) und typischen Mezedes, <strong>gef\u00fcllte Peperoni mit <\/strong><strong>K\u00e4se<\/strong> (leicht scharf) und <strong>Bio-Kalamata-Oliven<\/strong>. <a href=\"https:\/\/ellados-shop.com\/actualites\/carnet-de-voyage-a-la-decouverte-du-peloponnese\/\">Begeben Sie sich auf eine Entdeckungsreise durch den Peloponnes!<\/a><\/p>\n","protected":false},"featured_media":4567,"comment_status":"closed","ping_status":"closed","template":"","meta":[],"product_brand":[],"product_cat":[68,169],"product_tag":[],"class_list":{"0":"post-4170","1":"product","2":"type-product","3":"status-publish","4":"has-post-thumbnail","6":"product_cat-laden","7":"product_cat-geschenkboxen-de","9":"first","10":"outofstock","11":"taxable","12":"shipping-taxable","13":"purchasable","14":"product-type-simple"},"yoast_head":"<!-- This site is optimized with the Yoast SEO plugin v26.8 - https:\/\/yoast.com\/product\/yoast-seo-wordpress\/ -->\n<title>&quot;KALAMATA EXPERIENCE&quot; Verkostungsset - Ellados<\/title>\n<meta name=\"description\" content=\"&quot;Kalamata Experience&quot; - Ein einzigartiges Verkostungsset, das den delikaten Rotwein Mati Fortuna vom Weingut Astir X mit einer Auswahl k\u00f6stlicher Mezze kombiniert.\" \/>\n<meta name=\"robots\" content=\"index, follow, max-snippet:-1, max-image-preview:large, max-video-preview:-1\" \/>\n<link rel=\"canonical\" href=\"https:\/\/ellados-shop.com\/de\/geschenkboxen-de\/natural-wines-verkostungsset-copie-copie\/\" \/>\n<meta property=\"og:locale\" content=\"de_DE\" \/>\n<meta property=\"og:type\" content=\"article\" \/>\n<meta property=\"og:title\" content=\"&quot;KALAMATA EXPERIENCE&quot; Verkostungsset - Ellados\" \/>\n<meta property=\"og:description\" content=\"&quot;Kalamata Experience&quot; - Ein einzigartiges Verkostungsset, das den delikaten Rotwein Mati Fortuna vom Weingut Astir X mit einer Auswahl k\u00f6stlicher Mezze kombiniert.\" \/>\n<meta property=\"og:url\" content=\"https:\/\/ellados-shop.com\/de\/geschenkboxen-de\/natural-wines-verkostungsset-copie-copie\/\" \/>\n<meta property=\"og:site_name\" content=\"Ellados\" \/>\n<meta property=\"article:modified_time\" content=\"2025-04-19T15:33:37+00:00\" \/>\n<meta property=\"og:image\" content=\"https:\/\/ellados-shop.com\/wp-content\/uploads\/COFFRET-KALAMATA-EXPERIENCE-1.png\" \/>\n\t<meta property=\"og:image:width\" content=\"450\" \/>\n\t<meta property=\"og:image:height\" content=\"600\" \/>\n\t<meta property=\"og:image:type\" content=\"image\/png\" \/>\n<meta name=\"twitter:card\" content=\"summary_large_image\" \/>\n<meta name=\"twitter:label1\" content=\"Gesch\u00e4tzte Lesezeit\" \/>\n\t<meta name=\"twitter:data1\" content=\"2\u00a0Minuten\" \/>\n<script type=\"application\/ld+json\" class=\"yoast-schema-graph\">{\"@context\":\"https:\/\/schema.org\",\"@graph\":[{\"@type\":\"WebPage\",\"@id\":\"https:\/\/ellados-shop.com\/de\/geschenkboxen-de\/natural-wines-verkostungsset-copie-copie\/\",\"url\":\"https:\/\/ellados-shop.com\/de\/geschenkboxen-de\/natural-wines-verkostungsset-copie-copie\/\",\"name\":\"\\\"KALAMATA EXPERIENCE\\\" Verkostungsset - Ellados\",\"isPartOf\":{\"@id\":\"https:\/\/ellados-shop.com\/de\/#website\"},\"primaryImageOfPage\":{\"@id\":\"https:\/\/ellados-shop.com\/de\/geschenkboxen-de\/natural-wines-verkostungsset-copie-copie\/#primaryimage\"},\"image\":{\"@id\":\"https:\/\/ellados-shop.com\/de\/geschenkboxen-de\/natural-wines-verkostungsset-copie-copie\/#primaryimage\"},\"thumbnailUrl\":\"https:\/\/ellados-shop.com\/wp-content\/uploads\/COFFRET-KALAMATA-EXPERIENCE-1.png\",\"datePublished\":\"2024-05-28T22:12:32+00:00\",\"dateModified\":\"2025-04-19T15:33:37+00:00\",\"description\":\"\\\"Kalamata Experience\\\" - Ein einzigartiges Verkostungsset, das den delikaten Rotwein Mati Fortuna vom Weingut Astir X mit einer Auswahl k\u00f6stlicher Mezze kombiniert.\",\"breadcrumb\":{\"@id\":\"https:\/\/ellados-shop.com\/de\/geschenkboxen-de\/natural-wines-verkostungsset-copie-copie\/#breadcrumb\"},\"inLanguage\":\"de\",\"potentialAction\":[{\"@type\":\"ReadAction\",\"target\":[\"https:\/\/ellados-shop.com\/de\/geschenkboxen-de\/natural-wines-verkostungsset-copie-copie\/\"]}]},{\"@type\":\"ImageObject\",\"inLanguage\":\"de\",\"@id\":\"https:\/\/ellados-shop.com\/de\/geschenkboxen-de\/natural-wines-verkostungsset-copie-copie\/#primaryimage\",\"url\":\"https:\/\/ellados-shop.com\/wp-content\/uploads\/COFFRET-KALAMATA-EXPERIENCE-1.png\",\"contentUrl\":\"https:\/\/ellados-shop.com\/wp-content\/uploads\/COFFRET-KALAMATA-EXPERIENCE-1.png\",\"width\":450,\"height\":600,\"caption\":\"coffret cadeaux\"},{\"@type\":\"BreadcrumbList\",\"@id\":\"https:\/\/ellados-shop.com\/de\/geschenkboxen-de\/natural-wines-verkostungsset-copie-copie\/#breadcrumb\",\"itemListElement\":[{\"@type\":\"ListItem\",\"position\":1,\"name\":\"Accueil\",\"item\":\"https:\/\/ellados-shop.com\/de\/accueil-v2\/\"},{\"@type\":\"ListItem\",\"position\":2,\"name\":\"Boutique\",\"item\":\"https:\/\/ellados-shop.com\/boutique\/\"},{\"@type\":\"ListItem\",\"position\":3,\"name\":\"\u00ab\u00a0Kalamata Experience\u00a0\u00bb &#8211; Verkostungsset &#8211;\"}]},{\"@type\":\"WebSite\",\"@id\":\"https:\/\/ellados-shop.com\/de\/#website\",\"url\":\"https:\/\/ellados-shop.com\/de\/\",\"name\":\"Ellados\",\"description\":\"\",\"potentialAction\":[{\"@type\":\"SearchAction\",\"target\":{\"@type\":\"EntryPoint\",\"urlTemplate\":\"https:\/\/ellados-shop.com\/de\/?s={search_term_string}\"},\"query-input\":{\"@type\":\"PropertyValueSpecification\",\"valueRequired\":true,\"valueName\":\"search_term_string\"}}],\"inLanguage\":\"de\"}]}<\/script>\n<!-- \/ Yoast SEO plugin. -->","yoast_head_json":{"title":"\"KALAMATA EXPERIENCE\" Verkostungsset - Ellados","description":"\"Kalamata Experience\" - Ein einzigartiges Verkostungsset, das den delikaten Rotwein Mati Fortuna vom Weingut Astir X mit einer Auswahl k\u00f6stlicher Mezze kombiniert.","robots":{"index":"index","follow":"follow","max-snippet":"max-snippet:-1","max-image-preview":"max-image-preview:large","max-video-preview":"max-video-preview:-1"},"canonical":"https:\/\/ellados-shop.com\/de\/geschenkboxen-de\/natural-wines-verkostungsset-copie-copie\/","og_locale":"de_DE","og_type":"article","og_title":"\"KALAMATA EXPERIENCE\" Verkostungsset - Ellados","og_description":"\"Kalamata Experience\" - Ein einzigartiges Verkostungsset, das den delikaten Rotwein Mati Fortuna vom Weingut Astir X mit einer Auswahl k\u00f6stlicher Mezze kombiniert.","og_url":"https:\/\/ellados-shop.com\/de\/geschenkboxen-de\/natural-wines-verkostungsset-copie-copie\/","og_site_name":"Ellados","article_modified_time":"2025-04-19T15:33:37+00:00","og_image":[{"width":450,"height":600,"url":"https:\/\/ellados-shop.com\/wp-content\/uploads\/COFFRET-KALAMATA-EXPERIENCE-1.png","type":"image\/png"}],"twitter_card":"summary_large_image","twitter_misc":{"Gesch\u00e4tzte Lesezeit":"2\u00a0Minuten"},"schema":{"@context":"https:\/\/schema.org","@graph":[{"@type":"WebPage","@id":"https:\/\/ellados-shop.com\/de\/geschenkboxen-de\/natural-wines-verkostungsset-copie-copie\/","url":"https:\/\/ellados-shop.com\/de\/geschenkboxen-de\/natural-wines-verkostungsset-copie-copie\/","name":"\"KALAMATA EXPERIENCE\" Verkostungsset - Ellados","isPartOf":{"@id":"https:\/\/ellados-shop.com\/de\/#website"},"primaryImageOfPage":{"@id":"https:\/\/ellados-shop.com\/de\/geschenkboxen-de\/natural-wines-verkostungsset-copie-copie\/#primaryimage"},"image":{"@id":"https:\/\/ellados-shop.com\/de\/geschenkboxen-de\/natural-wines-verkostungsset-copie-copie\/#primaryimage"},"thumbnailUrl":"https:\/\/ellados-shop.com\/wp-content\/uploads\/COFFRET-KALAMATA-EXPERIENCE-1.png","datePublished":"2024-05-28T22:12:32+00:00","dateModified":"2025-04-19T15:33:37+00:00","description":"\"Kalamata Experience\" - Ein einzigartiges Verkostungsset, das den delikaten Rotwein Mati Fortuna vom Weingut Astir X mit einer Auswahl k\u00f6stlicher Mezze kombiniert.","breadcrumb":{"@id":"https:\/\/ellados-shop.com\/de\/geschenkboxen-de\/natural-wines-verkostungsset-copie-copie\/#breadcrumb"},"inLanguage":"de","potentialAction":[{"@type":"ReadAction","target":["https:\/\/ellados-shop.com\/de\/geschenkboxen-de\/natural-wines-verkostungsset-copie-copie\/"]}]},{"@type":"ImageObject","inLanguage":"de","@id":"https:\/\/ellados-shop.com\/de\/geschenkboxen-de\/natural-wines-verkostungsset-copie-copie\/#primaryimage","url":"https:\/\/ellados-shop.com\/wp-content\/uploads\/COFFRET-KALAMATA-EXPERIENCE-1.png","contentUrl":"https:\/\/ellados-shop.com\/wp-content\/uploads\/COFFRET-KALAMATA-EXPERIENCE-1.png","width":450,"height":600,"caption":"coffret cadeaux"},{"@type":"BreadcrumbList","@id":"https:\/\/ellados-shop.com\/de\/geschenkboxen-de\/natural-wines-verkostungsset-copie-copie\/#breadcrumb","itemListElement":[{"@type":"ListItem","position":1,"name":"Accueil","item":"https:\/\/ellados-shop.com\/de\/accueil-v2\/"},{"@type":"ListItem","position":2,"name":"Boutique","item":"https:\/\/ellados-shop.com\/boutique\/"},{"@type":"ListItem","position":3,"name":"\u00ab\u00a0Kalamata Experience\u00a0\u00bb &#8211; Verkostungsset &#8211;"}]},{"@type":"WebSite","@id":"https:\/\/ellados-shop.com\/de\/#website","url":"https:\/\/ellados-shop.com\/de\/","name":"Ellados","description":"","potentialAction":[{"@type":"SearchAction","target":{"@type":"EntryPoint","urlTemplate":"https:\/\/ellados-shop.com\/de\/?s={search_term_string}"},"query-input":{"@type":"PropertyValueSpecification","valueRequired":true,"valueName":"search_term_string"}}],"inLanguage":"de"}]}},"_links":{"self":[{"href":"https:\/\/ellados-shop.com\/de\/wp-json\/wp\/v2\/product\/4170","targetHints":{"allow":["GET"]}}],"collection":[{"href":"https:\/\/ellados-shop.com\/de\/wp-json\/wp\/v2\/product"}],"about":[{"href":"https:\/\/ellados-shop.com\/de\/wp-json\/wp\/v2\/types\/product"}],"replies":[{"embeddable":true,"href":"https:\/\/ellados-shop.com\/de\/wp-json\/wp\/v2\/comments?post=4170"}],"wp:featuredmedia":[{"embeddable":true,"href":"https:\/\/ellados-shop.com\/de\/wp-json\/wp\/v2\/media\/4567"}],"wp:attachment":[{"href":"https:\/\/ellados-shop.com\/de\/wp-json\/wp\/v2\/media?parent=4170"}],"wp:term":[{"taxonomy":"product_brand","embeddable":true,"href":"https:\/\/ellados-shop.com\/de\/wp-json\/wp\/v2\/product_brand?post=4170"},{"taxonomy":"product_cat","embeddable":true,"href":"https:\/\/ellados-shop.com\/de\/wp-json\/wp\/v2\/product_cat?post=4170"},{"taxonomy":"product_tag","embeddable":true,"href":"https:\/\/ellados-shop.com\/de\/wp-json\/wp\/v2\/product_tag?post=4170"}],"curies":[{"name":"wp","href":"https:\/\/api.w.org\/{rel}","templated":true}]}}