{"id":5156,"date":"2024-09-23T16:31:52","date_gmt":"2024-09-23T14:31:52","guid":{"rendered":"https:\/\/ellados-shop.com\/unkategorisiert\/balsamico-essig-mit-honig-250-ml\/"},"modified":"2024-12-27T16:12:50","modified_gmt":"2024-12-27T15:12:50","slug":"balsamico-essig-mit-honig-250-ml","status":"publish","type":"product","link":"https:\/\/ellados-shop.com\/de\/laden\/griechische-olivenole\/balsamico-essig-mit-honig-250-ml\/","title":{"rendered":"Balsamico-Essig mit Honig &#8211; 250 ml"},"content":{"rendered":"<p>Entdecken Sie <strong>Balsamico-Honig-Essig<\/strong>: Ein perfektes Gleichgewicht zwischen S\u00fc\u00dfe und Intensit\u00e4t. Erleben Sie eine einzigartige Verbindung von Tradition und Innovation mit diesem Honig-Essig aus dem Hause Papadeas<strong>.<\/strong> Dieses <strong>hochwertige<\/strong>, handwerklich hergestellte Produkt vereint harmonisch die F\u00fclle des Balsamico-Essigs mit der nat\u00fcrlichen S\u00fc\u00dfe des Honigs. Er wird aus sorgf\u00e4ltig ausgew\u00e4hlten Trauben hergestellt und in Holzf\u00e4ssern gereift. Die Zugabe von reinem Honig veredelt diesen Essig und verleiht jeder Verkostung subtile und s\u00fc\u00dfe Noten. Perfekt f\u00fcr Liebhaber zarter und komplexer Aromen, zeichnet sich dieser Honig-Essig durch seinen milden und raffinierten Geschmack aus, der von einer leichten S\u00e4ure gepr\u00e4gt ist. Er ist ideal, um Ihre Salate, gegrilltes Gem\u00fcse, Marinaden oder sogar Fleisch- und Fischgerichte zu verfeinern. Er passt auch hervorragend zu gereiftem K\u00e4se oder Desserts wie frischen Fr\u00fcchten. Was sind die <strong>Vorteile <\/strong>von Balsamico-Honig-Essig?        <\/p>\n<ul>\n<li>Einzigartiger Geschmack mit einer Mischung aus S\u00e4ure und S\u00fc\u00dfe<\/li>\n<li>Hochwertiges handwerkliches Produkt<\/li>\n<li><strong>100 % nat\u00fcrliche Inhaltsstoffe<\/strong><\/li>\n<li>Ohne Farb- und Konservierungsstoffe<\/li>\n<\/ul>\n<p> Neben seinem au\u00dfergew\u00f6hnlichen Aromaprofil bietet der Honig in diesem Essig gesundheitliche Vorteile. Er ist reich an Antioxidantien und nat\u00fcrlichen Enzymen. Genie\u00dfen Sie ein Produkt, das sowohl k\u00f6stlich als auch gesund ist, um all Ihre kulinarischen Kreationen zu verfeinern.  <\/p>\n","protected":false},"excerpt":{"rendered":"<p>Lassen Sie sich von diesem hochwertigen<strong> Balsamico-Honig-Essig<\/strong> verzaubern: Er bietet ein perfektes Gleichgewicht zwischen<strong> S\u00fc\u00dfe<\/strong> und <strong>Intensit\u00e4t<\/strong>. Ideal, um Ihre Salate, gegrilltes Gem\u00fcse, Marinaden oder sogar Fleisch- und Fischgerichte zu verfeinern, passt er auch hervorragend zu frischen Obstsalaten.<\/p>\n","protected":false},"featured_media":5697,"comment_status":"closed","ping_status":"closed","template":"","meta":[],"product_brand":[],"product_cat":[68,88],"product_tag":[],"class_list":{"0":"post-5156","1":"product","2":"type-product","3":"status-publish","4":"has-post-thumbnail","6":"product_cat-laden","7":"product_cat-griechische-olivenole","9":"first","10":"outofstock","11":"taxable","12":"shipping-taxable","13":"purchasable","14":"product-type-simple"},"yoast_head":"<!-- This site is optimized with the Yoast SEO plugin v26.8 - https:\/\/yoast.com\/product\/yoast-seo-wordpress\/ -->\n<title>Balsamico-Essig mit Honig - 250 ml - Ellados<\/title>\n<meta name=\"description\" content=\"Lassen Sie sich von diesem au\u00dfergew\u00f6hnlichen Balsamico-Essig mit Honig verzaubern. Er bietet ein perfektes Gleichgewicht zwischen S\u00fc\u00dfe und Intensit\u00e4t und wird viele Ihrer Gerichte bereichern.\" \/>\n<meta name=\"robots\" content=\"index, follow, max-snippet:-1, max-image-preview:large, max-video-preview:-1\" \/>\n<link rel=\"canonical\" href=\"https:\/\/ellados-shop.com\/de\/laden\/griechische-olivenole\/balsamico-essig-mit-honig-250-ml\/\" \/>\n<meta property=\"og:locale\" content=\"de_DE\" \/>\n<meta property=\"og:type\" content=\"article\" \/>\n<meta property=\"og:title\" content=\"Balsamico-Essig mit Honig - 250 ml - Ellados\" \/>\n<meta property=\"og:description\" content=\"Lassen Sie sich von diesem au\u00dfergew\u00f6hnlichen Balsamico-Essig mit Honig verzaubern. Er bietet ein perfektes Gleichgewicht zwischen S\u00fc\u00dfe und Intensit\u00e4t und wird viele Ihrer Gerichte bereichern.\" \/>\n<meta property=\"og:url\" content=\"https:\/\/ellados-shop.com\/de\/laden\/griechische-olivenole\/balsamico-essig-mit-honig-250-ml\/\" \/>\n<meta property=\"og:site_name\" content=\"Ellados\" \/>\n<meta property=\"article:modified_time\" content=\"2024-12-27T15:12:50+00:00\" \/>\n<meta property=\"og:image\" content=\"https:\/\/ellados-shop.com\/wp-content\/uploads\/Vinaigre-Balsamique-Miel.png\" \/>\n\t<meta property=\"og:image:width\" content=\"450\" \/>\n\t<meta property=\"og:image:height\" content=\"450\" \/>\n\t<meta property=\"og:image:type\" content=\"image\/png\" \/>\n<meta name=\"twitter:card\" content=\"summary_large_image\" \/>\n<meta name=\"twitter:label1\" content=\"Gesch\u00e4tzte Lesezeit\" \/>\n\t<meta name=\"twitter:data1\" content=\"1\u00a0Minute\" \/>\n<script type=\"application\/ld+json\" class=\"yoast-schema-graph\">{\"@context\":\"https:\/\/schema.org\",\"@graph\":[{\"@type\":\"WebPage\",\"@id\":\"https:\/\/ellados-shop.com\/de\/laden\/griechische-olivenole\/balsamico-essig-mit-honig-250-ml\/\",\"url\":\"https:\/\/ellados-shop.com\/de\/laden\/griechische-olivenole\/balsamico-essig-mit-honig-250-ml\/\",\"name\":\"Balsamico-Essig mit Honig - 250 ml - Ellados\",\"isPartOf\":{\"@id\":\"https:\/\/ellados-shop.com\/de\/#website\"},\"primaryImageOfPage\":{\"@id\":\"https:\/\/ellados-shop.com\/de\/laden\/griechische-olivenole\/balsamico-essig-mit-honig-250-ml\/#primaryimage\"},\"image\":{\"@id\":\"https:\/\/ellados-shop.com\/de\/laden\/griechische-olivenole\/balsamico-essig-mit-honig-250-ml\/#primaryimage\"},\"thumbnailUrl\":\"https:\/\/ellados-shop.com\/wp-content\/uploads\/Vinaigre-Balsamique-Miel.png\",\"datePublished\":\"2024-09-23T14:31:52+00:00\",\"dateModified\":\"2024-12-27T15:12:50+00:00\",\"description\":\"Lassen Sie sich von diesem au\u00dfergew\u00f6hnlichen Balsamico-Essig mit Honig verzaubern. Er bietet ein perfektes Gleichgewicht zwischen S\u00fc\u00dfe und Intensit\u00e4t und wird viele Ihrer Gerichte bereichern.\",\"breadcrumb\":{\"@id\":\"https:\/\/ellados-shop.com\/de\/laden\/griechische-olivenole\/balsamico-essig-mit-honig-250-ml\/#breadcrumb\"},\"inLanguage\":\"de\",\"potentialAction\":[{\"@type\":\"ReadAction\",\"target\":[\"https:\/\/ellados-shop.com\/de\/laden\/griechische-olivenole\/balsamico-essig-mit-honig-250-ml\/\"]}]},{\"@type\":\"ImageObject\",\"inLanguage\":\"de\",\"@id\":\"https:\/\/ellados-shop.com\/de\/laden\/griechische-olivenole\/balsamico-essig-mit-honig-250-ml\/#primaryimage\",\"url\":\"https:\/\/ellados-shop.com\/wp-content\/uploads\/Vinaigre-Balsamique-Miel.png\",\"contentUrl\":\"https:\/\/ellados-shop.com\/wp-content\/uploads\/Vinaigre-Balsamique-Miel.png\",\"width\":450,\"height\":450,\"caption\":\"Vinaigre balsamique au miel\"},{\"@type\":\"BreadcrumbList\",\"@id\":\"https:\/\/ellados-shop.com\/de\/laden\/griechische-olivenole\/balsamico-essig-mit-honig-250-ml\/#breadcrumb\",\"itemListElement\":[{\"@type\":\"ListItem\",\"position\":1,\"name\":\"Accueil\",\"item\":\"https:\/\/ellados-shop.com\/de\/accueil-v2\/\"},{\"@type\":\"ListItem\",\"position\":2,\"name\":\"Boutique\",\"item\":\"https:\/\/ellados-shop.com\/boutique\/\"},{\"@type\":\"ListItem\",\"position\":3,\"name\":\"Balsamico-Essig mit Honig &#8211; 250 ml\"}]},{\"@type\":\"WebSite\",\"@id\":\"https:\/\/ellados-shop.com\/de\/#website\",\"url\":\"https:\/\/ellados-shop.com\/de\/\",\"name\":\"Ellados\",\"description\":\"\",\"potentialAction\":[{\"@type\":\"SearchAction\",\"target\":{\"@type\":\"EntryPoint\",\"urlTemplate\":\"https:\/\/ellados-shop.com\/de\/?s={search_term_string}\"},\"query-input\":{\"@type\":\"PropertyValueSpecification\",\"valueRequired\":true,\"valueName\":\"search_term_string\"}}],\"inLanguage\":\"de\"}]}<\/script>\n<!-- \/ Yoast SEO plugin. -->","yoast_head_json":{"title":"Balsamico-Essig mit Honig - 250 ml - Ellados","description":"Lassen Sie sich von diesem au\u00dfergew\u00f6hnlichen Balsamico-Essig mit Honig verzaubern. Er bietet ein perfektes Gleichgewicht zwischen S\u00fc\u00dfe und Intensit\u00e4t und wird viele Ihrer Gerichte bereichern.","robots":{"index":"index","follow":"follow","max-snippet":"max-snippet:-1","max-image-preview":"max-image-preview:large","max-video-preview":"max-video-preview:-1"},"canonical":"https:\/\/ellados-shop.com\/de\/laden\/griechische-olivenole\/balsamico-essig-mit-honig-250-ml\/","og_locale":"de_DE","og_type":"article","og_title":"Balsamico-Essig mit Honig - 250 ml - Ellados","og_description":"Lassen Sie sich von diesem au\u00dfergew\u00f6hnlichen Balsamico-Essig mit Honig verzaubern. Er bietet ein perfektes Gleichgewicht zwischen S\u00fc\u00dfe und Intensit\u00e4t und wird viele Ihrer Gerichte bereichern.","og_url":"https:\/\/ellados-shop.com\/de\/laden\/griechische-olivenole\/balsamico-essig-mit-honig-250-ml\/","og_site_name":"Ellados","article_modified_time":"2024-12-27T15:12:50+00:00","og_image":[{"width":450,"height":450,"url":"https:\/\/ellados-shop.com\/wp-content\/uploads\/Vinaigre-Balsamique-Miel.png","type":"image\/png"}],"twitter_card":"summary_large_image","twitter_misc":{"Gesch\u00e4tzte Lesezeit":"1\u00a0Minute"},"schema":{"@context":"https:\/\/schema.org","@graph":[{"@type":"WebPage","@id":"https:\/\/ellados-shop.com\/de\/laden\/griechische-olivenole\/balsamico-essig-mit-honig-250-ml\/","url":"https:\/\/ellados-shop.com\/de\/laden\/griechische-olivenole\/balsamico-essig-mit-honig-250-ml\/","name":"Balsamico-Essig mit Honig - 250 ml - Ellados","isPartOf":{"@id":"https:\/\/ellados-shop.com\/de\/#website"},"primaryImageOfPage":{"@id":"https:\/\/ellados-shop.com\/de\/laden\/griechische-olivenole\/balsamico-essig-mit-honig-250-ml\/#primaryimage"},"image":{"@id":"https:\/\/ellados-shop.com\/de\/laden\/griechische-olivenole\/balsamico-essig-mit-honig-250-ml\/#primaryimage"},"thumbnailUrl":"https:\/\/ellados-shop.com\/wp-content\/uploads\/Vinaigre-Balsamique-Miel.png","datePublished":"2024-09-23T14:31:52+00:00","dateModified":"2024-12-27T15:12:50+00:00","description":"Lassen Sie sich von diesem au\u00dfergew\u00f6hnlichen Balsamico-Essig mit Honig verzaubern. Er bietet ein perfektes Gleichgewicht zwischen S\u00fc\u00dfe und Intensit\u00e4t und wird viele Ihrer Gerichte bereichern.","breadcrumb":{"@id":"https:\/\/ellados-shop.com\/de\/laden\/griechische-olivenole\/balsamico-essig-mit-honig-250-ml\/#breadcrumb"},"inLanguage":"de","potentialAction":[{"@type":"ReadAction","target":["https:\/\/ellados-shop.com\/de\/laden\/griechische-olivenole\/balsamico-essig-mit-honig-250-ml\/"]}]},{"@type":"ImageObject","inLanguage":"de","@id":"https:\/\/ellados-shop.com\/de\/laden\/griechische-olivenole\/balsamico-essig-mit-honig-250-ml\/#primaryimage","url":"https:\/\/ellados-shop.com\/wp-content\/uploads\/Vinaigre-Balsamique-Miel.png","contentUrl":"https:\/\/ellados-shop.com\/wp-content\/uploads\/Vinaigre-Balsamique-Miel.png","width":450,"height":450,"caption":"Vinaigre balsamique au miel"},{"@type":"BreadcrumbList","@id":"https:\/\/ellados-shop.com\/de\/laden\/griechische-olivenole\/balsamico-essig-mit-honig-250-ml\/#breadcrumb","itemListElement":[{"@type":"ListItem","position":1,"name":"Accueil","item":"https:\/\/ellados-shop.com\/de\/accueil-v2\/"},{"@type":"ListItem","position":2,"name":"Boutique","item":"https:\/\/ellados-shop.com\/boutique\/"},{"@type":"ListItem","position":3,"name":"Balsamico-Essig mit Honig &#8211; 250 ml"}]},{"@type":"WebSite","@id":"https:\/\/ellados-shop.com\/de\/#website","url":"https:\/\/ellados-shop.com\/de\/","name":"Ellados","description":"","potentialAction":[{"@type":"SearchAction","target":{"@type":"EntryPoint","urlTemplate":"https:\/\/ellados-shop.com\/de\/?s={search_term_string}"},"query-input":{"@type":"PropertyValueSpecification","valueRequired":true,"valueName":"search_term_string"}}],"inLanguage":"de"}]}},"_links":{"self":[{"href":"https:\/\/ellados-shop.com\/de\/wp-json\/wp\/v2\/product\/5156","targetHints":{"allow":["GET"]}}],"collection":[{"href":"https:\/\/ellados-shop.com\/de\/wp-json\/wp\/v2\/product"}],"about":[{"href":"https:\/\/ellados-shop.com\/de\/wp-json\/wp\/v2\/types\/product"}],"replies":[{"embeddable":true,"href":"https:\/\/ellados-shop.com\/de\/wp-json\/wp\/v2\/comments?post=5156"}],"wp:featuredmedia":[{"embeddable":true,"href":"https:\/\/ellados-shop.com\/de\/wp-json\/wp\/v2\/media\/5697"}],"wp:attachment":[{"href":"https:\/\/ellados-shop.com\/de\/wp-json\/wp\/v2\/media?parent=5156"}],"wp:term":[{"taxonomy":"product_brand","embeddable":true,"href":"https:\/\/ellados-shop.com\/de\/wp-json\/wp\/v2\/product_brand?post=5156"},{"taxonomy":"product_cat","embeddable":true,"href":"https:\/\/ellados-shop.com\/de\/wp-json\/wp\/v2\/product_cat?post=5156"},{"taxonomy":"product_tag","embeddable":true,"href":"https:\/\/ellados-shop.com\/de\/wp-json\/wp\/v2\/product_tag?post=5156"}],"curies":[{"name":"wp","href":"https:\/\/api.w.org\/{rel}","templated":true}]}}