{"id":5157,"date":"2024-09-23T15:53:05","date_gmt":"2024-09-23T13:53:05","guid":{"rendered":"https:\/\/ellados-shop.com\/unkategorisiert\/zitronenperlen-50-ml\/"},"modified":"2025-12-15T14:32:24","modified_gmt":"2025-12-15T13:32:24","slug":"zitronenperlen-50-ml","status":"publish","type":"product","link":"https:\/\/ellados-shop.com\/de\/laden\/griechische-olivenole\/zitronenperlen-50-ml\/","title":{"rendered":"Zitronenperlen &#8211; 50 ml"},"content":{"rendered":"<p>Die Eleganz einer Geschmacksexplosion. Entdecken Sie ein <strong>rares und au\u00dfergew\u00f6hnliches Produkt<\/strong> mit diesen <strong>Zitronenperlen <\/strong>aus dem Hause PAPADEAS. Handwerklich in Griechenland hergestellt, enthalten diese zarten kleinen Kugeln einen raffinierten Zitronenessig, der bei jedem Bissen eine Explosion von s\u00e4uerlichen und frischen Aromen bietet. Dank ihrer einzigartigen Textur und ihrer eleganten Pr\u00e4sentation verleihen diese Perlen Ihren Gerichten eine gastronomische Note. Ideal f\u00fcr Liebhaber kreativer K\u00fcche, k\u00f6nnen die <strong>Zitronenperlen<\/strong> sowohl zur Dekoration als auch zum W\u00fcrzen verwendet werden. Sie verfeinern Ihre Salate, Meeresfr\u00fcchte, Carpaccio oder gegrilltes Gem\u00fcse, indem sie eine subtile und raffinierte S\u00e4urenote hinzuf\u00fcgen. Diese Perlen k\u00f6nnen auch verwendet werden, um Ihren Desserts, wie Obstsalaten oder leichten Geb\u00e4ckst\u00fccken, eine frische Note zu verleihen.       <strong>In wenigen Worten, die Zitronenperlen sind:<\/strong><\/p>\n<ul>\n<li>Seltenes und innovatives Produkt<\/li>\n<li>Handwerkliche Herstellung in Griechenland durch das Haus PAPADEAS<\/li>\n<li>Frischer, s\u00e4uerlicher Geschmack<\/li>\n<li>Ideal f\u00fcr die gastronomische und kreative K\u00fcche.<\/li>\n<li>Nat\u00fcrliche Zutaten, ohne Farbstoffe und Konservierungsmittel.<\/li>\n<\/ul>\n<p> Diese Essigperlen sind nicht nur ein Genuss f\u00fcr den Gaumen, sondern auch ein visuelles Erlebnis, das Ihre G\u00e4ste begeistern wird. Machen Sie jede Mahlzeit zu einem au\u00dfergew\u00f6hnlichen Moment mit diesem seltenen und luxuri\u00f6sen Produkt. <\/p>\n","protected":false},"excerpt":{"rendered":"<p>Verlieben Sie sich in <strong>Perlen mit Zitrone. Originell und innovativ,  <\/strong>Sie verleihen vielen Ihrer Gerichte eine subtile S\u00e4urenote. Sie sind auch perfekt, um Desserts wie Obstsalate, Sorbets oder leichte Geb\u00e4ckst\u00fccke zu <strong>dekorieren<\/strong> und zu verfeinern. <\/p>\n","protected":false},"featured_media":5670,"comment_status":"closed","ping_status":"closed","template":"","meta":[],"product_brand":[],"product_cat":[68,88],"product_tag":[],"class_list":{"0":"post-5157","1":"product","2":"type-product","3":"status-publish","4":"has-post-thumbnail","6":"product_cat-laden","7":"product_cat-griechische-olivenole","9":"first","10":"outofstock","11":"taxable","12":"shipping-taxable","13":"purchasable","14":"product-type-simple"},"yoast_head":"<!-- This site is optimized with the Yoast SEO plugin v26.8 - https:\/\/yoast.com\/product\/yoast-seo-wordpress\/ -->\n<title>Zitronenperlen - 50 ml - Ellados<\/title>\n<meta name=\"description\" content=\"Originell und innovativ verleihen die Zitronenperlen vielen Ihrer Gerichte eine subtile S\u00e4urenote. Genie\u00dfen Sie sie ohne Einschr\u00e4nkung!\" \/>\n<meta name=\"robots\" content=\"index, follow, max-snippet:-1, max-image-preview:large, max-video-preview:-1\" \/>\n<link rel=\"canonical\" href=\"https:\/\/ellados-shop.com\/de\/laden\/griechische-olivenole\/zitronenperlen-50-ml\/\" \/>\n<meta property=\"og:locale\" content=\"de_DE\" \/>\n<meta property=\"og:type\" content=\"article\" \/>\n<meta property=\"og:title\" content=\"Zitronenperlen - 50 ml - Ellados\" \/>\n<meta property=\"og:description\" content=\"Originell und innovativ verleihen die Zitronenperlen vielen Ihrer Gerichte eine subtile S\u00e4urenote. Genie\u00dfen Sie sie ohne Einschr\u00e4nkung!\" \/>\n<meta property=\"og:url\" content=\"https:\/\/ellados-shop.com\/de\/laden\/griechische-olivenole\/zitronenperlen-50-ml\/\" \/>\n<meta property=\"og:site_name\" content=\"Ellados\" \/>\n<meta property=\"article:modified_time\" content=\"2025-12-15T13:32:24+00:00\" \/>\n<meta property=\"og:image\" content=\"https:\/\/ellados-shop.com\/wp-content\/uploads\/perles-vinaigre-citron.png\" \/>\n\t<meta property=\"og:image:width\" content=\"450\" \/>\n\t<meta property=\"og:image:height\" content=\"450\" \/>\n\t<meta property=\"og:image:type\" content=\"image\/png\" \/>\n<meta name=\"twitter:card\" content=\"summary_large_image\" \/>\n<meta name=\"twitter:label1\" content=\"Gesch\u00e4tzte Lesezeit\" \/>\n\t<meta name=\"twitter:data1\" content=\"1\u00a0Minute\" \/>\n<script type=\"application\/ld+json\" class=\"yoast-schema-graph\">{\"@context\":\"https:\/\/schema.org\",\"@graph\":[{\"@type\":\"WebPage\",\"@id\":\"https:\/\/ellados-shop.com\/de\/laden\/griechische-olivenole\/zitronenperlen-50-ml\/\",\"url\":\"https:\/\/ellados-shop.com\/de\/laden\/griechische-olivenole\/zitronenperlen-50-ml\/\",\"name\":\"Zitronenperlen - 50 ml - Ellados\",\"isPartOf\":{\"@id\":\"https:\/\/ellados-shop.com\/de\/#website\"},\"primaryImageOfPage\":{\"@id\":\"https:\/\/ellados-shop.com\/de\/laden\/griechische-olivenole\/zitronenperlen-50-ml\/#primaryimage\"},\"image\":{\"@id\":\"https:\/\/ellados-shop.com\/de\/laden\/griechische-olivenole\/zitronenperlen-50-ml\/#primaryimage\"},\"thumbnailUrl\":\"https:\/\/ellados-shop.com\/wp-content\/uploads\/perles-vinaigre-citron.png\",\"datePublished\":\"2024-09-23T13:53:05+00:00\",\"dateModified\":\"2025-12-15T13:32:24+00:00\",\"description\":\"Originell und innovativ verleihen die Zitronenperlen vielen Ihrer Gerichte eine subtile S\u00e4urenote. Genie\u00dfen Sie sie ohne Einschr\u00e4nkung!\",\"breadcrumb\":{\"@id\":\"https:\/\/ellados-shop.com\/de\/laden\/griechische-olivenole\/zitronenperlen-50-ml\/#breadcrumb\"},\"inLanguage\":\"de\",\"potentialAction\":[{\"@type\":\"ReadAction\",\"target\":[\"https:\/\/ellados-shop.com\/de\/laden\/griechische-olivenole\/zitronenperlen-50-ml\/\"]}]},{\"@type\":\"ImageObject\",\"inLanguage\":\"de\",\"@id\":\"https:\/\/ellados-shop.com\/de\/laden\/griechische-olivenole\/zitronenperlen-50-ml\/#primaryimage\",\"url\":\"https:\/\/ellados-shop.com\/wp-content\/uploads\/perles-vinaigre-citron.png\",\"contentUrl\":\"https:\/\/ellados-shop.com\/wp-content\/uploads\/perles-vinaigre-citron.png\",\"width\":450,\"height\":450,\"caption\":\"Perles vinaigre citron\"},{\"@type\":\"BreadcrumbList\",\"@id\":\"https:\/\/ellados-shop.com\/de\/laden\/griechische-olivenole\/zitronenperlen-50-ml\/#breadcrumb\",\"itemListElement\":[{\"@type\":\"ListItem\",\"position\":1,\"name\":\"Accueil\",\"item\":\"https:\/\/ellados-shop.com\/de\/accueil-v2\/\"},{\"@type\":\"ListItem\",\"position\":2,\"name\":\"Boutique\",\"item\":\"https:\/\/ellados-shop.com\/boutique\/\"},{\"@type\":\"ListItem\",\"position\":3,\"name\":\"Zitronenperlen &#8211; 50 ml\"}]},{\"@type\":\"WebSite\",\"@id\":\"https:\/\/ellados-shop.com\/de\/#website\",\"url\":\"https:\/\/ellados-shop.com\/de\/\",\"name\":\"Ellados\",\"description\":\"\",\"potentialAction\":[{\"@type\":\"SearchAction\",\"target\":{\"@type\":\"EntryPoint\",\"urlTemplate\":\"https:\/\/ellados-shop.com\/de\/?s={search_term_string}\"},\"query-input\":{\"@type\":\"PropertyValueSpecification\",\"valueRequired\":true,\"valueName\":\"search_term_string\"}}],\"inLanguage\":\"de\"}]}<\/script>\n<!-- \/ Yoast SEO plugin. -->","yoast_head_json":{"title":"Zitronenperlen - 50 ml - Ellados","description":"Originell und innovativ verleihen die Zitronenperlen vielen Ihrer Gerichte eine subtile S\u00e4urenote. Genie\u00dfen Sie sie ohne Einschr\u00e4nkung!","robots":{"index":"index","follow":"follow","max-snippet":"max-snippet:-1","max-image-preview":"max-image-preview:large","max-video-preview":"max-video-preview:-1"},"canonical":"https:\/\/ellados-shop.com\/de\/laden\/griechische-olivenole\/zitronenperlen-50-ml\/","og_locale":"de_DE","og_type":"article","og_title":"Zitronenperlen - 50 ml - Ellados","og_description":"Originell und innovativ verleihen die Zitronenperlen vielen Ihrer Gerichte eine subtile S\u00e4urenote. Genie\u00dfen Sie sie ohne Einschr\u00e4nkung!","og_url":"https:\/\/ellados-shop.com\/de\/laden\/griechische-olivenole\/zitronenperlen-50-ml\/","og_site_name":"Ellados","article_modified_time":"2025-12-15T13:32:24+00:00","og_image":[{"width":450,"height":450,"url":"https:\/\/ellados-shop.com\/wp-content\/uploads\/perles-vinaigre-citron.png","type":"image\/png"}],"twitter_card":"summary_large_image","twitter_misc":{"Gesch\u00e4tzte Lesezeit":"1\u00a0Minute"},"schema":{"@context":"https:\/\/schema.org","@graph":[{"@type":"WebPage","@id":"https:\/\/ellados-shop.com\/de\/laden\/griechische-olivenole\/zitronenperlen-50-ml\/","url":"https:\/\/ellados-shop.com\/de\/laden\/griechische-olivenole\/zitronenperlen-50-ml\/","name":"Zitronenperlen - 50 ml - Ellados","isPartOf":{"@id":"https:\/\/ellados-shop.com\/de\/#website"},"primaryImageOfPage":{"@id":"https:\/\/ellados-shop.com\/de\/laden\/griechische-olivenole\/zitronenperlen-50-ml\/#primaryimage"},"image":{"@id":"https:\/\/ellados-shop.com\/de\/laden\/griechische-olivenole\/zitronenperlen-50-ml\/#primaryimage"},"thumbnailUrl":"https:\/\/ellados-shop.com\/wp-content\/uploads\/perles-vinaigre-citron.png","datePublished":"2024-09-23T13:53:05+00:00","dateModified":"2025-12-15T13:32:24+00:00","description":"Originell und innovativ verleihen die Zitronenperlen vielen Ihrer Gerichte eine subtile S\u00e4urenote. Genie\u00dfen Sie sie ohne Einschr\u00e4nkung!","breadcrumb":{"@id":"https:\/\/ellados-shop.com\/de\/laden\/griechische-olivenole\/zitronenperlen-50-ml\/#breadcrumb"},"inLanguage":"de","potentialAction":[{"@type":"ReadAction","target":["https:\/\/ellados-shop.com\/de\/laden\/griechische-olivenole\/zitronenperlen-50-ml\/"]}]},{"@type":"ImageObject","inLanguage":"de","@id":"https:\/\/ellados-shop.com\/de\/laden\/griechische-olivenole\/zitronenperlen-50-ml\/#primaryimage","url":"https:\/\/ellados-shop.com\/wp-content\/uploads\/perles-vinaigre-citron.png","contentUrl":"https:\/\/ellados-shop.com\/wp-content\/uploads\/perles-vinaigre-citron.png","width":450,"height":450,"caption":"Perles vinaigre citron"},{"@type":"BreadcrumbList","@id":"https:\/\/ellados-shop.com\/de\/laden\/griechische-olivenole\/zitronenperlen-50-ml\/#breadcrumb","itemListElement":[{"@type":"ListItem","position":1,"name":"Accueil","item":"https:\/\/ellados-shop.com\/de\/accueil-v2\/"},{"@type":"ListItem","position":2,"name":"Boutique","item":"https:\/\/ellados-shop.com\/boutique\/"},{"@type":"ListItem","position":3,"name":"Zitronenperlen &#8211; 50 ml"}]},{"@type":"WebSite","@id":"https:\/\/ellados-shop.com\/de\/#website","url":"https:\/\/ellados-shop.com\/de\/","name":"Ellados","description":"","potentialAction":[{"@type":"SearchAction","target":{"@type":"EntryPoint","urlTemplate":"https:\/\/ellados-shop.com\/de\/?s={search_term_string}"},"query-input":{"@type":"PropertyValueSpecification","valueRequired":true,"valueName":"search_term_string"}}],"inLanguage":"de"}]}},"_links":{"self":[{"href":"https:\/\/ellados-shop.com\/de\/wp-json\/wp\/v2\/product\/5157","targetHints":{"allow":["GET"]}}],"collection":[{"href":"https:\/\/ellados-shop.com\/de\/wp-json\/wp\/v2\/product"}],"about":[{"href":"https:\/\/ellados-shop.com\/de\/wp-json\/wp\/v2\/types\/product"}],"replies":[{"embeddable":true,"href":"https:\/\/ellados-shop.com\/de\/wp-json\/wp\/v2\/comments?post=5157"}],"wp:featuredmedia":[{"embeddable":true,"href":"https:\/\/ellados-shop.com\/de\/wp-json\/wp\/v2\/media\/5670"}],"wp:attachment":[{"href":"https:\/\/ellados-shop.com\/de\/wp-json\/wp\/v2\/media?parent=5157"}],"wp:term":[{"taxonomy":"product_brand","embeddable":true,"href":"https:\/\/ellados-shop.com\/de\/wp-json\/wp\/v2\/product_brand?post=5157"},{"taxonomy":"product_cat","embeddable":true,"href":"https:\/\/ellados-shop.com\/de\/wp-json\/wp\/v2\/product_cat?post=5157"},{"taxonomy":"product_tag","embeddable":true,"href":"https:\/\/ellados-shop.com\/de\/wp-json\/wp\/v2\/product_tag?post=5157"}],"curies":[{"name":"wp","href":"https:\/\/api.w.org\/{rel}","templated":true}]}}